{"id":2546,"date":"2023-02-27T13:39:35","date_gmt":"2023-02-27T13:39:35","guid":{"rendered":"https:\/\/projekt.vombat.ee\/eco\/?post_type=product&#038;p=2546"},"modified":"2024-01-20T04:02:34","modified_gmt":"2024-01-20T04:02:34","slug":"engwe-engine-x","status":"publish","type":"product","link":"https:\/\/projekt.vombat.ee\/eco\/pood\/brandid\/engwe\/engwe-engine-x\/","title":{"rendered":"Engwe Engine X, Elektriratas 100 km"},"content":{"rendered":"<h1>Engwe Engine X<\/h1>\n<p>&#8211; Suurus: 175*57*123cm<br \/>\n&#8211; Pikendatud pikkus: 1750 mm<br \/>\n&#8211; Kokkupandud pikkus: 1040 mm<br \/>\n&#8211; P\u00f5randahoidik (madalaim): 1230 mm<br \/>\n&#8211; P\u00f5randahaare (\u00fclemine): 1300 mm<br \/>\n&#8211; Istme k\u00f5rgus p\u00f5randast (madalaim): 860 mm<br \/>\n&#8211; Istme k\u00f5rgus p\u00f5randast (k\u00f5rgeim): 1080 mm<br \/>\n&#8211; Pedaalid p\u00f5randani (madalaimad): 120 mm<br \/>\n&#8211; Tera laius: 570 mm<br \/>\n&#8211; juhtraud istme vahel: 515 mm<br \/>\n&#8211; istme pikkus: 260 mm<br \/>\n&#8211; Istme laius: 200 mm<br \/>\n&#8211; Tagumise panipaiga pikkus: 343 mm<br \/>\n&#8211; Tagumise panipaiga laius: 175 mm<br \/>\n&#8211; Aku suurus: 417*57*113mm<br \/>\n&#8211; Karbi m\u00f5\u00f5dud: 1430*300*700mm<br \/>\n&#8211; ratta kaal: 31,6 kg<br \/>\n&#8211; pakendi kaal: 38,5 kg<br \/>\n&#8211; V\u00f5imas 250 W mootor<br \/>\n&#8211; Maastikurasvrehvid 20&#215;4,0<br \/>\n&#8211; Kokkupandav 3-astmeline alumiiniumraam<br \/>\n&#8211; Eemaldatav 48V 13Ah liitiumaku (\u00fclemine mahub 16Ah)<br \/>\n&#8211; Ees ja taga Mehaanilised ketaspidurid<br \/>\n&#8211; LCD ekraan<br \/>\n&#8211; 7-k\u00e4iguline s\u00fcsteem<br \/>\n&#8211; M\u00e4rkus: x mootoril ei ole energia taaskasutamise funktsiooni<\/p>\n<p>&nbsp;<\/p>\n<h3>Info<\/h3>\n<p>K\u00e4ikude arv 7<br \/>\nPidurite mehaaniline ketas<br \/>\nSisemine k\u00e4iguvahetaja (jaotur)<br \/>\nAmortisaator ees ja taga<br \/>\nTaaslaetav liitiumioonaku<br \/>\nElektriline juhi rummu<br \/>\nMootori v\u00f5imsus 250 W<br \/>\nMaksimaalne koormus 150 kg<br \/>\nTootmisaasta 2022<br \/>\nLisavarustusrack, poritiivad, arvesti, valgustus, tugijalg<br \/>\nV\u00e4rv: Punane<\/p>\n","protected":false},"excerpt":{"rendered":"<p>Engwe Engine X kokkupandav paksu maastikurehvidega elektriratas sobib ideaalselt maastikul ja linnas s\u00f5itmiseks. Maksimaalne kiirus 25 km\/h. 250W mootor, mille toiteallikaks on 48V 13AH liitiumaku, v\u00f5imaldab t\u00e4ieliku laadimisega s\u00f5ita abire\u017eiimis kuni 100 km. Parim hind ja kvaliteet oma klassis.<\/p>\n<ul>\n<li>Laadimisaeg: 5 tundi<\/li>\n<li>Maksimaalne koormus: 150 kg<\/li>\n<li>Tippkiirus: 25 km\/h<\/li>\n<li>Liitiumaku: 48V 13Ah<\/li>\n<li>S\u00f5iduulatus: 50-60km (elektrireziim), 90-100km(pedaalireziim)<\/li>\n<\/ul>\n<p>&nbsp;<\/p>\n<p><strong>\u2666 Tarneaeg 3-8 p\u00e4eva<\/strong><br \/>\n<strong>\u2666 Laos<\/strong><\/p>\n","protected":false},"featured_media":5551,"template":"","meta":[],"product_cat":[52,907,56],"product_tag":[],"class_list":{"0":"post-2546","1":"product","2":"type-product","3":"status-publish","4":"has-post-thumbnail","6":"product_cat-elektrirattad","7":"product_cat-kokkupandavad-rattad","8":"product_cat-engwe","9":"product_shipping_class-suured-pakid","11":"first","12":"instock","13":"sale","14":"taxable","15":"shipping-taxable","16":"purchasable","17":"product-type-variable"},"yoast_head":"<!-- This site is optimized with the Yoast SEO plugin v23.8 - https:\/\/yoast.com\/wordpress\/plugins\/seo\/ -->\n<title>Engwe Engine X, Elektriratas 100 km - Ecocruiser<\/title>\n<meta name=\"description\" content=\"Engwe Engine X kokkupandav paksu maastikurehvidega elektriratas sobib ideaalselt maastikul ja linnas s\u00f5itmiseks. Maksimaalne kiirus 25 km\/h. 250W mootor, mille toiteallikaks on 48V 13AH liitiumaku, v\u00f5imaldab t\u00e4ieliku laadimisega s\u00f5ita abire\u017eiimis kuni 100 km. Parim hind ja kvaliteet oma klassis.\" \/>\n<meta name=\"robots\" content=\"noindex, follow, max-snippet:-1, max-image-preview:large, max-video-preview:-1\" \/>\n<meta property=\"og:locale\" content=\"en_GB\" \/>\n<meta property=\"og:type\" content=\"article\" \/>\n<meta property=\"og:title\" content=\"Engwe Engine X, Elektriratas 100 km - Ecocruiser\" \/>\n<meta property=\"og:description\" content=\"Engwe Engine X kokkupandav paksu maastikurehvidega elektriratas sobib ideaalselt maastikul ja linnas s\u00f5itmiseks. Maksimaalne kiirus 25 km\/h. 250W mootor, mille toiteallikaks on 48V 13AH liitiumaku, v\u00f5imaldab t\u00e4ieliku laadimisega s\u00f5ita abire\u017eiimis kuni 100 km. Parim hind ja kvaliteet oma klassis.\" \/>\n<meta property=\"og:url\" content=\"https:\/\/projekt.vombat.ee\/eco\/pood\/brandid\/engwe\/engwe-engine-x\/\" \/>\n<meta property=\"og:site_name\" content=\"Ecocruiser\" \/>\n<meta property=\"article:modified_time\" content=\"2024-01-20T04:02:34+00:00\" \/>\n<meta property=\"og:image\" content=\"https:\/\/projekt.vombat.ee\/eco\/wp-content\/uploads\/2023\/03\/Engwe-Engine-X-scaled.webp\" \/>\n\t<meta property=\"og:image:width\" content=\"1838\" \/>\n\t<meta property=\"og:image:height\" content=\"2560\" \/>\n\t<meta property=\"og:image:type\" content=\"image\/webp\" \/>\n<meta name=\"twitter:card\" content=\"summary_large_image\" \/>\n<meta name=\"twitter:label1\" content=\"Estimated reading time\" \/>\n\t<meta name=\"twitter:data1\" content=\"1 minute\" \/>\n<script type=\"application\/ld+json\" class=\"yoast-schema-graph\">{\"@context\":\"https:\/\/schema.org\",\"@graph\":[{\"@type\":\"WebPage\",\"@id\":\"https:\/\/projekt.vombat.ee\/eco\/pood\/brandid\/engwe\/engwe-engine-x\/\",\"url\":\"https:\/\/projekt.vombat.ee\/eco\/pood\/brandid\/engwe\/engwe-engine-x\/\",\"name\":\"Engwe Engine X, Elektriratas 100 km - Ecocruiser\",\"isPartOf\":{\"@id\":\"https:\/\/projekt.vombat.ee\/eco\/#website\"},\"primaryImageOfPage\":{\"@id\":\"https:\/\/projekt.vombat.ee\/eco\/pood\/brandid\/engwe\/engwe-engine-x\/#primaryimage\"},\"image\":{\"@id\":\"https:\/\/projekt.vombat.ee\/eco\/pood\/brandid\/engwe\/engwe-engine-x\/#primaryimage\"},\"thumbnailUrl\":\"https:\/\/projekt.vombat.ee\/eco\/wp-content\/uploads\/2023\/03\/Engwe-Engine-X-scaled.webp\",\"datePublished\":\"2023-02-27T13:39:35+00:00\",\"dateModified\":\"2024-01-20T04:02:34+00:00\",\"description\":\"Engwe Engine X kokkupandav paksu maastikurehvidega elektriratas sobib ideaalselt maastikul ja linnas s\u00f5itmiseks. Maksimaalne kiirus 25 km\/h. 250W mootor, mille toiteallikaks on 48V 13AH liitiumaku, v\u00f5imaldab t\u00e4ieliku laadimisega s\u00f5ita abire\u017eiimis kuni 100 km. Parim hind ja kvaliteet oma klassis.\",\"breadcrumb\":{\"@id\":\"https:\/\/projekt.vombat.ee\/eco\/pood\/brandid\/engwe\/engwe-engine-x\/#breadcrumb\"},\"inLanguage\":\"en-GB\",\"potentialAction\":[{\"@type\":\"ReadAction\",\"target\":[\"https:\/\/projekt.vombat.ee\/eco\/pood\/brandid\/engwe\/engwe-engine-x\/\"]}]},{\"@type\":\"ImageObject\",\"inLanguage\":\"en-GB\",\"@id\":\"https:\/\/projekt.vombat.ee\/eco\/pood\/brandid\/engwe\/engwe-engine-x\/#primaryimage\",\"url\":\"https:\/\/projekt.vombat.ee\/eco\/wp-content\/uploads\/2023\/03\/Engwe-Engine-X-scaled.webp\",\"contentUrl\":\"https:\/\/projekt.vombat.ee\/eco\/wp-content\/uploads\/2023\/03\/Engwe-Engine-X-scaled.webp\",\"width\":1838,\"height\":2560,\"caption\":\"Engwe Engine X\"},{\"@type\":\"BreadcrumbList\",\"@id\":\"https:\/\/projekt.vombat.ee\/eco\/pood\/brandid\/engwe\/engwe-engine-x\/#breadcrumb\",\"itemListElement\":[{\"@type\":\"ListItem\",\"position\":1,\"name\":\"Home\",\"item\":\"https:\/\/projekt.vombat.ee\/eco\/\"},{\"@type\":\"ListItem\",\"position\":2,\"name\":\"Pood\",\"item\":\"https:\/\/projekt.vombat.ee\/eco\/pood\/\"},{\"@type\":\"ListItem\",\"position\":3,\"name\":\"Engwe Engine X, Elektriratas 100 km\"}]},{\"@type\":\"WebSite\",\"@id\":\"https:\/\/projekt.vombat.ee\/eco\/#website\",\"url\":\"https:\/\/projekt.vombat.ee\/eco\/\",\"name\":\"Ecocruiser\",\"description\":\"\",\"publisher\":{\"@id\":\"https:\/\/projekt.vombat.ee\/eco\/#organization\"},\"potentialAction\":[{\"@type\":\"SearchAction\",\"target\":{\"@type\":\"EntryPoint\",\"urlTemplate\":\"https:\/\/projekt.vombat.ee\/eco\/?s={search_term_string}\"},\"query-input\":{\"@type\":\"PropertyValueSpecification\",\"valueRequired\":true,\"valueName\":\"search_term_string\"}}],\"inLanguage\":\"en-GB\"},{\"@type\":\"Organization\",\"@id\":\"https:\/\/projekt.vombat.ee\/eco\/#organization\",\"name\":\"Ecocruiser\",\"url\":\"https:\/\/projekt.vombat.ee\/eco\/\",\"logo\":{\"@type\":\"ImageObject\",\"inLanguage\":\"en-GB\",\"@id\":\"https:\/\/projekt.vombat.ee\/eco\/#\/schema\/logo\/image\/\",\"url\":\"https:\/\/projekt.vombat.ee\/eco\/wp-content\/uploads\/2023\/03\/ECOCRUISER_5.png\",\"contentUrl\":\"https:\/\/projekt.vombat.ee\/eco\/wp-content\/uploads\/2023\/03\/ECOCRUISER_5.png\",\"width\":234,\"height\":91,\"caption\":\"Ecocruiser\"},\"image\":{\"@id\":\"https:\/\/projekt.vombat.ee\/eco\/#\/schema\/logo\/image\/\"}}]}<\/script>\n<!-- \/ Yoast SEO plugin. -->","yoast_head_json":{"title":"Engwe Engine X, Elektriratas 100 km - Ecocruiser","description":"Engwe Engine X kokkupandav paksu maastikurehvidega elektriratas sobib ideaalselt maastikul ja linnas s\u00f5itmiseks. Maksimaalne kiirus 25 km\/h. 250W mootor, mille toiteallikaks on 48V 13AH liitiumaku, v\u00f5imaldab t\u00e4ieliku laadimisega s\u00f5ita abire\u017eiimis kuni 100 km. Parim hind ja kvaliteet oma klassis.","robots":{"index":"noindex","follow":"follow","max-snippet":"max-snippet:-1","max-image-preview":"max-image-preview:large","max-video-preview":"max-video-preview:-1"},"og_locale":"en_GB","og_type":"article","og_title":"Engwe Engine X, Elektriratas 100 km - Ecocruiser","og_description":"Engwe Engine X kokkupandav paksu maastikurehvidega elektriratas sobib ideaalselt maastikul ja linnas s\u00f5itmiseks. Maksimaalne kiirus 25 km\/h. 250W mootor, mille toiteallikaks on 48V 13AH liitiumaku, v\u00f5imaldab t\u00e4ieliku laadimisega s\u00f5ita abire\u017eiimis kuni 100 km. Parim hind ja kvaliteet oma klassis.","og_url":"https:\/\/projekt.vombat.ee\/eco\/pood\/brandid\/engwe\/engwe-engine-x\/","og_site_name":"Ecocruiser","article_modified_time":"2024-01-20T04:02:34+00:00","og_image":[{"width":1838,"height":2560,"url":"https:\/\/projekt.vombat.ee\/eco\/wp-content\/uploads\/2023\/03\/Engwe-Engine-X-scaled.webp","type":"image\/webp"}],"twitter_card":"summary_large_image","twitter_misc":{"Estimated reading time":"1 minute"},"schema":{"@context":"https:\/\/schema.org","@graph":[{"@type":"WebPage","@id":"https:\/\/projekt.vombat.ee\/eco\/pood\/brandid\/engwe\/engwe-engine-x\/","url":"https:\/\/projekt.vombat.ee\/eco\/pood\/brandid\/engwe\/engwe-engine-x\/","name":"Engwe Engine X, Elektriratas 100 km - Ecocruiser","isPartOf":{"@id":"https:\/\/projekt.vombat.ee\/eco\/#website"},"primaryImageOfPage":{"@id":"https:\/\/projekt.vombat.ee\/eco\/pood\/brandid\/engwe\/engwe-engine-x\/#primaryimage"},"image":{"@id":"https:\/\/projekt.vombat.ee\/eco\/pood\/brandid\/engwe\/engwe-engine-x\/#primaryimage"},"thumbnailUrl":"https:\/\/projekt.vombat.ee\/eco\/wp-content\/uploads\/2023\/03\/Engwe-Engine-X-scaled.webp","datePublished":"2023-02-27T13:39:35+00:00","dateModified":"2024-01-20T04:02:34+00:00","description":"Engwe Engine X kokkupandav paksu maastikurehvidega elektriratas sobib ideaalselt maastikul ja linnas s\u00f5itmiseks. Maksimaalne kiirus 25 km\/h. 250W mootor, mille toiteallikaks on 48V 13AH liitiumaku, v\u00f5imaldab t\u00e4ieliku laadimisega s\u00f5ita abire\u017eiimis kuni 100 km. Parim hind ja kvaliteet oma klassis.","breadcrumb":{"@id":"https:\/\/projekt.vombat.ee\/eco\/pood\/brandid\/engwe\/engwe-engine-x\/#breadcrumb"},"inLanguage":"en-GB","potentialAction":[{"@type":"ReadAction","target":["https:\/\/projekt.vombat.ee\/eco\/pood\/brandid\/engwe\/engwe-engine-x\/"]}]},{"@type":"ImageObject","inLanguage":"en-GB","@id":"https:\/\/projekt.vombat.ee\/eco\/pood\/brandid\/engwe\/engwe-engine-x\/#primaryimage","url":"https:\/\/projekt.vombat.ee\/eco\/wp-content\/uploads\/2023\/03\/Engwe-Engine-X-scaled.webp","contentUrl":"https:\/\/projekt.vombat.ee\/eco\/wp-content\/uploads\/2023\/03\/Engwe-Engine-X-scaled.webp","width":1838,"height":2560,"caption":"Engwe Engine X"},{"@type":"BreadcrumbList","@id":"https:\/\/projekt.vombat.ee\/eco\/pood\/brandid\/engwe\/engwe-engine-x\/#breadcrumb","itemListElement":[{"@type":"ListItem","position":1,"name":"Home","item":"https:\/\/projekt.vombat.ee\/eco\/"},{"@type":"ListItem","position":2,"name":"Pood","item":"https:\/\/projekt.vombat.ee\/eco\/pood\/"},{"@type":"ListItem","position":3,"name":"Engwe Engine X, Elektriratas 100 km"}]},{"@type":"WebSite","@id":"https:\/\/projekt.vombat.ee\/eco\/#website","url":"https:\/\/projekt.vombat.ee\/eco\/","name":"Ecocruiser","description":"","publisher":{"@id":"https:\/\/projekt.vombat.ee\/eco\/#organization"},"potentialAction":[{"@type":"SearchAction","target":{"@type":"EntryPoint","urlTemplate":"https:\/\/projekt.vombat.ee\/eco\/?s={search_term_string}"},"query-input":{"@type":"PropertyValueSpecification","valueRequired":true,"valueName":"search_term_string"}}],"inLanguage":"en-GB"},{"@type":"Organization","@id":"https:\/\/projekt.vombat.ee\/eco\/#organization","name":"Ecocruiser","url":"https:\/\/projekt.vombat.ee\/eco\/","logo":{"@type":"ImageObject","inLanguage":"en-GB","@id":"https:\/\/projekt.vombat.ee\/eco\/#\/schema\/logo\/image\/","url":"https:\/\/projekt.vombat.ee\/eco\/wp-content\/uploads\/2023\/03\/ECOCRUISER_5.png","contentUrl":"https:\/\/projekt.vombat.ee\/eco\/wp-content\/uploads\/2023\/03\/ECOCRUISER_5.png","width":234,"height":91,"caption":"Ecocruiser"},"image":{"@id":"https:\/\/projekt.vombat.ee\/eco\/#\/schema\/logo\/image\/"}}]}},"lang":"et","translations":{"et":2546,"ru":5153,"fi":8480},"pll_sync_post":[],"_links":{"self":[{"href":"https:\/\/projekt.vombat.ee\/eco\/wp-json\/wp\/v2\/product\/2546"}],"collection":[{"href":"https:\/\/projekt.vombat.ee\/eco\/wp-json\/wp\/v2\/product"}],"about":[{"href":"https:\/\/projekt.vombat.ee\/eco\/wp-json\/wp\/v2\/types\/product"}],"version-history":[{"count":7,"href":"https:\/\/projekt.vombat.ee\/eco\/wp-json\/wp\/v2\/product\/2546\/revisions"}],"predecessor-version":[{"id":13472,"href":"https:\/\/projekt.vombat.ee\/eco\/wp-json\/wp\/v2\/product\/2546\/revisions\/13472"}],"wp:featuredmedia":[{"embeddable":true,"href":"https:\/\/projekt.vombat.ee\/eco\/wp-json\/wp\/v2\/media\/5551"}],"wp:attachment":[{"href":"https:\/\/projekt.vombat.ee\/eco\/wp-json\/wp\/v2\/media?parent=2546"}],"wp:term":[{"taxonomy":"product_cat","embeddable":true,"href":"https:\/\/projekt.vombat.ee\/eco\/wp-json\/wp\/v2\/product_cat?post=2546"},{"taxonomy":"product_tag","embeddable":true,"href":"https:\/\/projekt.vombat.ee\/eco\/wp-json\/wp\/v2\/product_tag?post=2546"}],"curies":[{"name":"wp","href":"https:\/\/api.w.org\/{rel}","templated":true}]}}