{"id":2513,"date":"2023-02-23T19:53:24","date_gmt":"2023-02-23T19:53:24","guid":{"rendered":"https:\/\/projekt.vombat.ee\/eco\/?post_type=product&#038;p=2513"},"modified":"2024-07-23T06:48:42","modified_gmt":"2024-07-23T06:48:42","slug":"kugoo-kirin-m4-pro-elektriline-toukeratas","status":"publish","type":"product","link":"https:\/\/projekt.vombat.ee\/eco\/pood\/elektritoukerattad\/voimsad-toukerattad\/kugoo-kirin-m4-pro-elektriline-toukeratas\/","title":{"rendered":"Kugoo Kirin M4 Pro elektriline t\u00f5ukeratas, 70km"},"content":{"rendered":"<h1>KUGOO KIRIN M4 PRO ELEKTRILINE T\u00d5UKERATAS<\/h1>\n<p>Kugoo Kirin M4 Pro on \u00fcks populaarsemaid Kugoo br\u00e4ndi esindajaid. M4 seeria t\u00f5ukerattad on ideaalne valik neile, kes otsivad parima hinna-kvaliteedi suhtega t\u00f5ukeratast. T\u00f5ukeratas, mis on piisavalt v\u00f5imas ilma, et kaotaks oma s\u00f5idumugavust. Lisaks tehnilisele poolele teeb selle t\u00f5ukeratta veidi erilisemaks reguleeritava k\u00f5rgusega lenks,<\/p>\n<p>Antud mudel on varustatud <strong>48V\/18Ah\/864Wh<\/strong> liitiumakuga, mis on v\u00f5imeline l\u00e4bi s\u00f5itma \u00fche laadimisega kuni 70km. Lisaks v\u00f5imsusele on t\u00f5ukeratas ka \u00fclimalt kompaktne. Seda on v\u00f5imalik kokku voltida ca 1-2 minutiga ning kokku voldituna mahub ta ideaalselt igasuguse auto pagasnikusse. Elektrit\u00f5ukeratta kandmiseks kokku murdmata asendis on seisuteki tagaossa paigaldatud toru kujuline konstruktsioon, millest on tassimisel v\u00e4ga mugav kinni v\u00f5tta. Samuti toimib see konstruktsioon v\u00e4ga h\u00e4sti ka jalatoena s\u00f5itmisel. Kugoo M4 Pro elektrit\u00f5ukeratas on varustatud\u00a0<strong>500W<\/strong>\u00a0BLDC elektrimootoriga.<img fetchpriority=\"high\" decoding=\"async\" class=\"wp-image-7300 aligncenter\" src=\"https:\/\/www.xn--tuksimaailm-ffb.ee\/wp-content\/uploads\/2021\/12\/m4-pro-8a-300x148.png\" sizes=\"(max-width: 681px) 100vw, 681px\" srcset=\"https:\/\/www.xn--tuksimaailm-ffb.ee\/wp-content\/uploads\/2021\/12\/m4-pro-8a-300x148.png 300w, https:\/\/www.xn--tuksimaailm-ffb.ee\/wp-content\/uploads\/2021\/12\/m4-pro-8a-768x378.png 768w, https:\/\/www.xn--tuksimaailm-ffb.ee\/wp-content\/uploads\/2021\/12\/m4-pro-8a-609x300.png 609w, https:\/\/www.xn--tuksimaailm-ffb.ee\/wp-content\/uploads\/2021\/12\/m4-pro-8a-611x300.png 611w, https:\/\/www.xn--tuksimaailm-ffb.ee\/wp-content\/uploads\/2021\/12\/m4-pro-8a-600x295.png 600w, https:\/\/www.xn--tuksimaailm-ffb.ee\/wp-content\/uploads\/2021\/12\/m4-pro-8a.png 928w\" alt=\"kugoo m4 pro elektrit\u00f5ukeratas elektriline t\u00f5ukeratas elektrit\u00f5ukerattad\" width=\"681\" height=\"336\" \/><\/p>\n<h3>Info<\/h3>\n<p>Kiirusre\u017eiim: 3<br \/>\nMax kiirus: 25km\/h<br \/>\nMaksimaalne s\u00f5iduulatus: 70 km<br \/>\nRonimisv\u00f5ime: 15\u00b0<br \/>\nMax Koormus: 150 kg<\/p>\n<p>Mootori t\u00fc\u00fcp: DC harjadeta mootor<br \/>\nNimiv\u00f5imsus: 500W<br \/>\nAku t\u00fc\u00fcp: 18650 liitiumaku<br \/>\nAku mahutavus: 18Ah<br \/>\nNimipinge: 48V<br \/>\nLaadimisaeg: 8 tundi<\/p>\n<p>Piduri t\u00fc\u00fcp: ketaspidur<br \/>\nRehvi suurus: 10 tolli<br \/>\nPedaali laius: 22 cm<\/p>\n<p>Toote kaal: 22,6 kg<br \/>\nToote suurus (P x L x K): 119 x 60 x 112 cm<\/p>\n<p><strong>NB!<\/strong> Elektrit\u00f5ukerattaga s\u00f5ites soovitame alati kanda <a href=\"https:\/\/projekt.vombat.ee\/eco\/ecocruiser\/lisavarustus\/kiivrid\/\">kiivrit<\/a>. Alla 16 aastase kergliikuri jaoks on elektrit\u00f5uksiga s\u00f5idu ajal kiivri kandmine\u00a0<a href=\"https:\/\/www.riigiteataja.ee\/akt\/113112020001\">seaduse<\/a>\u00a0j\u00e4rgi kohustuslik<\/p>\n","protected":false},"excerpt":{"rendered":"<p><strong>KUGOO KIRIN M4 PRO ELEKTRILINE T\u00d5UKERATAS<\/strong><\/p>\n<ul>\n<li><strong>Mootor<\/strong>:500W<\/li>\n<li><strong>Aku<\/strong>: 48V 18AH<\/li>\n<li><strong>Kandev\u00f5ime<\/strong>: 150KG<\/li>\n<li><strong>Max kiirus<\/strong>: 25KM\/H<\/li>\n<li><strong>S\u00f5iduulatus<\/strong>: 70KM<\/li>\n<li><strong>Laadimisaeg<\/strong>: 8H<\/li>\n<li><strong>T\u00f5usunurk:<\/strong> 15 \u00b0.<\/li>\n<li><strong>Rehvid:<\/strong> 10&#8243; \u00f5hkrehvid<\/li>\n<li><strong>Kaasas iste<\/strong><\/li>\n<\/ul>\n<p><strong>\u2666 Garantii 2 aastat<br \/>\n<\/strong><strong>\u2666 J\u00e4reltellimisel<\/strong><\/p>\n","protected":false},"featured_media":5621,"template":"","meta":[],"product_cat":[1381,53,911,59],"product_tag":[],"class_list":{"0":"post-2513","1":"product","2":"type-product","3":"status-publish","4":"has-post-thumbnail","6":"product_cat-top-5-populaarsemat-elektritoukeratast","7":"product_cat-elektritoukerattad","8":"product_cat-voimsad-toukerattad","9":"product_cat-kugoo-elektritoukerattad","10":"product_shipping_class-suured-pakid","12":"first","13":"instock","14":"sale","15":"taxable","16":"shipping-taxable","17":"purchasable","18":"product-type-simple"},"yoast_head":"<!-- This site is optimized with the Yoast SEO plugin v23.8 - https:\/\/yoast.com\/wordpress\/plugins\/seo\/ -->\n<title>Kugoo Kirin M4 Pro elektriline t\u00f5ukeratas, 70km - Ecocruiser<\/title>\n<meta name=\"description\" content=\"Kugoo Kirin M4 Pro elektriline t\u00f5ukeratas, 70km - Kvaliteetsed br\u00e4ndid, lai valik - Ecocruiser.ee - K\u00fcsimuste korral v\u00f5ta \u00fchendust info@projekt.vombat.ee\" \/>\n<meta name=\"robots\" content=\"noindex, follow, max-snippet:-1, max-image-preview:large, max-video-preview:-1\" \/>\n<meta property=\"og:locale\" content=\"en_GB\" \/>\n<meta property=\"og:type\" content=\"article\" \/>\n<meta property=\"og:title\" content=\"Kugoo Kirin M4 Pro elektriline t\u00f5ukeratas, 70km - Ecocruiser\" \/>\n<meta property=\"og:description\" content=\"Kugoo Kirin M4 Pro elektriline t\u00f5ukeratas, 70km - Kvaliteetsed br\u00e4ndid, lai valik - Ecocruiser.ee - K\u00fcsimuste korral v\u00f5ta \u00fchendust info@projekt.vombat.ee\" \/>\n<meta property=\"og:url\" content=\"https:\/\/projekt.vombat.ee\/eco\/pood\/elektritoukerattad\/voimsad-toukerattad\/kugoo-kirin-m4-pro-elektriline-toukeratas\/\" \/>\n<meta property=\"og:site_name\" content=\"Ecocruiser\" \/>\n<meta property=\"article:modified_time\" content=\"2024-07-23T06:48:42+00:00\" \/>\n<meta property=\"og:image\" content=\"https:\/\/projekt.vombat.ee\/eco\/wp-content\/uploads\/2023\/03\/Kugoo-Kirin-M4-Pro.png\" \/>\n\t<meta property=\"og:image:width\" content=\"939\" \/>\n\t<meta property=\"og:image:height\" content=\"909\" \/>\n\t<meta property=\"og:image:type\" content=\"image\/png\" \/>\n<meta name=\"twitter:card\" content=\"summary_large_image\" \/>\n<meta name=\"twitter:label1\" content=\"Estimated reading time\" \/>\n\t<meta name=\"twitter:data1\" content=\"2 minutes\" \/>\n<script type=\"application\/ld+json\" class=\"yoast-schema-graph\">{\"@context\":\"https:\/\/schema.org\",\"@graph\":[{\"@type\":\"WebPage\",\"@id\":\"https:\/\/projekt.vombat.ee\/eco\/pood\/elektritoukerattad\/voimsad-toukerattad\/kugoo-kirin-m4-pro-elektriline-toukeratas\/\",\"url\":\"https:\/\/projekt.vombat.ee\/eco\/pood\/elektritoukerattad\/voimsad-toukerattad\/kugoo-kirin-m4-pro-elektriline-toukeratas\/\",\"name\":\"Kugoo Kirin M4 Pro elektriline t\u00f5ukeratas, 70km - Ecocruiser\",\"isPartOf\":{\"@id\":\"https:\/\/projekt.vombat.ee\/eco\/#website\"},\"primaryImageOfPage\":{\"@id\":\"https:\/\/projekt.vombat.ee\/eco\/pood\/elektritoukerattad\/voimsad-toukerattad\/kugoo-kirin-m4-pro-elektriline-toukeratas\/#primaryimage\"},\"image\":{\"@id\":\"https:\/\/projekt.vombat.ee\/eco\/pood\/elektritoukerattad\/voimsad-toukerattad\/kugoo-kirin-m4-pro-elektriline-toukeratas\/#primaryimage\"},\"thumbnailUrl\":\"https:\/\/projekt.vombat.ee\/eco\/wp-content\/uploads\/2023\/03\/Kugoo-Kirin-M4-Pro.png\",\"datePublished\":\"2023-02-23T19:53:24+00:00\",\"dateModified\":\"2024-07-23T06:48:42+00:00\",\"description\":\"Kugoo Kirin M4 Pro elektriline t\u00f5ukeratas, 70km - Kvaliteetsed br\u00e4ndid, lai valik - Ecocruiser.ee - K\u00fcsimuste korral v\u00f5ta \u00fchendust info@projekt.vombat.ee\",\"breadcrumb\":{\"@id\":\"https:\/\/projekt.vombat.ee\/eco\/pood\/elektritoukerattad\/voimsad-toukerattad\/kugoo-kirin-m4-pro-elektriline-toukeratas\/#breadcrumb\"},\"inLanguage\":\"en-GB\",\"potentialAction\":[{\"@type\":\"ReadAction\",\"target\":[\"https:\/\/projekt.vombat.ee\/eco\/pood\/elektritoukerattad\/voimsad-toukerattad\/kugoo-kirin-m4-pro-elektriline-toukeratas\/\"]}]},{\"@type\":\"ImageObject\",\"inLanguage\":\"en-GB\",\"@id\":\"https:\/\/projekt.vombat.ee\/eco\/pood\/elektritoukerattad\/voimsad-toukerattad\/kugoo-kirin-m4-pro-elektriline-toukeratas\/#primaryimage\",\"url\":\"https:\/\/projekt.vombat.ee\/eco\/wp-content\/uploads\/2023\/03\/Kugoo-Kirin-M4-Pro.png\",\"contentUrl\":\"https:\/\/projekt.vombat.ee\/eco\/wp-content\/uploads\/2023\/03\/Kugoo-Kirin-M4-Pro.png\",\"width\":939,\"height\":909,\"caption\":\"Kugoo Kirin M4 Pro\"},{\"@type\":\"BreadcrumbList\",\"@id\":\"https:\/\/projekt.vombat.ee\/eco\/pood\/elektritoukerattad\/voimsad-toukerattad\/kugoo-kirin-m4-pro-elektriline-toukeratas\/#breadcrumb\",\"itemListElement\":[{\"@type\":\"ListItem\",\"position\":1,\"name\":\"Home\",\"item\":\"https:\/\/projekt.vombat.ee\/eco\/\"},{\"@type\":\"ListItem\",\"position\":2,\"name\":\"Pood\",\"item\":\"https:\/\/projekt.vombat.ee\/eco\/pood\/\"},{\"@type\":\"ListItem\",\"position\":3,\"name\":\"Kugoo Kirin M4 Pro elektriline t\u00f5ukeratas, 70km\"}]},{\"@type\":\"WebSite\",\"@id\":\"https:\/\/projekt.vombat.ee\/eco\/#website\",\"url\":\"https:\/\/projekt.vombat.ee\/eco\/\",\"name\":\"Ecocruiser\",\"description\":\"\",\"publisher\":{\"@id\":\"https:\/\/projekt.vombat.ee\/eco\/#organization\"},\"potentialAction\":[{\"@type\":\"SearchAction\",\"target\":{\"@type\":\"EntryPoint\",\"urlTemplate\":\"https:\/\/projekt.vombat.ee\/eco\/?s={search_term_string}\"},\"query-input\":{\"@type\":\"PropertyValueSpecification\",\"valueRequired\":true,\"valueName\":\"search_term_string\"}}],\"inLanguage\":\"en-GB\"},{\"@type\":\"Organization\",\"@id\":\"https:\/\/projekt.vombat.ee\/eco\/#organization\",\"name\":\"Ecocruiser\",\"url\":\"https:\/\/projekt.vombat.ee\/eco\/\",\"logo\":{\"@type\":\"ImageObject\",\"inLanguage\":\"en-GB\",\"@id\":\"https:\/\/projekt.vombat.ee\/eco\/#\/schema\/logo\/image\/\",\"url\":\"https:\/\/projekt.vombat.ee\/eco\/wp-content\/uploads\/2023\/03\/ECOCRUISER_5.png\",\"contentUrl\":\"https:\/\/projekt.vombat.ee\/eco\/wp-content\/uploads\/2023\/03\/ECOCRUISER_5.png\",\"width\":234,\"height\":91,\"caption\":\"Ecocruiser\"},\"image\":{\"@id\":\"https:\/\/projekt.vombat.ee\/eco\/#\/schema\/logo\/image\/\"}}]}<\/script>\n<!-- \/ Yoast SEO plugin. -->","yoast_head_json":{"title":"Kugoo Kirin M4 Pro elektriline t\u00f5ukeratas, 70km - Ecocruiser","description":"Kugoo Kirin M4 Pro elektriline t\u00f5ukeratas, 70km - Kvaliteetsed br\u00e4ndid, lai valik - Ecocruiser.ee - K\u00fcsimuste korral v\u00f5ta \u00fchendust info@projekt.vombat.ee","robots":{"index":"noindex","follow":"follow","max-snippet":"max-snippet:-1","max-image-preview":"max-image-preview:large","max-video-preview":"max-video-preview:-1"},"og_locale":"en_GB","og_type":"article","og_title":"Kugoo Kirin M4 Pro elektriline t\u00f5ukeratas, 70km - Ecocruiser","og_description":"Kugoo Kirin M4 Pro elektriline t\u00f5ukeratas, 70km - Kvaliteetsed br\u00e4ndid, lai valik - Ecocruiser.ee - K\u00fcsimuste korral v\u00f5ta \u00fchendust info@projekt.vombat.ee","og_url":"https:\/\/projekt.vombat.ee\/eco\/pood\/elektritoukerattad\/voimsad-toukerattad\/kugoo-kirin-m4-pro-elektriline-toukeratas\/","og_site_name":"Ecocruiser","article_modified_time":"2024-07-23T06:48:42+00:00","og_image":[{"width":939,"height":909,"url":"https:\/\/projekt.vombat.ee\/eco\/wp-content\/uploads\/2023\/03\/Kugoo-Kirin-M4-Pro.png","type":"image\/png"}],"twitter_card":"summary_large_image","twitter_misc":{"Estimated reading time":"2 minutes"},"schema":{"@context":"https:\/\/schema.org","@graph":[{"@type":"WebPage","@id":"https:\/\/projekt.vombat.ee\/eco\/pood\/elektritoukerattad\/voimsad-toukerattad\/kugoo-kirin-m4-pro-elektriline-toukeratas\/","url":"https:\/\/projekt.vombat.ee\/eco\/pood\/elektritoukerattad\/voimsad-toukerattad\/kugoo-kirin-m4-pro-elektriline-toukeratas\/","name":"Kugoo Kirin M4 Pro elektriline t\u00f5ukeratas, 70km - Ecocruiser","isPartOf":{"@id":"https:\/\/projekt.vombat.ee\/eco\/#website"},"primaryImageOfPage":{"@id":"https:\/\/projekt.vombat.ee\/eco\/pood\/elektritoukerattad\/voimsad-toukerattad\/kugoo-kirin-m4-pro-elektriline-toukeratas\/#primaryimage"},"image":{"@id":"https:\/\/projekt.vombat.ee\/eco\/pood\/elektritoukerattad\/voimsad-toukerattad\/kugoo-kirin-m4-pro-elektriline-toukeratas\/#primaryimage"},"thumbnailUrl":"https:\/\/projekt.vombat.ee\/eco\/wp-content\/uploads\/2023\/03\/Kugoo-Kirin-M4-Pro.png","datePublished":"2023-02-23T19:53:24+00:00","dateModified":"2024-07-23T06:48:42+00:00","description":"Kugoo Kirin M4 Pro elektriline t\u00f5ukeratas, 70km - Kvaliteetsed br\u00e4ndid, lai valik - Ecocruiser.ee - K\u00fcsimuste korral v\u00f5ta \u00fchendust info@projekt.vombat.ee","breadcrumb":{"@id":"https:\/\/projekt.vombat.ee\/eco\/pood\/elektritoukerattad\/voimsad-toukerattad\/kugoo-kirin-m4-pro-elektriline-toukeratas\/#breadcrumb"},"inLanguage":"en-GB","potentialAction":[{"@type":"ReadAction","target":["https:\/\/projekt.vombat.ee\/eco\/pood\/elektritoukerattad\/voimsad-toukerattad\/kugoo-kirin-m4-pro-elektriline-toukeratas\/"]}]},{"@type":"ImageObject","inLanguage":"en-GB","@id":"https:\/\/projekt.vombat.ee\/eco\/pood\/elektritoukerattad\/voimsad-toukerattad\/kugoo-kirin-m4-pro-elektriline-toukeratas\/#primaryimage","url":"https:\/\/projekt.vombat.ee\/eco\/wp-content\/uploads\/2023\/03\/Kugoo-Kirin-M4-Pro.png","contentUrl":"https:\/\/projekt.vombat.ee\/eco\/wp-content\/uploads\/2023\/03\/Kugoo-Kirin-M4-Pro.png","width":939,"height":909,"caption":"Kugoo Kirin M4 Pro"},{"@type":"BreadcrumbList","@id":"https:\/\/projekt.vombat.ee\/eco\/pood\/elektritoukerattad\/voimsad-toukerattad\/kugoo-kirin-m4-pro-elektriline-toukeratas\/#breadcrumb","itemListElement":[{"@type":"ListItem","position":1,"name":"Home","item":"https:\/\/projekt.vombat.ee\/eco\/"},{"@type":"ListItem","position":2,"name":"Pood","item":"https:\/\/projekt.vombat.ee\/eco\/pood\/"},{"@type":"ListItem","position":3,"name":"Kugoo Kirin M4 Pro elektriline t\u00f5ukeratas, 70km"}]},{"@type":"WebSite","@id":"https:\/\/projekt.vombat.ee\/eco\/#website","url":"https:\/\/projekt.vombat.ee\/eco\/","name":"Ecocruiser","description":"","publisher":{"@id":"https:\/\/projekt.vombat.ee\/eco\/#organization"},"potentialAction":[{"@type":"SearchAction","target":{"@type":"EntryPoint","urlTemplate":"https:\/\/projekt.vombat.ee\/eco\/?s={search_term_string}"},"query-input":{"@type":"PropertyValueSpecification","valueRequired":true,"valueName":"search_term_string"}}],"inLanguage":"en-GB"},{"@type":"Organization","@id":"https:\/\/projekt.vombat.ee\/eco\/#organization","name":"Ecocruiser","url":"https:\/\/projekt.vombat.ee\/eco\/","logo":{"@type":"ImageObject","inLanguage":"en-GB","@id":"https:\/\/projekt.vombat.ee\/eco\/#\/schema\/logo\/image\/","url":"https:\/\/projekt.vombat.ee\/eco\/wp-content\/uploads\/2023\/03\/ECOCRUISER_5.png","contentUrl":"https:\/\/projekt.vombat.ee\/eco\/wp-content\/uploads\/2023\/03\/ECOCRUISER_5.png","width":234,"height":91,"caption":"Ecocruiser"},"image":{"@id":"https:\/\/projekt.vombat.ee\/eco\/#\/schema\/logo\/image\/"}}]}},"lang":"et","translations":{"et":2513,"ru":5274,"fi":8337,"lv":10874,"en":15943,"fr":16971},"pll_sync_post":[],"_links":{"self":[{"href":"https:\/\/projekt.vombat.ee\/eco\/wp-json\/wp\/v2\/product\/2513"}],"collection":[{"href":"https:\/\/projekt.vombat.ee\/eco\/wp-json\/wp\/v2\/product"}],"about":[{"href":"https:\/\/projekt.vombat.ee\/eco\/wp-json\/wp\/v2\/types\/product"}],"version-history":[{"count":13,"href":"https:\/\/projekt.vombat.ee\/eco\/wp-json\/wp\/v2\/product\/2513\/revisions"}],"predecessor-version":[{"id":20756,"href":"https:\/\/projekt.vombat.ee\/eco\/wp-json\/wp\/v2\/product\/2513\/revisions\/20756"}],"wp:featuredmedia":[{"embeddable":true,"href":"https:\/\/projekt.vombat.ee\/eco\/wp-json\/wp\/v2\/media\/5621"}],"wp:attachment":[{"href":"https:\/\/projekt.vombat.ee\/eco\/wp-json\/wp\/v2\/media?parent=2513"}],"wp:term":[{"taxonomy":"product_cat","embeddable":true,"href":"https:\/\/projekt.vombat.ee\/eco\/wp-json\/wp\/v2\/product_cat?post=2513"},{"taxonomy":"product_tag","embeddable":true,"href":"https:\/\/projekt.vombat.ee\/eco\/wp-json\/wp\/v2\/product_tag?post=2513"}],"curies":[{"name":"wp","href":"https:\/\/api.w.org\/{rel}","templated":true}]}}