{"id":2464,"date":"2023-02-23T18:04:38","date_gmt":"2023-02-23T18:04:38","guid":{"rendered":"https:\/\/projekt.vombat.ee\/eco\/?post_type=product&#038;p=2464"},"modified":"2023-05-28T10:56:22","modified_gmt":"2023-05-28T10:56:22","slug":"nanrobot-d4-3-0-elektriline-toukeratas-sinine","status":"publish","type":"product","link":"https:\/\/projekt.vombat.ee\/eco\/pood\/brandid\/nanrobot\/nanrobot-d4-3-0-elektriline-toukeratas-sinine\/","title":{"rendered":"Nanrobot D4+ 3.0 elektriline t\u00f5ukeratas, sinine"},"content":{"rendered":"<div class=\"container\">\n<div class=\"row mb__50\">\n<div class=\"col-md-12\">\n<p><iframe title=\"YouTube video player\" src=\"https:\/\/www.youtube.com\/embed\/2y7ecgpuGeo\" width=\"1520\" height=\"545\" frameborder=\"0\" allowfullscreen=\"allowfullscreen\" data-mce-fragment=\"1\"><\/iframe><\/p>\n<h1>NANROBOT D4+ 3.0 ELEKTRILINE T\u00d5UKERATAS<\/h1>\n<p>Meil on hea meel tuua teie ette uhiuus Nanrobot D4+ 3.0! Tegemist on turul \u00fche uuenduslikuma, mitmek\u00fclgseima ja stiilseima t\u00f5ukerattaga. Tegemist on D4+ 2.0 j\u00e4reltulijaga, niiet kui sulle juba 2.0 meeldis, siis kindlasti tasub ka see j\u00e4rgi proovida.<\/p>\n<\/div>\n<\/div>\n<\/div>\n<div class=\"container\">\n<div class=\"row product_custom_info\">\n<div class=\"col-md-6 image-area order-md-1\"><img decoding=\"async\" src=\"https:\/\/cdn.shopify.com\/s\/files\/1\/0014\/0371\/5678\/files\/Nanrobot_D4_3.0_Blue_by_Noblex_Tech.jpg?v=1648817038\" \/><\/div>\n<div class=\"col-md-6 text-area order-md-2\">\n<h2>VAPUSTAV DISAIN<\/h2>\n<p>Lisaks kasutajamugavusele on Nanrobot D4+ 3.0 ka edeva ja silmapaistva v\u00e4limusega. T\u00f5ukeratast on saada kahes eri toonis &#8211; sinine\/must ja punane\/must. <img decoding=\"async\" src=\"https:\/\/cdn.shopify.com\/s\/files\/1\/0014\/0371\/5678\/files\/NANROBOT_D4_3.0_2.jpg?v=1663747388\" \/><\/p>\n<\/div>\n<\/div>\n<div class=\"row product_custom_info\">\n<div class=\"col-md-6 text-area order-md-1\">\n<h2>\u00dcLIMALT KOMPAKTNE<\/h2>\n<p>T\u00e4nu Nanroboti spetsiaalsele voltimismehhanismile piisab \u00fchest vajutusest, et muuta Teie t\u00f5ukeratas kompaktseks ja kaasaskantavaks. <img decoding=\"async\" src=\"https:\/\/cdn.shopify.com\/s\/files\/1\/0014\/0371\/5678\/files\/NANROBOT_D4_3.0.jpg?v=1663747388\" \/><\/p>\n<\/div>\n<\/div>\n<div class=\"row product_custom_info\">\n<div class=\"col-md-6 image-area order-md-2\"><img decoding=\"async\" src=\"https:\/\/cdn.shopify.com\/s\/files\/1\/0014\/0371\/5678\/files\/NANROBOT_D4_3.0_3.jpg?v=1663747387\" \/><\/div>\n<div class=\"col-md-6 text-area order-md-1\">\n<h2>TIPPTEHNOLOOGIA V\u00d5IMSUS<\/h2>\n<p>D4+ 3.0 t\u00f5ukeratas on varustatud v\u00f5imeka 52V 23Ah liitium-ioon akuga, mille s\u00f5iduulatus \u00fche laadimisega on kuni 60km. Elektrit\u00f5ukerattal on kaks laadimisporti, mis v\u00f5imaldavad aku t\u00e4is laadida 5-6 tunniga (kahe laadijaga). T\u00e4nu 10-tollistele maastikurehvidele ja t\u00e4iustatud amortisaatoritele saate erinevatel teedel ja maastikul s\u00f5ita turvaliselt ka suurematel kiirustel.<\/p>\n<\/div>\n<\/div>\n<\/div>\n","protected":false},"excerpt":{"rendered":"<p><strong>NANROBOT D4+ 3.0 ELEKTRILINE T\u00d5UKERATAS<\/strong><\/p>\n<ul>\n<li><strong>Aku<\/strong> \u2013 23.4Ah\/52V<\/li>\n<li><strong>Tippkiirus<\/strong> \u2013 65km\/h<\/li>\n<li><strong>S\u00f5iduulatus<\/strong> \u2013 60km<\/li>\n<li><strong>Laadimisaeg<\/strong> \u2013 6h 2 laadijaga, 12h \u00fche laadijaga<\/li>\n<li><strong>kandev\u00f5ime<\/strong> \u2013 120kg<\/li>\n<li><strong>Rehvid<\/strong> \u2013 10\u2033 \u00f5hkrehvid<\/li>\n<\/ul>\n","protected":false},"featured_media":5602,"template":"","meta":[],"product_cat":[53,911,58],"product_tag":[],"class_list":{"0":"post-2464","1":"product","2":"type-product","3":"status-publish","4":"has-post-thumbnail","6":"product_cat-elektritoukerattad","7":"product_cat-voimsad-toukerattad","8":"product_cat-nanrobot","9":"product_shipping_class-suured-pakid","11":"first","12":"instock","13":"taxable","14":"shipping-taxable","15":"purchasable","16":"product-type-simple"},"yoast_head":"<!-- This site is optimized with the Yoast SEO plugin v23.8 - https:\/\/yoast.com\/wordpress\/plugins\/seo\/ -->\n<title>Nanrobot D4+ 3.0 elektriline t\u00f5ukeratas, sinine - Ecocruiser<\/title>\n<meta name=\"description\" content=\"Nanrobot D4+ 3.0 elektriline t\u00f5ukeratas, sinine - Kvaliteetsed br\u00e4ndid, lai valik - Ecocruiser.ee - K\u00fcsimuste korral v\u00f5ta \u00fchendust info@projekt.vombat.ee\" \/>\n<meta name=\"robots\" content=\"noindex, follow, max-snippet:-1, max-image-preview:large, max-video-preview:-1\" \/>\n<meta property=\"og:locale\" content=\"en_GB\" \/>\n<meta property=\"og:type\" content=\"article\" \/>\n<meta property=\"og:title\" content=\"Nanrobot D4+ 3.0 elektriline t\u00f5ukeratas, sinine - Ecocruiser\" \/>\n<meta property=\"og:description\" content=\"Nanrobot D4+ 3.0 elektriline t\u00f5ukeratas, sinine - Kvaliteetsed br\u00e4ndid, lai valik - Ecocruiser.ee - K\u00fcsimuste korral v\u00f5ta \u00fchendust info@projekt.vombat.ee\" \/>\n<meta property=\"og:url\" content=\"https:\/\/projekt.vombat.ee\/eco\/pood\/brandid\/nanrobot\/nanrobot-d4-3-0-elektriline-toukeratas-sinine\/\" \/>\n<meta property=\"og:site_name\" content=\"Ecocruiser\" \/>\n<meta property=\"article:modified_time\" content=\"2023-05-28T10:56:22+00:00\" \/>\n<meta property=\"og:image\" content=\"https:\/\/projekt.vombat.ee\/eco\/wp-content\/uploads\/2023\/03\/Nanrobot-D4-3.0.png\" \/>\n\t<meta property=\"og:image:width\" content=\"2000\" \/>\n\t<meta property=\"og:image:height\" content=\"2000\" \/>\n\t<meta property=\"og:image:type\" content=\"image\/png\" \/>\n<meta name=\"twitter:card\" content=\"summary_large_image\" \/>\n<meta name=\"twitter:label1\" content=\"Estimated reading time\" \/>\n\t<meta name=\"twitter:data1\" content=\"2 minutes\" \/>\n<script type=\"application\/ld+json\" class=\"yoast-schema-graph\">{\"@context\":\"https:\/\/schema.org\",\"@graph\":[{\"@type\":\"WebPage\",\"@id\":\"https:\/\/projekt.vombat.ee\/eco\/pood\/brandid\/nanrobot\/nanrobot-d4-3-0-elektriline-toukeratas-sinine\/\",\"url\":\"https:\/\/projekt.vombat.ee\/eco\/pood\/brandid\/nanrobot\/nanrobot-d4-3-0-elektriline-toukeratas-sinine\/\",\"name\":\"Nanrobot D4+ 3.0 elektriline t\u00f5ukeratas, sinine - Ecocruiser\",\"isPartOf\":{\"@id\":\"https:\/\/projekt.vombat.ee\/eco\/#website\"},\"primaryImageOfPage\":{\"@id\":\"https:\/\/projekt.vombat.ee\/eco\/pood\/brandid\/nanrobot\/nanrobot-d4-3-0-elektriline-toukeratas-sinine\/#primaryimage\"},\"image\":{\"@id\":\"https:\/\/projekt.vombat.ee\/eco\/pood\/brandid\/nanrobot\/nanrobot-d4-3-0-elektriline-toukeratas-sinine\/#primaryimage\"},\"thumbnailUrl\":\"https:\/\/projekt.vombat.ee\/eco\/wp-content\/uploads\/2023\/03\/Nanrobot-D4-3.0.png\",\"datePublished\":\"2023-02-23T18:04:38+00:00\",\"dateModified\":\"2023-05-28T10:56:22+00:00\",\"description\":\"Nanrobot D4+ 3.0 elektriline t\u00f5ukeratas, sinine - Kvaliteetsed br\u00e4ndid, lai valik - Ecocruiser.ee - K\u00fcsimuste korral v\u00f5ta \u00fchendust info@projekt.vombat.ee\",\"breadcrumb\":{\"@id\":\"https:\/\/projekt.vombat.ee\/eco\/pood\/brandid\/nanrobot\/nanrobot-d4-3-0-elektriline-toukeratas-sinine\/#breadcrumb\"},\"inLanguage\":\"en-GB\",\"potentialAction\":[{\"@type\":\"ReadAction\",\"target\":[\"https:\/\/projekt.vombat.ee\/eco\/pood\/brandid\/nanrobot\/nanrobot-d4-3-0-elektriline-toukeratas-sinine\/\"]}]},{\"@type\":\"ImageObject\",\"inLanguage\":\"en-GB\",\"@id\":\"https:\/\/projekt.vombat.ee\/eco\/pood\/brandid\/nanrobot\/nanrobot-d4-3-0-elektriline-toukeratas-sinine\/#primaryimage\",\"url\":\"https:\/\/projekt.vombat.ee\/eco\/wp-content\/uploads\/2023\/03\/Nanrobot-D4-3.0.png\",\"contentUrl\":\"https:\/\/projekt.vombat.ee\/eco\/wp-content\/uploads\/2023\/03\/Nanrobot-D4-3.0.png\",\"width\":2000,\"height\":2000,\"caption\":\"Nanrobot D4+ 3.0\"},{\"@type\":\"BreadcrumbList\",\"@id\":\"https:\/\/projekt.vombat.ee\/eco\/pood\/brandid\/nanrobot\/nanrobot-d4-3-0-elektriline-toukeratas-sinine\/#breadcrumb\",\"itemListElement\":[{\"@type\":\"ListItem\",\"position\":1,\"name\":\"Home\",\"item\":\"https:\/\/projekt.vombat.ee\/eco\/\"},{\"@type\":\"ListItem\",\"position\":2,\"name\":\"Pood\",\"item\":\"https:\/\/projekt.vombat.ee\/eco\/pood\/\"},{\"@type\":\"ListItem\",\"position\":3,\"name\":\"Nanrobot D4+ 3.0 elektriline t\u00f5ukeratas, sinine\"}]},{\"@type\":\"WebSite\",\"@id\":\"https:\/\/projekt.vombat.ee\/eco\/#website\",\"url\":\"https:\/\/projekt.vombat.ee\/eco\/\",\"name\":\"Ecocruiser\",\"description\":\"\",\"publisher\":{\"@id\":\"https:\/\/projekt.vombat.ee\/eco\/#organization\"},\"potentialAction\":[{\"@type\":\"SearchAction\",\"target\":{\"@type\":\"EntryPoint\",\"urlTemplate\":\"https:\/\/projekt.vombat.ee\/eco\/?s={search_term_string}\"},\"query-input\":{\"@type\":\"PropertyValueSpecification\",\"valueRequired\":true,\"valueName\":\"search_term_string\"}}],\"inLanguage\":\"en-GB\"},{\"@type\":\"Organization\",\"@id\":\"https:\/\/projekt.vombat.ee\/eco\/#organization\",\"name\":\"Ecocruiser\",\"url\":\"https:\/\/projekt.vombat.ee\/eco\/\",\"logo\":{\"@type\":\"ImageObject\",\"inLanguage\":\"en-GB\",\"@id\":\"https:\/\/projekt.vombat.ee\/eco\/#\/schema\/logo\/image\/\",\"url\":\"https:\/\/projekt.vombat.ee\/eco\/wp-content\/uploads\/2023\/03\/ECOCRUISER_5.png\",\"contentUrl\":\"https:\/\/projekt.vombat.ee\/eco\/wp-content\/uploads\/2023\/03\/ECOCRUISER_5.png\",\"width\":234,\"height\":91,\"caption\":\"Ecocruiser\"},\"image\":{\"@id\":\"https:\/\/projekt.vombat.ee\/eco\/#\/schema\/logo\/image\/\"}}]}<\/script>\n<!-- \/ Yoast SEO plugin. -->","yoast_head_json":{"title":"Nanrobot D4+ 3.0 elektriline t\u00f5ukeratas, sinine - Ecocruiser","description":"Nanrobot D4+ 3.0 elektriline t\u00f5ukeratas, sinine - Kvaliteetsed br\u00e4ndid, lai valik - Ecocruiser.ee - K\u00fcsimuste korral v\u00f5ta \u00fchendust info@projekt.vombat.ee","robots":{"index":"noindex","follow":"follow","max-snippet":"max-snippet:-1","max-image-preview":"max-image-preview:large","max-video-preview":"max-video-preview:-1"},"og_locale":"en_GB","og_type":"article","og_title":"Nanrobot D4+ 3.0 elektriline t\u00f5ukeratas, sinine - Ecocruiser","og_description":"Nanrobot D4+ 3.0 elektriline t\u00f5ukeratas, sinine - Kvaliteetsed br\u00e4ndid, lai valik - Ecocruiser.ee - K\u00fcsimuste korral v\u00f5ta \u00fchendust info@projekt.vombat.ee","og_url":"https:\/\/projekt.vombat.ee\/eco\/pood\/brandid\/nanrobot\/nanrobot-d4-3-0-elektriline-toukeratas-sinine\/","og_site_name":"Ecocruiser","article_modified_time":"2023-05-28T10:56:22+00:00","og_image":[{"width":2000,"height":2000,"url":"https:\/\/projekt.vombat.ee\/eco\/wp-content\/uploads\/2023\/03\/Nanrobot-D4-3.0.png","type":"image\/png"}],"twitter_card":"summary_large_image","twitter_misc":{"Estimated reading time":"2 minutes"},"schema":{"@context":"https:\/\/schema.org","@graph":[{"@type":"WebPage","@id":"https:\/\/projekt.vombat.ee\/eco\/pood\/brandid\/nanrobot\/nanrobot-d4-3-0-elektriline-toukeratas-sinine\/","url":"https:\/\/projekt.vombat.ee\/eco\/pood\/brandid\/nanrobot\/nanrobot-d4-3-0-elektriline-toukeratas-sinine\/","name":"Nanrobot D4+ 3.0 elektriline t\u00f5ukeratas, sinine - Ecocruiser","isPartOf":{"@id":"https:\/\/projekt.vombat.ee\/eco\/#website"},"primaryImageOfPage":{"@id":"https:\/\/projekt.vombat.ee\/eco\/pood\/brandid\/nanrobot\/nanrobot-d4-3-0-elektriline-toukeratas-sinine\/#primaryimage"},"image":{"@id":"https:\/\/projekt.vombat.ee\/eco\/pood\/brandid\/nanrobot\/nanrobot-d4-3-0-elektriline-toukeratas-sinine\/#primaryimage"},"thumbnailUrl":"https:\/\/projekt.vombat.ee\/eco\/wp-content\/uploads\/2023\/03\/Nanrobot-D4-3.0.png","datePublished":"2023-02-23T18:04:38+00:00","dateModified":"2023-05-28T10:56:22+00:00","description":"Nanrobot D4+ 3.0 elektriline t\u00f5ukeratas, sinine - Kvaliteetsed br\u00e4ndid, lai valik - Ecocruiser.ee - K\u00fcsimuste korral v\u00f5ta \u00fchendust info@projekt.vombat.ee","breadcrumb":{"@id":"https:\/\/projekt.vombat.ee\/eco\/pood\/brandid\/nanrobot\/nanrobot-d4-3-0-elektriline-toukeratas-sinine\/#breadcrumb"},"inLanguage":"en-GB","potentialAction":[{"@type":"ReadAction","target":["https:\/\/projekt.vombat.ee\/eco\/pood\/brandid\/nanrobot\/nanrobot-d4-3-0-elektriline-toukeratas-sinine\/"]}]},{"@type":"ImageObject","inLanguage":"en-GB","@id":"https:\/\/projekt.vombat.ee\/eco\/pood\/brandid\/nanrobot\/nanrobot-d4-3-0-elektriline-toukeratas-sinine\/#primaryimage","url":"https:\/\/projekt.vombat.ee\/eco\/wp-content\/uploads\/2023\/03\/Nanrobot-D4-3.0.png","contentUrl":"https:\/\/projekt.vombat.ee\/eco\/wp-content\/uploads\/2023\/03\/Nanrobot-D4-3.0.png","width":2000,"height":2000,"caption":"Nanrobot D4+ 3.0"},{"@type":"BreadcrumbList","@id":"https:\/\/projekt.vombat.ee\/eco\/pood\/brandid\/nanrobot\/nanrobot-d4-3-0-elektriline-toukeratas-sinine\/#breadcrumb","itemListElement":[{"@type":"ListItem","position":1,"name":"Home","item":"https:\/\/projekt.vombat.ee\/eco\/"},{"@type":"ListItem","position":2,"name":"Pood","item":"https:\/\/projekt.vombat.ee\/eco\/pood\/"},{"@type":"ListItem","position":3,"name":"Nanrobot D4+ 3.0 elektriline t\u00f5ukeratas, sinine"}]},{"@type":"WebSite","@id":"https:\/\/projekt.vombat.ee\/eco\/#website","url":"https:\/\/projekt.vombat.ee\/eco\/","name":"Ecocruiser","description":"","publisher":{"@id":"https:\/\/projekt.vombat.ee\/eco\/#organization"},"potentialAction":[{"@type":"SearchAction","target":{"@type":"EntryPoint","urlTemplate":"https:\/\/projekt.vombat.ee\/eco\/?s={search_term_string}"},"query-input":{"@type":"PropertyValueSpecification","valueRequired":true,"valueName":"search_term_string"}}],"inLanguage":"en-GB"},{"@type":"Organization","@id":"https:\/\/projekt.vombat.ee\/eco\/#organization","name":"Ecocruiser","url":"https:\/\/projekt.vombat.ee\/eco\/","logo":{"@type":"ImageObject","inLanguage":"en-GB","@id":"https:\/\/projekt.vombat.ee\/eco\/#\/schema\/logo\/image\/","url":"https:\/\/projekt.vombat.ee\/eco\/wp-content\/uploads\/2023\/03\/ECOCRUISER_5.png","contentUrl":"https:\/\/projekt.vombat.ee\/eco\/wp-content\/uploads\/2023\/03\/ECOCRUISER_5.png","width":234,"height":91,"caption":"Ecocruiser"},"image":{"@id":"https:\/\/projekt.vombat.ee\/eco\/#\/schema\/logo\/image\/"}}]}},"lang":"et","translations":{"et":2464,"ru":5367,"fi":8368},"pll_sync_post":[],"_links":{"self":[{"href":"https:\/\/projekt.vombat.ee\/eco\/wp-json\/wp\/v2\/product\/2464"}],"collection":[{"href":"https:\/\/projekt.vombat.ee\/eco\/wp-json\/wp\/v2\/product"}],"about":[{"href":"https:\/\/projekt.vombat.ee\/eco\/wp-json\/wp\/v2\/types\/product"}],"version-history":[{"count":5,"href":"https:\/\/projekt.vombat.ee\/eco\/wp-json\/wp\/v2\/product\/2464\/revisions"}],"predecessor-version":[{"id":2478,"href":"https:\/\/projekt.vombat.ee\/eco\/wp-json\/wp\/v2\/product\/2464\/revisions\/2478"}],"wp:featuredmedia":[{"embeddable":true,"href":"https:\/\/projekt.vombat.ee\/eco\/wp-json\/wp\/v2\/media\/5602"}],"wp:attachment":[{"href":"https:\/\/projekt.vombat.ee\/eco\/wp-json\/wp\/v2\/media?parent=2464"}],"wp:term":[{"taxonomy":"product_cat","embeddable":true,"href":"https:\/\/projekt.vombat.ee\/eco\/wp-json\/wp\/v2\/product_cat?post=2464"},{"taxonomy":"product_tag","embeddable":true,"href":"https:\/\/projekt.vombat.ee\/eco\/wp-json\/wp\/v2\/product_tag?post=2464"}],"curies":[{"name":"wp","href":"https:\/\/api.w.org\/{rel}","templated":true}]}}