{"id":2394,"date":"2023-02-22T12:12:32","date_gmt":"2023-02-22T12:12:32","guid":{"rendered":"https:\/\/projekt.vombat.ee\/eco\/?post_type=product&#038;p=2394"},"modified":"2024-04-23T09:35:02","modified_gmt":"2024-04-23T09:35:02","slug":"akez-250w-elektriratas-2","status":"publish","type":"product","link":"https:\/\/projekt.vombat.ee\/eco\/pood\/brandid\/muud-brandid\/akez-250w-elektriratas-2\/","title":{"rendered":"AKEZ Z1 Elektriratas, 72 km"},"content":{"rendered":"<h3>AKEZ 250W<\/h3>\n<p>AKEZ 250W puhul on elektrirattal k\u00f5ik uusimad t\u00e4iendused. Suurep\u00e4rane v\u00f5imsus, suur aku, topeltketaspidurid, nutikas ekraan, ja Shimano 21-k\u00e4iku.<\/p>\n<h3>Eemaldatav Long Cruise liitiumaku<\/h3>\n<p>AKEZ 250W elektriratas on varustatud liitiumioonakuga 48V 13Ah, et tagada pikk eluiga ja k\u00f5rge j\u00f5udlus. Sellest tulenevalt on ratta s\u00f5iduulatus \u00fche laadimisega \u00fcle 56\u201372 km pedaaliabire\u017eiimis ja umbes 50 km puhtal elektritoitel. Veelgi enam, A+ klassi 18650 elemendi spetsifikatsioonidega liitiumaku, millel on piisavalt v\u00f5imsust, et s\u00f5ita edasi mis tahes edasi-tagasi reisiga. See on ka eemaldatav, et sees oleks lihtne laadida.<\/p>\n<p><img decoding=\"async\" src=\"https:\/\/akezebikes.com\/wp-content\/uploads\/2022\/10\/akez-e-bike-29inch-battery.jpg\" alt=\"akez e bike 29inch battery\" \/><\/p>\n<h3>V\u00f5imas mootor<\/h3>\n<p>Tugev ja t\u00f5hus v\u00f5imsus, mis suudab toota tippkiirust kuni 25 KM\/H (piirajaga). Lisaks v\u00f5imaldab selle maksimaalselt 250 W v\u00f5imas mootor t\u00f6\u00f6tada mitmek\u00fclgsel kiirusel ja abire\u017eiimil s\u00f5ita ringi ilma pingutuseta. Seega v\u00f5ite selle enesekindlalt kaasa v\u00f5tta igasse kohta, kuhu soovite minna, olgu selleks linn, m\u00e4gi v\u00f5i t\u00f6\u00f6le s\u00f5itmine. Elektriratas aitab kiiremini sihtkohta kohale j\u00f5uda.<\/p>\n<h3>K\u00f5rge tugevusega 6061 alumiiniumsulamist raam<\/h3>\n<p>29-tolline AKEZ 250W elektriratas kasutab raami jaoks \u00fclitugevat 6061 alumiiniumisulamit, mis pole mitte ainult kerge, vaid ka korrosioonikindel. Seega v\u00f5ib see anda jalgrattale v\u00f5rreldamatu vastupidavuse. Samal ajal v\u00f5imaldab 29-tollise AKEZ E-Bike&#8217;i eriti vastupidav ja ergonoomiline alumiiniumsulamist raam mugavalt pikki vahemaid s\u00f5ita.<\/p>\n<h3><img decoding=\"async\" src=\"https:\/\/akezebikes.com\/wp-content\/uploads\/2022\/10\/akez-electric-scooter-bike-29inch-frame.jpg\" alt=\"akez electric scooter bike 29inch frame\" \/><\/h3>\n<h3>Pidurid<\/h3>\n<p>Alumiiniumisulamist mugavad k\u00e4epidemed koos mootori v\u00e4ljal\u00fclitusl\u00fclitiga. See t\u00e4hendab, et mootor l\u00fclitatakse pidurdamisel samal ajal v\u00e4lja, muutes s\u00f5itmise ohutumaks.<\/p>\n<h3>Mehaanilised ketaspidurid<\/h3>\n<p>29-tollise AKEZ Electric Bike 250W esi- ja tagarattad on varustatud ketaspiduritega, mis pakuvad piisavat pidurdusj\u00f5udu ka k\u00f5ige karmimates tingimustes. Pakub t\u00e4iendavat enesekindlust ja kontrolli.<\/p>\n<h3>Shimano 21 kiirusega k\u00e4igukast<\/h3>\n<p>Shimano 21-k\u00e4igulise (eesmine 3-k\u00e4iguline, tagumine 7-k\u00e4iguline) k\u00e4igus\u00fcsteemiga saate \u00fcles- v\u00f5i allam\u00e4ge s\u00f5ites kasutada erinevaid k\u00e4ike. N\u00e4iteks v\u00f5ite \u00fclesm\u00e4ge s\u00f5itmiseks vahetada k\u00e4igu suuremale hammasrattale ja suurel kiirusel v\u00e4iksemale hammasrattale. Samal ajal saate koos pedaaliabis\u00fcsteemiga reguleerida reisi l\u00f5puleviimiseks sobivat kiirust. Lisaks kohanege karmide tingimustega ning kohanege kallakute, konaruste ja muude raskustega. M\u00e4kke ronimine v\u00f5i kiire s\u00f5it on imelihtne. Suurema p\u00f6\u00f6rdemomendi saamiseks vahetage k\u00e4ike h\u00f5lpsalt.<\/p>\n<p>&nbsp;<\/p>\n<h3>Info<\/h3>\n<p>Raami materjal: alumiiniumisulam<br \/>\nKaal 28 kg<br \/>\nToide: liitiumaku<br \/>\nRatta suurus: 29 tolli<br \/>\nPiduris\u00fcsteem: ketaspidur<br \/>\nP\u00f6\u00f6rdemoment: 50-60 Nm<br \/>\nAku maht: 13,4 Ah<br \/>\nRe\u017eiim: puhas elektrire\u017eiim, elektriline abire\u017eiim, s\u00f5idure\u017eiim<br \/>\nV\u00e4rv: Hall<\/p>\n","protected":false},"excerpt":{"rendered":"<ul>\n<li>S\u00f5iduulatus: 50 km t\u00e4iselektrilisel, 50-72 km pedaaliabire\u017eiimil<\/li>\n<li>Maksimaalne kiirus: 25 km\/h (piirajaga)<\/li>\n<li>Pinge: 48V<\/li>\n<li>Mootori v\u00f5imsus: 250W<\/li>\n<li>Laadimisaeg 5 h<\/li>\n<li>Maksimaalne koormus 150 kg<\/li>\n<\/ul>\n<p>\u2666\u00a0<strong>Tarneaeg 2-6 p\u00e4eva<\/strong><br \/>\n\u2666\u00a0<strong>Laos<\/strong><\/p>\n","protected":false},"featured_media":5586,"template":"","meta":[],"product_cat":[52,905,57],"product_tag":[],"class_list":{"0":"post-2394","1":"product","2":"type-product","3":"status-publish","4":"has-post-thumbnail","6":"product_cat-elektrirattad","7":"product_cat-maastikurattad","8":"product_cat-muud-brandid","9":"product_shipping_class-suured-pakid","11":"first","12":"instock","13":"taxable","14":"shipping-taxable","15":"purchasable","16":"product-type-simple"},"yoast_head":"<!-- This site is optimized with the Yoast SEO plugin v23.8 - https:\/\/yoast.com\/wordpress\/plugins\/seo\/ -->\n<title>AKEZ Z1 Elektriratas, 72 km - Ecocruiser<\/title>\n<meta name=\"description\" content=\"AKEZ 250W Elektriratas on ideaalne valik kui otsid v\u00f5imast elektriratast. Elektrirattal on k\u00f5ik uusimad t\u00e4iendused. Suurep\u00e4rane v\u00f5imsus, suur aku, topeltketaspidurid, nutikas ekraan, ja Shimano 21-k\u00e4iku.\" \/>\n<meta name=\"robots\" content=\"noindex, follow, max-snippet:-1, max-image-preview:large, max-video-preview:-1\" \/>\n<meta property=\"og:locale\" content=\"en_GB\" \/>\n<meta property=\"og:type\" content=\"article\" \/>\n<meta property=\"og:title\" content=\"AKEZ Z1 Elektriratas, 72 km - Ecocruiser\" \/>\n<meta property=\"og:description\" content=\"AKEZ 250W Elektriratas on ideaalne valik kui otsid v\u00f5imast elektriratast. Elektrirattal on k\u00f5ik uusimad t\u00e4iendused. Suurep\u00e4rane v\u00f5imsus, suur aku, topeltketaspidurid, nutikas ekraan, ja Shimano 21-k\u00e4iku.\" \/>\n<meta property=\"og:url\" content=\"https:\/\/projekt.vombat.ee\/eco\/pood\/brandid\/muud-brandid\/akez-250w-elektriratas-2\/\" \/>\n<meta property=\"og:site_name\" content=\"Ecocruiser\" \/>\n<meta property=\"article:modified_time\" content=\"2024-04-23T09:35:02+00:00\" \/>\n<meta property=\"og:image\" content=\"https:\/\/projekt.vombat.ee\/eco\/wp-content\/uploads\/2023\/03\/AKEZ-1000W.jpg\" \/>\n\t<meta property=\"og:image:width\" content=\"785\" \/>\n\t<meta property=\"og:image:height\" content=\"523\" \/>\n\t<meta property=\"og:image:type\" content=\"image\/jpeg\" \/>\n<meta name=\"twitter:card\" content=\"summary_large_image\" \/>\n<meta name=\"twitter:label1\" content=\"Estimated reading time\" \/>\n\t<meta name=\"twitter:data1\" content=\"3 minutes\" \/>\n<script type=\"application\/ld+json\" class=\"yoast-schema-graph\">{\"@context\":\"https:\/\/schema.org\",\"@graph\":[{\"@type\":\"WebPage\",\"@id\":\"https:\/\/projekt.vombat.ee\/eco\/pood\/brandid\/muud-brandid\/akez-250w-elektriratas-2\/\",\"url\":\"https:\/\/projekt.vombat.ee\/eco\/pood\/brandid\/muud-brandid\/akez-250w-elektriratas-2\/\",\"name\":\"AKEZ Z1 Elektriratas, 72 km - Ecocruiser\",\"isPartOf\":{\"@id\":\"https:\/\/projekt.vombat.ee\/eco\/#website\"},\"primaryImageOfPage\":{\"@id\":\"https:\/\/projekt.vombat.ee\/eco\/pood\/brandid\/muud-brandid\/akez-250w-elektriratas-2\/#primaryimage\"},\"image\":{\"@id\":\"https:\/\/projekt.vombat.ee\/eco\/pood\/brandid\/muud-brandid\/akez-250w-elektriratas-2\/#primaryimage\"},\"thumbnailUrl\":\"https:\/\/projekt.vombat.ee\/eco\/wp-content\/uploads\/2023\/03\/AKEZ-1000W.jpg\",\"datePublished\":\"2023-02-22T12:12:32+00:00\",\"dateModified\":\"2024-04-23T09:35:02+00:00\",\"description\":\"AKEZ 250W Elektriratas on ideaalne valik kui otsid v\u00f5imast elektriratast. Elektrirattal on k\u00f5ik uusimad t\u00e4iendused. Suurep\u00e4rane v\u00f5imsus, suur aku, topeltketaspidurid, nutikas ekraan, ja Shimano 21-k\u00e4iku.\",\"breadcrumb\":{\"@id\":\"https:\/\/projekt.vombat.ee\/eco\/pood\/brandid\/muud-brandid\/akez-250w-elektriratas-2\/#breadcrumb\"},\"inLanguage\":\"en-GB\",\"potentialAction\":[{\"@type\":\"ReadAction\",\"target\":[\"https:\/\/projekt.vombat.ee\/eco\/pood\/brandid\/muud-brandid\/akez-250w-elektriratas-2\/\"]}]},{\"@type\":\"ImageObject\",\"inLanguage\":\"en-GB\",\"@id\":\"https:\/\/projekt.vombat.ee\/eco\/pood\/brandid\/muud-brandid\/akez-250w-elektriratas-2\/#primaryimage\",\"url\":\"https:\/\/projekt.vombat.ee\/eco\/wp-content\/uploads\/2023\/03\/AKEZ-1000W.jpg\",\"contentUrl\":\"https:\/\/projekt.vombat.ee\/eco\/wp-content\/uploads\/2023\/03\/AKEZ-1000W.jpg\",\"width\":785,\"height\":523,\"caption\":\"AKEZ 1000W\"},{\"@type\":\"BreadcrumbList\",\"@id\":\"https:\/\/projekt.vombat.ee\/eco\/pood\/brandid\/muud-brandid\/akez-250w-elektriratas-2\/#breadcrumb\",\"itemListElement\":[{\"@type\":\"ListItem\",\"position\":1,\"name\":\"Home\",\"item\":\"https:\/\/projekt.vombat.ee\/eco\/\"},{\"@type\":\"ListItem\",\"position\":2,\"name\":\"Pood\",\"item\":\"https:\/\/projekt.vombat.ee\/eco\/pood\/\"},{\"@type\":\"ListItem\",\"position\":3,\"name\":\"AKEZ Z1 Elektriratas, 72 km\"}]},{\"@type\":\"WebSite\",\"@id\":\"https:\/\/projekt.vombat.ee\/eco\/#website\",\"url\":\"https:\/\/projekt.vombat.ee\/eco\/\",\"name\":\"Ecocruiser\",\"description\":\"\",\"publisher\":{\"@id\":\"https:\/\/projekt.vombat.ee\/eco\/#organization\"},\"potentialAction\":[{\"@type\":\"SearchAction\",\"target\":{\"@type\":\"EntryPoint\",\"urlTemplate\":\"https:\/\/projekt.vombat.ee\/eco\/?s={search_term_string}\"},\"query-input\":{\"@type\":\"PropertyValueSpecification\",\"valueRequired\":true,\"valueName\":\"search_term_string\"}}],\"inLanguage\":\"en-GB\"},{\"@type\":\"Organization\",\"@id\":\"https:\/\/projekt.vombat.ee\/eco\/#organization\",\"name\":\"Ecocruiser\",\"url\":\"https:\/\/projekt.vombat.ee\/eco\/\",\"logo\":{\"@type\":\"ImageObject\",\"inLanguage\":\"en-GB\",\"@id\":\"https:\/\/projekt.vombat.ee\/eco\/#\/schema\/logo\/image\/\",\"url\":\"https:\/\/projekt.vombat.ee\/eco\/wp-content\/uploads\/2023\/03\/ECOCRUISER_5.png\",\"contentUrl\":\"https:\/\/projekt.vombat.ee\/eco\/wp-content\/uploads\/2023\/03\/ECOCRUISER_5.png\",\"width\":234,\"height\":91,\"caption\":\"Ecocruiser\"},\"image\":{\"@id\":\"https:\/\/projekt.vombat.ee\/eco\/#\/schema\/logo\/image\/\"}}]}<\/script>\n<!-- \/ Yoast SEO plugin. -->","yoast_head_json":{"title":"AKEZ Z1 Elektriratas, 72 km - Ecocruiser","description":"AKEZ 250W Elektriratas on ideaalne valik kui otsid v\u00f5imast elektriratast. Elektrirattal on k\u00f5ik uusimad t\u00e4iendused. Suurep\u00e4rane v\u00f5imsus, suur aku, topeltketaspidurid, nutikas ekraan, ja Shimano 21-k\u00e4iku.","robots":{"index":"noindex","follow":"follow","max-snippet":"max-snippet:-1","max-image-preview":"max-image-preview:large","max-video-preview":"max-video-preview:-1"},"og_locale":"en_GB","og_type":"article","og_title":"AKEZ Z1 Elektriratas, 72 km - Ecocruiser","og_description":"AKEZ 250W Elektriratas on ideaalne valik kui otsid v\u00f5imast elektriratast. Elektrirattal on k\u00f5ik uusimad t\u00e4iendused. Suurep\u00e4rane v\u00f5imsus, suur aku, topeltketaspidurid, nutikas ekraan, ja Shimano 21-k\u00e4iku.","og_url":"https:\/\/projekt.vombat.ee\/eco\/pood\/brandid\/muud-brandid\/akez-250w-elektriratas-2\/","og_site_name":"Ecocruiser","article_modified_time":"2024-04-23T09:35:02+00:00","og_image":[{"width":785,"height":523,"url":"https:\/\/projekt.vombat.ee\/eco\/wp-content\/uploads\/2023\/03\/AKEZ-1000W.jpg","type":"image\/jpeg"}],"twitter_card":"summary_large_image","twitter_misc":{"Estimated reading time":"3 minutes"},"schema":{"@context":"https:\/\/schema.org","@graph":[{"@type":"WebPage","@id":"https:\/\/projekt.vombat.ee\/eco\/pood\/brandid\/muud-brandid\/akez-250w-elektriratas-2\/","url":"https:\/\/projekt.vombat.ee\/eco\/pood\/brandid\/muud-brandid\/akez-250w-elektriratas-2\/","name":"AKEZ Z1 Elektriratas, 72 km - Ecocruiser","isPartOf":{"@id":"https:\/\/projekt.vombat.ee\/eco\/#website"},"primaryImageOfPage":{"@id":"https:\/\/projekt.vombat.ee\/eco\/pood\/brandid\/muud-brandid\/akez-250w-elektriratas-2\/#primaryimage"},"image":{"@id":"https:\/\/projekt.vombat.ee\/eco\/pood\/brandid\/muud-brandid\/akez-250w-elektriratas-2\/#primaryimage"},"thumbnailUrl":"https:\/\/projekt.vombat.ee\/eco\/wp-content\/uploads\/2023\/03\/AKEZ-1000W.jpg","datePublished":"2023-02-22T12:12:32+00:00","dateModified":"2024-04-23T09:35:02+00:00","description":"AKEZ 250W Elektriratas on ideaalne valik kui otsid v\u00f5imast elektriratast. Elektrirattal on k\u00f5ik uusimad t\u00e4iendused. Suurep\u00e4rane v\u00f5imsus, suur aku, topeltketaspidurid, nutikas ekraan, ja Shimano 21-k\u00e4iku.","breadcrumb":{"@id":"https:\/\/projekt.vombat.ee\/eco\/pood\/brandid\/muud-brandid\/akez-250w-elektriratas-2\/#breadcrumb"},"inLanguage":"en-GB","potentialAction":[{"@type":"ReadAction","target":["https:\/\/projekt.vombat.ee\/eco\/pood\/brandid\/muud-brandid\/akez-250w-elektriratas-2\/"]}]},{"@type":"ImageObject","inLanguage":"en-GB","@id":"https:\/\/projekt.vombat.ee\/eco\/pood\/brandid\/muud-brandid\/akez-250w-elektriratas-2\/#primaryimage","url":"https:\/\/projekt.vombat.ee\/eco\/wp-content\/uploads\/2023\/03\/AKEZ-1000W.jpg","contentUrl":"https:\/\/projekt.vombat.ee\/eco\/wp-content\/uploads\/2023\/03\/AKEZ-1000W.jpg","width":785,"height":523,"caption":"AKEZ 1000W"},{"@type":"BreadcrumbList","@id":"https:\/\/projekt.vombat.ee\/eco\/pood\/brandid\/muud-brandid\/akez-250w-elektriratas-2\/#breadcrumb","itemListElement":[{"@type":"ListItem","position":1,"name":"Home","item":"https:\/\/projekt.vombat.ee\/eco\/"},{"@type":"ListItem","position":2,"name":"Pood","item":"https:\/\/projekt.vombat.ee\/eco\/pood\/"},{"@type":"ListItem","position":3,"name":"AKEZ Z1 Elektriratas, 72 km"}]},{"@type":"WebSite","@id":"https:\/\/projekt.vombat.ee\/eco\/#website","url":"https:\/\/projekt.vombat.ee\/eco\/","name":"Ecocruiser","description":"","publisher":{"@id":"https:\/\/projekt.vombat.ee\/eco\/#organization"},"potentialAction":[{"@type":"SearchAction","target":{"@type":"EntryPoint","urlTemplate":"https:\/\/projekt.vombat.ee\/eco\/?s={search_term_string}"},"query-input":{"@type":"PropertyValueSpecification","valueRequired":true,"valueName":"search_term_string"}}],"inLanguage":"en-GB"},{"@type":"Organization","@id":"https:\/\/projekt.vombat.ee\/eco\/#organization","name":"Ecocruiser","url":"https:\/\/projekt.vombat.ee\/eco\/","logo":{"@type":"ImageObject","inLanguage":"en-GB","@id":"https:\/\/projekt.vombat.ee\/eco\/#\/schema\/logo\/image\/","url":"https:\/\/projekt.vombat.ee\/eco\/wp-content\/uploads\/2023\/03\/ECOCRUISER_5.png","contentUrl":"https:\/\/projekt.vombat.ee\/eco\/wp-content\/uploads\/2023\/03\/ECOCRUISER_5.png","width":234,"height":91,"caption":"Ecocruiser"},"image":{"@id":"https:\/\/projekt.vombat.ee\/eco\/#\/schema\/logo\/image\/"}}]}},"lang":"et","translations":{"et":2394,"ru":5229,"fi":7403},"pll_sync_post":[],"_links":{"self":[{"href":"https:\/\/projekt.vombat.ee\/eco\/wp-json\/wp\/v2\/product\/2394"}],"collection":[{"href":"https:\/\/projekt.vombat.ee\/eco\/wp-json\/wp\/v2\/product"}],"about":[{"href":"https:\/\/projekt.vombat.ee\/eco\/wp-json\/wp\/v2\/types\/product"}],"version-history":[{"count":4,"href":"https:\/\/projekt.vombat.ee\/eco\/wp-json\/wp\/v2\/product\/2394\/revisions"}],"predecessor-version":[{"id":16498,"href":"https:\/\/projekt.vombat.ee\/eco\/wp-json\/wp\/v2\/product\/2394\/revisions\/16498"}],"wp:featuredmedia":[{"embeddable":true,"href":"https:\/\/projekt.vombat.ee\/eco\/wp-json\/wp\/v2\/media\/5586"}],"wp:attachment":[{"href":"https:\/\/projekt.vombat.ee\/eco\/wp-json\/wp\/v2\/media?parent=2394"}],"wp:term":[{"taxonomy":"product_cat","embeddable":true,"href":"https:\/\/projekt.vombat.ee\/eco\/wp-json\/wp\/v2\/product_cat?post=2394"},{"taxonomy":"product_tag","embeddable":true,"href":"https:\/\/projekt.vombat.ee\/eco\/wp-json\/wp\/v2\/product_tag?post=2394"}],"curies":[{"name":"wp","href":"https:\/\/api.w.org\/{rel}","templated":true}]}}