{"id":2381,"date":"2023-02-22T11:11:04","date_gmt":"2023-02-22T11:11:04","guid":{"rendered":"https:\/\/projekt.vombat.ee\/eco\/?post_type=product&#038;p=2381"},"modified":"2023-08-08T15:21:22","modified_gmt":"2023-08-08T15:21:22","slug":"ado-a26s-xe","status":"publish","type":"product","link":"https:\/\/projekt.vombat.ee\/eco\/pood\/brandid\/ado\/ado-a26s-xe\/","title":{"rendered":"ADO A26S XE Elektriratas 80 km"},"content":{"rendered":"<p><img fetchpriority=\"high\" decoding=\"async\" class=\"\" src=\"https:\/\/a.allegroimg.com\/original\/11872e\/f3f96d694a8fbb78c7123bb092c2\/Rower-elektryczny-damski-Adoebike-A26S-XE-white-Brand-ADO\" alt=\"Rower elektryczny damski Adoebike A26S XE white Brand ADO\" width=\"1001\" height=\"563\" \/><\/p>\n<h3>Eemaldatav 10,4AH liitiumioonaku<\/h3>\n<p>ADO e-bike&#8217;i liitiumioonaku on kaitstud \u00fclelaadimise, t\u00fchjenemise, liigvoolu ja l\u00fchise eest. P\u00e4rast 1000 laadimist s\u00e4ilitab aku endiselt 80% oma mahust. Aku kaas on tihendatud ja veekindel, isoleerib t\u00f5husalt sees oleva liitiumioonaku, kaitseb teid ja pikendab aku eluiga.<\/p>\n<p><img decoding=\"async\" class=\"\" src=\"https:\/\/a.allegroimg.com\/original\/115779\/37dd40764a599f55ac29e80058ee\/Rower-elektryczny-damski-Adoebike-A26S-XE-white-Model-Adoebike-A26S-XE\" alt=\"Rower elektryczny damski Adoebike A26S XE white Model Adoebike-A26S XE\" width=\"240\" height=\"192\" \/><\/p>\n<h3>250 W v\u00f5imas mootor<\/h3>\n<p>\u00c4sja uuendatud kuumakindel siser\u00f5ngas tagab parema soojuse hajumise, mis v\u00e4hendab mootorimagnetite lagunemiskiirust ja tagab pikema eluea. Maksimaalse p\u00f6\u00f6rdemomendiga 41 Nm on mootor v\u00e4ga v\u00f5imas ja suudab teid edasi viia ja \u00fcletada k\u00f5ikv\u00f5imalikud teeolud.<\/p>\n<p><img decoding=\"async\" class=\"\" src=\"https:\/\/a.allegroimg.com\/original\/11ee57\/da5c8bf241c58fe547c0c78d2496\/Rower-elektryczny-damski-Adoebike-A26S-XE-white-Frame-Size-not-specified\" alt=\"Rower elektryczny damski Adoebike A26S XE white Frame Size not specified\" width=\"307\" height=\"149\" \/><\/p>\n<h3>CST rehvid 26*1,95 tolli<\/h3>\n<p>Varustatud 26-tolliste professionaalsete CST e-jalgrattarehvidega, mis on libisemis- ja kulumiskindlad ning kartmatud igasuguse ilma ja maastiku vastu.<\/p>\n<p><img loading=\"lazy\" decoding=\"async\" class=\"\" src=\"https:\/\/a.allegroimg.com\/original\/112955\/4f7a2aa0416299d6ec502f20416d\/Rower-elektryczny-damski-Adoebike-A26S-XE-white-Charging-Time-4-h\" alt=\"Rower elektryczny damski Adoebike A26S XE white Charging Time 4 h\" width=\"308\" height=\"308\" \/><\/p>\n<h3>LCD ekraan<\/h3>\n<p>Reaalajas l\u00e4bis\u00f5iduandmete salvestamine, n\u00e4htav p\u00e4evavalguses<\/p>\n<h3>E-MARK sertifikaadiga esilatern<\/h3>\n<p>Suure valgustugevusega laia valgusnurgaga LED-pro\u017eektor<\/p>\n<p><img loading=\"lazy\" decoding=\"async\" class=\"\" src=\"https:\/\/a.allegroimg.com\/original\/11b67d\/fc1d6ea249a2ada5e584c175352b\/Rower-elektryczny-damski-Adoebike-A26S-XE-white-EAN-GTIN-4537364521255\" alt=\"Rower elektryczny damski Adoebike A26S XE white EAN (GTIN) 4537364521255\" width=\"387\" height=\"188\" \/><\/p>\n<h3>Eriti lai sadul<\/h3>\n<p>Valmistatud kvaliteetsest m\u00e4luvahust elastse, libisemiskindla, veekindla ja vastupidava PU-nahast pinnaga<\/p>\n<h3>Tagumine raam ja poritiib<\/h3>\n<p>Rauast tagaraam, kandev\u00f5ime &lt;50kg<\/p>\n<p>Plastikust poritiivad, kulumiskindlad ja vastupidavad<\/p>\n<p><img loading=\"lazy\" decoding=\"async\" class=\"\" src=\"https:\/\/a.allegroimg.com\/original\/11b5cb\/6044f23d41feae133147c046416b\/Rower-elektryczny-damski-Adoebike-A26S-XE-white-Wheel-Size-26\" alt=\"Rower elektryczny damski Adoebike A26S XE white Wheel Size (&quot;) 26\" width=\"422\" height=\"237\" \/><\/p>\n<h3>T\u00f5hus ja kiire piduris\u00fcsteem<\/h3>\n<p>ADO A26S XE-d on laboris testitud tuhandeid kordi ning sellel on eesmine ja tagumine topeltpiduris\u00fcsteem, mille tulemuseks on t\u00e4iuslik tasakaal pidurdus-\/k\u00e4ivituskiiruse ja kogemuste vahel, sujuvama k\u00e4ivitamise ning \u00fchtlasema ja ohutuma pidurdamisega.<\/p>\n<p><img loading=\"lazy\" decoding=\"async\" class=\"\" src=\"https:\/\/a.allegroimg.com\/original\/11c7ef\/cdbdba234a5f9d3e8c8cd17fa0a4\/Rower-elektryczny-damski-Adoebike-A26S-XE-white-Additional-Equipment-rack-fenders-bell-lighting-kickstand-electrically-assisted\" alt=\"Rower elektryczny damski Adoebike A26S XE white Additional Equipment rack fenders bell lighting kickstand electrically-assisted\" width=\"421\" height=\"421\" \/><\/p>\n<h3>Vedrustuse esihark<\/h3>\n<p>ADO A26S XE on konstrueeritud vedrustuse esihargiga, et saaks h\u00f5lpsasti hakkama k\u00f5igi teeoludega ja pakkuda mugavat s\u00f5itu ebatasasel teel.<\/p>\n<p><img loading=\"lazy\" decoding=\"async\" class=\"\" src=\"https:\/\/a.allegroimg.com\/original\/11f8eb\/0c30b24b4fe0be7123847c257dc8\/Rower-elektryczny-damski-Adoebike-A26S-XE-white-Color-white\" alt=\"Rower elektryczny damski Adoebike A26S XE white Color white\" width=\"425\" height=\"239\" \/><\/p>\n<h3>Shimano 7-k\u00e4iguline k\u00e4igukast<\/h3>\n<p>0-k\u00e4igul pole j\u00f5udu, juhitakse pedaalidega.<\/p>\n<p>1-3 k\u00e4iku, v\u00e4ike kiirus.<\/p>\n<p>3-5 k\u00e4iku, keskmine kiirus.<\/p>\n<p>5-7 k\u00e4iku, suur kiirus.<\/p>\n<p><img loading=\"lazy\" decoding=\"async\" class=\"\" src=\"https:\/\/a.allegroimg.com\/original\/112f17\/35ad777948efaaf9dab8a52f22bb\/Rower-elektryczny-damski-Adoebike-A26S-XE-white-Rechargeable-battery-lithium-ion\" alt=\"Rower elektryczny damski Adoebike A26S XE white Rechargeable battery lithium-ion\" width=\"465\" height=\"225\" \/><\/p>\n<p>&nbsp;<\/p>\n<h3>Info<\/h3>\n<p>T\u00fc\u00fcp: 26*1,95<\/p>\n<p>K\u00e4igukast: Shimano 7-k\u00e4iguline<\/p>\n<p>Netokaal: 24 kg<\/p>\n<p>Veekindel: IPX5<\/p>\n<p>Nimiv\u00f5imsus: 36v 10,4ah<\/p>\n<p>Pidur: ketaspidur<\/p>\n<p>Vedrustus: esihark<\/p>\n<p>Kogum\u00f5\u00f5t: 186*23*111cm<\/p>\n<p>&nbsp;<\/p>\n<p><img loading=\"lazy\" decoding=\"async\" class=\"\" src=\"https:\/\/a.allegroimg.com\/original\/11dbbb\/52564ed14d7f9bd9e80e47572e3e\/Rower-elektryczny-damski-Adoebike-A26S-XE-white-Engine-Power-250-W\" alt=\"Rower elektryczny damski Adoebike A26S XE white Engine Power 250 W\" width=\"966\" height=\"1449\" \/><\/p>\n","protected":false},"excerpt":{"rendered":"<p>Olenemata sellest, kas kannad p\u00fckse v\u00f5i kleiti, v\u00f5imaldab elektriratta disain sul s\u00f5ita iga outfitiga.<\/p>\n<p>&nbsp;<\/p>\n<ul>\n<li>Tippkiirus: 25 km\/h<\/li>\n<li>S\u00f5iduulatus: 80 km<\/li>\n<li>Mootori v\u00f5imsus: 250 W<\/li>\n<li>Laadimisaeg: 4-6 tundi<\/li>\n<li>Maksimaalne koormus 120 kg<\/li>\n<\/ul>\n<p>&nbsp;<\/p>\n<p>\u2666 Tarneaeg 3-7 p\u00e4eva<br \/>\n\u2666 Laos<\/p>\n","protected":false},"featured_media":5758,"template":"","meta":[],"product_cat":[52,903,905,55],"product_tag":[],"class_list":{"0":"post-2381","1":"product","2":"type-product","3":"status-publish","4":"has-post-thumbnail","6":"product_cat-elektrirattad","7":"product_cat-linnarattad","8":"product_cat-maastikurattad","9":"product_cat-ado","10":"product_shipping_class-suured-pakid","12":"first","13":"instock","14":"sale","15":"taxable","16":"shipping-taxable","17":"purchasable","18":"product-type-simple"},"yoast_head":"<!-- This site is optimized with the Yoast SEO plugin v23.8 - https:\/\/yoast.com\/wordpress\/plugins\/seo\/ -->\n<title>ADO A26S XE Elektriratas 80 km - Ecocruiser<\/title>\n<meta name=\"description\" content=\"Olenemata sellest, kas kannad p\u00fckse v\u00f5i kleiti, v\u00f5imaldab ADO A26S XE Elektriratas sul s\u00f5ita ilma riietuspiiranguteta ning j\u00e4\u00e4da mugavaks ja elegantseks.\" \/>\n<meta name=\"robots\" content=\"noindex, follow, max-snippet:-1, max-image-preview:large, max-video-preview:-1\" \/>\n<meta property=\"og:locale\" content=\"en_GB\" \/>\n<meta property=\"og:type\" content=\"article\" \/>\n<meta property=\"og:title\" content=\"ADO A26S XE Elektriratas 80 km - Ecocruiser\" \/>\n<meta property=\"og:description\" content=\"Olenemata sellest, kas kannad p\u00fckse v\u00f5i kleiti, v\u00f5imaldab ADO A26S XE Elektriratas sul s\u00f5ita ilma riietuspiiranguteta ning j\u00e4\u00e4da mugavaks ja elegantseks.\" \/>\n<meta property=\"og:url\" content=\"https:\/\/projekt.vombat.ee\/eco\/pood\/brandid\/ado\/ado-a26s-xe\/\" \/>\n<meta property=\"og:site_name\" content=\"Ecocruiser\" \/>\n<meta property=\"article:modified_time\" content=\"2023-08-08T15:21:22+00:00\" \/>\n<meta property=\"og:image\" content=\"https:\/\/projekt.vombat.ee\/eco\/wp-content\/uploads\/2023\/03\/ADO-A26S-XE.png\" \/>\n\t<meta property=\"og:image:width\" content=\"1000\" \/>\n\t<meta property=\"og:image:height\" content=\"1000\" \/>\n\t<meta property=\"og:image:type\" content=\"image\/png\" \/>\n<meta name=\"twitter:card\" content=\"summary_large_image\" \/>\n<meta name=\"twitter:label1\" content=\"Estimated reading time\" \/>\n\t<meta name=\"twitter:data1\" content=\"4 minutes\" \/>\n<script type=\"application\/ld+json\" class=\"yoast-schema-graph\">{\"@context\":\"https:\/\/schema.org\",\"@graph\":[{\"@type\":\"WebPage\",\"@id\":\"https:\/\/projekt.vombat.ee\/eco\/pood\/brandid\/ado\/ado-a26s-xe\/\",\"url\":\"https:\/\/projekt.vombat.ee\/eco\/pood\/brandid\/ado\/ado-a26s-xe\/\",\"name\":\"ADO A26S XE Elektriratas 80 km - Ecocruiser\",\"isPartOf\":{\"@id\":\"https:\/\/projekt.vombat.ee\/eco\/#website\"},\"primaryImageOfPage\":{\"@id\":\"https:\/\/projekt.vombat.ee\/eco\/pood\/brandid\/ado\/ado-a26s-xe\/#primaryimage\"},\"image\":{\"@id\":\"https:\/\/projekt.vombat.ee\/eco\/pood\/brandid\/ado\/ado-a26s-xe\/#primaryimage\"},\"thumbnailUrl\":\"https:\/\/projekt.vombat.ee\/eco\/wp-content\/uploads\/2023\/03\/ADO-A26S-XE.png\",\"datePublished\":\"2023-02-22T11:11:04+00:00\",\"dateModified\":\"2023-08-08T15:21:22+00:00\",\"description\":\"Olenemata sellest, kas kannad p\u00fckse v\u00f5i kleiti, v\u00f5imaldab ADO A26S XE Elektriratas sul s\u00f5ita ilma riietuspiiranguteta ning j\u00e4\u00e4da mugavaks ja elegantseks.\",\"breadcrumb\":{\"@id\":\"https:\/\/projekt.vombat.ee\/eco\/pood\/brandid\/ado\/ado-a26s-xe\/#breadcrumb\"},\"inLanguage\":\"en-GB\",\"potentialAction\":[{\"@type\":\"ReadAction\",\"target\":[\"https:\/\/projekt.vombat.ee\/eco\/pood\/brandid\/ado\/ado-a26s-xe\/\"]}]},{\"@type\":\"ImageObject\",\"inLanguage\":\"en-GB\",\"@id\":\"https:\/\/projekt.vombat.ee\/eco\/pood\/brandid\/ado\/ado-a26s-xe\/#primaryimage\",\"url\":\"https:\/\/projekt.vombat.ee\/eco\/wp-content\/uploads\/2023\/03\/ADO-A26S-XE.png\",\"contentUrl\":\"https:\/\/projekt.vombat.ee\/eco\/wp-content\/uploads\/2023\/03\/ADO-A26S-XE.png\",\"width\":1000,\"height\":1000,\"caption\":\"ADO A26S XE\"},{\"@type\":\"BreadcrumbList\",\"@id\":\"https:\/\/projekt.vombat.ee\/eco\/pood\/brandid\/ado\/ado-a26s-xe\/#breadcrumb\",\"itemListElement\":[{\"@type\":\"ListItem\",\"position\":1,\"name\":\"Home\",\"item\":\"https:\/\/projekt.vombat.ee\/eco\/\"},{\"@type\":\"ListItem\",\"position\":2,\"name\":\"Pood\",\"item\":\"https:\/\/projekt.vombat.ee\/eco\/pood\/\"},{\"@type\":\"ListItem\",\"position\":3,\"name\":\"ADO A26S XE Elektriratas 80 km\"}]},{\"@type\":\"WebSite\",\"@id\":\"https:\/\/projekt.vombat.ee\/eco\/#website\",\"url\":\"https:\/\/projekt.vombat.ee\/eco\/\",\"name\":\"Ecocruiser\",\"description\":\"\",\"publisher\":{\"@id\":\"https:\/\/projekt.vombat.ee\/eco\/#organization\"},\"potentialAction\":[{\"@type\":\"SearchAction\",\"target\":{\"@type\":\"EntryPoint\",\"urlTemplate\":\"https:\/\/projekt.vombat.ee\/eco\/?s={search_term_string}\"},\"query-input\":{\"@type\":\"PropertyValueSpecification\",\"valueRequired\":true,\"valueName\":\"search_term_string\"}}],\"inLanguage\":\"en-GB\"},{\"@type\":\"Organization\",\"@id\":\"https:\/\/projekt.vombat.ee\/eco\/#organization\",\"name\":\"Ecocruiser\",\"url\":\"https:\/\/projekt.vombat.ee\/eco\/\",\"logo\":{\"@type\":\"ImageObject\",\"inLanguage\":\"en-GB\",\"@id\":\"https:\/\/projekt.vombat.ee\/eco\/#\/schema\/logo\/image\/\",\"url\":\"https:\/\/projekt.vombat.ee\/eco\/wp-content\/uploads\/2023\/03\/ECOCRUISER_5.png\",\"contentUrl\":\"https:\/\/projekt.vombat.ee\/eco\/wp-content\/uploads\/2023\/03\/ECOCRUISER_5.png\",\"width\":234,\"height\":91,\"caption\":\"Ecocruiser\"},\"image\":{\"@id\":\"https:\/\/projekt.vombat.ee\/eco\/#\/schema\/logo\/image\/\"}}]}<\/script>\n<!-- \/ Yoast SEO plugin. -->","yoast_head_json":{"title":"ADO A26S XE Elektriratas 80 km - Ecocruiser","description":"Olenemata sellest, kas kannad p\u00fckse v\u00f5i kleiti, v\u00f5imaldab ADO A26S XE Elektriratas sul s\u00f5ita ilma riietuspiiranguteta ning j\u00e4\u00e4da mugavaks ja elegantseks.","robots":{"index":"noindex","follow":"follow","max-snippet":"max-snippet:-1","max-image-preview":"max-image-preview:large","max-video-preview":"max-video-preview:-1"},"og_locale":"en_GB","og_type":"article","og_title":"ADO A26S XE Elektriratas 80 km - Ecocruiser","og_description":"Olenemata sellest, kas kannad p\u00fckse v\u00f5i kleiti, v\u00f5imaldab ADO A26S XE Elektriratas sul s\u00f5ita ilma riietuspiiranguteta ning j\u00e4\u00e4da mugavaks ja elegantseks.","og_url":"https:\/\/projekt.vombat.ee\/eco\/pood\/brandid\/ado\/ado-a26s-xe\/","og_site_name":"Ecocruiser","article_modified_time":"2023-08-08T15:21:22+00:00","og_image":[{"width":1000,"height":1000,"url":"https:\/\/projekt.vombat.ee\/eco\/wp-content\/uploads\/2023\/03\/ADO-A26S-XE.png","type":"image\/png"}],"twitter_card":"summary_large_image","twitter_misc":{"Estimated reading time":"4 minutes"},"schema":{"@context":"https:\/\/schema.org","@graph":[{"@type":"WebPage","@id":"https:\/\/projekt.vombat.ee\/eco\/pood\/brandid\/ado\/ado-a26s-xe\/","url":"https:\/\/projekt.vombat.ee\/eco\/pood\/brandid\/ado\/ado-a26s-xe\/","name":"ADO A26S XE Elektriratas 80 km - Ecocruiser","isPartOf":{"@id":"https:\/\/projekt.vombat.ee\/eco\/#website"},"primaryImageOfPage":{"@id":"https:\/\/projekt.vombat.ee\/eco\/pood\/brandid\/ado\/ado-a26s-xe\/#primaryimage"},"image":{"@id":"https:\/\/projekt.vombat.ee\/eco\/pood\/brandid\/ado\/ado-a26s-xe\/#primaryimage"},"thumbnailUrl":"https:\/\/projekt.vombat.ee\/eco\/wp-content\/uploads\/2023\/03\/ADO-A26S-XE.png","datePublished":"2023-02-22T11:11:04+00:00","dateModified":"2023-08-08T15:21:22+00:00","description":"Olenemata sellest, kas kannad p\u00fckse v\u00f5i kleiti, v\u00f5imaldab ADO A26S XE Elektriratas sul s\u00f5ita ilma riietuspiiranguteta ning j\u00e4\u00e4da mugavaks ja elegantseks.","breadcrumb":{"@id":"https:\/\/projekt.vombat.ee\/eco\/pood\/brandid\/ado\/ado-a26s-xe\/#breadcrumb"},"inLanguage":"en-GB","potentialAction":[{"@type":"ReadAction","target":["https:\/\/projekt.vombat.ee\/eco\/pood\/brandid\/ado\/ado-a26s-xe\/"]}]},{"@type":"ImageObject","inLanguage":"en-GB","@id":"https:\/\/projekt.vombat.ee\/eco\/pood\/brandid\/ado\/ado-a26s-xe\/#primaryimage","url":"https:\/\/projekt.vombat.ee\/eco\/wp-content\/uploads\/2023\/03\/ADO-A26S-XE.png","contentUrl":"https:\/\/projekt.vombat.ee\/eco\/wp-content\/uploads\/2023\/03\/ADO-A26S-XE.png","width":1000,"height":1000,"caption":"ADO A26S XE"},{"@type":"BreadcrumbList","@id":"https:\/\/projekt.vombat.ee\/eco\/pood\/brandid\/ado\/ado-a26s-xe\/#breadcrumb","itemListElement":[{"@type":"ListItem","position":1,"name":"Home","item":"https:\/\/projekt.vombat.ee\/eco\/"},{"@type":"ListItem","position":2,"name":"Pood","item":"https:\/\/projekt.vombat.ee\/eco\/pood\/"},{"@type":"ListItem","position":3,"name":"ADO A26S XE Elektriratas 80 km"}]},{"@type":"WebSite","@id":"https:\/\/projekt.vombat.ee\/eco\/#website","url":"https:\/\/projekt.vombat.ee\/eco\/","name":"Ecocruiser","description":"","publisher":{"@id":"https:\/\/projekt.vombat.ee\/eco\/#organization"},"potentialAction":[{"@type":"SearchAction","target":{"@type":"EntryPoint","urlTemplate":"https:\/\/projekt.vombat.ee\/eco\/?s={search_term_string}"},"query-input":{"@type":"PropertyValueSpecification","valueRequired":true,"valueName":"search_term_string"}}],"inLanguage":"en-GB"},{"@type":"Organization","@id":"https:\/\/projekt.vombat.ee\/eco\/#organization","name":"Ecocruiser","url":"https:\/\/projekt.vombat.ee\/eco\/","logo":{"@type":"ImageObject","inLanguage":"en-GB","@id":"https:\/\/projekt.vombat.ee\/eco\/#\/schema\/logo\/image\/","url":"https:\/\/projekt.vombat.ee\/eco\/wp-content\/uploads\/2023\/03\/ECOCRUISER_5.png","contentUrl":"https:\/\/projekt.vombat.ee\/eco\/wp-content\/uploads\/2023\/03\/ECOCRUISER_5.png","width":234,"height":91,"caption":"Ecocruiser"},"image":{"@id":"https:\/\/projekt.vombat.ee\/eco\/#\/schema\/logo\/image\/"}}]}},"lang":"et","translations":{"et":2381,"ru":5240},"pll_sync_post":[],"_links":{"self":[{"href":"https:\/\/projekt.vombat.ee\/eco\/wp-json\/wp\/v2\/product\/2381"}],"collection":[{"href":"https:\/\/projekt.vombat.ee\/eco\/wp-json\/wp\/v2\/product"}],"about":[{"href":"https:\/\/projekt.vombat.ee\/eco\/wp-json\/wp\/v2\/types\/product"}],"version-history":[{"count":5,"href":"https:\/\/projekt.vombat.ee\/eco\/wp-json\/wp\/v2\/product\/2381\/revisions"}],"predecessor-version":[{"id":7394,"href":"https:\/\/projekt.vombat.ee\/eco\/wp-json\/wp\/v2\/product\/2381\/revisions\/7394"}],"wp:featuredmedia":[{"embeddable":true,"href":"https:\/\/projekt.vombat.ee\/eco\/wp-json\/wp\/v2\/media\/5758"}],"wp:attachment":[{"href":"https:\/\/projekt.vombat.ee\/eco\/wp-json\/wp\/v2\/media?parent=2381"}],"wp:term":[{"taxonomy":"product_cat","embeddable":true,"href":"https:\/\/projekt.vombat.ee\/eco\/wp-json\/wp\/v2\/product_cat?post=2381"},{"taxonomy":"product_tag","embeddable":true,"href":"https:\/\/projekt.vombat.ee\/eco\/wp-json\/wp\/v2\/product_tag?post=2381"}],"curies":[{"name":"wp","href":"https:\/\/api.w.org\/{rel}","templated":true}]}}