{"id":2343,"date":"2023-02-21T19:57:17","date_gmt":"2023-02-21T19:57:17","guid":{"rendered":"https:\/\/projekt.vombat.ee\/eco\/?post_type=product&#038;p=2343"},"modified":"2023-05-28T10:56:29","modified_gmt":"2023-05-28T10:56:29","slug":"nanrobot-ls7-elektriline-toukeratas","status":"publish","type":"product","link":"https:\/\/projekt.vombat.ee\/eco\/pood\/brandid\/nanrobot\/nanrobot-ls7-elektriline-toukeratas\/","title":{"rendered":"Nanrobot LS7+ elektriline t\u00f5ukeratas"},"content":{"rendered":"<div class=\"container\">\n<div class=\"row mb__50\">\n<div class=\"col-md-12\">\n<h1>NANROBOT LS7+ ELEKTRILINE T\u00d5UKERATAS<\/h1>\n<p>Nanrobot LS7+ elektrit\u00f5ukeratas on varustatud kahe v\u00f5imsa mootoriga mille koguv\u00f5imsuseks on 4800W. Tegemist on <a href=\"https:\/\/et.wikipedia.org\/wiki\/Harjavaba_alalisvoolumootor\">harjadeta mootoritega<\/a>, mis tagavad t\u00f5ukerattale parima j\u00f5udluse ka ebatasastel pindadel. T\u00f5ukeratta tippkiirus tehasest tulles on 25km\/h, kuid piiraja maha v\u00f5ttes on v\u00f5imalik kiirendada kuni 95km\/h. S\u00f5idukiirust on v\u00f5imalik reguleerida 3 eri re\u017eiimiga ning need on vahetatavad displei pealt. Lisaks v\u00f5imekatele mootoritele on t\u00f5ukerattale paigaldatud ka korralik aku, millega on v\u00f5imalik \u00fche laadimiskorraga l\u00e4bida kuni 60km <span style=\"font-size: inherit;\">.<\/span><\/p>\n<\/div>\n<\/div>\n<\/div>\n<div class=\"container\">\n<div class=\"row mb__50\">\n<div class=\"col-md-12\">\n<div class=\"slideshow-container\">\n<div class=\"mySlides fade\"><img decoding=\"async\" src=\"https:\/\/cdn.shopify.com\/s\/files\/1\/0014\/0371\/5678\/files\/NANROBOT-LS7-PLUS-ELECTRIC-SCOOTER-SLIDER-3.jpg?v=1634286348\" \/><\/div>\n<\/div>\n<\/div>\n<\/div>\n<\/div>\n<div class=\"container\">\n<div class=\"row product_custom_info\">\n<div class=\"col-md-6 image-area order-md-1\"><img decoding=\"async\" src=\"https:\/\/cdn.shopify.com\/s\/files\/1\/0014\/0371\/5678\/files\/nanrobot_ls7_spec_3.jpg?v=1630518747\" \/><\/div>\n<div class=\"col-md-6 text-area order-md-2\">\n<h1>T\u00d5HUS PIDURDUSS\u00dcSTEEM JA LED EKRAAN<\/h1>\n<p>Nanrobot LS7+ elektrit\u00f5ukeratas on varustatud eelinstallitud roolisummutiga, mis tagab k\u00f5rge stabiilsuse suurtel kiirustel, esi- ja tagavedrustusega ning turvalise piduris\u00fcsteemiga, Piduriteks on kvaliteetsed NUTT h\u00fcdraulilised pidurid nii ees kui taga.<\/p>\n<\/div>\n<\/div>\n<div class=\"row product_custom_info\">\n<div class=\"col-md-6 image-area order-md-2\"><img decoding=\"async\" src=\"https:\/\/cdn.shopify.com\/s\/files\/1\/0014\/0371\/5678\/files\/NANROBOT-LS7-PLUS-ELECTRIC-SCOOTER-SLIDER-2.jpg?v=1634286348\" \/><\/div>\n<\/div>\n<div class=\"row product_custom_info\">\n<div class=\"col-md-6 image-area order-md-1\"><img decoding=\"async\" src=\"https:\/\/cdn.shopify.com\/s\/files\/1\/0014\/0371\/5678\/files\/nanrobot_ls7_spec.jpg?v=1630518747\" \/><\/div>\n<div class=\"col-md-6 text-area order-md-2\">\n<h1>DISAIN TIPPKVALITEEDIST L\u00c4HTUVALT<\/h1>\n<p>Elektriline t\u00f5ukeratas on loodud parimat koostekvaliteeti silmas pidades. Elektrit\u00f5ukerattal on integreeritud kaugjuhtimispuldi s\u00fcsteem (immobilaiser), millega saab elektrit\u00f5ukeratast varguskindluse t\u00f5stmise huvides lukku ja alarmi alla panna. Elektrit\u00f5ukerattal on mitme re\u017eiimiga LED-tuled, intelligentne kontroller, tugev alumiiniumsulamist raam ja pikk tekk s\u00f5idumugavuse tagamiseks<\/p>\n<\/div>\n<\/div>\n<div class=\"row product_custom_info\">\n<div class=\"col-md-6 image-area order-md-2\"><img decoding=\"async\" src=\"https:\/\/cdn.shopify.com\/s\/files\/1\/0014\/0371\/5678\/files\/NANROBOT-LS7-PLUS-ELECTRIC-SCOOTER-SLIDER-1.jpg?v=1634286348\" \/><\/div>\n<\/div>\n<\/div>\n","protected":false},"excerpt":{"rendered":"<p><strong>NANROBOT LS7+ ELEKRILINE T\u00d5UKERATAS<\/strong><\/p>\n<ul>\n<li>Aku \u2013 40Ah\/60V<\/li>\n<li>Mootor \u2013 2x2400W<\/li>\n<li>Max kiirus \u2013 95km\/h<\/li>\n<li>S\u00f5iduulatus \u2013 60km<\/li>\n<li>Kandev\u00f5ime \u2013 150kg<\/li>\n<li>Laadimisaeg \u2013 8-12h<\/li>\n<li>Rehvid \u2013 11\u2033 maastikurehvid<\/li>\n<\/ul>\n","protected":false},"featured_media":5926,"template":"","meta":[],"product_cat":[53,911,58],"product_tag":[],"class_list":{"0":"post-2343","1":"product","2":"type-product","3":"status-publish","4":"has-post-thumbnail","6":"product_cat-elektritoukerattad","7":"product_cat-voimsad-toukerattad","8":"product_cat-nanrobot","9":"product_shipping_class-suured-pakid","11":"first","12":"instock","13":"taxable","14":"shipping-taxable","15":"purchasable","16":"product-type-simple"},"yoast_head":"<!-- This site is optimized with the Yoast SEO plugin v23.8 - https:\/\/yoast.com\/wordpress\/plugins\/seo\/ -->\n<title>Nanrobot LS7+ elektriline t\u00f5ukeratas - Ecocruiser<\/title>\n<meta name=\"description\" content=\"Nanrobot LS7+ elektriline t\u00f5ukeratas - Kvaliteetsed br\u00e4ndid, lai valik - Ecocruiser.ee - K\u00fcsimuste korral v\u00f5ta \u00fchendust info@projekt.vombat.ee\" \/>\n<meta name=\"robots\" content=\"noindex, follow, max-snippet:-1, max-image-preview:large, max-video-preview:-1\" \/>\n<meta property=\"og:locale\" content=\"en_GB\" \/>\n<meta property=\"og:type\" content=\"article\" \/>\n<meta property=\"og:title\" content=\"Nanrobot LS7+ elektriline t\u00f5ukeratas - Ecocruiser\" \/>\n<meta property=\"og:description\" content=\"Nanrobot LS7+ elektriline t\u00f5ukeratas - Kvaliteetsed br\u00e4ndid, lai valik - Ecocruiser.ee - K\u00fcsimuste korral v\u00f5ta \u00fchendust info@projekt.vombat.ee\" \/>\n<meta property=\"og:url\" content=\"https:\/\/projekt.vombat.ee\/eco\/pood\/brandid\/nanrobot\/nanrobot-ls7-elektriline-toukeratas\/\" \/>\n<meta property=\"og:site_name\" content=\"Ecocruiser\" \/>\n<meta property=\"article:modified_time\" content=\"2023-05-28T10:56:29+00:00\" \/>\n<meta property=\"og:image\" content=\"https:\/\/projekt.vombat.ee\/eco\/wp-content\/uploads\/2023\/03\/Nanrobot-LS7.jpg\" \/>\n\t<meta property=\"og:image:width\" content=\"2560\" \/>\n\t<meta property=\"og:image:height\" content=\"2560\" \/>\n\t<meta property=\"og:image:type\" content=\"image\/jpeg\" \/>\n<meta name=\"twitter:card\" content=\"summary_large_image\" \/>\n<meta name=\"twitter:label1\" content=\"Estimated reading time\" \/>\n\t<meta name=\"twitter:data1\" content=\"2 minutes\" \/>\n<script type=\"application\/ld+json\" class=\"yoast-schema-graph\">{\"@context\":\"https:\/\/schema.org\",\"@graph\":[{\"@type\":\"WebPage\",\"@id\":\"https:\/\/projekt.vombat.ee\/eco\/pood\/brandid\/nanrobot\/nanrobot-ls7-elektriline-toukeratas\/\",\"url\":\"https:\/\/projekt.vombat.ee\/eco\/pood\/brandid\/nanrobot\/nanrobot-ls7-elektriline-toukeratas\/\",\"name\":\"Nanrobot LS7+ elektriline t\u00f5ukeratas - Ecocruiser\",\"isPartOf\":{\"@id\":\"https:\/\/projekt.vombat.ee\/eco\/#website\"},\"primaryImageOfPage\":{\"@id\":\"https:\/\/projekt.vombat.ee\/eco\/pood\/brandid\/nanrobot\/nanrobot-ls7-elektriline-toukeratas\/#primaryimage\"},\"image\":{\"@id\":\"https:\/\/projekt.vombat.ee\/eco\/pood\/brandid\/nanrobot\/nanrobot-ls7-elektriline-toukeratas\/#primaryimage\"},\"thumbnailUrl\":\"https:\/\/projekt.vombat.ee\/eco\/wp-content\/uploads\/2023\/03\/Nanrobot-LS7.jpg\",\"datePublished\":\"2023-02-21T19:57:17+00:00\",\"dateModified\":\"2023-05-28T10:56:29+00:00\",\"description\":\"Nanrobot LS7+ elektriline t\u00f5ukeratas - Kvaliteetsed br\u00e4ndid, lai valik - Ecocruiser.ee - K\u00fcsimuste korral v\u00f5ta \u00fchendust info@projekt.vombat.ee\",\"breadcrumb\":{\"@id\":\"https:\/\/projekt.vombat.ee\/eco\/pood\/brandid\/nanrobot\/nanrobot-ls7-elektriline-toukeratas\/#breadcrumb\"},\"inLanguage\":\"en-GB\",\"potentialAction\":[{\"@type\":\"ReadAction\",\"target\":[\"https:\/\/projekt.vombat.ee\/eco\/pood\/brandid\/nanrobot\/nanrobot-ls7-elektriline-toukeratas\/\"]}]},{\"@type\":\"ImageObject\",\"inLanguage\":\"en-GB\",\"@id\":\"https:\/\/projekt.vombat.ee\/eco\/pood\/brandid\/nanrobot\/nanrobot-ls7-elektriline-toukeratas\/#primaryimage\",\"url\":\"https:\/\/projekt.vombat.ee\/eco\/wp-content\/uploads\/2023\/03\/Nanrobot-LS7.jpg\",\"contentUrl\":\"https:\/\/projekt.vombat.ee\/eco\/wp-content\/uploads\/2023\/03\/Nanrobot-LS7.jpg\",\"width\":2560,\"height\":2560,\"caption\":\"Nanrobot LS7+\"},{\"@type\":\"BreadcrumbList\",\"@id\":\"https:\/\/projekt.vombat.ee\/eco\/pood\/brandid\/nanrobot\/nanrobot-ls7-elektriline-toukeratas\/#breadcrumb\",\"itemListElement\":[{\"@type\":\"ListItem\",\"position\":1,\"name\":\"Home\",\"item\":\"https:\/\/projekt.vombat.ee\/eco\/\"},{\"@type\":\"ListItem\",\"position\":2,\"name\":\"Pood\",\"item\":\"https:\/\/projekt.vombat.ee\/eco\/pood\/\"},{\"@type\":\"ListItem\",\"position\":3,\"name\":\"Nanrobot LS7+ elektriline t\u00f5ukeratas\"}]},{\"@type\":\"WebSite\",\"@id\":\"https:\/\/projekt.vombat.ee\/eco\/#website\",\"url\":\"https:\/\/projekt.vombat.ee\/eco\/\",\"name\":\"Ecocruiser\",\"description\":\"\",\"publisher\":{\"@id\":\"https:\/\/projekt.vombat.ee\/eco\/#organization\"},\"potentialAction\":[{\"@type\":\"SearchAction\",\"target\":{\"@type\":\"EntryPoint\",\"urlTemplate\":\"https:\/\/projekt.vombat.ee\/eco\/?s={search_term_string}\"},\"query-input\":{\"@type\":\"PropertyValueSpecification\",\"valueRequired\":true,\"valueName\":\"search_term_string\"}}],\"inLanguage\":\"en-GB\"},{\"@type\":\"Organization\",\"@id\":\"https:\/\/projekt.vombat.ee\/eco\/#organization\",\"name\":\"Ecocruiser\",\"url\":\"https:\/\/projekt.vombat.ee\/eco\/\",\"logo\":{\"@type\":\"ImageObject\",\"inLanguage\":\"en-GB\",\"@id\":\"https:\/\/projekt.vombat.ee\/eco\/#\/schema\/logo\/image\/\",\"url\":\"https:\/\/projekt.vombat.ee\/eco\/wp-content\/uploads\/2023\/03\/ECOCRUISER_5.png\",\"contentUrl\":\"https:\/\/projekt.vombat.ee\/eco\/wp-content\/uploads\/2023\/03\/ECOCRUISER_5.png\",\"width\":234,\"height\":91,\"caption\":\"Ecocruiser\"},\"image\":{\"@id\":\"https:\/\/projekt.vombat.ee\/eco\/#\/schema\/logo\/image\/\"}}]}<\/script>\n<!-- \/ Yoast SEO plugin. -->","yoast_head_json":{"title":"Nanrobot LS7+ elektriline t\u00f5ukeratas - Ecocruiser","description":"Nanrobot LS7+ elektriline t\u00f5ukeratas - Kvaliteetsed br\u00e4ndid, lai valik - Ecocruiser.ee - K\u00fcsimuste korral v\u00f5ta \u00fchendust info@projekt.vombat.ee","robots":{"index":"noindex","follow":"follow","max-snippet":"max-snippet:-1","max-image-preview":"max-image-preview:large","max-video-preview":"max-video-preview:-1"},"og_locale":"en_GB","og_type":"article","og_title":"Nanrobot LS7+ elektriline t\u00f5ukeratas - Ecocruiser","og_description":"Nanrobot LS7+ elektriline t\u00f5ukeratas - Kvaliteetsed br\u00e4ndid, lai valik - Ecocruiser.ee - K\u00fcsimuste korral v\u00f5ta \u00fchendust info@projekt.vombat.ee","og_url":"https:\/\/projekt.vombat.ee\/eco\/pood\/brandid\/nanrobot\/nanrobot-ls7-elektriline-toukeratas\/","og_site_name":"Ecocruiser","article_modified_time":"2023-05-28T10:56:29+00:00","og_image":[{"width":2560,"height":2560,"url":"https:\/\/projekt.vombat.ee\/eco\/wp-content\/uploads\/2023\/03\/Nanrobot-LS7.jpg","type":"image\/jpeg"}],"twitter_card":"summary_large_image","twitter_misc":{"Estimated reading time":"2 minutes"},"schema":{"@context":"https:\/\/schema.org","@graph":[{"@type":"WebPage","@id":"https:\/\/projekt.vombat.ee\/eco\/pood\/brandid\/nanrobot\/nanrobot-ls7-elektriline-toukeratas\/","url":"https:\/\/projekt.vombat.ee\/eco\/pood\/brandid\/nanrobot\/nanrobot-ls7-elektriline-toukeratas\/","name":"Nanrobot LS7+ elektriline t\u00f5ukeratas - Ecocruiser","isPartOf":{"@id":"https:\/\/projekt.vombat.ee\/eco\/#website"},"primaryImageOfPage":{"@id":"https:\/\/projekt.vombat.ee\/eco\/pood\/brandid\/nanrobot\/nanrobot-ls7-elektriline-toukeratas\/#primaryimage"},"image":{"@id":"https:\/\/projekt.vombat.ee\/eco\/pood\/brandid\/nanrobot\/nanrobot-ls7-elektriline-toukeratas\/#primaryimage"},"thumbnailUrl":"https:\/\/projekt.vombat.ee\/eco\/wp-content\/uploads\/2023\/03\/Nanrobot-LS7.jpg","datePublished":"2023-02-21T19:57:17+00:00","dateModified":"2023-05-28T10:56:29+00:00","description":"Nanrobot LS7+ elektriline t\u00f5ukeratas - Kvaliteetsed br\u00e4ndid, lai valik - Ecocruiser.ee - K\u00fcsimuste korral v\u00f5ta \u00fchendust info@projekt.vombat.ee","breadcrumb":{"@id":"https:\/\/projekt.vombat.ee\/eco\/pood\/brandid\/nanrobot\/nanrobot-ls7-elektriline-toukeratas\/#breadcrumb"},"inLanguage":"en-GB","potentialAction":[{"@type":"ReadAction","target":["https:\/\/projekt.vombat.ee\/eco\/pood\/brandid\/nanrobot\/nanrobot-ls7-elektriline-toukeratas\/"]}]},{"@type":"ImageObject","inLanguage":"en-GB","@id":"https:\/\/projekt.vombat.ee\/eco\/pood\/brandid\/nanrobot\/nanrobot-ls7-elektriline-toukeratas\/#primaryimage","url":"https:\/\/projekt.vombat.ee\/eco\/wp-content\/uploads\/2023\/03\/Nanrobot-LS7.jpg","contentUrl":"https:\/\/projekt.vombat.ee\/eco\/wp-content\/uploads\/2023\/03\/Nanrobot-LS7.jpg","width":2560,"height":2560,"caption":"Nanrobot LS7+"},{"@type":"BreadcrumbList","@id":"https:\/\/projekt.vombat.ee\/eco\/pood\/brandid\/nanrobot\/nanrobot-ls7-elektriline-toukeratas\/#breadcrumb","itemListElement":[{"@type":"ListItem","position":1,"name":"Home","item":"https:\/\/projekt.vombat.ee\/eco\/"},{"@type":"ListItem","position":2,"name":"Pood","item":"https:\/\/projekt.vombat.ee\/eco\/pood\/"},{"@type":"ListItem","position":3,"name":"Nanrobot LS7+ elektriline t\u00f5ukeratas"}]},{"@type":"WebSite","@id":"https:\/\/projekt.vombat.ee\/eco\/#website","url":"https:\/\/projekt.vombat.ee\/eco\/","name":"Ecocruiser","description":"","publisher":{"@id":"https:\/\/projekt.vombat.ee\/eco\/#organization"},"potentialAction":[{"@type":"SearchAction","target":{"@type":"EntryPoint","urlTemplate":"https:\/\/projekt.vombat.ee\/eco\/?s={search_term_string}"},"query-input":{"@type":"PropertyValueSpecification","valueRequired":true,"valueName":"search_term_string"}}],"inLanguage":"en-GB"},{"@type":"Organization","@id":"https:\/\/projekt.vombat.ee\/eco\/#organization","name":"Ecocruiser","url":"https:\/\/projekt.vombat.ee\/eco\/","logo":{"@type":"ImageObject","inLanguage":"en-GB","@id":"https:\/\/projekt.vombat.ee\/eco\/#\/schema\/logo\/image\/","url":"https:\/\/projekt.vombat.ee\/eco\/wp-content\/uploads\/2023\/03\/ECOCRUISER_5.png","contentUrl":"https:\/\/projekt.vombat.ee\/eco\/wp-content\/uploads\/2023\/03\/ECOCRUISER_5.png","width":234,"height":91,"caption":"Ecocruiser"},"image":{"@id":"https:\/\/projekt.vombat.ee\/eco\/#\/schema\/logo\/image\/"}}]}},"lang":"et","translations":{"et":2343,"ru":5351,"fi":8376},"pll_sync_post":[],"_links":{"self":[{"href":"https:\/\/projekt.vombat.ee\/eco\/wp-json\/wp\/v2\/product\/2343"}],"collection":[{"href":"https:\/\/projekt.vombat.ee\/eco\/wp-json\/wp\/v2\/product"}],"about":[{"href":"https:\/\/projekt.vombat.ee\/eco\/wp-json\/wp\/v2\/types\/product"}],"version-history":[{"count":3,"href":"https:\/\/projekt.vombat.ee\/eco\/wp-json\/wp\/v2\/product\/2343\/revisions"}],"predecessor-version":[{"id":2358,"href":"https:\/\/projekt.vombat.ee\/eco\/wp-json\/wp\/v2\/product\/2343\/revisions\/2358"}],"wp:featuredmedia":[{"embeddable":true,"href":"https:\/\/projekt.vombat.ee\/eco\/wp-json\/wp\/v2\/media\/5926"}],"wp:attachment":[{"href":"https:\/\/projekt.vombat.ee\/eco\/wp-json\/wp\/v2\/media?parent=2343"}],"wp:term":[{"taxonomy":"product_cat","embeddable":true,"href":"https:\/\/projekt.vombat.ee\/eco\/wp-json\/wp\/v2\/product_cat?post=2343"},{"taxonomy":"product_tag","embeddable":true,"href":"https:\/\/projekt.vombat.ee\/eco\/wp-json\/wp\/v2\/product_tag?post=2343"}],"curies":[{"name":"wp","href":"https:\/\/api.w.org\/{rel}","templated":true}]}}