{"id":2325,"date":"2023-02-21T19:21:25","date_gmt":"2023-02-21T19:21:25","guid":{"rendered":"https:\/\/projekt.vombat.ee\/eco\/?post_type=product&#038;p=2325"},"modified":"2023-06-29T07:30:05","modified_gmt":"2023-06-29T07:30:05","slug":"nanrobot-n6-elektriline-toukeratas","status":"publish","type":"product","link":"https:\/\/projekt.vombat.ee\/eco\/pood\/brandid\/nanrobot\/nanrobot-n6-elektriline-toukeratas\/","title":{"rendered":"Nanrobot N6 elektriline t\u00f5ukeratas"},"content":{"rendered":"<div class=\"container\">\n<div class=\"row mb__50\">\n<div class=\"col-md-12\">\n<h1>NANROBOT N6 &#8211; ELEKTRILINE T\u00d5UKERATAS<\/h1>\n<p><iframe title=\"YouTube video player\" src=\"https:\/\/www.youtube.com\/embed\/mgs6muY7DMo\" width=\"1520\" height=\"545\" frameborder=\"0\" allowfullscreen=\"allowfullscreen\" data-gtm-yt-inspected-6=\"true\" data-mce-fragment=\"1\"><\/iframe><\/p>\n<h1>JALUSTRABAV J\u00d5UDLUS!<\/h1>\n<p>S\u00f5ites Nanrobot N6 elektrit\u00f5ukerattaga ei pea te kunagi muretsema j\u00f5udluse p\u00e4rast. N6 on varustatud kahe v\u00f5imeka 1000W mootoritega, mis paiknevad \u00fcks ees teine taga. Valmistajakiirus antud t\u00f5ukerattal on 25km\/h, kuid piirajata on v\u00f5imalik kiirendada kuni 65km\/h. S\u00f5iduulatuseks on \u00fche laadimiskorraga kuni 60km.<\/p>\n<\/div>\n<\/div>\n<\/div>\n<div class=\"container\">\n<div class=\"row product_custom_info\">\n<div class=\"col-md-6 image-area order-md-1\"><img decoding=\"async\" src=\"https:\/\/cdn.shopify.com\/s\/files\/1\/0014\/0371\/5678\/files\/NANROBOT_N6_Handle_bar.jpg?v=1659322393\" \/><\/div>\n<div class=\"col-md-6 text-area order-md-2\">\n<h1>T\u00d5HUS PIDURDUSS\u00dcSTEEM JA LED EKRAAN!<\/h1>\n<p>Ohutuks s\u00f5itmiseks on t\u00f5ukerattale paigaldatud h\u00fcdraulilised ketaspidurid, mis on parimad oma tundlikuse ja t\u00f5hususe poolest. lisaks on v\u00f5imalik j\u00e4lgida t\u00f5ukeratta kiirust ja aku j\u00e4\u00e4ki lenksu keskel asuvast LED ekraanist. Ekraanilt saab reguleerida t\u00f5ukeratta kiirust, v\u00f5imsust ja n\u00e4eb ka \u00fcle\u00fcldist l\u00e4bis\u00f5itu.<br \/>\n<img decoding=\"async\" src=\"https:\/\/cdn.shopify.com\/s\/files\/1\/0014\/0371\/5678\/files\/DSC05784_1_34a12b0e-a045-45c9-bdc1-b6872e68edc0.jpg?v=1659334213\" \/><\/p>\n<\/div>\n<\/div>\n<div class=\"row product_custom_info\">\n<div class=\"col-md-6 text-area order-md-1\">\n<h1>PILKUP\u00dc\u00dcDEV LED VALGUSTUS<\/h1>\n<p>Kui otsid t\u00f5ukeratast, millega t\u00e4navatel silma paista, siis N6 on selle t\u00f6\u00f6 \u00e4ra teinud. Koos 64 v\u00e4rvilise LED tulega ja 36 eri re\u017eiimiga ei j\u00e4ta see t\u00f5ukeratas k\u00fclmaks \u00fchtegi pealtn\u00e4gijat. \u00dchtlasi tagab see n\u00e4htavuse h\u00e4maras s\u00f5ites ning annab m\u00e4rku teie l\u00e4henemisest kaasliiklejatele.<\/p>\n<\/div>\n<\/div>\n<div class=\"row product_custom_info\">\n<div class=\"col-md-6 image-area order-md-1\"><img decoding=\"async\" src=\"https:\/\/cdn.shopify.com\/s\/files\/1\/0014\/0371\/5678\/files\/N6_DES1.jpg?v=1659672198\" \/><\/div>\n<div class=\"col-md-6 text-area order-md-2\">\n<h3>3-ASTMELINE VOLTIMISMEHHANISM<\/h3>\n<p>Lisaks k\u00f5ikidele eelnevatele omadustele on Nanrobot N6 t\u00f5ukeratas ka \u00fclimalt kompaktne ja lihtsasti transporditav. Kokku panekuks ei kulu rohkem kui minut ning vajadusel mahub see ka ideaalselt autopagasnikusse.<\/p>\n<p><img decoding=\"async\" src=\"https:\/\/cdn.shopify.com\/s\/files\/1\/0014\/0371\/5678\/files\/NANROBOT_N6_Fold_75c61bbe-01ed-480b-b0eb-4addd8ac8ff6.jpg?v=1659322393\" \/><\/p>\n<\/div>\n<\/div>\n<div class=\"row product_custom_info\">\n<div class=\"col-md-6 text-area order-md-1\">\n<p>&nbsp;<\/p>\n<\/div>\n<\/div>\n<\/div>\n","protected":false},"excerpt":{"rendered":"<p><strong>NANROBOT N6 ELEKTRILINE T\u00d5UKERATAS<\/strong><\/p>\n<p>&nbsp;<\/p>\n<ul>\n<li>Mootor:\u00a0<strong>2x1000W<\/strong><\/li>\n<li>Max kiirus:\u00a0<strong>65km\/h<\/strong><\/li>\n<li>L\u00e4bis\u00f5it \u00fche laadimisega:\u00a0<strong>kuni 60km<\/strong><\/li>\n<li>Aku:\u00a0<strong>26Ah, 52V<\/strong><\/li>\n<li>Rehvid:\u00a0<strong>10\u2033 \u00f5hkrehvid<\/strong><\/li>\n<\/ul>\n","protected":false},"featured_media":5956,"template":"","meta":[],"product_cat":[53,911,58],"product_tag":[],"class_list":{"0":"post-2325","1":"product","2":"type-product","3":"status-publish","4":"has-post-thumbnail","6":"product_cat-elektritoukerattad","7":"product_cat-voimsad-toukerattad","8":"product_cat-nanrobot","9":"product_shipping_class-suured-pakid","11":"first","12":"instock","13":"sale","14":"taxable","15":"shipping-taxable","16":"purchasable","17":"product-type-simple"},"yoast_head":"<!-- This site is optimized with the Yoast SEO plugin v23.8 - https:\/\/yoast.com\/wordpress\/plugins\/seo\/ -->\n<title>Nanrobot N6 elektriline t\u00f5ukeratas - Ecocruiser<\/title>\n<meta name=\"description\" content=\"Nanrobot N6 elektriline t\u00f5ukeratas - Ideaalne t\u00f5ukeratas linnas liiklemiseks v\u00f5i maastikul vuramiseks. Kogu valikuga saab tutvuda www.ecocruiser.eu\/pood\" \/>\n<meta name=\"robots\" content=\"noindex, follow, max-snippet:-1, max-image-preview:large, max-video-preview:-1\" \/>\n<meta property=\"og:locale\" content=\"en_GB\" \/>\n<meta property=\"og:type\" content=\"article\" \/>\n<meta property=\"og:title\" content=\"Nanrobot N6 elektriline t\u00f5ukeratas - Ecocruiser\" \/>\n<meta property=\"og:description\" content=\"Nanrobot N6 elektriline t\u00f5ukeratas - Ideaalne t\u00f5ukeratas linnas liiklemiseks v\u00f5i maastikul vuramiseks. Kogu valikuga saab tutvuda www.ecocruiser.eu\/pood\" \/>\n<meta property=\"og:url\" content=\"https:\/\/projekt.vombat.ee\/eco\/pood\/brandid\/nanrobot\/nanrobot-n6-elektriline-toukeratas\/\" \/>\n<meta property=\"og:site_name\" content=\"Ecocruiser\" \/>\n<meta property=\"article:modified_time\" content=\"2023-06-29T07:30:05+00:00\" \/>\n<meta property=\"og:image\" content=\"https:\/\/projekt.vombat.ee\/eco\/wp-content\/uploads\/2023\/03\/Nanrobot-N61.jpg\" \/>\n\t<meta property=\"og:image:width\" content=\"551\" \/>\n\t<meta property=\"og:image:height\" content=\"544\" \/>\n\t<meta property=\"og:image:type\" content=\"image\/jpeg\" \/>\n<meta name=\"twitter:card\" content=\"summary_large_image\" \/>\n<meta name=\"twitter:label1\" content=\"Estimated reading time\" \/>\n\t<meta name=\"twitter:data1\" content=\"2 minutes\" \/>\n<script type=\"application\/ld+json\" class=\"yoast-schema-graph\">{\"@context\":\"https:\/\/schema.org\",\"@graph\":[{\"@type\":\"WebPage\",\"@id\":\"https:\/\/projekt.vombat.ee\/eco\/pood\/brandid\/nanrobot\/nanrobot-n6-elektriline-toukeratas\/\",\"url\":\"https:\/\/projekt.vombat.ee\/eco\/pood\/brandid\/nanrobot\/nanrobot-n6-elektriline-toukeratas\/\",\"name\":\"Nanrobot N6 elektriline t\u00f5ukeratas - Ecocruiser\",\"isPartOf\":{\"@id\":\"https:\/\/projekt.vombat.ee\/eco\/#website\"},\"primaryImageOfPage\":{\"@id\":\"https:\/\/projekt.vombat.ee\/eco\/pood\/brandid\/nanrobot\/nanrobot-n6-elektriline-toukeratas\/#primaryimage\"},\"image\":{\"@id\":\"https:\/\/projekt.vombat.ee\/eco\/pood\/brandid\/nanrobot\/nanrobot-n6-elektriline-toukeratas\/#primaryimage\"},\"thumbnailUrl\":\"https:\/\/projekt.vombat.ee\/eco\/wp-content\/uploads\/2023\/03\/Nanrobot-N61.jpg\",\"datePublished\":\"2023-02-21T19:21:25+00:00\",\"dateModified\":\"2023-06-29T07:30:05+00:00\",\"description\":\"Nanrobot N6 elektriline t\u00f5ukeratas - Ideaalne t\u00f5ukeratas linnas liiklemiseks v\u00f5i maastikul vuramiseks. Kogu valikuga saab tutvuda www.ecocruiser.eu\/pood\",\"breadcrumb\":{\"@id\":\"https:\/\/projekt.vombat.ee\/eco\/pood\/brandid\/nanrobot\/nanrobot-n6-elektriline-toukeratas\/#breadcrumb\"},\"inLanguage\":\"en-GB\",\"potentialAction\":[{\"@type\":\"ReadAction\",\"target\":[\"https:\/\/projekt.vombat.ee\/eco\/pood\/brandid\/nanrobot\/nanrobot-n6-elektriline-toukeratas\/\"]}]},{\"@type\":\"ImageObject\",\"inLanguage\":\"en-GB\",\"@id\":\"https:\/\/projekt.vombat.ee\/eco\/pood\/brandid\/nanrobot\/nanrobot-n6-elektriline-toukeratas\/#primaryimage\",\"url\":\"https:\/\/projekt.vombat.ee\/eco\/wp-content\/uploads\/2023\/03\/Nanrobot-N61.jpg\",\"contentUrl\":\"https:\/\/projekt.vombat.ee\/eco\/wp-content\/uploads\/2023\/03\/Nanrobot-N61.jpg\",\"width\":551,\"height\":544,\"caption\":\"Nanrobot N6\"},{\"@type\":\"BreadcrumbList\",\"@id\":\"https:\/\/projekt.vombat.ee\/eco\/pood\/brandid\/nanrobot\/nanrobot-n6-elektriline-toukeratas\/#breadcrumb\",\"itemListElement\":[{\"@type\":\"ListItem\",\"position\":1,\"name\":\"Home\",\"item\":\"https:\/\/projekt.vombat.ee\/eco\/\"},{\"@type\":\"ListItem\",\"position\":2,\"name\":\"Pood\",\"item\":\"https:\/\/projekt.vombat.ee\/eco\/pood\/\"},{\"@type\":\"ListItem\",\"position\":3,\"name\":\"Nanrobot N6 elektriline t\u00f5ukeratas\"}]},{\"@type\":\"WebSite\",\"@id\":\"https:\/\/projekt.vombat.ee\/eco\/#website\",\"url\":\"https:\/\/projekt.vombat.ee\/eco\/\",\"name\":\"Ecocruiser\",\"description\":\"\",\"publisher\":{\"@id\":\"https:\/\/projekt.vombat.ee\/eco\/#organization\"},\"potentialAction\":[{\"@type\":\"SearchAction\",\"target\":{\"@type\":\"EntryPoint\",\"urlTemplate\":\"https:\/\/projekt.vombat.ee\/eco\/?s={search_term_string}\"},\"query-input\":{\"@type\":\"PropertyValueSpecification\",\"valueRequired\":true,\"valueName\":\"search_term_string\"}}],\"inLanguage\":\"en-GB\"},{\"@type\":\"Organization\",\"@id\":\"https:\/\/projekt.vombat.ee\/eco\/#organization\",\"name\":\"Ecocruiser\",\"url\":\"https:\/\/projekt.vombat.ee\/eco\/\",\"logo\":{\"@type\":\"ImageObject\",\"inLanguage\":\"en-GB\",\"@id\":\"https:\/\/projekt.vombat.ee\/eco\/#\/schema\/logo\/image\/\",\"url\":\"https:\/\/projekt.vombat.ee\/eco\/wp-content\/uploads\/2023\/03\/ECOCRUISER_5.png\",\"contentUrl\":\"https:\/\/projekt.vombat.ee\/eco\/wp-content\/uploads\/2023\/03\/ECOCRUISER_5.png\",\"width\":234,\"height\":91,\"caption\":\"Ecocruiser\"},\"image\":{\"@id\":\"https:\/\/projekt.vombat.ee\/eco\/#\/schema\/logo\/image\/\"}}]}<\/script>\n<!-- \/ Yoast SEO plugin. -->","yoast_head_json":{"title":"Nanrobot N6 elektriline t\u00f5ukeratas - Ecocruiser","description":"Nanrobot N6 elektriline t\u00f5ukeratas - Ideaalne t\u00f5ukeratas linnas liiklemiseks v\u00f5i maastikul vuramiseks. Kogu valikuga saab tutvuda www.ecocruiser.eu\/pood","robots":{"index":"noindex","follow":"follow","max-snippet":"max-snippet:-1","max-image-preview":"max-image-preview:large","max-video-preview":"max-video-preview:-1"},"og_locale":"en_GB","og_type":"article","og_title":"Nanrobot N6 elektriline t\u00f5ukeratas - Ecocruiser","og_description":"Nanrobot N6 elektriline t\u00f5ukeratas - Ideaalne t\u00f5ukeratas linnas liiklemiseks v\u00f5i maastikul vuramiseks. Kogu valikuga saab tutvuda www.ecocruiser.eu\/pood","og_url":"https:\/\/projekt.vombat.ee\/eco\/pood\/brandid\/nanrobot\/nanrobot-n6-elektriline-toukeratas\/","og_site_name":"Ecocruiser","article_modified_time":"2023-06-29T07:30:05+00:00","og_image":[{"width":551,"height":544,"url":"https:\/\/projekt.vombat.ee\/eco\/wp-content\/uploads\/2023\/03\/Nanrobot-N61.jpg","type":"image\/jpeg"}],"twitter_card":"summary_large_image","twitter_misc":{"Estimated reading time":"2 minutes"},"schema":{"@context":"https:\/\/schema.org","@graph":[{"@type":"WebPage","@id":"https:\/\/projekt.vombat.ee\/eco\/pood\/brandid\/nanrobot\/nanrobot-n6-elektriline-toukeratas\/","url":"https:\/\/projekt.vombat.ee\/eco\/pood\/brandid\/nanrobot\/nanrobot-n6-elektriline-toukeratas\/","name":"Nanrobot N6 elektriline t\u00f5ukeratas - Ecocruiser","isPartOf":{"@id":"https:\/\/projekt.vombat.ee\/eco\/#website"},"primaryImageOfPage":{"@id":"https:\/\/projekt.vombat.ee\/eco\/pood\/brandid\/nanrobot\/nanrobot-n6-elektriline-toukeratas\/#primaryimage"},"image":{"@id":"https:\/\/projekt.vombat.ee\/eco\/pood\/brandid\/nanrobot\/nanrobot-n6-elektriline-toukeratas\/#primaryimage"},"thumbnailUrl":"https:\/\/projekt.vombat.ee\/eco\/wp-content\/uploads\/2023\/03\/Nanrobot-N61.jpg","datePublished":"2023-02-21T19:21:25+00:00","dateModified":"2023-06-29T07:30:05+00:00","description":"Nanrobot N6 elektriline t\u00f5ukeratas - Ideaalne t\u00f5ukeratas linnas liiklemiseks v\u00f5i maastikul vuramiseks. Kogu valikuga saab tutvuda www.ecocruiser.eu\/pood","breadcrumb":{"@id":"https:\/\/projekt.vombat.ee\/eco\/pood\/brandid\/nanrobot\/nanrobot-n6-elektriline-toukeratas\/#breadcrumb"},"inLanguage":"en-GB","potentialAction":[{"@type":"ReadAction","target":["https:\/\/projekt.vombat.ee\/eco\/pood\/brandid\/nanrobot\/nanrobot-n6-elektriline-toukeratas\/"]}]},{"@type":"ImageObject","inLanguage":"en-GB","@id":"https:\/\/projekt.vombat.ee\/eco\/pood\/brandid\/nanrobot\/nanrobot-n6-elektriline-toukeratas\/#primaryimage","url":"https:\/\/projekt.vombat.ee\/eco\/wp-content\/uploads\/2023\/03\/Nanrobot-N61.jpg","contentUrl":"https:\/\/projekt.vombat.ee\/eco\/wp-content\/uploads\/2023\/03\/Nanrobot-N61.jpg","width":551,"height":544,"caption":"Nanrobot N6"},{"@type":"BreadcrumbList","@id":"https:\/\/projekt.vombat.ee\/eco\/pood\/brandid\/nanrobot\/nanrobot-n6-elektriline-toukeratas\/#breadcrumb","itemListElement":[{"@type":"ListItem","position":1,"name":"Home","item":"https:\/\/projekt.vombat.ee\/eco\/"},{"@type":"ListItem","position":2,"name":"Pood","item":"https:\/\/projekt.vombat.ee\/eco\/pood\/"},{"@type":"ListItem","position":3,"name":"Nanrobot N6 elektriline t\u00f5ukeratas"}]},{"@type":"WebSite","@id":"https:\/\/projekt.vombat.ee\/eco\/#website","url":"https:\/\/projekt.vombat.ee\/eco\/","name":"Ecocruiser","description":"","publisher":{"@id":"https:\/\/projekt.vombat.ee\/eco\/#organization"},"potentialAction":[{"@type":"SearchAction","target":{"@type":"EntryPoint","urlTemplate":"https:\/\/projekt.vombat.ee\/eco\/?s={search_term_string}"},"query-input":{"@type":"PropertyValueSpecification","valueRequired":true,"valueName":"search_term_string"}}],"inLanguage":"en-GB"},{"@type":"Organization","@id":"https:\/\/projekt.vombat.ee\/eco\/#organization","name":"Ecocruiser","url":"https:\/\/projekt.vombat.ee\/eco\/","logo":{"@type":"ImageObject","inLanguage":"en-GB","@id":"https:\/\/projekt.vombat.ee\/eco\/#\/schema\/logo\/image\/","url":"https:\/\/projekt.vombat.ee\/eco\/wp-content\/uploads\/2023\/03\/ECOCRUISER_5.png","contentUrl":"https:\/\/projekt.vombat.ee\/eco\/wp-content\/uploads\/2023\/03\/ECOCRUISER_5.png","width":234,"height":91,"caption":"Ecocruiser"},"image":{"@id":"https:\/\/projekt.vombat.ee\/eco\/#\/schema\/logo\/image\/"}}]}},"lang":"et","translations":{"et":2325,"ru":5338,"fi":8384},"pll_sync_post":[],"_links":{"self":[{"href":"https:\/\/projekt.vombat.ee\/eco\/wp-json\/wp\/v2\/product\/2325"}],"collection":[{"href":"https:\/\/projekt.vombat.ee\/eco\/wp-json\/wp\/v2\/product"}],"about":[{"href":"https:\/\/projekt.vombat.ee\/eco\/wp-json\/wp\/v2\/types\/product"}],"version-history":[{"count":6,"href":"https:\/\/projekt.vombat.ee\/eco\/wp-json\/wp\/v2\/product\/2325\/revisions"}],"predecessor-version":[{"id":5965,"href":"https:\/\/projekt.vombat.ee\/eco\/wp-json\/wp\/v2\/product\/2325\/revisions\/5965"}],"wp:featuredmedia":[{"embeddable":true,"href":"https:\/\/projekt.vombat.ee\/eco\/wp-json\/wp\/v2\/media\/5956"}],"wp:attachment":[{"href":"https:\/\/projekt.vombat.ee\/eco\/wp-json\/wp\/v2\/media?parent=2325"}],"wp:term":[{"taxonomy":"product_cat","embeddable":true,"href":"https:\/\/projekt.vombat.ee\/eco\/wp-json\/wp\/v2\/product_cat?post=2325"},{"taxonomy":"product_tag","embeddable":true,"href":"https:\/\/projekt.vombat.ee\/eco\/wp-json\/wp\/v2\/product_tag?post=2325"}],"curies":[{"name":"wp","href":"https:\/\/api.w.org\/{rel}","templated":true}]}}