{"id":2311,"date":"2023-02-21T18:03:41","date_gmt":"2023-02-21T18:03:41","guid":{"rendered":"https:\/\/projekt.vombat.ee\/eco\/?post_type=product&#038;p=2311"},"modified":"2024-05-02T16:51:12","modified_gmt":"2024-05-02T16:51:12","slug":"engwe-t14","status":"publish","type":"product","link":"https:\/\/projekt.vombat.ee\/eco\/pood\/brandid\/engwe\/engwe-t14\/","title":{"rendered":"Engwe T14, Elektriratas 80km"},"content":{"rendered":"<h1 class=\"product_title entry-title\">Engwe T14 250W<\/h1>\n<p>&#8211; Kokkupandav ja kaasaskantav, s\u00e4\u00e4stab hoiuruumi<\/p>\n<p>-Kolmekordne amortisaator mugavaks s\u00f5itmiseks.<\/p>\n<p>&#8211; Siledad jooned ja ilus v\u00e4limus.<\/p>\n<h3><\/h3>\n<h3>Info<\/h3>\n<p>Suurus: 127*52,5*102cm<\/p>\n<p>Laiendatud pikkus: 1250 mm<\/p>\n<p>Kokkupandud pikkus: 700 mm<\/p>\n<p>K\u00e4epide p\u00f5randani (madalaim): 910 mm<\/p>\n<p>K\u00e4epide p\u00f5randani (\u00fclemine): 1060 mm<\/p>\n<p>Istmest p\u00f5randani (madalaim): 660 mm<\/p>\n<p>Istmest p\u00f5randani (k\u00f5rgeim): 900 mm<\/p>\n<p>Pedaalid p\u00f5randani (madalaim): 115 mm<\/p>\n<p>Juhtraua laius: 520 mm<\/p>\n<p>juhtraud istmeni: 310 mm<\/p>\n<p>istme pikkus: 275 mm<\/p>\n<p>Istme laius: 195 mm<\/p>\n<p>Tagumise hoiuraami pikkus: 290 mm<\/p>\n<p>Tagumise hoiuraami pikkus: 150 mm<\/p>\n<p>aku suurus: 357*86*130mm<\/p>\n<p>Karbi m\u00f5\u00f5dud: 1250*205*620<\/p>\n<p>Jalgratta kaal: 28,46 kg<\/p>\n<p>Pakendi kaal: 33,2 kg<\/p>\n<p>&nbsp;<\/p>\n<h3>Tehnilised andmed<\/h3>\n<p>Mudel: T14<\/p>\n<p>Materjal: raud<\/p>\n<p>Jalgratta kaal: 31 kg<\/p>\n<p>Suurus (Pikkus * laius * k\u00f5rgus): 125 * 52 * 106 (CM)<\/p>\n<p>Kokkupandav suurus: 70*47*60cm<\/p>\n<p>Sobib: 155-195cm inimesele<\/p>\n<p>Kohaldatav maastik: Linn<\/p>\n<p>Tippkiirus: 25 KM\/H<\/p>\n<p>Kiirenduse t\u00fc\u00fcp: p\u00f6\u00f6rdgaasi\/anduriabi<\/p>\n<p>T\u00f6\u00f6temperatuur: -10 kuni 40 (Celsiuse j\u00e4rgi)<\/p>\n<p>Maksimaalne kalle: 30 kraadi<\/p>\n<p>Veekindluse tase: IP2<\/p>\n<p>Ekraan: LED 016SX*48V-30<\/p>\n<p>Pidur: mehaaniline ketaspidur<\/p>\n<p>Esituli: LED<\/p>\n<p>Parim rehvir\u00f5hk KPA: 250<\/p>\n<p>Sadul: minimaalne k\u00f5rgus maapinnast (66 cm)<\/p>\n<p>Maksimaalne k\u00f5rgus maapinnast (90 cm)<\/p>\n<p>Juhtraud: minimaalne k\u00f5rgus maapinnast (91 cm)<\/p>\n<p>Maksimaalne k\u00f5rgus maapinnast (106 cm)<\/p>\n<p>&nbsp;<\/p>\n<h3>Paki sees<\/h3>\n<p>1 Engwe T14 250W<br \/>\n1 aku<br \/>\n1 laadija<br \/>\n1 kasutusjuhend ja tarvikud<\/p>\n","protected":false},"excerpt":{"rendered":"<p><strong>Engwe T14<\/strong><\/p>\n<ul>\n<li>Sobib: 155-195cm inimesele<\/li>\n<li>Mootor: 250 W<\/li>\n<li>Aku: 48V 10AH<\/li>\n<li>L\u00e4bis\u00f5it: 35KM (elektrire\u017eiim) \/ 80KM (mopeedire\u017eiim)<\/li>\n<li>Laadimisaeg: 6-8H<\/li>\n<li>Vahemaa: 35-80km<\/li>\n<li>Maksimaalne koormus: 100 kg<\/li>\n<li>V\u00e4rv: Hall<\/li>\n<\/ul>\n<p>&nbsp;<\/p>\n<p><strong>\u2666 Tarneaeg 3-8 p\u00e4eva<\/strong><br \/>\n<strong>\u2666 Laos<\/strong><\/p>\n","protected":false},"featured_media":5654,"template":"","meta":[],"product_cat":[52,907,56],"product_tag":[],"class_list":{"0":"post-2311","1":"product","2":"type-product","3":"status-publish","4":"has-post-thumbnail","6":"product_cat-elektrirattad","7":"product_cat-kokkupandavad-rattad","8":"product_cat-engwe","9":"product_shipping_class-suured-pakid","11":"first","12":"instock","13":"taxable","14":"shipping-taxable","15":"purchasable","16":"product-type-simple"},"yoast_head":"<!-- This site is optimized with the Yoast SEO plugin v23.8 - https:\/\/yoast.com\/wordpress\/plugins\/seo\/ -->\n<title>Engwe T14, Elektriratas 80km - Ecocruiser<\/title>\n<meta name=\"description\" content=\"Engwe T14 250W kokkupandav elektriratas on suurep\u00e4rane isiklik elektriratas, mis pakub sulle fantastilisi s\u00f5idukogemusi ja aastaid head transporditeenust.\" \/>\n<meta name=\"robots\" content=\"noindex, follow, max-snippet:-1, max-image-preview:large, max-video-preview:-1\" \/>\n<meta property=\"og:locale\" content=\"en_GB\" \/>\n<meta property=\"og:type\" content=\"article\" \/>\n<meta property=\"og:title\" content=\"Engwe T14, Elektriratas 80km - Ecocruiser\" \/>\n<meta property=\"og:description\" content=\"Engwe T14 250W kokkupandav elektriratas on suurep\u00e4rane isiklik elektriratas, mis pakub sulle fantastilisi s\u00f5idukogemusi ja aastaid head transporditeenust.\" \/>\n<meta property=\"og:url\" content=\"https:\/\/projekt.vombat.ee\/eco\/pood\/brandid\/engwe\/engwe-t14\/\" \/>\n<meta property=\"og:site_name\" content=\"Ecocruiser\" \/>\n<meta property=\"article:modified_time\" content=\"2024-05-02T16:51:12+00:00\" \/>\n<meta property=\"og:image\" content=\"https:\/\/projekt.vombat.ee\/eco\/wp-content\/uploads\/2023\/03\/Engwe-T14.png\" \/>\n\t<meta property=\"og:image:width\" content=\"1100\" \/>\n\t<meta property=\"og:image:height\" content=\"1000\" \/>\n\t<meta property=\"og:image:type\" content=\"image\/png\" \/>\n<meta name=\"twitter:card\" content=\"summary_large_image\" \/>\n<meta name=\"twitter:label1\" content=\"Estimated reading time\" \/>\n\t<meta name=\"twitter:data1\" content=\"2 minutes\" \/>\n<script type=\"application\/ld+json\" class=\"yoast-schema-graph\">{\"@context\":\"https:\/\/schema.org\",\"@graph\":[{\"@type\":\"WebPage\",\"@id\":\"https:\/\/projekt.vombat.ee\/eco\/pood\/brandid\/engwe\/engwe-t14\/\",\"url\":\"https:\/\/projekt.vombat.ee\/eco\/pood\/brandid\/engwe\/engwe-t14\/\",\"name\":\"Engwe T14, Elektriratas 80km - Ecocruiser\",\"isPartOf\":{\"@id\":\"https:\/\/projekt.vombat.ee\/eco\/#website\"},\"primaryImageOfPage\":{\"@id\":\"https:\/\/projekt.vombat.ee\/eco\/pood\/brandid\/engwe\/engwe-t14\/#primaryimage\"},\"image\":{\"@id\":\"https:\/\/projekt.vombat.ee\/eco\/pood\/brandid\/engwe\/engwe-t14\/#primaryimage\"},\"thumbnailUrl\":\"https:\/\/projekt.vombat.ee\/eco\/wp-content\/uploads\/2023\/03\/Engwe-T14.png\",\"datePublished\":\"2023-02-21T18:03:41+00:00\",\"dateModified\":\"2024-05-02T16:51:12+00:00\",\"description\":\"Engwe T14 250W kokkupandav elektriratas on suurep\u00e4rane isiklik elektriratas, mis pakub sulle fantastilisi s\u00f5idukogemusi ja aastaid head transporditeenust.\",\"breadcrumb\":{\"@id\":\"https:\/\/projekt.vombat.ee\/eco\/pood\/brandid\/engwe\/engwe-t14\/#breadcrumb\"},\"inLanguage\":\"en-GB\",\"potentialAction\":[{\"@type\":\"ReadAction\",\"target\":[\"https:\/\/projekt.vombat.ee\/eco\/pood\/brandid\/engwe\/engwe-t14\/\"]}]},{\"@type\":\"ImageObject\",\"inLanguage\":\"en-GB\",\"@id\":\"https:\/\/projekt.vombat.ee\/eco\/pood\/brandid\/engwe\/engwe-t14\/#primaryimage\",\"url\":\"https:\/\/projekt.vombat.ee\/eco\/wp-content\/uploads\/2023\/03\/Engwe-T14.png\",\"contentUrl\":\"https:\/\/projekt.vombat.ee\/eco\/wp-content\/uploads\/2023\/03\/Engwe-T14.png\",\"width\":1100,\"height\":1000,\"caption\":\"Engwe T14,\"},{\"@type\":\"BreadcrumbList\",\"@id\":\"https:\/\/projekt.vombat.ee\/eco\/pood\/brandid\/engwe\/engwe-t14\/#breadcrumb\",\"itemListElement\":[{\"@type\":\"ListItem\",\"position\":1,\"name\":\"Home\",\"item\":\"https:\/\/projekt.vombat.ee\/eco\/\"},{\"@type\":\"ListItem\",\"position\":2,\"name\":\"Pood\",\"item\":\"https:\/\/projekt.vombat.ee\/eco\/pood\/\"},{\"@type\":\"ListItem\",\"position\":3,\"name\":\"Engwe T14, Elektriratas 80km\"}]},{\"@type\":\"WebSite\",\"@id\":\"https:\/\/projekt.vombat.ee\/eco\/#website\",\"url\":\"https:\/\/projekt.vombat.ee\/eco\/\",\"name\":\"Ecocruiser\",\"description\":\"\",\"publisher\":{\"@id\":\"https:\/\/projekt.vombat.ee\/eco\/#organization\"},\"potentialAction\":[{\"@type\":\"SearchAction\",\"target\":{\"@type\":\"EntryPoint\",\"urlTemplate\":\"https:\/\/projekt.vombat.ee\/eco\/?s={search_term_string}\"},\"query-input\":{\"@type\":\"PropertyValueSpecification\",\"valueRequired\":true,\"valueName\":\"search_term_string\"}}],\"inLanguage\":\"en-GB\"},{\"@type\":\"Organization\",\"@id\":\"https:\/\/projekt.vombat.ee\/eco\/#organization\",\"name\":\"Ecocruiser\",\"url\":\"https:\/\/projekt.vombat.ee\/eco\/\",\"logo\":{\"@type\":\"ImageObject\",\"inLanguage\":\"en-GB\",\"@id\":\"https:\/\/projekt.vombat.ee\/eco\/#\/schema\/logo\/image\/\",\"url\":\"https:\/\/projekt.vombat.ee\/eco\/wp-content\/uploads\/2023\/03\/ECOCRUISER_5.png\",\"contentUrl\":\"https:\/\/projekt.vombat.ee\/eco\/wp-content\/uploads\/2023\/03\/ECOCRUISER_5.png\",\"width\":234,\"height\":91,\"caption\":\"Ecocruiser\"},\"image\":{\"@id\":\"https:\/\/projekt.vombat.ee\/eco\/#\/schema\/logo\/image\/\"}}]}<\/script>\n<!-- \/ Yoast SEO plugin. -->","yoast_head_json":{"title":"Engwe T14, Elektriratas 80km - Ecocruiser","description":"Engwe T14 250W kokkupandav elektriratas on suurep\u00e4rane isiklik elektriratas, mis pakub sulle fantastilisi s\u00f5idukogemusi ja aastaid head transporditeenust.","robots":{"index":"noindex","follow":"follow","max-snippet":"max-snippet:-1","max-image-preview":"max-image-preview:large","max-video-preview":"max-video-preview:-1"},"og_locale":"en_GB","og_type":"article","og_title":"Engwe T14, Elektriratas 80km - Ecocruiser","og_description":"Engwe T14 250W kokkupandav elektriratas on suurep\u00e4rane isiklik elektriratas, mis pakub sulle fantastilisi s\u00f5idukogemusi ja aastaid head transporditeenust.","og_url":"https:\/\/projekt.vombat.ee\/eco\/pood\/brandid\/engwe\/engwe-t14\/","og_site_name":"Ecocruiser","article_modified_time":"2024-05-02T16:51:12+00:00","og_image":[{"width":1100,"height":1000,"url":"https:\/\/projekt.vombat.ee\/eco\/wp-content\/uploads\/2023\/03\/Engwe-T14.png","type":"image\/png"}],"twitter_card":"summary_large_image","twitter_misc":{"Estimated reading time":"2 minutes"},"schema":{"@context":"https:\/\/schema.org","@graph":[{"@type":"WebPage","@id":"https:\/\/projekt.vombat.ee\/eco\/pood\/brandid\/engwe\/engwe-t14\/","url":"https:\/\/projekt.vombat.ee\/eco\/pood\/brandid\/engwe\/engwe-t14\/","name":"Engwe T14, Elektriratas 80km - Ecocruiser","isPartOf":{"@id":"https:\/\/projekt.vombat.ee\/eco\/#website"},"primaryImageOfPage":{"@id":"https:\/\/projekt.vombat.ee\/eco\/pood\/brandid\/engwe\/engwe-t14\/#primaryimage"},"image":{"@id":"https:\/\/projekt.vombat.ee\/eco\/pood\/brandid\/engwe\/engwe-t14\/#primaryimage"},"thumbnailUrl":"https:\/\/projekt.vombat.ee\/eco\/wp-content\/uploads\/2023\/03\/Engwe-T14.png","datePublished":"2023-02-21T18:03:41+00:00","dateModified":"2024-05-02T16:51:12+00:00","description":"Engwe T14 250W kokkupandav elektriratas on suurep\u00e4rane isiklik elektriratas, mis pakub sulle fantastilisi s\u00f5idukogemusi ja aastaid head transporditeenust.","breadcrumb":{"@id":"https:\/\/projekt.vombat.ee\/eco\/pood\/brandid\/engwe\/engwe-t14\/#breadcrumb"},"inLanguage":"en-GB","potentialAction":[{"@type":"ReadAction","target":["https:\/\/projekt.vombat.ee\/eco\/pood\/brandid\/engwe\/engwe-t14\/"]}]},{"@type":"ImageObject","inLanguage":"en-GB","@id":"https:\/\/projekt.vombat.ee\/eco\/pood\/brandid\/engwe\/engwe-t14\/#primaryimage","url":"https:\/\/projekt.vombat.ee\/eco\/wp-content\/uploads\/2023\/03\/Engwe-T14.png","contentUrl":"https:\/\/projekt.vombat.ee\/eco\/wp-content\/uploads\/2023\/03\/Engwe-T14.png","width":1100,"height":1000,"caption":"Engwe T14,"},{"@type":"BreadcrumbList","@id":"https:\/\/projekt.vombat.ee\/eco\/pood\/brandid\/engwe\/engwe-t14\/#breadcrumb","itemListElement":[{"@type":"ListItem","position":1,"name":"Home","item":"https:\/\/projekt.vombat.ee\/eco\/"},{"@type":"ListItem","position":2,"name":"Pood","item":"https:\/\/projekt.vombat.ee\/eco\/pood\/"},{"@type":"ListItem","position":3,"name":"Engwe T14, Elektriratas 80km"}]},{"@type":"WebSite","@id":"https:\/\/projekt.vombat.ee\/eco\/#website","url":"https:\/\/projekt.vombat.ee\/eco\/","name":"Ecocruiser","description":"","publisher":{"@id":"https:\/\/projekt.vombat.ee\/eco\/#organization"},"potentialAction":[{"@type":"SearchAction","target":{"@type":"EntryPoint","urlTemplate":"https:\/\/projekt.vombat.ee\/eco\/?s={search_term_string}"},"query-input":{"@type":"PropertyValueSpecification","valueRequired":true,"valueName":"search_term_string"}}],"inLanguage":"en-GB"},{"@type":"Organization","@id":"https:\/\/projekt.vombat.ee\/eco\/#organization","name":"Ecocruiser","url":"https:\/\/projekt.vombat.ee\/eco\/","logo":{"@type":"ImageObject","inLanguage":"en-GB","@id":"https:\/\/projekt.vombat.ee\/eco\/#\/schema\/logo\/image\/","url":"https:\/\/projekt.vombat.ee\/eco\/wp-content\/uploads\/2023\/03\/ECOCRUISER_5.png","contentUrl":"https:\/\/projekt.vombat.ee\/eco\/wp-content\/uploads\/2023\/03\/ECOCRUISER_5.png","width":234,"height":91,"caption":"Ecocruiser"},"image":{"@id":"https:\/\/projekt.vombat.ee\/eco\/#\/schema\/logo\/image\/"}}]}},"lang":"et","translations":{"et":2311,"ru":5385,"fi":7471},"pll_sync_post":[],"_links":{"self":[{"href":"https:\/\/projekt.vombat.ee\/eco\/wp-json\/wp\/v2\/product\/2311"}],"collection":[{"href":"https:\/\/projekt.vombat.ee\/eco\/wp-json\/wp\/v2\/product"}],"about":[{"href":"https:\/\/projekt.vombat.ee\/eco\/wp-json\/wp\/v2\/types\/product"}],"version-history":[{"count":8,"href":"https:\/\/projekt.vombat.ee\/eco\/wp-json\/wp\/v2\/product\/2311\/revisions"}],"predecessor-version":[{"id":16767,"href":"https:\/\/projekt.vombat.ee\/eco\/wp-json\/wp\/v2\/product\/2311\/revisions\/16767"}],"wp:featuredmedia":[{"embeddable":true,"href":"https:\/\/projekt.vombat.ee\/eco\/wp-json\/wp\/v2\/media\/5654"}],"wp:attachment":[{"href":"https:\/\/projekt.vombat.ee\/eco\/wp-json\/wp\/v2\/media?parent=2311"}],"wp:term":[{"taxonomy":"product_cat","embeddable":true,"href":"https:\/\/projekt.vombat.ee\/eco\/wp-json\/wp\/v2\/product_cat?post=2311"},{"taxonomy":"product_tag","embeddable":true,"href":"https:\/\/projekt.vombat.ee\/eco\/wp-json\/wp\/v2\/product_tag?post=2311"}],"curies":[{"name":"wp","href":"https:\/\/api.w.org\/{rel}","templated":true}]}}