{"id":2302,"date":"2023-02-21T17:03:28","date_gmt":"2023-02-21T17:03:28","guid":{"rendered":"https:\/\/projekt.vombat.ee\/eco\/?post_type=product&#038;p=2302"},"modified":"2024-04-08T10:02:30","modified_gmt":"2024-04-08T10:02:30","slug":"engwe-ep-2-pro-elektriratas","status":"publish","type":"product","link":"https:\/\/projekt.vombat.ee\/eco\/pood\/brandid\/engwe\/engwe-ep-2-pro-elektriratas\/","title":{"rendered":"ENGWE EP-2, Elektriratas 120 km"},"content":{"rendered":"<h1 class=\"product_title entry-title\">ENGWE EP-2 250W<\/h1>\n<p>&nbsp;<\/p>\n<h3>V\u00f5imas mootor<\/h3>\n<p>Rasvarehvidega jalgratas 250W kiirharjadeta k\u00e4igumootorite ja 48V intelligentse harjata kontrolleriga, see aitab teil h\u00f5lpsalt aidata liikuda maksimaalse kiirusega 25km\/h (elektrire\u017eiim).<\/p>\n<h3>3 re\u017eiimi ja 5 v\u00f5imsustaset<\/h3>\n<p>Pure Electricu, assistendire\u017eiimi ja iseenda poolt saate puhata elektrire\u017eiimi, et nautida l\u00f5\u00f5gastavat aega ja kasutada seda ka treenimiseks. V\u00f5imsuse taset on lihtne muuta, vajutades klahvi M -i vastavalt teie vajadustele.<\/p>\n<h3>T\u00e4iuslikud pidurid ja 7 kiirust<\/h3>\n<p>Esi- ja tagumiste ketaspiduritega kokkupandav elektriline jalgratas ning 7. kiirusega saate valida mis tahes kiiruse, et nautida kiiremat s\u00f5iduaega v\u00f5i kogeda puhkus vastavalt teie vajadustele. T\u00e4iuslikud pidurid kaitsevad t\u00e4ielikult teie turvalisust.<\/p>\n<h3>Parem aku<\/h3>\n<p>See 48 V 13AH liitiumakuga elektriline m\u00e4giratas v\u00f5ite puhta elektrire\u017eiimis s\u00f5ita kuni maksimaalse kiirusega 25km\/h. Kokkupandava keskmise varre ja eemaldatava aku vastuv\u00f5tmisel saate raami aku laadida v\u00f5i h\u00f5lpsalt eemaldada.<\/p>\n<h3>Kvaliteetne materjal<\/h3>\n<p>Elektriratas v\u00f5tab kasutusele suurep\u00e4rase alumiiniumsulamiraami, suure sitkuse ja tugeva korrosioonikindluse tunnuse. Eesmine kahvel on valmistatud \u00fclitugevast s\u00fcsinikterasest ja pakitud esmaklassilise mugavuse l\u00f6\u00f6gi imendumisega. Kerge ja t\u00f5husa disainiga sobib alumiiniumsulamist 20-tolline ratas nii linna- kui ka rajakeskkonda.<\/p>\n<h3>Lihtne voltimine<\/h3>\n<p>Seda on lihtne kokku panna. Kokkupandav \u00fclemine toru ja raam muudavad selle kaasaskantavaks ja h\u00f5lpsasti oma autos v\u00f5i k\u00f5ikjal, kus olete kasutamiseks valmis.<\/p>\n<h3>Mis on karbis?<\/h3>\n<p>Meie jalgrattad on 75% eelnevalt kokkupandud.<\/p>\n<ul>\n<li>EP-2 Ebike<\/li>\n<li>Akulaadija<\/li>\n<li>Kasutusjuhend<\/li>\n<\/ul>\n<p>&nbsp;<\/p>\n<h3>Info<\/h3>\n<p>Maksimaalne kandev\u00f5ime: 150 kg<\/p>\n<p>Pedaali kaugus maapinnast: 10cm<\/p>\n<p>Rakenduse k\u00f5rgus: 150\u2013210cm<\/p>\n<p>Esi- ja tagapiduri mehaaniline pidur<\/p>\n<p>Integreeritud veekindel alumine k\u00e4epide<\/p>\n<p>LED -esituled<\/p>\n<h3>Parameetrid<\/h3>\n<p>V\u00f5imsus 250W(piirajaga)<\/p>\n<p>Maksimaalne p\u00f6\u00f6rdemomendi j\u00f5udlus 6-35<\/p>\n<p>7 kiirusega k\u00e4igukast<\/p>\n<p>&nbsp;<\/p>\n<h3>Aku parameetrid<\/h3>\n<p>Aku maht: 13AH<\/p>\n<p>Hindepinge: 48V<\/p>\n<p>Hinnatud v\u00f5imsus: 250W (piirajaga)<\/p>\n<h3>Kaal ja suurus<\/h3>\n<p>Netomass 30,1 kg<\/p>\n<p>Toote suurus (L x W x H): 169 x 57 x 120cm<\/p>\n<p>Pakendi suurus (L x W x H): 143 x 30 x 76cm<\/p>\n<p>&nbsp;<\/p>\n","protected":false},"excerpt":{"rendered":"<p><strong>Engwe EP-2<\/strong>\u00a0t\u00e4iustatud versioon on stiilne laiade rehvidega elektriline m\u00e4giratas. Kokkupandav \u00fclemine toru ja raam muudavad selle kaasaskantavaks ja mugavaks oma autos v\u00f5i mujal hoidmiseks.<\/p>\n<p>&nbsp;<\/p>\n<ul>\n<li>Laadimisaeg: 4,3h<\/li>\n<li>Maksimaalne kandev\u00f5ime: 150 kg<\/li>\n<li>120 km l\u00e4bis\u00f5it abi re\u017eiimis<\/li>\n<\/ul>\n<p>&nbsp;<\/p>\n<p><strong>\u2666 Tarneaeg 3-7 p\u00e4eva<\/strong><br \/>\n<strong>\u2666 Laos<\/strong><\/p>\n","protected":false},"featured_media":5795,"template":"","meta":[],"product_cat":[52,907,56],"product_tag":[],"class_list":{"0":"post-2302","1":"product","2":"type-product","3":"status-publish","4":"has-post-thumbnail","6":"product_cat-elektrirattad","7":"product_cat-kokkupandavad-rattad","8":"product_cat-engwe","9":"product_shipping_class-suured-pakid","11":"first","12":"instock","13":"sale","14":"taxable","15":"shipping-taxable","16":"purchasable","17":"product-type-variable"},"yoast_head":"<!-- This site is optimized with the Yoast SEO plugin v23.8 - https:\/\/yoast.com\/wordpress\/plugins\/seo\/ -->\n<title>ENGWE EP-2, Elektriratas 120 km - Ecocruiser<\/title>\n<meta name=\"description\" content=\"ENGWE EP-2 PRO on laiade rehvidega jalgratas 250W kiirharjadeta k\u00e4igumootorite ja 48V intelligentse harjata kontrolleriga, see aitab teil h\u00f5lpsalt aidata liikuda maksimaalse kiirusega 25km\/h (elektrire\u017eiim).\" \/>\n<meta name=\"robots\" content=\"noindex, follow, max-snippet:-1, max-image-preview:large, max-video-preview:-1\" \/>\n<meta property=\"og:locale\" content=\"en_GB\" \/>\n<meta property=\"og:type\" content=\"article\" \/>\n<meta property=\"og:title\" content=\"ENGWE EP-2, Elektriratas 120 km - Ecocruiser\" \/>\n<meta property=\"og:description\" content=\"ENGWE EP-2 PRO on laiade rehvidega jalgratas 250W kiirharjadeta k\u00e4igumootorite ja 48V intelligentse harjata kontrolleriga, see aitab teil h\u00f5lpsalt aidata liikuda maksimaalse kiirusega 25km\/h (elektrire\u017eiim).\" \/>\n<meta property=\"og:url\" content=\"https:\/\/projekt.vombat.ee\/eco\/pood\/brandid\/engwe\/engwe-ep-2-pro-elektriratas\/\" \/>\n<meta property=\"og:site_name\" content=\"Ecocruiser\" \/>\n<meta property=\"article:modified_time\" content=\"2024-04-08T10:02:30+00:00\" \/>\n<meta property=\"og:image\" content=\"https:\/\/projekt.vombat.ee\/eco\/wp-content\/uploads\/2023\/03\/ENGWE-EP-2-PRO.webp\" \/>\n\t<meta property=\"og:image:width\" content=\"540\" \/>\n\t<meta property=\"og:image:height\" content=\"752\" \/>\n\t<meta property=\"og:image:type\" content=\"image\/webp\" \/>\n<meta name=\"twitter:card\" content=\"summary_large_image\" \/>\n<meta name=\"twitter:label1\" content=\"Estimated reading time\" \/>\n\t<meta name=\"twitter:data1\" content=\"2 minutes\" \/>\n<script type=\"application\/ld+json\" class=\"yoast-schema-graph\">{\"@context\":\"https:\/\/schema.org\",\"@graph\":[{\"@type\":\"WebPage\",\"@id\":\"https:\/\/projekt.vombat.ee\/eco\/pood\/brandid\/engwe\/engwe-ep-2-pro-elektriratas\/\",\"url\":\"https:\/\/projekt.vombat.ee\/eco\/pood\/brandid\/engwe\/engwe-ep-2-pro-elektriratas\/\",\"name\":\"ENGWE EP-2, Elektriratas 120 km - Ecocruiser\",\"isPartOf\":{\"@id\":\"https:\/\/projekt.vombat.ee\/eco\/#website\"},\"primaryImageOfPage\":{\"@id\":\"https:\/\/projekt.vombat.ee\/eco\/pood\/brandid\/engwe\/engwe-ep-2-pro-elektriratas\/#primaryimage\"},\"image\":{\"@id\":\"https:\/\/projekt.vombat.ee\/eco\/pood\/brandid\/engwe\/engwe-ep-2-pro-elektriratas\/#primaryimage\"},\"thumbnailUrl\":\"https:\/\/projekt.vombat.ee\/eco\/wp-content\/uploads\/2023\/03\/ENGWE-EP-2-PRO.webp\",\"datePublished\":\"2023-02-21T17:03:28+00:00\",\"dateModified\":\"2024-04-08T10:02:30+00:00\",\"description\":\"ENGWE EP-2 PRO on laiade rehvidega jalgratas 250W kiirharjadeta k\u00e4igumootorite ja 48V intelligentse harjata kontrolleriga, see aitab teil h\u00f5lpsalt aidata liikuda maksimaalse kiirusega 25km\/h (elektrire\u017eiim).\",\"breadcrumb\":{\"@id\":\"https:\/\/projekt.vombat.ee\/eco\/pood\/brandid\/engwe\/engwe-ep-2-pro-elektriratas\/#breadcrumb\"},\"inLanguage\":\"en-GB\",\"potentialAction\":[{\"@type\":\"ReadAction\",\"target\":[\"https:\/\/projekt.vombat.ee\/eco\/pood\/brandid\/engwe\/engwe-ep-2-pro-elektriratas\/\"]}]},{\"@type\":\"ImageObject\",\"inLanguage\":\"en-GB\",\"@id\":\"https:\/\/projekt.vombat.ee\/eco\/pood\/brandid\/engwe\/engwe-ep-2-pro-elektriratas\/#primaryimage\",\"url\":\"https:\/\/projekt.vombat.ee\/eco\/wp-content\/uploads\/2023\/03\/ENGWE-EP-2-PRO.webp\",\"contentUrl\":\"https:\/\/projekt.vombat.ee\/eco\/wp-content\/uploads\/2023\/03\/ENGWE-EP-2-PRO.webp\",\"width\":540,\"height\":752,\"caption\":\"ENGWE EP-2 PRO\"},{\"@type\":\"BreadcrumbList\",\"@id\":\"https:\/\/projekt.vombat.ee\/eco\/pood\/brandid\/engwe\/engwe-ep-2-pro-elektriratas\/#breadcrumb\",\"itemListElement\":[{\"@type\":\"ListItem\",\"position\":1,\"name\":\"Home\",\"item\":\"https:\/\/projekt.vombat.ee\/eco\/\"},{\"@type\":\"ListItem\",\"position\":2,\"name\":\"Pood\",\"item\":\"https:\/\/projekt.vombat.ee\/eco\/pood\/\"},{\"@type\":\"ListItem\",\"position\":3,\"name\":\"ENGWE EP-2, Elektriratas 120 km\"}]},{\"@type\":\"WebSite\",\"@id\":\"https:\/\/projekt.vombat.ee\/eco\/#website\",\"url\":\"https:\/\/projekt.vombat.ee\/eco\/\",\"name\":\"Ecocruiser\",\"description\":\"\",\"publisher\":{\"@id\":\"https:\/\/projekt.vombat.ee\/eco\/#organization\"},\"potentialAction\":[{\"@type\":\"SearchAction\",\"target\":{\"@type\":\"EntryPoint\",\"urlTemplate\":\"https:\/\/projekt.vombat.ee\/eco\/?s={search_term_string}\"},\"query-input\":{\"@type\":\"PropertyValueSpecification\",\"valueRequired\":true,\"valueName\":\"search_term_string\"}}],\"inLanguage\":\"en-GB\"},{\"@type\":\"Organization\",\"@id\":\"https:\/\/projekt.vombat.ee\/eco\/#organization\",\"name\":\"Ecocruiser\",\"url\":\"https:\/\/projekt.vombat.ee\/eco\/\",\"logo\":{\"@type\":\"ImageObject\",\"inLanguage\":\"en-GB\",\"@id\":\"https:\/\/projekt.vombat.ee\/eco\/#\/schema\/logo\/image\/\",\"url\":\"https:\/\/projekt.vombat.ee\/eco\/wp-content\/uploads\/2023\/03\/ECOCRUISER_5.png\",\"contentUrl\":\"https:\/\/projekt.vombat.ee\/eco\/wp-content\/uploads\/2023\/03\/ECOCRUISER_5.png\",\"width\":234,\"height\":91,\"caption\":\"Ecocruiser\"},\"image\":{\"@id\":\"https:\/\/projekt.vombat.ee\/eco\/#\/schema\/logo\/image\/\"}}]}<\/script>\n<!-- \/ Yoast SEO plugin. -->","yoast_head_json":{"title":"ENGWE EP-2, Elektriratas 120 km - Ecocruiser","description":"ENGWE EP-2 PRO on laiade rehvidega jalgratas 250W kiirharjadeta k\u00e4igumootorite ja 48V intelligentse harjata kontrolleriga, see aitab teil h\u00f5lpsalt aidata liikuda maksimaalse kiirusega 25km\/h (elektrire\u017eiim).","robots":{"index":"noindex","follow":"follow","max-snippet":"max-snippet:-1","max-image-preview":"max-image-preview:large","max-video-preview":"max-video-preview:-1"},"og_locale":"en_GB","og_type":"article","og_title":"ENGWE EP-2, Elektriratas 120 km - Ecocruiser","og_description":"ENGWE EP-2 PRO on laiade rehvidega jalgratas 250W kiirharjadeta k\u00e4igumootorite ja 48V intelligentse harjata kontrolleriga, see aitab teil h\u00f5lpsalt aidata liikuda maksimaalse kiirusega 25km\/h (elektrire\u017eiim).","og_url":"https:\/\/projekt.vombat.ee\/eco\/pood\/brandid\/engwe\/engwe-ep-2-pro-elektriratas\/","og_site_name":"Ecocruiser","article_modified_time":"2024-04-08T10:02:30+00:00","og_image":[{"width":540,"height":752,"url":"https:\/\/projekt.vombat.ee\/eco\/wp-content\/uploads\/2023\/03\/ENGWE-EP-2-PRO.webp","type":"image\/webp"}],"twitter_card":"summary_large_image","twitter_misc":{"Estimated reading time":"2 minutes"},"schema":{"@context":"https:\/\/schema.org","@graph":[{"@type":"WebPage","@id":"https:\/\/projekt.vombat.ee\/eco\/pood\/brandid\/engwe\/engwe-ep-2-pro-elektriratas\/","url":"https:\/\/projekt.vombat.ee\/eco\/pood\/brandid\/engwe\/engwe-ep-2-pro-elektriratas\/","name":"ENGWE EP-2, Elektriratas 120 km - Ecocruiser","isPartOf":{"@id":"https:\/\/projekt.vombat.ee\/eco\/#website"},"primaryImageOfPage":{"@id":"https:\/\/projekt.vombat.ee\/eco\/pood\/brandid\/engwe\/engwe-ep-2-pro-elektriratas\/#primaryimage"},"image":{"@id":"https:\/\/projekt.vombat.ee\/eco\/pood\/brandid\/engwe\/engwe-ep-2-pro-elektriratas\/#primaryimage"},"thumbnailUrl":"https:\/\/projekt.vombat.ee\/eco\/wp-content\/uploads\/2023\/03\/ENGWE-EP-2-PRO.webp","datePublished":"2023-02-21T17:03:28+00:00","dateModified":"2024-04-08T10:02:30+00:00","description":"ENGWE EP-2 PRO on laiade rehvidega jalgratas 250W kiirharjadeta k\u00e4igumootorite ja 48V intelligentse harjata kontrolleriga, see aitab teil h\u00f5lpsalt aidata liikuda maksimaalse kiirusega 25km\/h (elektrire\u017eiim).","breadcrumb":{"@id":"https:\/\/projekt.vombat.ee\/eco\/pood\/brandid\/engwe\/engwe-ep-2-pro-elektriratas\/#breadcrumb"},"inLanguage":"en-GB","potentialAction":[{"@type":"ReadAction","target":["https:\/\/projekt.vombat.ee\/eco\/pood\/brandid\/engwe\/engwe-ep-2-pro-elektriratas\/"]}]},{"@type":"ImageObject","inLanguage":"en-GB","@id":"https:\/\/projekt.vombat.ee\/eco\/pood\/brandid\/engwe\/engwe-ep-2-pro-elektriratas\/#primaryimage","url":"https:\/\/projekt.vombat.ee\/eco\/wp-content\/uploads\/2023\/03\/ENGWE-EP-2-PRO.webp","contentUrl":"https:\/\/projekt.vombat.ee\/eco\/wp-content\/uploads\/2023\/03\/ENGWE-EP-2-PRO.webp","width":540,"height":752,"caption":"ENGWE EP-2 PRO"},{"@type":"BreadcrumbList","@id":"https:\/\/projekt.vombat.ee\/eco\/pood\/brandid\/engwe\/engwe-ep-2-pro-elektriratas\/#breadcrumb","itemListElement":[{"@type":"ListItem","position":1,"name":"Home","item":"https:\/\/projekt.vombat.ee\/eco\/"},{"@type":"ListItem","position":2,"name":"Pood","item":"https:\/\/projekt.vombat.ee\/eco\/pood\/"},{"@type":"ListItem","position":3,"name":"ENGWE EP-2, Elektriratas 120 km"}]},{"@type":"WebSite","@id":"https:\/\/projekt.vombat.ee\/eco\/#website","url":"https:\/\/projekt.vombat.ee\/eco\/","name":"Ecocruiser","description":"","publisher":{"@id":"https:\/\/projekt.vombat.ee\/eco\/#organization"},"potentialAction":[{"@type":"SearchAction","target":{"@type":"EntryPoint","urlTemplate":"https:\/\/projekt.vombat.ee\/eco\/?s={search_term_string}"},"query-input":{"@type":"PropertyValueSpecification","valueRequired":true,"valueName":"search_term_string"}}],"inLanguage":"en-GB"},{"@type":"Organization","@id":"https:\/\/projekt.vombat.ee\/eco\/#organization","name":"Ecocruiser","url":"https:\/\/projekt.vombat.ee\/eco\/","logo":{"@type":"ImageObject","inLanguage":"en-GB","@id":"https:\/\/projekt.vombat.ee\/eco\/#\/schema\/logo\/image\/","url":"https:\/\/projekt.vombat.ee\/eco\/wp-content\/uploads\/2023\/03\/ECOCRUISER_5.png","contentUrl":"https:\/\/projekt.vombat.ee\/eco\/wp-content\/uploads\/2023\/03\/ECOCRUISER_5.png","width":234,"height":91,"caption":"Ecocruiser"},"image":{"@id":"https:\/\/projekt.vombat.ee\/eco\/#\/schema\/logo\/image\/"}}]}},"lang":"et","translations":{"et":2302,"ru":5396,"fi":8473},"pll_sync_post":[],"_links":{"self":[{"href":"https:\/\/projekt.vombat.ee\/eco\/wp-json\/wp\/v2\/product\/2302"}],"collection":[{"href":"https:\/\/projekt.vombat.ee\/eco\/wp-json\/wp\/v2\/product"}],"about":[{"href":"https:\/\/projekt.vombat.ee\/eco\/wp-json\/wp\/v2\/types\/product"}],"version-history":[{"count":12,"href":"https:\/\/projekt.vombat.ee\/eco\/wp-json\/wp\/v2\/product\/2302\/revisions"}],"predecessor-version":[{"id":15561,"href":"https:\/\/projekt.vombat.ee\/eco\/wp-json\/wp\/v2\/product\/2302\/revisions\/15561"}],"wp:featuredmedia":[{"embeddable":true,"href":"https:\/\/projekt.vombat.ee\/eco\/wp-json\/wp\/v2\/media\/5795"}],"wp:attachment":[{"href":"https:\/\/projekt.vombat.ee\/eco\/wp-json\/wp\/v2\/media?parent=2302"}],"wp:term":[{"taxonomy":"product_cat","embeddable":true,"href":"https:\/\/projekt.vombat.ee\/eco\/wp-json\/wp\/v2\/product_cat?post=2302"},{"taxonomy":"product_tag","embeddable":true,"href":"https:\/\/projekt.vombat.ee\/eco\/wp-json\/wp\/v2\/product_tag?post=2302"}],"curies":[{"name":"wp","href":"https:\/\/api.w.org\/{rel}","templated":true}]}}