{"id":2274,"date":"2023-02-21T13:43:38","date_gmt":"2023-02-21T13:43:38","guid":{"rendered":"https:\/\/projekt.vombat.ee\/eco\/?post_type=product&#038;p=2274"},"modified":"2024-01-20T04:04:05","modified_gmt":"2024-01-20T04:04:05","slug":"engwe-p26-elektriratas-hall","status":"publish","type":"product","link":"https:\/\/projekt.vombat.ee\/eco\/pood\/brandid\/engwe\/engwe-p26-elektriratas-hall\/","title":{"rendered":"Engwe P26, Elektriratas hall 100 km"},"content":{"rendered":"<h3>SPETSIFIKATSIOON<\/h3>\n<p>Kiirendusre\u017eiim: anduri abiga (gaasi saab lahti lukustada)<br \/>\n250W mootor<br \/>\nVahemaa: 70 km<br \/>\nMaksimaalne t\u00f5usunurk: 7\u00b0<br \/>\nAku: 36V 17ah<br \/>\nEesmine amortisaator: mehaaniline<br \/>\nRehvi m\u00f5\u00f5dud: 26*1,95 tolli<br \/>\nP\u00f6\u00f6rdemoment 40 Nm<\/p>\n<h3>M\u00d5\u00d5TMED<\/h3>\n<p>Pikkus lahtivoldituna: 173 cm<br \/>\nLenksu k\u00f5rgus (minimaalne): 115 cm<br \/>\nLenksu k\u00f5rgus (maksimaalne): 155 cm<br \/>\nIstme ja maa vaheline kaugus (minimaalne): 83 cm<br \/>\nIstme k\u00f5rgus maast (maksimaalne): 99 cm<br \/>\nPedaalid maani (minimaalne): 12 cm<br \/>\nJalgratta kaal: 26,2 kg<br \/>\nToote suurus (Pikkus x Laius x K\u00f5rgus ): 173 x 63 x 112 cm<\/p>\n<h3>Paki sisu<\/h3>\n<p>1 x ENGWE P26 elektrijalgratas<\/p>\n<p>1x laadija<\/p>\n<p>1 x kasutusjuhend<\/p>\n<p>1 x t\u00f6\u00f6riistad<\/p>\n","protected":false},"excerpt":{"rendered":"<p>ENGWE P26 on 250W mootoriga linnaratas, mis saavutab maksimaalse kiiruse 25 km\/h ja vastab t\u00e4ielikult EL eeskirjadele. Ratta s\u00f5iduulatus on t\u00e4islaadimisel 70 km, see s\u00f5ltub kasutaja kaalust ja maastikust. Ratas on varustatud 36V17Ah akuga. Sellel on eesmine amortisaator ja rehvi m\u00f5\u00f5tmed on 26 \u00d7 1,95 tolli. See v\u00f5ib t\u00f5usta n\u00f5lvadel kuni 7 kraadi.<\/p>\n<p>&nbsp;<\/p>\n<ul>\n<li>Maksimaalne kiirus: 25 km\/h<\/li>\n<li>Abistav kiirus: 25 km\/h<\/li>\n<li>Puhtalt elektriline s\u00f5iduulatus: 65 km<\/li>\n<li>Maksimaalne abistatav s\u00f5iduulatus: 100 km<\/li>\n<li>Maksimaalne kandev\u00f5ime: 120 kg<\/li>\n<li>Laadimisaeg: 6,4h<\/li>\n<\/ul>\n<p>\u2666\u00a0<strong>Tarneaeg 2-6 p\u00e4eva<\/strong><br \/>\n\u2666\u00a0<strong>Laos<\/strong><\/p>\n","protected":false},"featured_media":2798,"template":"","meta":[],"product_cat":[52,903,905,56],"product_tag":[],"class_list":{"0":"post-2274","1":"product","2":"type-product","3":"status-publish","4":"has-post-thumbnail","6":"product_cat-elektrirattad","7":"product_cat-linnarattad","8":"product_cat-maastikurattad","9":"product_cat-engwe","10":"product_shipping_class-suured-pakid","12":"first","13":"instock","14":"taxable","15":"shipping-taxable","16":"purchasable","17":"product-type-simple"},"yoast_head":"<!-- This site is optimized with the Yoast SEO plugin v23.8 - https:\/\/yoast.com\/wordpress\/plugins\/seo\/ -->\n<title>Engwe P26, Elektriratas hall 100 km - Ecocruiser<\/title>\n<meta name=\"description\" content=\"ENGWE P26 elektriratas on 250W mootoriga linnaratas, mis saavutab maksimaalse kiiruse 25 km\/h ja vastab t\u00e4ielikult EL eeskirjadele. Ratta s\u00f5iduulatus on t\u00e4islaadimisel 70 km, see s\u00f5ltub kasutaja kaalust ja maastikust.\" \/>\n<meta name=\"robots\" content=\"noindex, follow, max-snippet:-1, max-image-preview:large, max-video-preview:-1\" \/>\n<meta property=\"og:locale\" content=\"en_GB\" \/>\n<meta property=\"og:type\" content=\"article\" \/>\n<meta property=\"og:title\" content=\"Engwe P26, Elektriratas hall 100 km - Ecocruiser\" \/>\n<meta property=\"og:description\" content=\"ENGWE P26 elektriratas on 250W mootoriga linnaratas, mis saavutab maksimaalse kiiruse 25 km\/h ja vastab t\u00e4ielikult EL eeskirjadele. Ratta s\u00f5iduulatus on t\u00e4islaadimisel 70 km, see s\u00f5ltub kasutaja kaalust ja maastikust.\" \/>\n<meta property=\"og:url\" content=\"https:\/\/projekt.vombat.ee\/eco\/pood\/brandid\/engwe\/engwe-p26-elektriratas-hall\/\" \/>\n<meta property=\"og:site_name\" content=\"Ecocruiser\" \/>\n<meta property=\"article:modified_time\" content=\"2024-01-20T04:04:05+00:00\" \/>\n<meta property=\"og:image\" content=\"https:\/\/projekt.vombat.ee\/eco\/wp-content\/uploads\/2023\/02\/Untitled-design-2023-02-28T180016.407.png\" \/>\n\t<meta property=\"og:image:width\" content=\"1000\" \/>\n\t<meta property=\"og:image:height\" content=\"1000\" \/>\n\t<meta property=\"og:image:type\" content=\"image\/png\" \/>\n<meta name=\"twitter:card\" content=\"summary_large_image\" \/>\n<meta name=\"twitter:label1\" content=\"Estimated reading time\" \/>\n\t<meta name=\"twitter:data1\" content=\"1 minute\" \/>\n<script type=\"application\/ld+json\" class=\"yoast-schema-graph\">{\"@context\":\"https:\/\/schema.org\",\"@graph\":[{\"@type\":\"WebPage\",\"@id\":\"https:\/\/projekt.vombat.ee\/eco\/pood\/brandid\/engwe\/engwe-p26-elektriratas-hall\/\",\"url\":\"https:\/\/projekt.vombat.ee\/eco\/pood\/brandid\/engwe\/engwe-p26-elektriratas-hall\/\",\"name\":\"Engwe P26, Elektriratas hall 100 km - Ecocruiser\",\"isPartOf\":{\"@id\":\"https:\/\/projekt.vombat.ee\/eco\/#website\"},\"primaryImageOfPage\":{\"@id\":\"https:\/\/projekt.vombat.ee\/eco\/pood\/brandid\/engwe\/engwe-p26-elektriratas-hall\/#primaryimage\"},\"image\":{\"@id\":\"https:\/\/projekt.vombat.ee\/eco\/pood\/brandid\/engwe\/engwe-p26-elektriratas-hall\/#primaryimage\"},\"thumbnailUrl\":\"https:\/\/projekt.vombat.ee\/eco\/wp-content\/uploads\/2023\/02\/Untitled-design-2023-02-28T180016.407.png\",\"datePublished\":\"2023-02-21T13:43:38+00:00\",\"dateModified\":\"2024-01-20T04:04:05+00:00\",\"description\":\"ENGWE P26 elektriratas on 250W mootoriga linnaratas, mis saavutab maksimaalse kiiruse 25 km\/h ja vastab t\u00e4ielikult EL eeskirjadele. Ratta s\u00f5iduulatus on t\u00e4islaadimisel 70 km, see s\u00f5ltub kasutaja kaalust ja maastikust.\",\"breadcrumb\":{\"@id\":\"https:\/\/projekt.vombat.ee\/eco\/pood\/brandid\/engwe\/engwe-p26-elektriratas-hall\/#breadcrumb\"},\"inLanguage\":\"en-GB\",\"potentialAction\":[{\"@type\":\"ReadAction\",\"target\":[\"https:\/\/projekt.vombat.ee\/eco\/pood\/brandid\/engwe\/engwe-p26-elektriratas-hall\/\"]}]},{\"@type\":\"ImageObject\",\"inLanguage\":\"en-GB\",\"@id\":\"https:\/\/projekt.vombat.ee\/eco\/pood\/brandid\/engwe\/engwe-p26-elektriratas-hall\/#primaryimage\",\"url\":\"https:\/\/projekt.vombat.ee\/eco\/wp-content\/uploads\/2023\/02\/Untitled-design-2023-02-28T180016.407.png\",\"contentUrl\":\"https:\/\/projekt.vombat.ee\/eco\/wp-content\/uploads\/2023\/02\/Untitled-design-2023-02-28T180016.407.png\",\"width\":1000,\"height\":1000},{\"@type\":\"BreadcrumbList\",\"@id\":\"https:\/\/projekt.vombat.ee\/eco\/pood\/brandid\/engwe\/engwe-p26-elektriratas-hall\/#breadcrumb\",\"itemListElement\":[{\"@type\":\"ListItem\",\"position\":1,\"name\":\"Home\",\"item\":\"https:\/\/projekt.vombat.ee\/eco\/\"},{\"@type\":\"ListItem\",\"position\":2,\"name\":\"Pood\",\"item\":\"https:\/\/projekt.vombat.ee\/eco\/pood\/\"},{\"@type\":\"ListItem\",\"position\":3,\"name\":\"Engwe P26, Elektriratas hall 100 km\"}]},{\"@type\":\"WebSite\",\"@id\":\"https:\/\/projekt.vombat.ee\/eco\/#website\",\"url\":\"https:\/\/projekt.vombat.ee\/eco\/\",\"name\":\"Ecocruiser\",\"description\":\"\",\"publisher\":{\"@id\":\"https:\/\/projekt.vombat.ee\/eco\/#organization\"},\"potentialAction\":[{\"@type\":\"SearchAction\",\"target\":{\"@type\":\"EntryPoint\",\"urlTemplate\":\"https:\/\/projekt.vombat.ee\/eco\/?s={search_term_string}\"},\"query-input\":{\"@type\":\"PropertyValueSpecification\",\"valueRequired\":true,\"valueName\":\"search_term_string\"}}],\"inLanguage\":\"en-GB\"},{\"@type\":\"Organization\",\"@id\":\"https:\/\/projekt.vombat.ee\/eco\/#organization\",\"name\":\"Ecocruiser\",\"url\":\"https:\/\/projekt.vombat.ee\/eco\/\",\"logo\":{\"@type\":\"ImageObject\",\"inLanguage\":\"en-GB\",\"@id\":\"https:\/\/projekt.vombat.ee\/eco\/#\/schema\/logo\/image\/\",\"url\":\"https:\/\/projekt.vombat.ee\/eco\/wp-content\/uploads\/2023\/03\/ECOCRUISER_5.png\",\"contentUrl\":\"https:\/\/projekt.vombat.ee\/eco\/wp-content\/uploads\/2023\/03\/ECOCRUISER_5.png\",\"width\":234,\"height\":91,\"caption\":\"Ecocruiser\"},\"image\":{\"@id\":\"https:\/\/projekt.vombat.ee\/eco\/#\/schema\/logo\/image\/\"}}]}<\/script>\n<!-- \/ Yoast SEO plugin. -->","yoast_head_json":{"title":"Engwe P26, Elektriratas hall 100 km - Ecocruiser","description":"ENGWE P26 elektriratas on 250W mootoriga linnaratas, mis saavutab maksimaalse kiiruse 25 km\/h ja vastab t\u00e4ielikult EL eeskirjadele. Ratta s\u00f5iduulatus on t\u00e4islaadimisel 70 km, see s\u00f5ltub kasutaja kaalust ja maastikust.","robots":{"index":"noindex","follow":"follow","max-snippet":"max-snippet:-1","max-image-preview":"max-image-preview:large","max-video-preview":"max-video-preview:-1"},"og_locale":"en_GB","og_type":"article","og_title":"Engwe P26, Elektriratas hall 100 km - Ecocruiser","og_description":"ENGWE P26 elektriratas on 250W mootoriga linnaratas, mis saavutab maksimaalse kiiruse 25 km\/h ja vastab t\u00e4ielikult EL eeskirjadele. Ratta s\u00f5iduulatus on t\u00e4islaadimisel 70 km, see s\u00f5ltub kasutaja kaalust ja maastikust.","og_url":"https:\/\/projekt.vombat.ee\/eco\/pood\/brandid\/engwe\/engwe-p26-elektriratas-hall\/","og_site_name":"Ecocruiser","article_modified_time":"2024-01-20T04:04:05+00:00","og_image":[{"width":1000,"height":1000,"url":"https:\/\/projekt.vombat.ee\/eco\/wp-content\/uploads\/2023\/02\/Untitled-design-2023-02-28T180016.407.png","type":"image\/png"}],"twitter_card":"summary_large_image","twitter_misc":{"Estimated reading time":"1 minute"},"schema":{"@context":"https:\/\/schema.org","@graph":[{"@type":"WebPage","@id":"https:\/\/projekt.vombat.ee\/eco\/pood\/brandid\/engwe\/engwe-p26-elektriratas-hall\/","url":"https:\/\/projekt.vombat.ee\/eco\/pood\/brandid\/engwe\/engwe-p26-elektriratas-hall\/","name":"Engwe P26, Elektriratas hall 100 km - Ecocruiser","isPartOf":{"@id":"https:\/\/projekt.vombat.ee\/eco\/#website"},"primaryImageOfPage":{"@id":"https:\/\/projekt.vombat.ee\/eco\/pood\/brandid\/engwe\/engwe-p26-elektriratas-hall\/#primaryimage"},"image":{"@id":"https:\/\/projekt.vombat.ee\/eco\/pood\/brandid\/engwe\/engwe-p26-elektriratas-hall\/#primaryimage"},"thumbnailUrl":"https:\/\/projekt.vombat.ee\/eco\/wp-content\/uploads\/2023\/02\/Untitled-design-2023-02-28T180016.407.png","datePublished":"2023-02-21T13:43:38+00:00","dateModified":"2024-01-20T04:04:05+00:00","description":"ENGWE P26 elektriratas on 250W mootoriga linnaratas, mis saavutab maksimaalse kiiruse 25 km\/h ja vastab t\u00e4ielikult EL eeskirjadele. Ratta s\u00f5iduulatus on t\u00e4islaadimisel 70 km, see s\u00f5ltub kasutaja kaalust ja maastikust.","breadcrumb":{"@id":"https:\/\/projekt.vombat.ee\/eco\/pood\/brandid\/engwe\/engwe-p26-elektriratas-hall\/#breadcrumb"},"inLanguage":"en-GB","potentialAction":[{"@type":"ReadAction","target":["https:\/\/projekt.vombat.ee\/eco\/pood\/brandid\/engwe\/engwe-p26-elektriratas-hall\/"]}]},{"@type":"ImageObject","inLanguage":"en-GB","@id":"https:\/\/projekt.vombat.ee\/eco\/pood\/brandid\/engwe\/engwe-p26-elektriratas-hall\/#primaryimage","url":"https:\/\/projekt.vombat.ee\/eco\/wp-content\/uploads\/2023\/02\/Untitled-design-2023-02-28T180016.407.png","contentUrl":"https:\/\/projekt.vombat.ee\/eco\/wp-content\/uploads\/2023\/02\/Untitled-design-2023-02-28T180016.407.png","width":1000,"height":1000},{"@type":"BreadcrumbList","@id":"https:\/\/projekt.vombat.ee\/eco\/pood\/brandid\/engwe\/engwe-p26-elektriratas-hall\/#breadcrumb","itemListElement":[{"@type":"ListItem","position":1,"name":"Home","item":"https:\/\/projekt.vombat.ee\/eco\/"},{"@type":"ListItem","position":2,"name":"Pood","item":"https:\/\/projekt.vombat.ee\/eco\/pood\/"},{"@type":"ListItem","position":3,"name":"Engwe P26, Elektriratas hall 100 km"}]},{"@type":"WebSite","@id":"https:\/\/projekt.vombat.ee\/eco\/#website","url":"https:\/\/projekt.vombat.ee\/eco\/","name":"Ecocruiser","description":"","publisher":{"@id":"https:\/\/projekt.vombat.ee\/eco\/#organization"},"potentialAction":[{"@type":"SearchAction","target":{"@type":"EntryPoint","urlTemplate":"https:\/\/projekt.vombat.ee\/eco\/?s={search_term_string}"},"query-input":{"@type":"PropertyValueSpecification","valueRequired":true,"valueName":"search_term_string"}}],"inLanguage":"en-GB"},{"@type":"Organization","@id":"https:\/\/projekt.vombat.ee\/eco\/#organization","name":"Ecocruiser","url":"https:\/\/projekt.vombat.ee\/eco\/","logo":{"@type":"ImageObject","inLanguage":"en-GB","@id":"https:\/\/projekt.vombat.ee\/eco\/#\/schema\/logo\/image\/","url":"https:\/\/projekt.vombat.ee\/eco\/wp-content\/uploads\/2023\/03\/ECOCRUISER_5.png","contentUrl":"https:\/\/projekt.vombat.ee\/eco\/wp-content\/uploads\/2023\/03\/ECOCRUISER_5.png","width":234,"height":91,"caption":"Ecocruiser"},"image":{"@id":"https:\/\/projekt.vombat.ee\/eco\/#\/schema\/logo\/image\/"}}]}},"lang":"et","translations":{"et":2274,"ru":5424,"fi":7455},"pll_sync_post":[],"_links":{"self":[{"href":"https:\/\/projekt.vombat.ee\/eco\/wp-json\/wp\/v2\/product\/2274"}],"collection":[{"href":"https:\/\/projekt.vombat.ee\/eco\/wp-json\/wp\/v2\/product"}],"about":[{"href":"https:\/\/projekt.vombat.ee\/eco\/wp-json\/wp\/v2\/types\/product"}],"version-history":[{"count":7,"href":"https:\/\/projekt.vombat.ee\/eco\/wp-json\/wp\/v2\/product\/2274\/revisions"}],"predecessor-version":[{"id":13478,"href":"https:\/\/projekt.vombat.ee\/eco\/wp-json\/wp\/v2\/product\/2274\/revisions\/13478"}],"wp:featuredmedia":[{"embeddable":true,"href":"https:\/\/projekt.vombat.ee\/eco\/wp-json\/wp\/v2\/media\/2798"}],"wp:attachment":[{"href":"https:\/\/projekt.vombat.ee\/eco\/wp-json\/wp\/v2\/media?parent=2274"}],"wp:term":[{"taxonomy":"product_cat","embeddable":true,"href":"https:\/\/projekt.vombat.ee\/eco\/wp-json\/wp\/v2\/product_cat?post=2274"},{"taxonomy":"product_tag","embeddable":true,"href":"https:\/\/projekt.vombat.ee\/eco\/wp-json\/wp\/v2\/product_tag?post=2274"}],"curies":[{"name":"wp","href":"https:\/\/api.w.org\/{rel}","templated":true}]}}