{"id":21078,"date":"2024-08-06T19:39:48","date_gmt":"2024-08-06T19:39:48","guid":{"rendered":"https:\/\/projekt.vombat.ee\/eco\/?post_type=product&#038;p=21078"},"modified":"2024-08-06T20:40:07","modified_gmt":"2024-08-06T20:40:07","slug":"ienyrid-m4-pro-s-elektriline-toukeratas-50-km","status":"publish","type":"product","link":"https:\/\/projekt.vombat.ee\/eco\/pood\/brandid\/ienyrid\/ienyrid-m4-pro-s-elektriline-toukeratas-50-km\/","title":{"rendered":"iENYRID M4 PRO S+ elektriline t\u00f5ukeratas \u2013 50 km"},"content":{"rendered":"<h2 style=\"text-align: center;\"><strong>iENYRID M4 PRO S+ 2024 elektriline t\u00f5ukeratas<\/strong><\/h2>\n<p><img fetchpriority=\"high\" decoding=\"async\" class=\"size-medium wp-image-21064 aligncenter\" src=\"https:\/\/projekt.vombat.ee\/eco\/wp-content\/uploads\/2024\/08\/iENYRID-M4-PRO-S-2024-elektrilist-toukeratast-300x300.jpg\" alt=\"iENYRID M4 PRO S+ 2024 elektrilist t\u00f5ukeratast\" width=\"300\" height=\"300\" srcset=\"https:\/\/projekt.vombat.ee\/eco\/wp-content\/uploads\/2024\/08\/iENYRID-M4-PRO-S-2024-elektrilist-toukeratast-300x300.jpg 300w, https:\/\/projekt.vombat.ee\/eco\/wp-content\/uploads\/2024\/08\/iENYRID-M4-PRO-S-2024-elektrilist-toukeratast-150x150.jpg 150w, https:\/\/projekt.vombat.ee\/eco\/wp-content\/uploads\/2024\/08\/iENYRID-M4-PRO-S-2024-elektrilist-toukeratast-768x768.jpg 768w, https:\/\/projekt.vombat.ee\/eco\/wp-content\/uploads\/2024\/08\/iENYRID-M4-PRO-S-2024-elektrilist-toukeratast-500x500.jpg 500w, https:\/\/projekt.vombat.ee\/eco\/wp-content\/uploads\/2024\/08\/iENYRID-M4-PRO-S-2024-elektrilist-toukeratast-800x800.jpg 800w, https:\/\/projekt.vombat.ee\/eco\/wp-content\/uploads\/2024\/08\/iENYRID-M4-PRO-S-2024-elektrilist-toukeratast-50x50.jpg 50w, https:\/\/projekt.vombat.ee\/eco\/wp-content\/uploads\/2024\/08\/iENYRID-M4-PRO-S-2024-elektrilist-toukeratast-100x100.jpg 100w, https:\/\/projekt.vombat.ee\/eco\/wp-content\/uploads\/2024\/08\/iENYRID-M4-PRO-S-2024-elektrilist-toukeratast-370x370.jpg 370w, https:\/\/projekt.vombat.ee\/eco\/wp-content\/uploads\/2024\/08\/iENYRID-M4-PRO-S-2024-elektrilist-toukeratast-75x75.jpg 75w, https:\/\/projekt.vombat.ee\/eco\/wp-content\/uploads\/2024\/08\/iENYRID-M4-PRO-S-2024-elektrilist-toukeratast-760x760.jpg 760w, https:\/\/projekt.vombat.ee\/eco\/wp-content\/uploads\/2024\/08\/iENYRID-M4-PRO-S-2024-elektrilist-toukeratast.jpg 1000w\" sizes=\"(max-width: 300px) 100vw, 300px\" \/><\/p>\n<p>Tutvustame uhiuut <strong>iENYRID M4 PRO S+<\/strong> 2024 elektrilist t\u00f5ukeratast, millel on 800 W mootor ja 48 V 12,5 Ah aku. See t\u00f5ukeratas, mis on m\u00f5eldud nii igap\u00e4evaseks s\u00f5iduks. Pakub kolme reguleeritavat s\u00f5idukiirust ja tippkiirust 45 km\/h. 10-tollised maastiku\u00f5hurehvid tagavad sujuva ja mugava s\u00f5idu isegi karmil maastikul. <strong>iENYRID M4 PRO S+<\/strong> on h\u00f5lpsaks kaasaskandmiseks kokkupandava disainiga, suuremat turvalisust suurendava kahe piduris\u00fcsteemiga ja veekindluse IPX-4 reitinguga teie usaldusv\u00e4\u00e4rne partner k\u00f5igi teie liikumisvajaduste jaoks.<\/p>\n<p>&nbsp;<\/p>\n<p><strong>Tehnilised andmed:<\/strong><\/p>\n<ul>\n<li>Mootori v\u00f5imsus: 800 W muutuva sagedusega kiire mootor<\/li>\n<li>Aku: 48V 12,5Ah<\/li>\n<li>Rehvid: 10-tollised off-road pneumaatilised<\/li>\n<li>Max kiirus: 45 km\/h<\/li>\n<li>Reguleeritavad kiirused: kolm k\u00e4iku<\/li>\n<li>Kokkupandav disain: kaasaskantav ja lihtne hoiustada<\/li>\n<li>Piduris\u00fcsteem: kahekordne piduris\u00fcsteem eesmiste ja tagumiste poorsete ketaspiduritega<\/li>\n<li>Valgustus: suure v\u00f5imsusega lambihelmed esituledele, punased hoiatavad tagatuled ja v\u00e4rvilised ribatuled tekil<\/li>\n<li>Veekindluse reiting: IPX-4<\/li>\n<li>Kaal: 23 kg<\/li>\n<li>Maksimaalne koormus: 150 kg<\/li>\n<li>Laadimisaeg: 6-8 tundi<\/li>\n<\/ul>\n<p><img decoding=\"async\" class=\"size-medium wp-image-21065 aligncenter\" src=\"https:\/\/projekt.vombat.ee\/eco\/wp-content\/uploads\/2024\/08\/iENYRID-M4-PRO-S-2024-elektrilist-toukeratast7-300x300.jpg\" alt=\"\" width=\"300\" height=\"300\" srcset=\"https:\/\/projekt.vombat.ee\/eco\/wp-content\/uploads\/2024\/08\/iENYRID-M4-PRO-S-2024-elektrilist-toukeratast7-300x300.jpg 300w, https:\/\/projekt.vombat.ee\/eco\/wp-content\/uploads\/2024\/08\/iENYRID-M4-PRO-S-2024-elektrilist-toukeratast7-150x150.jpg 150w, https:\/\/projekt.vombat.ee\/eco\/wp-content\/uploads\/2024\/08\/iENYRID-M4-PRO-S-2024-elektrilist-toukeratast7-768x768.jpg 768w, https:\/\/projekt.vombat.ee\/eco\/wp-content\/uploads\/2024\/08\/iENYRID-M4-PRO-S-2024-elektrilist-toukeratast7-500x500.jpg 500w, https:\/\/projekt.vombat.ee\/eco\/wp-content\/uploads\/2024\/08\/iENYRID-M4-PRO-S-2024-elektrilist-toukeratast7-800x800.jpg 800w, https:\/\/projekt.vombat.ee\/eco\/wp-content\/uploads\/2024\/08\/iENYRID-M4-PRO-S-2024-elektrilist-toukeratast7-50x50.jpg 50w, https:\/\/projekt.vombat.ee\/eco\/wp-content\/uploads\/2024\/08\/iENYRID-M4-PRO-S-2024-elektrilist-toukeratast7-100x100.jpg 100w, https:\/\/projekt.vombat.ee\/eco\/wp-content\/uploads\/2024\/08\/iENYRID-M4-PRO-S-2024-elektrilist-toukeratast7-370x370.jpg 370w, https:\/\/projekt.vombat.ee\/eco\/wp-content\/uploads\/2024\/08\/iENYRID-M4-PRO-S-2024-elektrilist-toukeratast7-75x75.jpg 75w, https:\/\/projekt.vombat.ee\/eco\/wp-content\/uploads\/2024\/08\/iENYRID-M4-PRO-S-2024-elektrilist-toukeratast7-760x760.jpg 760w, https:\/\/projekt.vombat.ee\/eco\/wp-content\/uploads\/2024\/08\/iENYRID-M4-PRO-S-2024-elektrilist-toukeratast7.jpg 1000w\" sizes=\"(max-width: 300px) 100vw, 300px\" \/><br \/>\n<strong>Funktsioonid:<\/strong><\/p>\n<ul>\n<li>K\u00f5rge j\u00f5udlus ja mugavus: 10-tollised maastiku\u00f5hurehvid tagavad suure j\u00f5udluse ja lisav\u00f5imsuse, neelavad paremini l\u00f6\u00f6ke ja tagavad mugava s\u00f5idu \u00fcle kiirusmurede ja konarlikul teel.<\/li>\n<li>Tugev ronimisv\u00f5ime: 800 W mootor suudab kergesti ronida 10-20 kraadistel n\u00f5lvadel.<\/li>\n<li>Kaasaskantav ja mugav: kokkupandav disain v\u00f5imaldab h\u00f5lpsat ladustamist ja transportimist, sobides h\u00f5lpsalt auto pagasiruumi v\u00f5i \u00fchistransporti.<\/li>\n<li>Ohutu s\u00f5it: topeltpiduris\u00fcsteem, eesmised ja tagumised poorsed ketaspidurid t\u00f5husaks ja kiireks reageerimiseks. Varustatud suure v\u00f5imsusega esitulede, punaste hoiatavate tagatulede ja v\u00e4rviliste ribatuledega, mis parandavad n\u00e4htavust ja ohutust \u00f6\u00f6sel.<\/li>\n<li>Veekindel: IPX-4 veekindluse reiting kaitseb veepritsmete eest mis tahes nurga alt.<\/li>\n<\/ul>\n<p><img decoding=\"async\" class=\" wp-image-21066 aligncenter\" src=\"https:\/\/projekt.vombat.ee\/eco\/wp-content\/uploads\/2024\/08\/iENYRID-M4-PRO-S-2024-elektrilist-toukeratast8-300x300.jpg\" alt=\"\" width=\"332\" height=\"332\" srcset=\"https:\/\/projekt.vombat.ee\/eco\/wp-content\/uploads\/2024\/08\/iENYRID-M4-PRO-S-2024-elektrilist-toukeratast8-300x300.jpg 300w, https:\/\/projekt.vombat.ee\/eco\/wp-content\/uploads\/2024\/08\/iENYRID-M4-PRO-S-2024-elektrilist-toukeratast8-150x150.jpg 150w, https:\/\/projekt.vombat.ee\/eco\/wp-content\/uploads\/2024\/08\/iENYRID-M4-PRO-S-2024-elektrilist-toukeratast8-768x768.jpg 768w, https:\/\/projekt.vombat.ee\/eco\/wp-content\/uploads\/2024\/08\/iENYRID-M4-PRO-S-2024-elektrilist-toukeratast8-500x500.jpg 500w, https:\/\/projekt.vombat.ee\/eco\/wp-content\/uploads\/2024\/08\/iENYRID-M4-PRO-S-2024-elektrilist-toukeratast8-800x800.jpg 800w, https:\/\/projekt.vombat.ee\/eco\/wp-content\/uploads\/2024\/08\/iENYRID-M4-PRO-S-2024-elektrilist-toukeratast8-50x50.jpg 50w, https:\/\/projekt.vombat.ee\/eco\/wp-content\/uploads\/2024\/08\/iENYRID-M4-PRO-S-2024-elektrilist-toukeratast8-100x100.jpg 100w, https:\/\/projekt.vombat.ee\/eco\/wp-content\/uploads\/2024\/08\/iENYRID-M4-PRO-S-2024-elektrilist-toukeratast8-370x370.jpg 370w, https:\/\/projekt.vombat.ee\/eco\/wp-content\/uploads\/2024\/08\/iENYRID-M4-PRO-S-2024-elektrilist-toukeratast8-75x75.jpg 75w, https:\/\/projekt.vombat.ee\/eco\/wp-content\/uploads\/2024\/08\/iENYRID-M4-PRO-S-2024-elektrilist-toukeratast8-760x760.jpg 760w, https:\/\/projekt.vombat.ee\/eco\/wp-content\/uploads\/2024\/08\/iENYRID-M4-PRO-S-2024-elektrilist-toukeratast8.jpg 1000w\" sizes=\"(max-width: 767px) 100vw, 332px\" \/><\/p>\n<p>&nbsp;<\/p>\n<p><img loading=\"lazy\" decoding=\"async\" class=\"size-medium wp-image-21067 aligncenter\" src=\"https:\/\/projekt.vombat.ee\/eco\/wp-content\/uploads\/2024\/08\/481d195137df637f387352a93f4a4939-300x300.jpg\" alt=\"iENYRID M4 PRO S+ 2024 elektrilist t\u00f5ukeratast\" width=\"300\" height=\"300\" srcset=\"https:\/\/projekt.vombat.ee\/eco\/wp-content\/uploads\/2024\/08\/481d195137df637f387352a93f4a4939-300x300.jpg 300w, https:\/\/projekt.vombat.ee\/eco\/wp-content\/uploads\/2024\/08\/481d195137df637f387352a93f4a4939-150x150.jpg 150w, https:\/\/projekt.vombat.ee\/eco\/wp-content\/uploads\/2024\/08\/481d195137df637f387352a93f4a4939-768x768.jpg 768w, https:\/\/projekt.vombat.ee\/eco\/wp-content\/uploads\/2024\/08\/481d195137df637f387352a93f4a4939-500x500.jpg 500w, https:\/\/projekt.vombat.ee\/eco\/wp-content\/uploads\/2024\/08\/481d195137df637f387352a93f4a4939-800x800.jpg 800w, https:\/\/projekt.vombat.ee\/eco\/wp-content\/uploads\/2024\/08\/481d195137df637f387352a93f4a4939-50x50.jpg 50w, https:\/\/projekt.vombat.ee\/eco\/wp-content\/uploads\/2024\/08\/481d195137df637f387352a93f4a4939-100x100.jpg 100w, https:\/\/projekt.vombat.ee\/eco\/wp-content\/uploads\/2024\/08\/481d195137df637f387352a93f4a4939-370x370.jpg 370w, https:\/\/projekt.vombat.ee\/eco\/wp-content\/uploads\/2024\/08\/481d195137df637f387352a93f4a4939-75x75.jpg 75w, https:\/\/projekt.vombat.ee\/eco\/wp-content\/uploads\/2024\/08\/481d195137df637f387352a93f4a4939-760x760.jpg 760w, https:\/\/projekt.vombat.ee\/eco\/wp-content\/uploads\/2024\/08\/481d195137df637f387352a93f4a4939.jpg 1000w\" sizes=\"(max-width: 300px) 100vw, 300px\" \/><\/p>\n<p>Elektriline t\u00f5ukeratas iENYRID M4 PRO S+ 2024 on tipptasemel valik neile, kes otsivad usaldusv\u00e4\u00e4rset ja suure j\u00f5udlusega t\u00f5ukeratast nii igap\u00e4evaseks t\u00f6\u00f6lk\u00e4imiseks kui ka seikluslikuks s\u00f5iduks. V\u00f5imsa mootori, tugeva aku ja t\u00e4iustatud turvafunktsioonidega tagab see roller sujuva, kiire ja ohutu reisi. \u00dcksk\u00f5ik, kas navigeerite linnat\u00e4navatel v\u00f5i avastate maastikuradu, pakub iENYRID M4 PRO S+ erakordset mitmek\u00fclgsust ja mugavust.<\/p>\n","protected":false},"excerpt":{"rendered":"<p><strong>iENYRID M4 PRO S+ elektriline t\u00f5ukeratas<\/strong><\/p>\n<ul>\n<li><strong>Mootori v\u00f5imsus:<\/strong> 800 W<\/li>\n<li><strong>Aku:<\/strong> 48V 12,5Ah<\/li>\n<li><strong>Rehvid:<\/strong> 10-tollised<\/li>\n<li><strong>Max kiirus:<\/strong> 45 km\/h<\/li>\n<li><strong>Maksimaalne s\u00f5iduulatus:<\/strong> 50km\/h<\/li>\n<li><strong>Reguleeritavad kiirused:<\/strong> kolm k\u00e4iku<\/li>\n<li><strong>Kokkupandav disain:<\/strong> kaasaskantav ja lihtne hoiustada<\/li>\n<li><strong>Veekindluse reiting:<\/strong> IPX-4<\/li>\n<li><strong>Kaal:<\/strong> 23 kg<\/li>\n<li><strong>Maksimaalne koormus:<\/strong> 150 kg<\/li>\n<li><strong>Laadimisaeg:<\/strong> 6-8 tundi<\/li>\n<\/ul>\n<p>\u2666\u00a0<strong>Tarneaeg 2-6 p\u00e4eva<\/strong><br \/>\n\u2666\u00a0<strong>Laos<\/strong><\/p>\n","protected":false},"featured_media":21079,"template":"","meta":[],"product_cat":[7946,53,909,911,939],"product_tag":[2654,7814,7812,2676,2452,7834,7818,7830,2442,2730,2898,2938,2390,7824,3784,7828],"class_list":{"0":"post-21078","1":"product","2":"type-product","3":"status-publish","4":"has-post-thumbnail","6":"product_cat-ienyrid","7":"product_cat-elektritoukerattad","8":"product_cat-linna-toukerattad","9":"product_cat-voimsad-toukerattad","10":"product_cat-brandid","11":"product_tag-10-tollised-rehvid","12":"product_tag-48-v-aku","13":"product_tag-800-w-mootor","14":"product_tag-elektriline-roller","15":"product_tag-ketaspidurid","16":"product_tag-kiire-laadimine","17":"product_tag-kiire-toukeratas","18":"product_tag-kiirus-45-km-h","19":"product_tag-linnaliiklus","20":"product_tag-maksimaalne-koormus-150-kg","21":"product_tag-mugav-soit","22":"product_tag-pendelsoidu-toukeratas","23":"product_tag-saastev-transport","24":"product_tag-seiklustoukeratas","25":"product_tag-suur-joudlus","26":"product_tag-tugev-disain","28":"first","29":"instock","30":"sale","31":"taxable","32":"shipping-taxable","33":"purchasable","34":"product-type-simple"},"yoast_head":"<!-- This site is optimized with the Yoast SEO plugin v23.8 - https:\/\/yoast.com\/wordpress\/plugins\/seo\/ -->\n<title>iENYRID M4 PRO S+ elektriline t\u00f5ukeratas \u2013 50 km - Ecocruiser<\/title>\n<meta name=\"robots\" content=\"noindex, follow, max-snippet:-1, max-image-preview:large, max-video-preview:-1\" \/>\n<meta property=\"og:locale\" content=\"en_GB\" \/>\n<meta property=\"og:type\" content=\"article\" \/>\n<meta property=\"og:title\" content=\"iENYRID M4 PRO S+ elektriline t\u00f5ukeratas \u2013 50 km - Ecocruiser\" \/>\n<meta property=\"og:description\" content=\"iENYRID M4 PRO S+ elektriline t\u00f5ukeratas   Mootori v\u00f5imsus: 800 W  Aku: 48V 12,5Ah  Rehvid: 10-tollised  Max kiirus: 45 km\/h  Maksimaalne s\u00f5iduulatus: 50km\/h  Reguleeritavad kiirused: kolm k\u00e4iku  Kokkupandav disain: kaasaskantav ja lihtne hoiustada  Veekindluse reiting: IPX-4  Kaal: 23 kg  Maksimaalne koormus: 150 kg  Laadimisaeg: 6-8 tundi  \u2666\u00a0Tarneaeg 2-6 p\u00e4eva \u2666\u00a0Laos\" \/>\n<meta property=\"og:url\" content=\"https:\/\/projekt.vombat.ee\/eco\/pood\/brandid\/ienyrid\/ienyrid-m4-pro-s-elektriline-toukeratas-50-km\/\" \/>\n<meta property=\"og:site_name\" content=\"Ecocruiser\" \/>\n<meta property=\"article:modified_time\" content=\"2024-08-06T20:40:07+00:00\" \/>\n<meta property=\"og:image\" content=\"https:\/\/projekt.vombat.ee\/eco\/wp-content\/uploads\/2024\/08\/1-1.png\" \/>\n\t<meta property=\"og:image:width\" content=\"2024\" \/>\n\t<meta property=\"og:image:height\" content=\"2024\" \/>\n\t<meta property=\"og:image:type\" content=\"image\/png\" \/>\n<meta name=\"twitter:card\" content=\"summary_large_image\" \/>\n<meta name=\"twitter:label1\" content=\"Estimated reading time\" \/>\n\t<meta name=\"twitter:data1\" content=\"3 minutes\" \/>\n<script type=\"application\/ld+json\" class=\"yoast-schema-graph\">{\"@context\":\"https:\/\/schema.org\",\"@graph\":[{\"@type\":\"WebPage\",\"@id\":\"https:\/\/projekt.vombat.ee\/eco\/pood\/brandid\/ienyrid\/ienyrid-m4-pro-s-elektriline-toukeratas-50-km\/\",\"url\":\"https:\/\/projekt.vombat.ee\/eco\/pood\/brandid\/ienyrid\/ienyrid-m4-pro-s-elektriline-toukeratas-50-km\/\",\"name\":\"iENYRID M4 PRO S+ elektriline t\u00f5ukeratas \u2013 50 km - Ecocruiser\",\"isPartOf\":{\"@id\":\"https:\/\/projekt.vombat.ee\/eco\/#website\"},\"primaryImageOfPage\":{\"@id\":\"https:\/\/projekt.vombat.ee\/eco\/pood\/brandid\/ienyrid\/ienyrid-m4-pro-s-elektriline-toukeratas-50-km\/#primaryimage\"},\"image\":{\"@id\":\"https:\/\/projekt.vombat.ee\/eco\/pood\/brandid\/ienyrid\/ienyrid-m4-pro-s-elektriline-toukeratas-50-km\/#primaryimage\"},\"thumbnailUrl\":\"https:\/\/projekt.vombat.ee\/eco\/wp-content\/uploads\/2024\/08\/1-1.png\",\"datePublished\":\"2024-08-06T19:39:48+00:00\",\"dateModified\":\"2024-08-06T20:40:07+00:00\",\"breadcrumb\":{\"@id\":\"https:\/\/projekt.vombat.ee\/eco\/pood\/brandid\/ienyrid\/ienyrid-m4-pro-s-elektriline-toukeratas-50-km\/#breadcrumb\"},\"inLanguage\":\"en-GB\",\"potentialAction\":[{\"@type\":\"ReadAction\",\"target\":[\"https:\/\/projekt.vombat.ee\/eco\/pood\/brandid\/ienyrid\/ienyrid-m4-pro-s-elektriline-toukeratas-50-km\/\"]}]},{\"@type\":\"ImageObject\",\"inLanguage\":\"en-GB\",\"@id\":\"https:\/\/projekt.vombat.ee\/eco\/pood\/brandid\/ienyrid\/ienyrid-m4-pro-s-elektriline-toukeratas-50-km\/#primaryimage\",\"url\":\"https:\/\/projekt.vombat.ee\/eco\/wp-content\/uploads\/2024\/08\/1-1.png\",\"contentUrl\":\"https:\/\/projekt.vombat.ee\/eco\/wp-content\/uploads\/2024\/08\/1-1.png\",\"width\":2024,\"height\":2024,\"caption\":\"iENYRID M4 PRO S+\"},{\"@type\":\"BreadcrumbList\",\"@id\":\"https:\/\/projekt.vombat.ee\/eco\/pood\/brandid\/ienyrid\/ienyrid-m4-pro-s-elektriline-toukeratas-50-km\/#breadcrumb\",\"itemListElement\":[{\"@type\":\"ListItem\",\"position\":1,\"name\":\"Home\",\"item\":\"https:\/\/projekt.vombat.ee\/eco\/\"},{\"@type\":\"ListItem\",\"position\":2,\"name\":\"Pood\",\"item\":\"https:\/\/projekt.vombat.ee\/eco\/pood\/\"},{\"@type\":\"ListItem\",\"position\":3,\"name\":\"iENYRID M4 PRO S+ elektriline t\u00f5ukeratas \u2013 50 km\"}]},{\"@type\":\"WebSite\",\"@id\":\"https:\/\/projekt.vombat.ee\/eco\/#website\",\"url\":\"https:\/\/projekt.vombat.ee\/eco\/\",\"name\":\"Ecocruiser\",\"description\":\"\",\"publisher\":{\"@id\":\"https:\/\/projekt.vombat.ee\/eco\/#organization\"},\"potentialAction\":[{\"@type\":\"SearchAction\",\"target\":{\"@type\":\"EntryPoint\",\"urlTemplate\":\"https:\/\/projekt.vombat.ee\/eco\/?s={search_term_string}\"},\"query-input\":{\"@type\":\"PropertyValueSpecification\",\"valueRequired\":true,\"valueName\":\"search_term_string\"}}],\"inLanguage\":\"en-GB\"},{\"@type\":\"Organization\",\"@id\":\"https:\/\/projekt.vombat.ee\/eco\/#organization\",\"name\":\"Ecocruiser\",\"url\":\"https:\/\/projekt.vombat.ee\/eco\/\",\"logo\":{\"@type\":\"ImageObject\",\"inLanguage\":\"en-GB\",\"@id\":\"https:\/\/projekt.vombat.ee\/eco\/#\/schema\/logo\/image\/\",\"url\":\"https:\/\/projekt.vombat.ee\/eco\/wp-content\/uploads\/2023\/03\/ECOCRUISER_5.png\",\"contentUrl\":\"https:\/\/projekt.vombat.ee\/eco\/wp-content\/uploads\/2023\/03\/ECOCRUISER_5.png\",\"width\":234,\"height\":91,\"caption\":\"Ecocruiser\"},\"image\":{\"@id\":\"https:\/\/projekt.vombat.ee\/eco\/#\/schema\/logo\/image\/\"}}]}<\/script>\n<!-- \/ Yoast SEO plugin. -->","yoast_head_json":{"title":"iENYRID M4 PRO S+ elektriline t\u00f5ukeratas \u2013 50 km - Ecocruiser","robots":{"index":"noindex","follow":"follow","max-snippet":"max-snippet:-1","max-image-preview":"max-image-preview:large","max-video-preview":"max-video-preview:-1"},"og_locale":"en_GB","og_type":"article","og_title":"iENYRID M4 PRO S+ elektriline t\u00f5ukeratas \u2013 50 km - Ecocruiser","og_description":"iENYRID M4 PRO S+ elektriline t\u00f5ukeratas   Mootori v\u00f5imsus: 800 W  Aku: 48V 12,5Ah  Rehvid: 10-tollised  Max kiirus: 45 km\/h  Maksimaalne s\u00f5iduulatus: 50km\/h  Reguleeritavad kiirused: kolm k\u00e4iku  Kokkupandav disain: kaasaskantav ja lihtne hoiustada  Veekindluse reiting: IPX-4  Kaal: 23 kg  Maksimaalne koormus: 150 kg  Laadimisaeg: 6-8 tundi  \u2666\u00a0Tarneaeg 2-6 p\u00e4eva \u2666\u00a0Laos","og_url":"https:\/\/projekt.vombat.ee\/eco\/pood\/brandid\/ienyrid\/ienyrid-m4-pro-s-elektriline-toukeratas-50-km\/","og_site_name":"Ecocruiser","article_modified_time":"2024-08-06T20:40:07+00:00","og_image":[{"width":2024,"height":2024,"url":"https:\/\/projekt.vombat.ee\/eco\/wp-content\/uploads\/2024\/08\/1-1.png","type":"image\/png"}],"twitter_card":"summary_large_image","twitter_misc":{"Estimated reading time":"3 minutes"},"schema":{"@context":"https:\/\/schema.org","@graph":[{"@type":"WebPage","@id":"https:\/\/projekt.vombat.ee\/eco\/pood\/brandid\/ienyrid\/ienyrid-m4-pro-s-elektriline-toukeratas-50-km\/","url":"https:\/\/projekt.vombat.ee\/eco\/pood\/brandid\/ienyrid\/ienyrid-m4-pro-s-elektriline-toukeratas-50-km\/","name":"iENYRID M4 PRO S+ elektriline t\u00f5ukeratas \u2013 50 km - Ecocruiser","isPartOf":{"@id":"https:\/\/projekt.vombat.ee\/eco\/#website"},"primaryImageOfPage":{"@id":"https:\/\/projekt.vombat.ee\/eco\/pood\/brandid\/ienyrid\/ienyrid-m4-pro-s-elektriline-toukeratas-50-km\/#primaryimage"},"image":{"@id":"https:\/\/projekt.vombat.ee\/eco\/pood\/brandid\/ienyrid\/ienyrid-m4-pro-s-elektriline-toukeratas-50-km\/#primaryimage"},"thumbnailUrl":"https:\/\/projekt.vombat.ee\/eco\/wp-content\/uploads\/2024\/08\/1-1.png","datePublished":"2024-08-06T19:39:48+00:00","dateModified":"2024-08-06T20:40:07+00:00","breadcrumb":{"@id":"https:\/\/projekt.vombat.ee\/eco\/pood\/brandid\/ienyrid\/ienyrid-m4-pro-s-elektriline-toukeratas-50-km\/#breadcrumb"},"inLanguage":"en-GB","potentialAction":[{"@type":"ReadAction","target":["https:\/\/projekt.vombat.ee\/eco\/pood\/brandid\/ienyrid\/ienyrid-m4-pro-s-elektriline-toukeratas-50-km\/"]}]},{"@type":"ImageObject","inLanguage":"en-GB","@id":"https:\/\/projekt.vombat.ee\/eco\/pood\/brandid\/ienyrid\/ienyrid-m4-pro-s-elektriline-toukeratas-50-km\/#primaryimage","url":"https:\/\/projekt.vombat.ee\/eco\/wp-content\/uploads\/2024\/08\/1-1.png","contentUrl":"https:\/\/projekt.vombat.ee\/eco\/wp-content\/uploads\/2024\/08\/1-1.png","width":2024,"height":2024,"caption":"iENYRID M4 PRO S+"},{"@type":"BreadcrumbList","@id":"https:\/\/projekt.vombat.ee\/eco\/pood\/brandid\/ienyrid\/ienyrid-m4-pro-s-elektriline-toukeratas-50-km\/#breadcrumb","itemListElement":[{"@type":"ListItem","position":1,"name":"Home","item":"https:\/\/projekt.vombat.ee\/eco\/"},{"@type":"ListItem","position":2,"name":"Pood","item":"https:\/\/projekt.vombat.ee\/eco\/pood\/"},{"@type":"ListItem","position":3,"name":"iENYRID M4 PRO S+ elektriline t\u00f5ukeratas \u2013 50 km"}]},{"@type":"WebSite","@id":"https:\/\/projekt.vombat.ee\/eco\/#website","url":"https:\/\/projekt.vombat.ee\/eco\/","name":"Ecocruiser","description":"","publisher":{"@id":"https:\/\/projekt.vombat.ee\/eco\/#organization"},"potentialAction":[{"@type":"SearchAction","target":{"@type":"EntryPoint","urlTemplate":"https:\/\/projekt.vombat.ee\/eco\/?s={search_term_string}"},"query-input":{"@type":"PropertyValueSpecification","valueRequired":true,"valueName":"search_term_string"}}],"inLanguage":"en-GB"},{"@type":"Organization","@id":"https:\/\/projekt.vombat.ee\/eco\/#organization","name":"Ecocruiser","url":"https:\/\/projekt.vombat.ee\/eco\/","logo":{"@type":"ImageObject","inLanguage":"en-GB","@id":"https:\/\/projekt.vombat.ee\/eco\/#\/schema\/logo\/image\/","url":"https:\/\/projekt.vombat.ee\/eco\/wp-content\/uploads\/2023\/03\/ECOCRUISER_5.png","contentUrl":"https:\/\/projekt.vombat.ee\/eco\/wp-content\/uploads\/2023\/03\/ECOCRUISER_5.png","width":234,"height":91,"caption":"Ecocruiser"},"image":{"@id":"https:\/\/projekt.vombat.ee\/eco\/#\/schema\/logo\/image\/"}}]}},"lang":"et","translations":{"et":21078,"en":21053},"pll_sync_post":[],"_links":{"self":[{"href":"https:\/\/projekt.vombat.ee\/eco\/wp-json\/wp\/v2\/product\/21078"}],"collection":[{"href":"https:\/\/projekt.vombat.ee\/eco\/wp-json\/wp\/v2\/product"}],"about":[{"href":"https:\/\/projekt.vombat.ee\/eco\/wp-json\/wp\/v2\/types\/product"}],"version-history":[{"count":3,"href":"https:\/\/projekt.vombat.ee\/eco\/wp-json\/wp\/v2\/product\/21078\/revisions"}],"predecessor-version":[{"id":21091,"href":"https:\/\/projekt.vombat.ee\/eco\/wp-json\/wp\/v2\/product\/21078\/revisions\/21091"}],"wp:featuredmedia":[{"embeddable":true,"href":"https:\/\/projekt.vombat.ee\/eco\/wp-json\/wp\/v2\/media\/21079"}],"wp:attachment":[{"href":"https:\/\/projekt.vombat.ee\/eco\/wp-json\/wp\/v2\/media?parent=21078"}],"wp:term":[{"taxonomy":"product_cat","embeddable":true,"href":"https:\/\/projekt.vombat.ee\/eco\/wp-json\/wp\/v2\/product_cat?post=21078"},{"taxonomy":"product_tag","embeddable":true,"href":"https:\/\/projekt.vombat.ee\/eco\/wp-json\/wp\/v2\/product_tag?post=21078"}],"curies":[{"name":"wp","href":"https:\/\/api.w.org\/{rel}","templated":true}]}}