{"id":21022,"date":"2024-08-05T09:57:38","date_gmt":"2024-08-05T09:57:38","guid":{"rendered":"https:\/\/projekt.vombat.ee\/eco\/?post_type=product&#038;p=21022"},"modified":"2024-08-05T10:01:01","modified_gmt":"2024-08-05T10:01:01","slug":"kukirin-c1-pro-elektriline-toukeratas-100-km-2","status":"publish","type":"product","link":"https:\/\/projekt.vombat.ee\/eco\/pood\/elektritoukerattad\/linna-toukerattad\/kukirin-c1-pro-elektriline-toukeratas-100-km-2\/","title":{"rendered":"KUKIRIN C1 Pro elektriline t\u00f5ukeratas 100 km"},"content":{"rendered":"<h1>KUKIRIN C1 Pro elektriline t\u00f5ukeratas<\/h1>\n<p>Tutvu KuKirin C1 Pro elektrit\u00f5ukerattaga \u2013 Sinu uue igap\u00e4evase kaaslasega, mis viib liikumise uuele tasemele. Unusta ummikud ja parkimismured; C1 Pro viib sind sihtkohta kiirelt ja stiilselt. 800W mootori v\u00f5imsus ja 45 km\/h maksimaalne kiirus teevad s\u00f5idust naudingu, samal ajal kui 100 km s\u00f5iduulatus \u00fche laadimisega t\u00e4hendab, et sinu seiklused ei pea piirduma ainult linna piiridega.<\/p>\n<p>Selle 14-tollised laiad \u00f5hkrehvid ja intuitiivne juhtpaneel tagavad sujuva s\u00f5idukogemuse igal teekattel. Lisaks on C1 Pro disainitud m\u00f5eldes sinu mugavusele \u2013 olgu see siis selle kiire kokkupanek, mis muudab transpordi lihtsaks, v\u00f5i veekindlus, mis v\u00f5imaldab s\u00f5ita igas ilmastikus.<\/p>\n<p>Vali KuKirin C1 Pro ja muuda oma igap\u00e4evased s\u00f5idud nauditavaks seikluseks. See ei ole lihtsalt t\u00f5ukeratas, see on sinu vabadus ratastel.<\/p>\n<p><img fetchpriority=\"high\" decoding=\"async\" class=\"alignnone\" src=\"https:\/\/a.allegroimg.com\/original\/11d273\/6121a71d4f1a9e75f447e995ef66\/Hulajnoga-Elektryczna-KuKirin-C1-Pro-800W-25AH-14-100KM-45KM-H-Amortyzacja-przod\" alt=\"KUKIRIN C1 Pro elektriline t\u00f5ukeratas 100 km\" width=\"1600\" height=\"1066\" \/><\/p>\n<p>&nbsp;<\/p>\n<h3>Info<\/h3>\n<ul>\n<li><strong>Br\u00e4nd:<\/strong> Kugoo<\/li>\n<li><strong>Mootori v\u00f5imsus:<\/strong> Kuni 800W tippv\u00f5imsus, kasutatav v\u00f5imsus 500W.<\/li>\n<li><strong>Kiirus:<\/strong> Maksimaalne kiirus kuni 45 km\/h.<\/li>\n<li><strong>Aku:<\/strong> Uue p\u00f5lvkonna k\u00f5rgsageduslik 48V 25Ah liitiumaku.<\/li>\n<li><strong>S\u00f5iduulatus:<\/strong> Kuni 100 km \u00fche laadimisega.<\/li>\n<li><strong>Rehvid:<\/strong> 14-tollised paksud \u00f5hkrehvid, rehvi laius 2,5 tolli.<\/li>\n<li><strong>Piduris\u00fcsteem:<\/strong> Eesmised ja tagumised ketaspidurid.<\/li>\n<li><strong>Raam:<\/strong> Tugev Al sulam.<\/li>\n<li><strong>Istme disain:<\/strong> Suurem ja paksem iste parema mugavuse tagamiseks.<\/li>\n<li><strong>Valgustus:<\/strong> V\u00f5imsad eesmised ja tagumised tuled ohutuks s\u00f5iduks.<\/li>\n<li><strong>Juhtpaneel:<\/strong> Nutikas armatuurlaud s\u00f5iduki v\u00f5imsuse, kiiruse, vahemaa ja muu teabe j\u00e4lgimiseks.<\/li>\n<li><strong>Laadimisaeg:<\/strong> 10-12 tundi.<\/li>\n<li><strong>Veekindlus:<\/strong> IP54 klassifikatsioon.<\/li>\n<li><strong>Lisafunktsioonid:<\/strong> Sarv, vastuvalgustus, kiirusem\u00f5\u00f5dik, iste, kokkupandav kohver, veekindel.<\/li>\n<li><strong>Kokkupandavus:<\/strong> Kiire ja k\u00e4ep\u00e4rane kokkupanek v\u00f5imaldab t\u00f5ukeratta h\u00f5lpsalt auto pagasiruumi paigutada.<\/li>\n<li><strong>Pedaalid:<\/strong> Klassikalise retro v\u00e4limusega tugev puidust pedaal, hea libisemisvastase kvaliteediga.<\/li>\n<li><strong>Mugavus:<\/strong> Suurep\u00e4rane eesmine \u0161okkabsorbeerimine ja 14-tollised maastikurehvid tagavad sujuva s\u00f5idu.<\/li>\n<li><strong>Kaal:<\/strong> 33,7 kg.<\/li>\n<li><strong>Maksimaalne koormus:<\/strong> Kuni 120 kg.<\/li>\n<li><strong>Lahtik\u00e4idud m\u00f5\u00f5tmed:<\/strong> 140 x 61 x 110cm<\/li>\n<li><strong>Kokkupandud m\u00f5\u00f5tmed:<\/strong> 140 x 30 x 65cm<\/li>\n<\/ul>\n<p><img decoding=\"async\" class=\"alignnone\" src=\"https:\/\/a.allegroimg.com\/original\/11ae54\/a8a9cfd04488be77f99f9aa47148\/Hulajnoga-Elektryczny-KuKirin-C1-Pro-800W-45-km-h-25Ah-100km-Maksymalny-kat-nachylenia-terenu-15\" alt=\"KuKirin C1 Pro\" width=\"1035\" height=\"429\" \/><\/p>\n<h3>Pakend sisaldab<\/h3>\n<p><img decoding=\"async\" class=\"alignleft\" src=\"https:\/\/a.allegroimg.com\/original\/11e2cf\/b8aa087842c5ba004d6e80eb2ad2\/Hulajnoga-Elektryczny-KuKirin-C1-Pro-800W-45-km-h-25Ah-100km-Zasieg-100-km\" alt=\"KuKirin C1 Pro\" width=\"395\" height=\"395\" \/><\/p>\n<ul>\n<li>Sinu uus elektriline t\u00f5ukeratas<\/li>\n<li>Laadija<\/li>\n<li>Laadimisadapter<\/li>\n<li>Paigalduskomplekt<\/li>\n<li>Kasutusjuhend<\/li>\n<\/ul>\n<p>&nbsp;<\/p>\n<p>&nbsp;<\/p>\n<p>&nbsp;<\/p>\n<p>&nbsp;<\/p>\n<p>&nbsp;<\/p>\n<p>&nbsp;<\/p>\n","protected":false},"excerpt":{"rendered":"<p><strong>KUKIRIN C1 Pro elektriline t\u00f5ukeratas<\/strong><\/p>\n<p>&nbsp;<\/p>\n<ul>\n<li><strong>Maksimaalne kiirus kuni 45 km\/h<\/strong><\/li>\n<li><strong>Uue p\u00f5lvkonna k\u00f5rgsageduslik 48V 25Ah liitiumaku<\/strong><\/li>\n<li><strong>S\u00f5iduulatus: Kuni 100km \u00fche laadimisega<\/strong><\/li>\n<li><strong>Rehvid: 14-tollised paksud \u00f5hkrehvid<\/strong><\/li>\n<li><strong>Eesmised ja tagumised ketaspidurid<\/strong><\/li>\n<li><strong>Suurem ja paksem iste parema mugavuse tagamiseks<\/strong><\/li>\n<li><strong>V\u00f5imsad eesmised ja tagumised tuled <\/strong><\/li>\n<li><strong>Nutikas armatuurlaud<\/strong><\/li>\n<li><strong>Laadimisaeg: 10-12 tundi<\/strong><\/li>\n<li><strong>Veekindlus: IP54\u00a0<\/strong><\/li>\n<li><strong>Kokkupandav<\/strong><\/li>\n<li><strong>Maksimaalne koormus: Kuni 120 kg<\/strong><\/li>\n<\/ul>\n<p>&nbsp;<\/p>\n<p><strong>\u2666 Tarneaeg 2-7 p\u00e4<\/strong><strong>eva<\/strong><br \/>\n<strong>\u2666 Laos<\/strong><\/p>\n<p>&nbsp;<\/p>\n<p>&nbsp;<\/p>\n","protected":false},"featured_media":13947,"template":"","meta":[],"product_cat":[1920,1381,53,909,911,59],"product_tag":[],"class_list":{"0":"post-21022","1":"product","2":"type-product","3":"status-publish","4":"has-post-thumbnail","6":"product_cat-elektritoukerataste-joulukampaania","7":"product_cat-top-5-populaarsemat-elektritoukeratast","8":"product_cat-elektritoukerattad","9":"product_cat-linna-toukerattad","10":"product_cat-voimsad-toukerattad","11":"product_cat-kugoo-elektritoukerattad","12":"product_shipping_class-suured-pakid","14":"first","15":"instock","16":"sale","17":"taxable","18":"shipping-taxable","19":"purchasable","20":"product-type-simple"},"yoast_head":"<!-- This site is optimized with the Yoast SEO plugin v23.8 - https:\/\/yoast.com\/wordpress\/plugins\/seo\/ -->\n<title>KUKIRIN C1 Pro elektriline t\u00f5ukeratas 100 km - Ecocruiser<\/title>\n<meta name=\"description\" content=\"KuKirin C1 Pro elektriline t\u00f5ukeratas: 45 km\/h, 100 km ulatus, 14-tollised rehvid. Veekindel ja kokkupandav \u2013 ideaalne igap\u00e4evaseks liikumiseks.\" \/>\n<meta name=\"robots\" content=\"noindex, follow, max-snippet:-1, max-image-preview:large, max-video-preview:-1\" \/>\n<meta property=\"og:locale\" content=\"en_GB\" \/>\n<meta property=\"og:type\" content=\"article\" \/>\n<meta property=\"og:title\" content=\"KUKIRIN C1 Pro elektriline t\u00f5ukeratas 100 km - Ecocruiser\" \/>\n<meta property=\"og:description\" content=\"KuKirin C1 Pro elektriline t\u00f5ukeratas: 45 km\/h, 100 km ulatus, 14-tollised rehvid. Veekindel ja kokkupandav \u2013 ideaalne igap\u00e4evaseks liikumiseks.\" \/>\n<meta property=\"og:url\" content=\"https:\/\/projekt.vombat.ee\/eco\/pood\/elektritoukerattad\/linna-toukerattad\/kukirin-c1-pro-elektriline-toukeratas-100-km-2\/\" \/>\n<meta property=\"og:site_name\" content=\"Ecocruiser\" \/>\n<meta property=\"article:modified_time\" content=\"2024-08-05T10:01:01+00:00\" \/>\n<meta property=\"og:image\" content=\"https:\/\/projekt.vombat.ee\/eco\/wp-content\/uploads\/2024\/02\/6-2.jpg\" \/>\n\t<meta property=\"og:image:width\" content=\"720\" \/>\n\t<meta property=\"og:image:height\" content=\"720\" \/>\n\t<meta property=\"og:image:type\" content=\"image\/jpeg\" \/>\n<meta name=\"twitter:card\" content=\"summary_large_image\" \/>\n<meta name=\"twitter:label1\" content=\"Estimated reading time\" \/>\n\t<meta name=\"twitter:data1\" content=\"2 minutes\" \/>\n<script type=\"application\/ld+json\" class=\"yoast-schema-graph\">{\"@context\":\"https:\/\/schema.org\",\"@graph\":[{\"@type\":\"WebPage\",\"@id\":\"https:\/\/projekt.vombat.ee\/eco\/pood\/elektritoukerattad\/linna-toukerattad\/kukirin-c1-pro-elektriline-toukeratas-100-km-2\/\",\"url\":\"https:\/\/projekt.vombat.ee\/eco\/pood\/elektritoukerattad\/linna-toukerattad\/kukirin-c1-pro-elektriline-toukeratas-100-km-2\/\",\"name\":\"KUKIRIN C1 Pro elektriline t\u00f5ukeratas 100 km - Ecocruiser\",\"isPartOf\":{\"@id\":\"https:\/\/projekt.vombat.ee\/eco\/#website\"},\"primaryImageOfPage\":{\"@id\":\"https:\/\/projekt.vombat.ee\/eco\/pood\/elektritoukerattad\/linna-toukerattad\/kukirin-c1-pro-elektriline-toukeratas-100-km-2\/#primaryimage\"},\"image\":{\"@id\":\"https:\/\/projekt.vombat.ee\/eco\/pood\/elektritoukerattad\/linna-toukerattad\/kukirin-c1-pro-elektriline-toukeratas-100-km-2\/#primaryimage\"},\"thumbnailUrl\":\"https:\/\/projekt.vombat.ee\/eco\/wp-content\/uploads\/2024\/02\/6-2.jpg\",\"datePublished\":\"2024-08-05T09:57:38+00:00\",\"dateModified\":\"2024-08-05T10:01:01+00:00\",\"description\":\"KuKirin C1 Pro elektriline t\u00f5ukeratas: 45 km\/h, 100 km ulatus, 14-tollised rehvid. Veekindel ja kokkupandav \u2013 ideaalne igap\u00e4evaseks liikumiseks.\",\"breadcrumb\":{\"@id\":\"https:\/\/projekt.vombat.ee\/eco\/pood\/elektritoukerattad\/linna-toukerattad\/kukirin-c1-pro-elektriline-toukeratas-100-km-2\/#breadcrumb\"},\"inLanguage\":\"en-GB\",\"potentialAction\":[{\"@type\":\"ReadAction\",\"target\":[\"https:\/\/projekt.vombat.ee\/eco\/pood\/elektritoukerattad\/linna-toukerattad\/kukirin-c1-pro-elektriline-toukeratas-100-km-2\/\"]}]},{\"@type\":\"ImageObject\",\"inLanguage\":\"en-GB\",\"@id\":\"https:\/\/projekt.vombat.ee\/eco\/pood\/elektritoukerattad\/linna-toukerattad\/kukirin-c1-pro-elektriline-toukeratas-100-km-2\/#primaryimage\",\"url\":\"https:\/\/projekt.vombat.ee\/eco\/wp-content\/uploads\/2024\/02\/6-2.jpg\",\"contentUrl\":\"https:\/\/projekt.vombat.ee\/eco\/wp-content\/uploads\/2024\/02\/6-2.jpg\",\"width\":720,\"height\":720,\"caption\":\"KUKIRIN C1 Pro elektriline t\u00f5ukeratas\"},{\"@type\":\"BreadcrumbList\",\"@id\":\"https:\/\/projekt.vombat.ee\/eco\/pood\/elektritoukerattad\/linna-toukerattad\/kukirin-c1-pro-elektriline-toukeratas-100-km-2\/#breadcrumb\",\"itemListElement\":[{\"@type\":\"ListItem\",\"position\":1,\"name\":\"Home\",\"item\":\"https:\/\/projekt.vombat.ee\/eco\/\"},{\"@type\":\"ListItem\",\"position\":2,\"name\":\"Pood\",\"item\":\"https:\/\/projekt.vombat.ee\/eco\/pood\/\"},{\"@type\":\"ListItem\",\"position\":3,\"name\":\"KUKIRIN C1 Pro elektriline t\u00f5ukeratas 100 km\"}]},{\"@type\":\"WebSite\",\"@id\":\"https:\/\/projekt.vombat.ee\/eco\/#website\",\"url\":\"https:\/\/projekt.vombat.ee\/eco\/\",\"name\":\"Ecocruiser\",\"description\":\"\",\"publisher\":{\"@id\":\"https:\/\/projekt.vombat.ee\/eco\/#organization\"},\"potentialAction\":[{\"@type\":\"SearchAction\",\"target\":{\"@type\":\"EntryPoint\",\"urlTemplate\":\"https:\/\/projekt.vombat.ee\/eco\/?s={search_term_string}\"},\"query-input\":{\"@type\":\"PropertyValueSpecification\",\"valueRequired\":true,\"valueName\":\"search_term_string\"}}],\"inLanguage\":\"en-GB\"},{\"@type\":\"Organization\",\"@id\":\"https:\/\/projekt.vombat.ee\/eco\/#organization\",\"name\":\"Ecocruiser\",\"url\":\"https:\/\/projekt.vombat.ee\/eco\/\",\"logo\":{\"@type\":\"ImageObject\",\"inLanguage\":\"en-GB\",\"@id\":\"https:\/\/projekt.vombat.ee\/eco\/#\/schema\/logo\/image\/\",\"url\":\"https:\/\/projekt.vombat.ee\/eco\/wp-content\/uploads\/2023\/03\/ECOCRUISER_5.png\",\"contentUrl\":\"https:\/\/projekt.vombat.ee\/eco\/wp-content\/uploads\/2023\/03\/ECOCRUISER_5.png\",\"width\":234,\"height\":91,\"caption\":\"Ecocruiser\"},\"image\":{\"@id\":\"https:\/\/projekt.vombat.ee\/eco\/#\/schema\/logo\/image\/\"}}]}<\/script>\n<!-- \/ Yoast SEO plugin. -->","yoast_head_json":{"title":"KUKIRIN C1 Pro elektriline t\u00f5ukeratas 100 km - Ecocruiser","description":"KuKirin C1 Pro elektriline t\u00f5ukeratas: 45 km\/h, 100 km ulatus, 14-tollised rehvid. Veekindel ja kokkupandav \u2013 ideaalne igap\u00e4evaseks liikumiseks.","robots":{"index":"noindex","follow":"follow","max-snippet":"max-snippet:-1","max-image-preview":"max-image-preview:large","max-video-preview":"max-video-preview:-1"},"og_locale":"en_GB","og_type":"article","og_title":"KUKIRIN C1 Pro elektriline t\u00f5ukeratas 100 km - Ecocruiser","og_description":"KuKirin C1 Pro elektriline t\u00f5ukeratas: 45 km\/h, 100 km ulatus, 14-tollised rehvid. Veekindel ja kokkupandav \u2013 ideaalne igap\u00e4evaseks liikumiseks.","og_url":"https:\/\/projekt.vombat.ee\/eco\/pood\/elektritoukerattad\/linna-toukerattad\/kukirin-c1-pro-elektriline-toukeratas-100-km-2\/","og_site_name":"Ecocruiser","article_modified_time":"2024-08-05T10:01:01+00:00","og_image":[{"width":720,"height":720,"url":"https:\/\/projekt.vombat.ee\/eco\/wp-content\/uploads\/2024\/02\/6-2.jpg","type":"image\/jpeg"}],"twitter_card":"summary_large_image","twitter_misc":{"Estimated reading time":"2 minutes"},"schema":{"@context":"https:\/\/schema.org","@graph":[{"@type":"WebPage","@id":"https:\/\/projekt.vombat.ee\/eco\/pood\/elektritoukerattad\/linna-toukerattad\/kukirin-c1-pro-elektriline-toukeratas-100-km-2\/","url":"https:\/\/projekt.vombat.ee\/eco\/pood\/elektritoukerattad\/linna-toukerattad\/kukirin-c1-pro-elektriline-toukeratas-100-km-2\/","name":"KUKIRIN C1 Pro elektriline t\u00f5ukeratas 100 km - Ecocruiser","isPartOf":{"@id":"https:\/\/projekt.vombat.ee\/eco\/#website"},"primaryImageOfPage":{"@id":"https:\/\/projekt.vombat.ee\/eco\/pood\/elektritoukerattad\/linna-toukerattad\/kukirin-c1-pro-elektriline-toukeratas-100-km-2\/#primaryimage"},"image":{"@id":"https:\/\/projekt.vombat.ee\/eco\/pood\/elektritoukerattad\/linna-toukerattad\/kukirin-c1-pro-elektriline-toukeratas-100-km-2\/#primaryimage"},"thumbnailUrl":"https:\/\/projekt.vombat.ee\/eco\/wp-content\/uploads\/2024\/02\/6-2.jpg","datePublished":"2024-08-05T09:57:38+00:00","dateModified":"2024-08-05T10:01:01+00:00","description":"KuKirin C1 Pro elektriline t\u00f5ukeratas: 45 km\/h, 100 km ulatus, 14-tollised rehvid. Veekindel ja kokkupandav \u2013 ideaalne igap\u00e4evaseks liikumiseks.","breadcrumb":{"@id":"https:\/\/projekt.vombat.ee\/eco\/pood\/elektritoukerattad\/linna-toukerattad\/kukirin-c1-pro-elektriline-toukeratas-100-km-2\/#breadcrumb"},"inLanguage":"en-GB","potentialAction":[{"@type":"ReadAction","target":["https:\/\/projekt.vombat.ee\/eco\/pood\/elektritoukerattad\/linna-toukerattad\/kukirin-c1-pro-elektriline-toukeratas-100-km-2\/"]}]},{"@type":"ImageObject","inLanguage":"en-GB","@id":"https:\/\/projekt.vombat.ee\/eco\/pood\/elektritoukerattad\/linna-toukerattad\/kukirin-c1-pro-elektriline-toukeratas-100-km-2\/#primaryimage","url":"https:\/\/projekt.vombat.ee\/eco\/wp-content\/uploads\/2024\/02\/6-2.jpg","contentUrl":"https:\/\/projekt.vombat.ee\/eco\/wp-content\/uploads\/2024\/02\/6-2.jpg","width":720,"height":720,"caption":"KUKIRIN C1 Pro elektriline t\u00f5ukeratas"},{"@type":"BreadcrumbList","@id":"https:\/\/projekt.vombat.ee\/eco\/pood\/elektritoukerattad\/linna-toukerattad\/kukirin-c1-pro-elektriline-toukeratas-100-km-2\/#breadcrumb","itemListElement":[{"@type":"ListItem","position":1,"name":"Home","item":"https:\/\/projekt.vombat.ee\/eco\/"},{"@type":"ListItem","position":2,"name":"Pood","item":"https:\/\/projekt.vombat.ee\/eco\/pood\/"},{"@type":"ListItem","position":3,"name":"KUKIRIN C1 Pro elektriline t\u00f5ukeratas 100 km"}]},{"@type":"WebSite","@id":"https:\/\/projekt.vombat.ee\/eco\/#website","url":"https:\/\/projekt.vombat.ee\/eco\/","name":"Ecocruiser","description":"","publisher":{"@id":"https:\/\/projekt.vombat.ee\/eco\/#organization"},"potentialAction":[{"@type":"SearchAction","target":{"@type":"EntryPoint","urlTemplate":"https:\/\/projekt.vombat.ee\/eco\/?s={search_term_string}"},"query-input":{"@type":"PropertyValueSpecification","valueRequired":true,"valueName":"search_term_string"}}],"inLanguage":"en-GB"},{"@type":"Organization","@id":"https:\/\/projekt.vombat.ee\/eco\/#organization","name":"Ecocruiser","url":"https:\/\/projekt.vombat.ee\/eco\/","logo":{"@type":"ImageObject","inLanguage":"en-GB","@id":"https:\/\/projekt.vombat.ee\/eco\/#\/schema\/logo\/image\/","url":"https:\/\/projekt.vombat.ee\/eco\/wp-content\/uploads\/2023\/03\/ECOCRUISER_5.png","contentUrl":"https:\/\/projekt.vombat.ee\/eco\/wp-content\/uploads\/2023\/03\/ECOCRUISER_5.png","width":234,"height":91,"caption":"Ecocruiser"},"image":{"@id":"https:\/\/projekt.vombat.ee\/eco\/#\/schema\/logo\/image\/"}}]}},"lang":"et","translations":{"et":21022,"fr":21023},"pll_sync_post":[],"_links":{"self":[{"href":"https:\/\/projekt.vombat.ee\/eco\/wp-json\/wp\/v2\/product\/21022"}],"collection":[{"href":"https:\/\/projekt.vombat.ee\/eco\/wp-json\/wp\/v2\/product"}],"about":[{"href":"https:\/\/projekt.vombat.ee\/eco\/wp-json\/wp\/v2\/types\/product"}],"version-history":[{"count":1,"href":"https:\/\/projekt.vombat.ee\/eco\/wp-json\/wp\/v2\/product\/21022\/revisions"}],"predecessor-version":[{"id":21024,"href":"https:\/\/projekt.vombat.ee\/eco\/wp-json\/wp\/v2\/product\/21022\/revisions\/21024"}],"wp:featuredmedia":[{"embeddable":true,"href":"https:\/\/projekt.vombat.ee\/eco\/wp-json\/wp\/v2\/media\/13947"}],"wp:attachment":[{"href":"https:\/\/projekt.vombat.ee\/eco\/wp-json\/wp\/v2\/media?parent=21022"}],"wp:term":[{"taxonomy":"product_cat","embeddable":true,"href":"https:\/\/projekt.vombat.ee\/eco\/wp-json\/wp\/v2\/product_cat?post=21022"},{"taxonomy":"product_tag","embeddable":true,"href":"https:\/\/projekt.vombat.ee\/eco\/wp-json\/wp\/v2\/product_tag?post=21022"}],"curies":[{"name":"wp","href":"https:\/\/api.w.org\/{rel}","templated":true}]}}