{"id":20977,"date":"2024-08-03T17:40:34","date_gmt":"2024-08-03T17:40:34","guid":{"rendered":"https:\/\/projekt.vombat.ee\/eco\/?post_type=product&#038;p=20977"},"modified":"2024-08-03T17:40:36","modified_gmt":"2024-08-03T17:40:36","slug":"elektriline-toukeratas-vsett-11-super-125km","status":"publish","type":"product","link":"https:\/\/projekt.vombat.ee\/eco\/fr\/pood\/scooters-electriques\/voimsad-toukerattad\/elektriline-toukeratas-vsett-11-super-125km\/","title":{"rendered":"VSETT 11+ Super elektriline t\u00f5ukeratas , 125km"},"content":{"rendered":"<div class=\"flex flex-grow flex-col max-w-full\">\n<div class=\"min-h-[20px] text-message flex flex-col items-start whitespace-pre-wrap break-words [.text-message+&amp;]:mt-5 juice:w-full juice:items-end overflow-x-auto gap-2\" dir=\"auto\" data-message-author-role=\"assistant\" data-message-id=\"a0ea1a6f-e893-46f2-9c4a-ca80d4a144a7\">\n<div class=\"flex w-full flex-col gap-1 juice:empty:hidden juice:first:pt-[3px]\">\n<div class=\"markdown prose w-full break-words dark:prose-invert light\">\n<p>Le VSETT 11+ Super est un v\u00e9ritable chef-d&#8217;\u0153uvre n\u00e9 d&#8217;une grande passion pour les v\u00e9hicules \u00e9lectriques. Ce scooter \u00e9lectrique est con\u00e7u pour les clients les plus exigeants, offrant un choix sans compromis entre prix, qualit\u00e9 et s\u00e9curit\u00e9. Choisissez votre itin\u00e9raire et roulez ! Des ann\u00e9es d&#8217;exp\u00e9rience dans la production de scooters \u00e9lectriques permettent \u00e0 VSETT de cr\u00e9er un mod\u00e8le avec une autonomie plus longue. C&#8217;est pourquoi le VSETT 11+ Super est \u00e9quip\u00e9 d&#8217;une batterie LI-Ion 72V\/32Ah qui vous permet de parcourir 125 km avec une seule charge !<\/p>\n<p>Soyez tr\u00e8s visible avec le VSETT 11+ Super, dot\u00e9 d&#8217;une grande lumi\u00e8re LED sp\u00e9cialement con\u00e7ue pour la conduite hors route rapide. Le faisceau lumineux puissant, qui utilise des diodes SMD, assure une excellente visibilit\u00e9 sur la route. Le scooter \u00e9lectrique VSETT peut \u00eatre activ\u00e9 avec une puce NFC sp\u00e9ciale. Le confort et la s\u00e9curit\u00e9 sont garantis m\u00eame sur terrain accident\u00e9. De larges pneus de 11 pouces assurent la s\u00e9curit\u00e9, tandis que la double suspension hydraulique att\u00e9nue les irr\u00e9gularit\u00e9s de la route. Les freins hydrauliques r\u00e9duisent consid\u00e9rablement la distance de freinage.<\/p>\n<p>Suivez facilement tous les param\u00e8tres &#8211; le scooter dispose d&#8217;un \u00e9cran LED qui affiche des informations importantes telles que la vitesse, le rapport, le niveau de la batterie, la distance parcourue et les indicateurs lumineux.<\/p>\n<p><strong>Caract\u00e9ristiques principales:<\/strong><\/p>\n<ul>\n<li>Batterie LG longue dur\u00e9e de haute qualit\u00e9<\/li>\n<li>Allumer et \u00e9teindre avec la puce NFC<\/li>\n<li>Syst\u00e8me de pliage brevet\u00e9 qui offre la solution la plus solide et la meilleure par rapport aux autres scooters \u00e9lectriques<\/li>\n<li>IP54 \u00e9tanche<\/li>\n<li>Capacit\u00e9 de charge maximale jusqu&#8217;\u00e0 150 kg<\/li>\n<li>Les amortisseurs assurent une conduite stable et s\u00fbre<\/li>\n<li>\u00c9cran LCD affichant la vitesse, le rapport, l&#8217;\u00e9tat de la batterie et le kilom\u00e9trage<\/li>\n<li>Poign\u00e9es pliantes pour plus de commodit\u00e9<\/li>\n<li>Interrupteur de clignotant sur la poign\u00e9e<\/li>\n<li>Un moyen de transport tr\u00e8s confortable et respectueux de l&#8217;environnement<\/li>\n<li>Facile et rapide \u00e0 plier<\/li>\n<li>Lorsque vous conduisez une trottinette \u00e9lectrique, il est recommand\u00e9 de porter un \u00e9quipement de protection et de toujours porter un casque !<\/li>\n<\/ul>\n<\/div>\n<\/div>\n<\/div>\n<\/div>\n","protected":false},"excerpt":{"rendered":"<h6>V\u00c9LO \u00c9LECTRIQUE VSETT 11+<\/h6>\n<ul>\n<li><strong>Autonomie maximale :<\/strong> 125 KM<\/li>\n<li><strong>Capacit\u00e9 de charge :<\/strong> 150 kg<\/li>\n<li><strong>Puissance du moteur :<\/strong> 1000W<\/li>\n<li><strong>Temps de charge :<\/strong> 8-16h<\/li>\n<li><strong>Batterie :<\/strong> 72V 32Ah<\/li>\n<li><strong>Vitesse maximale :<\/strong> 25 km\/h<\/li>\n<\/ul>\n","protected":false},"featured_media":20968,"template":"","meta":[],"product_cat":[2283,4828,4140],"product_tag":[7725,7736,7754,7746,7740,7750,7732,7738,7766,7734,7760,7752,7756,7748,7768,7764,7758,7742,7744,7727,7723,7762],"class_list":{"0":"post-20977","1":"product","2":"type-product","3":"status-publish","4":"has-post-thumbnail","6":"product_cat-scooters-electriques","7":"product_cat-voimsad-toukerattad","8":"product_cat-brandid","9":"product_tag-125km","10":"product_tag-125km-range-scooter","11":"product_tag-advanced-scooter-technology","12":"product_tag-commuter-scooter","13":"product_tag-dual-motor-scooter","14":"product_tag-eco-friendly-transportation","15":"product_tag-electric-scooter","16":"product_tag-high-performance-scooter","17":"product_tag-high-speed-scooter","18":"product_tag-long-range-scooter","19":"product_tag-modern-transportation","20":"product_tag-off-road-capable-scooter","21":"product_tag-personal-electric-vehicle","22":"product_tag-powerful-electric-scooter","23":"product_tag-premium-electric-scooter","24":"product_tag-smart-mobility-solutions","25":"product_tag-sustainable-travel","26":"product_tag-two-wheel-drive-scooter","27":"product_tag-urban-mobility","28":"product_tag-vsett-11-super","29":"product_tag-vsett-11-super-scooter-electrique","30":"product_tag-vsett-scooters","32":"first","33":"instock","34":"sale","35":"taxable","36":"shipping-taxable","37":"purchasable","38":"product-type-simple"},"yoast_head":"<!-- This site is optimized with the Yoast SEO plugin v23.8 - https:\/\/yoast.com\/wordpress\/plugins\/seo\/ -->\n<title>VSETT 11+ Super elektriline t\u00f5ukeratas , 125km - Ecocruiser<\/title>\n<meta name=\"description\" content=\"VSETT 11+ Super elektriline t\u00f5ukeratas , 125km - Kvaliteetsed br\u00e4ndid, lai valik - Ecocruiser.ee - K\u00fcsimuste korral v\u00f5ta \u00fchendust info@projekt.vombat.ee\" \/>\n<meta name=\"robots\" content=\"noindex, follow, max-snippet:-1, max-image-preview:large, max-video-preview:-1\" \/>\n<meta property=\"og:locale\" content=\"en_GB\" \/>\n<meta property=\"og:type\" content=\"article\" \/>\n<meta property=\"og:title\" content=\"VSETT 11+ Super elektriline t\u00f5ukeratas , 125km - Ecocruiser\" \/>\n<meta property=\"og:description\" content=\"VSETT 11+ Super elektriline t\u00f5ukeratas , 125km - Kvaliteetsed br\u00e4ndid, lai valik - Ecocruiser.ee - K\u00fcsimuste korral v\u00f5ta \u00fchendust info@projekt.vombat.ee\" \/>\n<meta property=\"og:url\" content=\"https:\/\/projekt.vombat.ee\/eco\/fr\/pood\/scooters-electriques\/voimsad-toukerattad\/elektriline-toukeratas-vsett-11-super-125km\/\" \/>\n<meta property=\"og:site_name\" content=\"Ecocruiser\" \/>\n<meta property=\"article:modified_time\" content=\"2024-08-03T17:40:36+00:00\" \/>\n<meta property=\"og:image\" content=\"https:\/\/projekt.vombat.ee\/eco\/wp-content\/uploads\/2024\/06\/img_VSETT-11-plus-super-LG_d1690103d1e34dbf46723c664ad35668.jpg\" \/>\n\t<meta property=\"og:image:width\" content=\"1000\" \/>\n\t<meta property=\"og:image:height\" content=\"1000\" \/>\n\t<meta property=\"og:image:type\" content=\"image\/jpeg\" \/>\n<meta name=\"twitter:card\" content=\"summary_large_image\" \/>\n<meta name=\"twitter:label1\" content=\"Estimated reading time\" \/>\n\t<meta name=\"twitter:data1\" content=\"2 minutes\" \/>\n<script type=\"application\/ld+json\" class=\"yoast-schema-graph\">{\"@context\":\"https:\/\/schema.org\",\"@graph\":[{\"@type\":\"WebPage\",\"@id\":\"https:\/\/projekt.vombat.ee\/eco\/fr\/pood\/scooters-electriques\/voimsad-toukerattad\/elektriline-toukeratas-vsett-11-super-125km\/\",\"url\":\"https:\/\/projekt.vombat.ee\/eco\/fr\/pood\/scooters-electriques\/voimsad-toukerattad\/elektriline-toukeratas-vsett-11-super-125km\/\",\"name\":\"VSETT 11+ Super elektriline t\u00f5ukeratas , 125km - Ecocruiser\",\"isPartOf\":{\"@id\":\"https:\/\/projekt.vombat.ee\/eco\/#website\"},\"primaryImageOfPage\":{\"@id\":\"https:\/\/projekt.vombat.ee\/eco\/fr\/pood\/scooters-electriques\/voimsad-toukerattad\/elektriline-toukeratas-vsett-11-super-125km\/#primaryimage\"},\"image\":{\"@id\":\"https:\/\/projekt.vombat.ee\/eco\/fr\/pood\/scooters-electriques\/voimsad-toukerattad\/elektriline-toukeratas-vsett-11-super-125km\/#primaryimage\"},\"thumbnailUrl\":\"https:\/\/projekt.vombat.ee\/eco\/wp-content\/uploads\/2024\/06\/img_VSETT-11-plus-super-LG_d1690103d1e34dbf46723c664ad35668.jpg\",\"datePublished\":\"2024-08-03T17:40:34+00:00\",\"dateModified\":\"2024-08-03T17:40:36+00:00\",\"description\":\"VSETT 11+ Super elektriline t\u00f5ukeratas , 125km - Kvaliteetsed br\u00e4ndid, lai valik - Ecocruiser.ee - K\u00fcsimuste korral v\u00f5ta \u00fchendust info@projekt.vombat.ee\",\"breadcrumb\":{\"@id\":\"https:\/\/projekt.vombat.ee\/eco\/fr\/pood\/scooters-electriques\/voimsad-toukerattad\/elektriline-toukeratas-vsett-11-super-125km\/#breadcrumb\"},\"inLanguage\":\"en-GB\",\"potentialAction\":[{\"@type\":\"ReadAction\",\"target\":[\"https:\/\/projekt.vombat.ee\/eco\/fr\/pood\/scooters-electriques\/voimsad-toukerattad\/elektriline-toukeratas-vsett-11-super-125km\/\"]}]},{\"@type\":\"ImageObject\",\"inLanguage\":\"en-GB\",\"@id\":\"https:\/\/projekt.vombat.ee\/eco\/fr\/pood\/scooters-electriques\/voimsad-toukerattad\/elektriline-toukeratas-vsett-11-super-125km\/#primaryimage\",\"url\":\"https:\/\/projekt.vombat.ee\/eco\/wp-content\/uploads\/2024\/06\/img_VSETT-11-plus-super-LG_d1690103d1e34dbf46723c664ad35668.jpg\",\"contentUrl\":\"https:\/\/projekt.vombat.ee\/eco\/wp-content\/uploads\/2024\/06\/img_VSETT-11-plus-super-LG_d1690103d1e34dbf46723c664ad35668.jpg\",\"width\":1000,\"height\":1000},{\"@type\":\"BreadcrumbList\",\"@id\":\"https:\/\/projekt.vombat.ee\/eco\/fr\/pood\/scooters-electriques\/voimsad-toukerattad\/elektriline-toukeratas-vsett-11-super-125km\/#breadcrumb\",\"itemListElement\":[{\"@type\":\"ListItem\",\"position\":1,\"name\":\"Home\",\"item\":\"https:\/\/projekt.vombat.ee\/eco\/\"},{\"@type\":\"ListItem\",\"position\":2,\"name\":\"Pood\",\"item\":\"https:\/\/projekt.vombat.ee\/eco\/pood\/\"},{\"@type\":\"ListItem\",\"position\":3,\"name\":\"VSETT 11+ Super elektriline t\u00f5ukeratas , 125km\"}]},{\"@type\":\"WebSite\",\"@id\":\"https:\/\/projekt.vombat.ee\/eco\/#website\",\"url\":\"https:\/\/projekt.vombat.ee\/eco\/\",\"name\":\"Ecocruiser\",\"description\":\"\",\"publisher\":{\"@id\":\"https:\/\/projekt.vombat.ee\/eco\/#organization\"},\"potentialAction\":[{\"@type\":\"SearchAction\",\"target\":{\"@type\":\"EntryPoint\",\"urlTemplate\":\"https:\/\/projekt.vombat.ee\/eco\/?s={search_term_string}\"},\"query-input\":{\"@type\":\"PropertyValueSpecification\",\"valueRequired\":true,\"valueName\":\"search_term_string\"}}],\"inLanguage\":\"en-GB\"},{\"@type\":\"Organization\",\"@id\":\"https:\/\/projekt.vombat.ee\/eco\/#organization\",\"name\":\"Ecocruiser\",\"url\":\"https:\/\/projekt.vombat.ee\/eco\/\",\"logo\":{\"@type\":\"ImageObject\",\"inLanguage\":\"en-GB\",\"@id\":\"https:\/\/projekt.vombat.ee\/eco\/#\/schema\/logo\/image\/\",\"url\":\"https:\/\/projekt.vombat.ee\/eco\/wp-content\/uploads\/2023\/03\/ECOCRUISER_5.png\",\"contentUrl\":\"https:\/\/projekt.vombat.ee\/eco\/wp-content\/uploads\/2023\/03\/ECOCRUISER_5.png\",\"width\":234,\"height\":91,\"caption\":\"Ecocruiser\"},\"image\":{\"@id\":\"https:\/\/projekt.vombat.ee\/eco\/#\/schema\/logo\/image\/\"}}]}<\/script>\n<!-- \/ Yoast SEO plugin. -->","yoast_head_json":{"title":"VSETT 11+ Super elektriline t\u00f5ukeratas , 125km - Ecocruiser","description":"VSETT 11+ Super elektriline t\u00f5ukeratas , 125km - Kvaliteetsed br\u00e4ndid, lai valik - Ecocruiser.ee - K\u00fcsimuste korral v\u00f5ta \u00fchendust info@projekt.vombat.ee","robots":{"index":"noindex","follow":"follow","max-snippet":"max-snippet:-1","max-image-preview":"max-image-preview:large","max-video-preview":"max-video-preview:-1"},"og_locale":"en_GB","og_type":"article","og_title":"VSETT 11+ Super elektriline t\u00f5ukeratas , 125km - Ecocruiser","og_description":"VSETT 11+ Super elektriline t\u00f5ukeratas , 125km - Kvaliteetsed br\u00e4ndid, lai valik - Ecocruiser.ee - K\u00fcsimuste korral v\u00f5ta \u00fchendust info@projekt.vombat.ee","og_url":"https:\/\/projekt.vombat.ee\/eco\/fr\/pood\/scooters-electriques\/voimsad-toukerattad\/elektriline-toukeratas-vsett-11-super-125km\/","og_site_name":"Ecocruiser","article_modified_time":"2024-08-03T17:40:36+00:00","og_image":[{"width":1000,"height":1000,"url":"https:\/\/projekt.vombat.ee\/eco\/wp-content\/uploads\/2024\/06\/img_VSETT-11-plus-super-LG_d1690103d1e34dbf46723c664ad35668.jpg","type":"image\/jpeg"}],"twitter_card":"summary_large_image","twitter_misc":{"Estimated reading time":"2 minutes"},"schema":{"@context":"https:\/\/schema.org","@graph":[{"@type":"WebPage","@id":"https:\/\/projekt.vombat.ee\/eco\/fr\/pood\/scooters-electriques\/voimsad-toukerattad\/elektriline-toukeratas-vsett-11-super-125km\/","url":"https:\/\/projekt.vombat.ee\/eco\/fr\/pood\/scooters-electriques\/voimsad-toukerattad\/elektriline-toukeratas-vsett-11-super-125km\/","name":"VSETT 11+ Super elektriline t\u00f5ukeratas , 125km - Ecocruiser","isPartOf":{"@id":"https:\/\/projekt.vombat.ee\/eco\/#website"},"primaryImageOfPage":{"@id":"https:\/\/projekt.vombat.ee\/eco\/fr\/pood\/scooters-electriques\/voimsad-toukerattad\/elektriline-toukeratas-vsett-11-super-125km\/#primaryimage"},"image":{"@id":"https:\/\/projekt.vombat.ee\/eco\/fr\/pood\/scooters-electriques\/voimsad-toukerattad\/elektriline-toukeratas-vsett-11-super-125km\/#primaryimage"},"thumbnailUrl":"https:\/\/projekt.vombat.ee\/eco\/wp-content\/uploads\/2024\/06\/img_VSETT-11-plus-super-LG_d1690103d1e34dbf46723c664ad35668.jpg","datePublished":"2024-08-03T17:40:34+00:00","dateModified":"2024-08-03T17:40:36+00:00","description":"VSETT 11+ Super elektriline t\u00f5ukeratas , 125km - Kvaliteetsed br\u00e4ndid, lai valik - Ecocruiser.ee - K\u00fcsimuste korral v\u00f5ta \u00fchendust info@projekt.vombat.ee","breadcrumb":{"@id":"https:\/\/projekt.vombat.ee\/eco\/fr\/pood\/scooters-electriques\/voimsad-toukerattad\/elektriline-toukeratas-vsett-11-super-125km\/#breadcrumb"},"inLanguage":"en-GB","potentialAction":[{"@type":"ReadAction","target":["https:\/\/projekt.vombat.ee\/eco\/fr\/pood\/scooters-electriques\/voimsad-toukerattad\/elektriline-toukeratas-vsett-11-super-125km\/"]}]},{"@type":"ImageObject","inLanguage":"en-GB","@id":"https:\/\/projekt.vombat.ee\/eco\/fr\/pood\/scooters-electriques\/voimsad-toukerattad\/elektriline-toukeratas-vsett-11-super-125km\/#primaryimage","url":"https:\/\/projekt.vombat.ee\/eco\/wp-content\/uploads\/2024\/06\/img_VSETT-11-plus-super-LG_d1690103d1e34dbf46723c664ad35668.jpg","contentUrl":"https:\/\/projekt.vombat.ee\/eco\/wp-content\/uploads\/2024\/06\/img_VSETT-11-plus-super-LG_d1690103d1e34dbf46723c664ad35668.jpg","width":1000,"height":1000},{"@type":"BreadcrumbList","@id":"https:\/\/projekt.vombat.ee\/eco\/fr\/pood\/scooters-electriques\/voimsad-toukerattad\/elektriline-toukeratas-vsett-11-super-125km\/#breadcrumb","itemListElement":[{"@type":"ListItem","position":1,"name":"Home","item":"https:\/\/projekt.vombat.ee\/eco\/"},{"@type":"ListItem","position":2,"name":"Pood","item":"https:\/\/projekt.vombat.ee\/eco\/pood\/"},{"@type":"ListItem","position":3,"name":"VSETT 11+ Super elektriline t\u00f5ukeratas , 125km"}]},{"@type":"WebSite","@id":"https:\/\/projekt.vombat.ee\/eco\/#website","url":"https:\/\/projekt.vombat.ee\/eco\/","name":"Ecocruiser","description":"","publisher":{"@id":"https:\/\/projekt.vombat.ee\/eco\/#organization"},"potentialAction":[{"@type":"SearchAction","target":{"@type":"EntryPoint","urlTemplate":"https:\/\/projekt.vombat.ee\/eco\/?s={search_term_string}"},"query-input":{"@type":"PropertyValueSpecification","valueRequired":true,"valueName":"search_term_string"}}],"inLanguage":"en-GB"},{"@type":"Organization","@id":"https:\/\/projekt.vombat.ee\/eco\/#organization","name":"Ecocruiser","url":"https:\/\/projekt.vombat.ee\/eco\/","logo":{"@type":"ImageObject","inLanguage":"en-GB","@id":"https:\/\/projekt.vombat.ee\/eco\/#\/schema\/logo\/image\/","url":"https:\/\/projekt.vombat.ee\/eco\/wp-content\/uploads\/2023\/03\/ECOCRUISER_5.png","contentUrl":"https:\/\/projekt.vombat.ee\/eco\/wp-content\/uploads\/2023\/03\/ECOCRUISER_5.png","width":234,"height":91,"caption":"Ecocruiser"},"image":{"@id":"https:\/\/projekt.vombat.ee\/eco\/#\/schema\/logo\/image\/"}}]}},"lang":"fr","translations":{"fr":20977,"et":19272},"pll_sync_post":[],"_links":{"self":[{"href":"https:\/\/projekt.vombat.ee\/eco\/wp-json\/wp\/v2\/product\/20977"}],"collection":[{"href":"https:\/\/projekt.vombat.ee\/eco\/wp-json\/wp\/v2\/product"}],"about":[{"href":"https:\/\/projekt.vombat.ee\/eco\/wp-json\/wp\/v2\/types\/product"}],"version-history":[{"count":1,"href":"https:\/\/projekt.vombat.ee\/eco\/wp-json\/wp\/v2\/product\/20977\/revisions"}],"predecessor-version":[{"id":20978,"href":"https:\/\/projekt.vombat.ee\/eco\/wp-json\/wp\/v2\/product\/20977\/revisions\/20978"}],"wp:featuredmedia":[{"embeddable":true,"href":"https:\/\/projekt.vombat.ee\/eco\/wp-json\/wp\/v2\/media\/20968"}],"wp:attachment":[{"href":"https:\/\/projekt.vombat.ee\/eco\/wp-json\/wp\/v2\/media?parent=20977"}],"wp:term":[{"taxonomy":"product_cat","embeddable":true,"href":"https:\/\/projekt.vombat.ee\/eco\/wp-json\/wp\/v2\/product_cat?post=20977"},{"taxonomy":"product_tag","embeddable":true,"href":"https:\/\/projekt.vombat.ee\/eco\/wp-json\/wp\/v2\/product_tag?post=20977"}],"curies":[{"name":"wp","href":"https:\/\/api.w.org\/{rel}","templated":true}]}}