{"id":20954,"date":"2024-08-03T17:26:40","date_gmt":"2024-08-03T17:26:40","guid":{"rendered":"https:\/\/projekt.vombat.ee\/eco\/?post_type=product&#038;p=20954"},"modified":"2024-08-03T17:26:41","modified_gmt":"2024-08-03T17:26:41","slug":"vsett-10-2wd-elektriline-toukeratas-185km","status":"publish","type":"product","link":"https:\/\/projekt.vombat.ee\/eco\/fr\/pood\/scooters-electriques\/voimsad-toukerattad\/vsett-10-2wd-elektriline-toukeratas-185km\/","title":{"rendered":"Trottinette \u00e9lectrique Vsett 10+ 2WD, 185km"},"content":{"rendered":"<div class=\"flex flex-grow flex-col max-w-full\">\n<div class=\"min-h-[20px] text-message flex flex-col items-start whitespace-pre-wrap break-words [.text-message+&amp;]:mt-5 juice:w-full juice:items-end overflow-x-auto gap-2\" dir=\"auto\" data-message-author-role=\"assistant\" data-message-id=\"785e000b-2d18-48ad-8e6a-b9f6a5b24779\">\n<div class=\"flex w-full flex-col gap-1 juice:empty:hidden juice:first:pt-[3px]\">\n<div class=\"markdown prose w-full break-words dark:prose-invert light\">\n<p>Scooter \u00e9lectrique VSETT 10+ &#8211; une exp\u00e9rience de conduite vraiment puissante ! VSETT 10+ est un scooter \u00e9lectrique moderne qui garantit une exp\u00e9rience de conduite pleine d&#8217;adr\u00e9naline ! Rejoignez le monde innovant de VSETT !<\/p>\n<p>Fiabilit\u00e9 et s\u00e9curit\u00e9 ! Votre confort et votre s\u00e9curit\u00e9 sont garantis par des amortisseurs modernes fonctionnant avec des pneumatiques de 10 pouces. Vous appr\u00e9cierez chaque d\u00e9tail de ce produit : non seulement la stabilit\u00e9, mais aussi un grand confort !<\/p>\n<p>Les scooters \u00e9lectriques VSETT 10+ import\u00e9s et vendus par nos soins sont l\u00e9gaux sur la route. LIEN : T\u00e9l\u00e9chargez la lettre de confirmation de l&#8217;usine VSETT, qui prouve que la puissance totale des moteurs VSETT 10+ ne d\u00e9passe pas 1000W et que la vitesse du constructeur ne d\u00e9passe pas 25 km\/h.<\/p>\n<p><strong>NOUS OFFRONS LA POSSIBILIT\u00c9 D&#8217;UN ESSAI SUR LE SITE<\/strong><\/p>\n<p>Utilisez la puissance de deux moteurs\u00a0! Le scooter \u00e9lectrique VSETT 10+ dispose de deux moteurs \u00e9lectriques puissants qui, associ\u00e9s \u00e0 deux entra\u00eenements de 35 A, permettent de rouler sur des routes avec une pente allant jusqu&#8217;\u00e0 25\u00b0 sans subir de perte de vitesse majeure. Le scooter \u00e9lectrique VSETT peut \u00eatre activ\u00e9 \u00e0 l&#8217;aide d&#8217;une puce NFC sp\u00e9ciale. Un \u00e9clairage LED incroyable ! L&#8217;\u00e9clairage LED innovant avec loupes avant et clignotants arri\u00e8re permet une conduite s\u00fbre de jour comme de nuit.<\/p>\n<p>Montrer moins<\/p>\n<p><strong>Caract\u00e9ristiques principales:<\/strong><\/p>\n<ul>\n<li>Batterie LG de haute qualit\u00e9 et longue dur\u00e9e<\/li>\n<li>Allumer et \u00e9teindre avec la puce NFC<\/li>\n<li>Syst\u00e8me de pliage brevet\u00e9 &#8211; la solution la plus solide et la meilleure par rapport aux autres scooters \u00e9lectriques<\/li>\n<li>IP54 \u00e9tanche<\/li>\n<li>Capacit\u00e9 de charge maximale jusqu&#8217;\u00e0 130 kg<\/li>\n<li>Les amortisseurs assurent une conduite stable et s\u00fbre<\/li>\n<li>\u00c9cran LCD affichant la vitesse, le rapport, l&#8217;\u00e9tat de la batterie et le kilom\u00e9trage<\/li>\n<li>Poign\u00e9es pliantes<\/li>\n<li>Interrupteur de clignotant sur la poign\u00e9e<\/li>\n<li>Les trottinettes \u00e9lectriques sont un moyen de transport tr\u00e8s confortable et respectueux de l&#8217;environnement<\/li>\n<li>Facile et rapide \u00e0 plier<\/li>\n<li>Lorsque vous conduisez une trottinette \u00e9lectrique, il est recommand\u00e9 de porter un \u00e9quipement de protection et de toujours porter un casque !<\/li>\n<\/ul>\n<\/div>\n<\/div>\n<\/div>\n<\/div>\n<div class=\"mt-1 flex gap-3 empty:hidden juice:-ml-3\">\n<div class=\"items-center justify-start rounded-xl p-1 flex\"><\/div>\n<\/div>\n","protected":false},"excerpt":{"rendered":"<h6>V\u00c9LO \u00c0 POUSS\u00c9E \u00c9LECTRIQUE VSETT 10+<\/h6>\n<ul>\n<li>Autonomie maximale : 185 KM<\/li>\n<li>Capacit\u00e9 de charge : 130 kg<\/li>\n<li>Puissance du moteur : 1000W<\/li>\n<li>Temps de charge : 8-16h<\/li>\n<li>Batterie : 60V 28Ah<\/li>\n<li>Vitesse maximale : 25 km\/h<\/li>\n<\/ul>\n","protected":false},"featured_media":20955,"template":"","meta":[],"product_cat":[2283,4828],"product_tag":[7712,7518,7694,7514,7510,7571,7520,7393,7569,7524,7526,7536,7542,7522,7532,7573,7516,7540,7538,7710],"class_list":{"0":"post-20954","1":"product","2":"type-product","3":"status-publish","4":"has-post-thumbnail","6":"product_cat-scooters-electriques","7":"product_cat-voimsad-toukerattad","8":"product_tag-185km-en-scooter-strict","9":"product_tag-la-mobilite-urbaine","10":"product_tag-les-scooters-vsett","11":"product_tag-scooter-a-deux-roues-motrices","12":"product_tag-scooter-a-double-moteur","13":"product_tag-scooter-a-grande-vitesse","14":"product_tag-scooter-de-banlieue","15":"product_tag-scooter-electrique","16":"product_tag-scooter-electrique-longue-autonomie","17":"product_tag-scooter-electrique-puissant","18":"product_tag-scooter-tout-terrain","19":"product_tag-solutions-de-mobilite-intelligentes","20":"product_tag-technologie-avancee-des-scooters","21":"product_tag-transport-ecologique","22":"product_tag-transports-modernes","23":"product_tag-trottinette-electrique-haut-de-gamme","24":"product_tag-trottinette-performante","25":"product_tag-vehicule-electrique-personnel","26":"product_tag-voyage-durable","27":"product_tag-vset-10","29":"first","30":"instock","31":"sale","32":"taxable","33":"shipping-taxable","34":"purchasable","35":"product-type-simple"},"yoast_head":"<!-- This site is optimized with the Yoast SEO plugin v23.8 - https:\/\/yoast.com\/wordpress\/plugins\/seo\/ -->\n<title>Trottinette \u00e9lectrique Vsett 10+ 2WD, 185km - Ecocruiser<\/title>\n<meta name=\"description\" content=\"Trottinette \u00e9lectrique Vsett 10+ 2WD, 185km - Kvaliteetsed br\u00e4ndid, lai valik - Ecocruiser.ee - K\u00fcsimuste korral v\u00f5ta \u00fchendust info@projekt.vombat.ee\" \/>\n<meta name=\"robots\" content=\"noindex, follow, max-snippet:-1, max-image-preview:large, max-video-preview:-1\" \/>\n<meta property=\"og:locale\" content=\"en_GB\" \/>\n<meta property=\"og:type\" content=\"article\" \/>\n<meta property=\"og:title\" content=\"Trottinette \u00e9lectrique Vsett 10+ 2WD, 185km - Ecocruiser\" \/>\n<meta property=\"og:description\" content=\"Trottinette \u00e9lectrique Vsett 10+ 2WD, 185km - Kvaliteetsed br\u00e4ndid, lai valik - Ecocruiser.ee - K\u00fcsimuste korral v\u00f5ta \u00fchendust info@projekt.vombat.ee\" \/>\n<meta property=\"og:url\" content=\"https:\/\/projekt.vombat.ee\/eco\/fr\/pood\/scooters-electriques\/voimsad-toukerattad\/vsett-10-2wd-elektriline-toukeratas-185km\/\" \/>\n<meta property=\"og:site_name\" content=\"Ecocruiser\" \/>\n<meta property=\"article:modified_time\" content=\"2024-08-03T17:26:41+00:00\" \/>\n<meta property=\"og:image\" content=\"https:\/\/projekt.vombat.ee\/eco\/wp-content\/uploads\/2024\/06\/img_VSETT-10-256-LG_e423d21969951a0996e71335838e8efa.jpg\" \/>\n\t<meta property=\"og:image:width\" content=\"1000\" \/>\n\t<meta property=\"og:image:height\" content=\"1000\" \/>\n\t<meta property=\"og:image:type\" content=\"image\/jpeg\" \/>\n<meta name=\"twitter:card\" content=\"summary_large_image\" \/>\n<meta name=\"twitter:label1\" content=\"Estimated reading time\" \/>\n\t<meta name=\"twitter:data1\" content=\"2 minutes\" \/>\n<script type=\"application\/ld+json\" class=\"yoast-schema-graph\">{\"@context\":\"https:\/\/schema.org\",\"@graph\":[{\"@type\":\"WebPage\",\"@id\":\"https:\/\/projekt.vombat.ee\/eco\/fr\/pood\/scooters-electriques\/voimsad-toukerattad\/vsett-10-2wd-elektriline-toukeratas-185km\/\",\"url\":\"https:\/\/projekt.vombat.ee\/eco\/fr\/pood\/scooters-electriques\/voimsad-toukerattad\/vsett-10-2wd-elektriline-toukeratas-185km\/\",\"name\":\"Trottinette \u00e9lectrique Vsett 10+ 2WD, 185km - Ecocruiser\",\"isPartOf\":{\"@id\":\"https:\/\/projekt.vombat.ee\/eco\/#website\"},\"primaryImageOfPage\":{\"@id\":\"https:\/\/projekt.vombat.ee\/eco\/fr\/pood\/scooters-electriques\/voimsad-toukerattad\/vsett-10-2wd-elektriline-toukeratas-185km\/#primaryimage\"},\"image\":{\"@id\":\"https:\/\/projekt.vombat.ee\/eco\/fr\/pood\/scooters-electriques\/voimsad-toukerattad\/vsett-10-2wd-elektriline-toukeratas-185km\/#primaryimage\"},\"thumbnailUrl\":\"https:\/\/projekt.vombat.ee\/eco\/wp-content\/uploads\/2024\/06\/img_VSETT-10-256-LG_e423d21969951a0996e71335838e8efa.jpg\",\"datePublished\":\"2024-08-03T17:26:40+00:00\",\"dateModified\":\"2024-08-03T17:26:41+00:00\",\"description\":\"Trottinette \u00e9lectrique Vsett 10+ 2WD, 185km - Kvaliteetsed br\u00e4ndid, lai valik - Ecocruiser.ee - K\u00fcsimuste korral v\u00f5ta \u00fchendust info@projekt.vombat.ee\",\"breadcrumb\":{\"@id\":\"https:\/\/projekt.vombat.ee\/eco\/fr\/pood\/scooters-electriques\/voimsad-toukerattad\/vsett-10-2wd-elektriline-toukeratas-185km\/#breadcrumb\"},\"inLanguage\":\"en-GB\",\"potentialAction\":[{\"@type\":\"ReadAction\",\"target\":[\"https:\/\/projekt.vombat.ee\/eco\/fr\/pood\/scooters-electriques\/voimsad-toukerattad\/vsett-10-2wd-elektriline-toukeratas-185km\/\"]}]},{\"@type\":\"ImageObject\",\"inLanguage\":\"en-GB\",\"@id\":\"https:\/\/projekt.vombat.ee\/eco\/fr\/pood\/scooters-electriques\/voimsad-toukerattad\/vsett-10-2wd-elektriline-toukeratas-185km\/#primaryimage\",\"url\":\"https:\/\/projekt.vombat.ee\/eco\/wp-content\/uploads\/2024\/06\/img_VSETT-10-256-LG_e423d21969951a0996e71335838e8efa.jpg\",\"contentUrl\":\"https:\/\/projekt.vombat.ee\/eco\/wp-content\/uploads\/2024\/06\/img_VSETT-10-256-LG_e423d21969951a0996e71335838e8efa.jpg\",\"width\":1000,\"height\":1000},{\"@type\":\"BreadcrumbList\",\"@id\":\"https:\/\/projekt.vombat.ee\/eco\/fr\/pood\/scooters-electriques\/voimsad-toukerattad\/vsett-10-2wd-elektriline-toukeratas-185km\/#breadcrumb\",\"itemListElement\":[{\"@type\":\"ListItem\",\"position\":1,\"name\":\"Home\",\"item\":\"https:\/\/projekt.vombat.ee\/eco\/\"},{\"@type\":\"ListItem\",\"position\":2,\"name\":\"Pood\",\"item\":\"https:\/\/projekt.vombat.ee\/eco\/pood\/\"},{\"@type\":\"ListItem\",\"position\":3,\"name\":\"Trottinette \u00e9lectrique Vsett 10+ 2WD, 185km\"}]},{\"@type\":\"WebSite\",\"@id\":\"https:\/\/projekt.vombat.ee\/eco\/#website\",\"url\":\"https:\/\/projekt.vombat.ee\/eco\/\",\"name\":\"Ecocruiser\",\"description\":\"\",\"publisher\":{\"@id\":\"https:\/\/projekt.vombat.ee\/eco\/#organization\"},\"potentialAction\":[{\"@type\":\"SearchAction\",\"target\":{\"@type\":\"EntryPoint\",\"urlTemplate\":\"https:\/\/projekt.vombat.ee\/eco\/?s={search_term_string}\"},\"query-input\":{\"@type\":\"PropertyValueSpecification\",\"valueRequired\":true,\"valueName\":\"search_term_string\"}}],\"inLanguage\":\"en-GB\"},{\"@type\":\"Organization\",\"@id\":\"https:\/\/projekt.vombat.ee\/eco\/#organization\",\"name\":\"Ecocruiser\",\"url\":\"https:\/\/projekt.vombat.ee\/eco\/\",\"logo\":{\"@type\":\"ImageObject\",\"inLanguage\":\"en-GB\",\"@id\":\"https:\/\/projekt.vombat.ee\/eco\/#\/schema\/logo\/image\/\",\"url\":\"https:\/\/projekt.vombat.ee\/eco\/wp-content\/uploads\/2023\/03\/ECOCRUISER_5.png\",\"contentUrl\":\"https:\/\/projekt.vombat.ee\/eco\/wp-content\/uploads\/2023\/03\/ECOCRUISER_5.png\",\"width\":234,\"height\":91,\"caption\":\"Ecocruiser\"},\"image\":{\"@id\":\"https:\/\/projekt.vombat.ee\/eco\/#\/schema\/logo\/image\/\"}}]}<\/script>\n<!-- \/ Yoast SEO plugin. -->","yoast_head_json":{"title":"Trottinette \u00e9lectrique Vsett 10+ 2WD, 185km - Ecocruiser","description":"Trottinette \u00e9lectrique Vsett 10+ 2WD, 185km - Kvaliteetsed br\u00e4ndid, lai valik - Ecocruiser.ee - K\u00fcsimuste korral v\u00f5ta \u00fchendust info@projekt.vombat.ee","robots":{"index":"noindex","follow":"follow","max-snippet":"max-snippet:-1","max-image-preview":"max-image-preview:large","max-video-preview":"max-video-preview:-1"},"og_locale":"en_GB","og_type":"article","og_title":"Trottinette \u00e9lectrique Vsett 10+ 2WD, 185km - Ecocruiser","og_description":"Trottinette \u00e9lectrique Vsett 10+ 2WD, 185km - Kvaliteetsed br\u00e4ndid, lai valik - Ecocruiser.ee - K\u00fcsimuste korral v\u00f5ta \u00fchendust info@projekt.vombat.ee","og_url":"https:\/\/projekt.vombat.ee\/eco\/fr\/pood\/scooters-electriques\/voimsad-toukerattad\/vsett-10-2wd-elektriline-toukeratas-185km\/","og_site_name":"Ecocruiser","article_modified_time":"2024-08-03T17:26:41+00:00","og_image":[{"width":1000,"height":1000,"url":"https:\/\/projekt.vombat.ee\/eco\/wp-content\/uploads\/2024\/06\/img_VSETT-10-256-LG_e423d21969951a0996e71335838e8efa.jpg","type":"image\/jpeg"}],"twitter_card":"summary_large_image","twitter_misc":{"Estimated reading time":"2 minutes"},"schema":{"@context":"https:\/\/schema.org","@graph":[{"@type":"WebPage","@id":"https:\/\/projekt.vombat.ee\/eco\/fr\/pood\/scooters-electriques\/voimsad-toukerattad\/vsett-10-2wd-elektriline-toukeratas-185km\/","url":"https:\/\/projekt.vombat.ee\/eco\/fr\/pood\/scooters-electriques\/voimsad-toukerattad\/vsett-10-2wd-elektriline-toukeratas-185km\/","name":"Trottinette \u00e9lectrique Vsett 10+ 2WD, 185km - Ecocruiser","isPartOf":{"@id":"https:\/\/projekt.vombat.ee\/eco\/#website"},"primaryImageOfPage":{"@id":"https:\/\/projekt.vombat.ee\/eco\/fr\/pood\/scooters-electriques\/voimsad-toukerattad\/vsett-10-2wd-elektriline-toukeratas-185km\/#primaryimage"},"image":{"@id":"https:\/\/projekt.vombat.ee\/eco\/fr\/pood\/scooters-electriques\/voimsad-toukerattad\/vsett-10-2wd-elektriline-toukeratas-185km\/#primaryimage"},"thumbnailUrl":"https:\/\/projekt.vombat.ee\/eco\/wp-content\/uploads\/2024\/06\/img_VSETT-10-256-LG_e423d21969951a0996e71335838e8efa.jpg","datePublished":"2024-08-03T17:26:40+00:00","dateModified":"2024-08-03T17:26:41+00:00","description":"Trottinette \u00e9lectrique Vsett 10+ 2WD, 185km - Kvaliteetsed br\u00e4ndid, lai valik - Ecocruiser.ee - K\u00fcsimuste korral v\u00f5ta \u00fchendust info@projekt.vombat.ee","breadcrumb":{"@id":"https:\/\/projekt.vombat.ee\/eco\/fr\/pood\/scooters-electriques\/voimsad-toukerattad\/vsett-10-2wd-elektriline-toukeratas-185km\/#breadcrumb"},"inLanguage":"en-GB","potentialAction":[{"@type":"ReadAction","target":["https:\/\/projekt.vombat.ee\/eco\/fr\/pood\/scooters-electriques\/voimsad-toukerattad\/vsett-10-2wd-elektriline-toukeratas-185km\/"]}]},{"@type":"ImageObject","inLanguage":"en-GB","@id":"https:\/\/projekt.vombat.ee\/eco\/fr\/pood\/scooters-electriques\/voimsad-toukerattad\/vsett-10-2wd-elektriline-toukeratas-185km\/#primaryimage","url":"https:\/\/projekt.vombat.ee\/eco\/wp-content\/uploads\/2024\/06\/img_VSETT-10-256-LG_e423d21969951a0996e71335838e8efa.jpg","contentUrl":"https:\/\/projekt.vombat.ee\/eco\/wp-content\/uploads\/2024\/06\/img_VSETT-10-256-LG_e423d21969951a0996e71335838e8efa.jpg","width":1000,"height":1000},{"@type":"BreadcrumbList","@id":"https:\/\/projekt.vombat.ee\/eco\/fr\/pood\/scooters-electriques\/voimsad-toukerattad\/vsett-10-2wd-elektriline-toukeratas-185km\/#breadcrumb","itemListElement":[{"@type":"ListItem","position":1,"name":"Home","item":"https:\/\/projekt.vombat.ee\/eco\/"},{"@type":"ListItem","position":2,"name":"Pood","item":"https:\/\/projekt.vombat.ee\/eco\/pood\/"},{"@type":"ListItem","position":3,"name":"Trottinette \u00e9lectrique Vsett 10+ 2WD, 185km"}]},{"@type":"WebSite","@id":"https:\/\/projekt.vombat.ee\/eco\/#website","url":"https:\/\/projekt.vombat.ee\/eco\/","name":"Ecocruiser","description":"","publisher":{"@id":"https:\/\/projekt.vombat.ee\/eco\/#organization"},"potentialAction":[{"@type":"SearchAction","target":{"@type":"EntryPoint","urlTemplate":"https:\/\/projekt.vombat.ee\/eco\/?s={search_term_string}"},"query-input":{"@type":"PropertyValueSpecification","valueRequired":true,"valueName":"search_term_string"}}],"inLanguage":"en-GB"},{"@type":"Organization","@id":"https:\/\/projekt.vombat.ee\/eco\/#organization","name":"Ecocruiser","url":"https:\/\/projekt.vombat.ee\/eco\/","logo":{"@type":"ImageObject","inLanguage":"en-GB","@id":"https:\/\/projekt.vombat.ee\/eco\/#\/schema\/logo\/image\/","url":"https:\/\/projekt.vombat.ee\/eco\/wp-content\/uploads\/2023\/03\/ECOCRUISER_5.png","contentUrl":"https:\/\/projekt.vombat.ee\/eco\/wp-content\/uploads\/2023\/03\/ECOCRUISER_5.png","width":234,"height":91,"caption":"Ecocruiser"},"image":{"@id":"https:\/\/projekt.vombat.ee\/eco\/#\/schema\/logo\/image\/"}}]}},"lang":"fr","translations":{"fr":20954,"et":19287},"pll_sync_post":[],"_links":{"self":[{"href":"https:\/\/projekt.vombat.ee\/eco\/wp-json\/wp\/v2\/product\/20954"}],"collection":[{"href":"https:\/\/projekt.vombat.ee\/eco\/wp-json\/wp\/v2\/product"}],"about":[{"href":"https:\/\/projekt.vombat.ee\/eco\/wp-json\/wp\/v2\/types\/product"}],"version-history":[{"count":1,"href":"https:\/\/projekt.vombat.ee\/eco\/wp-json\/wp\/v2\/product\/20954\/revisions"}],"predecessor-version":[{"id":20966,"href":"https:\/\/projekt.vombat.ee\/eco\/wp-json\/wp\/v2\/product\/20954\/revisions\/20966"}],"wp:featuredmedia":[{"embeddable":true,"href":"https:\/\/projekt.vombat.ee\/eco\/wp-json\/wp\/v2\/media\/20955"}],"wp:attachment":[{"href":"https:\/\/projekt.vombat.ee\/eco\/wp-json\/wp\/v2\/media?parent=20954"}],"wp:term":[{"taxonomy":"product_cat","embeddable":true,"href":"https:\/\/projekt.vombat.ee\/eco\/wp-json\/wp\/v2\/product_cat?post=20954"},{"taxonomy":"product_tag","embeddable":true,"href":"https:\/\/projekt.vombat.ee\/eco\/wp-json\/wp\/v2\/product_tag?post=20954"}],"curies":[{"name":"wp","href":"https:\/\/api.w.org\/{rel}","templated":true}]}}