{"id":20937,"date":"2024-08-03T17:18:21","date_gmt":"2024-08-03T17:18:21","guid":{"rendered":"https:\/\/projekt.vombat.ee\/eco\/?post_type=product&#038;p=20937"},"modified":"2024-08-03T17:18:22","modified_gmt":"2024-08-03T17:18:22","slug":"vsett-9-elektriline-toukeratas-55km-2","status":"publish","type":"product","link":"https:\/\/projekt.vombat.ee\/eco\/fr\/pood\/uncategorized-fr\/vsett-9-elektriline-toukeratas-55km-2\/","title":{"rendered":"Trottinette \u00e9lectrique Vsett 9, 55km"},"content":{"rendered":"<h2 style=\"text-align: center;\">V\u00c9LO \u00c9LECTRIQUE VSETT 9<\/h2>\n<p>D\u00e9couvrez la puissance du nouveau scooter Vsett 9. Par rapport au mod\u00e8le Vsett 8, c&#8217;est un scooter qui vous emm\u00e8ne plus loin, plus rapidement.\u00e9lectrique, scooter, scooter \u00e9lectrique<\/p>\n<p><img fetchpriority=\"high\" decoding=\"async\" class=\"aligncenter wp-image-1469622 size-full\" src=\"https:\/\/elektrilised.ee\/wp-content\/uploads\/2021\/04\/1.jpg\" alt=\"Vsett 9 elektriline t\u00f5ukeratas\" width=\"1200\" height=\"574\" \/><\/p>\n<h2>MOBILIT\u00c9 PARFAITE<\/h2>\n<ul>\n<li>Le Vsett 9 se distingue non seulement par son apparence, mais aussi par son confort de conduite et sa qualit\u00e9.<\/li>\n<li>Les poign\u00e9es et l&#8217;ensemble du guidon peuvent \u00eatre pli\u00e9s, ce qui le rend encore plus compact.<\/li>\n<\/ul>\n<h2>MOTEUR PUISSANT ET BATTERIE<\/h2>\n<p>Gr\u00e2ce \u00e0 la batterie de 13 Ah, vous pourrez parcourir jusqu&#8217;\u00e0 55 km avec une seule charge. Le moteur de 650 W du scooter ajoute du piquant \u00e0 l&#8217;affaire, dont la vitesse atteint jusqu&#8217;\u00e0 25 km\/h.<\/p>\n<p><img decoding=\"async\" class=\"alignnone wp-image-1469623 size-full\" src=\"https:\/\/elektrilised.ee\/wp-content\/uploads\/2021\/04\/3.jpg\" alt=\"Elektrit\u00f5ukeratas Vsett 9\" width=\"1200\" height=\"420\" \/><\/p>\n<h2>PROFITEZ DE LA CONDUITE SUR ASPHALTE ET HORS ROUTE<\/h2>\n<p>Un syst\u00e8me d&#8217;amortissement puissant et des pneus de 8,5 pouces permettent un mouvement fluide et \u00e9vitent les petits trous et obstacles.<\/p>\n<h2>CONDUIRE PAR TOUS LES TEMPS<\/h2>\n<p>L&#8217;\u00e9clairage arri\u00e8re et avant am\u00e9liore la visibilit\u00e9 dans l&#8217;obscurit\u00e9 et vous rend visible aux autres usagers de la route. De plus, des garde-boue sont install\u00e9s pour emp\u00eacher les \u00e9claboussures de p\u00e9n\u00e9trer sur les v\u00eatements.<\/p>\n<p><img decoding=\"async\" class=\"alignnone wp-image-1469624 size-full\" src=\"https:\/\/elektrilised.ee\/wp-content\/uploads\/2021\/04\/5.jpg\" alt=\"Vsett \" width=\"1200\" height=\"506\" \/><\/p>\n<p>&nbsp;<\/p>\n<h2>VSETT 9 &#8211; DESCRIPTION TECHNIQUE<\/h2>\n<p>Tous les scooters \u00e9lectriques Vsett sont \u00e9quip\u00e9s d&#8217;un syst\u00e8me de pliage r\u00e9volutionnaire, tr\u00e8s simple \u00e0 r\u00e9gler, avec plusieurs niveaux de s\u00e9curit\u00e9, et qui \u00e9vite les grincements et le jeu provoqu\u00e9s par la fatigue du m\u00e9tal qui apparaissaient dans la g\u00e9n\u00e9ration pr\u00e9c\u00e9dente de scooters \u00e9lectriques. Bas\u00e9 sur la nouvelle technologie OLED, l&#8217;\u00e9cran QS-S4 est plus convivial que toutes les versions pr\u00e9c\u00e9dentes. L&#8217;\u00e9cran du scooter affiche des donn\u00e9es sur la vitesse, le mode de conduite, le niveau de la batterie ainsi que le nombre de kilom\u00e8tres parcourus par le scooter \u00e9lectrique au cours de sa dur\u00e9e de vie. En plus de cela, le r\u00e9gulateur de vitesse peut \u00eatre r\u00e9gl\u00e9 \u00e0 l&#8217;aide de l&#8217;\u00e9cran intelligent et le scooter \u00e9lectrique utilise intensivement le frein \u00e9lectrique (frein moteur). L&#8217;antivol a \u00e9galement \u00e9t\u00e9 port\u00e9 \u00e0 un niveau sup\u00e9rieur : le scooter \u00e9lectrique peut \u00eatre allum\u00e9 avec une carte NFC sans fil. Ce code NFC peut \u00e9galement \u00eatre stock\u00e9 dans votre smartphone ou votre montre pour d\u00e9verrouiller la trottinette \u00e9lectrique.<\/p>\n<p>Le scooter \u00e9lectrique Vsett 9 est \u00e9quip\u00e9 d&#8217;un amortisseur \u00e0 ressort hydraulique r\u00e9glable hybride pour les roues avant et arri\u00e8re. Cette nouvelle technologie de suspension combine les meilleurs aspects des amortisseurs \u00e0 ressort et hydrauliques, et la suspension peut \u00eatre r\u00e9gl\u00e9e pour \u00eatre tr\u00e8s douce et \u00e9lastique, tr\u00e8s rigide et stable, ou quoi que ce soit entre les deux. De plus, pour la premi\u00e8re fois dans l&#8217;histoire des scooters \u00e9lectriques, des amortisseurs de taille standard de 165 mm ont \u00e9t\u00e9 utilis\u00e9s, ce qui permet aux utilisateurs les plus enthousiastes de remplacer les amortisseurs comme bon leur semble.<\/p>\n<p>Attention ! Nous recommandons de toujours porter un casque lorsque vous conduisez un scooter \u00e9lectrique. Pour les conducteurs de moins de 16 ans, le port du casque lors de la conduite avec un choc \u00e9lectrique est obligatoire par la loi.<\/p>\n","protected":false},"excerpt":{"rendered":"<h6><strong>V<\/strong><strong>SETT 9 ELEKTRILINE T\u00d5UKERATA<\/strong><strong>S<\/strong><\/h6>\n<p>&nbsp;<\/p>\n<ul>\n<li><strong>Max s\u00f5iduulatus<\/strong>: 55 KM<\/li>\n<li><strong>Kandev\u00f5ime<\/strong>: 120 kg<\/li>\n<li><strong>Mootori v\u00f5imsus<\/strong>: 650W<\/li>\n<li><strong>Laadimisaeg<\/strong>: 3-5h<\/li>\n<li><strong>Aku<\/strong>: 52V 13Ah<\/li>\n<li><strong>Max kiirus<\/strong>: 25km\/h<\/li>\n<\/ul>\n<p>&nbsp;<\/p>\n<p><strong>\u2666 Tarneaeg 3-8 p\u00e4eva<\/strong><br \/>\n<strong>\u2666 Laos<\/strong><\/p>\n","protected":false},"featured_media":20938,"template":"","meta":[],"product_cat":[2243],"product_tag":[7692,7690,7518,7694,7425,7520,7397,7555,7393,7696,7569,7542,7522,7403,7532,7549,7553,7688,7551,7540,7538],"class_list":{"0":"post-20937","1":"product","2":"type-product","3":"status-publish","4":"has-post-thumbnail","6":"product_cat-uncategorized-fr","7":"product_tag-55km-en-scooter-strict","8":"product_tag-55km-verset-9","9":"product_tag-la-mobilite-urbaine","10":"product_tag-les-scooters-vsett","11":"product_tag-mobilite-intelligente","12":"product_tag-scooter-de-banlieue","13":"product_tag-scooter-de-ville","14":"product_tag-scooter-economique","15":"product_tag-scooter-electrique","16":"product_tag-scooter-electrique-fiable","17":"product_tag-scooter-electrique-longue-autonomie","18":"product_tag-technologie-avancee-des-scooters","19":"product_tag-transport-ecologique","20":"product_tag-transport-vert","21":"product_tag-transports-modernes","22":"product_tag-trottinette-electrique-efficace","23":"product_tag-trottinette-electrique-portative","24":"product_tag-trottinette-electrique-vsett-9","25":"product_tag-trottinette-legere","26":"product_tag-vehicule-electrique-personnel","27":"product_tag-voyage-durable","29":"first","30":"instock","31":"sale","32":"taxable","33":"shipping-taxable","34":"purchasable","35":"product-type-simple"},"yoast_head":"<!-- This site is optimized with the Yoast SEO plugin v23.8 - https:\/\/yoast.com\/wordpress\/plugins\/seo\/ -->\n<title>Trottinette \u00e9lectrique Vsett 9, 55km - Ecocruiser<\/title>\n<meta name=\"description\" content=\"Trottinette \u00e9lectrique Vsett 9, 55km - Kvaliteetsed br\u00e4ndid, lai valik - Ecocruiser.ee - K\u00fcsimuste korral v\u00f5ta \u00fchendust info@projekt.vombat.ee\" \/>\n<meta name=\"robots\" content=\"noindex, follow, max-snippet:-1, max-image-preview:large, max-video-preview:-1\" \/>\n<meta property=\"og:locale\" content=\"en_GB\" \/>\n<meta property=\"og:type\" content=\"article\" \/>\n<meta property=\"og:title\" content=\"Trottinette \u00e9lectrique Vsett 9, 55km - Ecocruiser\" \/>\n<meta property=\"og:description\" content=\"Trottinette \u00e9lectrique Vsett 9, 55km - Kvaliteetsed br\u00e4ndid, lai valik - Ecocruiser.ee - K\u00fcsimuste korral v\u00f5ta \u00fchendust info@projekt.vombat.ee\" \/>\n<meta property=\"og:url\" content=\"https:\/\/projekt.vombat.ee\/eco\/fr\/pood\/uncategorized-fr\/vsett-9-elektriline-toukeratas-55km-2\/\" \/>\n<meta property=\"og:site_name\" content=\"Ecocruiser\" \/>\n<meta property=\"article:modified_time\" content=\"2024-08-03T17:18:22+00:00\" \/>\n<meta property=\"og:image\" content=\"https:\/\/projekt.vombat.ee\/eco\/wp-content\/uploads\/2024\/06\/img_electricscootervsett9_5efce7cb7e8a4502a0da28e87ac81f47.jpg\" \/>\n\t<meta property=\"og:image:width\" content=\"800\" \/>\n\t<meta property=\"og:image:height\" content=\"800\" \/>\n\t<meta property=\"og:image:type\" content=\"image\/jpeg\" \/>\n<meta name=\"twitter:card\" content=\"summary_large_image\" \/>\n<meta name=\"twitter:label1\" content=\"Estimated reading time\" \/>\n\t<meta name=\"twitter:data1\" content=\"3 minutes\" \/>\n<script type=\"application\/ld+json\" class=\"yoast-schema-graph\">{\"@context\":\"https:\/\/schema.org\",\"@graph\":[{\"@type\":\"WebPage\",\"@id\":\"https:\/\/projekt.vombat.ee\/eco\/fr\/pood\/uncategorized-fr\/vsett-9-elektriline-toukeratas-55km-2\/\",\"url\":\"https:\/\/projekt.vombat.ee\/eco\/fr\/pood\/uncategorized-fr\/vsett-9-elektriline-toukeratas-55km-2\/\",\"name\":\"Trottinette \u00e9lectrique Vsett 9, 55km - Ecocruiser\",\"isPartOf\":{\"@id\":\"https:\/\/projekt.vombat.ee\/eco\/#website\"},\"primaryImageOfPage\":{\"@id\":\"https:\/\/projekt.vombat.ee\/eco\/fr\/pood\/uncategorized-fr\/vsett-9-elektriline-toukeratas-55km-2\/#primaryimage\"},\"image\":{\"@id\":\"https:\/\/projekt.vombat.ee\/eco\/fr\/pood\/uncategorized-fr\/vsett-9-elektriline-toukeratas-55km-2\/#primaryimage\"},\"thumbnailUrl\":\"https:\/\/projekt.vombat.ee\/eco\/wp-content\/uploads\/2024\/06\/img_electricscootervsett9_5efce7cb7e8a4502a0da28e87ac81f47.jpg\",\"datePublished\":\"2024-08-03T17:18:21+00:00\",\"dateModified\":\"2024-08-03T17:18:22+00:00\",\"description\":\"Trottinette \u00e9lectrique Vsett 9, 55km - Kvaliteetsed br\u00e4ndid, lai valik - Ecocruiser.ee - K\u00fcsimuste korral v\u00f5ta \u00fchendust info@projekt.vombat.ee\",\"breadcrumb\":{\"@id\":\"https:\/\/projekt.vombat.ee\/eco\/fr\/pood\/uncategorized-fr\/vsett-9-elektriline-toukeratas-55km-2\/#breadcrumb\"},\"inLanguage\":\"en-GB\",\"potentialAction\":[{\"@type\":\"ReadAction\",\"target\":[\"https:\/\/projekt.vombat.ee\/eco\/fr\/pood\/uncategorized-fr\/vsett-9-elektriline-toukeratas-55km-2\/\"]}]},{\"@type\":\"ImageObject\",\"inLanguage\":\"en-GB\",\"@id\":\"https:\/\/projekt.vombat.ee\/eco\/fr\/pood\/uncategorized-fr\/vsett-9-elektriline-toukeratas-55km-2\/#primaryimage\",\"url\":\"https:\/\/projekt.vombat.ee\/eco\/wp-content\/uploads\/2024\/06\/img_electricscootervsett9_5efce7cb7e8a4502a0da28e87ac81f47.jpg\",\"contentUrl\":\"https:\/\/projekt.vombat.ee\/eco\/wp-content\/uploads\/2024\/06\/img_electricscootervsett9_5efce7cb7e8a4502a0da28e87ac81f47.jpg\",\"width\":800,\"height\":800},{\"@type\":\"BreadcrumbList\",\"@id\":\"https:\/\/projekt.vombat.ee\/eco\/fr\/pood\/uncategorized-fr\/vsett-9-elektriline-toukeratas-55km-2\/#breadcrumb\",\"itemListElement\":[{\"@type\":\"ListItem\",\"position\":1,\"name\":\"Home\",\"item\":\"https:\/\/projekt.vombat.ee\/eco\/\"},{\"@type\":\"ListItem\",\"position\":2,\"name\":\"Pood\",\"item\":\"https:\/\/projekt.vombat.ee\/eco\/pood\/\"},{\"@type\":\"ListItem\",\"position\":3,\"name\":\"Trottinette \u00e9lectrique Vsett 9, 55km\"}]},{\"@type\":\"WebSite\",\"@id\":\"https:\/\/projekt.vombat.ee\/eco\/#website\",\"url\":\"https:\/\/projekt.vombat.ee\/eco\/\",\"name\":\"Ecocruiser\",\"description\":\"\",\"publisher\":{\"@id\":\"https:\/\/projekt.vombat.ee\/eco\/#organization\"},\"potentialAction\":[{\"@type\":\"SearchAction\",\"target\":{\"@type\":\"EntryPoint\",\"urlTemplate\":\"https:\/\/projekt.vombat.ee\/eco\/?s={search_term_string}\"},\"query-input\":{\"@type\":\"PropertyValueSpecification\",\"valueRequired\":true,\"valueName\":\"search_term_string\"}}],\"inLanguage\":\"en-GB\"},{\"@type\":\"Organization\",\"@id\":\"https:\/\/projekt.vombat.ee\/eco\/#organization\",\"name\":\"Ecocruiser\",\"url\":\"https:\/\/projekt.vombat.ee\/eco\/\",\"logo\":{\"@type\":\"ImageObject\",\"inLanguage\":\"en-GB\",\"@id\":\"https:\/\/projekt.vombat.ee\/eco\/#\/schema\/logo\/image\/\",\"url\":\"https:\/\/projekt.vombat.ee\/eco\/wp-content\/uploads\/2023\/03\/ECOCRUISER_5.png\",\"contentUrl\":\"https:\/\/projekt.vombat.ee\/eco\/wp-content\/uploads\/2023\/03\/ECOCRUISER_5.png\",\"width\":234,\"height\":91,\"caption\":\"Ecocruiser\"},\"image\":{\"@id\":\"https:\/\/projekt.vombat.ee\/eco\/#\/schema\/logo\/image\/\"}}]}<\/script>\n<!-- \/ Yoast SEO plugin. -->","yoast_head_json":{"title":"Trottinette \u00e9lectrique Vsett 9, 55km - Ecocruiser","description":"Trottinette \u00e9lectrique Vsett 9, 55km - Kvaliteetsed br\u00e4ndid, lai valik - Ecocruiser.ee - K\u00fcsimuste korral v\u00f5ta \u00fchendust info@projekt.vombat.ee","robots":{"index":"noindex","follow":"follow","max-snippet":"max-snippet:-1","max-image-preview":"max-image-preview:large","max-video-preview":"max-video-preview:-1"},"og_locale":"en_GB","og_type":"article","og_title":"Trottinette \u00e9lectrique Vsett 9, 55km - Ecocruiser","og_description":"Trottinette \u00e9lectrique Vsett 9, 55km - Kvaliteetsed br\u00e4ndid, lai valik - Ecocruiser.ee - K\u00fcsimuste korral v\u00f5ta \u00fchendust info@projekt.vombat.ee","og_url":"https:\/\/projekt.vombat.ee\/eco\/fr\/pood\/uncategorized-fr\/vsett-9-elektriline-toukeratas-55km-2\/","og_site_name":"Ecocruiser","article_modified_time":"2024-08-03T17:18:22+00:00","og_image":[{"width":800,"height":800,"url":"https:\/\/projekt.vombat.ee\/eco\/wp-content\/uploads\/2024\/06\/img_electricscootervsett9_5efce7cb7e8a4502a0da28e87ac81f47.jpg","type":"image\/jpeg"}],"twitter_card":"summary_large_image","twitter_misc":{"Estimated reading time":"3 minutes"},"schema":{"@context":"https:\/\/schema.org","@graph":[{"@type":"WebPage","@id":"https:\/\/projekt.vombat.ee\/eco\/fr\/pood\/uncategorized-fr\/vsett-9-elektriline-toukeratas-55km-2\/","url":"https:\/\/projekt.vombat.ee\/eco\/fr\/pood\/uncategorized-fr\/vsett-9-elektriline-toukeratas-55km-2\/","name":"Trottinette \u00e9lectrique Vsett 9, 55km - Ecocruiser","isPartOf":{"@id":"https:\/\/projekt.vombat.ee\/eco\/#website"},"primaryImageOfPage":{"@id":"https:\/\/projekt.vombat.ee\/eco\/fr\/pood\/uncategorized-fr\/vsett-9-elektriline-toukeratas-55km-2\/#primaryimage"},"image":{"@id":"https:\/\/projekt.vombat.ee\/eco\/fr\/pood\/uncategorized-fr\/vsett-9-elektriline-toukeratas-55km-2\/#primaryimage"},"thumbnailUrl":"https:\/\/projekt.vombat.ee\/eco\/wp-content\/uploads\/2024\/06\/img_electricscootervsett9_5efce7cb7e8a4502a0da28e87ac81f47.jpg","datePublished":"2024-08-03T17:18:21+00:00","dateModified":"2024-08-03T17:18:22+00:00","description":"Trottinette \u00e9lectrique Vsett 9, 55km - Kvaliteetsed br\u00e4ndid, lai valik - Ecocruiser.ee - K\u00fcsimuste korral v\u00f5ta \u00fchendust info@projekt.vombat.ee","breadcrumb":{"@id":"https:\/\/projekt.vombat.ee\/eco\/fr\/pood\/uncategorized-fr\/vsett-9-elektriline-toukeratas-55km-2\/#breadcrumb"},"inLanguage":"en-GB","potentialAction":[{"@type":"ReadAction","target":["https:\/\/projekt.vombat.ee\/eco\/fr\/pood\/uncategorized-fr\/vsett-9-elektriline-toukeratas-55km-2\/"]}]},{"@type":"ImageObject","inLanguage":"en-GB","@id":"https:\/\/projekt.vombat.ee\/eco\/fr\/pood\/uncategorized-fr\/vsett-9-elektriline-toukeratas-55km-2\/#primaryimage","url":"https:\/\/projekt.vombat.ee\/eco\/wp-content\/uploads\/2024\/06\/img_electricscootervsett9_5efce7cb7e8a4502a0da28e87ac81f47.jpg","contentUrl":"https:\/\/projekt.vombat.ee\/eco\/wp-content\/uploads\/2024\/06\/img_electricscootervsett9_5efce7cb7e8a4502a0da28e87ac81f47.jpg","width":800,"height":800},{"@type":"BreadcrumbList","@id":"https:\/\/projekt.vombat.ee\/eco\/fr\/pood\/uncategorized-fr\/vsett-9-elektriline-toukeratas-55km-2\/#breadcrumb","itemListElement":[{"@type":"ListItem","position":1,"name":"Home","item":"https:\/\/projekt.vombat.ee\/eco\/"},{"@type":"ListItem","position":2,"name":"Pood","item":"https:\/\/projekt.vombat.ee\/eco\/pood\/"},{"@type":"ListItem","position":3,"name":"Trottinette \u00e9lectrique Vsett 9, 55km"}]},{"@type":"WebSite","@id":"https:\/\/projekt.vombat.ee\/eco\/#website","url":"https:\/\/projekt.vombat.ee\/eco\/","name":"Ecocruiser","description":"","publisher":{"@id":"https:\/\/projekt.vombat.ee\/eco\/#organization"},"potentialAction":[{"@type":"SearchAction","target":{"@type":"EntryPoint","urlTemplate":"https:\/\/projekt.vombat.ee\/eco\/?s={search_term_string}"},"query-input":{"@type":"PropertyValueSpecification","valueRequired":true,"valueName":"search_term_string"}}],"inLanguage":"en-GB"},{"@type":"Organization","@id":"https:\/\/projekt.vombat.ee\/eco\/#organization","name":"Ecocruiser","url":"https:\/\/projekt.vombat.ee\/eco\/","logo":{"@type":"ImageObject","inLanguage":"en-GB","@id":"https:\/\/projekt.vombat.ee\/eco\/#\/schema\/logo\/image\/","url":"https:\/\/projekt.vombat.ee\/eco\/wp-content\/uploads\/2023\/03\/ECOCRUISER_5.png","contentUrl":"https:\/\/projekt.vombat.ee\/eco\/wp-content\/uploads\/2023\/03\/ECOCRUISER_5.png","width":234,"height":91,"caption":"Ecocruiser"},"image":{"@id":"https:\/\/projekt.vombat.ee\/eco\/#\/schema\/logo\/image\/"}}]}},"lang":"fr","translations":{"fr":20937,"et":19300},"pll_sync_post":[],"_links":{"self":[{"href":"https:\/\/projekt.vombat.ee\/eco\/wp-json\/wp\/v2\/product\/20937"}],"collection":[{"href":"https:\/\/projekt.vombat.ee\/eco\/wp-json\/wp\/v2\/product"}],"about":[{"href":"https:\/\/projekt.vombat.ee\/eco\/wp-json\/wp\/v2\/types\/product"}],"version-history":[{"count":2,"href":"https:\/\/projekt.vombat.ee\/eco\/wp-json\/wp\/v2\/product\/20937\/revisions"}],"predecessor-version":[{"id":20952,"href":"https:\/\/projekt.vombat.ee\/eco\/wp-json\/wp\/v2\/product\/20937\/revisions\/20952"}],"wp:featuredmedia":[{"embeddable":true,"href":"https:\/\/projekt.vombat.ee\/eco\/wp-json\/wp\/v2\/media\/20938"}],"wp:attachment":[{"href":"https:\/\/projekt.vombat.ee\/eco\/wp-json\/wp\/v2\/media?parent=20937"}],"wp:term":[{"taxonomy":"product_cat","embeddable":true,"href":"https:\/\/projekt.vombat.ee\/eco\/wp-json\/wp\/v2\/product_cat?post=20937"},{"taxonomy":"product_tag","embeddable":true,"href":"https:\/\/projekt.vombat.ee\/eco\/wp-json\/wp\/v2\/product_tag?post=20937"}],"curies":[{"name":"wp","href":"https:\/\/api.w.org\/{rel}","templated":true}]}}