{"id":20859,"date":"2024-08-03T17:04:00","date_gmt":"2024-08-03T17:04:00","guid":{"rendered":"https:\/\/projekt.vombat.ee\/eco\/?post_type=product&#038;p=20859"},"modified":"2024-08-03T17:04:01","modified_gmt":"2024-08-03T17:04:01","slug":"kaabo-mantis-king-gt-2wd-elektriline-toukeratas-90km","status":"publish","type":"product","link":"https:\/\/projekt.vombat.ee\/eco\/fr\/pood\/brandid\/kaabo\/kaabo-mantis-king-gt-2wd-elektriline-toukeratas-90km\/","title":{"rendered":"Kaabo Mantis King GT, scooter \u00e9lectrique 2 roues motrices, 90 km"},"content":{"rendered":"<h2 style=\"text-align: center;\">Kaabo Mantis King GT, trottinette \u00e9lectrique 2 roues motrices<\/h2>\n<p><img fetchpriority=\"high\" decoding=\"async\" class=\"aligncenter\" src=\"https:\/\/www.veltekspert.ee\/img_Mantis-King-GT_d6c28ceab9a69b3b10bf3cff6894c912.jpg?jpg=1\" alt=\"Elektrit\u00f5ukeratas Kaabo Mantis King GT 500W 2WD\" width=\"665\" height=\"665\" \/><\/p>\n<p><strong>Le scooter \u00e9lectrique Kaabo Mantis King GT<\/strong> est le mod\u00e8le le plus puissant de la s\u00e9rie Mantis. Ce scooter offre d&#8217;excellentes performances et des innovations technologiques modernes, conqu\u00e9rant divers tableaux d&#8217;affichage et \u00e9tant imbattable dans sa gamme de prix. Le scooter \u00e9lectrique Mantis King GT est unique et a \u00e9t\u00e9 d\u00e9velopp\u00e9 avec une grande attention port\u00e9e \u00e0 chaque d\u00e9tail. Avec son design sportif et ses phares color\u00e9s, le Mantis King GT attire tous les regards dans la rue. En plus du c\u00f4t\u00e9 visuel, le scooter est \u00e9galement \u00e9quip\u00e9 de loupes avant et de clignotants arri\u00e8re qui peuvent \u00eatre allum\u00e9s et \u00e9teints selon les besoins.<\/p>\n<p>Les scooters \u00e9lectriques Mantis King GT sont \u00e9quip\u00e9s d&#8217;un \u00e9cran TFT de haute technologie, sur lequel toutes les informations n\u00e9cessaires peuvent \u00eatre clairement lues et l&#8217;angle de l&#8217;\u00e9cran est r\u00e9glable. Le nouvel acc\u00e9l\u00e9rateur au pouce de type VTT est la solution parfaite pour les longs trajets et, associ\u00e9 aux contr\u00f4leurs \u00e0 onde sinuso\u00efdale, il assure une acc\u00e9l\u00e9ration douce et constante.<\/p>\n<p>En plus d&#8217;une grosse batterie Samsung, le scooter \u00e9lectrique est \u00e9galement \u00e9quip\u00e9 d&#8217;un puissant moteur avant et arri\u00e8re. Le moteur avant peut \u00eatre facilement activ\u00e9 et d\u00e9sactiv\u00e9 \u00e0 l&#8217;aide de la console de boutons sur le volant. La double traction garantit que le Mantis King GT peut g\u00e9rer m\u00eame les conditions les plus difficiles. Le Kaabo Mantis King GT convient \u00e0 un pilote exigeant qui appr\u00e9cie un d\u00e9marrage en puissance. Gr\u00e2ce aux amortisseurs hydrauliques et aux pneus larges et larges, le scooter a une tr\u00e8s bonne maniabilit\u00e9.<\/p>\n<p>Kaabo Mantis King GT peut \u00eatre connect\u00e9 \u00e0 une application mobile, gr\u00e2ce \u00e0 laquelle vous pouvez choisir entre plusieurs couleurs et modes d&#8217;\u00e9clairage diff\u00e9rents de la table haute. De plus, le scooter est \u00e9quip\u00e9 de contr\u00f4leurs \u00e0 onde sinuso\u00efdale qui g\u00e9n\u00e8rent un signal sinuso\u00efdal fluide et \u00e9conome en \u00e9nergie, aidant ainsi \u00e0 \u00e9conomiser plus d&#8217;\u00e9nergie. Les scooters \u00e9lectriques \u00e9quip\u00e9s de contr\u00f4leurs \u00e0 onde sinuso\u00efdale sont plus efficaces.<\/p>\n<p><img decoding=\"async\" class=\"aligncenter\" src=\"https:\/\/cdncloudcart.com\/12860\/products\/images\/1051\/mantis-king-gt-636d033d10e2f_1280x1280.png?1668088711\" width=\"676\" height=\"676\" \/><\/p>\n<p>Les scooters \u00e9lectriques Mantis King GT sont \u00e9quip\u00e9s d&#8217;un \u00e9cran TFT \u00e9tanche de 4,5 pouces mont\u00e9 au milieu du guidon. Les nouveaux contr\u00f4leurs permettent 5 modes de vitesse\/vitesse programmables, tous configurables par l&#8217;utilisateur. De plus, il existe \u00e9galement un mode de conduite ECO qui garantit une distance de conduite maximale. Le scooter \u00e9lectrique Mantis King GT est verrouillable \u00e9lectroniquement via l&#8217;\u00e9cran \u00e0 l&#8217;aide d&#8217;un code \u00e0 4 chiffres.<\/p>\n<p>Le Kaabo Mantis King GT est compact et v\u00e9ritable champion dans sa cat\u00e9gorie de poids. Le scooter a une construction robuste et ses moteurs 2x500W peuvent supporter jusqu&#8217;\u00e0 120 kg de poids. Gr\u00e2ce aux moteurs puissants et aux contr\u00f4leurs \u00e0 onde sinuso\u00efdale, l&#8217;acc\u00e9l\u00e9ration est douce et vive. Selon le constructeur, le scooter peut supporter jusqu&#8217;\u00e0 30 % de pentes.<\/p>\n<p>Mantis King GT est \u00e9quip\u00e9 de pneus hybrides 10&#215;3&#8243;, qui assurent une conduite confortable m\u00eame sur les routes urbaines accident\u00e9es et sur les terrains plus l\u00e9gers. En plus du confort de conduite, un scooter avec des pneus larges est plus s\u00fbr. Le scooter est \u00e9quip\u00e9 d&#8217;un syst\u00e8me hydraulique avant et arri\u00e8re. Syst\u00e8me de frein \u00e0 disque ZOOM, qui assure un freinage pr\u00e9cis et la distance de freinage la plus courte.<\/p>\n<p>Pour plus de s\u00e9curit\u00e9 et de confort, le scooter est \u00e9quip\u00e9 d&#8217;amortisseurs hydrauliques avant et arri\u00e8re qui peuvent \u00eatre facilement r\u00e9gl\u00e9s en fonction des besoins du pilote. Les amortisseurs hydrauliques offrent une conduite plus stable et plus constante que les amortisseurs \u00e0 ressort.<\/p>\n<p>Le Kaabo Mantis King GT dispose de deux emplacements de chargement, qui sont plac\u00e9s sur la partie du cadre reliant la table haute et le guidon. Les emplacements de chargement sont recouverts de couvercles de protection \u00e0 fermeture automatique pour garantir la s\u00e9curit\u00e9 et une utilisation \u00e0 long terme. Le scooter peut \u00eatre charg\u00e9 avec un ou deux chargeurs, et avec deux chargeurs rapides, il peut \u00eatre charg\u00e9 en seulement 2,4 heures.<\/p>\n<p>Soucieux du moindre d\u00e9tail, le Mantis King GT est \u00e9quip\u00e9 d&#8217;une prise d&#8217;alimentation USB situ\u00e9e sur le c\u00f4t\u00e9 de la console de boutons sur le guidon. Le port USB peut \u00eatre utilis\u00e9 pour charger, par exemple, un t\u00e9l\u00e9phone via le GPS. Le contr\u00f4le du scooter et de ses accessoires, tels que les phares et les modes de conduite, est simple et pratique gr\u00e2ce \u00e0 la console \u00e0 boutons.<\/p>\n<p>Les scooters \u00e9lectriques Mantis King GT sont faciles \u00e0 plier et \u00e0 compacter. La section allong\u00e9e de la table debout peut \u00eatre utilis\u00e9e comme poign\u00e9e de levage, ce qui rend le scooter facile \u00e0 transporter. Compar\u00e9 \u00e0 d\u2019autres scooters aux performances similaires, le King GT est plus facile \u00e0 transporter.<\/p>\n<p>Le scooter \u00e9lectrique Mantis King GT est class\u00e9 IPX5, ce qui signifie qu&#8217;il est prot\u00e9g\u00e9 contre la l\u00e9g\u00e8re pression de l&#8217;eau provenant de toutes les directions. La trottinette \u00e9lectrique et son \u00e9cran TFT \u00e9tanche sont \u00e9galement adapt\u00e9s \u00e0 une utilisation par temps de pluie. Nous vous recommandons cependant d\u2019\u00e9teindre le scooter et d\u2019\u00e9viter de rouler sous une forte pluie.<\/p>\n<div class=\"youtube responsive-embed wp-embed\"><iframe title=\"MANTIS KING GT\" width=\"1778\" height=\"1000\" src=\"https:\/\/www.youtube.com\/embed\/Kf3MaQaXmUU?start=14&#038;feature=oembed\" frameborder=\"0\" allow=\"accelerometer; autoplay; clipboard-write; encrypted-media; gyroscope; picture-in-picture; web-share\" referrerpolicy=\"strict-origin-when-cross-origin\" allowfullscreen><\/iframe><\/div>\n<p><strong>Le Kaabo Mantis King GT<\/strong> est un v\u00e9hicule \u00e0 grande vitesse capable de d\u00e9velopper des vitesses sup\u00e9rieures \u00e0 celles qu&#8217;un humain peut atteindre en courant ou en faisant du v\u00e9lo. Une chute ou un accident avec d\u2019autres usagers de la route est donc tr\u00e8s dangereux. Nous recommandons toujours de porter un casque. Les coureurs de moins de 16 ans sont tenus par la loi de porter un casque.<\/p>\n","protected":false},"excerpt":{"rendered":"<p><strong>SCOOTER \u00c9LECTRIQUE KAABO MANTIS GT<\/strong><\/p>\n<ul>\n<li><strong>Autonomie maximale :<\/strong> 90 KM<\/li>\n<li><strong>Capacit\u00e9 de charge :<\/strong> 120 kg<\/li>\n<li><strong>Puissance moteur :<\/strong> 2x500W<\/li>\n<li><strong>Temps de charge :<\/strong> 6h<\/li>\n<li><strong>Batterie :<\/strong> 60 V 24,5 Ah<\/li>\n<li><strong>Vitesse maximale :<\/strong> 25 km\/h<\/li>\n<\/ul>\n<p>&nbsp;<\/p>\n<p>\u2666 D\u00e9lai de livraison 3-8 jours<br \/>\n\u2666 En stock<\/p>\n","protected":false},"featured_media":20860,"template":"","meta":[],"product_cat":[7500,2283,4828,4140],"product_tag":[7567,7565,7518,7534,7514,7510,7571,7520,7393,7569,7524,7526,7536,7542,7522,7532,7573,7516,7540,7538],"class_list":{"0":"post-20859","1":"product","2":"type-product","3":"status-publish","4":"has-post-thumbnail","6":"product_cat-kaabo","7":"product_cat-scooters-electriques","8":"product_cat-voimsad-toukerattad","9":"product_cat-brandid","10":"product_tag-90-km-en-scooter-strict","11":"product_tag-kaabo-mantis-king-gt","12":"product_tag-la-mobilite-urbaine","13":"product_tag-les-trottinettes-kaabo","14":"product_tag-scooter-a-deux-roues-motrices","15":"product_tag-scooter-a-double-moteur","16":"product_tag-scooter-a-grande-vitesse","17":"product_tag-scooter-de-banlieue","18":"product_tag-scooter-electrique","19":"product_tag-scooter-electrique-longue-autonomie","20":"product_tag-scooter-electrique-puissant","21":"product_tag-scooter-tout-terrain","22":"product_tag-solutions-de-mobilite-intelligentes","23":"product_tag-technologie-avancee-des-scooters","24":"product_tag-transport-ecologique","25":"product_tag-transports-modernes","26":"product_tag-trottinette-electrique-haut-de-gamme","27":"product_tag-trottinette-performante","28":"product_tag-vehicule-electrique-personnel","29":"product_tag-voyage-durable","31":"first","32":"instock","33":"sale","34":"taxable","35":"shipping-taxable","36":"purchasable","37":"product-type-simple"},"yoast_head":"<!-- This site is optimized with the Yoast SEO plugin v23.8 - https:\/\/yoast.com\/wordpress\/plugins\/seo\/ -->\n<title>Kaabo Mantis King GT, scooter \u00e9lectrique 2 roues motrices, 90 km - Ecocruiser<\/title>\n<meta name=\"description\" content=\"Kaabo Mantis King GT, scooter \u00e9lectrique 2 roues motrices, 90 km - Kvaliteetsed br\u00e4ndid, lai valik - Ecocruiser.ee - K\u00fcsimuste korral v\u00f5ta \u00fchendust info@projekt.vombat.ee\" \/>\n<meta name=\"robots\" content=\"noindex, follow, max-snippet:-1, max-image-preview:large, max-video-preview:-1\" \/>\n<meta property=\"og:locale\" content=\"en_GB\" \/>\n<meta property=\"og:type\" content=\"article\" \/>\n<meta property=\"og:title\" content=\"Kaabo Mantis King GT, scooter \u00e9lectrique 2 roues motrices, 90 km - Ecocruiser\" \/>\n<meta property=\"og:description\" content=\"Kaabo Mantis King GT, scooter \u00e9lectrique 2 roues motrices, 90 km - Kvaliteetsed br\u00e4ndid, lai valik - Ecocruiser.ee - K\u00fcsimuste korral v\u00f5ta \u00fchendust info@projekt.vombat.ee\" \/>\n<meta property=\"og:url\" content=\"https:\/\/projekt.vombat.ee\/eco\/fr\/pood\/brandid\/kaabo\/kaabo-mantis-king-gt-2wd-elektriline-toukeratas-90km\/\" \/>\n<meta property=\"og:site_name\" content=\"Ecocruiser\" \/>\n<meta property=\"article:modified_time\" content=\"2024-08-03T17:04:01+00:00\" \/>\n<meta property=\"og:image\" content=\"https:\/\/projekt.vombat.ee\/eco\/wp-content\/uploads\/2024\/07\/img_Mantis-King-GT_d6c28ceab9a69b3b10bf3cff6894c912.jpg\" \/>\n\t<meta property=\"og:image:width\" content=\"1000\" \/>\n\t<meta property=\"og:image:height\" content=\"1000\" \/>\n\t<meta property=\"og:image:type\" content=\"image\/jpeg\" \/>\n<meta name=\"twitter:card\" content=\"summary_large_image\" \/>\n<meta name=\"twitter:label1\" content=\"Estimated reading time\" \/>\n\t<meta name=\"twitter:data1\" content=\"5 minutes\" \/>\n<script type=\"application\/ld+json\" class=\"yoast-schema-graph\">{\"@context\":\"https:\/\/schema.org\",\"@graph\":[{\"@type\":\"WebPage\",\"@id\":\"https:\/\/projekt.vombat.ee\/eco\/fr\/pood\/brandid\/kaabo\/kaabo-mantis-king-gt-2wd-elektriline-toukeratas-90km\/\",\"url\":\"https:\/\/projekt.vombat.ee\/eco\/fr\/pood\/brandid\/kaabo\/kaabo-mantis-king-gt-2wd-elektriline-toukeratas-90km\/\",\"name\":\"Kaabo Mantis King GT, scooter \u00e9lectrique 2 roues motrices, 90 km - Ecocruiser\",\"isPartOf\":{\"@id\":\"https:\/\/projekt.vombat.ee\/eco\/#website\"},\"primaryImageOfPage\":{\"@id\":\"https:\/\/projekt.vombat.ee\/eco\/fr\/pood\/brandid\/kaabo\/kaabo-mantis-king-gt-2wd-elektriline-toukeratas-90km\/#primaryimage\"},\"image\":{\"@id\":\"https:\/\/projekt.vombat.ee\/eco\/fr\/pood\/brandid\/kaabo\/kaabo-mantis-king-gt-2wd-elektriline-toukeratas-90km\/#primaryimage\"},\"thumbnailUrl\":\"https:\/\/projekt.vombat.ee\/eco\/wp-content\/uploads\/2024\/07\/img_Mantis-King-GT_d6c28ceab9a69b3b10bf3cff6894c912.jpg\",\"datePublished\":\"2024-08-03T17:04:00+00:00\",\"dateModified\":\"2024-08-03T17:04:01+00:00\",\"description\":\"Kaabo Mantis King GT, scooter \u00e9lectrique 2 roues motrices, 90 km - Kvaliteetsed br\u00e4ndid, lai valik - Ecocruiser.ee - K\u00fcsimuste korral v\u00f5ta \u00fchendust info@projekt.vombat.ee\",\"breadcrumb\":{\"@id\":\"https:\/\/projekt.vombat.ee\/eco\/fr\/pood\/brandid\/kaabo\/kaabo-mantis-king-gt-2wd-elektriline-toukeratas-90km\/#breadcrumb\"},\"inLanguage\":\"en-GB\",\"potentialAction\":[{\"@type\":\"ReadAction\",\"target\":[\"https:\/\/projekt.vombat.ee\/eco\/fr\/pood\/brandid\/kaabo\/kaabo-mantis-king-gt-2wd-elektriline-toukeratas-90km\/\"]}]},{\"@type\":\"ImageObject\",\"inLanguage\":\"en-GB\",\"@id\":\"https:\/\/projekt.vombat.ee\/eco\/fr\/pood\/brandid\/kaabo\/kaabo-mantis-king-gt-2wd-elektriline-toukeratas-90km\/#primaryimage\",\"url\":\"https:\/\/projekt.vombat.ee\/eco\/wp-content\/uploads\/2024\/07\/img_Mantis-King-GT_d6c28ceab9a69b3b10bf3cff6894c912.jpg\",\"contentUrl\":\"https:\/\/projekt.vombat.ee\/eco\/wp-content\/uploads\/2024\/07\/img_Mantis-King-GT_d6c28ceab9a69b3b10bf3cff6894c912.jpg\",\"width\":1000,\"height\":1000},{\"@type\":\"BreadcrumbList\",\"@id\":\"https:\/\/projekt.vombat.ee\/eco\/fr\/pood\/brandid\/kaabo\/kaabo-mantis-king-gt-2wd-elektriline-toukeratas-90km\/#breadcrumb\",\"itemListElement\":[{\"@type\":\"ListItem\",\"position\":1,\"name\":\"Home\",\"item\":\"https:\/\/projekt.vombat.ee\/eco\/\"},{\"@type\":\"ListItem\",\"position\":2,\"name\":\"Pood\",\"item\":\"https:\/\/projekt.vombat.ee\/eco\/pood\/\"},{\"@type\":\"ListItem\",\"position\":3,\"name\":\"Kaabo Mantis King GT, scooter \u00e9lectrique 2 roues motrices, 90 km\"}]},{\"@type\":\"WebSite\",\"@id\":\"https:\/\/projekt.vombat.ee\/eco\/#website\",\"url\":\"https:\/\/projekt.vombat.ee\/eco\/\",\"name\":\"Ecocruiser\",\"description\":\"\",\"publisher\":{\"@id\":\"https:\/\/projekt.vombat.ee\/eco\/#organization\"},\"potentialAction\":[{\"@type\":\"SearchAction\",\"target\":{\"@type\":\"EntryPoint\",\"urlTemplate\":\"https:\/\/projekt.vombat.ee\/eco\/?s={search_term_string}\"},\"query-input\":{\"@type\":\"PropertyValueSpecification\",\"valueRequired\":true,\"valueName\":\"search_term_string\"}}],\"inLanguage\":\"en-GB\"},{\"@type\":\"Organization\",\"@id\":\"https:\/\/projekt.vombat.ee\/eco\/#organization\",\"name\":\"Ecocruiser\",\"url\":\"https:\/\/projekt.vombat.ee\/eco\/\",\"logo\":{\"@type\":\"ImageObject\",\"inLanguage\":\"en-GB\",\"@id\":\"https:\/\/projekt.vombat.ee\/eco\/#\/schema\/logo\/image\/\",\"url\":\"https:\/\/projekt.vombat.ee\/eco\/wp-content\/uploads\/2023\/03\/ECOCRUISER_5.png\",\"contentUrl\":\"https:\/\/projekt.vombat.ee\/eco\/wp-content\/uploads\/2023\/03\/ECOCRUISER_5.png\",\"width\":234,\"height\":91,\"caption\":\"Ecocruiser\"},\"image\":{\"@id\":\"https:\/\/projekt.vombat.ee\/eco\/#\/schema\/logo\/image\/\"}}]}<\/script>\n<!-- \/ Yoast SEO plugin. -->","yoast_head_json":{"title":"Kaabo Mantis King GT, scooter \u00e9lectrique 2 roues motrices, 90 km - Ecocruiser","description":"Kaabo Mantis King GT, scooter \u00e9lectrique 2 roues motrices, 90 km - Kvaliteetsed br\u00e4ndid, lai valik - Ecocruiser.ee - K\u00fcsimuste korral v\u00f5ta \u00fchendust info@projekt.vombat.ee","robots":{"index":"noindex","follow":"follow","max-snippet":"max-snippet:-1","max-image-preview":"max-image-preview:large","max-video-preview":"max-video-preview:-1"},"og_locale":"en_GB","og_type":"article","og_title":"Kaabo Mantis King GT, scooter \u00e9lectrique 2 roues motrices, 90 km - Ecocruiser","og_description":"Kaabo Mantis King GT, scooter \u00e9lectrique 2 roues motrices, 90 km - Kvaliteetsed br\u00e4ndid, lai valik - Ecocruiser.ee - K\u00fcsimuste korral v\u00f5ta \u00fchendust info@projekt.vombat.ee","og_url":"https:\/\/projekt.vombat.ee\/eco\/fr\/pood\/brandid\/kaabo\/kaabo-mantis-king-gt-2wd-elektriline-toukeratas-90km\/","og_site_name":"Ecocruiser","article_modified_time":"2024-08-03T17:04:01+00:00","og_image":[{"width":1000,"height":1000,"url":"https:\/\/projekt.vombat.ee\/eco\/wp-content\/uploads\/2024\/07\/img_Mantis-King-GT_d6c28ceab9a69b3b10bf3cff6894c912.jpg","type":"image\/jpeg"}],"twitter_card":"summary_large_image","twitter_misc":{"Estimated reading time":"5 minutes"},"schema":{"@context":"https:\/\/schema.org","@graph":[{"@type":"WebPage","@id":"https:\/\/projekt.vombat.ee\/eco\/fr\/pood\/brandid\/kaabo\/kaabo-mantis-king-gt-2wd-elektriline-toukeratas-90km\/","url":"https:\/\/projekt.vombat.ee\/eco\/fr\/pood\/brandid\/kaabo\/kaabo-mantis-king-gt-2wd-elektriline-toukeratas-90km\/","name":"Kaabo Mantis King GT, scooter \u00e9lectrique 2 roues motrices, 90 km - Ecocruiser","isPartOf":{"@id":"https:\/\/projekt.vombat.ee\/eco\/#website"},"primaryImageOfPage":{"@id":"https:\/\/projekt.vombat.ee\/eco\/fr\/pood\/brandid\/kaabo\/kaabo-mantis-king-gt-2wd-elektriline-toukeratas-90km\/#primaryimage"},"image":{"@id":"https:\/\/projekt.vombat.ee\/eco\/fr\/pood\/brandid\/kaabo\/kaabo-mantis-king-gt-2wd-elektriline-toukeratas-90km\/#primaryimage"},"thumbnailUrl":"https:\/\/projekt.vombat.ee\/eco\/wp-content\/uploads\/2024\/07\/img_Mantis-King-GT_d6c28ceab9a69b3b10bf3cff6894c912.jpg","datePublished":"2024-08-03T17:04:00+00:00","dateModified":"2024-08-03T17:04:01+00:00","description":"Kaabo Mantis King GT, scooter \u00e9lectrique 2 roues motrices, 90 km - Kvaliteetsed br\u00e4ndid, lai valik - Ecocruiser.ee - K\u00fcsimuste korral v\u00f5ta \u00fchendust info@projekt.vombat.ee","breadcrumb":{"@id":"https:\/\/projekt.vombat.ee\/eco\/fr\/pood\/brandid\/kaabo\/kaabo-mantis-king-gt-2wd-elektriline-toukeratas-90km\/#breadcrumb"},"inLanguage":"en-GB","potentialAction":[{"@type":"ReadAction","target":["https:\/\/projekt.vombat.ee\/eco\/fr\/pood\/brandid\/kaabo\/kaabo-mantis-king-gt-2wd-elektriline-toukeratas-90km\/"]}]},{"@type":"ImageObject","inLanguage":"en-GB","@id":"https:\/\/projekt.vombat.ee\/eco\/fr\/pood\/brandid\/kaabo\/kaabo-mantis-king-gt-2wd-elektriline-toukeratas-90km\/#primaryimage","url":"https:\/\/projekt.vombat.ee\/eco\/wp-content\/uploads\/2024\/07\/img_Mantis-King-GT_d6c28ceab9a69b3b10bf3cff6894c912.jpg","contentUrl":"https:\/\/projekt.vombat.ee\/eco\/wp-content\/uploads\/2024\/07\/img_Mantis-King-GT_d6c28ceab9a69b3b10bf3cff6894c912.jpg","width":1000,"height":1000},{"@type":"BreadcrumbList","@id":"https:\/\/projekt.vombat.ee\/eco\/fr\/pood\/brandid\/kaabo\/kaabo-mantis-king-gt-2wd-elektriline-toukeratas-90km\/#breadcrumb","itemListElement":[{"@type":"ListItem","position":1,"name":"Home","item":"https:\/\/projekt.vombat.ee\/eco\/"},{"@type":"ListItem","position":2,"name":"Pood","item":"https:\/\/projekt.vombat.ee\/eco\/pood\/"},{"@type":"ListItem","position":3,"name":"Kaabo Mantis King GT, scooter \u00e9lectrique 2 roues motrices, 90 km"}]},{"@type":"WebSite","@id":"https:\/\/projekt.vombat.ee\/eco\/#website","url":"https:\/\/projekt.vombat.ee\/eco\/","name":"Ecocruiser","description":"","publisher":{"@id":"https:\/\/projekt.vombat.ee\/eco\/#organization"},"potentialAction":[{"@type":"SearchAction","target":{"@type":"EntryPoint","urlTemplate":"https:\/\/projekt.vombat.ee\/eco\/?s={search_term_string}"},"query-input":{"@type":"PropertyValueSpecification","valueRequired":true,"valueName":"search_term_string"}}],"inLanguage":"en-GB"},{"@type":"Organization","@id":"https:\/\/projekt.vombat.ee\/eco\/#organization","name":"Ecocruiser","url":"https:\/\/projekt.vombat.ee\/eco\/","logo":{"@type":"ImageObject","inLanguage":"en-GB","@id":"https:\/\/projekt.vombat.ee\/eco\/#\/schema\/logo\/image\/","url":"https:\/\/projekt.vombat.ee\/eco\/wp-content\/uploads\/2023\/03\/ECOCRUISER_5.png","contentUrl":"https:\/\/projekt.vombat.ee\/eco\/wp-content\/uploads\/2023\/03\/ECOCRUISER_5.png","width":234,"height":91,"caption":"Ecocruiser"},"image":{"@id":"https:\/\/projekt.vombat.ee\/eco\/#\/schema\/logo\/image\/"}}]}},"lang":"fr","translations":{"fr":20859,"et":19440},"pll_sync_post":[],"_links":{"self":[{"href":"https:\/\/projekt.vombat.ee\/eco\/wp-json\/wp\/v2\/product\/20859"}],"collection":[{"href":"https:\/\/projekt.vombat.ee\/eco\/wp-json\/wp\/v2\/product"}],"about":[{"href":"https:\/\/projekt.vombat.ee\/eco\/wp-json\/wp\/v2\/types\/product"}],"version-history":[{"count":1,"href":"https:\/\/projekt.vombat.ee\/eco\/wp-json\/wp\/v2\/product\/20859\/revisions"}],"predecessor-version":[{"id":20867,"href":"https:\/\/projekt.vombat.ee\/eco\/wp-json\/wp\/v2\/product\/20859\/revisions\/20867"}],"wp:featuredmedia":[{"embeddable":true,"href":"https:\/\/projekt.vombat.ee\/eco\/wp-json\/wp\/v2\/media\/20860"}],"wp:attachment":[{"href":"https:\/\/projekt.vombat.ee\/eco\/wp-json\/wp\/v2\/media?parent=20859"}],"wp:term":[{"taxonomy":"product_cat","embeddable":true,"href":"https:\/\/projekt.vombat.ee\/eco\/wp-json\/wp\/v2\/product_cat?post=20859"},{"taxonomy":"product_tag","embeddable":true,"href":"https:\/\/projekt.vombat.ee\/eco\/wp-json\/wp\/v2\/product_tag?post=20859"}],"curies":[{"name":"wp","href":"https:\/\/api.w.org\/{rel}","templated":true}]}}