{"id":20856,"date":"2024-08-03T16:55:46","date_gmt":"2024-08-03T16:55:46","guid":{"rendered":"https:\/\/projekt.vombat.ee\/eco\/?post_type=product&#038;p=20856"},"modified":"2024-08-03T16:55:46","modified_gmt":"2024-08-03T16:55:46","slug":"kaabo-mantis-8-eco-elektriline-toukeratas","status":"publish","type":"product","link":"https:\/\/projekt.vombat.ee\/eco\/fr\/pood\/scooters-electriques\/linna-toukerattad\/kaabo-mantis-8-eco-elektriline-toukeratas\/","title":{"rendered":"Trottinette \u00e9lectrique Kaabo Mantis 8 Eco, 60km"},"content":{"rendered":"<h2><\/h2>\n<h3 style=\"text-align: center;\"><strong>Trottinette \u00e9lectrique Kaabo Mantis 8 Eco<\/strong><\/h3>\n<div class=\"youtube responsive-embed wp-embed\"><iframe title=\"Kaabo Wolf Warrior, Mantis And Skywalker Introduction | Kaabo Official\" width=\"1778\" height=\"1000\" src=\"https:\/\/www.youtube.com\/embed\/I9rXO5kfFXU?feature=oembed&#038;enablejsapi=1&#038;rel=0&#038;showinfo=0&#038;color=white\" frameborder=\"0\" allow=\"accelerometer; autoplay; clipboard-write; encrypted-media; gyroscope; picture-in-picture; web-share\" referrerpolicy=\"strict-origin-when-cross-origin\" allowfullscreen><\/iframe><\/div>\n<p><strong>Le Kaabo<\/strong> Mantis 8 Eco est un scooter \u00e9lectrique monomoteur. Cette poussette est facilement pliable et portable. De larges pneus tubeless de 8 pouces vous permettent de conduire m\u00eame sur des surfaces in\u00e9gales, offrant un confort de conduite ergonomique. La double suspension assure une exp\u00e9rience de conduite douce et confortable, et les poign\u00e9es de guidon en mousse souple r\u00e9duisent le transfert des vibrations vers les paumes. Il s\u2019agit d\u2019un scooter \u00e9lectrique \u00e0 traction avant et arri\u00e8re qui offre une meilleure acc\u00e9l\u00e9ration et une exp\u00e9rience de conduite agr\u00e9able. La traction avant peut \u00eatre d\u00e9sactiv\u00e9e avec un bouton sur le guidon. On retrouve \u00e9galement des boutons Boost et Eco sur le guidon, qui permettent de choisir le style de conduite souhait\u00e9.<\/p>\n<p>Le mod\u00e8le Kaabo Mantis 8 dispose d&#8217;un syst\u00e8me de freinage \u00e9lectrique EABS. Lorsque le signal de freinage arrive, le scooter freine imm\u00e9diatement, et plus la vitesse est \u00e9lev\u00e9e, plus l&#8217;effet de freinage est fort. Le syst\u00e8me de freinage \u00e9lectronique EABS ne consomme pas la batterie, au contraire, la batterie est charg\u00e9e pendant une courte p\u00e9riode lors du freinage et de la conduite en descente. Il est possible de choisir entre trois niveaux de force de freinage diff\u00e9rents sur le panneau d&#8217;affichage.<\/p>\n<p>Le Mantis 8 convient \u00e0 un utilisateur de petite taille, car la fl\u00e8che verticale de son guidon est 11 cm plus courte par rapport au mod\u00e8le Mantis 10, pla\u00e7ant le guidon plus bas. Ce scooter \u00e9lectrique est con\u00e7u pour le cycliste exigeant qui souhaite une forte acc\u00e9l\u00e9ration en ville et en m\u00eame temps une exp\u00e9rience de conduite fluide. Le puissant moteur de 800 W permet d&#8217;atteindre la vitesse autoris\u00e9e de 25 km\/h. La batterie 48 V prolonge la distance de conduite. Kaabo convient au cycliste qui pr\u00e9f\u00e8re acc\u00e9l\u00e9rer avec le levier sous l&#8217;index de la main droite.<\/p>\n<p><strong>Caract\u00e9ristiques principales:<\/strong><\/p>\n<ul>\n<li>moteur sans balais de 800 W<\/li>\n<li>IPX5 \u00e9tanche<\/li>\n<li>Capacit\u00e9 de charge maximale jusqu&#8217;\u00e0 120 kg<\/li>\n<li>La largeur de la plateforme debout est de 21 cm, il est confortable de rouler avec les pieds c\u00f4te \u00e0 c\u00f4te<\/li>\n<li>La hauteur du bas depuis le sol est de 14 cm<\/li>\n<li>Les amortisseurs assurent une conduite stable et s\u00fbre<\/li>\n<li>Syst\u00e8me de frein \u00e0 disque ZOOM<\/li>\n<li>R\u00e9gler l&#8217;acc\u00e9l\u00e9rateur avec l&#8217;index<\/li>\n<li>L&#8217;\u00e9cran LCD affiche la vitesse, l&#8217;\u00e9tat de la batterie et le kilom\u00e9trage<\/li>\n<li>Les trottinettes \u00e9lectriques sont un moyen de transport tr\u00e8s confortable et respectueux de l&#8217;environnement<\/li>\n<li>Le scooter est facile et rapide \u00e0 plier<\/li>\n<li>Chaque scooter \u00e9lectrique Kaabo achet\u00e9 chez nous est \u00e9quip\u00e9 d&#8217;un autocollant hologramme Velt, qui garantit de futures r\u00e9ductions sur le service apr\u00e8s-vente, l&#8217;entretien et les pi\u00e8ces d\u00e9tach\u00e9es.<\/li>\n<li>Lorsque vous conduisez une trottinette \u00e9lectrique, nous vous recommandons de porter les protections n\u00e9cessaires et de toujours porter un casque !<\/li>\n<\/ul>\n","protected":false},"excerpt":{"rendered":"<p><strong>KAABO MANTIS 10 ECO<\/strong><\/p>\n<ul>\n<li>Autonomie maximale\u00a0: 60 KM<\/li>\n<li>Capacit\u00e9 de charge : 120 kg<\/li>\n<li>Puissance du moteur : 800W<\/li>\n<li>Temps de charge : 9h<\/li>\n<li>Batterie : 48 V 18,2 Ah<\/li>\n<li>Vitesse maximale : 25 km\/h<\/li>\n<\/ul>\n<p>\u2666 D\u00e9lai de livraison 2-4 jours<br \/>\n\u2666 En stock<\/p>\n","protected":false},"featured_media":20850,"template":"","meta":[],"product_cat":[2283,4145,4828],"product_tag":[7547,7545,7518,7534,7425,7520,7397,7555,7393,7528,7542,7522,7403,7532,7549,7553,7551,7405,7540,7538],"class_list":{"0":"post-20856","1":"product","2":"type-product","3":"status-publish","4":"has-post-thumbnail","6":"product_cat-scooters-electriques","7":"product_cat-linna-toukerattad","8":"product_cat-voimsad-toukerattad","9":"product_tag-60km-de-scooter-strict","10":"product_tag-kaabo-mantis-8-eco","11":"product_tag-la-mobilite-urbaine","12":"product_tag-les-trottinettes-kaabo","13":"product_tag-mobilite-intelligente","14":"product_tag-scooter-de-banlieue","15":"product_tag-scooter-de-ville","16":"product_tag-scooter-economique","17":"product_tag-scooter-electrique","18":"product_tag-scooter-longue-portee","19":"product_tag-technologie-avancee-des-scooters","20":"product_tag-transport-ecologique","21":"product_tag-transport-vert","22":"product_tag-transports-modernes","23":"product_tag-trottinette-electrique-efficace","24":"product_tag-trottinette-electrique-portative","25":"product_tag-trottinette-legere","26":"product_tag-vehicule-electrique","27":"product_tag-vehicule-electrique-personnel","28":"product_tag-voyage-durable","30":"first","31":"instock","32":"sale","33":"taxable","34":"shipping-taxable","35":"purchasable","36":"product-type-simple"},"yoast_head":"<!-- This site is optimized with the Yoast SEO plugin v23.8 - https:\/\/yoast.com\/wordpress\/plugins\/seo\/ -->\n<title>Trottinette \u00e9lectrique Kaabo Mantis 8 Eco, 60km - Ecocruiser<\/title>\n<meta name=\"description\" content=\"Kaabo Mantis 8 Eco - Kvaliteetsed br\u00e4ndid, lai valik - Ecocruiser.ee - K\u00fcsimuste korral v\u00f5ta \u00fchendust info@projekt.vombat.ee\" \/>\n<meta name=\"robots\" content=\"noindex, follow, max-snippet:-1, max-image-preview:large, max-video-preview:-1\" \/>\n<meta property=\"og:locale\" content=\"en_GB\" \/>\n<meta property=\"og:type\" content=\"article\" \/>\n<meta property=\"og:title\" content=\"Trottinette \u00e9lectrique Kaabo Mantis 8 Eco, 60km - Ecocruiser\" \/>\n<meta property=\"og:description\" content=\"Kaabo Mantis 8 Eco - Kvaliteetsed br\u00e4ndid, lai valik - Ecocruiser.ee - K\u00fcsimuste korral v\u00f5ta \u00fchendust info@projekt.vombat.ee\" \/>\n<meta property=\"og:url\" content=\"https:\/\/projekt.vombat.ee\/eco\/fr\/pood\/scooters-electriques\/linna-toukerattad\/kaabo-mantis-8-eco-elektriline-toukeratas\/\" \/>\n<meta property=\"og:site_name\" content=\"Ecocruiser\" \/>\n<meta property=\"og:image\" content=\"https:\/\/projekt.vombat.ee\/eco\/wp-content\/uploads\/2024\/07\/img_Mantis-8-klg_82902b7f75b35908f029195272a05eed.png\" \/>\n\t<meta property=\"og:image:width\" content=\"1000\" \/>\n\t<meta property=\"og:image:height\" content=\"666\" \/>\n\t<meta property=\"og:image:type\" content=\"image\/png\" \/>\n<meta name=\"twitter:card\" content=\"summary_large_image\" \/>\n<meta name=\"twitter:label1\" content=\"Estimated reading time\" \/>\n\t<meta name=\"twitter:data1\" content=\"3 minutes\" \/>\n<script type=\"application\/ld+json\" class=\"yoast-schema-graph\">{\"@context\":\"https:\/\/schema.org\",\"@graph\":[{\"@type\":\"WebPage\",\"@id\":\"https:\/\/projekt.vombat.ee\/eco\/fr\/pood\/scooters-electriques\/linna-toukerattad\/kaabo-mantis-8-eco-elektriline-toukeratas\/\",\"url\":\"https:\/\/projekt.vombat.ee\/eco\/fr\/pood\/scooters-electriques\/linna-toukerattad\/kaabo-mantis-8-eco-elektriline-toukeratas\/\",\"name\":\"Trottinette \u00e9lectrique Kaabo Mantis 8 Eco, 60km - Ecocruiser\",\"isPartOf\":{\"@id\":\"https:\/\/projekt.vombat.ee\/eco\/#website\"},\"primaryImageOfPage\":{\"@id\":\"https:\/\/projekt.vombat.ee\/eco\/fr\/pood\/scooters-electriques\/linna-toukerattad\/kaabo-mantis-8-eco-elektriline-toukeratas\/#primaryimage\"},\"image\":{\"@id\":\"https:\/\/projekt.vombat.ee\/eco\/fr\/pood\/scooters-electriques\/linna-toukerattad\/kaabo-mantis-8-eco-elektriline-toukeratas\/#primaryimage\"},\"thumbnailUrl\":\"https:\/\/projekt.vombat.ee\/eco\/wp-content\/uploads\/2024\/07\/img_Mantis-8-klg_82902b7f75b35908f029195272a05eed.png\",\"datePublished\":\"2024-08-03T16:55:46+00:00\",\"dateModified\":\"2024-08-03T16:55:46+00:00\",\"description\":\"Kaabo Mantis 8 Eco - Kvaliteetsed br\u00e4ndid, lai valik - Ecocruiser.ee - K\u00fcsimuste korral v\u00f5ta \u00fchendust info@projekt.vombat.ee\",\"breadcrumb\":{\"@id\":\"https:\/\/projekt.vombat.ee\/eco\/fr\/pood\/scooters-electriques\/linna-toukerattad\/kaabo-mantis-8-eco-elektriline-toukeratas\/#breadcrumb\"},\"inLanguage\":\"en-GB\",\"potentialAction\":[{\"@type\":\"ReadAction\",\"target\":[\"https:\/\/projekt.vombat.ee\/eco\/fr\/pood\/scooters-electriques\/linna-toukerattad\/kaabo-mantis-8-eco-elektriline-toukeratas\/\"]}]},{\"@type\":\"ImageObject\",\"inLanguage\":\"en-GB\",\"@id\":\"https:\/\/projekt.vombat.ee\/eco\/fr\/pood\/scooters-electriques\/linna-toukerattad\/kaabo-mantis-8-eco-elektriline-toukeratas\/#primaryimage\",\"url\":\"https:\/\/projekt.vombat.ee\/eco\/wp-content\/uploads\/2024\/07\/img_Mantis-8-klg_82902b7f75b35908f029195272a05eed.png\",\"contentUrl\":\"https:\/\/projekt.vombat.ee\/eco\/wp-content\/uploads\/2024\/07\/img_Mantis-8-klg_82902b7f75b35908f029195272a05eed.png\",\"width\":1000,\"height\":666},{\"@type\":\"BreadcrumbList\",\"@id\":\"https:\/\/projekt.vombat.ee\/eco\/fr\/pood\/scooters-electriques\/linna-toukerattad\/kaabo-mantis-8-eco-elektriline-toukeratas\/#breadcrumb\",\"itemListElement\":[{\"@type\":\"ListItem\",\"position\":1,\"name\":\"Home\",\"item\":\"https:\/\/projekt.vombat.ee\/eco\/\"},{\"@type\":\"ListItem\",\"position\":2,\"name\":\"Pood\",\"item\":\"https:\/\/projekt.vombat.ee\/eco\/pood\/\"},{\"@type\":\"ListItem\",\"position\":3,\"name\":\"Trottinette \u00e9lectrique Kaabo Mantis 8 Eco, 60km\"}]},{\"@type\":\"WebSite\",\"@id\":\"https:\/\/projekt.vombat.ee\/eco\/#website\",\"url\":\"https:\/\/projekt.vombat.ee\/eco\/\",\"name\":\"Ecocruiser\",\"description\":\"\",\"publisher\":{\"@id\":\"https:\/\/projekt.vombat.ee\/eco\/#organization\"},\"potentialAction\":[{\"@type\":\"SearchAction\",\"target\":{\"@type\":\"EntryPoint\",\"urlTemplate\":\"https:\/\/projekt.vombat.ee\/eco\/?s={search_term_string}\"},\"query-input\":{\"@type\":\"PropertyValueSpecification\",\"valueRequired\":true,\"valueName\":\"search_term_string\"}}],\"inLanguage\":\"en-GB\"},{\"@type\":\"Organization\",\"@id\":\"https:\/\/projekt.vombat.ee\/eco\/#organization\",\"name\":\"Ecocruiser\",\"url\":\"https:\/\/projekt.vombat.ee\/eco\/\",\"logo\":{\"@type\":\"ImageObject\",\"inLanguage\":\"en-GB\",\"@id\":\"https:\/\/projekt.vombat.ee\/eco\/#\/schema\/logo\/image\/\",\"url\":\"https:\/\/projekt.vombat.ee\/eco\/wp-content\/uploads\/2023\/03\/ECOCRUISER_5.png\",\"contentUrl\":\"https:\/\/projekt.vombat.ee\/eco\/wp-content\/uploads\/2023\/03\/ECOCRUISER_5.png\",\"width\":234,\"height\":91,\"caption\":\"Ecocruiser\"},\"image\":{\"@id\":\"https:\/\/projekt.vombat.ee\/eco\/#\/schema\/logo\/image\/\"}}]}<\/script>\n<!-- \/ Yoast SEO plugin. -->","yoast_head_json":{"title":"Trottinette \u00e9lectrique Kaabo Mantis 8 Eco, 60km - Ecocruiser","description":"Kaabo Mantis 8 Eco - Kvaliteetsed br\u00e4ndid, lai valik - Ecocruiser.ee - K\u00fcsimuste korral v\u00f5ta \u00fchendust info@projekt.vombat.ee","robots":{"index":"noindex","follow":"follow","max-snippet":"max-snippet:-1","max-image-preview":"max-image-preview:large","max-video-preview":"max-video-preview:-1"},"og_locale":"en_GB","og_type":"article","og_title":"Trottinette \u00e9lectrique Kaabo Mantis 8 Eco, 60km - Ecocruiser","og_description":"Kaabo Mantis 8 Eco - Kvaliteetsed br\u00e4ndid, lai valik - Ecocruiser.ee - K\u00fcsimuste korral v\u00f5ta \u00fchendust info@projekt.vombat.ee","og_url":"https:\/\/projekt.vombat.ee\/eco\/fr\/pood\/scooters-electriques\/linna-toukerattad\/kaabo-mantis-8-eco-elektriline-toukeratas\/","og_site_name":"Ecocruiser","og_image":[{"width":1000,"height":666,"url":"https:\/\/projekt.vombat.ee\/eco\/wp-content\/uploads\/2024\/07\/img_Mantis-8-klg_82902b7f75b35908f029195272a05eed.png","type":"image\/png"}],"twitter_card":"summary_large_image","twitter_misc":{"Estimated reading time":"3 minutes"},"schema":{"@context":"https:\/\/schema.org","@graph":[{"@type":"WebPage","@id":"https:\/\/projekt.vombat.ee\/eco\/fr\/pood\/scooters-electriques\/linna-toukerattad\/kaabo-mantis-8-eco-elektriline-toukeratas\/","url":"https:\/\/projekt.vombat.ee\/eco\/fr\/pood\/scooters-electriques\/linna-toukerattad\/kaabo-mantis-8-eco-elektriline-toukeratas\/","name":"Trottinette \u00e9lectrique Kaabo Mantis 8 Eco, 60km - Ecocruiser","isPartOf":{"@id":"https:\/\/projekt.vombat.ee\/eco\/#website"},"primaryImageOfPage":{"@id":"https:\/\/projekt.vombat.ee\/eco\/fr\/pood\/scooters-electriques\/linna-toukerattad\/kaabo-mantis-8-eco-elektriline-toukeratas\/#primaryimage"},"image":{"@id":"https:\/\/projekt.vombat.ee\/eco\/fr\/pood\/scooters-electriques\/linna-toukerattad\/kaabo-mantis-8-eco-elektriline-toukeratas\/#primaryimage"},"thumbnailUrl":"https:\/\/projekt.vombat.ee\/eco\/wp-content\/uploads\/2024\/07\/img_Mantis-8-klg_82902b7f75b35908f029195272a05eed.png","datePublished":"2024-08-03T16:55:46+00:00","dateModified":"2024-08-03T16:55:46+00:00","description":"Kaabo Mantis 8 Eco - Kvaliteetsed br\u00e4ndid, lai valik - Ecocruiser.ee - K\u00fcsimuste korral v\u00f5ta \u00fchendust info@projekt.vombat.ee","breadcrumb":{"@id":"https:\/\/projekt.vombat.ee\/eco\/fr\/pood\/scooters-electriques\/linna-toukerattad\/kaabo-mantis-8-eco-elektriline-toukeratas\/#breadcrumb"},"inLanguage":"en-GB","potentialAction":[{"@type":"ReadAction","target":["https:\/\/projekt.vombat.ee\/eco\/fr\/pood\/scooters-electriques\/linna-toukerattad\/kaabo-mantis-8-eco-elektriline-toukeratas\/"]}]},{"@type":"ImageObject","inLanguage":"en-GB","@id":"https:\/\/projekt.vombat.ee\/eco\/fr\/pood\/scooters-electriques\/linna-toukerattad\/kaabo-mantis-8-eco-elektriline-toukeratas\/#primaryimage","url":"https:\/\/projekt.vombat.ee\/eco\/wp-content\/uploads\/2024\/07\/img_Mantis-8-klg_82902b7f75b35908f029195272a05eed.png","contentUrl":"https:\/\/projekt.vombat.ee\/eco\/wp-content\/uploads\/2024\/07\/img_Mantis-8-klg_82902b7f75b35908f029195272a05eed.png","width":1000,"height":666},{"@type":"BreadcrumbList","@id":"https:\/\/projekt.vombat.ee\/eco\/fr\/pood\/scooters-electriques\/linna-toukerattad\/kaabo-mantis-8-eco-elektriline-toukeratas\/#breadcrumb","itemListElement":[{"@type":"ListItem","position":1,"name":"Home","item":"https:\/\/projekt.vombat.ee\/eco\/"},{"@type":"ListItem","position":2,"name":"Pood","item":"https:\/\/projekt.vombat.ee\/eco\/pood\/"},{"@type":"ListItem","position":3,"name":"Trottinette \u00e9lectrique Kaabo Mantis 8 Eco, 60km"}]},{"@type":"WebSite","@id":"https:\/\/projekt.vombat.ee\/eco\/#website","url":"https:\/\/projekt.vombat.ee\/eco\/","name":"Ecocruiser","description":"","publisher":{"@id":"https:\/\/projekt.vombat.ee\/eco\/#organization"},"potentialAction":[{"@type":"SearchAction","target":{"@type":"EntryPoint","urlTemplate":"https:\/\/projekt.vombat.ee\/eco\/?s={search_term_string}"},"query-input":{"@type":"PropertyValueSpecification","valueRequired":true,"valueName":"search_term_string"}}],"inLanguage":"en-GB"},{"@type":"Organization","@id":"https:\/\/projekt.vombat.ee\/eco\/#organization","name":"Ecocruiser","url":"https:\/\/projekt.vombat.ee\/eco\/","logo":{"@type":"ImageObject","inLanguage":"en-GB","@id":"https:\/\/projekt.vombat.ee\/eco\/#\/schema\/logo\/image\/","url":"https:\/\/projekt.vombat.ee\/eco\/wp-content\/uploads\/2023\/03\/ECOCRUISER_5.png","contentUrl":"https:\/\/projekt.vombat.ee\/eco\/wp-content\/uploads\/2023\/03\/ECOCRUISER_5.png","width":234,"height":91,"caption":"Ecocruiser"},"image":{"@id":"https:\/\/projekt.vombat.ee\/eco\/#\/schema\/logo\/image\/"}}]}},"lang":"fr","translations":{"fr":20856,"et":19449},"pll_sync_post":[],"_links":{"self":[{"href":"https:\/\/projekt.vombat.ee\/eco\/wp-json\/wp\/v2\/product\/20856"}],"collection":[{"href":"https:\/\/projekt.vombat.ee\/eco\/wp-json\/wp\/v2\/product"}],"about":[{"href":"https:\/\/projekt.vombat.ee\/eco\/wp-json\/wp\/v2\/types\/product"}],"version-history":[{"count":2,"href":"https:\/\/projekt.vombat.ee\/eco\/wp-json\/wp\/v2\/product\/20856\/revisions"}],"predecessor-version":[{"id":20858,"href":"https:\/\/projekt.vombat.ee\/eco\/wp-json\/wp\/v2\/product\/20856\/revisions\/20858"}],"wp:featuredmedia":[{"embeddable":true,"href":"https:\/\/projekt.vombat.ee\/eco\/wp-json\/wp\/v2\/media\/20850"}],"wp:attachment":[{"href":"https:\/\/projekt.vombat.ee\/eco\/wp-json\/wp\/v2\/media?parent=20856"}],"wp:term":[{"taxonomy":"product_cat","embeddable":true,"href":"https:\/\/projekt.vombat.ee\/eco\/wp-json\/wp\/v2\/product_cat?post=20856"},{"taxonomy":"product_tag","embeddable":true,"href":"https:\/\/projekt.vombat.ee\/eco\/wp-json\/wp\/v2\/product_tag?post=20856"}],"curies":[{"name":"wp","href":"https:\/\/api.w.org\/{rel}","templated":true}]}}