{"id":20145,"date":"2024-08-03T18:15:19","date_gmt":"2024-08-03T18:15:19","guid":{"rendered":"https:\/\/projekt.vombat.ee\/eco\/?post_type=product&#038;p=20145"},"modified":"2024-08-03T18:16:43","modified_gmt":"2024-08-03T18:16:43","slug":"laste-elektriauto-vintage-mercedes-300s-2","status":"publish","type":"product","link":"https:\/\/projekt.vombat.ee\/eco\/fr\/pood\/laste-elektrisoidukid\/elektriautod\/laste-elektriauto-vintage-mercedes-300s-2\/","title":{"rendered":"Voiture \u00e9lectrique pour enfants Vintage Mercedes 300S"},"content":{"rendered":"<p style=\"text-align: center;\">Voiture \u00e9lectrique vintage Mercedes 300S 90W 12V Premium Noir<\/p>\n<p>D\u00e9couvrez le m\u00e9lange parfait de luxe, de style et de plaisir avec la voiture \u00e9lectrique noire premium Vintage Mercedes 300S 90W 12V. Cette voiture de tourisme \u00e9lectrique soigneusement con\u00e7ue capture l&#8217;\u00e9l\u00e9gance et la sophistication de la Mercedes 300S classique des ann\u00e9es 1950. Con\u00e7u pour l&#8217;enfant exigeant (et les parents reconnaissants), ce v\u00e9hicule offre une exp\u00e9rience de conduite in\u00e9gal\u00e9e qui allie performances de pointe et beaut\u00e9 intemporelle.<\/p>\n<p><strong>Avantages et fonctionnalit\u00e9s :<\/strong><\/p>\n<ul>\n<li>Design authentique : chaque d\u00e9tail de cette Mercedes 300S vintage a \u00e9t\u00e9 reproduit \u00e0 la perfection, offrant une conduite authentique et nostalgique.<\/li>\n<li>Performances puissantes : \u00e9quip\u00e9 d&#8217;un puissant moteur de 90 W et d&#8217;une batterie de 12 V, le trajet garantit des heures de plaisir continu.<\/li>\n<li>Caract\u00e9ristiques haut de gamme\u00a0: comprend des phares fonctionnels, des sons de moteur r\u00e9alistes et des si\u00e8ges en cuir de qualit\u00e9 sup\u00e9rieure pour un confort ultime.<\/li>\n<li>Contr\u00f4le parental\u00a0: comprend une t\u00e9l\u00e9commande pour assurer la s\u00e9curit\u00e9 et permettre aux parents de prendre le relais en cas de besoin.<\/li>\n<\/ul>\n<p><strong>Qu&#8217;est-ce qui le diff\u00e9rencie de la concurrence ?<\/strong><\/p>\n<p>La voiture \u00e9lectrique pour enfants Mercedes 300S, 90 W, 12 V, noir premium, se distingue par une combinaison d&#8217;\u00e9l\u00e9gance, de puissance et de s\u00e9curit\u00e9. Contrairement \u00e0 d&#8217;autres man\u00e8ges, ce mod\u00e8le est une r\u00e9plique sous licence, garantissant qu&#8217;il r\u00e9pond aux normes de qualit\u00e9 et de conception les plus \u00e9lev\u00e9es. Ses caract\u00e9ristiques haut de gamme telles que les si\u00e8ges en cuir et les phares fonctionnels en font le premier choix pour les voitures particuli\u00e8res de luxe.<\/p>\n<p><strong>Comment ce lecteur r\u00e9sout-il le probl\u00e8me\u00a0?<\/strong><\/p>\n<p>Vous recherchez le cadeau parfait qui allie plaisir, s\u00e9curit\u00e9 et valeur \u00e9ducative ? La voiture \u00e9lectrique Vintage Mercedes 300S pour enfants offre non seulement une balade divertissante, mais aide \u00e9galement \u00e0 d\u00e9velopper la motricit\u00e9 et la coordination de votre enfant. Avec la t\u00e9l\u00e9commande parentale, vous pouvez assurer la s\u00e9curit\u00e9 de votre enfant pendant qu&#8217;il profite de son aventure.<\/p>\n<p><strong>Sp\u00e9cifications techniques:<\/strong><\/p>\n<ul>\n<li>Mod\u00e8le\u00a0:\u00a0Mercedes 300S d&#8217;\u00e9poque<\/li>\n<li>Moteur : 90W<\/li>\n<li>Batterie : rechargeable 12 V<\/li>\n<li>Vitesse\u00a0: jusqu&#8217;\u00e0 3,1\u00a0mph<\/li>\n<li>Mat\u00e9riau du si\u00e8ge : cuir<\/li>\n<li>Caract\u00e9ristiques : phares fonctionnels, sons de moteur r\u00e9alistes, klaxon, t\u00e9l\u00e9commande.<\/li>\n<li>La couleur noire<\/li>\n<li>Capacit\u00e9 de charge : jusqu&#8217;\u00e0 66 lb<\/li>\n<\/ul>\n<p><strong>FAQ:<\/strong><\/p>\n<p>Q1\u00a0: Combien de temps dure la batterie lorsqu\u2019elle est compl\u00e8tement charg\u00e9e\u00a0?<br \/>\nA1 : La batterie dure g\u00e9n\u00e9ralement 1 \u00e0 2 heures selon l&#8217;utilisation et le terrain.<\/p>\n<p>Q2\u00a0: Une voiture \u00e9lectrique est-elle s\u00e9curitaire pour les jeunes enfants\u00a0?<br \/>\nA2 : Oui, il est livr\u00e9 avec un harnais de s\u00e9curit\u00e9, des r\u00e9glages de vitesse r\u00e9glables et une t\u00e9l\u00e9commande pour la surveillance parentale pour plus de s\u00e9curit\u00e9.<\/p>\n<p>Q3\u00a0: La voiture peut-elle \u00eatre utilis\u00e9e sur diff\u00e9rents types de terrain\u00a0?<br \/>\nR3 : Oui, les pneus antid\u00e9rapants durables sont con\u00e7us pour affronter une vari\u00e9t\u00e9 de surfaces, notamment l&#8217;herbe, le gravier et la chauss\u00e9e.<\/p>\n<p>Q4\u00a0: Combien de temps faut-il pour assembler la voiture\u00a0?<br \/>\nA4 : L&#8217;assemblage prend g\u00e9n\u00e9ralement environ 30 \u00e0 45 minutes avec les instructions incluses.<\/p>\n<p>Q5\u00a0: La voiture dispose-t-elle de fonctionnalit\u00e9s de divertissement\u00a0?<br \/>\nA5 : Oui, il comprend un lecteur MP3 avec entr\u00e9e AUX pour que les enfants puissent profiter de leurs chansons pr\u00e9f\u00e9r\u00e9es tout en conduisant.<\/p>\n<p>La voiture \u00e9lectrique Vintage Mercedes 300S pour enfants est plus qu&#8217;un simple jouet ; c&#8217;est une d\u00e9claration de style et de sophistication pour les tout-petits. Avec un m\u00e9lange de design classique, de fonctionnalit\u00e9s modernes et de mesures de s\u00e9curit\u00e9 compl\u00e8tes, il offre une exp\u00e9rience de conduite in\u00e9gal\u00e9e. Qu&#8217;il s&#8217;agisse d&#8217;un cadeau d&#8217;anniversaire ou d&#8217;une g\u00e2terie sp\u00e9ciale, cette voiture autoport\u00e9e apportera \u00e0 coup s\u00fbr joie et enthousiasme \u00e0 tout enfant.<\/p>\n","protected":false},"excerpt":{"rendered":"<ul>\n<li>Mod\u00e8le\u00a0:\u00a0Mercedes 300S<\/li>\n<li>Puissance du moteur : 90W<\/li>\n<li>Batterie : rechargeable 12 V<\/li>\n<li>La couleur noire<\/li>\n<li>Mat\u00e9riau : plastique de haute qualit\u00e9 avec finition m\u00e9tallique<\/li>\n<li>Si\u00e8ges : Avec ceintures de s\u00e9curit\u00e9 individuelles<\/li>\n<li>Vitesse\u00a0: param\u00e8tres de vitesse r\u00e9glables<\/li>\n<li>Caract\u00e9ristiques : phares \u00e0 LED, klaxon, sons de moteur r\u00e9alistes, lecteur MP3 avec entr\u00e9e AUX, t\u00e9l\u00e9commande de contr\u00f4le parental, portes fonctionnelles<\/li>\n<li>Pneus\u00a0: pneus durables et antid\u00e9rapants pour une conduite en douceur<\/li>\n<li>Tranche d&#8217;\u00e2ge\u00a0: convient aux enfants \u00e2g\u00e9s de 3 \u00e0 7 ans<\/li>\n<li>Capacit\u00e9 de charge\u00a0: jusqu&#8217;\u00e0 66 lb (30 kg)<\/li>\n<li>Dimensions : 49 x 22 x 20 pouces<\/li>\n<li>Assemblage requis\u00a0: Oui<\/li>\n<li>Luxe et \u00e9l\u00e9gance : Imitant la Mercedes 300S classique, cette voiture \u00e9lectrique offre une sophistication aux jeunes conducteurs.<\/li>\n<li>S\u00fbret\u00e9 et s\u00e9curit\u00e9 : Equip\u00e9e de ceintures de s\u00e9curit\u00e9 et d&#8217;une t\u00e9l\u00e9commande parentale, la voiture donne la priorit\u00e9 \u00e0 la s\u00e9curit\u00e9 de ses jeunes utilisateurs.<\/li>\n<li>Amusant et aventure\u00a0: avec des fonctionnalit\u00e9s r\u00e9alistes et des r\u00e9glages de vitesse r\u00e9glables, les enfants peuvent profiter d&#8217;heures de conduite sans fin.<\/li>\n<li>D\u00e9veloppement et apprentissage : Favorise le d\u00e9veloppement des habilet\u00e9s motrices et la compr\u00e9hension des m\u00e9canismes de conduite de base.<\/li>\n<\/ul>\n","protected":false},"featured_media":20146,"template":"","meta":[],"product_cat":[5438,5435],"product_tag":[5534,5848,6142,6145,6148,6151,5549,6071,6154,6157,5645,6160,6163,6166,6169,6172,6175,5792,6178,6181,6184,6187,6190,6193,6196],"class_list":{"0":"post-20145","1":"product","2":"type-product","3":"status-publish","4":"has-post-thumbnail","6":"product_cat-elektriautod","7":"product_cat-laste-elektrisoidukid","8":"product_tag-12v-pealesoiduauto","9":"product_tag-elektriline-soiduauto","10":"product_tag-juhtpuldiga-auto","11":"product_tag-klassikaline-soiduauto","12":"product_tag-kvaliteetne-laste-manguasi","13":"product_tag-laste-auto-muusikapleieriga","14":"product_tag-laste-elektriauto","15":"product_tag-laste-elektriline-mercedes","16":"product_tag-laste-elektrisoiduk","17":"product_tag-laste-luksuslik-soit","18":"product_tag-laste-mootorsoiduk","19":"product_tag-led-tuledega-pealesoit","20":"product_tag-lobus-soit-lastele","21":"product_tag-luksuslik-elektriauto-lastele","22":"product_tag-mercedes-300s-manguauto","23":"product_tag-mercedese-lastesoiduk","24":"product_tag-must-peal-soitev-soiduk","25":"product_tag-ohutu-pealesoit-lastele","26":"product_tag-premium-klassi-manguasi","27":"product_tag-realistlik-lasteauto","28":"product_tag-reguleeritav-soidukiirus","29":"product_tag-turvarihmadega-pealesoit","30":"product_tag-vanemliku-jarelevalvega-soiduauto","31":"product_tag-vastupidav-soiduauto","32":"product_tag-vintage-mercedes-lastele","34":"first","35":"instock","36":"taxable","37":"shipping-taxable","38":"purchasable","39":"product-type-simple"},"yoast_head":"<!-- This site is optimized with the Yoast SEO plugin v23.8 - https:\/\/yoast.com\/wordpress\/plugins\/seo\/ -->\n<title>Voiture \u00e9lectrique pour enfants Vintage Mercedes 300S - Ecocruiser<\/title>\n<meta name=\"description\" content=\"Parfaite pour les jeunes conducteurs qui appr\u00e9cient les belles choses de la vie, cette voiture de tourisme \u00e9lectrique allie charme vintage et technologie\" \/>\n<meta name=\"robots\" content=\"noindex, follow, max-snippet:-1, max-image-preview:large, max-video-preview:-1\" \/>\n<meta property=\"og:locale\" content=\"en_GB\" \/>\n<meta property=\"og:type\" content=\"article\" \/>\n<meta property=\"og:title\" content=\"Voiture \u00e9lectrique pour enfants Vintage Mercedes 300S - Ecocruiser\" \/>\n<meta property=\"og:description\" content=\"Parfaite pour les jeunes conducteurs qui appr\u00e9cient les belles choses de la vie, cette voiture de tourisme \u00e9lectrique allie charme vintage et technologie\" \/>\n<meta property=\"og:url\" content=\"https:\/\/projekt.vombat.ee\/eco\/fr\/pood\/laste-elektrisoidukid\/elektriautod\/laste-elektriauto-vintage-mercedes-300s-2\/\" \/>\n<meta property=\"og:site_name\" content=\"Ecocruiser\" \/>\n<meta property=\"article:modified_time\" content=\"2024-08-03T18:16:43+00:00\" \/>\n<meta property=\"og:image\" content=\"https:\/\/projekt.vombat.ee\/eco\/wp-content\/uploads\/2024\/06\/1-20.png\" \/>\n\t<meta property=\"og:image:width\" content=\"1000\" \/>\n\t<meta property=\"og:image:height\" content=\"1000\" \/>\n\t<meta property=\"og:image:type\" content=\"image\/png\" \/>\n<meta name=\"twitter:card\" content=\"summary_large_image\" \/>\n<meta name=\"twitter:label1\" content=\"Estimated reading time\" \/>\n\t<meta name=\"twitter:data1\" content=\"3 minutes\" \/>\n<script type=\"application\/ld+json\" class=\"yoast-schema-graph\">{\"@context\":\"https:\/\/schema.org\",\"@graph\":[{\"@type\":\"WebPage\",\"@id\":\"https:\/\/projekt.vombat.ee\/eco\/fr\/pood\/laste-elektrisoidukid\/elektriautod\/laste-elektriauto-vintage-mercedes-300s-2\/\",\"url\":\"https:\/\/projekt.vombat.ee\/eco\/fr\/pood\/laste-elektrisoidukid\/elektriautod\/laste-elektriauto-vintage-mercedes-300s-2\/\",\"name\":\"Voiture \u00e9lectrique pour enfants Vintage Mercedes 300S - Ecocruiser\",\"isPartOf\":{\"@id\":\"https:\/\/projekt.vombat.ee\/eco\/#website\"},\"primaryImageOfPage\":{\"@id\":\"https:\/\/projekt.vombat.ee\/eco\/fr\/pood\/laste-elektrisoidukid\/elektriautod\/laste-elektriauto-vintage-mercedes-300s-2\/#primaryimage\"},\"image\":{\"@id\":\"https:\/\/projekt.vombat.ee\/eco\/fr\/pood\/laste-elektrisoidukid\/elektriautod\/laste-elektriauto-vintage-mercedes-300s-2\/#primaryimage\"},\"thumbnailUrl\":\"https:\/\/projekt.vombat.ee\/eco\/wp-content\/uploads\/2024\/06\/1-20.png\",\"datePublished\":\"2024-08-03T18:15:19+00:00\",\"dateModified\":\"2024-08-03T18:16:43+00:00\",\"description\":\"Parfaite pour les jeunes conducteurs qui appr\u00e9cient les belles choses de la vie, cette voiture de tourisme \u00e9lectrique allie charme vintage et technologie\",\"breadcrumb\":{\"@id\":\"https:\/\/projekt.vombat.ee\/eco\/fr\/pood\/laste-elektrisoidukid\/elektriautod\/laste-elektriauto-vintage-mercedes-300s-2\/#breadcrumb\"},\"inLanguage\":\"en-GB\",\"potentialAction\":[{\"@type\":\"ReadAction\",\"target\":[\"https:\/\/projekt.vombat.ee\/eco\/fr\/pood\/laste-elektrisoidukid\/elektriautod\/laste-elektriauto-vintage-mercedes-300s-2\/\"]}]},{\"@type\":\"ImageObject\",\"inLanguage\":\"en-GB\",\"@id\":\"https:\/\/projekt.vombat.ee\/eco\/fr\/pood\/laste-elektrisoidukid\/elektriautod\/laste-elektriauto-vintage-mercedes-300s-2\/#primaryimage\",\"url\":\"https:\/\/projekt.vombat.ee\/eco\/wp-content\/uploads\/2024\/06\/1-20.png\",\"contentUrl\":\"https:\/\/projekt.vombat.ee\/eco\/wp-content\/uploads\/2024\/06\/1-20.png\",\"width\":1000,\"height\":1000,\"caption\":\"Litsentsiga elektriline Ride-On vintage Mercedes 300S, 90W, 12V, esmaklassiline varustus, must\"},{\"@type\":\"BreadcrumbList\",\"@id\":\"https:\/\/projekt.vombat.ee\/eco\/fr\/pood\/laste-elektrisoidukid\/elektriautod\/laste-elektriauto-vintage-mercedes-300s-2\/#breadcrumb\",\"itemListElement\":[{\"@type\":\"ListItem\",\"position\":1,\"name\":\"Home\",\"item\":\"https:\/\/projekt.vombat.ee\/eco\/\"},{\"@type\":\"ListItem\",\"position\":2,\"name\":\"Pood\",\"item\":\"https:\/\/projekt.vombat.ee\/eco\/pood\/\"},{\"@type\":\"ListItem\",\"position\":3,\"name\":\"Voiture \u00e9lectrique pour enfants Vintage Mercedes 300S\"}]},{\"@type\":\"WebSite\",\"@id\":\"https:\/\/projekt.vombat.ee\/eco\/#website\",\"url\":\"https:\/\/projekt.vombat.ee\/eco\/\",\"name\":\"Ecocruiser\",\"description\":\"\",\"publisher\":{\"@id\":\"https:\/\/projekt.vombat.ee\/eco\/#organization\"},\"potentialAction\":[{\"@type\":\"SearchAction\",\"target\":{\"@type\":\"EntryPoint\",\"urlTemplate\":\"https:\/\/projekt.vombat.ee\/eco\/?s={search_term_string}\"},\"query-input\":{\"@type\":\"PropertyValueSpecification\",\"valueRequired\":true,\"valueName\":\"search_term_string\"}}],\"inLanguage\":\"en-GB\"},{\"@type\":\"Organization\",\"@id\":\"https:\/\/projekt.vombat.ee\/eco\/#organization\",\"name\":\"Ecocruiser\",\"url\":\"https:\/\/projekt.vombat.ee\/eco\/\",\"logo\":{\"@type\":\"ImageObject\",\"inLanguage\":\"en-GB\",\"@id\":\"https:\/\/projekt.vombat.ee\/eco\/#\/schema\/logo\/image\/\",\"url\":\"https:\/\/projekt.vombat.ee\/eco\/wp-content\/uploads\/2023\/03\/ECOCRUISER_5.png\",\"contentUrl\":\"https:\/\/projekt.vombat.ee\/eco\/wp-content\/uploads\/2023\/03\/ECOCRUISER_5.png\",\"width\":234,\"height\":91,\"caption\":\"Ecocruiser\"},\"image\":{\"@id\":\"https:\/\/projekt.vombat.ee\/eco\/#\/schema\/logo\/image\/\"}}]}<\/script>\n<!-- \/ Yoast SEO plugin. -->","yoast_head_json":{"title":"Voiture \u00e9lectrique pour enfants Vintage Mercedes 300S - Ecocruiser","description":"Parfaite pour les jeunes conducteurs qui appr\u00e9cient les belles choses de la vie, cette voiture de tourisme \u00e9lectrique allie charme vintage et technologie","robots":{"index":"noindex","follow":"follow","max-snippet":"max-snippet:-1","max-image-preview":"max-image-preview:large","max-video-preview":"max-video-preview:-1"},"og_locale":"en_GB","og_type":"article","og_title":"Voiture \u00e9lectrique pour enfants Vintage Mercedes 300S - Ecocruiser","og_description":"Parfaite pour les jeunes conducteurs qui appr\u00e9cient les belles choses de la vie, cette voiture de tourisme \u00e9lectrique allie charme vintage et technologie","og_url":"https:\/\/projekt.vombat.ee\/eco\/fr\/pood\/laste-elektrisoidukid\/elektriautod\/laste-elektriauto-vintage-mercedes-300s-2\/","og_site_name":"Ecocruiser","article_modified_time":"2024-08-03T18:16:43+00:00","og_image":[{"width":1000,"height":1000,"url":"https:\/\/projekt.vombat.ee\/eco\/wp-content\/uploads\/2024\/06\/1-20.png","type":"image\/png"}],"twitter_card":"summary_large_image","twitter_misc":{"Estimated reading time":"3 minutes"},"schema":{"@context":"https:\/\/schema.org","@graph":[{"@type":"WebPage","@id":"https:\/\/projekt.vombat.ee\/eco\/fr\/pood\/laste-elektrisoidukid\/elektriautod\/laste-elektriauto-vintage-mercedes-300s-2\/","url":"https:\/\/projekt.vombat.ee\/eco\/fr\/pood\/laste-elektrisoidukid\/elektriautod\/laste-elektriauto-vintage-mercedes-300s-2\/","name":"Voiture \u00e9lectrique pour enfants Vintage Mercedes 300S - Ecocruiser","isPartOf":{"@id":"https:\/\/projekt.vombat.ee\/eco\/#website"},"primaryImageOfPage":{"@id":"https:\/\/projekt.vombat.ee\/eco\/fr\/pood\/laste-elektrisoidukid\/elektriautod\/laste-elektriauto-vintage-mercedes-300s-2\/#primaryimage"},"image":{"@id":"https:\/\/projekt.vombat.ee\/eco\/fr\/pood\/laste-elektrisoidukid\/elektriautod\/laste-elektriauto-vintage-mercedes-300s-2\/#primaryimage"},"thumbnailUrl":"https:\/\/projekt.vombat.ee\/eco\/wp-content\/uploads\/2024\/06\/1-20.png","datePublished":"2024-08-03T18:15:19+00:00","dateModified":"2024-08-03T18:16:43+00:00","description":"Parfaite pour les jeunes conducteurs qui appr\u00e9cient les belles choses de la vie, cette voiture de tourisme \u00e9lectrique allie charme vintage et technologie","breadcrumb":{"@id":"https:\/\/projekt.vombat.ee\/eco\/fr\/pood\/laste-elektrisoidukid\/elektriautod\/laste-elektriauto-vintage-mercedes-300s-2\/#breadcrumb"},"inLanguage":"en-GB","potentialAction":[{"@type":"ReadAction","target":["https:\/\/projekt.vombat.ee\/eco\/fr\/pood\/laste-elektrisoidukid\/elektriautod\/laste-elektriauto-vintage-mercedes-300s-2\/"]}]},{"@type":"ImageObject","inLanguage":"en-GB","@id":"https:\/\/projekt.vombat.ee\/eco\/fr\/pood\/laste-elektrisoidukid\/elektriautod\/laste-elektriauto-vintage-mercedes-300s-2\/#primaryimage","url":"https:\/\/projekt.vombat.ee\/eco\/wp-content\/uploads\/2024\/06\/1-20.png","contentUrl":"https:\/\/projekt.vombat.ee\/eco\/wp-content\/uploads\/2024\/06\/1-20.png","width":1000,"height":1000,"caption":"Litsentsiga elektriline Ride-On vintage Mercedes 300S, 90W, 12V, esmaklassiline varustus, must"},{"@type":"BreadcrumbList","@id":"https:\/\/projekt.vombat.ee\/eco\/fr\/pood\/laste-elektrisoidukid\/elektriautod\/laste-elektriauto-vintage-mercedes-300s-2\/#breadcrumb","itemListElement":[{"@type":"ListItem","position":1,"name":"Home","item":"https:\/\/projekt.vombat.ee\/eco\/"},{"@type":"ListItem","position":2,"name":"Pood","item":"https:\/\/projekt.vombat.ee\/eco\/pood\/"},{"@type":"ListItem","position":3,"name":"Voiture \u00e9lectrique pour enfants Vintage Mercedes 300S"}]},{"@type":"WebSite","@id":"https:\/\/projekt.vombat.ee\/eco\/#website","url":"https:\/\/projekt.vombat.ee\/eco\/","name":"Ecocruiser","description":"","publisher":{"@id":"https:\/\/projekt.vombat.ee\/eco\/#organization"},"potentialAction":[{"@type":"SearchAction","target":{"@type":"EntryPoint","urlTemplate":"https:\/\/projekt.vombat.ee\/eco\/?s={search_term_string}"},"query-input":{"@type":"PropertyValueSpecification","valueRequired":true,"valueName":"search_term_string"}}],"inLanguage":"en-GB"},{"@type":"Organization","@id":"https:\/\/projekt.vombat.ee\/eco\/#organization","name":"Ecocruiser","url":"https:\/\/projekt.vombat.ee\/eco\/","logo":{"@type":"ImageObject","inLanguage":"en-GB","@id":"https:\/\/projekt.vombat.ee\/eco\/#\/schema\/logo\/image\/","url":"https:\/\/projekt.vombat.ee\/eco\/wp-content\/uploads\/2023\/03\/ECOCRUISER_5.png","contentUrl":"https:\/\/projekt.vombat.ee\/eco\/wp-content\/uploads\/2023\/03\/ECOCRUISER_5.png","width":234,"height":91,"caption":"Ecocruiser"},"image":{"@id":"https:\/\/projekt.vombat.ee\/eco\/#\/schema\/logo\/image\/"}}]}},"lang":"fr","translations":{"fr":20145,"et":18205},"pll_sync_post":[],"_links":{"self":[{"href":"https:\/\/projekt.vombat.ee\/eco\/wp-json\/wp\/v2\/product\/20145"}],"collection":[{"href":"https:\/\/projekt.vombat.ee\/eco\/wp-json\/wp\/v2\/product"}],"about":[{"href":"https:\/\/projekt.vombat.ee\/eco\/wp-json\/wp\/v2\/types\/product"}],"version-history":[{"count":1,"href":"https:\/\/projekt.vombat.ee\/eco\/wp-json\/wp\/v2\/product\/20145\/revisions"}],"predecessor-version":[{"id":20153,"href":"https:\/\/projekt.vombat.ee\/eco\/wp-json\/wp\/v2\/product\/20145\/revisions\/20153"}],"wp:featuredmedia":[{"embeddable":true,"href":"https:\/\/projekt.vombat.ee\/eco\/wp-json\/wp\/v2\/media\/20146"}],"wp:attachment":[{"href":"https:\/\/projekt.vombat.ee\/eco\/wp-json\/wp\/v2\/media?parent=20145"}],"wp:term":[{"taxonomy":"product_cat","embeddable":true,"href":"https:\/\/projekt.vombat.ee\/eco\/wp-json\/wp\/v2\/product_cat?post=20145"},{"taxonomy":"product_tag","embeddable":true,"href":"https:\/\/projekt.vombat.ee\/eco\/wp-json\/wp\/v2\/product_tag?post=20145"}],"curies":[{"name":"wp","href":"https:\/\/api.w.org\/{rel}","templated":true}]}}