{"id":19459,"date":"2024-07-01T16:19:49","date_gmt":"2024-07-01T16:19:49","guid":{"rendered":"https:\/\/projekt.vombat.ee\/eco\/?post_type=product&#038;p=19459"},"modified":"2024-08-03T16:48:08","modified_gmt":"2024-08-03T16:48:08","slug":"kaabo-mantis-8-plus-2wd-elektriline-toukeratas-60km","status":"publish","type":"product","link":"https:\/\/projekt.vombat.ee\/eco\/pood\/brandid\/kaabo\/kaabo-mantis-8-plus-2wd-elektriline-toukeratas-60km\/","title":{"rendered":"Kaabo Mantis 8 Plus, 2WD elektriline t\u00f5ukeratas, 60km"},"content":{"rendered":"<h2>Kaabo Mantis 8 Plus, 2WD elektriline t\u00f5ukeratas<\/h2>\n<div class=\"youtube responsive-embed wp-embed\"><iframe title=\"Kaabo Wolf Warrior, Mantis And Skywalker Introduction | Kaabo Official\" width=\"1778\" height=\"1000\" src=\"https:\/\/www.youtube.com\/embed\/I9rXO5kfFXU?feature=oembed&#038;enablejsapi=1&#038;rel=0&#038;showinfo=0&#038;color=white\" frameborder=\"0\" allow=\"accelerometer; autoplay; clipboard-write; encrypted-media; gyroscope; picture-in-picture; web-share\" referrerpolicy=\"strict-origin-when-cross-origin\" allowfullscreen><\/iframe><\/div>\n<p>Kaabo Mantis 8 Plus on kahe mootoriga elektriline t\u00f5ukeratas. Mantis Plus ja Pro+ on Kaabo mudelivaliku v\u00f5imsaimad keskmise suurusega t\u00f5ukerattad. Need t\u00f5ukerattad on lihtsasti kokkuvolditavad ja kaasaskantavad. Laiad 8-tollised sisekummita \u00f5hkrehvid v\u00f5imaldavad s\u00f5ita ka ebatasasel pinnal, pakkudes ergonoomilist s\u00f5idumugavust. Topeltvedrustus tagab pehme ja mugava s\u00f5idukogemuse ning pehmed vahtkummist juhtraua k\u00e4epidemed v\u00e4hendavad vibratsiooni peopesadesse kandumist. Tegu on esi- ja tagaveolise elektrit\u00f5ukerattaga, mis pakub paremat kiirendust ja nauditavat s\u00f5iduelamust. Esiratta vedu saab juhtraual asuvast nupust v\u00e4lja l\u00fclitada. Samuti on juhtraual Boost ja Eco nupud, mis v\u00f5imaldavad valida soovitud s\u00f5idustiili.<\/p>\n<p>Kaabo Mantis 8 mudelil on EABS elektriline piduris\u00fcsteem. Pidurdussignaali saabudes pidurdab t\u00f5ukeratas kohe ning mida suurem on kiirus, seda tugevam on pidurdusefekt. EABS elektrooniline piduris\u00fcsteem ei tarbi akut, vastupidi, pidurdamisel ja allam\u00e4ge s\u00f5ites toimub aku l\u00fchiajaline laadimine. N\u00e4idikupaneelil on v\u00f5imalik valida kolme erineva pidurdusj\u00f5u taseme vahel.<\/p>\n<p>Mantis 8 sobib l\u00fchemat kasvu kasutajale, sest selle juhtraua p\u00fcstipoom on 11 cm l\u00fchem v\u00f5rreldes Mantis 10 mudeliga, asetades juhtraua madalamale. See elektrit\u00f5ukeratas on m\u00f5eldud n\u00f5udlikule s\u00f5itjale, kes soovib linnas j\u00f5ulist kiirendust ja samas sujuvat s\u00f5idukogemust. V\u00f5imas 800W mootor aitab saavutada lubatud kiiruse 25 km\/h. 48V aku pikendab s\u00f5idudistantsi. Kaabo sobib s\u00f5itjale, kes eelistab kiirendamist parema k\u00e4e nimetiss\u00f5rme all oleva heebliga.<\/p>\n<p><strong>Peamised omadused:<\/strong><\/p>\n<ul>\n<li>Kahe ratta (esi- ja tagaratas) veoline t\u00f5ukeratas<\/li>\n<li>M\u00f5lema ratta sees asetsev harjadeta 800W 2WD mootor<\/li>\n<li>IPX5 veekindlus<\/li>\n<li>Maksimaalne kandev\u00f5ime kuni 120 kg<\/li>\n<li>Seisuplatvormi laius 21 cm, mugav s\u00f5ita jalad k\u00f5rvuti<\/li>\n<li>P\u00f5hja k\u00f5rgus maapinnast 14 cm<\/li>\n<li>Amortisaatorid tagavad stabiilse ja turvalise s\u00f5idu<\/li>\n<li>ZOOM ketaspidurite s\u00fcsteem<\/li>\n<li>Gaasihoova reguleerimine nimetiss\u00f5rmega<\/li>\n<li>LCD ekraanil kuvatakse kiirus, aku olek ja l\u00e4bis\u00f5it<\/li>\n<li>Elektrit\u00f5ukerattad on v\u00e4ga mugavad ja keskkonnas\u00e4\u00e4stlikud liikumisvahendid<\/li>\n<li>T\u00f5ukeratas on lihtsasti ja kiirelt kokkuvolditav<\/li>\n<li>Iga meilt soetatud Kaabo elektrit\u00f5ukeratas on varustatud Velt hologrammkleebisega, mis tagab tulevikus soodustused j\u00e4relteeninduses, hoolduses ja varuosadele<\/li>\n<li>Elektrilise t\u00f5ukerattaga s\u00f5ites soovitame kanda vajalikke kaitsmeid ja alati kiivrit!<\/li>\n<\/ul>\n","protected":false},"excerpt":{"rendered":"<p><strong>KAABO MANTIS 10 PLUS<\/strong><\/p>\n<ul>\n<li><strong>Max s\u00f5iduulatus<\/strong>: 60 KM<\/li>\n<li><strong>Kandev\u00f5ime<\/strong>: 120 kg<\/li>\n<li><strong>Mootori v\u00f5imsus<\/strong>: 800W<\/li>\n<li><strong>Laadimisaeg<\/strong>: 9h<\/li>\n<li><strong>Aku<\/strong>: 48V 18.2Ah<\/li>\n<li><strong>Max kiirus<\/strong>: 25km\/h<\/li>\n<\/ul>\n<p><strong>\u2666 Tarneaeg 2-4 p\u00e4eva<\/strong><br \/>\n<strong>\u2666 Laos<\/strong><\/p>\n","protected":false},"featured_media":19456,"template":"","meta":[],"product_cat":[1399,53,909,911,939],"product_tag":[],"class_list":{"0":"post-19459","1":"product","2":"type-product","3":"status-publish","4":"has-post-thumbnail","6":"product_cat-kaabo","7":"product_cat-elektritoukerattad","8":"product_cat-linna-toukerattad","9":"product_cat-voimsad-toukerattad","10":"product_cat-brandid","12":"first","13":"instock","14":"sale","15":"taxable","16":"shipping-taxable","17":"purchasable","18":"product-type-simple"},"yoast_head":"<!-- This site is optimized with the Yoast SEO plugin v23.8 - https:\/\/yoast.com\/wordpress\/plugins\/seo\/ -->\n<title>Kaabo Mantis 8 Plus, 2WD elektriline t\u00f5ukeratas, 60km - Ecocruiser<\/title>\n<meta name=\"description\" content=\"Kaabo Mantis 8 Eco - Kvaliteetsed br\u00e4ndid, lai valik - Ecocruiser.ee - K\u00fcsimuste korral v\u00f5ta \u00fchendust info@projekt.vombat.ee\" \/>\n<meta name=\"robots\" content=\"noindex, follow, max-snippet:-1, max-image-preview:large, max-video-preview:-1\" \/>\n<meta property=\"og:locale\" content=\"en_GB\" \/>\n<meta property=\"og:type\" content=\"article\" \/>\n<meta property=\"og:title\" content=\"Kaabo Mantis 8 Plus, 2WD elektriline t\u00f5ukeratas, 60km - Ecocruiser\" \/>\n<meta property=\"og:description\" content=\"Kaabo Mantis 8 Eco - Kvaliteetsed br\u00e4ndid, lai valik - Ecocruiser.ee - K\u00fcsimuste korral v\u00f5ta \u00fchendust info@projekt.vombat.ee\" \/>\n<meta property=\"og:url\" content=\"https:\/\/projekt.vombat.ee\/eco\/pood\/brandid\/kaabo\/kaabo-mantis-8-plus-2wd-elektriline-toukeratas-60km\/\" \/>\n<meta property=\"og:site_name\" content=\"Ecocruiser\" \/>\n<meta property=\"article:modified_time\" content=\"2024-08-03T16:48:08+00:00\" \/>\n<meta property=\"og:image\" content=\"https:\/\/projekt.vombat.ee\/eco\/wp-content\/uploads\/2024\/07\/img_Mantis-8-klg_82902b7f75b35908f029195272a05eed.png\" \/>\n\t<meta property=\"og:image:width\" content=\"1000\" \/>\n\t<meta property=\"og:image:height\" content=\"666\" \/>\n\t<meta property=\"og:image:type\" content=\"image\/png\" \/>\n<meta name=\"twitter:card\" content=\"summary_large_image\" \/>\n<meta name=\"twitter:label1\" content=\"Estimated reading time\" \/>\n\t<meta name=\"twitter:data1\" content=\"2 minutes\" \/>\n<script type=\"application\/ld+json\" class=\"yoast-schema-graph\">{\"@context\":\"https:\/\/schema.org\",\"@graph\":[{\"@type\":\"WebPage\",\"@id\":\"https:\/\/projekt.vombat.ee\/eco\/pood\/brandid\/kaabo\/kaabo-mantis-8-plus-2wd-elektriline-toukeratas-60km\/\",\"url\":\"https:\/\/projekt.vombat.ee\/eco\/pood\/brandid\/kaabo\/kaabo-mantis-8-plus-2wd-elektriline-toukeratas-60km\/\",\"name\":\"Kaabo Mantis 8 Plus, 2WD elektriline t\u00f5ukeratas, 60km - Ecocruiser\",\"isPartOf\":{\"@id\":\"https:\/\/projekt.vombat.ee\/eco\/#website\"},\"primaryImageOfPage\":{\"@id\":\"https:\/\/projekt.vombat.ee\/eco\/pood\/brandid\/kaabo\/kaabo-mantis-8-plus-2wd-elektriline-toukeratas-60km\/#primaryimage\"},\"image\":{\"@id\":\"https:\/\/projekt.vombat.ee\/eco\/pood\/brandid\/kaabo\/kaabo-mantis-8-plus-2wd-elektriline-toukeratas-60km\/#primaryimage\"},\"thumbnailUrl\":\"https:\/\/projekt.vombat.ee\/eco\/wp-content\/uploads\/2024\/07\/img_Mantis-8-klg_82902b7f75b35908f029195272a05eed.png\",\"datePublished\":\"2024-07-01T16:19:49+00:00\",\"dateModified\":\"2024-08-03T16:48:08+00:00\",\"description\":\"Kaabo Mantis 8 Eco - Kvaliteetsed br\u00e4ndid, lai valik - Ecocruiser.ee - K\u00fcsimuste korral v\u00f5ta \u00fchendust info@projekt.vombat.ee\",\"breadcrumb\":{\"@id\":\"https:\/\/projekt.vombat.ee\/eco\/pood\/brandid\/kaabo\/kaabo-mantis-8-plus-2wd-elektriline-toukeratas-60km\/#breadcrumb\"},\"inLanguage\":\"en-GB\",\"potentialAction\":[{\"@type\":\"ReadAction\",\"target\":[\"https:\/\/projekt.vombat.ee\/eco\/pood\/brandid\/kaabo\/kaabo-mantis-8-plus-2wd-elektriline-toukeratas-60km\/\"]}]},{\"@type\":\"ImageObject\",\"inLanguage\":\"en-GB\",\"@id\":\"https:\/\/projekt.vombat.ee\/eco\/pood\/brandid\/kaabo\/kaabo-mantis-8-plus-2wd-elektriline-toukeratas-60km\/#primaryimage\",\"url\":\"https:\/\/projekt.vombat.ee\/eco\/wp-content\/uploads\/2024\/07\/img_Mantis-8-klg_82902b7f75b35908f029195272a05eed.png\",\"contentUrl\":\"https:\/\/projekt.vombat.ee\/eco\/wp-content\/uploads\/2024\/07\/img_Mantis-8-klg_82902b7f75b35908f029195272a05eed.png\",\"width\":1000,\"height\":666},{\"@type\":\"BreadcrumbList\",\"@id\":\"https:\/\/projekt.vombat.ee\/eco\/pood\/brandid\/kaabo\/kaabo-mantis-8-plus-2wd-elektriline-toukeratas-60km\/#breadcrumb\",\"itemListElement\":[{\"@type\":\"ListItem\",\"position\":1,\"name\":\"Home\",\"item\":\"https:\/\/projekt.vombat.ee\/eco\/\"},{\"@type\":\"ListItem\",\"position\":2,\"name\":\"Pood\",\"item\":\"https:\/\/projekt.vombat.ee\/eco\/pood\/\"},{\"@type\":\"ListItem\",\"position\":3,\"name\":\"Kaabo Mantis 8 Plus, 2WD elektriline t\u00f5ukeratas, 60km\"}]},{\"@type\":\"WebSite\",\"@id\":\"https:\/\/projekt.vombat.ee\/eco\/#website\",\"url\":\"https:\/\/projekt.vombat.ee\/eco\/\",\"name\":\"Ecocruiser\",\"description\":\"\",\"publisher\":{\"@id\":\"https:\/\/projekt.vombat.ee\/eco\/#organization\"},\"potentialAction\":[{\"@type\":\"SearchAction\",\"target\":{\"@type\":\"EntryPoint\",\"urlTemplate\":\"https:\/\/projekt.vombat.ee\/eco\/?s={search_term_string}\"},\"query-input\":{\"@type\":\"PropertyValueSpecification\",\"valueRequired\":true,\"valueName\":\"search_term_string\"}}],\"inLanguage\":\"en-GB\"},{\"@type\":\"Organization\",\"@id\":\"https:\/\/projekt.vombat.ee\/eco\/#organization\",\"name\":\"Ecocruiser\",\"url\":\"https:\/\/projekt.vombat.ee\/eco\/\",\"logo\":{\"@type\":\"ImageObject\",\"inLanguage\":\"en-GB\",\"@id\":\"https:\/\/projekt.vombat.ee\/eco\/#\/schema\/logo\/image\/\",\"url\":\"https:\/\/projekt.vombat.ee\/eco\/wp-content\/uploads\/2023\/03\/ECOCRUISER_5.png\",\"contentUrl\":\"https:\/\/projekt.vombat.ee\/eco\/wp-content\/uploads\/2023\/03\/ECOCRUISER_5.png\",\"width\":234,\"height\":91,\"caption\":\"Ecocruiser\"},\"image\":{\"@id\":\"https:\/\/projekt.vombat.ee\/eco\/#\/schema\/logo\/image\/\"}}]}<\/script>\n<!-- \/ Yoast SEO plugin. -->","yoast_head_json":{"title":"Kaabo Mantis 8 Plus, 2WD elektriline t\u00f5ukeratas, 60km - Ecocruiser","description":"Kaabo Mantis 8 Eco - Kvaliteetsed br\u00e4ndid, lai valik - Ecocruiser.ee - K\u00fcsimuste korral v\u00f5ta \u00fchendust info@projekt.vombat.ee","robots":{"index":"noindex","follow":"follow","max-snippet":"max-snippet:-1","max-image-preview":"max-image-preview:large","max-video-preview":"max-video-preview:-1"},"og_locale":"en_GB","og_type":"article","og_title":"Kaabo Mantis 8 Plus, 2WD elektriline t\u00f5ukeratas, 60km - Ecocruiser","og_description":"Kaabo Mantis 8 Eco - Kvaliteetsed br\u00e4ndid, lai valik - Ecocruiser.ee - K\u00fcsimuste korral v\u00f5ta \u00fchendust info@projekt.vombat.ee","og_url":"https:\/\/projekt.vombat.ee\/eco\/pood\/brandid\/kaabo\/kaabo-mantis-8-plus-2wd-elektriline-toukeratas-60km\/","og_site_name":"Ecocruiser","article_modified_time":"2024-08-03T16:48:08+00:00","og_image":[{"width":1000,"height":666,"url":"https:\/\/projekt.vombat.ee\/eco\/wp-content\/uploads\/2024\/07\/img_Mantis-8-klg_82902b7f75b35908f029195272a05eed.png","type":"image\/png"}],"twitter_card":"summary_large_image","twitter_misc":{"Estimated reading time":"2 minutes"},"schema":{"@context":"https:\/\/schema.org","@graph":[{"@type":"WebPage","@id":"https:\/\/projekt.vombat.ee\/eco\/pood\/brandid\/kaabo\/kaabo-mantis-8-plus-2wd-elektriline-toukeratas-60km\/","url":"https:\/\/projekt.vombat.ee\/eco\/pood\/brandid\/kaabo\/kaabo-mantis-8-plus-2wd-elektriline-toukeratas-60km\/","name":"Kaabo Mantis 8 Plus, 2WD elektriline t\u00f5ukeratas, 60km - Ecocruiser","isPartOf":{"@id":"https:\/\/projekt.vombat.ee\/eco\/#website"},"primaryImageOfPage":{"@id":"https:\/\/projekt.vombat.ee\/eco\/pood\/brandid\/kaabo\/kaabo-mantis-8-plus-2wd-elektriline-toukeratas-60km\/#primaryimage"},"image":{"@id":"https:\/\/projekt.vombat.ee\/eco\/pood\/brandid\/kaabo\/kaabo-mantis-8-plus-2wd-elektriline-toukeratas-60km\/#primaryimage"},"thumbnailUrl":"https:\/\/projekt.vombat.ee\/eco\/wp-content\/uploads\/2024\/07\/img_Mantis-8-klg_82902b7f75b35908f029195272a05eed.png","datePublished":"2024-07-01T16:19:49+00:00","dateModified":"2024-08-03T16:48:08+00:00","description":"Kaabo Mantis 8 Eco - Kvaliteetsed br\u00e4ndid, lai valik - Ecocruiser.ee - K\u00fcsimuste korral v\u00f5ta \u00fchendust info@projekt.vombat.ee","breadcrumb":{"@id":"https:\/\/projekt.vombat.ee\/eco\/pood\/brandid\/kaabo\/kaabo-mantis-8-plus-2wd-elektriline-toukeratas-60km\/#breadcrumb"},"inLanguage":"en-GB","potentialAction":[{"@type":"ReadAction","target":["https:\/\/projekt.vombat.ee\/eco\/pood\/brandid\/kaabo\/kaabo-mantis-8-plus-2wd-elektriline-toukeratas-60km\/"]}]},{"@type":"ImageObject","inLanguage":"en-GB","@id":"https:\/\/projekt.vombat.ee\/eco\/pood\/brandid\/kaabo\/kaabo-mantis-8-plus-2wd-elektriline-toukeratas-60km\/#primaryimage","url":"https:\/\/projekt.vombat.ee\/eco\/wp-content\/uploads\/2024\/07\/img_Mantis-8-klg_82902b7f75b35908f029195272a05eed.png","contentUrl":"https:\/\/projekt.vombat.ee\/eco\/wp-content\/uploads\/2024\/07\/img_Mantis-8-klg_82902b7f75b35908f029195272a05eed.png","width":1000,"height":666},{"@type":"BreadcrumbList","@id":"https:\/\/projekt.vombat.ee\/eco\/pood\/brandid\/kaabo\/kaabo-mantis-8-plus-2wd-elektriline-toukeratas-60km\/#breadcrumb","itemListElement":[{"@type":"ListItem","position":1,"name":"Home","item":"https:\/\/projekt.vombat.ee\/eco\/"},{"@type":"ListItem","position":2,"name":"Pood","item":"https:\/\/projekt.vombat.ee\/eco\/pood\/"},{"@type":"ListItem","position":3,"name":"Kaabo Mantis 8 Plus, 2WD elektriline t\u00f5ukeratas, 60km"}]},{"@type":"WebSite","@id":"https:\/\/projekt.vombat.ee\/eco\/#website","url":"https:\/\/projekt.vombat.ee\/eco\/","name":"Ecocruiser","description":"","publisher":{"@id":"https:\/\/projekt.vombat.ee\/eco\/#organization"},"potentialAction":[{"@type":"SearchAction","target":{"@type":"EntryPoint","urlTemplate":"https:\/\/projekt.vombat.ee\/eco\/?s={search_term_string}"},"query-input":{"@type":"PropertyValueSpecification","valueRequired":true,"valueName":"search_term_string"}}],"inLanguage":"en-GB"},{"@type":"Organization","@id":"https:\/\/projekt.vombat.ee\/eco\/#organization","name":"Ecocruiser","url":"https:\/\/projekt.vombat.ee\/eco\/","logo":{"@type":"ImageObject","inLanguage":"en-GB","@id":"https:\/\/projekt.vombat.ee\/eco\/#\/schema\/logo\/image\/","url":"https:\/\/projekt.vombat.ee\/eco\/wp-content\/uploads\/2023\/03\/ECOCRUISER_5.png","contentUrl":"https:\/\/projekt.vombat.ee\/eco\/wp-content\/uploads\/2023\/03\/ECOCRUISER_5.png","width":234,"height":91,"caption":"Ecocruiser"},"image":{"@id":"https:\/\/projekt.vombat.ee\/eco\/#\/schema\/logo\/image\/"}}]}},"lang":"et","translations":{"et":19459,"fr":20849},"pll_sync_post":[],"_links":{"self":[{"href":"https:\/\/projekt.vombat.ee\/eco\/wp-json\/wp\/v2\/product\/19459"}],"collection":[{"href":"https:\/\/projekt.vombat.ee\/eco\/wp-json\/wp\/v2\/product"}],"about":[{"href":"https:\/\/projekt.vombat.ee\/eco\/wp-json\/wp\/v2\/types\/product"}],"version-history":[{"count":1,"href":"https:\/\/projekt.vombat.ee\/eco\/wp-json\/wp\/v2\/product\/19459\/revisions"}],"predecessor-version":[{"id":19461,"href":"https:\/\/projekt.vombat.ee\/eco\/wp-json\/wp\/v2\/product\/19459\/revisions\/19461"}],"wp:featuredmedia":[{"embeddable":true,"href":"https:\/\/projekt.vombat.ee\/eco\/wp-json\/wp\/v2\/media\/19456"}],"wp:attachment":[{"href":"https:\/\/projekt.vombat.ee\/eco\/wp-json\/wp\/v2\/media?parent=19459"}],"wp:term":[{"taxonomy":"product_cat","embeddable":true,"href":"https:\/\/projekt.vombat.ee\/eco\/wp-json\/wp\/v2\/product_cat?post=19459"},{"taxonomy":"product_tag","embeddable":true,"href":"https:\/\/projekt.vombat.ee\/eco\/wp-json\/wp\/v2\/product_tag?post=19459"}],"curies":[{"name":"wp","href":"https:\/\/api.w.org\/{rel}","templated":true}]}}