{"id":19440,"date":"2024-07-01T15:53:49","date_gmt":"2024-07-01T15:53:49","guid":{"rendered":"https:\/\/projekt.vombat.ee\/eco\/?post_type=product&#038;p=19440"},"modified":"2024-08-03T17:04:01","modified_gmt":"2024-08-03T17:04:01","slug":"kaabo-mantis-king-gt-2wd-elektriline-toukeratas-90km","status":"publish","type":"product","link":"https:\/\/projekt.vombat.ee\/eco\/pood\/brandid\/kaabo\/kaabo-mantis-king-gt-2wd-elektriline-toukeratas-90km\/","title":{"rendered":"Kaabo Mantis King GT, 2WD Elektriline t\u00f5ukeratas, 90km"},"content":{"rendered":"<h2>Kaabo Mantis King GT, 2WD Elektriline t\u00f5ukeratas<\/h2>\n<p><img fetchpriority=\"high\" decoding=\"async\" class=\"\" src=\"https:\/\/www.veltekspert.ee\/img_Mantis-King-GT_d6c28ceab9a69b3b10bf3cff6894c912.jpg?jpg=1\" alt=\"Elektrit\u00f5ukeratas Kaabo Mantis King GT 500W 2WD\" width=\"665\" height=\"665\" \/><\/p>\n<p><strong>Kaabo Mantis King GT<\/strong> elektriline t\u00f5ukeratas on Mantis seeria v\u00f5imsaim mudel. See t\u00f5ukeratas pakub suurep\u00e4rast j\u00f5udlust ja kaasaegseid tehnoloogilisi uuendusi, vallutades erinevaid tulemustabeleid ning olles oma hinnaklassis v\u00f5itmatu. Mantis King GT elektrit\u00f5ukeratas on unikaalne ja selle arendamisel on p\u00f6\u00f6ratud suurt t\u00e4helepanu igale detailile. Sportliku disaini ja v\u00e4rvikate seisulaua tuledega Mantis King GT on t\u00e4navapildis t\u00f5eline pilgup\u00fc\u00fcdja. Lisaks visuaalsele k\u00fcljele on t\u00f5ukeratas varustatud ka esisuurendajate ja tagumiste suunatuledega, mida saab vastavalt vajadusele sisse ja v\u00e4lja l\u00fclitada.<\/p>\n<p>Mantis King GT elektrit\u00f5ukerattad on varustatud tipptehnoloogilise TFT ekraaniga, millelt on kogu vajalik info selgesti loetav ja ekraani nurk on reguleeritav. Uus, ATV-dele sarnane p\u00f6idlagaas on ideaalne lahendus pikkadeks s\u00f5itudeks ning koos siinuskontrolleritega tagab see sujuva ja \u00fchtlase kiirenduse.<\/p>\n<p>Lisaks suurele Samsungi akule on elektrit\u00f5ukeratas varustatud ka v\u00f5imeka esi- ja tagamootoriga. Eesmist mootorit saab mugavalt sisse ja v\u00e4lja l\u00fclitada lenksul asuva nupukonsooliga. Topeltvedu tagab, et Mantis King GT saab hakkama ka raskemate tingimustega. Kaabo Mantis King GT sobib n\u00f5udlikule s\u00f5itjale, kes hindab j\u00f5ulist kohalt minekut. T\u00e4nu h\u00fcdraulilistele amortidele ja suurtele laiadele rehvidele on t\u00f5ukeratas v\u00e4ga hea juhitavusega.<\/p>\n<p>Kaabo Mantis King GT on \u00fchendatav mobiilirakendusega, mille kaudu saab valida mitmete erinevate seisulaua v\u00e4rvide ja valgusre\u017eiimide vahel. Lisaks on t\u00f5ukeratas varustatud siinuskontrolleritega, mis tekitavad sujuva ja energias\u00e4\u00e4stliku siinussignaali, aidates s\u00e4ilitada rohkem energiat. Elektrit\u00f5ukerattad, millel on siinuskontrollerid, on efektiivsemad.<\/p>\n<p><img decoding=\"async\" class=\"\" src=\"https:\/\/cdncloudcart.com\/12860\/products\/images\/1051\/mantis-king-gt-636d033d10e2f_1280x1280.png?1668088711\" width=\"676\" height=\"676\" \/><\/p>\n<p>Mantis King GT elektrit\u00f5ukerattad on varustatud veekindla 4.5-tollise TFT ekraaniga, mis on paigaldatud juhtraua keskele. Uued kontrollerid v\u00f5imaldavad kasutada 5 programmeeritavat k\u00e4igu\/kiiruse re\u017eiimi, mis on k\u00f5ik kasutaja poolt seadistatavad. Lisaks on olemas ka ECO s\u00f5idure\u017eiim, mis tagab maksimaalse s\u00f5idudistantsi. Mantis King GT elektrit\u00f5ukeratas on elektrooniliselt lukustatav ekraani kaudu, kasutades 4-kohalist koodi.<\/p>\n<p>Kaabo Mantis King GT on kompaktne ja oma kaaluklassis t\u00f5eline t\u0161empion. T\u00f5ukeratas on toeka ehitusega ja selle 2x500W mootorid suudavad vedada kuni 120 kg raskust. T\u00e4nu v\u00f5imsatele mootoritele ja siinuskontrolleritele on kiirendus sujuv ja ergas. Tootja andmetel suudab t\u00f5ukeratas l\u00e4bida kuni 30% t\u00f5use.<\/p>\n<p>Mantis King GT on varustatud 10&#215;3&#8243; h\u00fcbriidrehvidega, mis tagavad mugava s\u00f5idu ka konarlikel linnateedel ja kergemal maastikul. Lisaks s\u00f5idumugavusele on laiade rehvidega t\u00f5ukeratas turvalisem. T\u00f5ukeratas on varustatud eesmise ja tagumise h\u00fcdraulilise ZOOM ketaspiduris\u00fcsteemiga, mis tagab t\u00e4pse pidurdamise ja l\u00fchima pidurdusteekonna.<\/p>\n<p>Turvalisuse ja mugavuse tagamiseks on t\u00f5ukeratas varustatud eesmiste ja tagumiste h\u00fcdrauliliste amortidega, mida on lihtne reguleerida s\u00f5itja vajaduste j\u00e4rgi. H\u00fcdraulilised amordid pakuvad stabiilsemat ja \u00fchtlasemat s\u00f5itu v\u00f5rreldes vedruamortidega.<\/p>\n<p>Kaabo Mantis King GT-l on kaks laadimispesa, mis on paigutatud seisulaua ja lenksu \u00fchendavale raamiosale. Laadimispesad on kaetud automaatselt sulguvate kaitsekaantega, et tagada ohutus ja pikaajaline kasutus. T\u00f5ukeratas on laetav \u00fche v\u00f5i kahe laadijaga ning kahe kiirlaadijaga saab see t\u00e4is vaid 2.4 tunniga.<\/p>\n<p>M\u00f5eldes igale detailile, on Mantis King GT varustatud toitev\u00f5imalusega USB pessa, mis asub juhtraual nupukonsooli k\u00fcljel. USB-pordi kaudu saab laadida n\u00e4iteks telefoni, kasutades GPS-i. T\u00f5ukeratta ja selle lisade, n\u00e4iteks esitule ja s\u00f5idure\u017eiimide juhtimine on lihtne ja mugav l\u00e4bi nupukonsooli.<\/p>\n<p>Mantis King GT elektrit\u00f5ukerattad on kergesti kokkuklapitavad ja kompaktsed. Pikendatud seisulaua osa saab kasutada t\u00f5stesangana, muutes t\u00f5ukeratta kergesti transporditavaks. V\u00f5rreldes teiste samav\u00e4\u00e4rse j\u00f5udlusega t\u00f5ukeratastega on King GT lihtsamini transporditav.<\/p>\n<p>Mantis King GT elektrit\u00f5ukeratas on IPX5 kaitseastmega, mis t\u00e4hendab, et see on kaitstud kerge veesurve eest igast suunast. Elektrit\u00f5ukeratas ja selle veekindel TFT ekraan sobivad kasutamiseks ka vihmase ilmaga. Siiski soovitame t\u00f5ukeratast v\u00e4lja l\u00fclitada ja v\u00e4ltida s\u00f5itmist paduvihmas.<\/p>\n<div class=\"youtube responsive-embed wp-embed\"><iframe title=\"MANTIS KING GT\" width=\"1778\" height=\"1000\" src=\"https:\/\/www.youtube.com\/embed\/Kf3MaQaXmUU?start=14&#038;feature=oembed\" frameborder=\"0\" allow=\"accelerometer; autoplay; clipboard-write; encrypted-media; gyroscope; picture-in-picture; web-share\" referrerpolicy=\"strict-origin-when-cross-origin\" allowfullscreen><\/iframe><\/div>\n<p><strong>Kaabo Mantis King GT<\/strong> on kiire liikumisvahend, mis suudab arendada suuremaid kiiruseid kui inimene suudab joostes v\u00f5i jalgrattaga s\u00f5ites saavutada. Seet\u00f5ttu on kukkumine v\u00f5i avarii kaasliiklejatega v\u00e4ga ohtlik. Soovitame alati kanda kiivrit. Alla 16-aastastel s\u00f5itjatel on kiivri kandmine seaduse j\u00e4rgi kohustuslik.<\/p>\n","protected":false},"excerpt":{"rendered":"<h6><strong>KAABO MANTIS GT ELEKTRILINE T\u00d5UKERATA<\/strong><strong>S<\/strong><\/h6>\n<ul>\n<li><strong>Max s\u00f5iduulatus<\/strong>: 90 KM<\/li>\n<li><strong>Kandev\u00f5ime<\/strong>: 120 kg<\/li>\n<li><strong>Mootori v\u00f5imsus<\/strong>: 2x500W<\/li>\n<li><strong>Laadimisaeg<\/strong>: 6h<\/li>\n<li><strong>Aku<\/strong>: 60V 24,5Ah<\/li>\n<li><strong>Max kiirus<\/strong>: 25km\/h<\/li>\n<\/ul>\n<p>&nbsp;<\/p>\n<p><strong>\u2666 Tarneaeg 3-8 p\u00e4eva<\/strong><br \/>\n<strong>\u2666 Laos<\/strong><\/p>\n","protected":false},"featured_media":19441,"template":"","meta":[],"product_cat":[1399,53,911,939],"product_tag":[],"class_list":{"0":"post-19440","1":"product","2":"type-product","3":"status-publish","4":"has-post-thumbnail","6":"product_cat-kaabo","7":"product_cat-elektritoukerattad","8":"product_cat-voimsad-toukerattad","9":"product_cat-brandid","11":"first","12":"instock","13":"sale","14":"taxable","15":"shipping-taxable","16":"purchasable","17":"product-type-simple"},"yoast_head":"<!-- This site is optimized with the Yoast SEO plugin v23.8 - https:\/\/yoast.com\/wordpress\/plugins\/seo\/ -->\n<title>Kaabo Mantis King GT, 2WD Elektriline t\u00f5ukeratas, 90km - Ecocruiser<\/title>\n<meta name=\"description\" content=\"Kaabo Mantis King GT, 2WD Elektriline t\u00f5ukeratas, 90km - Kvaliteetsed br\u00e4ndid, lai valik - Ecocruiser.ee - K\u00fcsimuste korral v\u00f5ta \u00fchendust info@projekt.vombat.ee\" \/>\n<meta name=\"robots\" content=\"noindex, follow, max-snippet:-1, max-image-preview:large, max-video-preview:-1\" \/>\n<meta property=\"og:locale\" content=\"en_GB\" \/>\n<meta property=\"og:type\" content=\"article\" \/>\n<meta property=\"og:title\" content=\"Kaabo Mantis King GT, 2WD Elektriline t\u00f5ukeratas, 90km - Ecocruiser\" \/>\n<meta property=\"og:description\" content=\"Kaabo Mantis King GT, 2WD Elektriline t\u00f5ukeratas, 90km - Kvaliteetsed br\u00e4ndid, lai valik - Ecocruiser.ee - K\u00fcsimuste korral v\u00f5ta \u00fchendust info@projekt.vombat.ee\" \/>\n<meta property=\"og:url\" content=\"https:\/\/projekt.vombat.ee\/eco\/pood\/brandid\/kaabo\/kaabo-mantis-king-gt-2wd-elektriline-toukeratas-90km\/\" \/>\n<meta property=\"og:site_name\" content=\"Ecocruiser\" \/>\n<meta property=\"article:modified_time\" content=\"2024-08-03T17:04:01+00:00\" \/>\n<meta property=\"og:image\" content=\"https:\/\/projekt.vombat.ee\/eco\/wp-content\/uploads\/2024\/07\/img_Mantis-King-GT_d6c28ceab9a69b3b10bf3cff6894c912.jpg\" \/>\n\t<meta property=\"og:image:width\" content=\"1000\" \/>\n\t<meta property=\"og:image:height\" content=\"1000\" \/>\n\t<meta property=\"og:image:type\" content=\"image\/jpeg\" \/>\n<meta name=\"twitter:card\" content=\"summary_large_image\" \/>\n<meta name=\"twitter:label1\" content=\"Estimated reading time\" \/>\n\t<meta name=\"twitter:data1\" content=\"4 minutes\" \/>\n<script type=\"application\/ld+json\" class=\"yoast-schema-graph\">{\"@context\":\"https:\/\/schema.org\",\"@graph\":[{\"@type\":\"WebPage\",\"@id\":\"https:\/\/projekt.vombat.ee\/eco\/pood\/brandid\/kaabo\/kaabo-mantis-king-gt-2wd-elektriline-toukeratas-90km\/\",\"url\":\"https:\/\/projekt.vombat.ee\/eco\/pood\/brandid\/kaabo\/kaabo-mantis-king-gt-2wd-elektriline-toukeratas-90km\/\",\"name\":\"Kaabo Mantis King GT, 2WD Elektriline t\u00f5ukeratas, 90km - Ecocruiser\",\"isPartOf\":{\"@id\":\"https:\/\/projekt.vombat.ee\/eco\/#website\"},\"primaryImageOfPage\":{\"@id\":\"https:\/\/projekt.vombat.ee\/eco\/pood\/brandid\/kaabo\/kaabo-mantis-king-gt-2wd-elektriline-toukeratas-90km\/#primaryimage\"},\"image\":{\"@id\":\"https:\/\/projekt.vombat.ee\/eco\/pood\/brandid\/kaabo\/kaabo-mantis-king-gt-2wd-elektriline-toukeratas-90km\/#primaryimage\"},\"thumbnailUrl\":\"https:\/\/projekt.vombat.ee\/eco\/wp-content\/uploads\/2024\/07\/img_Mantis-King-GT_d6c28ceab9a69b3b10bf3cff6894c912.jpg\",\"datePublished\":\"2024-07-01T15:53:49+00:00\",\"dateModified\":\"2024-08-03T17:04:01+00:00\",\"description\":\"Kaabo Mantis King GT, 2WD Elektriline t\u00f5ukeratas, 90km - Kvaliteetsed br\u00e4ndid, lai valik - Ecocruiser.ee - K\u00fcsimuste korral v\u00f5ta \u00fchendust info@projekt.vombat.ee\",\"breadcrumb\":{\"@id\":\"https:\/\/projekt.vombat.ee\/eco\/pood\/brandid\/kaabo\/kaabo-mantis-king-gt-2wd-elektriline-toukeratas-90km\/#breadcrumb\"},\"inLanguage\":\"en-GB\",\"potentialAction\":[{\"@type\":\"ReadAction\",\"target\":[\"https:\/\/projekt.vombat.ee\/eco\/pood\/brandid\/kaabo\/kaabo-mantis-king-gt-2wd-elektriline-toukeratas-90km\/\"]}]},{\"@type\":\"ImageObject\",\"inLanguage\":\"en-GB\",\"@id\":\"https:\/\/projekt.vombat.ee\/eco\/pood\/brandid\/kaabo\/kaabo-mantis-king-gt-2wd-elektriline-toukeratas-90km\/#primaryimage\",\"url\":\"https:\/\/projekt.vombat.ee\/eco\/wp-content\/uploads\/2024\/07\/img_Mantis-King-GT_d6c28ceab9a69b3b10bf3cff6894c912.jpg\",\"contentUrl\":\"https:\/\/projekt.vombat.ee\/eco\/wp-content\/uploads\/2024\/07\/img_Mantis-King-GT_d6c28ceab9a69b3b10bf3cff6894c912.jpg\",\"width\":1000,\"height\":1000},{\"@type\":\"BreadcrumbList\",\"@id\":\"https:\/\/projekt.vombat.ee\/eco\/pood\/brandid\/kaabo\/kaabo-mantis-king-gt-2wd-elektriline-toukeratas-90km\/#breadcrumb\",\"itemListElement\":[{\"@type\":\"ListItem\",\"position\":1,\"name\":\"Home\",\"item\":\"https:\/\/projekt.vombat.ee\/eco\/\"},{\"@type\":\"ListItem\",\"position\":2,\"name\":\"Pood\",\"item\":\"https:\/\/projekt.vombat.ee\/eco\/pood\/\"},{\"@type\":\"ListItem\",\"position\":3,\"name\":\"Kaabo Mantis King GT, 2WD Elektriline t\u00f5ukeratas, 90km\"}]},{\"@type\":\"WebSite\",\"@id\":\"https:\/\/projekt.vombat.ee\/eco\/#website\",\"url\":\"https:\/\/projekt.vombat.ee\/eco\/\",\"name\":\"Ecocruiser\",\"description\":\"\",\"publisher\":{\"@id\":\"https:\/\/projekt.vombat.ee\/eco\/#organization\"},\"potentialAction\":[{\"@type\":\"SearchAction\",\"target\":{\"@type\":\"EntryPoint\",\"urlTemplate\":\"https:\/\/projekt.vombat.ee\/eco\/?s={search_term_string}\"},\"query-input\":{\"@type\":\"PropertyValueSpecification\",\"valueRequired\":true,\"valueName\":\"search_term_string\"}}],\"inLanguage\":\"en-GB\"},{\"@type\":\"Organization\",\"@id\":\"https:\/\/projekt.vombat.ee\/eco\/#organization\",\"name\":\"Ecocruiser\",\"url\":\"https:\/\/projekt.vombat.ee\/eco\/\",\"logo\":{\"@type\":\"ImageObject\",\"inLanguage\":\"en-GB\",\"@id\":\"https:\/\/projekt.vombat.ee\/eco\/#\/schema\/logo\/image\/\",\"url\":\"https:\/\/projekt.vombat.ee\/eco\/wp-content\/uploads\/2023\/03\/ECOCRUISER_5.png\",\"contentUrl\":\"https:\/\/projekt.vombat.ee\/eco\/wp-content\/uploads\/2023\/03\/ECOCRUISER_5.png\",\"width\":234,\"height\":91,\"caption\":\"Ecocruiser\"},\"image\":{\"@id\":\"https:\/\/projekt.vombat.ee\/eco\/#\/schema\/logo\/image\/\"}}]}<\/script>\n<!-- \/ Yoast SEO plugin. -->","yoast_head_json":{"title":"Kaabo Mantis King GT, 2WD Elektriline t\u00f5ukeratas, 90km - Ecocruiser","description":"Kaabo Mantis King GT, 2WD Elektriline t\u00f5ukeratas, 90km - Kvaliteetsed br\u00e4ndid, lai valik - Ecocruiser.ee - K\u00fcsimuste korral v\u00f5ta \u00fchendust info@projekt.vombat.ee","robots":{"index":"noindex","follow":"follow","max-snippet":"max-snippet:-1","max-image-preview":"max-image-preview:large","max-video-preview":"max-video-preview:-1"},"og_locale":"en_GB","og_type":"article","og_title":"Kaabo Mantis King GT, 2WD Elektriline t\u00f5ukeratas, 90km - Ecocruiser","og_description":"Kaabo Mantis King GT, 2WD Elektriline t\u00f5ukeratas, 90km - Kvaliteetsed br\u00e4ndid, lai valik - Ecocruiser.ee - K\u00fcsimuste korral v\u00f5ta \u00fchendust info@projekt.vombat.ee","og_url":"https:\/\/projekt.vombat.ee\/eco\/pood\/brandid\/kaabo\/kaabo-mantis-king-gt-2wd-elektriline-toukeratas-90km\/","og_site_name":"Ecocruiser","article_modified_time":"2024-08-03T17:04:01+00:00","og_image":[{"width":1000,"height":1000,"url":"https:\/\/projekt.vombat.ee\/eco\/wp-content\/uploads\/2024\/07\/img_Mantis-King-GT_d6c28ceab9a69b3b10bf3cff6894c912.jpg","type":"image\/jpeg"}],"twitter_card":"summary_large_image","twitter_misc":{"Estimated reading time":"4 minutes"},"schema":{"@context":"https:\/\/schema.org","@graph":[{"@type":"WebPage","@id":"https:\/\/projekt.vombat.ee\/eco\/pood\/brandid\/kaabo\/kaabo-mantis-king-gt-2wd-elektriline-toukeratas-90km\/","url":"https:\/\/projekt.vombat.ee\/eco\/pood\/brandid\/kaabo\/kaabo-mantis-king-gt-2wd-elektriline-toukeratas-90km\/","name":"Kaabo Mantis King GT, 2WD Elektriline t\u00f5ukeratas, 90km - Ecocruiser","isPartOf":{"@id":"https:\/\/projekt.vombat.ee\/eco\/#website"},"primaryImageOfPage":{"@id":"https:\/\/projekt.vombat.ee\/eco\/pood\/brandid\/kaabo\/kaabo-mantis-king-gt-2wd-elektriline-toukeratas-90km\/#primaryimage"},"image":{"@id":"https:\/\/projekt.vombat.ee\/eco\/pood\/brandid\/kaabo\/kaabo-mantis-king-gt-2wd-elektriline-toukeratas-90km\/#primaryimage"},"thumbnailUrl":"https:\/\/projekt.vombat.ee\/eco\/wp-content\/uploads\/2024\/07\/img_Mantis-King-GT_d6c28ceab9a69b3b10bf3cff6894c912.jpg","datePublished":"2024-07-01T15:53:49+00:00","dateModified":"2024-08-03T17:04:01+00:00","description":"Kaabo Mantis King GT, 2WD Elektriline t\u00f5ukeratas, 90km - Kvaliteetsed br\u00e4ndid, lai valik - Ecocruiser.ee - K\u00fcsimuste korral v\u00f5ta \u00fchendust info@projekt.vombat.ee","breadcrumb":{"@id":"https:\/\/projekt.vombat.ee\/eco\/pood\/brandid\/kaabo\/kaabo-mantis-king-gt-2wd-elektriline-toukeratas-90km\/#breadcrumb"},"inLanguage":"en-GB","potentialAction":[{"@type":"ReadAction","target":["https:\/\/projekt.vombat.ee\/eco\/pood\/brandid\/kaabo\/kaabo-mantis-king-gt-2wd-elektriline-toukeratas-90km\/"]}]},{"@type":"ImageObject","inLanguage":"en-GB","@id":"https:\/\/projekt.vombat.ee\/eco\/pood\/brandid\/kaabo\/kaabo-mantis-king-gt-2wd-elektriline-toukeratas-90km\/#primaryimage","url":"https:\/\/projekt.vombat.ee\/eco\/wp-content\/uploads\/2024\/07\/img_Mantis-King-GT_d6c28ceab9a69b3b10bf3cff6894c912.jpg","contentUrl":"https:\/\/projekt.vombat.ee\/eco\/wp-content\/uploads\/2024\/07\/img_Mantis-King-GT_d6c28ceab9a69b3b10bf3cff6894c912.jpg","width":1000,"height":1000},{"@type":"BreadcrumbList","@id":"https:\/\/projekt.vombat.ee\/eco\/pood\/brandid\/kaabo\/kaabo-mantis-king-gt-2wd-elektriline-toukeratas-90km\/#breadcrumb","itemListElement":[{"@type":"ListItem","position":1,"name":"Home","item":"https:\/\/projekt.vombat.ee\/eco\/"},{"@type":"ListItem","position":2,"name":"Pood","item":"https:\/\/projekt.vombat.ee\/eco\/pood\/"},{"@type":"ListItem","position":3,"name":"Kaabo Mantis King GT, 2WD Elektriline t\u00f5ukeratas, 90km"}]},{"@type":"WebSite","@id":"https:\/\/projekt.vombat.ee\/eco\/#website","url":"https:\/\/projekt.vombat.ee\/eco\/","name":"Ecocruiser","description":"","publisher":{"@id":"https:\/\/projekt.vombat.ee\/eco\/#organization"},"potentialAction":[{"@type":"SearchAction","target":{"@type":"EntryPoint","urlTemplate":"https:\/\/projekt.vombat.ee\/eco\/?s={search_term_string}"},"query-input":{"@type":"PropertyValueSpecification","valueRequired":true,"valueName":"search_term_string"}}],"inLanguage":"en-GB"},{"@type":"Organization","@id":"https:\/\/projekt.vombat.ee\/eco\/#organization","name":"Ecocruiser","url":"https:\/\/projekt.vombat.ee\/eco\/","logo":{"@type":"ImageObject","inLanguage":"en-GB","@id":"https:\/\/projekt.vombat.ee\/eco\/#\/schema\/logo\/image\/","url":"https:\/\/projekt.vombat.ee\/eco\/wp-content\/uploads\/2023\/03\/ECOCRUISER_5.png","contentUrl":"https:\/\/projekt.vombat.ee\/eco\/wp-content\/uploads\/2023\/03\/ECOCRUISER_5.png","width":234,"height":91,"caption":"Ecocruiser"},"image":{"@id":"https:\/\/projekt.vombat.ee\/eco\/#\/schema\/logo\/image\/"}}]}},"lang":"et","translations":{"et":19440,"fr":20859},"pll_sync_post":[],"_links":{"self":[{"href":"https:\/\/projekt.vombat.ee\/eco\/wp-json\/wp\/v2\/product\/19440"}],"collection":[{"href":"https:\/\/projekt.vombat.ee\/eco\/wp-json\/wp\/v2\/product"}],"about":[{"href":"https:\/\/projekt.vombat.ee\/eco\/wp-json\/wp\/v2\/types\/product"}],"version-history":[{"count":1,"href":"https:\/\/projekt.vombat.ee\/eco\/wp-json\/wp\/v2\/product\/19440\/revisions"}],"predecessor-version":[{"id":19448,"href":"https:\/\/projekt.vombat.ee\/eco\/wp-json\/wp\/v2\/product\/19440\/revisions\/19448"}],"wp:featuredmedia":[{"embeddable":true,"href":"https:\/\/projekt.vombat.ee\/eco\/wp-json\/wp\/v2\/media\/19441"}],"wp:attachment":[{"href":"https:\/\/projekt.vombat.ee\/eco\/wp-json\/wp\/v2\/media?parent=19440"}],"wp:term":[{"taxonomy":"product_cat","embeddable":true,"href":"https:\/\/projekt.vombat.ee\/eco\/wp-json\/wp\/v2\/product_cat?post=19440"},{"taxonomy":"product_tag","embeddable":true,"href":"https:\/\/projekt.vombat.ee\/eco\/wp-json\/wp\/v2\/product_tag?post=19440"}],"curies":[{"name":"wp","href":"https:\/\/api.w.org\/{rel}","templated":true}]}}