{"id":19287,"date":"2024-06-30T20:08:04","date_gmt":"2024-06-30T20:08:04","guid":{"rendered":"https:\/\/projekt.vombat.ee\/eco\/?post_type=product&#038;p=19287"},"modified":"2024-08-03T17:26:41","modified_gmt":"2024-08-03T17:26:41","slug":"vsett-10-2wd-elektriline-toukeratas-185km","status":"publish","type":"product","link":"https:\/\/projekt.vombat.ee\/eco\/pood\/elektritoukerattad\/voimsad-toukerattad\/vsett-10-2wd-elektriline-toukeratas-185km\/","title":{"rendered":"Vsett 10+ 2WD elektriline t\u00f5ukeratas , 185km"},"content":{"rendered":"<div class=\"flex flex-grow flex-col max-w-full\">\n<div class=\"min-h-[20px] text-message flex flex-col items-start whitespace-pre-wrap break-words [.text-message+&amp;]:mt-5 juice:w-full juice:items-end overflow-x-auto gap-2\" dir=\"auto\" data-message-author-role=\"assistant\" data-message-id=\"785e000b-2d18-48ad-8e6a-b9f6a5b24779\">\n<div class=\"flex w-full flex-col gap-1 juice:empty:hidden juice:first:pt-[3px]\">\n<div class=\"markdown prose w-full break-words dark:prose-invert light\">\n<p><strong>Elektriline t\u00f5ukeratas VSETT 10+<\/strong> &#8211; t\u00f5eliselt v\u00e4gev s\u00f5iduelamus! VSETT 10+ on kaasaegne elektriline t\u00f5ukeratas, mis tagab adrenaliinirohke s\u00f5iduelamuse! Liituge VSETT-i uuendusliku maailmaga!<\/p>\n<p>Usaldusv\u00e4\u00e4rsus ja turvalisus! Teie mugavust ja turvalisust tagavad kaasaegsed amortisaatorid, mis t\u00f6\u00f6tavad koos 10-tolliste \u00f5hkrehvidega. Hindate iga selle toote detaili \u2013 mitte ainult stabiilsust, vaid ka suurep\u00e4rast mugavust!<\/p>\n<p>Meie poolt imporditavad ja m\u00fc\u00fcdavad elektrit\u00f5ukerattad VSETT 10+ on liikluses seaduslikud. LINK: Lae alla VSETT tehase kinnituskiri, mis t\u00f5endab, et VSETT 10+ mootorite koguv\u00f5imsus ei \u00fcleta 1000W ja valmistajakiirus ei \u00fcleta 25 km\/h.<\/p>\n<p>PAKUME KOHAPEAL PROOVIS\u00d5IDU V\u00d5IMALUST<\/p>\n<p>Kasutage kahe mootori j\u00f5udu! Elektrilisel t\u00f5ukerattal VSETT 10+ on kaks v\u00f5imsat elektrimootorit, mis koos kahe 35A ajamiga v\u00f5imaldavad s\u00f5ita kuni 25\u00b0 kaldega teedel ilma suuremat kiiruse kadu kogemata. VSETT elektrit\u00f5ukeratta saab aktiveerida spetsiaalse NFC kiibi abil. Uskumatu LED-valgustus! Innovatiivne LED-valgustus koos esisuurendajate ja tagumiste suunatuledega v\u00f5imaldab ohutult s\u00f5ita nii p\u00e4eval kui \u00f6\u00f6sel.<\/p>\n<p>N\u00e4ita v\u00e4hem<\/p>\n<p>Peamised omadused:<\/p>\n<ul>\n<li>Kvaliteetne ja pika elueaga LG aku<\/li>\n<li>NFC kiibiga sisse- ja v\u00e4ljal\u00fclitamine<\/li>\n<li>Patenteeritud voltimiss\u00fcsteem &#8211; tugevaim ja parim lahendus v\u00f5rreldes teiste elektrit\u00f5ukeratastega<\/li>\n<li>IP54 veekindel<\/li>\n<li>Maksimaalne kandev\u00f5ime kuni 130 kg<\/li>\n<li>Amortisaatorid tagavad stabiilse ja turvalise s\u00f5idu<\/li>\n<li>LCD ekraan, mis kuvab kiirust, k\u00e4iku, aku olekut ja l\u00e4bis\u00f5itu<\/li>\n<li>Kokkuvolditavad k\u00e4epidemed<\/li>\n<li>Suunatule l\u00fcliti k\u00e4epidemel<\/li>\n<li>Elektrit\u00f5ukerattad on v\u00e4ga mugavad ja keskkonnas\u00f5bralikud liikumisvahendid<\/li>\n<li>Lihtne ja kiire kokku voltida<\/li>\n<li>Elektrilise t\u00f5ukerattaga s\u00f5ites on soovitatav kanda kaitsevarustust ja alati kiivrit!<\/li>\n<\/ul>\n<\/div>\n<\/div>\n<\/div>\n<\/div>\n<div class=\"mt-1 flex gap-3 empty:hidden juice:-ml-3\">\n<div class=\"items-center justify-start rounded-xl p-1 flex\"><\/div>\n<\/div>\n","protected":false},"excerpt":{"rendered":"<h6><strong>V<\/strong><strong>SETT 10+ ELEKTRILINE T\u00d5UKERATA<\/strong><strong>S<\/strong><\/h6>\n<ul>\n<li><strong>Max s\u00f5iduulatus<\/strong>: 185 KM<\/li>\n<li><strong>Kandev\u00f5ime<\/strong>: 130 kg<\/li>\n<li><strong>Mootori v\u00f5imsus<\/strong>: 1000W<\/li>\n<li><strong>Laadimisaeg<\/strong>: 8-16h<\/li>\n<li><strong>Aku<\/strong>: 60V 28Ah<\/li>\n<li><strong>Max kiirus<\/strong>: 25km\/h<\/li>\n<\/ul>\n","protected":false},"featured_media":19288,"template":"","meta":[],"product_cat":[53,911],"product_tag":[],"class_list":{"0":"post-19287","1":"product","2":"type-product","3":"status-publish","4":"has-post-thumbnail","6":"product_cat-elektritoukerattad","7":"product_cat-voimsad-toukerattad","9":"first","10":"instock","11":"sale","12":"taxable","13":"shipping-taxable","14":"purchasable","15":"product-type-simple"},"yoast_head":"<!-- This site is optimized with the Yoast SEO plugin v23.8 - https:\/\/yoast.com\/wordpress\/plugins\/seo\/ -->\n<title>Vsett 10+ 2WD elektriline t\u00f5ukeratas , 185km - Ecocruiser<\/title>\n<meta name=\"description\" content=\"Vsett 10+ 2WD elektriline t\u00f5ukeratas , 185km - Kvaliteetsed br\u00e4ndid, lai valik - Ecocruiser.ee - K\u00fcsimuste korral v\u00f5ta \u00fchendust info@projekt.vombat.ee\" \/>\n<meta name=\"robots\" content=\"noindex, follow, max-snippet:-1, max-image-preview:large, max-video-preview:-1\" \/>\n<meta property=\"og:locale\" content=\"en_GB\" \/>\n<meta property=\"og:type\" content=\"article\" \/>\n<meta property=\"og:title\" content=\"Vsett 10+ 2WD elektriline t\u00f5ukeratas , 185km - Ecocruiser\" \/>\n<meta property=\"og:description\" content=\"Vsett 10+ 2WD elektriline t\u00f5ukeratas , 185km - Kvaliteetsed br\u00e4ndid, lai valik - Ecocruiser.ee - K\u00fcsimuste korral v\u00f5ta \u00fchendust info@projekt.vombat.ee\" \/>\n<meta property=\"og:url\" content=\"https:\/\/projekt.vombat.ee\/eco\/pood\/elektritoukerattad\/voimsad-toukerattad\/vsett-10-2wd-elektriline-toukeratas-185km\/\" \/>\n<meta property=\"og:site_name\" content=\"Ecocruiser\" \/>\n<meta property=\"article:modified_time\" content=\"2024-08-03T17:26:41+00:00\" \/>\n<meta property=\"og:image\" content=\"https:\/\/projekt.vombat.ee\/eco\/wp-content\/uploads\/2024\/06\/img_VSETT-10-256-LG_e423d21969951a0996e71335838e8efa.jpg\" \/>\n\t<meta property=\"og:image:width\" content=\"1000\" \/>\n\t<meta property=\"og:image:height\" content=\"1000\" \/>\n\t<meta property=\"og:image:type\" content=\"image\/jpeg\" \/>\n<meta name=\"twitter:card\" content=\"summary_large_image\" \/>\n<meta name=\"twitter:label1\" content=\"Estimated reading time\" \/>\n\t<meta name=\"twitter:data1\" content=\"2 minutes\" \/>\n<script type=\"application\/ld+json\" class=\"yoast-schema-graph\">{\"@context\":\"https:\/\/schema.org\",\"@graph\":[{\"@type\":\"WebPage\",\"@id\":\"https:\/\/projekt.vombat.ee\/eco\/pood\/elektritoukerattad\/voimsad-toukerattad\/vsett-10-2wd-elektriline-toukeratas-185km\/\",\"url\":\"https:\/\/projekt.vombat.ee\/eco\/pood\/elektritoukerattad\/voimsad-toukerattad\/vsett-10-2wd-elektriline-toukeratas-185km\/\",\"name\":\"Vsett 10+ 2WD elektriline t\u00f5ukeratas , 185km - Ecocruiser\",\"isPartOf\":{\"@id\":\"https:\/\/projekt.vombat.ee\/eco\/#website\"},\"primaryImageOfPage\":{\"@id\":\"https:\/\/projekt.vombat.ee\/eco\/pood\/elektritoukerattad\/voimsad-toukerattad\/vsett-10-2wd-elektriline-toukeratas-185km\/#primaryimage\"},\"image\":{\"@id\":\"https:\/\/projekt.vombat.ee\/eco\/pood\/elektritoukerattad\/voimsad-toukerattad\/vsett-10-2wd-elektriline-toukeratas-185km\/#primaryimage\"},\"thumbnailUrl\":\"https:\/\/projekt.vombat.ee\/eco\/wp-content\/uploads\/2024\/06\/img_VSETT-10-256-LG_e423d21969951a0996e71335838e8efa.jpg\",\"datePublished\":\"2024-06-30T20:08:04+00:00\",\"dateModified\":\"2024-08-03T17:26:41+00:00\",\"description\":\"Vsett 10+ 2WD elektriline t\u00f5ukeratas , 185km - Kvaliteetsed br\u00e4ndid, lai valik - Ecocruiser.ee - K\u00fcsimuste korral v\u00f5ta \u00fchendust info@projekt.vombat.ee\",\"breadcrumb\":{\"@id\":\"https:\/\/projekt.vombat.ee\/eco\/pood\/elektritoukerattad\/voimsad-toukerattad\/vsett-10-2wd-elektriline-toukeratas-185km\/#breadcrumb\"},\"inLanguage\":\"en-GB\",\"potentialAction\":[{\"@type\":\"ReadAction\",\"target\":[\"https:\/\/projekt.vombat.ee\/eco\/pood\/elektritoukerattad\/voimsad-toukerattad\/vsett-10-2wd-elektriline-toukeratas-185km\/\"]}]},{\"@type\":\"ImageObject\",\"inLanguage\":\"en-GB\",\"@id\":\"https:\/\/projekt.vombat.ee\/eco\/pood\/elektritoukerattad\/voimsad-toukerattad\/vsett-10-2wd-elektriline-toukeratas-185km\/#primaryimage\",\"url\":\"https:\/\/projekt.vombat.ee\/eco\/wp-content\/uploads\/2024\/06\/img_VSETT-10-256-LG_e423d21969951a0996e71335838e8efa.jpg\",\"contentUrl\":\"https:\/\/projekt.vombat.ee\/eco\/wp-content\/uploads\/2024\/06\/img_VSETT-10-256-LG_e423d21969951a0996e71335838e8efa.jpg\",\"width\":1000,\"height\":1000},{\"@type\":\"BreadcrumbList\",\"@id\":\"https:\/\/projekt.vombat.ee\/eco\/pood\/elektritoukerattad\/voimsad-toukerattad\/vsett-10-2wd-elektriline-toukeratas-185km\/#breadcrumb\",\"itemListElement\":[{\"@type\":\"ListItem\",\"position\":1,\"name\":\"Home\",\"item\":\"https:\/\/projekt.vombat.ee\/eco\/\"},{\"@type\":\"ListItem\",\"position\":2,\"name\":\"Pood\",\"item\":\"https:\/\/projekt.vombat.ee\/eco\/pood\/\"},{\"@type\":\"ListItem\",\"position\":3,\"name\":\"Vsett 10+ 2WD elektriline t\u00f5ukeratas , 185km\"}]},{\"@type\":\"WebSite\",\"@id\":\"https:\/\/projekt.vombat.ee\/eco\/#website\",\"url\":\"https:\/\/projekt.vombat.ee\/eco\/\",\"name\":\"Ecocruiser\",\"description\":\"\",\"publisher\":{\"@id\":\"https:\/\/projekt.vombat.ee\/eco\/#organization\"},\"potentialAction\":[{\"@type\":\"SearchAction\",\"target\":{\"@type\":\"EntryPoint\",\"urlTemplate\":\"https:\/\/projekt.vombat.ee\/eco\/?s={search_term_string}\"},\"query-input\":{\"@type\":\"PropertyValueSpecification\",\"valueRequired\":true,\"valueName\":\"search_term_string\"}}],\"inLanguage\":\"en-GB\"},{\"@type\":\"Organization\",\"@id\":\"https:\/\/projekt.vombat.ee\/eco\/#organization\",\"name\":\"Ecocruiser\",\"url\":\"https:\/\/projekt.vombat.ee\/eco\/\",\"logo\":{\"@type\":\"ImageObject\",\"inLanguage\":\"en-GB\",\"@id\":\"https:\/\/projekt.vombat.ee\/eco\/#\/schema\/logo\/image\/\",\"url\":\"https:\/\/projekt.vombat.ee\/eco\/wp-content\/uploads\/2023\/03\/ECOCRUISER_5.png\",\"contentUrl\":\"https:\/\/projekt.vombat.ee\/eco\/wp-content\/uploads\/2023\/03\/ECOCRUISER_5.png\",\"width\":234,\"height\":91,\"caption\":\"Ecocruiser\"},\"image\":{\"@id\":\"https:\/\/projekt.vombat.ee\/eco\/#\/schema\/logo\/image\/\"}}]}<\/script>\n<!-- \/ Yoast SEO plugin. -->","yoast_head_json":{"title":"Vsett 10+ 2WD elektriline t\u00f5ukeratas , 185km - Ecocruiser","description":"Vsett 10+ 2WD elektriline t\u00f5ukeratas , 185km - Kvaliteetsed br\u00e4ndid, lai valik - Ecocruiser.ee - K\u00fcsimuste korral v\u00f5ta \u00fchendust info@projekt.vombat.ee","robots":{"index":"noindex","follow":"follow","max-snippet":"max-snippet:-1","max-image-preview":"max-image-preview:large","max-video-preview":"max-video-preview:-1"},"og_locale":"en_GB","og_type":"article","og_title":"Vsett 10+ 2WD elektriline t\u00f5ukeratas , 185km - Ecocruiser","og_description":"Vsett 10+ 2WD elektriline t\u00f5ukeratas , 185km - Kvaliteetsed br\u00e4ndid, lai valik - Ecocruiser.ee - K\u00fcsimuste korral v\u00f5ta \u00fchendust info@projekt.vombat.ee","og_url":"https:\/\/projekt.vombat.ee\/eco\/pood\/elektritoukerattad\/voimsad-toukerattad\/vsett-10-2wd-elektriline-toukeratas-185km\/","og_site_name":"Ecocruiser","article_modified_time":"2024-08-03T17:26:41+00:00","og_image":[{"width":1000,"height":1000,"url":"https:\/\/projekt.vombat.ee\/eco\/wp-content\/uploads\/2024\/06\/img_VSETT-10-256-LG_e423d21969951a0996e71335838e8efa.jpg","type":"image\/jpeg"}],"twitter_card":"summary_large_image","twitter_misc":{"Estimated reading time":"2 minutes"},"schema":{"@context":"https:\/\/schema.org","@graph":[{"@type":"WebPage","@id":"https:\/\/projekt.vombat.ee\/eco\/pood\/elektritoukerattad\/voimsad-toukerattad\/vsett-10-2wd-elektriline-toukeratas-185km\/","url":"https:\/\/projekt.vombat.ee\/eco\/pood\/elektritoukerattad\/voimsad-toukerattad\/vsett-10-2wd-elektriline-toukeratas-185km\/","name":"Vsett 10+ 2WD elektriline t\u00f5ukeratas , 185km - Ecocruiser","isPartOf":{"@id":"https:\/\/projekt.vombat.ee\/eco\/#website"},"primaryImageOfPage":{"@id":"https:\/\/projekt.vombat.ee\/eco\/pood\/elektritoukerattad\/voimsad-toukerattad\/vsett-10-2wd-elektriline-toukeratas-185km\/#primaryimage"},"image":{"@id":"https:\/\/projekt.vombat.ee\/eco\/pood\/elektritoukerattad\/voimsad-toukerattad\/vsett-10-2wd-elektriline-toukeratas-185km\/#primaryimage"},"thumbnailUrl":"https:\/\/projekt.vombat.ee\/eco\/wp-content\/uploads\/2024\/06\/img_VSETT-10-256-LG_e423d21969951a0996e71335838e8efa.jpg","datePublished":"2024-06-30T20:08:04+00:00","dateModified":"2024-08-03T17:26:41+00:00","description":"Vsett 10+ 2WD elektriline t\u00f5ukeratas , 185km - Kvaliteetsed br\u00e4ndid, lai valik - Ecocruiser.ee - K\u00fcsimuste korral v\u00f5ta \u00fchendust info@projekt.vombat.ee","breadcrumb":{"@id":"https:\/\/projekt.vombat.ee\/eco\/pood\/elektritoukerattad\/voimsad-toukerattad\/vsett-10-2wd-elektriline-toukeratas-185km\/#breadcrumb"},"inLanguage":"en-GB","potentialAction":[{"@type":"ReadAction","target":["https:\/\/projekt.vombat.ee\/eco\/pood\/elektritoukerattad\/voimsad-toukerattad\/vsett-10-2wd-elektriline-toukeratas-185km\/"]}]},{"@type":"ImageObject","inLanguage":"en-GB","@id":"https:\/\/projekt.vombat.ee\/eco\/pood\/elektritoukerattad\/voimsad-toukerattad\/vsett-10-2wd-elektriline-toukeratas-185km\/#primaryimage","url":"https:\/\/projekt.vombat.ee\/eco\/wp-content\/uploads\/2024\/06\/img_VSETT-10-256-LG_e423d21969951a0996e71335838e8efa.jpg","contentUrl":"https:\/\/projekt.vombat.ee\/eco\/wp-content\/uploads\/2024\/06\/img_VSETT-10-256-LG_e423d21969951a0996e71335838e8efa.jpg","width":1000,"height":1000},{"@type":"BreadcrumbList","@id":"https:\/\/projekt.vombat.ee\/eco\/pood\/elektritoukerattad\/voimsad-toukerattad\/vsett-10-2wd-elektriline-toukeratas-185km\/#breadcrumb","itemListElement":[{"@type":"ListItem","position":1,"name":"Home","item":"https:\/\/projekt.vombat.ee\/eco\/"},{"@type":"ListItem","position":2,"name":"Pood","item":"https:\/\/projekt.vombat.ee\/eco\/pood\/"},{"@type":"ListItem","position":3,"name":"Vsett 10+ 2WD elektriline t\u00f5ukeratas , 185km"}]},{"@type":"WebSite","@id":"https:\/\/projekt.vombat.ee\/eco\/#website","url":"https:\/\/projekt.vombat.ee\/eco\/","name":"Ecocruiser","description":"","publisher":{"@id":"https:\/\/projekt.vombat.ee\/eco\/#organization"},"potentialAction":[{"@type":"SearchAction","target":{"@type":"EntryPoint","urlTemplate":"https:\/\/projekt.vombat.ee\/eco\/?s={search_term_string}"},"query-input":{"@type":"PropertyValueSpecification","valueRequired":true,"valueName":"search_term_string"}}],"inLanguage":"en-GB"},{"@type":"Organization","@id":"https:\/\/projekt.vombat.ee\/eco\/#organization","name":"Ecocruiser","url":"https:\/\/projekt.vombat.ee\/eco\/","logo":{"@type":"ImageObject","inLanguage":"en-GB","@id":"https:\/\/projekt.vombat.ee\/eco\/#\/schema\/logo\/image\/","url":"https:\/\/projekt.vombat.ee\/eco\/wp-content\/uploads\/2023\/03\/ECOCRUISER_5.png","contentUrl":"https:\/\/projekt.vombat.ee\/eco\/wp-content\/uploads\/2023\/03\/ECOCRUISER_5.png","width":234,"height":91,"caption":"Ecocruiser"},"image":{"@id":"https:\/\/projekt.vombat.ee\/eco\/#\/schema\/logo\/image\/"}}]}},"lang":"et","translations":{"et":19287,"fr":20954},"pll_sync_post":[],"_links":{"self":[{"href":"https:\/\/projekt.vombat.ee\/eco\/wp-json\/wp\/v2\/product\/19287"}],"collection":[{"href":"https:\/\/projekt.vombat.ee\/eco\/wp-json\/wp\/v2\/product"}],"about":[{"href":"https:\/\/projekt.vombat.ee\/eco\/wp-json\/wp\/v2\/types\/product"}],"version-history":[{"count":2,"href":"https:\/\/projekt.vombat.ee\/eco\/wp-json\/wp\/v2\/product\/19287\/revisions"}],"predecessor-version":[{"id":20953,"href":"https:\/\/projekt.vombat.ee\/eco\/wp-json\/wp\/v2\/product\/19287\/revisions\/20953"}],"wp:featuredmedia":[{"embeddable":true,"href":"https:\/\/projekt.vombat.ee\/eco\/wp-json\/wp\/v2\/media\/19288"}],"wp:attachment":[{"href":"https:\/\/projekt.vombat.ee\/eco\/wp-json\/wp\/v2\/media?parent=19287"}],"wp:term":[{"taxonomy":"product_cat","embeddable":true,"href":"https:\/\/projekt.vombat.ee\/eco\/wp-json\/wp\/v2\/product_cat?post=19287"},{"taxonomy":"product_tag","embeddable":true,"href":"https:\/\/projekt.vombat.ee\/eco\/wp-json\/wp\/v2\/product_tag?post=19287"}],"curies":[{"name":"wp","href":"https:\/\/api.w.org\/{rel}","templated":true}]}}