{"id":19065,"date":"2024-08-03T17:51:27","date_gmt":"2024-08-03T17:51:27","guid":{"rendered":"https:\/\/projekt.vombat.ee\/eco\/?post_type=product&#038;p=19065"},"modified":"2024-08-03T17:51:27","modified_gmt":"2024-08-03T17:51:27","slug":"moteur-pro-2-0-velo-electrique-pliant-dexterieur-a-couple-eleve","status":"publish","type":"product","link":"https:\/\/projekt.vombat.ee\/eco\/fr\/pood\/uncategorized-fr\/moteur-pro-2-0-velo-electrique-pliant-dexterieur-a-couple-eleve\/","title":{"rendered":"MOTEUR PRO 2.0 | V\u00e9lo \u00e9lectrique pliant d&#8217;ext\u00e9rieur \u00e0 couple \u00e9lev\u00e9"},"content":{"rendered":"<p style=\"text-align: center;\"><strong>MOTEUR PRO 2.0 | V\u00e9lo \u00e9lectrique pliant d&#8217;aventure en plein air \u00e0 couple \u00e9lev\u00e9<\/strong><\/p>\n<p><img fetchpriority=\"high\" decoding=\"async\" class=\"size-medium wp-image-19066 aligncenter\" src=\"https:\/\/projekt.vombat.ee\/eco\/wp-content\/uploads\/2024\/06\/8-38-300x300.png\" alt=\"MOTEUR PRO 2.0 | V\u00e9lo \u00e9lectrique pliant d'aventure en plein air \u00e0 couple \u00e9lev\u00e9\" width=\"300\" height=\"300\" srcset=\"https:\/\/projekt.vombat.ee\/eco\/wp-content\/uploads\/2024\/06\/8-38-300x300.png 300w, https:\/\/projekt.vombat.ee\/eco\/wp-content\/uploads\/2024\/06\/8-38-1024x1024.png 1024w, https:\/\/projekt.vombat.ee\/eco\/wp-content\/uploads\/2024\/06\/8-38-150x150.png 150w, https:\/\/projekt.vombat.ee\/eco\/wp-content\/uploads\/2024\/06\/8-38-768x768.png 768w, https:\/\/projekt.vombat.ee\/eco\/wp-content\/uploads\/2024\/06\/8-38-1536x1536.png 1536w, https:\/\/projekt.vombat.ee\/eco\/wp-content\/uploads\/2024\/06\/8-38-500x500.png 500w, https:\/\/projekt.vombat.ee\/eco\/wp-content\/uploads\/2024\/06\/8-38-800x800.png 800w, https:\/\/projekt.vombat.ee\/eco\/wp-content\/uploads\/2024\/06\/8-38-50x50.png 50w, https:\/\/projekt.vombat.ee\/eco\/wp-content\/uploads\/2024\/06\/8-38-100x100.png 100w, https:\/\/projekt.vombat.ee\/eco\/wp-content\/uploads\/2024\/06\/8-38-370x370.png 370w, https:\/\/projekt.vombat.ee\/eco\/wp-content\/uploads\/2024\/06\/8-38-75x75.png 75w, https:\/\/projekt.vombat.ee\/eco\/wp-content\/uploads\/2024\/06\/8-38-760x760.png 760w, https:\/\/projekt.vombat.ee\/eco\/wp-content\/uploads\/2024\/06\/8-38.png 2024w\" sizes=\"(max-width: 300px) 100vw, 300px\" \/><\/p>\n<p>Pr\u00e9sentation du ENGINE PRO 2.0, un v\u00e9lo \u00e9lectrique pliable haute performance con\u00e7u pour les amateurs d&#8217;aventure en plein air. Dot\u00e9 d&#8217;un puissant moteur \u00e0 couple \u00e9lev\u00e9 de 75 Nm, ce v\u00e9lo \u00e9lectrique conquiert les terrains accident\u00e9s sans effort tout en offrant la commodit\u00e9 d&#8217;un cadre pliable pour un transport et un rangement faciles. Parfait pour les d\u00e9placements quotidiens et les escapades hors route, le ENGINE PRO 2.0 allie durabilit\u00e9 robuste et technologie moderne pour offrir une exp\u00e9rience de conduite in\u00e9gal\u00e9e.<\/p>\n<p><img decoding=\"async\" class=\"size-medium wp-image-19070 aligncenter\" src=\"https:\/\/projekt.vombat.ee\/eco\/wp-content\/uploads\/2024\/06\/4-46-300x300.png\" alt=\"MOTEUR PRO 2.0 | V\u00e9lo \u00e9lectrique pliant d'aventure en plein air \u00e0 couple \u00e9lev\u00e9\" width=\"300\" height=\"300\" srcset=\"https:\/\/projekt.vombat.ee\/eco\/wp-content\/uploads\/2024\/06\/4-46-300x300.png 300w, https:\/\/projekt.vombat.ee\/eco\/wp-content\/uploads\/2024\/06\/4-46-1024x1024.png 1024w, https:\/\/projekt.vombat.ee\/eco\/wp-content\/uploads\/2024\/06\/4-46-150x150.png 150w, https:\/\/projekt.vombat.ee\/eco\/wp-content\/uploads\/2024\/06\/4-46-768x768.png 768w, https:\/\/projekt.vombat.ee\/eco\/wp-content\/uploads\/2024\/06\/4-46-1536x1536.png 1536w, https:\/\/projekt.vombat.ee\/eco\/wp-content\/uploads\/2024\/06\/4-46-500x500.png 500w, https:\/\/projekt.vombat.ee\/eco\/wp-content\/uploads\/2024\/06\/4-46-800x800.png 800w, https:\/\/projekt.vombat.ee\/eco\/wp-content\/uploads\/2024\/06\/4-46-50x50.png 50w, https:\/\/projekt.vombat.ee\/eco\/wp-content\/uploads\/2024\/06\/4-46-100x100.png 100w, https:\/\/projekt.vombat.ee\/eco\/wp-content\/uploads\/2024\/06\/4-46-370x370.png 370w, https:\/\/projekt.vombat.ee\/eco\/wp-content\/uploads\/2024\/06\/4-46-75x75.png 75w, https:\/\/projekt.vombat.ee\/eco\/wp-content\/uploads\/2024\/06\/4-46-760x760.png 760w, https:\/\/projekt.vombat.ee\/eco\/wp-content\/uploads\/2024\/06\/4-46.png 2024w\" sizes=\"(max-width: 300px) 100vw, 300px\" \/><\/p>\n<p><strong>Caract\u00e9ristiques:<\/strong><\/p>\n<p>Moteur\u00a0: couple \u00e9lev\u00e9 de 75\u00a0Nm<br \/>\nBatterie : batterie lithium-ion 48 V 16 Ah.<br \/>\nPort\u00e9e\u00a0: jusqu&#8217;\u00e0 80\u00a0miles avec une seule charge<br \/>\nVitesse\u00a0: Vitesse maximale de 28 mph<br \/>\nCadre : alliage d&#8217;aluminium l\u00e9ger et pliable<br \/>\nSuspension : Suspension avant et arri\u00e8re pour une conduite en douceur<br \/>\nPneus : gros pneus tout-terrain de 20&#8243; x 4,0&#8243;<br \/>\nFreins\u00a0: Freins \u00e0 disque hydrauliques pour une puissance de freinage sup\u00e9rieure<br \/>\nAffichage : \u00e9cran LCD multifonctionnel<br \/>\nVitesses : transmission Shimano 7 vitesses<br \/>\nPoids : 60 lb<br \/>\nCapacit\u00e9 de charge : jusqu&#8217;\u00e0 330 lb<br \/>\nDimensions pli\u00e9 : 37&#8243; x 18&#8243; x 27&#8243;<\/p>\n<p><img decoding=\"async\" class=\"size-medium wp-image-19069 aligncenter\" src=\"https:\/\/projekt.vombat.ee\/eco\/wp-content\/uploads\/2024\/06\/5-45-300x300.png\" alt=\"MOTEUR PRO 2.0 | V\u00e9lo \u00e9lectrique pliant d'aventure en plein air \u00e0 couple \u00e9lev\u00e9\" width=\"300\" height=\"300\" srcset=\"https:\/\/projekt.vombat.ee\/eco\/wp-content\/uploads\/2024\/06\/5-45-300x300.png 300w, https:\/\/projekt.vombat.ee\/eco\/wp-content\/uploads\/2024\/06\/5-45-1024x1024.png 1024w, https:\/\/projekt.vombat.ee\/eco\/wp-content\/uploads\/2024\/06\/5-45-150x150.png 150w, https:\/\/projekt.vombat.ee\/eco\/wp-content\/uploads\/2024\/06\/5-45-768x768.png 768w, https:\/\/projekt.vombat.ee\/eco\/wp-content\/uploads\/2024\/06\/5-45-1536x1536.png 1536w, https:\/\/projekt.vombat.ee\/eco\/wp-content\/uploads\/2024\/06\/5-45-500x500.png 500w, https:\/\/projekt.vombat.ee\/eco\/wp-content\/uploads\/2024\/06\/5-45-800x800.png 800w, https:\/\/projekt.vombat.ee\/eco\/wp-content\/uploads\/2024\/06\/5-45-50x50.png 50w, https:\/\/projekt.vombat.ee\/eco\/wp-content\/uploads\/2024\/06\/5-45-100x100.png 100w, https:\/\/projekt.vombat.ee\/eco\/wp-content\/uploads\/2024\/06\/5-45-370x370.png 370w, https:\/\/projekt.vombat.ee\/eco\/wp-content\/uploads\/2024\/06\/5-45-75x75.png 75w, https:\/\/projekt.vombat.ee\/eco\/wp-content\/uploads\/2024\/06\/5-45-760x760.png 760w, https:\/\/projekt.vombat.ee\/eco\/wp-content\/uploads\/2024\/06\/5-45.png 2024w\" sizes=\"(max-width: 300px) 100vw, 300px\" \/><\/p>\n<p><strong>FAQ:<\/strong><\/p>\n<p>Q : Combien de temps faut-il pour charger compl\u00e8tement la batterie ?<br \/>\nR : Il faut environ 5 \u00e0 7 heures pour charger compl\u00e8tement la batterie.<\/p>\n<p>Q\u00a0:\u00a0ENGINE PRO 2.0 convient-il aux d\u00e9butants\u00a0?<br \/>\nR : Oui, le v\u00e9lo \u00e9lectrique est con\u00e7u avec des commandes intuitives et une interface conviviale, ce qui le rend adapt\u00e9 aux cyclistes de tous niveaux.<\/p>\n<p>Q\u00a0: Le v\u00e9lo peut-il affronter des terrains accident\u00e9s\u00a0?<br \/>\nR : Absolument ! Le moteur \u00e0 couple \u00e9lev\u00e9 et les pneus tout-terrain le rendent id\u00e9al pour affronter divers terrains, notamment le gravier, le sable et les sentiers.<\/p>\n<p>Q\u00a0: Dans quelle mesure le ENGINE PRO 2.0 est-il portable\u00a0?<br \/>\nR : La conception pliable permet un rangement facile dans les coffres de voiture, les placards ou sous les bureaux, ce qui le rend tr\u00e8s portable.<\/p>\n<p>Q : Le v\u00e9lo \u00e9lectrique est-il \u00e9tanche ?<br \/>\nR\u00a0: Le ENGINE PRO 2.0 est con\u00e7u pour \u00eatre r\u00e9sistant \u00e0 l\u2019eau et adapt\u00e9 \u00e0 la conduite sous une pluie l\u00e9g\u00e8re. Cependant, il n\u2019est pas recommand\u00e9 de plonger le v\u00e9lo dans l\u2019eau.<\/p>\n<p><img loading=\"lazy\" decoding=\"async\" class=\"size-medium wp-image-19071 aligncenter\" src=\"https:\/\/projekt.vombat.ee\/eco\/wp-content\/uploads\/2024\/06\/3-46-300x300.png\" alt=\"MOTEUR PRO 2.0\" width=\"300\" height=\"300\" srcset=\"https:\/\/projekt.vombat.ee\/eco\/wp-content\/uploads\/2024\/06\/3-46-300x300.png 300w, https:\/\/projekt.vombat.ee\/eco\/wp-content\/uploads\/2024\/06\/3-46-1024x1024.png 1024w, https:\/\/projekt.vombat.ee\/eco\/wp-content\/uploads\/2024\/06\/3-46-150x150.png 150w, https:\/\/projekt.vombat.ee\/eco\/wp-content\/uploads\/2024\/06\/3-46-768x768.png 768w, https:\/\/projekt.vombat.ee\/eco\/wp-content\/uploads\/2024\/06\/3-46-1536x1536.png 1536w, https:\/\/projekt.vombat.ee\/eco\/wp-content\/uploads\/2024\/06\/3-46-500x500.png 500w, https:\/\/projekt.vombat.ee\/eco\/wp-content\/uploads\/2024\/06\/3-46-800x800.png 800w, https:\/\/projekt.vombat.ee\/eco\/wp-content\/uploads\/2024\/06\/3-46-50x50.png 50w, https:\/\/projekt.vombat.ee\/eco\/wp-content\/uploads\/2024\/06\/3-46-100x100.png 100w, https:\/\/projekt.vombat.ee\/eco\/wp-content\/uploads\/2024\/06\/3-46-370x370.png 370w, https:\/\/projekt.vombat.ee\/eco\/wp-content\/uploads\/2024\/06\/3-46-75x75.png 75w, https:\/\/projekt.vombat.ee\/eco\/wp-content\/uploads\/2024\/06\/3-46-760x760.png 760w, https:\/\/projekt.vombat.ee\/eco\/wp-content\/uploads\/2024\/06\/3-46.png 2024w\" sizes=\"(max-width: 300px) 100vw, 300px\" \/><\/p>\n<p>L&#8217;ENGINE PRO 2.0 appartient au genre des v\u00e9los \u00e9lectriques hautes performances adapt\u00e9s \u00e0 l&#8217;aventure et aux activit\u00e9s de plein air. Ce genre se caract\u00e9rise par des conceptions robustes et durables, des moteurs puissants et des fonctionnalit\u00e9s qui am\u00e9liorent l&#8217;exp\u00e9rience de conduite sur divers terrains.<\/p>\n<p><strong>Th\u00e8mes :<\/strong><\/p>\n<p>Aventure\u00a0: vivez le frisson de l&#8217;exploration avec un v\u00e9lo con\u00e7u pour la nature.<br \/>\nInnovation\u00a0: d\u00e9couvrez une technologie de pointe avec un moteur \u00e0 couple \u00e9lev\u00e9 et un syst\u00e8me de batterie avanc\u00e9.<br \/>\nCommodit\u00e9\u00a0: profitez de la portabilit\u00e9 d\u2019un design pliable sans compromettre les performances.<br \/>\nDurabilit\u00e9 : Optez pour un mode de transport \u00e9cologique qui r\u00e9duit votre empreinte carbone.<br \/>\nPerformance\u00a0: comptez sur des composants et une conception de premier ordre pour des performances de conduite sup\u00e9rieures.<\/p>\n<p><img loading=\"lazy\" decoding=\"async\" class=\"size-medium wp-image-19073 aligncenter\" src=\"https:\/\/projekt.vombat.ee\/eco\/wp-content\/uploads\/2024\/06\/1-46-300x300.png\" alt=\"MOTEUR PRO 2.0 | V\u00e9lo \u00e9lectrique pliant d'aventure en plein air \u00e0 couple \u00e9lev\u00e9\" width=\"300\" height=\"300\" srcset=\"https:\/\/projekt.vombat.ee\/eco\/wp-content\/uploads\/2024\/06\/1-46-300x300.png 300w, https:\/\/projekt.vombat.ee\/eco\/wp-content\/uploads\/2024\/06\/1-46-1024x1024.png 1024w, https:\/\/projekt.vombat.ee\/eco\/wp-content\/uploads\/2024\/06\/1-46-150x150.png 150w, https:\/\/projekt.vombat.ee\/eco\/wp-content\/uploads\/2024\/06\/1-46-768x768.png 768w, https:\/\/projekt.vombat.ee\/eco\/wp-content\/uploads\/2024\/06\/1-46-1536x1536.png 1536w, https:\/\/projekt.vombat.ee\/eco\/wp-content\/uploads\/2024\/06\/1-46-500x500.png 500w, https:\/\/projekt.vombat.ee\/eco\/wp-content\/uploads\/2024\/06\/1-46-800x800.png 800w, https:\/\/projekt.vombat.ee\/eco\/wp-content\/uploads\/2024\/06\/1-46-50x50.png 50w, https:\/\/projekt.vombat.ee\/eco\/wp-content\/uploads\/2024\/06\/1-46-100x100.png 100w, https:\/\/projekt.vombat.ee\/eco\/wp-content\/uploads\/2024\/06\/1-46-370x370.png 370w, https:\/\/projekt.vombat.ee\/eco\/wp-content\/uploads\/2024\/06\/1-46-75x75.png 75w, https:\/\/projekt.vombat.ee\/eco\/wp-content\/uploads\/2024\/06\/1-46-760x760.png 760w, https:\/\/projekt.vombat.ee\/eco\/wp-content\/uploads\/2024\/06\/1-46.png 2024w\" sizes=\"(max-width: 300px) 100vw, 300px\" \/><\/p>\n<p><strong>Conclusion:<\/strong><\/p>\n<p>L&#8217;ENGINE PRO 2.0 est le v\u00e9lo \u00e9lectrique pliable ultime pour les amateurs de plein air en qu\u00eate d&#8217;aventure sans sacrifier la commodit\u00e9 ou les performances. Son puissant moteur \u00e0 couple \u00e9lev\u00e9 de 75 Nm, sa conception robuste et ses fonctionnalit\u00e9s polyvalentes en font un compagnon fiable pour tout voyage, que vous vous d\u00e9placiez en ville ou exploriez des sentiers hors route. Am\u00e9liorez votre conduite avec le ENGINE PRO 2.0 et red\u00e9finissez votre exp\u00e9rience de v\u00e9lo.<\/p>\n","protected":false},"excerpt":{"rendered":"<p>Moteur\u00a0: couple \u00e9lev\u00e9 de 75\u00a0Nm<br \/>\nBatterie : batterie lithium-ion 48 V 16 Ah.<br \/>\nPort\u00e9e\u00a0: jusqu&#8217;\u00e0 80\u00a0miles avec une seule charge<br \/>\nVitesse\u00a0: Vitesse maximale de 28 mph<br \/>\nCadre : alliage d&#8217;aluminium l\u00e9ger et pliable<br \/>\nSuspension : Suspension avant et arri\u00e8re pour une conduite en douceur<br \/>\nPneus : gros pneus tout-terrain de 20&#8243; x 4,0&#8243;<br \/>\nFreins\u00a0: Freins \u00e0 disque hydrauliques pour une puissance de freinage sup\u00e9rieure<br \/>\nAffichage : \u00e9cran LCD multifonctionnel<br \/>\nVitesses : transmission Shimano 7 vitesses<br \/>\nPoids : 60 lb<br \/>\nCapacit\u00e9 de charge : jusqu&#8217;\u00e0 330 lb<br \/>\nDimensions pli\u00e9 : 37&#8243; x 18&#8243; x 27&#8243;<\/p>\n","protected":false},"featured_media":19066,"template":"","meta":[],"product_cat":[2243],"product_tag":[3835,3805,3819,3821,3841,3803,3815,3817,3813,3837,3811,3833,3845,3825,3823,3807,3831,3843,3829,3799,3839,3809,3801,3827],"class_list":{"0":"post-19065","1":"product","2":"type-product","3":"status-publish","4":"has-post-thumbnail","6":"product_cat-uncategorized-fr","7":"product_tag-affichage-multifonctionnel","8":"product_tag-aventure-en-plein-air","9":"product_tag-batterie-aux-ions-lithium","10":"product_tag-cadre-leger","11":"product_tag-conception-robuste","12":"product_tag-couple-eleve","13":"product_tag-engrenages-shimano","14":"product_tag-freins-hydrauliques","15":"product_tag-gros-pneus","16":"product_tag-haute-performance","17":"product_tag-longue-portee","18":"product_tag-mobilite-urbaine","19":"product_tag-moteur-75nm","20":"product_tag-suspension-arriere","21":"product_tag-suspension-avant","22":"product_tag-tout-terrain","23":"product_tag-transports-ecologiques","24":"product_tag-velo-daventure","25":"product_tag-velo-de-banlieue","26":"product_tag-velo-electrique","27":"product_tag-velo-electrique-pliable","28":"product_tag-velo-electrique-portable","29":"product_tag-velo-pliant","30":"product_tag-velo-tout-terrain","32":"first","33":"instock","34":"sale","35":"taxable","36":"shipping-taxable","37":"purchasable","38":"product-type-simple"},"yoast_head":"<!-- This site is optimized with the Yoast SEO plugin v23.8 - https:\/\/yoast.com\/wordpress\/plugins\/seo\/ -->\n<title>MOTEUR PRO 2.0 | V\u00e9lo \u00e9lectrique pliant d&#039;ext\u00e9rieur \u00e0 couple \u00e9lev\u00e9 - Ecocruiser<\/title>\n<meta name=\"description\" content=\"D\u00e9couvrez le ENGINE PRO 2.0, un v\u00e9lo \u00e9lectrique pliable haute performance dot\u00e9 d&#039;un puissant moteur \u00e0 couple \u00e9lev\u00e9 de 75 Nm.\" \/>\n<meta name=\"robots\" content=\"noindex, follow, max-snippet:-1, max-image-preview:large, max-video-preview:-1\" \/>\n<meta property=\"og:locale\" content=\"en_GB\" \/>\n<meta property=\"og:type\" content=\"article\" \/>\n<meta property=\"og:title\" content=\"MOTEUR PRO 2.0 | V\u00e9lo \u00e9lectrique pliant d&#039;ext\u00e9rieur \u00e0 couple \u00e9lev\u00e9 - Ecocruiser\" \/>\n<meta property=\"og:description\" content=\"D\u00e9couvrez le ENGINE PRO 2.0, un v\u00e9lo \u00e9lectrique pliable haute performance dot\u00e9 d&#039;un puissant moteur \u00e0 couple \u00e9lev\u00e9 de 75 Nm.\" \/>\n<meta property=\"og:url\" content=\"https:\/\/projekt.vombat.ee\/eco\/fr\/pood\/uncategorized-fr\/moteur-pro-2-0-velo-electrique-pliant-dexterieur-a-couple-eleve\/\" \/>\n<meta property=\"og:site_name\" content=\"Ecocruiser\" \/>\n<meta property=\"og:image\" content=\"https:\/\/projekt.vombat.ee\/eco\/wp-content\/uploads\/2024\/06\/8-38.png\" \/>\n\t<meta property=\"og:image:width\" content=\"2024\" \/>\n\t<meta property=\"og:image:height\" content=\"2024\" \/>\n\t<meta property=\"og:image:type\" content=\"image\/png\" \/>\n<meta name=\"twitter:card\" content=\"summary_large_image\" \/>\n<meta name=\"twitter:label1\" content=\"Estimated reading time\" \/>\n\t<meta name=\"twitter:data1\" content=\"4 minutes\" \/>\n<script type=\"application\/ld+json\" class=\"yoast-schema-graph\">{\"@context\":\"https:\/\/schema.org\",\"@graph\":[{\"@type\":\"WebPage\",\"@id\":\"https:\/\/projekt.vombat.ee\/eco\/fr\/pood\/uncategorized-fr\/moteur-pro-2-0-velo-electrique-pliant-dexterieur-a-couple-eleve\/\",\"url\":\"https:\/\/projekt.vombat.ee\/eco\/fr\/pood\/uncategorized-fr\/moteur-pro-2-0-velo-electrique-pliant-dexterieur-a-couple-eleve\/\",\"name\":\"MOTEUR PRO 2.0 | V\u00e9lo \u00e9lectrique pliant d'ext\u00e9rieur \u00e0 couple \u00e9lev\u00e9 - Ecocruiser\",\"isPartOf\":{\"@id\":\"https:\/\/projekt.vombat.ee\/eco\/#website\"},\"primaryImageOfPage\":{\"@id\":\"https:\/\/projekt.vombat.ee\/eco\/fr\/pood\/uncategorized-fr\/moteur-pro-2-0-velo-electrique-pliant-dexterieur-a-couple-eleve\/#primaryimage\"},\"image\":{\"@id\":\"https:\/\/projekt.vombat.ee\/eco\/fr\/pood\/uncategorized-fr\/moteur-pro-2-0-velo-electrique-pliant-dexterieur-a-couple-eleve\/#primaryimage\"},\"thumbnailUrl\":\"https:\/\/projekt.vombat.ee\/eco\/wp-content\/uploads\/2024\/06\/8-38.png\",\"datePublished\":\"2024-08-03T17:51:27+00:00\",\"dateModified\":\"2024-08-03T17:51:27+00:00\",\"description\":\"D\u00e9couvrez le ENGINE PRO 2.0, un v\u00e9lo \u00e9lectrique pliable haute performance dot\u00e9 d'un puissant moteur \u00e0 couple \u00e9lev\u00e9 de 75 Nm.\",\"breadcrumb\":{\"@id\":\"https:\/\/projekt.vombat.ee\/eco\/fr\/pood\/uncategorized-fr\/moteur-pro-2-0-velo-electrique-pliant-dexterieur-a-couple-eleve\/#breadcrumb\"},\"inLanguage\":\"en-GB\",\"potentialAction\":[{\"@type\":\"ReadAction\",\"target\":[\"https:\/\/projekt.vombat.ee\/eco\/fr\/pood\/uncategorized-fr\/moteur-pro-2-0-velo-electrique-pliant-dexterieur-a-couple-eleve\/\"]}]},{\"@type\":\"ImageObject\",\"inLanguage\":\"en-GB\",\"@id\":\"https:\/\/projekt.vombat.ee\/eco\/fr\/pood\/uncategorized-fr\/moteur-pro-2-0-velo-electrique-pliant-dexterieur-a-couple-eleve\/#primaryimage\",\"url\":\"https:\/\/projekt.vombat.ee\/eco\/wp-content\/uploads\/2024\/06\/8-38.png\",\"contentUrl\":\"https:\/\/projekt.vombat.ee\/eco\/wp-content\/uploads\/2024\/06\/8-38.png\",\"width\":2024,\"height\":2024,\"caption\":\"MOTEUR PRO 2.0 | V\u00e9lo \u00e9lectrique pliant d'aventure en plein air \u00e0 couple \u00e9lev\u00e9\"},{\"@type\":\"BreadcrumbList\",\"@id\":\"https:\/\/projekt.vombat.ee\/eco\/fr\/pood\/uncategorized-fr\/moteur-pro-2-0-velo-electrique-pliant-dexterieur-a-couple-eleve\/#breadcrumb\",\"itemListElement\":[{\"@type\":\"ListItem\",\"position\":1,\"name\":\"Home\",\"item\":\"https:\/\/projekt.vombat.ee\/eco\/\"},{\"@type\":\"ListItem\",\"position\":2,\"name\":\"Pood\",\"item\":\"https:\/\/projekt.vombat.ee\/eco\/pood\/\"},{\"@type\":\"ListItem\",\"position\":3,\"name\":\"MOTEUR PRO 2.0 | V\u00e9lo \u00e9lectrique pliant d&#8217;ext\u00e9rieur \u00e0 couple \u00e9lev\u00e9\"}]},{\"@type\":\"WebSite\",\"@id\":\"https:\/\/projekt.vombat.ee\/eco\/#website\",\"url\":\"https:\/\/projekt.vombat.ee\/eco\/\",\"name\":\"Ecocruiser\",\"description\":\"\",\"publisher\":{\"@id\":\"https:\/\/projekt.vombat.ee\/eco\/#organization\"},\"potentialAction\":[{\"@type\":\"SearchAction\",\"target\":{\"@type\":\"EntryPoint\",\"urlTemplate\":\"https:\/\/projekt.vombat.ee\/eco\/?s={search_term_string}\"},\"query-input\":{\"@type\":\"PropertyValueSpecification\",\"valueRequired\":true,\"valueName\":\"search_term_string\"}}],\"inLanguage\":\"en-GB\"},{\"@type\":\"Organization\",\"@id\":\"https:\/\/projekt.vombat.ee\/eco\/#organization\",\"name\":\"Ecocruiser\",\"url\":\"https:\/\/projekt.vombat.ee\/eco\/\",\"logo\":{\"@type\":\"ImageObject\",\"inLanguage\":\"en-GB\",\"@id\":\"https:\/\/projekt.vombat.ee\/eco\/#\/schema\/logo\/image\/\",\"url\":\"https:\/\/projekt.vombat.ee\/eco\/wp-content\/uploads\/2023\/03\/ECOCRUISER_5.png\",\"contentUrl\":\"https:\/\/projekt.vombat.ee\/eco\/wp-content\/uploads\/2023\/03\/ECOCRUISER_5.png\",\"width\":234,\"height\":91,\"caption\":\"Ecocruiser\"},\"image\":{\"@id\":\"https:\/\/projekt.vombat.ee\/eco\/#\/schema\/logo\/image\/\"}}]}<\/script>\n<!-- \/ Yoast SEO plugin. -->","yoast_head_json":{"title":"MOTEUR PRO 2.0 | V\u00e9lo \u00e9lectrique pliant d'ext\u00e9rieur \u00e0 couple \u00e9lev\u00e9 - Ecocruiser","description":"D\u00e9couvrez le ENGINE PRO 2.0, un v\u00e9lo \u00e9lectrique pliable haute performance dot\u00e9 d'un puissant moteur \u00e0 couple \u00e9lev\u00e9 de 75 Nm.","robots":{"index":"noindex","follow":"follow","max-snippet":"max-snippet:-1","max-image-preview":"max-image-preview:large","max-video-preview":"max-video-preview:-1"},"og_locale":"en_GB","og_type":"article","og_title":"MOTEUR PRO 2.0 | V\u00e9lo \u00e9lectrique pliant d'ext\u00e9rieur \u00e0 couple \u00e9lev\u00e9 - Ecocruiser","og_description":"D\u00e9couvrez le ENGINE PRO 2.0, un v\u00e9lo \u00e9lectrique pliable haute performance dot\u00e9 d'un puissant moteur \u00e0 couple \u00e9lev\u00e9 de 75 Nm.","og_url":"https:\/\/projekt.vombat.ee\/eco\/fr\/pood\/uncategorized-fr\/moteur-pro-2-0-velo-electrique-pliant-dexterieur-a-couple-eleve\/","og_site_name":"Ecocruiser","og_image":[{"width":2024,"height":2024,"url":"https:\/\/projekt.vombat.ee\/eco\/wp-content\/uploads\/2024\/06\/8-38.png","type":"image\/png"}],"twitter_card":"summary_large_image","twitter_misc":{"Estimated reading time":"4 minutes"},"schema":{"@context":"https:\/\/schema.org","@graph":[{"@type":"WebPage","@id":"https:\/\/projekt.vombat.ee\/eco\/fr\/pood\/uncategorized-fr\/moteur-pro-2-0-velo-electrique-pliant-dexterieur-a-couple-eleve\/","url":"https:\/\/projekt.vombat.ee\/eco\/fr\/pood\/uncategorized-fr\/moteur-pro-2-0-velo-electrique-pliant-dexterieur-a-couple-eleve\/","name":"MOTEUR PRO 2.0 | V\u00e9lo \u00e9lectrique pliant d'ext\u00e9rieur \u00e0 couple \u00e9lev\u00e9 - Ecocruiser","isPartOf":{"@id":"https:\/\/projekt.vombat.ee\/eco\/#website"},"primaryImageOfPage":{"@id":"https:\/\/projekt.vombat.ee\/eco\/fr\/pood\/uncategorized-fr\/moteur-pro-2-0-velo-electrique-pliant-dexterieur-a-couple-eleve\/#primaryimage"},"image":{"@id":"https:\/\/projekt.vombat.ee\/eco\/fr\/pood\/uncategorized-fr\/moteur-pro-2-0-velo-electrique-pliant-dexterieur-a-couple-eleve\/#primaryimage"},"thumbnailUrl":"https:\/\/projekt.vombat.ee\/eco\/wp-content\/uploads\/2024\/06\/8-38.png","datePublished":"2024-08-03T17:51:27+00:00","dateModified":"2024-08-03T17:51:27+00:00","description":"D\u00e9couvrez le ENGINE PRO 2.0, un v\u00e9lo \u00e9lectrique pliable haute performance dot\u00e9 d'un puissant moteur \u00e0 couple \u00e9lev\u00e9 de 75 Nm.","breadcrumb":{"@id":"https:\/\/projekt.vombat.ee\/eco\/fr\/pood\/uncategorized-fr\/moteur-pro-2-0-velo-electrique-pliant-dexterieur-a-couple-eleve\/#breadcrumb"},"inLanguage":"en-GB","potentialAction":[{"@type":"ReadAction","target":["https:\/\/projekt.vombat.ee\/eco\/fr\/pood\/uncategorized-fr\/moteur-pro-2-0-velo-electrique-pliant-dexterieur-a-couple-eleve\/"]}]},{"@type":"ImageObject","inLanguage":"en-GB","@id":"https:\/\/projekt.vombat.ee\/eco\/fr\/pood\/uncategorized-fr\/moteur-pro-2-0-velo-electrique-pliant-dexterieur-a-couple-eleve\/#primaryimage","url":"https:\/\/projekt.vombat.ee\/eco\/wp-content\/uploads\/2024\/06\/8-38.png","contentUrl":"https:\/\/projekt.vombat.ee\/eco\/wp-content\/uploads\/2024\/06\/8-38.png","width":2024,"height":2024,"caption":"MOTEUR PRO 2.0 | V\u00e9lo \u00e9lectrique pliant d'aventure en plein air \u00e0 couple \u00e9lev\u00e9"},{"@type":"BreadcrumbList","@id":"https:\/\/projekt.vombat.ee\/eco\/fr\/pood\/uncategorized-fr\/moteur-pro-2-0-velo-electrique-pliant-dexterieur-a-couple-eleve\/#breadcrumb","itemListElement":[{"@type":"ListItem","position":1,"name":"Home","item":"https:\/\/projekt.vombat.ee\/eco\/"},{"@type":"ListItem","position":2,"name":"Pood","item":"https:\/\/projekt.vombat.ee\/eco\/pood\/"},{"@type":"ListItem","position":3,"name":"MOTEUR PRO 2.0 | V\u00e9lo \u00e9lectrique pliant d&#8217;ext\u00e9rieur \u00e0 couple \u00e9lev\u00e9"}]},{"@type":"WebSite","@id":"https:\/\/projekt.vombat.ee\/eco\/#website","url":"https:\/\/projekt.vombat.ee\/eco\/","name":"Ecocruiser","description":"","publisher":{"@id":"https:\/\/projekt.vombat.ee\/eco\/#organization"},"potentialAction":[{"@type":"SearchAction","target":{"@type":"EntryPoint","urlTemplate":"https:\/\/projekt.vombat.ee\/eco\/?s={search_term_string}"},"query-input":{"@type":"PropertyValueSpecification","valueRequired":true,"valueName":"search_term_string"}}],"inLanguage":"en-GB"},{"@type":"Organization","@id":"https:\/\/projekt.vombat.ee\/eco\/#organization","name":"Ecocruiser","url":"https:\/\/projekt.vombat.ee\/eco\/","logo":{"@type":"ImageObject","inLanguage":"en-GB","@id":"https:\/\/projekt.vombat.ee\/eco\/#\/schema\/logo\/image\/","url":"https:\/\/projekt.vombat.ee\/eco\/wp-content\/uploads\/2023\/03\/ECOCRUISER_5.png","contentUrl":"https:\/\/projekt.vombat.ee\/eco\/wp-content\/uploads\/2023\/03\/ECOCRUISER_5.png","width":234,"height":91,"caption":"Ecocruiser"},"image":{"@id":"https:\/\/projekt.vombat.ee\/eco\/#\/schema\/logo\/image\/"}}]}},"lang":"fr","translations":{"fr":19065,"et":19054},"pll_sync_post":[],"_links":{"self":[{"href":"https:\/\/projekt.vombat.ee\/eco\/wp-json\/wp\/v2\/product\/19065"}],"collection":[{"href":"https:\/\/projekt.vombat.ee\/eco\/wp-json\/wp\/v2\/product"}],"about":[{"href":"https:\/\/projekt.vombat.ee\/eco\/wp-json\/wp\/v2\/types\/product"}],"version-history":[{"count":2,"href":"https:\/\/projekt.vombat.ee\/eco\/wp-json\/wp\/v2\/product\/19065\/revisions"}],"predecessor-version":[{"id":21000,"href":"https:\/\/projekt.vombat.ee\/eco\/wp-json\/wp\/v2\/product\/19065\/revisions\/21000"}],"wp:featuredmedia":[{"embeddable":true,"href":"https:\/\/projekt.vombat.ee\/eco\/wp-json\/wp\/v2\/media\/19066"}],"wp:attachment":[{"href":"https:\/\/projekt.vombat.ee\/eco\/wp-json\/wp\/v2\/media?parent=19065"}],"wp:term":[{"taxonomy":"product_cat","embeddable":true,"href":"https:\/\/projekt.vombat.ee\/eco\/wp-json\/wp\/v2\/product_cat?post=19065"},{"taxonomy":"product_tag","embeddable":true,"href":"https:\/\/projekt.vombat.ee\/eco\/wp-json\/wp\/v2\/product_tag?post=19065"}],"curies":[{"name":"wp","href":"https:\/\/api.w.org\/{rel}","templated":true}]}}