{"id":18398,"date":"2024-06-15T19:52:55","date_gmt":"2024-06-15T19:52:55","guid":{"rendered":"https:\/\/projekt.vombat.ee\/eco\/?post_type=product&#038;p=18398"},"modified":"2024-07-06T18:47:39","modified_gmt":"2024-07-06T18:47:39","slug":"laste-elektrikart-go-kart-mercedes-pedaalidega","status":"publish","type":"product","link":"https:\/\/projekt.vombat.ee\/eco\/pood\/laste-elektrisoidukid\/elektrikardid\/laste-elektrikart-go-kart-mercedes-pedaalidega\/","title":{"rendered":"Laste elektrikart GO Kart Mercedes pedaalidega"},"content":{"rendered":"<p style=\"text-align: center;\"><strong>Laste elektrikart GO Kart Mercedes pedaalidega, t\u00e4iskummist rattad, reguleeritav iste, turvav\u00f6\u00f6, valge<\/strong><\/p>\n<p><img fetchpriority=\"high\" decoding=\"async\" class=\"size-medium wp-image-18399 aligncenter\" src=\"https:\/\/projekt.vombat.ee\/eco\/wp-content\/uploads\/2024\/06\/1-30-300x300.png\" alt=\"Litsentsiga s\u00f5iduauto GO Kart Mercedes pedaalidega, t\u00e4iskummist rattad, reguleeritav iste, turvav\u00f6\u00f6, valge\" width=\"300\" height=\"300\" srcset=\"https:\/\/projekt.vombat.ee\/eco\/wp-content\/uploads\/2024\/06\/1-30-300x300.png 300w, https:\/\/projekt.vombat.ee\/eco\/wp-content\/uploads\/2024\/06\/1-30-150x150.png 150w, https:\/\/projekt.vombat.ee\/eco\/wp-content\/uploads\/2024\/06\/1-30-768x768.png 768w, https:\/\/projekt.vombat.ee\/eco\/wp-content\/uploads\/2024\/06\/1-30-500x500.png 500w, https:\/\/projekt.vombat.ee\/eco\/wp-content\/uploads\/2024\/06\/1-30-800x800.png 800w, https:\/\/projekt.vombat.ee\/eco\/wp-content\/uploads\/2024\/06\/1-30-50x50.png 50w, https:\/\/projekt.vombat.ee\/eco\/wp-content\/uploads\/2024\/06\/1-30-100x100.png 100w, https:\/\/projekt.vombat.ee\/eco\/wp-content\/uploads\/2024\/06\/1-30-370x370.png 370w, https:\/\/projekt.vombat.ee\/eco\/wp-content\/uploads\/2024\/06\/1-30-75x75.png 75w, https:\/\/projekt.vombat.ee\/eco\/wp-content\/uploads\/2024\/06\/1-30-760x760.png 760w, https:\/\/projekt.vombat.ee\/eco\/wp-content\/uploads\/2024\/06\/1-30.png 1000w\" sizes=\"(max-width: 300px) 100vw, 300px\" \/><\/p>\n<p>Tutvustage oma lapsele s\u00f5idu p\u00f5nevust pedaalide, t\u00e4iskummist rataste, reguleeritava istme, turvav\u00f6\u00f6 ja valge Ride-On GO Kart. See stiilne ja vastupidav kart on loodud pakkuma noortele seiklejatele p\u00f5nevat ja turvalist s\u00f5idukogemust. Oma esmaklassilise koostekvaliteedi ja detailidele t\u00e4helepanu p\u00f6\u00f6ramisega sobib see GO Kart ideaalselt lastele, kellele meeldib avastada ja rassida.<\/p>\n<p><img decoding=\"async\" class=\"size-medium wp-image-18400 aligncenter\" src=\"https:\/\/projekt.vombat.ee\/eco\/wp-content\/uploads\/2024\/06\/2-30-300x300.png\" alt=\"Litsentsiga s\u00f5iduauto GO Kart Mercedes pedaalidega, t\u00e4iskummist rattad, reguleeritav iste, turvav\u00f6\u00f6, valge\" width=\"300\" height=\"300\" srcset=\"https:\/\/projekt.vombat.ee\/eco\/wp-content\/uploads\/2024\/06\/2-30-300x300.png 300w, https:\/\/projekt.vombat.ee\/eco\/wp-content\/uploads\/2024\/06\/2-30-150x150.png 150w, https:\/\/projekt.vombat.ee\/eco\/wp-content\/uploads\/2024\/06\/2-30-768x768.png 768w, https:\/\/projekt.vombat.ee\/eco\/wp-content\/uploads\/2024\/06\/2-30-500x500.png 500w, https:\/\/projekt.vombat.ee\/eco\/wp-content\/uploads\/2024\/06\/2-30-800x800.png 800w, https:\/\/projekt.vombat.ee\/eco\/wp-content\/uploads\/2024\/06\/2-30-50x50.png 50w, https:\/\/projekt.vombat.ee\/eco\/wp-content\/uploads\/2024\/06\/2-30-100x100.png 100w, https:\/\/projekt.vombat.ee\/eco\/wp-content\/uploads\/2024\/06\/2-30-370x370.png 370w, https:\/\/projekt.vombat.ee\/eco\/wp-content\/uploads\/2024\/06\/2-30-75x75.png 75w, https:\/\/projekt.vombat.ee\/eco\/wp-content\/uploads\/2024\/06\/2-30-760x760.png 760w, https:\/\/projekt.vombat.ee\/eco\/wp-content\/uploads\/2024\/06\/2-30.png 1000w\" sizes=\"(max-width: 300px) 100vw, 300px\" \/><\/p>\n<p><strong>Eelised ja omadused:<\/strong><\/p>\n<ul>\n<li>Autentne disain: Mercedes GO Karti vapustav koopia, millel on elegantsed jooned ja karge valge viimistlus.<\/li>\n<li>Pedaalitoitega: loodud pedaalidega kaasahaaravamaks ja f\u00fc\u00fcsiliselt aktiivsemaks m\u00e4ngukogemuseks.<\/li>\n<li>Vastupidavad rattad: varustatud t\u00e4iskummist ratastega, mis tagavad suurep\u00e4rase veoj\u00f5u ja stabiilsuse erinevatel pindadel.<\/li>\n<li>Reguleeritav iste: sellel on reguleeritav iste, mis sobib kasvavatele lastele, tagades mugavuse ja \u00f5ige kehahoiaku.<\/li>\n<li>Ohutus ennek\u00f5ike: sisaldab turvav\u00f6\u00f6d, mis hoiab teie lapse seikluste ajal turvaliselt.<\/li>\n<li>Kvaliteetne kvaliteet: valmistatud kvaliteetsetest materjalidest, mis tagavad pikaajalise vastupidavuse ja j\u00f5udluse.<\/li>\n<\/ul>\n<p><img decoding=\"async\" class=\"size-medium wp-image-18402 aligncenter\" src=\"https:\/\/projekt.vombat.ee\/eco\/wp-content\/uploads\/2024\/06\/4-30-300x300.png\" alt=\"\" width=\"300\" height=\"300\" srcset=\"https:\/\/projekt.vombat.ee\/eco\/wp-content\/uploads\/2024\/06\/4-30-300x300.png 300w, https:\/\/projekt.vombat.ee\/eco\/wp-content\/uploads\/2024\/06\/4-30-150x150.png 150w, https:\/\/projekt.vombat.ee\/eco\/wp-content\/uploads\/2024\/06\/4-30-768x768.png 768w, https:\/\/projekt.vombat.ee\/eco\/wp-content\/uploads\/2024\/06\/4-30-500x500.png 500w, https:\/\/projekt.vombat.ee\/eco\/wp-content\/uploads\/2024\/06\/4-30-800x800.png 800w, https:\/\/projekt.vombat.ee\/eco\/wp-content\/uploads\/2024\/06\/4-30-50x50.png 50w, https:\/\/projekt.vombat.ee\/eco\/wp-content\/uploads\/2024\/06\/4-30-100x100.png 100w, https:\/\/projekt.vombat.ee\/eco\/wp-content\/uploads\/2024\/06\/4-30-370x370.png 370w, https:\/\/projekt.vombat.ee\/eco\/wp-content\/uploads\/2024\/06\/4-30-75x75.png 75w, https:\/\/projekt.vombat.ee\/eco\/wp-content\/uploads\/2024\/06\/4-30-760x760.png 760w, https:\/\/projekt.vombat.ee\/eco\/wp-content\/uploads\/2024\/06\/4-30.png 1000w\" sizes=\"(max-width: 300px) 100vw, 300px\" \/><\/p>\n<p><strong>Mille poolest see konkurentsist eristub?<\/strong><\/p>\n<p>Pedaalide, t\u00e4iskummist rataste, reguleeritava istme, turvav\u00f6\u00f6 ja valge laste elektrikart paistab silma autentse disaini, vastupidava konstruktsiooni ja t\u00e4iustatud turvafunktsioonide kombinatsiooniga. Erinevalt teistest peales\u00f5itudest pakub see GO Kart aktiivset ja kaasahaaravat s\u00f5idukogemust, mist\u00f5ttu on see ideaalne valik noortele juhtidele, kes ihkavad p\u00f5nevust ja seiklusi.<\/p>\n<p><img loading=\"lazy\" decoding=\"async\" class=\"size-medium wp-image-18404 aligncenter\" src=\"https:\/\/projekt.vombat.ee\/eco\/wp-content\/uploads\/2024\/06\/6-28-300x300.png\" alt=\"\" width=\"300\" height=\"300\" srcset=\"https:\/\/projekt.vombat.ee\/eco\/wp-content\/uploads\/2024\/06\/6-28-300x300.png 300w, https:\/\/projekt.vombat.ee\/eco\/wp-content\/uploads\/2024\/06\/6-28-150x150.png 150w, https:\/\/projekt.vombat.ee\/eco\/wp-content\/uploads\/2024\/06\/6-28-768x768.png 768w, https:\/\/projekt.vombat.ee\/eco\/wp-content\/uploads\/2024\/06\/6-28-500x500.png 500w, https:\/\/projekt.vombat.ee\/eco\/wp-content\/uploads\/2024\/06\/6-28-800x800.png 800w, https:\/\/projekt.vombat.ee\/eco\/wp-content\/uploads\/2024\/06\/6-28-50x50.png 50w, https:\/\/projekt.vombat.ee\/eco\/wp-content\/uploads\/2024\/06\/6-28-100x100.png 100w, https:\/\/projekt.vombat.ee\/eco\/wp-content\/uploads\/2024\/06\/6-28-370x370.png 370w, https:\/\/projekt.vombat.ee\/eco\/wp-content\/uploads\/2024\/06\/6-28-75x75.png 75w, https:\/\/projekt.vombat.ee\/eco\/wp-content\/uploads\/2024\/06\/6-28-760x760.png 760w, https:\/\/projekt.vombat.ee\/eco\/wp-content\/uploads\/2024\/06\/6-28.png 1000w\" sizes=\"(max-width: 300px) 100vw, 300px\" \/><\/p>\n<p><strong>Kuidas see lugeja probleemi lahendab?<\/strong><\/p>\n<p>Kas otsite kardit, mis \u00fchendab endas l\u00f5bususe ja ohutuse? GO Kart Mercedes pakub p\u00f5nevat s\u00f5idukogemust, tagades samal ajal teie lapse turvalisuse oma tugevate kummirataste ja turvav\u00f6\u00f6ga. See GO Kart mitte ainult ei paku meelelahutust, vaid soodustab ka f\u00fc\u00fcsilist aktiivsust, aidates arendada teie lapse motoorseid oskusi ja koordinatsiooni.<\/p>\n<p><img loading=\"lazy\" decoding=\"async\" class=\"size-medium wp-image-18406 aligncenter\" src=\"https:\/\/projekt.vombat.ee\/eco\/wp-content\/uploads\/2024\/06\/8-25-300x300.png\" alt=\"\" width=\"300\" height=\"300\" srcset=\"https:\/\/projekt.vombat.ee\/eco\/wp-content\/uploads\/2024\/06\/8-25-300x300.png 300w, https:\/\/projekt.vombat.ee\/eco\/wp-content\/uploads\/2024\/06\/8-25-150x150.png 150w, https:\/\/projekt.vombat.ee\/eco\/wp-content\/uploads\/2024\/06\/8-25-768x768.png 768w, https:\/\/projekt.vombat.ee\/eco\/wp-content\/uploads\/2024\/06\/8-25-500x500.png 500w, https:\/\/projekt.vombat.ee\/eco\/wp-content\/uploads\/2024\/06\/8-25-800x800.png 800w, https:\/\/projekt.vombat.ee\/eco\/wp-content\/uploads\/2024\/06\/8-25-50x50.png 50w, https:\/\/projekt.vombat.ee\/eco\/wp-content\/uploads\/2024\/06\/8-25-100x100.png 100w, https:\/\/projekt.vombat.ee\/eco\/wp-content\/uploads\/2024\/06\/8-25-370x370.png 370w, https:\/\/projekt.vombat.ee\/eco\/wp-content\/uploads\/2024\/06\/8-25-75x75.png 75w, https:\/\/projekt.vombat.ee\/eco\/wp-content\/uploads\/2024\/06\/8-25-760x760.png 760w, https:\/\/projekt.vombat.ee\/eco\/wp-content\/uploads\/2024\/06\/8-25.png 1000w\" sizes=\"(max-width: 300px) 100vw, 300px\" \/><\/p>\n<p><strong>Tehnilised andmed:<\/strong><\/p>\n<ul>\n<li>Mudel: GO Kart Mercedes<\/li>\n<li>V\u00f5imsus: pedaaliga j\u00f5ul t\u00f6\u00f6tav<\/li>\n<li>Rattad: t\u00e4iskummist rattad<\/li>\n<li>Iste: Reguleeritav iste<\/li>\n<li>Ohutus: kaasas turvav\u00f6\u00f6<\/li>\n<li>V\u00e4rv: valge<\/li>\n<\/ul>\n<p><img loading=\"lazy\" decoding=\"async\" class=\"size-medium wp-image-18407 aligncenter\" src=\"https:\/\/projekt.vombat.ee\/eco\/wp-content\/uploads\/2024\/06\/9-25-300x300.png\" alt=\"\" width=\"300\" height=\"300\" srcset=\"https:\/\/projekt.vombat.ee\/eco\/wp-content\/uploads\/2024\/06\/9-25-300x300.png 300w, https:\/\/projekt.vombat.ee\/eco\/wp-content\/uploads\/2024\/06\/9-25-150x150.png 150w, https:\/\/projekt.vombat.ee\/eco\/wp-content\/uploads\/2024\/06\/9-25-768x768.png 768w, https:\/\/projekt.vombat.ee\/eco\/wp-content\/uploads\/2024\/06\/9-25-500x500.png 500w, https:\/\/projekt.vombat.ee\/eco\/wp-content\/uploads\/2024\/06\/9-25-800x800.png 800w, https:\/\/projekt.vombat.ee\/eco\/wp-content\/uploads\/2024\/06\/9-25-50x50.png 50w, https:\/\/projekt.vombat.ee\/eco\/wp-content\/uploads\/2024\/06\/9-25-100x100.png 100w, https:\/\/projekt.vombat.ee\/eco\/wp-content\/uploads\/2024\/06\/9-25-370x370.png 370w, https:\/\/projekt.vombat.ee\/eco\/wp-content\/uploads\/2024\/06\/9-25-75x75.png 75w, https:\/\/projekt.vombat.ee\/eco\/wp-content\/uploads\/2024\/06\/9-25-760x760.png 760w, https:\/\/projekt.vombat.ee\/eco\/wp-content\/uploads\/2024\/06\/9-25.png 1000w\" sizes=\"(max-width: 300px) 100vw, 300px\" \/><\/p>\n<p><strong>KKK:<\/strong><\/p>\n<p>K1: Kas gokart sobib erinevat t\u00fc\u00fcpi maastikule?<br \/>\nV1: Jah, t\u00e4iskummist rattad on loodud pakkuma sujuvat s\u00f5itu erinevatel pindadel, sealhulgas k\u00f5nniteel ja murul.<\/p>\n<p>Q2: Kuidas saab istet reguleerida?<br \/>\nA2: istet saab h\u00f5lpsasti reguleerida vastavalt teie lapse pikkusele, tagades mugava ja turvalise s\u00f5idu.<\/p>\n<p>Q3: Millisele vanuser\u00fchmale gokart sobib?<br \/>\nA3: Gokart sobib lastele vanuses 3-8 aastat.<\/p>\n<p>Q4: kas kokkupanek on vajalik?<br \/>\nA4: Jah, kokkupanek on vajalik. Gokardiga on kaasas \u00fcksikasjalikud juhised, mis h\u00f5lbustavad kokkupanekut.<\/p>\n<p>K5: Kas kardis\u00f5it on v\u00e4ikelastele ohutu?<br \/>\nA5: Jah, gokart on varustatud turvav\u00f6\u00f6 ja tugeva konstruktsiooniga, et tagada teie lapse turvalisus s\u00f5idu ajal.<\/p>\n<p><img loading=\"lazy\" decoding=\"async\" class=\"size-medium wp-image-18411 aligncenter\" src=\"https:\/\/projekt.vombat.ee\/eco\/wp-content\/uploads\/2024\/06\/13-21-300x300.png\" alt=\"\" width=\"300\" height=\"300\" srcset=\"https:\/\/projekt.vombat.ee\/eco\/wp-content\/uploads\/2024\/06\/13-21-300x300.png 300w, https:\/\/projekt.vombat.ee\/eco\/wp-content\/uploads\/2024\/06\/13-21-150x150.png 150w, https:\/\/projekt.vombat.ee\/eco\/wp-content\/uploads\/2024\/06\/13-21-768x768.png 768w, https:\/\/projekt.vombat.ee\/eco\/wp-content\/uploads\/2024\/06\/13-21-500x500.png 500w, https:\/\/projekt.vombat.ee\/eco\/wp-content\/uploads\/2024\/06\/13-21-800x800.png 800w, https:\/\/projekt.vombat.ee\/eco\/wp-content\/uploads\/2024\/06\/13-21-50x50.png 50w, https:\/\/projekt.vombat.ee\/eco\/wp-content\/uploads\/2024\/06\/13-21-100x100.png 100w, https:\/\/projekt.vombat.ee\/eco\/wp-content\/uploads\/2024\/06\/13-21-370x370.png 370w, https:\/\/projekt.vombat.ee\/eco\/wp-content\/uploads\/2024\/06\/13-21-75x75.png 75w, https:\/\/projekt.vombat.ee\/eco\/wp-content\/uploads\/2024\/06\/13-21-760x760.png 760w, https:\/\/projekt.vombat.ee\/eco\/wp-content\/uploads\/2024\/06\/13-21.png 1000w\" sizes=\"(max-width: 300px) 100vw, 300px\" \/><\/p>\n<p>Mercedes Ride-On Go Kart on midagi enamat kui lihtsalt m\u00e4nguasi; see on v\u00e4ikelastele p\u00f5nev ja turvaline s\u00f5idukogemus. Stiilse disaini, realistlike funktsioonide ja k\u00f5ikeh\u00f5lmavate turvameetmete kombinatsiooniga pakub see enneolematut s\u00f5iduseiklust. Olgu see s\u00fcnnip\u00e4evakingiks v\u00f5i eriliseks maiuspalaks, see kart pakub kindlasti r\u00f5\u00f5mu ja elevust igale lapsele.<\/p>\n","protected":false},"excerpt":{"rendered":"<ul>\n<li>Mudel: Mercedes Go Kart<\/li>\n<li>V\u00e4rv: valge<\/li>\n<li>Materjal: Kvaliteetne plastik t\u00e4iskummist ratastega<\/li>\n<li>Istmed: Reguleeritav iste turvav\u00f6\u00f6ga<\/li>\n<li>Pedaalid: autentse s\u00f5idukogemuse tagamiseks pedaalidega<\/li>\n<li>Ohutus: Varustatud turvav\u00f6\u00f6ga, mis kinnitab teie lapse s\u00f5idu ajal<\/li>\n<li>Kandev\u00f5ime: kuni 40 kg<\/li>\n<li>Toote kaal: 10 kg<\/li>\n<li>M\u00f5\u00f5dud: 115 x 65 x 55 cm<\/li>\n<li>Vajalik kokkupanek: jah<\/li>\n<li>V\u00f5idus\u00f5it ja kiirus: j\u00e4ljendades t\u00f5elise kardiga s\u00f5itmise p\u00f5nevat kogemust, pakub see peal s\u00f5itev s\u00f5iduk noortele juhtidele p\u00f5nevat seiklust.<\/li>\n<li>Ohutus ja juhtimine: Varustatud turvav\u00f6\u00f6 ja reguleeritava istmega, et tagada ohutu ja mugav s\u00f5it.<\/li>\n<li>L\u00f5bus ja p\u00f5nevus: realistlike funktsioonide ja autentse Mercedese kaubam\u00e4rgiga saavad lapsed nautida l\u00f5putuid tunde.<\/li>\n<li>Areng ja \u00f5ppimine: soodustab kehalist aktiivsust ja koordinatsioonioskusi.<\/li>\n<\/ul>\n<p><strong>\u2666 Tarneaeg 3-7 p\u00e4eva<\/strong><br \/>\n<strong>\u2666 Laos<\/strong><\/p>\n","protected":false},"featured_media":18399,"template":"","meta":[],"product_cat":[3758,1655],"product_tag":[3432,3342,3500,3492,3468,3326,3498,3128,3466,3496,3486,3352,3482,3470,3488,3480,3452,3334,3424,3458,3474,3462,3476,3490,3494],"class_list":{"0":"post-18398","1":"product","2":"type-product","3":"status-publish","4":"has-post-thumbnail","6":"product_cat-elektrikardid","7":"product_cat-laste-elektrisoidukid","8":"product_tag-klassikaline-kart","9":"product_tag-kvaliteetne-laste-manguasi","10":"product_tag-lapse-pedaaliga-kardisoit","11":"product_tag-laste-kart","12":"product_tag-laste-kart-turvavooga","13":"product_tag-laste-luksuslik-soit","14":"product_tag-laste-manguasi-oues","15":"product_tag-laste-mootorsoiduk","16":"product_tag-laste-pedaalidega-soiduk","17":"product_tag-lastele-voidusoidu-kardiga","18":"product_tag-litsentsiga-mercedes-go-kart","19":"product_tag-lobus-soit-lastele","20":"product_tag-mercedese-kaubamargiga-pealesoit","21":"product_tag-mercedese-pealesoitev-manguasi","22":"product_tag-ohutu-kardiga-soitmine","23":"product_tag-ohutu-pedaaliga-kart","24":"product_tag-pedaaliga-tootav-lastekart","25":"product_tag-premium-klassi-manguasi","26":"product_tag-realistlik-laste-kart","27":"product_tag-reguleeritava-istmega-kart","28":"product_tag-reguleeritava-istmega-pealesoit","29":"product_tag-taiskummist-ratastega-kart","30":"product_tag-tugev-laste-kart","31":"product_tag-valge-mercedes-gokart","32":"product_tag-vastupidavad-lapsed-soidavad-kardiga","34":"first","35":"instock","36":"taxable","37":"shipping-taxable","38":"purchasable","39":"product-type-simple"},"yoast_head":"<!-- This site is optimized with the Yoast SEO plugin v23.8 - https:\/\/yoast.com\/wordpress\/plugins\/seo\/ -->\n<title>Laste elektrikart GO Kart Mercedes pedaalidega - Ecocruiser<\/title>\n<meta name=\"description\" content=\"Kogege litsentsitud Mercedes Ride-On Go Karti \u2013 esmaklassilist pedaaliga t\u00f6\u00f6tavat valget gokarti, millel on t\u00e4iskummist rattad.\" \/>\n<meta name=\"robots\" content=\"noindex, follow, max-snippet:-1, max-image-preview:large, max-video-preview:-1\" \/>\n<meta property=\"og:locale\" content=\"en_GB\" \/>\n<meta property=\"og:type\" content=\"article\" \/>\n<meta property=\"og:title\" content=\"Laste elektrikart GO Kart Mercedes pedaalidega - Ecocruiser\" \/>\n<meta property=\"og:description\" content=\"Kogege litsentsitud Mercedes Ride-On Go Karti \u2013 esmaklassilist pedaaliga t\u00f6\u00f6tavat valget gokarti, millel on t\u00e4iskummist rattad.\" \/>\n<meta property=\"og:url\" content=\"https:\/\/projekt.vombat.ee\/eco\/pood\/laste-elektrisoidukid\/elektrikardid\/laste-elektrikart-go-kart-mercedes-pedaalidega\/\" \/>\n<meta property=\"og:site_name\" content=\"Ecocruiser\" \/>\n<meta property=\"article:modified_time\" content=\"2024-07-06T18:47:39+00:00\" \/>\n<meta property=\"og:image\" content=\"https:\/\/projekt.vombat.ee\/eco\/wp-content\/uploads\/2024\/06\/1-30.png\" \/>\n\t<meta property=\"og:image:width\" content=\"1000\" \/>\n\t<meta property=\"og:image:height\" content=\"1000\" \/>\n\t<meta property=\"og:image:type\" content=\"image\/png\" \/>\n<meta name=\"twitter:card\" content=\"summary_large_image\" \/>\n<meta name=\"twitter:label1\" content=\"Estimated reading time\" \/>\n\t<meta name=\"twitter:data1\" content=\"4 minutes\" \/>\n<script type=\"application\/ld+json\" class=\"yoast-schema-graph\">{\"@context\":\"https:\/\/schema.org\",\"@graph\":[{\"@type\":\"WebPage\",\"@id\":\"https:\/\/projekt.vombat.ee\/eco\/pood\/laste-elektrisoidukid\/elektrikardid\/laste-elektrikart-go-kart-mercedes-pedaalidega\/\",\"url\":\"https:\/\/projekt.vombat.ee\/eco\/pood\/laste-elektrisoidukid\/elektrikardid\/laste-elektrikart-go-kart-mercedes-pedaalidega\/\",\"name\":\"Laste elektrikart GO Kart Mercedes pedaalidega - Ecocruiser\",\"isPartOf\":{\"@id\":\"https:\/\/projekt.vombat.ee\/eco\/#website\"},\"primaryImageOfPage\":{\"@id\":\"https:\/\/projekt.vombat.ee\/eco\/pood\/laste-elektrisoidukid\/elektrikardid\/laste-elektrikart-go-kart-mercedes-pedaalidega\/#primaryimage\"},\"image\":{\"@id\":\"https:\/\/projekt.vombat.ee\/eco\/pood\/laste-elektrisoidukid\/elektrikardid\/laste-elektrikart-go-kart-mercedes-pedaalidega\/#primaryimage\"},\"thumbnailUrl\":\"https:\/\/projekt.vombat.ee\/eco\/wp-content\/uploads\/2024\/06\/1-30.png\",\"datePublished\":\"2024-06-15T19:52:55+00:00\",\"dateModified\":\"2024-07-06T18:47:39+00:00\",\"description\":\"Kogege litsentsitud Mercedes Ride-On Go Karti \u2013 esmaklassilist pedaaliga t\u00f6\u00f6tavat valget gokarti, millel on t\u00e4iskummist rattad.\",\"breadcrumb\":{\"@id\":\"https:\/\/projekt.vombat.ee\/eco\/pood\/laste-elektrisoidukid\/elektrikardid\/laste-elektrikart-go-kart-mercedes-pedaalidega\/#breadcrumb\"},\"inLanguage\":\"en-GB\",\"potentialAction\":[{\"@type\":\"ReadAction\",\"target\":[\"https:\/\/projekt.vombat.ee\/eco\/pood\/laste-elektrisoidukid\/elektrikardid\/laste-elektrikart-go-kart-mercedes-pedaalidega\/\"]}]},{\"@type\":\"ImageObject\",\"inLanguage\":\"en-GB\",\"@id\":\"https:\/\/projekt.vombat.ee\/eco\/pood\/laste-elektrisoidukid\/elektrikardid\/laste-elektrikart-go-kart-mercedes-pedaalidega\/#primaryimage\",\"url\":\"https:\/\/projekt.vombat.ee\/eco\/wp-content\/uploads\/2024\/06\/1-30.png\",\"contentUrl\":\"https:\/\/projekt.vombat.ee\/eco\/wp-content\/uploads\/2024\/06\/1-30.png\",\"width\":1000,\"height\":1000,\"caption\":\"Litsentsiga s\u00f5iduauto GO Kart Mercedes pedaalidega, t\u00e4iskummist rattad, reguleeritav iste, turvav\u00f6\u00f6, valge\"},{\"@type\":\"BreadcrumbList\",\"@id\":\"https:\/\/projekt.vombat.ee\/eco\/pood\/laste-elektrisoidukid\/elektrikardid\/laste-elektrikart-go-kart-mercedes-pedaalidega\/#breadcrumb\",\"itemListElement\":[{\"@type\":\"ListItem\",\"position\":1,\"name\":\"Home\",\"item\":\"https:\/\/projekt.vombat.ee\/eco\/\"},{\"@type\":\"ListItem\",\"position\":2,\"name\":\"Pood\",\"item\":\"https:\/\/projekt.vombat.ee\/eco\/pood\/\"},{\"@type\":\"ListItem\",\"position\":3,\"name\":\"Laste elektrikart GO Kart Mercedes pedaalidega\"}]},{\"@type\":\"WebSite\",\"@id\":\"https:\/\/projekt.vombat.ee\/eco\/#website\",\"url\":\"https:\/\/projekt.vombat.ee\/eco\/\",\"name\":\"Ecocruiser\",\"description\":\"\",\"publisher\":{\"@id\":\"https:\/\/projekt.vombat.ee\/eco\/#organization\"},\"potentialAction\":[{\"@type\":\"SearchAction\",\"target\":{\"@type\":\"EntryPoint\",\"urlTemplate\":\"https:\/\/projekt.vombat.ee\/eco\/?s={search_term_string}\"},\"query-input\":{\"@type\":\"PropertyValueSpecification\",\"valueRequired\":true,\"valueName\":\"search_term_string\"}}],\"inLanguage\":\"en-GB\"},{\"@type\":\"Organization\",\"@id\":\"https:\/\/projekt.vombat.ee\/eco\/#organization\",\"name\":\"Ecocruiser\",\"url\":\"https:\/\/projekt.vombat.ee\/eco\/\",\"logo\":{\"@type\":\"ImageObject\",\"inLanguage\":\"en-GB\",\"@id\":\"https:\/\/projekt.vombat.ee\/eco\/#\/schema\/logo\/image\/\",\"url\":\"https:\/\/projekt.vombat.ee\/eco\/wp-content\/uploads\/2023\/03\/ECOCRUISER_5.png\",\"contentUrl\":\"https:\/\/projekt.vombat.ee\/eco\/wp-content\/uploads\/2023\/03\/ECOCRUISER_5.png\",\"width\":234,\"height\":91,\"caption\":\"Ecocruiser\"},\"image\":{\"@id\":\"https:\/\/projekt.vombat.ee\/eco\/#\/schema\/logo\/image\/\"}}]}<\/script>\n<!-- \/ Yoast SEO plugin. -->","yoast_head_json":{"title":"Laste elektrikart GO Kart Mercedes pedaalidega - Ecocruiser","description":"Kogege litsentsitud Mercedes Ride-On Go Karti \u2013 esmaklassilist pedaaliga t\u00f6\u00f6tavat valget gokarti, millel on t\u00e4iskummist rattad.","robots":{"index":"noindex","follow":"follow","max-snippet":"max-snippet:-1","max-image-preview":"max-image-preview:large","max-video-preview":"max-video-preview:-1"},"og_locale":"en_GB","og_type":"article","og_title":"Laste elektrikart GO Kart Mercedes pedaalidega - Ecocruiser","og_description":"Kogege litsentsitud Mercedes Ride-On Go Karti \u2013 esmaklassilist pedaaliga t\u00f6\u00f6tavat valget gokarti, millel on t\u00e4iskummist rattad.","og_url":"https:\/\/projekt.vombat.ee\/eco\/pood\/laste-elektrisoidukid\/elektrikardid\/laste-elektrikart-go-kart-mercedes-pedaalidega\/","og_site_name":"Ecocruiser","article_modified_time":"2024-07-06T18:47:39+00:00","og_image":[{"width":1000,"height":1000,"url":"https:\/\/projekt.vombat.ee\/eco\/wp-content\/uploads\/2024\/06\/1-30.png","type":"image\/png"}],"twitter_card":"summary_large_image","twitter_misc":{"Estimated reading time":"4 minutes"},"schema":{"@context":"https:\/\/schema.org","@graph":[{"@type":"WebPage","@id":"https:\/\/projekt.vombat.ee\/eco\/pood\/laste-elektrisoidukid\/elektrikardid\/laste-elektrikart-go-kart-mercedes-pedaalidega\/","url":"https:\/\/projekt.vombat.ee\/eco\/pood\/laste-elektrisoidukid\/elektrikardid\/laste-elektrikart-go-kart-mercedes-pedaalidega\/","name":"Laste elektrikart GO Kart Mercedes pedaalidega - Ecocruiser","isPartOf":{"@id":"https:\/\/projekt.vombat.ee\/eco\/#website"},"primaryImageOfPage":{"@id":"https:\/\/projekt.vombat.ee\/eco\/pood\/laste-elektrisoidukid\/elektrikardid\/laste-elektrikart-go-kart-mercedes-pedaalidega\/#primaryimage"},"image":{"@id":"https:\/\/projekt.vombat.ee\/eco\/pood\/laste-elektrisoidukid\/elektrikardid\/laste-elektrikart-go-kart-mercedes-pedaalidega\/#primaryimage"},"thumbnailUrl":"https:\/\/projekt.vombat.ee\/eco\/wp-content\/uploads\/2024\/06\/1-30.png","datePublished":"2024-06-15T19:52:55+00:00","dateModified":"2024-07-06T18:47:39+00:00","description":"Kogege litsentsitud Mercedes Ride-On Go Karti \u2013 esmaklassilist pedaaliga t\u00f6\u00f6tavat valget gokarti, millel on t\u00e4iskummist rattad.","breadcrumb":{"@id":"https:\/\/projekt.vombat.ee\/eco\/pood\/laste-elektrisoidukid\/elektrikardid\/laste-elektrikart-go-kart-mercedes-pedaalidega\/#breadcrumb"},"inLanguage":"en-GB","potentialAction":[{"@type":"ReadAction","target":["https:\/\/projekt.vombat.ee\/eco\/pood\/laste-elektrisoidukid\/elektrikardid\/laste-elektrikart-go-kart-mercedes-pedaalidega\/"]}]},{"@type":"ImageObject","inLanguage":"en-GB","@id":"https:\/\/projekt.vombat.ee\/eco\/pood\/laste-elektrisoidukid\/elektrikardid\/laste-elektrikart-go-kart-mercedes-pedaalidega\/#primaryimage","url":"https:\/\/projekt.vombat.ee\/eco\/wp-content\/uploads\/2024\/06\/1-30.png","contentUrl":"https:\/\/projekt.vombat.ee\/eco\/wp-content\/uploads\/2024\/06\/1-30.png","width":1000,"height":1000,"caption":"Litsentsiga s\u00f5iduauto GO Kart Mercedes pedaalidega, t\u00e4iskummist rattad, reguleeritav iste, turvav\u00f6\u00f6, valge"},{"@type":"BreadcrumbList","@id":"https:\/\/projekt.vombat.ee\/eco\/pood\/laste-elektrisoidukid\/elektrikardid\/laste-elektrikart-go-kart-mercedes-pedaalidega\/#breadcrumb","itemListElement":[{"@type":"ListItem","position":1,"name":"Home","item":"https:\/\/projekt.vombat.ee\/eco\/"},{"@type":"ListItem","position":2,"name":"Pood","item":"https:\/\/projekt.vombat.ee\/eco\/pood\/"},{"@type":"ListItem","position":3,"name":"Laste elektrikart GO Kart Mercedes pedaalidega"}]},{"@type":"WebSite","@id":"https:\/\/projekt.vombat.ee\/eco\/#website","url":"https:\/\/projekt.vombat.ee\/eco\/","name":"Ecocruiser","description":"","publisher":{"@id":"https:\/\/projekt.vombat.ee\/eco\/#organization"},"potentialAction":[{"@type":"SearchAction","target":{"@type":"EntryPoint","urlTemplate":"https:\/\/projekt.vombat.ee\/eco\/?s={search_term_string}"},"query-input":{"@type":"PropertyValueSpecification","valueRequired":true,"valueName":"search_term_string"}}],"inLanguage":"en-GB"},{"@type":"Organization","@id":"https:\/\/projekt.vombat.ee\/eco\/#organization","name":"Ecocruiser","url":"https:\/\/projekt.vombat.ee\/eco\/","logo":{"@type":"ImageObject","inLanguage":"en-GB","@id":"https:\/\/projekt.vombat.ee\/eco\/#\/schema\/logo\/image\/","url":"https:\/\/projekt.vombat.ee\/eco\/wp-content\/uploads\/2023\/03\/ECOCRUISER_5.png","contentUrl":"https:\/\/projekt.vombat.ee\/eco\/wp-content\/uploads\/2023\/03\/ECOCRUISER_5.png","width":234,"height":91,"caption":"Ecocruiser"},"image":{"@id":"https:\/\/projekt.vombat.ee\/eco\/#\/schema\/logo\/image\/"}}]}},"lang":"et","translations":{"et":18398,"fr":20620},"pll_sync_post":[],"_links":{"self":[{"href":"https:\/\/projekt.vombat.ee\/eco\/wp-json\/wp\/v2\/product\/18398"}],"collection":[{"href":"https:\/\/projekt.vombat.ee\/eco\/wp-json\/wp\/v2\/product"}],"about":[{"href":"https:\/\/projekt.vombat.ee\/eco\/wp-json\/wp\/v2\/types\/product"}],"version-history":[{"count":5,"href":"https:\/\/projekt.vombat.ee\/eco\/wp-json\/wp\/v2\/product\/18398\/revisions"}],"predecessor-version":[{"id":21007,"href":"https:\/\/projekt.vombat.ee\/eco\/wp-json\/wp\/v2\/product\/18398\/revisions\/21007"}],"wp:featuredmedia":[{"embeddable":true,"href":"https:\/\/projekt.vombat.ee\/eco\/wp-json\/wp\/v2\/media\/18399"}],"wp:attachment":[{"href":"https:\/\/projekt.vombat.ee\/eco\/wp-json\/wp\/v2\/media?parent=18398"}],"wp:term":[{"taxonomy":"product_cat","embeddable":true,"href":"https:\/\/projekt.vombat.ee\/eco\/wp-json\/wp\/v2\/product_cat?post=18398"},{"taxonomy":"product_tag","embeddable":true,"href":"https:\/\/projekt.vombat.ee\/eco\/wp-json\/wp\/v2\/product_tag?post=18398"}],"curies":[{"name":"wp","href":"https:\/\/api.w.org\/{rel}","templated":true}]}}