{"id":18311,"date":"2024-06-15T20:29:30","date_gmt":"2024-06-15T20:29:30","guid":{"rendered":"https:\/\/projekt.vombat.ee\/eco\/?post_type=product&#038;p=18311"},"modified":"2024-07-06T18:43:12","modified_gmt":"2024-07-06T18:43:12","slug":"elektriline-voidusoidu-kart-24-v","status":"publish","type":"product","link":"https:\/\/projekt.vombat.ee\/eco\/pood\/laste-elektrisoidukid\/elektrikardid\/elektriline-voidusoidu-kart-24-v\/","title":{"rendered":"Elektriline v\u00f5idus\u00f5idu kart, 24 V"},"content":{"rendered":"<p style=\"text-align: center;\"><a href=\"https:\/\/projekt.vombat.ee\/eco\/\"><strong>Elektriline kart \u2013 24 V valge mudel lastele<\/strong><\/a><\/p>\n<p style=\"text-align: center;\"><img fetchpriority=\"high\" decoding=\"async\" class=\"alignnone size-medium wp-image-18312\" src=\"https:\/\/projekt.vombat.ee\/eco\/wp-content\/uploads\/2024\/06\/1-26-300x300.png\" alt=\"Elektriline v\u00f5idus\u00f5idu F1 kart\" width=\"300\" height=\"300\" srcset=\"https:\/\/projekt.vombat.ee\/eco\/wp-content\/uploads\/2024\/06\/1-26-300x300.png 300w, https:\/\/projekt.vombat.ee\/eco\/wp-content\/uploads\/2024\/06\/1-26-150x150.png 150w, https:\/\/projekt.vombat.ee\/eco\/wp-content\/uploads\/2024\/06\/1-26-768x768.png 768w, https:\/\/projekt.vombat.ee\/eco\/wp-content\/uploads\/2024\/06\/1-26-500x500.png 500w, https:\/\/projekt.vombat.ee\/eco\/wp-content\/uploads\/2024\/06\/1-26-800x800.png 800w, https:\/\/projekt.vombat.ee\/eco\/wp-content\/uploads\/2024\/06\/1-26-50x50.png 50w, https:\/\/projekt.vombat.ee\/eco\/wp-content\/uploads\/2024\/06\/1-26-100x100.png 100w, https:\/\/projekt.vombat.ee\/eco\/wp-content\/uploads\/2024\/06\/1-26-370x370.png 370w, https:\/\/projekt.vombat.ee\/eco\/wp-content\/uploads\/2024\/06\/1-26-75x75.png 75w, https:\/\/projekt.vombat.ee\/eco\/wp-content\/uploads\/2024\/06\/1-26-760x760.png 760w, https:\/\/projekt.vombat.ee\/eco\/wp-content\/uploads\/2024\/06\/1-26.png 1000w\" sizes=\"(max-width: 300px) 100vw, 300px\" \/><\/p>\n<p>Tutvustame noorte v\u00f5idus\u00f5itjate \u00fclimat p\u00f5nevust \u2013 Electric Ride-On Racing F1 Kart. See esmaklassiline v\u00f5idus\u00f5idukart, mis on m\u00f5eldud lastele vanuses 3\u201311 aastat, tagab v\u00f5imsa 500 W j\u00f5udluse koos 24 V laetava akuga. Stiilne valge disain ja t\u00e4iustatud funktsioonid pakuvad realistlikku ja erutavat s\u00f5idukogemust koos vanemliku j\u00e4relevalve kaugjuhtimispuldiga.<\/p>\n<p style=\"text-align: center;\"><img decoding=\"async\" class=\"alignnone size-medium wp-image-18313\" src=\"https:\/\/projekt.vombat.ee\/eco\/wp-content\/uploads\/2024\/06\/2-26-300x300.png\" alt=\"Elektriline v\u00f5idus\u00f5idu F1 kart\" width=\"300\" height=\"300\" srcset=\"https:\/\/projekt.vombat.ee\/eco\/wp-content\/uploads\/2024\/06\/2-26-300x300.png 300w, https:\/\/projekt.vombat.ee\/eco\/wp-content\/uploads\/2024\/06\/2-26-150x150.png 150w, https:\/\/projekt.vombat.ee\/eco\/wp-content\/uploads\/2024\/06\/2-26-768x768.png 768w, https:\/\/projekt.vombat.ee\/eco\/wp-content\/uploads\/2024\/06\/2-26-500x500.png 500w, https:\/\/projekt.vombat.ee\/eco\/wp-content\/uploads\/2024\/06\/2-26-800x800.png 800w, https:\/\/projekt.vombat.ee\/eco\/wp-content\/uploads\/2024\/06\/2-26-50x50.png 50w, https:\/\/projekt.vombat.ee\/eco\/wp-content\/uploads\/2024\/06\/2-26-100x100.png 100w, https:\/\/projekt.vombat.ee\/eco\/wp-content\/uploads\/2024\/06\/2-26-370x370.png 370w, https:\/\/projekt.vombat.ee\/eco\/wp-content\/uploads\/2024\/06\/2-26-75x75.png 75w, https:\/\/projekt.vombat.ee\/eco\/wp-content\/uploads\/2024\/06\/2-26-760x760.png 760w, https:\/\/projekt.vombat.ee\/eco\/wp-content\/uploads\/2024\/06\/2-26.png 1000w\" sizes=\"(max-width: 300px) 100vw, 300px\" \/><\/p>\n<p><strong>Tehnilised andmed:<\/strong><\/p>\n<ul>\n<li>Mudel: Racing F1 Kart<\/li>\n<li>Mootori v\u00f5imsus: 500 W (250 W x 2)<\/li>\n<li>Aku: 24V 14Ah laetav<\/li>\n<li>V\u00e4rv: valge<\/li>\n<li>Materjal: kvaliteetne plastik pehme EVA kummist ratastega (ees) ja plastikust ratastega (taga)<\/li>\n<li>Istmed: \u00f6koloogilise nahaga polsterdatud \u00fcksikiste, varustatud turvav\u00f6\u00f6ga<\/li>\n<li>Kiirus: reguleeritavad kiiruse s\u00e4tted<\/li>\n<\/ul>\n<p style=\"text-align: center;\"><strong><img decoding=\"async\" class=\"alignnone size-medium wp-image-18315\" src=\"https:\/\/projekt.vombat.ee\/eco\/wp-content\/uploads\/2024\/06\/4-26-300x300.png\" alt=\"Elektriline v\u00f5idus\u00f5idu F1 kart\" width=\"300\" height=\"300\" srcset=\"https:\/\/projekt.vombat.ee\/eco\/wp-content\/uploads\/2024\/06\/4-26-300x300.png 300w, https:\/\/projekt.vombat.ee\/eco\/wp-content\/uploads\/2024\/06\/4-26-150x150.png 150w, https:\/\/projekt.vombat.ee\/eco\/wp-content\/uploads\/2024\/06\/4-26-768x768.png 768w, https:\/\/projekt.vombat.ee\/eco\/wp-content\/uploads\/2024\/06\/4-26-500x500.png 500w, https:\/\/projekt.vombat.ee\/eco\/wp-content\/uploads\/2024\/06\/4-26-800x800.png 800w, https:\/\/projekt.vombat.ee\/eco\/wp-content\/uploads\/2024\/06\/4-26-50x50.png 50w, https:\/\/projekt.vombat.ee\/eco\/wp-content\/uploads\/2024\/06\/4-26-100x100.png 100w, https:\/\/projekt.vombat.ee\/eco\/wp-content\/uploads\/2024\/06\/4-26-370x370.png 370w, https:\/\/projekt.vombat.ee\/eco\/wp-content\/uploads\/2024\/06\/4-26-75x75.png 75w, https:\/\/projekt.vombat.ee\/eco\/wp-content\/uploads\/2024\/06\/4-26-760x760.png 760w, https:\/\/projekt.vombat.ee\/eco\/wp-content\/uploads\/2024\/06\/4-26.png 1000w\" sizes=\"(max-width: 300px) 100vw, 300px\" \/><\/strong><\/p>\n<p>&nbsp;<\/p>\n<p style=\"text-align: left;\"><strong>Funktsioonid:<\/strong><\/p>\n<ul>\n<li>Mitme funktsiooni ja \u00fchendusega MP3-m\u00e4ngija<\/li>\n<li>S\u00f5idusuuna muutmise l\u00fcliti (edasi\/tagasi)<\/li>\n<li>Sisse\/v\u00e4lja nupp 12V toites\u00fcsteemi jaoks<\/li>\n<li>Laadimissadam on n\u00e4htaval<\/li>\n<li>Reguleeritavad pedaalid<\/li>\n<li>Heli, mis imiteerib auto k\u00e4ivitamist<\/li>\n<li>Pehmed EVA kummist rattad ees, et tagada vaikne ja mugav s\u00f5it<\/li>\n<li>Plastikust tagarattad v\u00e4hendavad haardumist ja libisemisv\u00f5imalust<\/li>\n<li>Ohutus: vanemlik kontroll kaugjuhtimispuldiga, lapse k\u00e4sitsi juhtimine<\/li>\n<li>Kandev\u00f5ime: kuni 54 kg<\/li>\n<li>Toote kaal: 24 kg<\/li>\n<li>M\u00f5\u00f5dud: 113 x 67 x 48 cm<\/li>\n<li>Vajalik kokkupanek: jah<\/li>\n<li>Kaasas: laadija ja kaugjuhtimispult<\/li>\n<\/ul>\n<p><img loading=\"lazy\" decoding=\"async\" class=\"size-medium wp-image-18321 aligncenter\" src=\"https:\/\/projekt.vombat.ee\/eco\/wp-content\/uploads\/2024\/06\/10-21-300x300.png\" alt=\"Elektriline v\u00f5idus\u00f5idu F1 kart\" width=\"300\" height=\"300\" srcset=\"https:\/\/projekt.vombat.ee\/eco\/wp-content\/uploads\/2024\/06\/10-21-300x300.png 300w, https:\/\/projekt.vombat.ee\/eco\/wp-content\/uploads\/2024\/06\/10-21-150x150.png 150w, https:\/\/projekt.vombat.ee\/eco\/wp-content\/uploads\/2024\/06\/10-21-768x768.png 768w, https:\/\/projekt.vombat.ee\/eco\/wp-content\/uploads\/2024\/06\/10-21-500x500.png 500w, https:\/\/projekt.vombat.ee\/eco\/wp-content\/uploads\/2024\/06\/10-21-800x800.png 800w, https:\/\/projekt.vombat.ee\/eco\/wp-content\/uploads\/2024\/06\/10-21-50x50.png 50w, https:\/\/projekt.vombat.ee\/eco\/wp-content\/uploads\/2024\/06\/10-21-100x100.png 100w, https:\/\/projekt.vombat.ee\/eco\/wp-content\/uploads\/2024\/06\/10-21-370x370.png 370w, https:\/\/projekt.vombat.ee\/eco\/wp-content\/uploads\/2024\/06\/10-21-75x75.png 75w, https:\/\/projekt.vombat.ee\/eco\/wp-content\/uploads\/2024\/06\/10-21-760x760.png 760w, https:\/\/projekt.vombat.ee\/eco\/wp-content\/uploads\/2024\/06\/10-21.png 1000w\" sizes=\"(max-width: 300px) 100vw, 300px\" \/><\/p>\n<p><strong>KKK:<\/strong><\/p>\n<p>K1: Kui kaua aku t\u00e4islaadimisel vastu peab?<br \/>\nV1: aku kestab tavaliselt 1\u20132 tundi, olenevalt kasutusest ja maastikust.<\/p>\n<p>K2: Kas kart on v\u00e4ikelastele ohutu?<br \/>\nV2: Jah, see sisaldab turvav\u00f6\u00f6d, reguleeritavaid kiiruse seadistusi ja ohutuse tagamiseks vanemliku j\u00e4relevalve kaugjuhtimispulti.<\/p>\n<p>Q3: Kas kardi saab kasutada erinevat t\u00fc\u00fcpi maastikul?<br \/>\nA3: Eesmised EVA kummist rattad tagavad mugava s\u00f5idu erinevatel pindadel, tagumised plastikrattad v\u00f5imaldavad aga kontrollitud libisemist.<\/p>\n<p>Q4: Kui kaua v\u00f5tab kardi kokkupanemine aega?<br \/>\nA4: kokkupanek v\u00f5tab koos kaasasolevate juhistega tavaliselt umbes 30\u201345 minutit.<\/p>\n<p>K5: Kas kardil on meelelahutusfunktsioone?<br \/>\nV5: Jah, see sisaldab mitme funktsiooni ja \u00fchendusega MP3-m\u00e4ngijat, mis pakub lastele s\u00f5idu ajal meelelahutust.<\/p>\n<p><img loading=\"lazy\" decoding=\"async\" class=\"aligncenter wp-image-18320 size-medium\" src=\"https:\/\/projekt.vombat.ee\/eco\/wp-content\/uploads\/2024\/06\/9-22-300x300.png\" alt=\"Elektriline v\u00f5idus\u00f5idu F1 kart\" width=\"300\" height=\"300\" srcset=\"https:\/\/projekt.vombat.ee\/eco\/wp-content\/uploads\/2024\/06\/9-22-300x300.png 300w, https:\/\/projekt.vombat.ee\/eco\/wp-content\/uploads\/2024\/06\/9-22-150x150.png 150w, https:\/\/projekt.vombat.ee\/eco\/wp-content\/uploads\/2024\/06\/9-22-768x768.png 768w, https:\/\/projekt.vombat.ee\/eco\/wp-content\/uploads\/2024\/06\/9-22-500x500.png 500w, https:\/\/projekt.vombat.ee\/eco\/wp-content\/uploads\/2024\/06\/9-22-800x800.png 800w, https:\/\/projekt.vombat.ee\/eco\/wp-content\/uploads\/2024\/06\/9-22-50x50.png 50w, https:\/\/projekt.vombat.ee\/eco\/wp-content\/uploads\/2024\/06\/9-22-100x100.png 100w, https:\/\/projekt.vombat.ee\/eco\/wp-content\/uploads\/2024\/06\/9-22-370x370.png 370w, https:\/\/projekt.vombat.ee\/eco\/wp-content\/uploads\/2024\/06\/9-22-75x75.png 75w, https:\/\/projekt.vombat.ee\/eco\/wp-content\/uploads\/2024\/06\/9-22-760x760.png 760w, https:\/\/projekt.vombat.ee\/eco\/wp-content\/uploads\/2024\/06\/9-22.png 1000w\" sizes=\"(max-width: 300px) 100vw, 300px\" \/><br \/>\nElectric Ride-On Racing F1 Kart kuulub laste v\u00f5idus\u00f5iduautode kategooriasse. See \u017eanr sobib peredele, kes otsivad suure j\u00f5udlusega p\u00f5nevaid m\u00e4nguasju, mis pakuvad v\u00e4ikelastele nii l\u00f5busaid kui ka arendavaid eeliseid.<\/p>\n<p><img loading=\"lazy\" decoding=\"async\" class=\"size-medium wp-image-18325 aligncenter\" src=\"https:\/\/projekt.vombat.ee\/eco\/wp-content\/uploads\/2024\/06\/14-16-300x300.png\" alt=\"Elektriline v\u00f5idus\u00f5idu F1 kart\" width=\"300\" height=\"300\" srcset=\"https:\/\/projekt.vombat.ee\/eco\/wp-content\/uploads\/2024\/06\/14-16-300x300.png 300w, https:\/\/projekt.vombat.ee\/eco\/wp-content\/uploads\/2024\/06\/14-16-150x150.png 150w, https:\/\/projekt.vombat.ee\/eco\/wp-content\/uploads\/2024\/06\/14-16-768x768.png 768w, https:\/\/projekt.vombat.ee\/eco\/wp-content\/uploads\/2024\/06\/14-16-500x500.png 500w, https:\/\/projekt.vombat.ee\/eco\/wp-content\/uploads\/2024\/06\/14-16-800x800.png 800w, https:\/\/projekt.vombat.ee\/eco\/wp-content\/uploads\/2024\/06\/14-16-50x50.png 50w, https:\/\/projekt.vombat.ee\/eco\/wp-content\/uploads\/2024\/06\/14-16-100x100.png 100w, https:\/\/projekt.vombat.ee\/eco\/wp-content\/uploads\/2024\/06\/14-16-370x370.png 370w, https:\/\/projekt.vombat.ee\/eco\/wp-content\/uploads\/2024\/06\/14-16-75x75.png 75w, https:\/\/projekt.vombat.ee\/eco\/wp-content\/uploads\/2024\/06\/14-16-760x760.png 760w, https:\/\/projekt.vombat.ee\/eco\/wp-content\/uploads\/2024\/06\/14-16.png 1000w\" sizes=\"(max-width: 300px) 100vw, 300px\" \/><\/p>\n<p><strong>J\u00e4reldus:<\/strong><\/p>\n<p>Electric Ride-On Racing F1 Kart on midagi enamat kui lihtsalt m\u00e4nguasi; see on noortele s\u00f5itjatele p\u00f5nev v\u00f5idus\u00f5idukogemus. Oma elegantse disaini, kaasaegsete funktsioonide ja k\u00f5ikeh\u00f5lmavate turvameetmete seguga pakub see 3\u201311-aastastele lastele v\u00f5rratu s\u00f5iduseiklus. Olgu see s\u00fcnnip\u00e4evakingitus v\u00f5i eriline maiuspala \u2013 see kart pakub kindlasti r\u00f5\u00f5mu ja elevust igale lapsele.<\/p>\n","protected":false},"excerpt":{"rendered":"<ul>\n<li>Elektriline kart lastele<\/li>\n<li>V\u00e4rvus: Valge<\/li>\n<li>Kaugjuhitavus<\/li>\n<li>MP3 m\u00e4ngija<\/li>\n<li>Turvav\u00f6\u00f6 ja reguleeritav kiirus<\/li>\n<li>V\u00f5imsus: 500W<\/li>\n<li>Aku: 24V 14Ah<\/li>\n<\/ul>\n<p><strong>\u2666 Tarneaeg 3-7 p\u00e4eva<\/strong><br \/>\n<strong>\u2666 Laos<\/strong><\/p>\n","protected":false},"featured_media":18312,"template":"","meta":[],"product_cat":[3758,1655],"product_tag":[3416,3412,3432,3342,3040,3438,3336,3428,3326,3128,3352,3426,3170,3334,3422,3424,3360,3434,3418,3356,3346,3436,3430,3420,3414],"class_list":{"0":"post-18311","1":"product","2":"type-product","3":"status-publish","4":"has-post-thumbnail","6":"product_cat-elektrikardid","7":"product_cat-laste-elektrisoidukid","8":"product_tag-24-v-pealesoiduauto","9":"product_tag-elektriline-kart","10":"product_tag-klassikaline-kart","11":"product_tag-kvaliteetne-laste-manguasi","12":"product_tag-laste-elektriauto","13":"product_tag-laste-elektriline-voidusoidukart","14":"product_tag-laste-elektrisoiduk","15":"product_tag-laste-kart-koos-pleieriga","16":"product_tag-laste-luksuslik-soit","17":"product_tag-laste-mootorsoiduk","18":"product_tag-lobus-soit-lastele","19":"product_tag-mp3-mangijaga-pealesoit","20":"product_tag-ohutu-pealesoit-lastele","21":"product_tag-premium-klassi-manguasi","22":"product_tag-puldiga-soidetav-kart","23":"product_tag-realistlik-laste-kart","24":"product_tag-reguleeritav-soidukiirus","25":"product_tag-turvavooga-pealesoit","26":"product_tag-valge-kart","27":"product_tag-vanemliku-jarelevalvega-soiduauto","28":"product_tag-vastupidav-soiduauto","29":"product_tag-voidusoidu-elektriauto-lastele","30":"product_tag-voidusoidu-f1-lastesoiduk","31":"product_tag-voidusoidu-f1-manguauto","32":"product_tag-voidusoit-f1-lastele","34":"first","35":"instock","36":"taxable","37":"shipping-taxable","38":"purchasable","39":"product-type-simple"},"yoast_head":"<!-- This site is optimized with the Yoast SEO plugin v23.8 - https:\/\/yoast.com\/wordpress\/plugins\/seo\/ -->\n<title>Elektriline v\u00f5idus\u00f5idu kart, 24 V - Ecocruiser<\/title>\n<meta name=\"description\" content=\"Avastage Electric Ride-On Racing F1 Kart, esmaklassiline valge 24 V kart, millel on 500 W mootor, turvav\u00f6\u00f6 ja MP3-m\u00e4ngija\" \/>\n<meta name=\"robots\" content=\"noindex, follow, max-snippet:-1, max-image-preview:large, max-video-preview:-1\" \/>\n<meta property=\"og:locale\" content=\"en_GB\" \/>\n<meta property=\"og:type\" content=\"article\" \/>\n<meta property=\"og:title\" content=\"Elektriline v\u00f5idus\u00f5idu kart, 24 V - Ecocruiser\" \/>\n<meta property=\"og:description\" content=\"Avastage Electric Ride-On Racing F1 Kart, esmaklassiline valge 24 V kart, millel on 500 W mootor, turvav\u00f6\u00f6 ja MP3-m\u00e4ngija\" \/>\n<meta property=\"og:url\" content=\"https:\/\/projekt.vombat.ee\/eco\/pood\/laste-elektrisoidukid\/elektrikardid\/elektriline-voidusoidu-kart-24-v\/\" \/>\n<meta property=\"og:site_name\" content=\"Ecocruiser\" \/>\n<meta property=\"article:modified_time\" content=\"2024-07-06T18:43:12+00:00\" \/>\n<meta property=\"og:image\" content=\"https:\/\/projekt.vombat.ee\/eco\/wp-content\/uploads\/2024\/06\/1-26.png\" \/>\n\t<meta property=\"og:image:width\" content=\"1000\" \/>\n\t<meta property=\"og:image:height\" content=\"1000\" \/>\n\t<meta property=\"og:image:type\" content=\"image\/png\" \/>\n<meta name=\"twitter:card\" content=\"summary_large_image\" \/>\n<meta name=\"twitter:label1\" content=\"Estimated reading time\" \/>\n\t<meta name=\"twitter:data1\" content=\"3 minutes\" \/>\n<script type=\"application\/ld+json\" class=\"yoast-schema-graph\">{\"@context\":\"https:\/\/schema.org\",\"@graph\":[{\"@type\":\"WebPage\",\"@id\":\"https:\/\/projekt.vombat.ee\/eco\/pood\/laste-elektrisoidukid\/elektrikardid\/elektriline-voidusoidu-kart-24-v\/\",\"url\":\"https:\/\/projekt.vombat.ee\/eco\/pood\/laste-elektrisoidukid\/elektrikardid\/elektriline-voidusoidu-kart-24-v\/\",\"name\":\"Elektriline v\u00f5idus\u00f5idu kart, 24 V - Ecocruiser\",\"isPartOf\":{\"@id\":\"https:\/\/projekt.vombat.ee\/eco\/#website\"},\"primaryImageOfPage\":{\"@id\":\"https:\/\/projekt.vombat.ee\/eco\/pood\/laste-elektrisoidukid\/elektrikardid\/elektriline-voidusoidu-kart-24-v\/#primaryimage\"},\"image\":{\"@id\":\"https:\/\/projekt.vombat.ee\/eco\/pood\/laste-elektrisoidukid\/elektrikardid\/elektriline-voidusoidu-kart-24-v\/#primaryimage\"},\"thumbnailUrl\":\"https:\/\/projekt.vombat.ee\/eco\/wp-content\/uploads\/2024\/06\/1-26.png\",\"datePublished\":\"2024-06-15T20:29:30+00:00\",\"dateModified\":\"2024-07-06T18:43:12+00:00\",\"description\":\"Avastage Electric Ride-On Racing F1 Kart, esmaklassiline valge 24 V kart, millel on 500 W mootor, turvav\u00f6\u00f6 ja MP3-m\u00e4ngija\",\"breadcrumb\":{\"@id\":\"https:\/\/projekt.vombat.ee\/eco\/pood\/laste-elektrisoidukid\/elektrikardid\/elektriline-voidusoidu-kart-24-v\/#breadcrumb\"},\"inLanguage\":\"en-GB\",\"potentialAction\":[{\"@type\":\"ReadAction\",\"target\":[\"https:\/\/projekt.vombat.ee\/eco\/pood\/laste-elektrisoidukid\/elektrikardid\/elektriline-voidusoidu-kart-24-v\/\"]}]},{\"@type\":\"ImageObject\",\"inLanguage\":\"en-GB\",\"@id\":\"https:\/\/projekt.vombat.ee\/eco\/pood\/laste-elektrisoidukid\/elektrikardid\/elektriline-voidusoidu-kart-24-v\/#primaryimage\",\"url\":\"https:\/\/projekt.vombat.ee\/eco\/wp-content\/uploads\/2024\/06\/1-26.png\",\"contentUrl\":\"https:\/\/projekt.vombat.ee\/eco\/wp-content\/uploads\/2024\/06\/1-26.png\",\"width\":1000,\"height\":1000,\"caption\":\"Elektriline v\u00f5idus\u00f5idu F1 kart\"},{\"@type\":\"BreadcrumbList\",\"@id\":\"https:\/\/projekt.vombat.ee\/eco\/pood\/laste-elektrisoidukid\/elektrikardid\/elektriline-voidusoidu-kart-24-v\/#breadcrumb\",\"itemListElement\":[{\"@type\":\"ListItem\",\"position\":1,\"name\":\"Home\",\"item\":\"https:\/\/projekt.vombat.ee\/eco\/\"},{\"@type\":\"ListItem\",\"position\":2,\"name\":\"Pood\",\"item\":\"https:\/\/projekt.vombat.ee\/eco\/pood\/\"},{\"@type\":\"ListItem\",\"position\":3,\"name\":\"Elektriline v\u00f5idus\u00f5idu kart, 24 V\"}]},{\"@type\":\"WebSite\",\"@id\":\"https:\/\/projekt.vombat.ee\/eco\/#website\",\"url\":\"https:\/\/projekt.vombat.ee\/eco\/\",\"name\":\"Ecocruiser\",\"description\":\"\",\"publisher\":{\"@id\":\"https:\/\/projekt.vombat.ee\/eco\/#organization\"},\"potentialAction\":[{\"@type\":\"SearchAction\",\"target\":{\"@type\":\"EntryPoint\",\"urlTemplate\":\"https:\/\/projekt.vombat.ee\/eco\/?s={search_term_string}\"},\"query-input\":{\"@type\":\"PropertyValueSpecification\",\"valueRequired\":true,\"valueName\":\"search_term_string\"}}],\"inLanguage\":\"en-GB\"},{\"@type\":\"Organization\",\"@id\":\"https:\/\/projekt.vombat.ee\/eco\/#organization\",\"name\":\"Ecocruiser\",\"url\":\"https:\/\/projekt.vombat.ee\/eco\/\",\"logo\":{\"@type\":\"ImageObject\",\"inLanguage\":\"en-GB\",\"@id\":\"https:\/\/projekt.vombat.ee\/eco\/#\/schema\/logo\/image\/\",\"url\":\"https:\/\/projekt.vombat.ee\/eco\/wp-content\/uploads\/2023\/03\/ECOCRUISER_5.png\",\"contentUrl\":\"https:\/\/projekt.vombat.ee\/eco\/wp-content\/uploads\/2023\/03\/ECOCRUISER_5.png\",\"width\":234,\"height\":91,\"caption\":\"Ecocruiser\"},\"image\":{\"@id\":\"https:\/\/projekt.vombat.ee\/eco\/#\/schema\/logo\/image\/\"}}]}<\/script>\n<!-- \/ Yoast SEO plugin. -->","yoast_head_json":{"title":"Elektriline v\u00f5idus\u00f5idu kart, 24 V - Ecocruiser","description":"Avastage Electric Ride-On Racing F1 Kart, esmaklassiline valge 24 V kart, millel on 500 W mootor, turvav\u00f6\u00f6 ja MP3-m\u00e4ngija","robots":{"index":"noindex","follow":"follow","max-snippet":"max-snippet:-1","max-image-preview":"max-image-preview:large","max-video-preview":"max-video-preview:-1"},"og_locale":"en_GB","og_type":"article","og_title":"Elektriline v\u00f5idus\u00f5idu kart, 24 V - Ecocruiser","og_description":"Avastage Electric Ride-On Racing F1 Kart, esmaklassiline valge 24 V kart, millel on 500 W mootor, turvav\u00f6\u00f6 ja MP3-m\u00e4ngija","og_url":"https:\/\/projekt.vombat.ee\/eco\/pood\/laste-elektrisoidukid\/elektrikardid\/elektriline-voidusoidu-kart-24-v\/","og_site_name":"Ecocruiser","article_modified_time":"2024-07-06T18:43:12+00:00","og_image":[{"width":1000,"height":1000,"url":"https:\/\/projekt.vombat.ee\/eco\/wp-content\/uploads\/2024\/06\/1-26.png","type":"image\/png"}],"twitter_card":"summary_large_image","twitter_misc":{"Estimated reading time":"3 minutes"},"schema":{"@context":"https:\/\/schema.org","@graph":[{"@type":"WebPage","@id":"https:\/\/projekt.vombat.ee\/eco\/pood\/laste-elektrisoidukid\/elektrikardid\/elektriline-voidusoidu-kart-24-v\/","url":"https:\/\/projekt.vombat.ee\/eco\/pood\/laste-elektrisoidukid\/elektrikardid\/elektriline-voidusoidu-kart-24-v\/","name":"Elektriline v\u00f5idus\u00f5idu kart, 24 V - Ecocruiser","isPartOf":{"@id":"https:\/\/projekt.vombat.ee\/eco\/#website"},"primaryImageOfPage":{"@id":"https:\/\/projekt.vombat.ee\/eco\/pood\/laste-elektrisoidukid\/elektrikardid\/elektriline-voidusoidu-kart-24-v\/#primaryimage"},"image":{"@id":"https:\/\/projekt.vombat.ee\/eco\/pood\/laste-elektrisoidukid\/elektrikardid\/elektriline-voidusoidu-kart-24-v\/#primaryimage"},"thumbnailUrl":"https:\/\/projekt.vombat.ee\/eco\/wp-content\/uploads\/2024\/06\/1-26.png","datePublished":"2024-06-15T20:29:30+00:00","dateModified":"2024-07-06T18:43:12+00:00","description":"Avastage Electric Ride-On Racing F1 Kart, esmaklassiline valge 24 V kart, millel on 500 W mootor, turvav\u00f6\u00f6 ja MP3-m\u00e4ngija","breadcrumb":{"@id":"https:\/\/projekt.vombat.ee\/eco\/pood\/laste-elektrisoidukid\/elektrikardid\/elektriline-voidusoidu-kart-24-v\/#breadcrumb"},"inLanguage":"en-GB","potentialAction":[{"@type":"ReadAction","target":["https:\/\/projekt.vombat.ee\/eco\/pood\/laste-elektrisoidukid\/elektrikardid\/elektriline-voidusoidu-kart-24-v\/"]}]},{"@type":"ImageObject","inLanguage":"en-GB","@id":"https:\/\/projekt.vombat.ee\/eco\/pood\/laste-elektrisoidukid\/elektrikardid\/elektriline-voidusoidu-kart-24-v\/#primaryimage","url":"https:\/\/projekt.vombat.ee\/eco\/wp-content\/uploads\/2024\/06\/1-26.png","contentUrl":"https:\/\/projekt.vombat.ee\/eco\/wp-content\/uploads\/2024\/06\/1-26.png","width":1000,"height":1000,"caption":"Elektriline v\u00f5idus\u00f5idu F1 kart"},{"@type":"BreadcrumbList","@id":"https:\/\/projekt.vombat.ee\/eco\/pood\/laste-elektrisoidukid\/elektrikardid\/elektriline-voidusoidu-kart-24-v\/#breadcrumb","itemListElement":[{"@type":"ListItem","position":1,"name":"Home","item":"https:\/\/projekt.vombat.ee\/eco\/"},{"@type":"ListItem","position":2,"name":"Pood","item":"https:\/\/projekt.vombat.ee\/eco\/pood\/"},{"@type":"ListItem","position":3,"name":"Elektriline v\u00f5idus\u00f5idu kart, 24 V"}]},{"@type":"WebSite","@id":"https:\/\/projekt.vombat.ee\/eco\/#website","url":"https:\/\/projekt.vombat.ee\/eco\/","name":"Ecocruiser","description":"","publisher":{"@id":"https:\/\/projekt.vombat.ee\/eco\/#organization"},"potentialAction":[{"@type":"SearchAction","target":{"@type":"EntryPoint","urlTemplate":"https:\/\/projekt.vombat.ee\/eco\/?s={search_term_string}"},"query-input":{"@type":"PropertyValueSpecification","valueRequired":true,"valueName":"search_term_string"}}],"inLanguage":"en-GB"},{"@type":"Organization","@id":"https:\/\/projekt.vombat.ee\/eco\/#organization","name":"Ecocruiser","url":"https:\/\/projekt.vombat.ee\/eco\/","logo":{"@type":"ImageObject","inLanguage":"en-GB","@id":"https:\/\/projekt.vombat.ee\/eco\/#\/schema\/logo\/image\/","url":"https:\/\/projekt.vombat.ee\/eco\/wp-content\/uploads\/2023\/03\/ECOCRUISER_5.png","contentUrl":"https:\/\/projekt.vombat.ee\/eco\/wp-content\/uploads\/2023\/03\/ECOCRUISER_5.png","width":234,"height":91,"caption":"Ecocruiser"},"image":{"@id":"https:\/\/projekt.vombat.ee\/eco\/#\/schema\/logo\/image\/"}}]}},"lang":"et","translations":{"et":18311,"fr":20602},"pll_sync_post":[],"_links":{"self":[{"href":"https:\/\/projekt.vombat.ee\/eco\/wp-json\/wp\/v2\/product\/18311"}],"collection":[{"href":"https:\/\/projekt.vombat.ee\/eco\/wp-json\/wp\/v2\/product"}],"about":[{"href":"https:\/\/projekt.vombat.ee\/eco\/wp-json\/wp\/v2\/types\/product"}],"version-history":[{"count":4,"href":"https:\/\/projekt.vombat.ee\/eco\/wp-json\/wp\/v2\/product\/18311\/revisions"}],"predecessor-version":[{"id":18899,"href":"https:\/\/projekt.vombat.ee\/eco\/wp-json\/wp\/v2\/product\/18311\/revisions\/18899"}],"wp:featuredmedia":[{"embeddable":true,"href":"https:\/\/projekt.vombat.ee\/eco\/wp-json\/wp\/v2\/media\/18312"}],"wp:attachment":[{"href":"https:\/\/projekt.vombat.ee\/eco\/wp-json\/wp\/v2\/media?parent=18311"}],"wp:term":[{"taxonomy":"product_cat","embeddable":true,"href":"https:\/\/projekt.vombat.ee\/eco\/wp-json\/wp\/v2\/product_cat?post=18311"},{"taxonomy":"product_tag","embeddable":true,"href":"https:\/\/projekt.vombat.ee\/eco\/wp-json\/wp\/v2\/product_tag?post=18311"}],"curies":[{"name":"wp","href":"https:\/\/api.w.org\/{rel}","templated":true}]}}