{"id":18292,"date":"2024-06-16T13:18:13","date_gmt":"2024-06-16T13:18:13","guid":{"rendered":"https:\/\/projekt.vombat.ee\/eco\/?post_type=product&#038;p=18292"},"modified":"2024-08-03T18:22:01","modified_gmt":"2024-08-03T18:22:01","slug":"litsentsiga-soiduauto-lastele-mercedes-g63-xxl","status":"publish","type":"product","link":"https:\/\/projekt.vombat.ee\/eco\/pood\/laste-elektrisoidukid\/elektriautod\/litsentsiga-soiduauto-lastele-mercedes-g63-xxl\/","title":{"rendered":"Laste elektriauto Mercedes G63 XXL"},"content":{"rendered":"<p style=\"text-align: center;\"><strong>Laste elektriauto Mercedes G63 XXL, 2 istet, 4&#215;4, 180W, 12V, Premium, punane<\/strong><\/p>\n<p><img fetchpriority=\"high\" decoding=\"async\" class=\"size-medium wp-image-18293 aligncenter\" src=\"https:\/\/projekt.vombat.ee\/eco\/wp-content\/uploads\/2024\/06\/1-25-300x300.png\" alt=\"Licensed ride-on car for children Mercedes G63 XXL, with 2 seats, 4x4, 180W 12V, premium, red\" width=\"300\" height=\"300\" srcset=\"https:\/\/projekt.vombat.ee\/eco\/wp-content\/uploads\/2024\/06\/1-25-300x300.png 300w, https:\/\/projekt.vombat.ee\/eco\/wp-content\/uploads\/2024\/06\/1-25-150x150.png 150w, https:\/\/projekt.vombat.ee\/eco\/wp-content\/uploads\/2024\/06\/1-25-768x768.png 768w, https:\/\/projekt.vombat.ee\/eco\/wp-content\/uploads\/2024\/06\/1-25-500x500.png 500w, https:\/\/projekt.vombat.ee\/eco\/wp-content\/uploads\/2024\/06\/1-25-800x800.png 800w, https:\/\/projekt.vombat.ee\/eco\/wp-content\/uploads\/2024\/06\/1-25-50x50.png 50w, https:\/\/projekt.vombat.ee\/eco\/wp-content\/uploads\/2024\/06\/1-25-100x100.png 100w, https:\/\/projekt.vombat.ee\/eco\/wp-content\/uploads\/2024\/06\/1-25-370x370.png 370w, https:\/\/projekt.vombat.ee\/eco\/wp-content\/uploads\/2024\/06\/1-25-75x75.png 75w, https:\/\/projekt.vombat.ee\/eco\/wp-content\/uploads\/2024\/06\/1-25-760x760.png 760w, https:\/\/projekt.vombat.ee\/eco\/wp-content\/uploads\/2024\/06\/1-25.png 1000w\" sizes=\"(max-width: 300px) 100vw, 300px\" \/><\/p>\n<p>Tutvustage oma lastele luksuse ja seikluste p\u00f5nevust elektriautoga Mercedes G63 XXL, 2 istet, 4&#215;4, 180 W, 12 V, Premium, punane. See vapustav elektriauto on ikoonilise Mercedes G63 ustav koopia, mis on loodud pakkuma noortele avastajatele v\u00f5rratut s\u00f5idukogemust. V\u00f5imsa 180 W mootori, 12 V aku ja avara kahe istmega esmaklassiline s\u00f5iduk pakub nii j\u00f5udlust kui ka stiili.<\/p>\n<p><img decoding=\"async\" class=\"size-medium wp-image-18294 aligncenter\" src=\"https:\/\/projekt.vombat.ee\/eco\/wp-content\/uploads\/2024\/06\/2-25-300x300.png\" alt=\"Litsentsiga s\u00f5iduauto lastele Mercedes G63 XXL \" width=\"300\" height=\"300\" srcset=\"https:\/\/projekt.vombat.ee\/eco\/wp-content\/uploads\/2024\/06\/2-25-300x300.png 300w, https:\/\/projekt.vombat.ee\/eco\/wp-content\/uploads\/2024\/06\/2-25-150x150.png 150w, https:\/\/projekt.vombat.ee\/eco\/wp-content\/uploads\/2024\/06\/2-25-768x768.png 768w, https:\/\/projekt.vombat.ee\/eco\/wp-content\/uploads\/2024\/06\/2-25-500x500.png 500w, https:\/\/projekt.vombat.ee\/eco\/wp-content\/uploads\/2024\/06\/2-25-800x800.png 800w, https:\/\/projekt.vombat.ee\/eco\/wp-content\/uploads\/2024\/06\/2-25-50x50.png 50w, https:\/\/projekt.vombat.ee\/eco\/wp-content\/uploads\/2024\/06\/2-25-100x100.png 100w, https:\/\/projekt.vombat.ee\/eco\/wp-content\/uploads\/2024\/06\/2-25-370x370.png 370w, https:\/\/projekt.vombat.ee\/eco\/wp-content\/uploads\/2024\/06\/2-25-75x75.png 75w, https:\/\/projekt.vombat.ee\/eco\/wp-content\/uploads\/2024\/06\/2-25-760x760.png 760w, https:\/\/projekt.vombat.ee\/eco\/wp-content\/uploads\/2024\/06\/2-25.png 1000w\" sizes=\"(max-width: 300px) 100vw, 300px\" \/><\/p>\n<p><strong>Eelised ja omadused<\/strong><\/p>\n<ul>\n<li>Autentne disain: luksusliku Mercedes G63 hoolikalt valmistatud koopia, millel on julged jooned ja silmatorkav punane viimistlus.<\/li>\n<li>V\u00f5imas j\u00f5udlus: varustatud tugeva 180 W mootori ja 12 V akuga, mis tagab sujuva ja v\u00f5imsa s\u00f5idu.<\/li>\n<li>4&#215;4-vedu: nelikvedu tagab suurep\u00e4rase veoj\u00f5u ja juhitavuse erinevatel maastikel.<\/li>\n<li>Kahekordne iste: disainitud kahe mugava istmega, mis sobivad ideaalselt \u00fchisteks seiklusteks.<\/li>\n<li>Esmaklassilised omadused: Sisaldab t\u00f6\u00f6tavaid LED-esitulesid, realistlikke mootorihelisid, funktsionaalset helisignaali ja reguleeritavaid turvav\u00f6\u00f6sid ohutuse suurendamiseks.<\/li>\n<li>Vanemlik kaugjuhtimispult: v\u00f5imaldab vanematel autot juhtida ja juhtida, tagades ohutuse ja meelerahu.<\/li>\n<\/ul>\n<p><img decoding=\"async\" class=\"size-medium wp-image-18295 aligncenter\" src=\"https:\/\/projekt.vombat.ee\/eco\/wp-content\/uploads\/2024\/06\/3-25-300x300.png\" alt=\"Litsentsiga s\u00f5iduauto lastele Mercedes G63 XXL, 2 istet, 4x4, 180W, 12V, Premium, punane\" width=\"300\" height=\"300\" srcset=\"https:\/\/projekt.vombat.ee\/eco\/wp-content\/uploads\/2024\/06\/3-25-300x300.png 300w, https:\/\/projekt.vombat.ee\/eco\/wp-content\/uploads\/2024\/06\/3-25-150x150.png 150w, https:\/\/projekt.vombat.ee\/eco\/wp-content\/uploads\/2024\/06\/3-25-768x768.png 768w, https:\/\/projekt.vombat.ee\/eco\/wp-content\/uploads\/2024\/06\/3-25-500x500.png 500w, https:\/\/projekt.vombat.ee\/eco\/wp-content\/uploads\/2024\/06\/3-25-800x800.png 800w, https:\/\/projekt.vombat.ee\/eco\/wp-content\/uploads\/2024\/06\/3-25-50x50.png 50w, https:\/\/projekt.vombat.ee\/eco\/wp-content\/uploads\/2024\/06\/3-25-100x100.png 100w, https:\/\/projekt.vombat.ee\/eco\/wp-content\/uploads\/2024\/06\/3-25-370x370.png 370w, https:\/\/projekt.vombat.ee\/eco\/wp-content\/uploads\/2024\/06\/3-25-75x75.png 75w, https:\/\/projekt.vombat.ee\/eco\/wp-content\/uploads\/2024\/06\/3-25-760x760.png 760w, https:\/\/projekt.vombat.ee\/eco\/wp-content\/uploads\/2024\/06\/3-25.png 1000w\" sizes=\"(max-width: 300px) 100vw, 300px\" \/><\/p>\n<p><strong>Mille poolest see konkurentsist eristub?<\/strong><\/p>\n<p>Laste\u00a0 elektriauto Mercedes G63 XXL, 2 istet, 4&#215;4, 180W, 12V, Premium, Red paistab silma erakordse koostekvaliteedi ja realistliku disainiga. Erinevalt teistest s\u00f5iduvahenditest tagab see litsentsitud koopia autentsuse ja j\u00f5udluse k\u00f5rged standardid. Selle luksuslike funktsioonide ja v\u00f5imsa j\u00f5udluse kombinatsioon muudab selle parimaks valikuks noortele juhtidele, kes ihkavad nii stiili kui seiklusi.<\/p>\n<p><img loading=\"lazy\" decoding=\"async\" class=\"size-medium wp-image-18296 aligncenter\" src=\"https:\/\/projekt.vombat.ee\/eco\/wp-content\/uploads\/2024\/06\/4-25-300x300.png\" alt=\"Litsentsiga s\u00f5iduauto lastele Mercedes G63 XXL, 2 istet, 4x4, 180W, 12V, Premium, punane\" width=\"300\" height=\"300\" srcset=\"https:\/\/projekt.vombat.ee\/eco\/wp-content\/uploads\/2024\/06\/4-25-300x300.png 300w, https:\/\/projekt.vombat.ee\/eco\/wp-content\/uploads\/2024\/06\/4-25-150x150.png 150w, https:\/\/projekt.vombat.ee\/eco\/wp-content\/uploads\/2024\/06\/4-25-768x768.png 768w, https:\/\/projekt.vombat.ee\/eco\/wp-content\/uploads\/2024\/06\/4-25-500x500.png 500w, https:\/\/projekt.vombat.ee\/eco\/wp-content\/uploads\/2024\/06\/4-25-800x800.png 800w, https:\/\/projekt.vombat.ee\/eco\/wp-content\/uploads\/2024\/06\/4-25-50x50.png 50w, https:\/\/projekt.vombat.ee\/eco\/wp-content\/uploads\/2024\/06\/4-25-100x100.png 100w, https:\/\/projekt.vombat.ee\/eco\/wp-content\/uploads\/2024\/06\/4-25-370x370.png 370w, https:\/\/projekt.vombat.ee\/eco\/wp-content\/uploads\/2024\/06\/4-25-75x75.png 75w, https:\/\/projekt.vombat.ee\/eco\/wp-content\/uploads\/2024\/06\/4-25-760x760.png 760w, https:\/\/projekt.vombat.ee\/eco\/wp-content\/uploads\/2024\/06\/4-25.png 1000w\" sizes=\"(max-width: 300px) 100vw, 300px\" \/><\/p>\n<p><strong>Kuidas see lugeja probleemi lahendab?<\/strong><\/p>\n<p>Kas otsite s\u00f5iduautot, mis pakub nii p\u00f5nevust kui ka turvalisust? Laste elektriauto Mercedes G63 XXL pakub p\u00f5nevat s\u00f5idukogemust, tagades samal ajal teie laste turvalisuse vanemliku kaugjuhtimispuldiga. See elektriauto mitte ainult ei paku meelelahutust, vaid aitab arendada ka teie laste motoorseid oskusi ja koordinatsiooni, pakkudes \u00fchtlasi harivat v\u00e4\u00e4rtust.<\/p>\n<p><img loading=\"lazy\" decoding=\"async\" class=\"size-medium wp-image-18297 aligncenter\" src=\"https:\/\/projekt.vombat.ee\/eco\/wp-content\/uploads\/2024\/06\/5-25-300x300.png\" alt=\"Litsentsiga s\u00f5iduauto lastele Mercedes G63 XXL, 2 istet, 4x4, 180W, 12V, Premium, punane\" width=\"300\" height=\"300\" srcset=\"https:\/\/projekt.vombat.ee\/eco\/wp-content\/uploads\/2024\/06\/5-25-300x300.png 300w, https:\/\/projekt.vombat.ee\/eco\/wp-content\/uploads\/2024\/06\/5-25-150x150.png 150w, https:\/\/projekt.vombat.ee\/eco\/wp-content\/uploads\/2024\/06\/5-25-768x768.png 768w, https:\/\/projekt.vombat.ee\/eco\/wp-content\/uploads\/2024\/06\/5-25-500x500.png 500w, https:\/\/projekt.vombat.ee\/eco\/wp-content\/uploads\/2024\/06\/5-25-800x800.png 800w, https:\/\/projekt.vombat.ee\/eco\/wp-content\/uploads\/2024\/06\/5-25-50x50.png 50w, https:\/\/projekt.vombat.ee\/eco\/wp-content\/uploads\/2024\/06\/5-25-100x100.png 100w, https:\/\/projekt.vombat.ee\/eco\/wp-content\/uploads\/2024\/06\/5-25-370x370.png 370w, https:\/\/projekt.vombat.ee\/eco\/wp-content\/uploads\/2024\/06\/5-25-75x75.png 75w, https:\/\/projekt.vombat.ee\/eco\/wp-content\/uploads\/2024\/06\/5-25-760x760.png 760w, https:\/\/projekt.vombat.ee\/eco\/wp-content\/uploads\/2024\/06\/5-25.png 1000w\" sizes=\"(max-width: 300px) 100vw, 300px\" \/><\/p>\n<p><strong>Tehnilised andmed:<\/strong><\/p>\n<ul>\n<li>Mudel: Mercedes G63 XXL<\/li>\n<li>Mootor: 180W<\/li>\n<li>Aku: 12V taaslaetav<\/li>\n<li>Ajam: 4&#215;4 nelikvedu<\/li>\n<li>Kiirus: kuni 5 miili tunnis<\/li>\n<li>Istmed: Kaks mugavat istet<\/li>\n<li>Omadused: LED esituled, realistlikud mootorihelid, helisignaal, kaugjuhtimispult<\/li>\n<li>V\u00e4rv: punane<\/li>\n<li>Kandev\u00f5ime: kuni 130 naela (kombineeritud kaal)<\/li>\n<\/ul>\n<p><img loading=\"lazy\" decoding=\"async\" class=\"size-medium wp-image-18298 aligncenter\" src=\"https:\/\/projekt.vombat.ee\/eco\/wp-content\/uploads\/2024\/06\/6-24-300x300.png\" alt=\"Litsentsiga s\u00f5iduauto lastele Mercedes G63 XXL, 2 istet, 4x4, 180W, 12V, Premium, punane\" width=\"300\" height=\"300\" srcset=\"https:\/\/projekt.vombat.ee\/eco\/wp-content\/uploads\/2024\/06\/6-24-300x300.png 300w, https:\/\/projekt.vombat.ee\/eco\/wp-content\/uploads\/2024\/06\/6-24-150x150.png 150w, https:\/\/projekt.vombat.ee\/eco\/wp-content\/uploads\/2024\/06\/6-24-768x768.png 768w, https:\/\/projekt.vombat.ee\/eco\/wp-content\/uploads\/2024\/06\/6-24-500x500.png 500w, https:\/\/projekt.vombat.ee\/eco\/wp-content\/uploads\/2024\/06\/6-24-800x800.png 800w, https:\/\/projekt.vombat.ee\/eco\/wp-content\/uploads\/2024\/06\/6-24-50x50.png 50w, https:\/\/projekt.vombat.ee\/eco\/wp-content\/uploads\/2024\/06\/6-24-100x100.png 100w, https:\/\/projekt.vombat.ee\/eco\/wp-content\/uploads\/2024\/06\/6-24-370x370.png 370w, https:\/\/projekt.vombat.ee\/eco\/wp-content\/uploads\/2024\/06\/6-24-75x75.png 75w, https:\/\/projekt.vombat.ee\/eco\/wp-content\/uploads\/2024\/06\/6-24-760x760.png 760w, https:\/\/projekt.vombat.ee\/eco\/wp-content\/uploads\/2024\/06\/6-24.png 1000w\" sizes=\"(max-width: 300px) 100vw, 300px\" \/><\/p>\n<p><strong>KKK:<\/strong><\/p>\n<p>K1: Kui kaua aku t\u00e4islaadimisel vastu peab?<br \/>\nV1: aku kestab tavaliselt 1\u20132 tundi, olenevalt kasutusest ja maastikust.<\/p>\n<p>K2: Kas elektriauto on v\u00e4ikelastele ohutu?<br \/>\nV2: Jah, kaasas on turvarakmed, reguleeritavad kiiruse seadistused ja ohutuse tagamiseks vanemliku j\u00e4relevalve kaugjuhtimispult.<\/p>\n<p>K3: Kas autot saab kasutada erinevat t\u00fc\u00fcpi maastikul?<br \/>\nA3: Jah, vastupidavad, libisemiskindlad maastikurehvid ja l\u00f6\u00f6ki neelav vedrustus muudavad selle sobivaks muru, kruusa, mustuse ja k\u00f5nniteel.<\/p>\n<p>Q4: Kui kaua kulub auto kokkupanemiseks?<br \/>\nA4: kokkupanek v\u00f5tab koos kaasasolevate juhistega tavaliselt umbes 45\u201360 minutit.<\/p>\n<p>K5: Kas autol on meelelahutusfunktsioone?<br \/>\nV5: Jah, see sisaldab AUX-sisendiga MP3-m\u00e4ngijat, et lapsed saaksid s\u00f5idu ajal oma lemmikmuusikat nautida.<\/p>\n<p><strong>Laste elektriauto Mercedes G63 XXL<\/strong> on midagi enamat kui lihtsalt m\u00e4nguasi; see on noortele autojuhtidele luksuslik kogemus. Ikoonilise disaini, kaasaegsete funktsioonide ja k\u00f5ikeh\u00f5lmavate turvameetmete seguga pakub see lastele v\u00f5rratut s\u00f5idukogemust. Olgu see s\u00fcnnip\u00e4evakingitus v\u00f5i eriline maiuspala, see s\u00f5iduauto pakub kindlasti r\u00f5\u00f5mu ja elevust igale lapsele.<\/p>\n","protected":false},"excerpt":{"rendered":"<ul>\n<li>Mudel: Mercedes G63 XXL<\/li>\n<li>Mootori v\u00f5imsus: 180 W (90 W x 2)<\/li>\n<li>Aku: 12V taaslaetav<\/li>\n<li>V\u00e4rv: punane<\/li>\n<li>Materjal: kvaliteetne metallviimistlusega plastik<\/li>\n<li>Istmed: Kaks turvav\u00f6\u00f6dega istet<\/li>\n<li>Kiirus: reguleeritavad kiiruse s\u00e4tted<\/li>\n<li>Omadused: LED-esituled, helisignaal, realistlikud mootorihelid, AUX-sisendiga MP3-m\u00e4ngija, vanemliku j\u00e4relevalve kaugjuhtimispult, funktsionaalsed uksed<\/li>\n<li>Rehvid: vastupidavad, libisemiskindlad universaalrehvid<\/li>\n<li>Vedrustus: L\u00f6\u00f6ke summutav vedrustus sujuvaks s\u00f5iduks<\/li>\n<li>Vanusevahemik: sobib lastele vanuses 3-8 aastat<\/li>\n<li>Kandev\u00f5ime: kuni 88 naela (40 kg)<\/li>\n<li>M\u00f5\u00f5dud: 56 x 32 x 31 tolli<\/li>\n<li>Vajalik kokkupanek: jah<\/li>\n<li>Luksus ja stiil: j\u00e4ljendab Mercedes G63 mainekat disaini ja j\u00f5udlust, see elektriauto pakub noortele seiklejatele k\u00f5rgklassi s\u00f5idukogemust.<\/li>\n<li>Ohutus ja turvalisus: varustatud turvarakmete, vanemliku kaugjuhtimispuldi ja reguleeritavate kiiruse seadistustega, et tagada ohutu s\u00f5it.<\/li>\n<li>L\u00f5bus ja p\u00f5nevus: realistlike funktsioonide ja v\u00f5imsa j\u00f5udluse abil saavad lapsed nautida l\u00f5putuid tunde s\u00f5idup\u00f5nevust.<\/li>\n<li>Areng ja \u00f5ppimine: soodustab motoorsete oskuste arendamist ja p\u00f5hilise s\u00f5idumehaanika m\u00f5istmist.<\/li>\n<\/ul>\n<p><strong>\u2666 Tarneaeg 3-7 p\u00e4eva<\/strong><br \/>\n<strong>\u2666 Laos<\/strong><\/p>\n","protected":false},"featured_media":18293,"template":"","meta":[],"product_cat":[3730,1655],"product_tag":[3064,2992,3332,3350,3342,3344,3040,3310,3336,3326,3128,3340,3352,3358,3406,3410,3348,3170,3334,3408,3338,3360,3354,3356,3346],"class_list":{"0":"post-18292","1":"product","2":"type-product","3":"status-publish","4":"has-post-thumbnail","6":"product_cat-elektriautod","7":"product_cat-laste-elektrisoidukid","8":"product_tag-12v-pealesoiduauto","9":"product_tag-elektriline-soiduauto","10":"product_tag-juhtpuldiga-auto","11":"product_tag-klassikaline-soiduauto","12":"product_tag-kvaliteetne-laste-manguasi","13":"product_tag-laste-auto-muusikapleieriga","14":"product_tag-laste-elektriauto","15":"product_tag-laste-elektriline-mercedes","16":"product_tag-laste-elektrisoiduk","17":"product_tag-laste-luksuslik-soit","18":"product_tag-laste-mootorsoiduk","19":"product_tag-led-tuledega-pealesoit","20":"product_tag-lobus-soit-lastele","21":"product_tag-luksuslik-elektriauto-lastele","22":"product_tag-mercedes-g63-lastele","23":"product_tag-mercedes-g63-manguauto","24":"product_tag-mercedese-lastesoiduk","25":"product_tag-ohutu-pealesoit-lastele","26":"product_tag-premium-klassi-manguasi","27":"product_tag-punane-pealesoitev-soiduk","28":"product_tag-realistlik-lasteauto","29":"product_tag-reguleeritav-soidukiirus","30":"product_tag-turvarihmadega-pealesoit","31":"product_tag-vanemliku-jarelevalvega-soiduauto","32":"product_tag-vastupidav-soiduauto","34":"first","35":"instock","36":"taxable","37":"shipping-taxable","38":"purchasable","39":"product-type-simple"},"yoast_head":"<!-- This site is optimized with the Yoast SEO plugin v23.8 - https:\/\/yoast.com\/wordpress\/plugins\/seo\/ -->\n<title>Laste elektriauto Mercedes G63 XXL - Ecocruiser<\/title>\n<meta name=\"description\" content=\"See esmaklassiline 4x4 elektriline s\u00f5iduauto on ikoonilise Mercedes G63 vapustav koopia, pakkudes v\u00f5imsat 180 W mootorit ja 12 V akut.\" \/>\n<meta name=\"robots\" content=\"noindex, follow, max-snippet:-1, max-image-preview:large, max-video-preview:-1\" \/>\n<meta property=\"og:locale\" content=\"en_GB\" \/>\n<meta property=\"og:type\" content=\"article\" \/>\n<meta property=\"og:title\" content=\"Laste elektriauto Mercedes G63 XXL - Ecocruiser\" \/>\n<meta property=\"og:description\" content=\"See esmaklassiline 4x4 elektriline s\u00f5iduauto on ikoonilise Mercedes G63 vapustav koopia, pakkudes v\u00f5imsat 180 W mootorit ja 12 V akut.\" \/>\n<meta property=\"og:url\" content=\"https:\/\/projekt.vombat.ee\/eco\/pood\/laste-elektrisoidukid\/elektriautod\/litsentsiga-soiduauto-lastele-mercedes-g63-xxl\/\" \/>\n<meta property=\"og:site_name\" content=\"Ecocruiser\" \/>\n<meta property=\"article:modified_time\" content=\"2024-08-03T18:22:01+00:00\" \/>\n<meta property=\"og:image\" content=\"https:\/\/projekt.vombat.ee\/eco\/wp-content\/uploads\/2024\/06\/1-25.png\" \/>\n\t<meta property=\"og:image:width\" content=\"1000\" \/>\n\t<meta property=\"og:image:height\" content=\"1000\" \/>\n\t<meta property=\"og:image:type\" content=\"image\/png\" \/>\n<meta name=\"twitter:card\" content=\"summary_large_image\" \/>\n<meta name=\"twitter:label1\" content=\"Estimated reading time\" \/>\n\t<meta name=\"twitter:data1\" content=\"4 minutes\" \/>\n<script type=\"application\/ld+json\" class=\"yoast-schema-graph\">{\"@context\":\"https:\/\/schema.org\",\"@graph\":[{\"@type\":\"WebPage\",\"@id\":\"https:\/\/projekt.vombat.ee\/eco\/pood\/laste-elektrisoidukid\/elektriautod\/litsentsiga-soiduauto-lastele-mercedes-g63-xxl\/\",\"url\":\"https:\/\/projekt.vombat.ee\/eco\/pood\/laste-elektrisoidukid\/elektriautod\/litsentsiga-soiduauto-lastele-mercedes-g63-xxl\/\",\"name\":\"Laste elektriauto Mercedes G63 XXL - Ecocruiser\",\"isPartOf\":{\"@id\":\"https:\/\/projekt.vombat.ee\/eco\/#website\"},\"primaryImageOfPage\":{\"@id\":\"https:\/\/projekt.vombat.ee\/eco\/pood\/laste-elektrisoidukid\/elektriautod\/litsentsiga-soiduauto-lastele-mercedes-g63-xxl\/#primaryimage\"},\"image\":{\"@id\":\"https:\/\/projekt.vombat.ee\/eco\/pood\/laste-elektrisoidukid\/elektriautod\/litsentsiga-soiduauto-lastele-mercedes-g63-xxl\/#primaryimage\"},\"thumbnailUrl\":\"https:\/\/projekt.vombat.ee\/eco\/wp-content\/uploads\/2024\/06\/1-25.png\",\"datePublished\":\"2024-06-16T13:18:13+00:00\",\"dateModified\":\"2024-08-03T18:22:01+00:00\",\"description\":\"See esmaklassiline 4x4 elektriline s\u00f5iduauto on ikoonilise Mercedes G63 vapustav koopia, pakkudes v\u00f5imsat 180 W mootorit ja 12 V akut.\",\"breadcrumb\":{\"@id\":\"https:\/\/projekt.vombat.ee\/eco\/pood\/laste-elektrisoidukid\/elektriautod\/litsentsiga-soiduauto-lastele-mercedes-g63-xxl\/#breadcrumb\"},\"inLanguage\":\"en-GB\",\"potentialAction\":[{\"@type\":\"ReadAction\",\"target\":[\"https:\/\/projekt.vombat.ee\/eco\/pood\/laste-elektrisoidukid\/elektriautod\/litsentsiga-soiduauto-lastele-mercedes-g63-xxl\/\"]}]},{\"@type\":\"ImageObject\",\"inLanguage\":\"en-GB\",\"@id\":\"https:\/\/projekt.vombat.ee\/eco\/pood\/laste-elektrisoidukid\/elektriautod\/litsentsiga-soiduauto-lastele-mercedes-g63-xxl\/#primaryimage\",\"url\":\"https:\/\/projekt.vombat.ee\/eco\/wp-content\/uploads\/2024\/06\/1-25.png\",\"contentUrl\":\"https:\/\/projekt.vombat.ee\/eco\/wp-content\/uploads\/2024\/06\/1-25.png\",\"width\":1000,\"height\":1000,\"caption\":\"Licensed ride-on car for children Mercedes G63 XXL, with 2 seats, 4x4, 180W 12V, premium, red\"},{\"@type\":\"BreadcrumbList\",\"@id\":\"https:\/\/projekt.vombat.ee\/eco\/pood\/laste-elektrisoidukid\/elektriautod\/litsentsiga-soiduauto-lastele-mercedes-g63-xxl\/#breadcrumb\",\"itemListElement\":[{\"@type\":\"ListItem\",\"position\":1,\"name\":\"Home\",\"item\":\"https:\/\/projekt.vombat.ee\/eco\/\"},{\"@type\":\"ListItem\",\"position\":2,\"name\":\"Pood\",\"item\":\"https:\/\/projekt.vombat.ee\/eco\/pood\/\"},{\"@type\":\"ListItem\",\"position\":3,\"name\":\"Laste elektriauto Mercedes G63 XXL\"}]},{\"@type\":\"WebSite\",\"@id\":\"https:\/\/projekt.vombat.ee\/eco\/#website\",\"url\":\"https:\/\/projekt.vombat.ee\/eco\/\",\"name\":\"Ecocruiser\",\"description\":\"\",\"publisher\":{\"@id\":\"https:\/\/projekt.vombat.ee\/eco\/#organization\"},\"potentialAction\":[{\"@type\":\"SearchAction\",\"target\":{\"@type\":\"EntryPoint\",\"urlTemplate\":\"https:\/\/projekt.vombat.ee\/eco\/?s={search_term_string}\"},\"query-input\":{\"@type\":\"PropertyValueSpecification\",\"valueRequired\":true,\"valueName\":\"search_term_string\"}}],\"inLanguage\":\"en-GB\"},{\"@type\":\"Organization\",\"@id\":\"https:\/\/projekt.vombat.ee\/eco\/#organization\",\"name\":\"Ecocruiser\",\"url\":\"https:\/\/projekt.vombat.ee\/eco\/\",\"logo\":{\"@type\":\"ImageObject\",\"inLanguage\":\"en-GB\",\"@id\":\"https:\/\/projekt.vombat.ee\/eco\/#\/schema\/logo\/image\/\",\"url\":\"https:\/\/projekt.vombat.ee\/eco\/wp-content\/uploads\/2023\/03\/ECOCRUISER_5.png\",\"contentUrl\":\"https:\/\/projekt.vombat.ee\/eco\/wp-content\/uploads\/2023\/03\/ECOCRUISER_5.png\",\"width\":234,\"height\":91,\"caption\":\"Ecocruiser\"},\"image\":{\"@id\":\"https:\/\/projekt.vombat.ee\/eco\/#\/schema\/logo\/image\/\"}}]}<\/script>\n<!-- \/ Yoast SEO plugin. -->","yoast_head_json":{"title":"Laste elektriauto Mercedes G63 XXL - Ecocruiser","description":"See esmaklassiline 4x4 elektriline s\u00f5iduauto on ikoonilise Mercedes G63 vapustav koopia, pakkudes v\u00f5imsat 180 W mootorit ja 12 V akut.","robots":{"index":"noindex","follow":"follow","max-snippet":"max-snippet:-1","max-image-preview":"max-image-preview:large","max-video-preview":"max-video-preview:-1"},"og_locale":"en_GB","og_type":"article","og_title":"Laste elektriauto Mercedes G63 XXL - Ecocruiser","og_description":"See esmaklassiline 4x4 elektriline s\u00f5iduauto on ikoonilise Mercedes G63 vapustav koopia, pakkudes v\u00f5imsat 180 W mootorit ja 12 V akut.","og_url":"https:\/\/projekt.vombat.ee\/eco\/pood\/laste-elektrisoidukid\/elektriautod\/litsentsiga-soiduauto-lastele-mercedes-g63-xxl\/","og_site_name":"Ecocruiser","article_modified_time":"2024-08-03T18:22:01+00:00","og_image":[{"width":1000,"height":1000,"url":"https:\/\/projekt.vombat.ee\/eco\/wp-content\/uploads\/2024\/06\/1-25.png","type":"image\/png"}],"twitter_card":"summary_large_image","twitter_misc":{"Estimated reading time":"4 minutes"},"schema":{"@context":"https:\/\/schema.org","@graph":[{"@type":"WebPage","@id":"https:\/\/projekt.vombat.ee\/eco\/pood\/laste-elektrisoidukid\/elektriautod\/litsentsiga-soiduauto-lastele-mercedes-g63-xxl\/","url":"https:\/\/projekt.vombat.ee\/eco\/pood\/laste-elektrisoidukid\/elektriautod\/litsentsiga-soiduauto-lastele-mercedes-g63-xxl\/","name":"Laste elektriauto Mercedes G63 XXL - Ecocruiser","isPartOf":{"@id":"https:\/\/projekt.vombat.ee\/eco\/#website"},"primaryImageOfPage":{"@id":"https:\/\/projekt.vombat.ee\/eco\/pood\/laste-elektrisoidukid\/elektriautod\/litsentsiga-soiduauto-lastele-mercedes-g63-xxl\/#primaryimage"},"image":{"@id":"https:\/\/projekt.vombat.ee\/eco\/pood\/laste-elektrisoidukid\/elektriautod\/litsentsiga-soiduauto-lastele-mercedes-g63-xxl\/#primaryimage"},"thumbnailUrl":"https:\/\/projekt.vombat.ee\/eco\/wp-content\/uploads\/2024\/06\/1-25.png","datePublished":"2024-06-16T13:18:13+00:00","dateModified":"2024-08-03T18:22:01+00:00","description":"See esmaklassiline 4x4 elektriline s\u00f5iduauto on ikoonilise Mercedes G63 vapustav koopia, pakkudes v\u00f5imsat 180 W mootorit ja 12 V akut.","breadcrumb":{"@id":"https:\/\/projekt.vombat.ee\/eco\/pood\/laste-elektrisoidukid\/elektriautod\/litsentsiga-soiduauto-lastele-mercedes-g63-xxl\/#breadcrumb"},"inLanguage":"en-GB","potentialAction":[{"@type":"ReadAction","target":["https:\/\/projekt.vombat.ee\/eco\/pood\/laste-elektrisoidukid\/elektriautod\/litsentsiga-soiduauto-lastele-mercedes-g63-xxl\/"]}]},{"@type":"ImageObject","inLanguage":"en-GB","@id":"https:\/\/projekt.vombat.ee\/eco\/pood\/laste-elektrisoidukid\/elektriautod\/litsentsiga-soiduauto-lastele-mercedes-g63-xxl\/#primaryimage","url":"https:\/\/projekt.vombat.ee\/eco\/wp-content\/uploads\/2024\/06\/1-25.png","contentUrl":"https:\/\/projekt.vombat.ee\/eco\/wp-content\/uploads\/2024\/06\/1-25.png","width":1000,"height":1000,"caption":"Licensed ride-on car for children Mercedes G63 XXL, with 2 seats, 4x4, 180W 12V, premium, red"},{"@type":"BreadcrumbList","@id":"https:\/\/projekt.vombat.ee\/eco\/pood\/laste-elektrisoidukid\/elektriautod\/litsentsiga-soiduauto-lastele-mercedes-g63-xxl\/#breadcrumb","itemListElement":[{"@type":"ListItem","position":1,"name":"Home","item":"https:\/\/projekt.vombat.ee\/eco\/"},{"@type":"ListItem","position":2,"name":"Pood","item":"https:\/\/projekt.vombat.ee\/eco\/pood\/"},{"@type":"ListItem","position":3,"name":"Laste elektriauto Mercedes G63 XXL"}]},{"@type":"WebSite","@id":"https:\/\/projekt.vombat.ee\/eco\/#website","url":"https:\/\/projekt.vombat.ee\/eco\/","name":"Ecocruiser","description":"","publisher":{"@id":"https:\/\/projekt.vombat.ee\/eco\/#organization"},"potentialAction":[{"@type":"SearchAction","target":{"@type":"EntryPoint","urlTemplate":"https:\/\/projekt.vombat.ee\/eco\/?s={search_term_string}"},"query-input":{"@type":"PropertyValueSpecification","valueRequired":true,"valueName":"search_term_string"}}],"inLanguage":"en-GB"},{"@type":"Organization","@id":"https:\/\/projekt.vombat.ee\/eco\/#organization","name":"Ecocruiser","url":"https:\/\/projekt.vombat.ee\/eco\/","logo":{"@type":"ImageObject","inLanguage":"en-GB","@id":"https:\/\/projekt.vombat.ee\/eco\/#\/schema\/logo\/image\/","url":"https:\/\/projekt.vombat.ee\/eco\/wp-content\/uploads\/2023\/03\/ECOCRUISER_5.png","contentUrl":"https:\/\/projekt.vombat.ee\/eco\/wp-content\/uploads\/2023\/03\/ECOCRUISER_5.png","width":234,"height":91,"caption":"Ecocruiser"},"image":{"@id":"https:\/\/projekt.vombat.ee\/eco\/#\/schema\/logo\/image\/"}}]}},"lang":"et","translations":{"et":18292,"fr":20233},"pll_sync_post":[],"_links":{"self":[{"href":"https:\/\/projekt.vombat.ee\/eco\/wp-json\/wp\/v2\/product\/18292"}],"collection":[{"href":"https:\/\/projekt.vombat.ee\/eco\/wp-json\/wp\/v2\/product"}],"about":[{"href":"https:\/\/projekt.vombat.ee\/eco\/wp-json\/wp\/v2\/types\/product"}],"version-history":[{"count":5,"href":"https:\/\/projekt.vombat.ee\/eco\/wp-json\/wp\/v2\/product\/18292\/revisions"}],"predecessor-version":[{"id":18898,"href":"https:\/\/projekt.vombat.ee\/eco\/wp-json\/wp\/v2\/product\/18292\/revisions\/18898"}],"wp:featuredmedia":[{"embeddable":true,"href":"https:\/\/projekt.vombat.ee\/eco\/wp-json\/wp\/v2\/media\/18293"}],"wp:attachment":[{"href":"https:\/\/projekt.vombat.ee\/eco\/wp-json\/wp\/v2\/media?parent=18292"}],"wp:term":[{"taxonomy":"product_cat","embeddable":true,"href":"https:\/\/projekt.vombat.ee\/eco\/wp-json\/wp\/v2\/product_cat?post=18292"},{"taxonomy":"product_tag","embeddable":true,"href":"https:\/\/projekt.vombat.ee\/eco\/wp-json\/wp\/v2\/product_tag?post=18292"}],"curies":[{"name":"wp","href":"https:\/\/api.w.org\/{rel}","templated":true}]}}