{"id":17923,"date":"2024-06-17T16:09:20","date_gmt":"2024-06-17T16:09:20","guid":{"rendered":"https:\/\/projekt.vombat.ee\/eco\/?post_type=product&#038;p=17923"},"modified":"2024-08-03T17:53:11","modified_gmt":"2024-08-03T17:53:11","slug":"elektriline-politseiauto-jc666-70w-12v-nahast-iste-must","status":"publish","type":"product","link":"https:\/\/projekt.vombat.ee\/eco\/pood\/elektritoukerattad\/elektritoukerataste-joulukampaania\/elektriline-politseiauto-jc666-70w-12v-nahast-iste-must\/","title":{"rendered":"Elektriline politseiauto | JC666 70W 12V | Nahast iste | Must"},"content":{"rendered":"<p>Elektriline politseiauto JC666 on parim noortele seiklejatele vanuses 3\u20136 aastat. See stiilne must minipolitseiauto pakub p\u00f5nevat s\u00f5idukogemust kahe 35 W v\u00f5imsusega mootori, tugeva 12 V 4,5 Ah aku ning realistliku disainiga koos sireenide ja autentsete heliefektidega. Autol on luksuslik \u00f6konahaga polsterdatud iste, ergonoomiline rool ja sinise valgustusega armatuurlaud, mis tagavad teie v\u00e4ikesele ohvitserile mugavuse ja stiili. Automaatk\u00e4igukasti ja kolmek\u00e4igulise juhtimisega JC666 tagab sujuva s\u00f5idu, samas kui sisseehitatud helipaneel toetab MP3-, USB- ja TF-pistikuid l\u00f5putu muusikalise meelelahutuse jaoks.<\/p>\n<p><img fetchpriority=\"high\" decoding=\"async\" class=\"size-medium wp-image-17937 aligncenter\" src=\"https:\/\/projekt.vombat.ee\/eco\/wp-content\/uploads\/2024\/06\/14-4-300x300.png\" alt=\"Elektriline politseiauto JC666\" width=\"300\" height=\"300\" srcset=\"https:\/\/projekt.vombat.ee\/eco\/wp-content\/uploads\/2024\/06\/14-4-300x300.png 300w, https:\/\/projekt.vombat.ee\/eco\/wp-content\/uploads\/2024\/06\/14-4-150x150.png 150w, https:\/\/projekt.vombat.ee\/eco\/wp-content\/uploads\/2024\/06\/14-4-768x768.png 768w, https:\/\/projekt.vombat.ee\/eco\/wp-content\/uploads\/2024\/06\/14-4-500x500.png 500w, https:\/\/projekt.vombat.ee\/eco\/wp-content\/uploads\/2024\/06\/14-4-800x800.png 800w, https:\/\/projekt.vombat.ee\/eco\/wp-content\/uploads\/2024\/06\/14-4-50x50.png 50w, https:\/\/projekt.vombat.ee\/eco\/wp-content\/uploads\/2024\/06\/14-4-100x100.png 100w, https:\/\/projekt.vombat.ee\/eco\/wp-content\/uploads\/2024\/06\/14-4-370x370.png 370w, https:\/\/projekt.vombat.ee\/eco\/wp-content\/uploads\/2024\/06\/14-4-75x75.png 75w, https:\/\/projekt.vombat.ee\/eco\/wp-content\/uploads\/2024\/06\/14-4-760x760.png 760w, https:\/\/projekt.vombat.ee\/eco\/wp-content\/uploads\/2024\/06\/14-4.png 1000w\" sizes=\"(max-width: 300px) 100vw, 300px\" \/><\/p>\n<p><strong>Tehnilised andmed:<\/strong><\/p>\n<ul>\n<li>Mootorid: 2 x 35W elektrimootorid<\/li>\n<li>Aku: 2 x 6V 4,5Ah akut (kokku 12V 4,5Ah)<\/li>\n<li>Kiirus: 3 &#8211; 5 km\/h<\/li>\n<li>Iste: polsterdatud \u00f6konahaga<\/li>\n<li>Rattad: pooliku kummipaelaga plastikust<\/li>\n<li>K\u00e4igukast: 3-k\u00e4igulise k\u00e4igukastiga automaatk\u00e4igukast<\/li>\n<li>M\u00f5\u00f5dud: 112 x 68 x 50 cm<\/li>\n<li>Kaal: 15 kg<\/li>\n<li>V\u00e4rv: must<\/li>\n<\/ul>\n<p><img decoding=\"async\" class=\"size-medium wp-image-17935 aligncenter\" src=\"https:\/\/projekt.vombat.ee\/eco\/wp-content\/uploads\/2024\/06\/12-5-300x300.png\" alt=\"Elektriline politseiauto JC666\" width=\"300\" height=\"300\" srcset=\"https:\/\/projekt.vombat.ee\/eco\/wp-content\/uploads\/2024\/06\/12-5-300x300.png 300w, https:\/\/projekt.vombat.ee\/eco\/wp-content\/uploads\/2024\/06\/12-5-150x150.png 150w, https:\/\/projekt.vombat.ee\/eco\/wp-content\/uploads\/2024\/06\/12-5-768x768.png 768w, https:\/\/projekt.vombat.ee\/eco\/wp-content\/uploads\/2024\/06\/12-5-500x500.png 500w, https:\/\/projekt.vombat.ee\/eco\/wp-content\/uploads\/2024\/06\/12-5-800x800.png 800w, https:\/\/projekt.vombat.ee\/eco\/wp-content\/uploads\/2024\/06\/12-5-50x50.png 50w, https:\/\/projekt.vombat.ee\/eco\/wp-content\/uploads\/2024\/06\/12-5-100x100.png 100w, https:\/\/projekt.vombat.ee\/eco\/wp-content\/uploads\/2024\/06\/12-5-370x370.png 370w, https:\/\/projekt.vombat.ee\/eco\/wp-content\/uploads\/2024\/06\/12-5-75x75.png 75w, https:\/\/projekt.vombat.ee\/eco\/wp-content\/uploads\/2024\/06\/12-5-760x760.png 760w, https:\/\/projekt.vombat.ee\/eco\/wp-content\/uploads\/2024\/06\/12-5.png 1000w\" sizes=\"(max-width: 300px) 100vw, 300px\" \/><\/p>\n<p><strong>Funktsioonid:<\/strong><\/p>\n<ul>\n<li>Valgustatud sinine armatuurlaud<\/li>\n<li>Audiopaneel MP3-, USB- ja TF-pistikutega<\/li>\n<li>Autentsed politseiauto heliefektid ja sireen<\/li>\n<li>Multifunktsionaalne rool koos helisignaali ja muusika juhtnuppudega<\/li>\n<li>LED esituled ja pidurituled<\/li>\n<li>Turvaelemendid, sealhulgas turvav\u00f6\u00f6 ja avatavad uksed<\/li>\n<li>Aeglane k\u00e4ivitus ja seiskamine lapse mugavuse suurendamiseks<\/li>\n<li>Vanemlik kaugjuhtimispult 3 valitava kiirustasemega<\/li>\n<li>K\u00e4sitsi juhtimise v\u00f5imalus lastele<\/li>\n<li>Aku pinge indikaator<\/li>\n<\/ul>\n<p><img decoding=\"async\" class=\"size-medium wp-image-17938 aligncenter\" src=\"https:\/\/projekt.vombat.ee\/eco\/wp-content\/uploads\/2024\/06\/15-3-300x300.png\" alt=\"Elektriline politseiauto JC666\" width=\"300\" height=\"300\" srcset=\"https:\/\/projekt.vombat.ee\/eco\/wp-content\/uploads\/2024\/06\/15-3-300x300.png 300w, https:\/\/projekt.vombat.ee\/eco\/wp-content\/uploads\/2024\/06\/15-3-150x150.png 150w, https:\/\/projekt.vombat.ee\/eco\/wp-content\/uploads\/2024\/06\/15-3-768x768.png 768w, https:\/\/projekt.vombat.ee\/eco\/wp-content\/uploads\/2024\/06\/15-3-500x500.png 500w, https:\/\/projekt.vombat.ee\/eco\/wp-content\/uploads\/2024\/06\/15-3-800x800.png 800w, https:\/\/projekt.vombat.ee\/eco\/wp-content\/uploads\/2024\/06\/15-3-50x50.png 50w, https:\/\/projekt.vombat.ee\/eco\/wp-content\/uploads\/2024\/06\/15-3-100x100.png 100w, https:\/\/projekt.vombat.ee\/eco\/wp-content\/uploads\/2024\/06\/15-3-370x370.png 370w, https:\/\/projekt.vombat.ee\/eco\/wp-content\/uploads\/2024\/06\/15-3-75x75.png 75w, https:\/\/projekt.vombat.ee\/eco\/wp-content\/uploads\/2024\/06\/15-3-760x760.png 760w, https:\/\/projekt.vombat.ee\/eco\/wp-content\/uploads\/2024\/06\/15-3.png 1000w\" sizes=\"(max-width: 300px) 100vw, 300px\" \/><\/p>\n<p><strong>KKK:<\/strong><\/p>\n<p>Millisele vanusevahemikule JC666 sobib?<\/p>\n<p>JC666 on soovitatav lastele vanuses 36 kuni 72 kuud (3 kuni 6 aastat).<br \/>\nKas kokkupanek on vajalik?<\/p>\n<p>Jah, t\u00e4iskasvanu kokkupanek on vajalik.<br \/>\nKas autot saavad vanemad kaugjuhtida?<\/p>\n<p>Jah, autol on vanemliku j\u00e4relevalve ja kontrolli kaugjuhtimispult.<br \/>\nMis on auto maksimaalne kiirus?<\/p>\n<p>Auto v\u00f5ib saavutada kiirust 3 kuni 5 km\/h.<br \/>\nKas autol on turvaelemendid?<\/p>\n<p>Jah, see sisaldab turvav\u00f6\u00f6d, aeglase k\u00e4ivituse ja seiskamise funktsiooni ning h\u00f5lpsaks juurdep\u00e4\u00e4suks avanevaid uksi.<\/p>\n<p><img loading=\"lazy\" decoding=\"async\" class=\"size-medium wp-image-17925 aligncenter\" src=\"https:\/\/projekt.vombat.ee\/eco\/wp-content\/uploads\/2024\/06\/2-5-300x300.png\" alt=\"Elektriline politseiauto JC666\" width=\"300\" height=\"300\" srcset=\"https:\/\/projekt.vombat.ee\/eco\/wp-content\/uploads\/2024\/06\/2-5-300x300.png 300w, https:\/\/projekt.vombat.ee\/eco\/wp-content\/uploads\/2024\/06\/2-5-150x150.png 150w, https:\/\/projekt.vombat.ee\/eco\/wp-content\/uploads\/2024\/06\/2-5-768x768.png 768w, https:\/\/projekt.vombat.ee\/eco\/wp-content\/uploads\/2024\/06\/2-5-500x500.png 500w, https:\/\/projekt.vombat.ee\/eco\/wp-content\/uploads\/2024\/06\/2-5-800x800.png 800w, https:\/\/projekt.vombat.ee\/eco\/wp-content\/uploads\/2024\/06\/2-5-50x50.png 50w, https:\/\/projekt.vombat.ee\/eco\/wp-content\/uploads\/2024\/06\/2-5-100x100.png 100w, https:\/\/projekt.vombat.ee\/eco\/wp-content\/uploads\/2024\/06\/2-5-370x370.png 370w, https:\/\/projekt.vombat.ee\/eco\/wp-content\/uploads\/2024\/06\/2-5-75x75.png 75w, https:\/\/projekt.vombat.ee\/eco\/wp-content\/uploads\/2024\/06\/2-5-760x760.png 760w, https:\/\/projekt.vombat.ee\/eco\/wp-content\/uploads\/2024\/06\/2-5.png 1000w\" sizes=\"(max-width: 300px) 100vw, 300px\" \/><\/p>\n<p><strong>\u017danr:<\/strong><\/p>\n<p>Elektriline politseiauto JC666 kuulub lastes\u00f5idukite \u017eanri alla, \u00fchendades endas kujutlusv\u00f5imelise m\u00e4ngu elemente ja v\u00e4ikestele lastele m\u00f5eldud realistlikke s\u00f5iduelamusi.<\/p>\n<p><img loading=\"lazy\" decoding=\"async\" class=\"size-medium wp-image-17928 aligncenter\" src=\"https:\/\/projekt.vombat.ee\/eco\/wp-content\/uploads\/2024\/06\/5-5-300x300.png\" alt=\"Elektriline politseiauto JC666\" width=\"300\" height=\"300\" srcset=\"https:\/\/projekt.vombat.ee\/eco\/wp-content\/uploads\/2024\/06\/5-5-300x300.png 300w, https:\/\/projekt.vombat.ee\/eco\/wp-content\/uploads\/2024\/06\/5-5-150x150.png 150w, https:\/\/projekt.vombat.ee\/eco\/wp-content\/uploads\/2024\/06\/5-5-768x768.png 768w, https:\/\/projekt.vombat.ee\/eco\/wp-content\/uploads\/2024\/06\/5-5-500x500.png 500w, https:\/\/projekt.vombat.ee\/eco\/wp-content\/uploads\/2024\/06\/5-5-800x800.png 800w, https:\/\/projekt.vombat.ee\/eco\/wp-content\/uploads\/2024\/06\/5-5-50x50.png 50w, https:\/\/projekt.vombat.ee\/eco\/wp-content\/uploads\/2024\/06\/5-5-100x100.png 100w, https:\/\/projekt.vombat.ee\/eco\/wp-content\/uploads\/2024\/06\/5-5-370x370.png 370w, https:\/\/projekt.vombat.ee\/eco\/wp-content\/uploads\/2024\/06\/5-5-75x75.png 75w, https:\/\/projekt.vombat.ee\/eco\/wp-content\/uploads\/2024\/06\/5-5-760x760.png 760w, https:\/\/projekt.vombat.ee\/eco\/wp-content\/uploads\/2024\/06\/5-5.png 1000w\" sizes=\"(max-width: 300px) 100vw, 300px\" \/><\/p>\n<p><strong>Teemad:<\/strong><\/p>\n<ul>\n<li>Kujutlusv\u00f5imeline m\u00e4ng: julgustab lapsi osalema politseiametnikena rollim\u00e4ngudes.<\/li>\n<li>Seiklus: pakub lastele p\u00f5nevat \u00f5uestegevust.<\/li>\n<li>Ohutus ja juhtimine: R\u00f5hutab turvalisust vanemliku j\u00e4relevalve funktsioonide ja turvav\u00f6\u00f6dega.<\/li>\n<li>Muusika ja meelelahutus: sisseehitatud helis\u00fcsteem l\u00f5busaks s\u00f5idukogemuseks.<\/li>\n<li>Mugavus ja stiil: omadused, nagu \u00f6konahast iste ja valgustatud armatuurlaud, parandavad s\u00f5itu.<\/li>\n<\/ul>\n<p><img loading=\"lazy\" decoding=\"async\" class=\"size-medium wp-image-17932 aligncenter\" src=\"https:\/\/projekt.vombat.ee\/eco\/wp-content\/uploads\/2024\/06\/9-5-300x300.png\" alt=\"Elektriline politseiauto JC666\" width=\"300\" height=\"300\" srcset=\"https:\/\/projekt.vombat.ee\/eco\/wp-content\/uploads\/2024\/06\/9-5-300x300.png 300w, https:\/\/projekt.vombat.ee\/eco\/wp-content\/uploads\/2024\/06\/9-5-150x150.png 150w, https:\/\/projekt.vombat.ee\/eco\/wp-content\/uploads\/2024\/06\/9-5-768x768.png 768w, https:\/\/projekt.vombat.ee\/eco\/wp-content\/uploads\/2024\/06\/9-5-500x500.png 500w, https:\/\/projekt.vombat.ee\/eco\/wp-content\/uploads\/2024\/06\/9-5-800x800.png 800w, https:\/\/projekt.vombat.ee\/eco\/wp-content\/uploads\/2024\/06\/9-5-50x50.png 50w, https:\/\/projekt.vombat.ee\/eco\/wp-content\/uploads\/2024\/06\/9-5-100x100.png 100w, https:\/\/projekt.vombat.ee\/eco\/wp-content\/uploads\/2024\/06\/9-5-370x370.png 370w, https:\/\/projekt.vombat.ee\/eco\/wp-content\/uploads\/2024\/06\/9-5-75x75.png 75w, https:\/\/projekt.vombat.ee\/eco\/wp-content\/uploads\/2024\/06\/9-5-760x760.png 760w, https:\/\/projekt.vombat.ee\/eco\/wp-content\/uploads\/2024\/06\/9-5.png 1000w\" sizes=\"(max-width: 300px) 100vw, 300px\" \/><\/p>\n<p><strong>J\u00e4reldus:<\/strong><\/p>\n<p>Elektriline politseiauto JC666 on suurep\u00e4rane valik v\u00e4ikelastele, kes armastavad seiklusi ja fantaasiarikkaid m\u00e4nge. Selle realistlik disain koos politseiheliefektide ja sireeniga koos turvafunktsioonidega, nagu turvav\u00f6\u00f6 ja vanemlik kaugjuhtimispult, muudavad selle p\u00f5nevaks ja turvaliseks. \u00d6ko-nahast iste ja helimeelelahutuss\u00fcsteem lisavad \u00fcldist mugavust ja naudingut, muutes JC666 ideaalseks kingituseks igale v\u00e4ikesele lapsele.<\/p>\n","protected":false},"excerpt":{"rendered":"<ul>\n<li>Valgustatud sinine armatuurlaud<\/li>\n<li>Audiopaneel MP3-, USB- ja TF-pistikutega<\/li>\n<li>Autentsed politseiauto heliefektid ja sireen<\/li>\n<li>Multifunktsionaalne rool helisignaali ja muusika juhtnuppudega<\/li>\n<li>LED esituled ja pidurituled<\/li>\n<li>Turvaelemendid, sealhulgas turvav\u00f6\u00f6 ja avatavad uksed<\/li>\n<li>Aeglane k\u00e4ivitamine ja seiskamine lapse mugavuse suurendamiseks<\/li>\n<li>Vanemlik kaugjuhtimispult 3 valitava kiirustasemega<\/li>\n<li>K\u00e4sitsi juhtimise v\u00f5imalus lastele<\/li>\n<li>Aku pinge indikaator<\/li>\n<li>Kujutlusv\u00f5imeline m\u00e4ng: julgustab lapsi osalema politseiametnikena rollim\u00e4ngudes.<\/li>\n<li>Seiklus: pakub lastele p\u00f5nevat \u00f5uestegevust.<\/li>\n<li>Ohutus ja juhtimine: r\u00f5hutab vanemliku j\u00e4relevalve funktsioonide ja turvav\u00f6\u00f6ga turvalisust.<\/li>\n<li>Muusika ja meelelahutus: sisseehitatud helis\u00fcsteem l\u00f5busaks s\u00f5idukogemuseks.<\/li>\n<li>Mugavus ja stiil: omadused, nagu \u00f6konahast iste ja valgustatud armatuurlaud, parandavad s\u00f5itu.<\/li>\n<\/ul>\n<p><strong>\u2666 Tarneaeg 3-6 p\u00e4eva<\/strong><br \/>\n<strong>\u2666 Laos<\/strong><\/p>\n","protected":false},"featured_media":17938,"template":"","meta":[],"product_cat":[1920],"product_tag":[3026,2994,3036,3010,2998,3024],"class_list":{"0":"post-17923","1":"product","2":"type-product","3":"status-publish","4":"has-post-thumbnail","6":"product_cat-elektritoukerataste-joulukampaania","7":"product_tag-ehtne-politseiauto-manguasi","8":"product_tag-laste-politseiauto","9":"product_tag-mini-politseiauto","10":"product_tag-must-pealesoitev-auto","11":"product_tag-politsei-heliefektid","12":"product_tag-sinised-armatuurlaua-tuled","14":"first","15":"instock","16":"taxable","17":"shipping-taxable","18":"purchasable","19":"product-type-simple"},"yoast_head":"<!-- This site is optimized with the Yoast SEO plugin v23.8 - https:\/\/yoast.com\/wordpress\/plugins\/seo\/ -->\n<title>Elektriline politseiauto | JC666 70W 12V | Nahast iste | Must - Ecocruiser<\/title>\n<meta name=\"description\" content=\"Avastage elektriline politseiauto JC666 70 W 12 V musta v\u00e4rvi, millel on nahkistme, kaks 35 W mootorit ja autentsed politseiheliefektid.\" \/>\n<meta name=\"robots\" content=\"noindex, follow, max-snippet:-1, max-image-preview:large, max-video-preview:-1\" \/>\n<meta property=\"og:locale\" content=\"en_GB\" \/>\n<meta property=\"og:type\" content=\"article\" \/>\n<meta property=\"og:title\" content=\"Elektriline politseiauto | JC666 70W 12V | Nahast iste | Must - Ecocruiser\" \/>\n<meta property=\"og:description\" content=\"Avastage elektriline politseiauto JC666 70 W 12 V musta v\u00e4rvi, millel on nahkistme, kaks 35 W mootorit ja autentsed politseiheliefektid.\" \/>\n<meta property=\"og:url\" content=\"https:\/\/projekt.vombat.ee\/eco\/pood\/elektritoukerattad\/elektritoukerataste-joulukampaania\/elektriline-politseiauto-jc666-70w-12v-nahast-iste-must\/\" \/>\n<meta property=\"og:site_name\" content=\"Ecocruiser\" \/>\n<meta property=\"article:modified_time\" content=\"2024-08-03T17:53:11+00:00\" \/>\n<meta property=\"og:image\" content=\"https:\/\/projekt.vombat.ee\/eco\/wp-content\/uploads\/2024\/06\/15-3.png\" \/>\n\t<meta property=\"og:image:width\" content=\"1000\" \/>\n\t<meta property=\"og:image:height\" content=\"1000\" \/>\n\t<meta property=\"og:image:type\" content=\"image\/png\" \/>\n<meta name=\"twitter:card\" content=\"summary_large_image\" \/>\n<meta name=\"twitter:label1\" content=\"Estimated reading time\" \/>\n\t<meta name=\"twitter:data1\" content=\"3 minutes\" \/>\n<script type=\"application\/ld+json\" class=\"yoast-schema-graph\">{\"@context\":\"https:\/\/schema.org\",\"@graph\":[{\"@type\":\"WebPage\",\"@id\":\"https:\/\/projekt.vombat.ee\/eco\/pood\/elektritoukerattad\/elektritoukerataste-joulukampaania\/elektriline-politseiauto-jc666-70w-12v-nahast-iste-must\/\",\"url\":\"https:\/\/projekt.vombat.ee\/eco\/pood\/elektritoukerattad\/elektritoukerataste-joulukampaania\/elektriline-politseiauto-jc666-70w-12v-nahast-iste-must\/\",\"name\":\"Elektriline politseiauto | JC666 70W 12V | Nahast iste | Must - Ecocruiser\",\"isPartOf\":{\"@id\":\"https:\/\/projekt.vombat.ee\/eco\/#website\"},\"primaryImageOfPage\":{\"@id\":\"https:\/\/projekt.vombat.ee\/eco\/pood\/elektritoukerattad\/elektritoukerataste-joulukampaania\/elektriline-politseiauto-jc666-70w-12v-nahast-iste-must\/#primaryimage\"},\"image\":{\"@id\":\"https:\/\/projekt.vombat.ee\/eco\/pood\/elektritoukerattad\/elektritoukerataste-joulukampaania\/elektriline-politseiauto-jc666-70w-12v-nahast-iste-must\/#primaryimage\"},\"thumbnailUrl\":\"https:\/\/projekt.vombat.ee\/eco\/wp-content\/uploads\/2024\/06\/15-3.png\",\"datePublished\":\"2024-06-17T16:09:20+00:00\",\"dateModified\":\"2024-08-03T17:53:11+00:00\",\"description\":\"Avastage elektriline politseiauto JC666 70 W 12 V musta v\u00e4rvi, millel on nahkistme, kaks 35 W mootorit ja autentsed politseiheliefektid.\",\"breadcrumb\":{\"@id\":\"https:\/\/projekt.vombat.ee\/eco\/pood\/elektritoukerattad\/elektritoukerataste-joulukampaania\/elektriline-politseiauto-jc666-70w-12v-nahast-iste-must\/#breadcrumb\"},\"inLanguage\":\"en-GB\",\"potentialAction\":[{\"@type\":\"ReadAction\",\"target\":[\"https:\/\/projekt.vombat.ee\/eco\/pood\/elektritoukerattad\/elektritoukerataste-joulukampaania\/elektriline-politseiauto-jc666-70w-12v-nahast-iste-must\/\"]}]},{\"@type\":\"ImageObject\",\"inLanguage\":\"en-GB\",\"@id\":\"https:\/\/projekt.vombat.ee\/eco\/pood\/elektritoukerattad\/elektritoukerataste-joulukampaania\/elektriline-politseiauto-jc666-70w-12v-nahast-iste-must\/#primaryimage\",\"url\":\"https:\/\/projekt.vombat.ee\/eco\/wp-content\/uploads\/2024\/06\/15-3.png\",\"contentUrl\":\"https:\/\/projekt.vombat.ee\/eco\/wp-content\/uploads\/2024\/06\/15-3.png\",\"width\":1000,\"height\":1000,\"caption\":\"Elektriline politseiauto JC666\"},{\"@type\":\"BreadcrumbList\",\"@id\":\"https:\/\/projekt.vombat.ee\/eco\/pood\/elektritoukerattad\/elektritoukerataste-joulukampaania\/elektriline-politseiauto-jc666-70w-12v-nahast-iste-must\/#breadcrumb\",\"itemListElement\":[{\"@type\":\"ListItem\",\"position\":1,\"name\":\"Home\",\"item\":\"https:\/\/projekt.vombat.ee\/eco\/\"},{\"@type\":\"ListItem\",\"position\":2,\"name\":\"Pood\",\"item\":\"https:\/\/projekt.vombat.ee\/eco\/pood\/\"},{\"@type\":\"ListItem\",\"position\":3,\"name\":\"Elektriline politseiauto | JC666 70W 12V | Nahast iste | Must\"}]},{\"@type\":\"WebSite\",\"@id\":\"https:\/\/projekt.vombat.ee\/eco\/#website\",\"url\":\"https:\/\/projekt.vombat.ee\/eco\/\",\"name\":\"Ecocruiser\",\"description\":\"\",\"publisher\":{\"@id\":\"https:\/\/projekt.vombat.ee\/eco\/#organization\"},\"potentialAction\":[{\"@type\":\"SearchAction\",\"target\":{\"@type\":\"EntryPoint\",\"urlTemplate\":\"https:\/\/projekt.vombat.ee\/eco\/?s={search_term_string}\"},\"query-input\":{\"@type\":\"PropertyValueSpecification\",\"valueRequired\":true,\"valueName\":\"search_term_string\"}}],\"inLanguage\":\"en-GB\"},{\"@type\":\"Organization\",\"@id\":\"https:\/\/projekt.vombat.ee\/eco\/#organization\",\"name\":\"Ecocruiser\",\"url\":\"https:\/\/projekt.vombat.ee\/eco\/\",\"logo\":{\"@type\":\"ImageObject\",\"inLanguage\":\"en-GB\",\"@id\":\"https:\/\/projekt.vombat.ee\/eco\/#\/schema\/logo\/image\/\",\"url\":\"https:\/\/projekt.vombat.ee\/eco\/wp-content\/uploads\/2023\/03\/ECOCRUISER_5.png\",\"contentUrl\":\"https:\/\/projekt.vombat.ee\/eco\/wp-content\/uploads\/2023\/03\/ECOCRUISER_5.png\",\"width\":234,\"height\":91,\"caption\":\"Ecocruiser\"},\"image\":{\"@id\":\"https:\/\/projekt.vombat.ee\/eco\/#\/schema\/logo\/image\/\"}}]}<\/script>\n<!-- \/ Yoast SEO plugin. -->","yoast_head_json":{"title":"Elektriline politseiauto | JC666 70W 12V | Nahast iste | Must - Ecocruiser","description":"Avastage elektriline politseiauto JC666 70 W 12 V musta v\u00e4rvi, millel on nahkistme, kaks 35 W mootorit ja autentsed politseiheliefektid.","robots":{"index":"noindex","follow":"follow","max-snippet":"max-snippet:-1","max-image-preview":"max-image-preview:large","max-video-preview":"max-video-preview:-1"},"og_locale":"en_GB","og_type":"article","og_title":"Elektriline politseiauto | JC666 70W 12V | Nahast iste | Must - Ecocruiser","og_description":"Avastage elektriline politseiauto JC666 70 W 12 V musta v\u00e4rvi, millel on nahkistme, kaks 35 W mootorit ja autentsed politseiheliefektid.","og_url":"https:\/\/projekt.vombat.ee\/eco\/pood\/elektritoukerattad\/elektritoukerataste-joulukampaania\/elektriline-politseiauto-jc666-70w-12v-nahast-iste-must\/","og_site_name":"Ecocruiser","article_modified_time":"2024-08-03T17:53:11+00:00","og_image":[{"width":1000,"height":1000,"url":"https:\/\/projekt.vombat.ee\/eco\/wp-content\/uploads\/2024\/06\/15-3.png","type":"image\/png"}],"twitter_card":"summary_large_image","twitter_misc":{"Estimated reading time":"3 minutes"},"schema":{"@context":"https:\/\/schema.org","@graph":[{"@type":"WebPage","@id":"https:\/\/projekt.vombat.ee\/eco\/pood\/elektritoukerattad\/elektritoukerataste-joulukampaania\/elektriline-politseiauto-jc666-70w-12v-nahast-iste-must\/","url":"https:\/\/projekt.vombat.ee\/eco\/pood\/elektritoukerattad\/elektritoukerataste-joulukampaania\/elektriline-politseiauto-jc666-70w-12v-nahast-iste-must\/","name":"Elektriline politseiauto | JC666 70W 12V | Nahast iste | Must - Ecocruiser","isPartOf":{"@id":"https:\/\/projekt.vombat.ee\/eco\/#website"},"primaryImageOfPage":{"@id":"https:\/\/projekt.vombat.ee\/eco\/pood\/elektritoukerattad\/elektritoukerataste-joulukampaania\/elektriline-politseiauto-jc666-70w-12v-nahast-iste-must\/#primaryimage"},"image":{"@id":"https:\/\/projekt.vombat.ee\/eco\/pood\/elektritoukerattad\/elektritoukerataste-joulukampaania\/elektriline-politseiauto-jc666-70w-12v-nahast-iste-must\/#primaryimage"},"thumbnailUrl":"https:\/\/projekt.vombat.ee\/eco\/wp-content\/uploads\/2024\/06\/15-3.png","datePublished":"2024-06-17T16:09:20+00:00","dateModified":"2024-08-03T17:53:11+00:00","description":"Avastage elektriline politseiauto JC666 70 W 12 V musta v\u00e4rvi, millel on nahkistme, kaks 35 W mootorit ja autentsed politseiheliefektid.","breadcrumb":{"@id":"https:\/\/projekt.vombat.ee\/eco\/pood\/elektritoukerattad\/elektritoukerataste-joulukampaania\/elektriline-politseiauto-jc666-70w-12v-nahast-iste-must\/#breadcrumb"},"inLanguage":"en-GB","potentialAction":[{"@type":"ReadAction","target":["https:\/\/projekt.vombat.ee\/eco\/pood\/elektritoukerattad\/elektritoukerataste-joulukampaania\/elektriline-politseiauto-jc666-70w-12v-nahast-iste-must\/"]}]},{"@type":"ImageObject","inLanguage":"en-GB","@id":"https:\/\/projekt.vombat.ee\/eco\/pood\/elektritoukerattad\/elektritoukerataste-joulukampaania\/elektriline-politseiauto-jc666-70w-12v-nahast-iste-must\/#primaryimage","url":"https:\/\/projekt.vombat.ee\/eco\/wp-content\/uploads\/2024\/06\/15-3.png","contentUrl":"https:\/\/projekt.vombat.ee\/eco\/wp-content\/uploads\/2024\/06\/15-3.png","width":1000,"height":1000,"caption":"Elektriline politseiauto JC666"},{"@type":"BreadcrumbList","@id":"https:\/\/projekt.vombat.ee\/eco\/pood\/elektritoukerattad\/elektritoukerataste-joulukampaania\/elektriline-politseiauto-jc666-70w-12v-nahast-iste-must\/#breadcrumb","itemListElement":[{"@type":"ListItem","position":1,"name":"Home","item":"https:\/\/projekt.vombat.ee\/eco\/"},{"@type":"ListItem","position":2,"name":"Pood","item":"https:\/\/projekt.vombat.ee\/eco\/pood\/"},{"@type":"ListItem","position":3,"name":"Elektriline politseiauto | JC666 70W 12V | Nahast iste | Must"}]},{"@type":"WebSite","@id":"https:\/\/projekt.vombat.ee\/eco\/#website","url":"https:\/\/projekt.vombat.ee\/eco\/","name":"Ecocruiser","description":"","publisher":{"@id":"https:\/\/projekt.vombat.ee\/eco\/#organization"},"potentialAction":[{"@type":"SearchAction","target":{"@type":"EntryPoint","urlTemplate":"https:\/\/projekt.vombat.ee\/eco\/?s={search_term_string}"},"query-input":{"@type":"PropertyValueSpecification","valueRequired":true,"valueName":"search_term_string"}}],"inLanguage":"en-GB"},{"@type":"Organization","@id":"https:\/\/projekt.vombat.ee\/eco\/#organization","name":"Ecocruiser","url":"https:\/\/projekt.vombat.ee\/eco\/","logo":{"@type":"ImageObject","inLanguage":"en-GB","@id":"https:\/\/projekt.vombat.ee\/eco\/#\/schema\/logo\/image\/","url":"https:\/\/projekt.vombat.ee\/eco\/wp-content\/uploads\/2023\/03\/ECOCRUISER_5.png","contentUrl":"https:\/\/projekt.vombat.ee\/eco\/wp-content\/uploads\/2023\/03\/ECOCRUISER_5.png","width":234,"height":91,"caption":"Ecocruiser"},"image":{"@id":"https:\/\/projekt.vombat.ee\/eco\/#\/schema\/logo\/image\/"}}]}},"lang":"et","translations":{"et":17923,"fr":19075},"pll_sync_post":[],"_links":{"self":[{"href":"https:\/\/projekt.vombat.ee\/eco\/wp-json\/wp\/v2\/product\/17923"}],"collection":[{"href":"https:\/\/projekt.vombat.ee\/eco\/wp-json\/wp\/v2\/product"}],"about":[{"href":"https:\/\/projekt.vombat.ee\/eco\/wp-json\/wp\/v2\/types\/product"}],"version-history":[{"count":5,"href":"https:\/\/projekt.vombat.ee\/eco\/wp-json\/wp\/v2\/product\/17923\/revisions"}],"predecessor-version":[{"id":21001,"href":"https:\/\/projekt.vombat.ee\/eco\/wp-json\/wp\/v2\/product\/17923\/revisions\/21001"}],"wp:featuredmedia":[{"embeddable":true,"href":"https:\/\/projekt.vombat.ee\/eco\/wp-json\/wp\/v2\/media\/17938"}],"wp:attachment":[{"href":"https:\/\/projekt.vombat.ee\/eco\/wp-json\/wp\/v2\/media?parent=17923"}],"wp:term":[{"taxonomy":"product_cat","embeddable":true,"href":"https:\/\/projekt.vombat.ee\/eco\/wp-json\/wp\/v2\/product_cat?post=17923"},{"taxonomy":"product_tag","embeddable":true,"href":"https:\/\/projekt.vombat.ee\/eco\/wp-json\/wp\/v2\/product_tag?post=17923"}],"curies":[{"name":"wp","href":"https:\/\/api.w.org\/{rel}","templated":true}]}}