{"id":17103,"date":"2024-05-14T11:28:22","date_gmt":"2024-05-14T11:28:22","guid":{"rendered":"https:\/\/projekt.vombat.ee\/eco\/?post_type=product&#038;p=17103"},"modified":"2024-08-05T09:57:21","modified_gmt":"2024-08-05T09:57:21","slug":"kukirin-c1-pro-scooter-electrique-60-km","status":"publish","type":"product","link":"https:\/\/projekt.vombat.ee\/eco\/fr\/pood\/scooters-electriques\/linna-toukerattad\/kukirin-c1-pro-scooter-electrique-60-km\/","title":{"rendered":"KUKIRIN C1 Pro scooter \u00e9lectrique 60 km"},"content":{"rendered":"<h1>Scooter \u00e9lectrique KUKIRIN C1 Pro<\/h1>\n<p>D\u00e9couvrez le scooter \u00e9lectrique KuKirin C1 Pro &#8211; votre nouveau compagnon de tous les jours qui fait passer la mobilit\u00e9 au niveau sup\u00e9rieur. Oubliez les embouteillages et les probl\u00e8mes de stationnement ; le C1 Pro vous am\u00e8nera \u00e0 votre destination rapidement et avec style. La puissance du moteur de 800 W et la vitesse maximale de 45 km\/h font de la conduite un plaisir, tandis que l&#8217;autonomie de 100 km avec une seule charge signifie que vos aventures ne doivent pas \u00eatre confin\u00e9es \u00e0 la ville.<\/p>\n<p>Ses pneus de 14 pouces de large et son panneau de commande intuitif garantissent une conduite en douceur sur toutes les routes. De plus, le C1 Pro a \u00e9t\u00e9 con\u00e7u pour votre confort &#8211; que ce soit son assemblage rapide qui facilite le transport, ou sa r\u00e9sistance \u00e0 l&#8217;eau qui vous permet de rouler par tous les temps.<\/p>\n<p>Choisissez le KuKirin C1 Pro et transformez votre trajet quotidien en une aventure agr\u00e9able. Ce n&#8217;est pas seulement un scooter, c&#8217;est votre libert\u00e9 sur roues.<\/p>\n<p><img fetchpriority=\"high\" decoding=\"async\" class=\"alignnone\" src=\"https:\/\/a.allegroimg.com\/original\/11d273\/6121a71d4f1a9e75f447e995ef66\/Hulajnoga-Elektryczna-KuKirin-C1-Pro-800W-25AH-14-100KM-45KM-H-Amortyzacja-przod\" alt=\"KUKIRIN C1 Pro elektriline t\u00f5ukeratas 100 km\" width=\"1600\" height=\"1066\" \/><\/p>\n<h3>Info<\/h3>\n<ul>\n<li><strong>Marque<\/strong> : kugoo<\/li>\n<li><strong>Puissance du moteur<\/strong> : jusqu&#8217;\u00e0 800W en cr\u00eate, puissance utilisable 500W.<\/li>\n<li><strong>Vitesse maximale<\/strong> : Vitesse maximale jusqu&#8217;\u00e0 45 km\/h. Puissance maximale : 800Wh, puissance maximale 500Wh, puissance maximale 500Wh.<\/li>\n<li><strong>Batterie<\/strong> : Batterie lithium haute fr\u00e9quence 48V 25Ah de nouvelle g\u00e9n\u00e9ration.<\/li>\n<li><strong>Autonomie<\/strong> : Jusqu&#8217;\u00e0 100 km avec une seule charge.<\/li>\n<li><strong>Pneus<\/strong> : Pneus pneumatiques \u00e9pais de 14 pouces, largeur du pneu de 2,5 pouces.<\/li>\n<li><strong>Syst\u00e8me de freinage<\/strong> : freins \u00e0 disque avant et arri\u00e8re.<\/li>\n<li><strong>Cadre<\/strong> : Alliage d&#8217;aluminium robuste.<\/li>\n<li><strong>Conception de la selle<\/strong> : Si\u00e8ge plus large et plus \u00e9pais pour un meilleur confort.<\/li>\n<li><strong>\u00c9clairage<\/strong> : feux avant et arri\u00e8re puissants pour une conduite s\u00fbre.<\/li>\n<li><strong>Si\u00e8ges avant et arri\u00e8re robustes et puissants pour une meilleure s\u00e9curit\u00e9<\/strong> : Tableau de bord intelligent pour contr\u00f4ler la puissance du v\u00e9hicule, la vitesse, la distance et d&#8217;autres informations.<\/li>\n<li><strong>Temps de charge<\/strong> : 10-12 heures.<\/li>\n<li><strong>\u00c9tanch\u00e9it\u00e9<\/strong> : classification IP54.<\/li>\n<li><strong>Fonctions suppl\u00e9mentaires<\/strong> : klaxon, alarme de compteur, compteur de vitesse, si\u00e8ge, valise pliable, \u00e9tanche. 10-10 heures.<\/li>\n<li><strong>Pliage<\/strong> : Le pliage rapide et pratique permet de ranger facilement le scooter dans le coffre d&#8217;une voiture.<\/li>\n<li><strong>Rapide et facile \u00e0 transporter, facile \u00e0 transporter, facile \u00e0 transporter<\/strong> : P\u00e9dale en bois robuste avec un look r\u00e9tro classique, bonne qualit\u00e9 antid\u00e9rapante.<\/li>\n<li><strong>Confort<\/strong> : Excellente absorption des chocs \u00e0 l&#8217;avant et pneus tout-terrain de 14 pouces garantissant une conduite en douceur.<\/li>\n<li><strong>Poids<\/strong> : 33,7 kg.<\/li>\n<li><strong>Charge maximale<\/strong> : Jusqu&#8217;\u00e0 120 kg.<\/li>\n<li><strong>Dimensions ouvertes<\/strong> : 140 x 61 x 110 cm.<\/li>\n<li><strong>Dimensions pli\u00e9es<\/strong> : 140 x 30 x 65 cm.<\/li>\n<\/ul>\n<p><img decoding=\"async\" class=\"alignnone\" src=\"https:\/\/a.allegroimg.com\/original\/11ae54\/a8a9cfd04488be77f99f9aa47148\/Hulajnoga-Elektryczny-KuKirin-C1-Pro-800W-45-km-h-25Ah-100km-Maksymalny-kat-nachylenia-terenu-15\" alt=\"KuKirin C1 Pro\" width=\"1035\" height=\"429\" \/><\/p>\n<h3>Le paquet comprend<\/h3>\n<p><img decoding=\"async\" class=\"alignleft\" src=\"https:\/\/a.allegroimg.com\/original\/11e2cf\/b8aa087842c5ba004d6e80eb2ad2\/Hulajnoga-Elektryczny-KuKirin-C1-Pro-800W-45-km-h-25Ah-100km-Zasieg-100-km\" alt=\"KuKirin C1 Pro\" width=\"395\" height=\"395\" \/><\/p>\n<p>&nbsp;<\/p>\n<ul>\n<li><span style=\"font-size: inherit;\">Votre nouveau scooter \u00e9lectrique<\/span><\/li>\n<li>Chargeur<\/li>\n<li>Adaptateur de charge<\/li>\n<li>Kit d&#8217;installation<\/li>\n<li>Manuel d&#8217;utilisation<\/li>\n<\/ul>\n","protected":false},"excerpt":{"rendered":"<p><strong>Scooter \u00e9lectrique KUKIRIN C1 Pro<\/strong><\/p>\n<p>&nbsp;<\/p>\n<p><strong>Vitesse maximale jusqu&#8217;\u00e0 45 km\/h<\/strong><br \/>\n<strong>Batterie lithium haute fr\u00e9quence 48V 15Ah de nouvelle g\u00e9n\u00e9ration<\/strong><br \/>\n<strong>Autonomie : Jusqu&#8217;\u00e0 60 km avec une seule charge<\/strong><br \/>\n<strong>Pneus : Pneumatiques de 14 pouces d&#8217;\u00e9paisseur<\/strong><br \/>\n<strong>Freins \u00e0 disque avant et arri\u00e8re<\/strong><\/p>\n<p><strong>Feux avant et arri\u00e8re puissants<\/strong><br \/>\n<strong>Si\u00e8ges avant et arri\u00e8re plus avanc\u00e9s<\/strong><br \/>\n<strong>Temps de charge : 10-12 heures<\/strong><br \/>\n<strong>R\u00e9sistance \u00e0 l&#8217;eau : IP54 <\/strong><br \/>\n<strong>Pliable<\/strong><br \/>\n<strong>Charge maximale : Jusqu&#8217;\u00e0 120 kg<\/strong><\/p>\n<p>&nbsp;<\/p>\n<p><strong>\u2666 D\u00e9lai de livraison 2-7 jours<\/strong><br \/>\n<strong>\u2666 En stock<\/strong><\/p>\n","protected":false},"featured_media":17104,"template":"","meta":[],"product_cat":[2285,2283,2243,4145,4828],"product_tag":[],"class_list":{"0":"post-17103","1":"product","2":"type-product","3":"status-publish","4":"has-post-thumbnail","6":"product_cat-kugoo","7":"product_cat-scooters-electriques","8":"product_cat-uncategorized-fr","9":"product_cat-linna-toukerattad","10":"product_cat-voimsad-toukerattad","11":"product_shipping_class-suured-pakid","13":"first","14":"instock","15":"sale","16":"taxable","17":"shipping-taxable","18":"purchasable","19":"product-type-simple"},"yoast_head":"<!-- This site is optimized with the Yoast SEO plugin v23.8 - https:\/\/yoast.com\/wordpress\/plugins\/seo\/ -->\n<title>KUKIRIN C1 Pro scooter \u00e9lectrique 60 km - Ecocruiser<\/title>\n<meta name=\"description\" content=\"Scooter \u00e9lectrique KuKirin C1 Pro : 45 km\/h, 100 km d&#039;autonomie, pneus de 14 pouces. Imperm\u00e9able et pliable - id\u00e9al pour la mobilit\u00e9 quotidienne.\" \/>\n<meta name=\"robots\" content=\"noindex, follow, max-snippet:-1, max-image-preview:large, max-video-preview:-1\" \/>\n<meta property=\"og:locale\" content=\"en_GB\" \/>\n<meta property=\"og:type\" content=\"article\" \/>\n<meta property=\"og:title\" content=\"KUKIRIN C1 Pro scooter \u00e9lectrique 60 km - Ecocruiser\" \/>\n<meta property=\"og:description\" content=\"Scooter \u00e9lectrique KuKirin C1 Pro : 45 km\/h, 100 km d&#039;autonomie, pneus de 14 pouces. Imperm\u00e9able et pliable - id\u00e9al pour la mobilit\u00e9 quotidienne.\" \/>\n<meta property=\"og:url\" content=\"https:\/\/projekt.vombat.ee\/eco\/fr\/pood\/scooters-electriques\/linna-toukerattad\/kukirin-c1-pro-scooter-electrique-60-km\/\" \/>\n<meta property=\"og:site_name\" content=\"Ecocruiser\" \/>\n<meta property=\"article:modified_time\" content=\"2024-08-05T09:57:21+00:00\" \/>\n<meta property=\"og:image\" content=\"https:\/\/projekt.vombat.ee\/eco\/wp-content\/uploads\/2024\/02\/6-2.jpg\" \/>\n\t<meta property=\"og:image:width\" content=\"720\" \/>\n\t<meta property=\"og:image:height\" content=\"720\" \/>\n\t<meta property=\"og:image:type\" content=\"image\/jpeg\" \/>\n<meta name=\"twitter:card\" content=\"summary_large_image\" \/>\n<meta name=\"twitter:label1\" content=\"Estimated reading time\" \/>\n\t<meta name=\"twitter:data1\" content=\"3 minutes\" \/>\n<script type=\"application\/ld+json\" class=\"yoast-schema-graph\">{\"@context\":\"https:\/\/schema.org\",\"@graph\":[{\"@type\":\"WebPage\",\"@id\":\"https:\/\/projekt.vombat.ee\/eco\/fr\/pood\/scooters-electriques\/linna-toukerattad\/kukirin-c1-pro-scooter-electrique-60-km\/\",\"url\":\"https:\/\/projekt.vombat.ee\/eco\/fr\/pood\/scooters-electriques\/linna-toukerattad\/kukirin-c1-pro-scooter-electrique-60-km\/\",\"name\":\"KUKIRIN C1 Pro scooter \u00e9lectrique 60 km - Ecocruiser\",\"isPartOf\":{\"@id\":\"https:\/\/projekt.vombat.ee\/eco\/#website\"},\"primaryImageOfPage\":{\"@id\":\"https:\/\/projekt.vombat.ee\/eco\/fr\/pood\/scooters-electriques\/linna-toukerattad\/kukirin-c1-pro-scooter-electrique-60-km\/#primaryimage\"},\"image\":{\"@id\":\"https:\/\/projekt.vombat.ee\/eco\/fr\/pood\/scooters-electriques\/linna-toukerattad\/kukirin-c1-pro-scooter-electrique-60-km\/#primaryimage\"},\"thumbnailUrl\":\"https:\/\/projekt.vombat.ee\/eco\/wp-content\/uploads\/2024\/02\/6-2.jpg\",\"datePublished\":\"2024-05-14T11:28:22+00:00\",\"dateModified\":\"2024-08-05T09:57:21+00:00\",\"description\":\"Scooter \u00e9lectrique KuKirin C1 Pro : 45 km\/h, 100 km d'autonomie, pneus de 14 pouces. Imperm\u00e9able et pliable - id\u00e9al pour la mobilit\u00e9 quotidienne.\",\"breadcrumb\":{\"@id\":\"https:\/\/projekt.vombat.ee\/eco\/fr\/pood\/scooters-electriques\/linna-toukerattad\/kukirin-c1-pro-scooter-electrique-60-km\/#breadcrumb\"},\"inLanguage\":\"en-GB\",\"potentialAction\":[{\"@type\":\"ReadAction\",\"target\":[\"https:\/\/projekt.vombat.ee\/eco\/fr\/pood\/scooters-electriques\/linna-toukerattad\/kukirin-c1-pro-scooter-electrique-60-km\/\"]}]},{\"@type\":\"ImageObject\",\"inLanguage\":\"en-GB\",\"@id\":\"https:\/\/projekt.vombat.ee\/eco\/fr\/pood\/scooters-electriques\/linna-toukerattad\/kukirin-c1-pro-scooter-electrique-60-km\/#primaryimage\",\"url\":\"https:\/\/projekt.vombat.ee\/eco\/wp-content\/uploads\/2024\/02\/6-2.jpg\",\"contentUrl\":\"https:\/\/projekt.vombat.ee\/eco\/wp-content\/uploads\/2024\/02\/6-2.jpg\",\"width\":720,\"height\":720,\"caption\":\"KUKIRIN C1 Pro elektriline t\u00f5ukeratas\"},{\"@type\":\"BreadcrumbList\",\"@id\":\"https:\/\/projekt.vombat.ee\/eco\/fr\/pood\/scooters-electriques\/linna-toukerattad\/kukirin-c1-pro-scooter-electrique-60-km\/#breadcrumb\",\"itemListElement\":[{\"@type\":\"ListItem\",\"position\":1,\"name\":\"Home\",\"item\":\"https:\/\/projekt.vombat.ee\/eco\/\"},{\"@type\":\"ListItem\",\"position\":2,\"name\":\"Pood\",\"item\":\"https:\/\/projekt.vombat.ee\/eco\/pood\/\"},{\"@type\":\"ListItem\",\"position\":3,\"name\":\"KUKIRIN C1 Pro scooter \u00e9lectrique 60 km\"}]},{\"@type\":\"WebSite\",\"@id\":\"https:\/\/projekt.vombat.ee\/eco\/#website\",\"url\":\"https:\/\/projekt.vombat.ee\/eco\/\",\"name\":\"Ecocruiser\",\"description\":\"\",\"publisher\":{\"@id\":\"https:\/\/projekt.vombat.ee\/eco\/#organization\"},\"potentialAction\":[{\"@type\":\"SearchAction\",\"target\":{\"@type\":\"EntryPoint\",\"urlTemplate\":\"https:\/\/projekt.vombat.ee\/eco\/?s={search_term_string}\"},\"query-input\":{\"@type\":\"PropertyValueSpecification\",\"valueRequired\":true,\"valueName\":\"search_term_string\"}}],\"inLanguage\":\"en-GB\"},{\"@type\":\"Organization\",\"@id\":\"https:\/\/projekt.vombat.ee\/eco\/#organization\",\"name\":\"Ecocruiser\",\"url\":\"https:\/\/projekt.vombat.ee\/eco\/\",\"logo\":{\"@type\":\"ImageObject\",\"inLanguage\":\"en-GB\",\"@id\":\"https:\/\/projekt.vombat.ee\/eco\/#\/schema\/logo\/image\/\",\"url\":\"https:\/\/projekt.vombat.ee\/eco\/wp-content\/uploads\/2023\/03\/ECOCRUISER_5.png\",\"contentUrl\":\"https:\/\/projekt.vombat.ee\/eco\/wp-content\/uploads\/2023\/03\/ECOCRUISER_5.png\",\"width\":234,\"height\":91,\"caption\":\"Ecocruiser\"},\"image\":{\"@id\":\"https:\/\/projekt.vombat.ee\/eco\/#\/schema\/logo\/image\/\"}}]}<\/script>\n<!-- \/ Yoast SEO plugin. -->","yoast_head_json":{"title":"KUKIRIN C1 Pro scooter \u00e9lectrique 60 km - Ecocruiser","description":"Scooter \u00e9lectrique KuKirin C1 Pro : 45 km\/h, 100 km d'autonomie, pneus de 14 pouces. Imperm\u00e9able et pliable - id\u00e9al pour la mobilit\u00e9 quotidienne.","robots":{"index":"noindex","follow":"follow","max-snippet":"max-snippet:-1","max-image-preview":"max-image-preview:large","max-video-preview":"max-video-preview:-1"},"og_locale":"en_GB","og_type":"article","og_title":"KUKIRIN C1 Pro scooter \u00e9lectrique 60 km - Ecocruiser","og_description":"Scooter \u00e9lectrique KuKirin C1 Pro : 45 km\/h, 100 km d'autonomie, pneus de 14 pouces. Imperm\u00e9able et pliable - id\u00e9al pour la mobilit\u00e9 quotidienne.","og_url":"https:\/\/projekt.vombat.ee\/eco\/fr\/pood\/scooters-electriques\/linna-toukerattad\/kukirin-c1-pro-scooter-electrique-60-km\/","og_site_name":"Ecocruiser","article_modified_time":"2024-08-05T09:57:21+00:00","og_image":[{"width":720,"height":720,"url":"https:\/\/projekt.vombat.ee\/eco\/wp-content\/uploads\/2024\/02\/6-2.jpg","type":"image\/jpeg"}],"twitter_card":"summary_large_image","twitter_misc":{"Estimated reading time":"3 minutes"},"schema":{"@context":"https:\/\/schema.org","@graph":[{"@type":"WebPage","@id":"https:\/\/projekt.vombat.ee\/eco\/fr\/pood\/scooters-electriques\/linna-toukerattad\/kukirin-c1-pro-scooter-electrique-60-km\/","url":"https:\/\/projekt.vombat.ee\/eco\/fr\/pood\/scooters-electriques\/linna-toukerattad\/kukirin-c1-pro-scooter-electrique-60-km\/","name":"KUKIRIN C1 Pro scooter \u00e9lectrique 60 km - Ecocruiser","isPartOf":{"@id":"https:\/\/projekt.vombat.ee\/eco\/#website"},"primaryImageOfPage":{"@id":"https:\/\/projekt.vombat.ee\/eco\/fr\/pood\/scooters-electriques\/linna-toukerattad\/kukirin-c1-pro-scooter-electrique-60-km\/#primaryimage"},"image":{"@id":"https:\/\/projekt.vombat.ee\/eco\/fr\/pood\/scooters-electriques\/linna-toukerattad\/kukirin-c1-pro-scooter-electrique-60-km\/#primaryimage"},"thumbnailUrl":"https:\/\/projekt.vombat.ee\/eco\/wp-content\/uploads\/2024\/02\/6-2.jpg","datePublished":"2024-05-14T11:28:22+00:00","dateModified":"2024-08-05T09:57:21+00:00","description":"Scooter \u00e9lectrique KuKirin C1 Pro : 45 km\/h, 100 km d'autonomie, pneus de 14 pouces. Imperm\u00e9able et pliable - id\u00e9al pour la mobilit\u00e9 quotidienne.","breadcrumb":{"@id":"https:\/\/projekt.vombat.ee\/eco\/fr\/pood\/scooters-electriques\/linna-toukerattad\/kukirin-c1-pro-scooter-electrique-60-km\/#breadcrumb"},"inLanguage":"en-GB","potentialAction":[{"@type":"ReadAction","target":["https:\/\/projekt.vombat.ee\/eco\/fr\/pood\/scooters-electriques\/linna-toukerattad\/kukirin-c1-pro-scooter-electrique-60-km\/"]}]},{"@type":"ImageObject","inLanguage":"en-GB","@id":"https:\/\/projekt.vombat.ee\/eco\/fr\/pood\/scooters-electriques\/linna-toukerattad\/kukirin-c1-pro-scooter-electrique-60-km\/#primaryimage","url":"https:\/\/projekt.vombat.ee\/eco\/wp-content\/uploads\/2024\/02\/6-2.jpg","contentUrl":"https:\/\/projekt.vombat.ee\/eco\/wp-content\/uploads\/2024\/02\/6-2.jpg","width":720,"height":720,"caption":"KUKIRIN C1 Pro elektriline t\u00f5ukeratas"},{"@type":"BreadcrumbList","@id":"https:\/\/projekt.vombat.ee\/eco\/fr\/pood\/scooters-electriques\/linna-toukerattad\/kukirin-c1-pro-scooter-electrique-60-km\/#breadcrumb","itemListElement":[{"@type":"ListItem","position":1,"name":"Home","item":"https:\/\/projekt.vombat.ee\/eco\/"},{"@type":"ListItem","position":2,"name":"Pood","item":"https:\/\/projekt.vombat.ee\/eco\/pood\/"},{"@type":"ListItem","position":3,"name":"KUKIRIN C1 Pro scooter \u00e9lectrique 60 km"}]},{"@type":"WebSite","@id":"https:\/\/projekt.vombat.ee\/eco\/#website","url":"https:\/\/projekt.vombat.ee\/eco\/","name":"Ecocruiser","description":"","publisher":{"@id":"https:\/\/projekt.vombat.ee\/eco\/#organization"},"potentialAction":[{"@type":"SearchAction","target":{"@type":"EntryPoint","urlTemplate":"https:\/\/projekt.vombat.ee\/eco\/?s={search_term_string}"},"query-input":{"@type":"PropertyValueSpecification","valueRequired":true,"valueName":"search_term_string"}}],"inLanguage":"en-GB"},{"@type":"Organization","@id":"https:\/\/projekt.vombat.ee\/eco\/#organization","name":"Ecocruiser","url":"https:\/\/projekt.vombat.ee\/eco\/","logo":{"@type":"ImageObject","inLanguage":"en-GB","@id":"https:\/\/projekt.vombat.ee\/eco\/#\/schema\/logo\/image\/","url":"https:\/\/projekt.vombat.ee\/eco\/wp-content\/uploads\/2023\/03\/ECOCRUISER_5.png","contentUrl":"https:\/\/projekt.vombat.ee\/eco\/wp-content\/uploads\/2023\/03\/ECOCRUISER_5.png","width":234,"height":91,"caption":"Ecocruiser"},"image":{"@id":"https:\/\/projekt.vombat.ee\/eco\/#\/schema\/logo\/image\/"}}]}},"lang":"fr","translations":{"fr":17103,"et":13942},"pll_sync_post":[],"_links":{"self":[{"href":"https:\/\/projekt.vombat.ee\/eco\/wp-json\/wp\/v2\/product\/17103"}],"collection":[{"href":"https:\/\/projekt.vombat.ee\/eco\/wp-json\/wp\/v2\/product"}],"about":[{"href":"https:\/\/projekt.vombat.ee\/eco\/wp-json\/wp\/v2\/types\/product"}],"version-history":[{"count":1,"href":"https:\/\/projekt.vombat.ee\/eco\/wp-json\/wp\/v2\/product\/17103\/revisions"}],"predecessor-version":[{"id":17114,"href":"https:\/\/projekt.vombat.ee\/eco\/wp-json\/wp\/v2\/product\/17103\/revisions\/17114"}],"wp:featuredmedia":[{"embeddable":true,"href":"https:\/\/projekt.vombat.ee\/eco\/wp-json\/wp\/v2\/media\/17104"}],"wp:attachment":[{"href":"https:\/\/projekt.vombat.ee\/eco\/wp-json\/wp\/v2\/media?parent=17103"}],"wp:term":[{"taxonomy":"product_cat","embeddable":true,"href":"https:\/\/projekt.vombat.ee\/eco\/wp-json\/wp\/v2\/product_cat?post=17103"},{"taxonomy":"product_tag","embeddable":true,"href":"https:\/\/projekt.vombat.ee\/eco\/wp-json\/wp\/v2\/product_tag?post=17103"}],"curies":[{"name":"wp","href":"https:\/\/api.w.org\/{rel}","templated":true}]}}