{"id":17095,"date":"2024-05-14T11:33:40","date_gmt":"2024-05-14T11:33:40","guid":{"rendered":"https:\/\/projekt.vombat.ee\/eco\/?post_type=product&#038;p=17095"},"modified":"2024-05-29T10:06:03","modified_gmt":"2024-05-29T10:06:03","slug":"scooter-electrique-kukirin-g1-pro-80-km","status":"publish","type":"product","link":"https:\/\/projekt.vombat.ee\/eco\/fr\/pood\/scooters-electriques\/scooter-electrique-kukirin-g1-pro-80-km\/","title":{"rendered":"Scooter \u00e9lectrique Kukirin G1 Pro, 80 km"},"content":{"rendered":"<h1>Scooter \u00e9lectrique Kukirin G1 Pro<\/h1>\n<h3>Batterie Li-ion haute capacit\u00e9 48V 20.8Ah<\/h3>\n<p>Le KuKirin G1 Pro est \u00e9quip\u00e9 d&#8217;une batterie Li-ion haute capacit\u00e9 de 960Wh pour une plus grande autonomie, une dur\u00e9e de vie plus longue, une charge plus rapide, une plus grande s\u00e9curit\u00e9 et une exp\u00e9rience plus durable et plus stable. Elle offre une autonomie maximale de 70 km et une excellente durabilit\u00e9.<\/p>\n<p><img fetchpriority=\"high\" decoding=\"async\" class=\"\" src=\"https:\/\/officialkukirin.com\/cdn\/shop\/files\/Hb0252b2bb5474930addea76d40c93634g_1800x1800.webp?v=1708501046\" width=\"799\" height=\"797\" \/><\/p>\n<h3>Moteur 2*800W Dual Drive<\/h3>\n<p>KuKirin G1 Pro adopte des moteurs avant et arri\u00e8re de 800W \u00e0 double entra\u00eenement, qui sont non seulement puissants mais aussi stables. Il peut fournir une vitesse de conduite maximale de 55km\/h, vous permettant de ressentir la vitesse et la passion. Sa forte puissance vous permet de gravir les montagnes avec facilit\u00e9. De plus, il dispose d&#8217;un syst\u00e8me de freinage \u00e9lectronique et d&#8217;un syst\u00e8me de contr\u00f4le de la r\u00e9partition de la puissance, ce qui rend la conduite plus s\u00fbre et plus confortable.<\/p>\n<p><img decoding=\"async\" class=\"alignnone wp-image-16109 \" src=\"https:\/\/projekt.vombat.ee\/eco\/wp-content\/uploads\/2024\/03\/IMG_20231019_012453-1024x768.png\" alt=\"\" width=\"691\" height=\"518\" srcset=\"https:\/\/projekt.vombat.ee\/eco\/wp-content\/uploads\/2024\/03\/IMG_20231019_012453-1024x768.png 1024w, https:\/\/projekt.vombat.ee\/eco\/wp-content\/uploads\/2024\/03\/IMG_20231019_012453-300x225.png 300w, https:\/\/projekt.vombat.ee\/eco\/wp-content\/uploads\/2024\/03\/IMG_20231019_012453-768x576.png 768w, https:\/\/projekt.vombat.ee\/eco\/wp-content\/uploads\/2024\/03\/IMG_20231019_012453-1536x1152.png 1536w, https:\/\/projekt.vombat.ee\/eco\/wp-content\/uploads\/2024\/03\/IMG_20231019_012453-2048x1536.png 2048w, https:\/\/projekt.vombat.ee\/eco\/wp-content\/uploads\/2024\/03\/IMG_20231019_012453-500x375.png 500w, https:\/\/projekt.vombat.ee\/eco\/wp-content\/uploads\/2024\/03\/IMG_20231019_012453-800x600.png 800w, https:\/\/projekt.vombat.ee\/eco\/wp-content\/uploads\/2024\/03\/IMG_20231019_012453-130x98.png 130w, https:\/\/projekt.vombat.ee\/eco\/wp-content\/uploads\/2024\/03\/IMG_20231019_012453-760x570.png 760w, https:\/\/projekt.vombat.ee\/eco\/wp-content\/uploads\/2024\/03\/IMG_20231019_012453-370x278.png 370w\" sizes=\"(max-width: 767px) 100vw, 691px\" \/><\/p>\n<h3>Conception de la carrosserie longue<\/h3>\n<p>La conception large des p\u00e9dales permet aux conducteurs de d\u00e9tendre leurs jambes et de r\u00e9duire la fatigue des jambes caus\u00e9e par les longs trajets. Ainsi vous roulez plus confortablement. En m\u00eame temps, la conception longue de la carrosserie offre plus d&#8217;espace aux conducteurs pour rouler plus librement.<\/p>\n<p><img decoding=\"async\" class=\"alignnone wp-image-16110 \" src=\"https:\/\/projekt.vombat.ee\/eco\/wp-content\/uploads\/2024\/03\/IMG_20231019_013115-2-768x1024.png\" alt=\"\" width=\"655\" height=\"873\" srcset=\"https:\/\/projekt.vombat.ee\/eco\/wp-content\/uploads\/2024\/03\/IMG_20231019_013115-2-768x1024.png 768w, https:\/\/projekt.vombat.ee\/eco\/wp-content\/uploads\/2024\/03\/IMG_20231019_013115-2-225x300.png 225w, https:\/\/projekt.vombat.ee\/eco\/wp-content\/uploads\/2024\/03\/IMG_20231019_013115-2-1152x1536.png 1152w, https:\/\/projekt.vombat.ee\/eco\/wp-content\/uploads\/2024\/03\/IMG_20231019_013115-2-1536x2048.png 1536w, https:\/\/projekt.vombat.ee\/eco\/wp-content\/uploads\/2024\/03\/IMG_20231019_013115-2-500x667.png 500w, https:\/\/projekt.vombat.ee\/eco\/wp-content\/uploads\/2024\/03\/IMG_20231019_013115-2-800x1067.png 800w, https:\/\/projekt.vombat.ee\/eco\/wp-content\/uploads\/2024\/03\/IMG_20231019_013115-2-370x493.png 370w, https:\/\/projekt.vombat.ee\/eco\/wp-content\/uploads\/2024\/03\/IMG_20231019_013115-2-760x1013.png 760w\" sizes=\"(max-width: 767px) 100vw, 655px\" \/><\/p>\n<h3>Affichage int\u00e9gr\u00e9<\/h3>\n<p>Le KuKirin G1 Pro a un \u00e9cran int\u00e9gr\u00e9 avec un c\u00e2blage cach\u00e9, rendant le scooter plus propre et de meilleure qualit\u00e9. L&#8217;\u00e9cran vous permet de contr\u00f4ler votre conduite en temps r\u00e9el et d&#8217;avoir une vue d&#8217;ensemble.<\/p>\n<p><img loading=\"lazy\" decoding=\"async\" class=\"alignnone wp-image-16104 \" src=\"https:\/\/projekt.vombat.ee\/eco\/wp-content\/uploads\/2024\/03\/005-933x1024.png\" alt=\"\" width=\"686\" height=\"753\" srcset=\"https:\/\/projekt.vombat.ee\/eco\/wp-content\/uploads\/2024\/03\/005-933x1024.png 933w, https:\/\/projekt.vombat.ee\/eco\/wp-content\/uploads\/2024\/03\/005-273x300.png 273w, https:\/\/projekt.vombat.ee\/eco\/wp-content\/uploads\/2024\/03\/005-768x842.png 768w, https:\/\/projekt.vombat.ee\/eco\/wp-content\/uploads\/2024\/03\/005-1400x1536.png 1400w, https:\/\/projekt.vombat.ee\/eco\/wp-content\/uploads\/2024\/03\/005-1867x2048.png 1867w, https:\/\/projekt.vombat.ee\/eco\/wp-content\/uploads\/2024\/03\/005-500x548.png 500w, https:\/\/projekt.vombat.ee\/eco\/wp-content\/uploads\/2024\/03\/005-800x878.png 800w, https:\/\/projekt.vombat.ee\/eco\/wp-content\/uploads\/2024\/03\/005-760x834.png 760w, https:\/\/projekt.vombat.ee\/eco\/wp-content\/uploads\/2024\/03\/005-370x406.png 370w\" sizes=\"(max-width: 767px) 100vw, 686px\" \/><\/p>\n<h3>Freins \u00e0 double cha\u00eene \u00e0 l&#8217;avant et \u00e0 l&#8217;arri\u00e8re<\/h3>\n<p>Le KuKirin G1 Pro est \u00e9quip\u00e9 de freins \u00e0 double disque \u00e0 l&#8217;avant et \u00e0 l&#8217;arri\u00e8re pour une meilleure ventilation et un meilleur refroidissement, ainsi que des performances de freinage accrues. M\u00eame lorsque vous roulez \u00e0 grande vitesse sur un terrain difficile, le freinage est facile. Ce qui vous donne la confiance n\u00e9cessaire pour vous arr\u00eater n&#8217;importe o\u00f9, n&#8217;importe quand.<\/p>\n<p><img loading=\"lazy\" decoding=\"async\" class=\"alignnone wp-image-16105 \" src=\"https:\/\/projekt.vombat.ee\/eco\/wp-content\/uploads\/2024\/03\/006-768x1024.png\" alt=\"\" width=\"571\" height=\"761\" srcset=\"https:\/\/projekt.vombat.ee\/eco\/wp-content\/uploads\/2024\/03\/006-768x1024.png 768w, https:\/\/projekt.vombat.ee\/eco\/wp-content\/uploads\/2024\/03\/006-225x300.png 225w, https:\/\/projekt.vombat.ee\/eco\/wp-content\/uploads\/2024\/03\/006-1152x1536.png 1152w, https:\/\/projekt.vombat.ee\/eco\/wp-content\/uploads\/2024\/03\/006-1536x2048.png 1536w, https:\/\/projekt.vombat.ee\/eco\/wp-content\/uploads\/2024\/03\/006-500x667.png 500w, https:\/\/projekt.vombat.ee\/eco\/wp-content\/uploads\/2024\/03\/006-800x1067.png 800w, https:\/\/projekt.vombat.ee\/eco\/wp-content\/uploads\/2024\/03\/006-370x493.png 370w, https:\/\/projekt.vombat.ee\/eco\/wp-content\/uploads\/2024\/03\/006-760x1013.png 760w\" sizes=\"(max-width: 767px) 100vw, 571px\" \/><\/p>\n<h3>\u00c9clairage d&#8217;ambiance<\/h3>\n<p>L&#8217;\u00e9clairage ambiant change de couleur au d\u00e9marrage du v\u00e9hicule. Ce qui ajoute au plaisir de conduire et \u00e0 l&#8217;aspect ludique pour les utilisateurs jeunes Mais rend \u00e9galement le v\u00e9hicule plus attrayant lorsqu&#8217;il roule de nuit. Cela attire l&#8217;attention des gens et garantit la s\u00e9curit\u00e9 de la conduite de nuit.<\/p>\n<p><img loading=\"lazy\" decoding=\"async\" class=\"alignnone wp-image-16114 size-full\" src=\"https:\/\/projekt.vombat.ee\/eco\/wp-content\/uploads\/2024\/03\/a60cc788c18632f5894c8142635074b8.png\" alt=\"\" width=\"554\" height=\"889\" srcset=\"https:\/\/projekt.vombat.ee\/eco\/wp-content\/uploads\/2024\/03\/a60cc788c18632f5894c8142635074b8.png 554w, https:\/\/projekt.vombat.ee\/eco\/wp-content\/uploads\/2024\/03\/a60cc788c18632f5894c8142635074b8-187x300.png 187w, https:\/\/projekt.vombat.ee\/eco\/wp-content\/uploads\/2024\/03\/a60cc788c18632f5894c8142635074b8-500x802.png 500w, https:\/\/projekt.vombat.ee\/eco\/wp-content\/uploads\/2024\/03\/a60cc788c18632f5894c8142635074b8-370x594.png 370w\" sizes=\"(max-width: 767px) 100vw, 554px\" \/><\/p>\n","protected":false},"excerpt":{"rendered":"<p><strong>Confort, puissance et style se rencontrent &#8211; pr\u00e9sentez-vous au scooter \u00e9lectrique Kukirin G1 Pro et d\u00e9couvrez un nouveau niveau de mobilit\u00e9 urbaine !<\/strong><\/p>\n<p>&nbsp;<\/p>\n<ul>\n<li><strong>Vitesse maximale : 55km\/h<\/strong><\/li>\n<li><strong>Moteur : 2*800W<\/strong><\/li>\n<li><strong>Autonomie : 80km<\/strong><\/li>\n<li><strong>Batterie : 48V 20.8Ah<\/strong><\/li>\n<li><strong>Capacit\u00e9 de charge : 120kg<\/strong><\/li>\n<li><strong>Temps de charge : 10-11h<\/strong><\/li>\n<li><strong>Chargeur inclus<\/strong><\/li>\n<\/ul>\n<p><strong>\u2666 D\u00e9lai de livraison : 2-6 jours<\/strong><br \/>\n<strong>\u2666 En stock<\/strong><\/p>\n","protected":false},"featured_media":17096,"template":"","meta":[],"product_cat":[2285,2283],"product_tag":[],"class_list":{"0":"post-17095","1":"product","2":"type-product","3":"status-publish","4":"has-post-thumbnail","6":"product_cat-kugoo","7":"product_cat-scooters-electriques","9":"first","10":"instock","11":"sale","12":"taxable","13":"shipping-taxable","14":"purchasable","15":"product-type-simple"},"yoast_head":"<!-- This site is optimized with the Yoast SEO plugin v23.8 - https:\/\/yoast.com\/wordpress\/plugins\/seo\/ -->\n<title>Scooter \u00e9lectrique Kukirin G1 Pro, 80 km - Ecocruiser<\/title>\n<meta name=\"description\" content=\"D\u00e9couvrez le scooter Kukirin G1 Pro - une solution de mobilit\u00e9 urbaine qui offre un transport rapide, confortable et respectueux de l&#039;environnement.\" \/>\n<meta name=\"robots\" content=\"noindex, follow, max-snippet:-1, max-image-preview:large, max-video-preview:-1\" \/>\n<meta property=\"og:locale\" content=\"en_GB\" \/>\n<meta property=\"og:type\" content=\"article\" \/>\n<meta property=\"og:title\" content=\"Scooter \u00e9lectrique Kukirin G1 Pro, 80 km - Ecocruiser\" \/>\n<meta property=\"og:description\" content=\"D\u00e9couvrez le scooter Kukirin G1 Pro - une solution de mobilit\u00e9 urbaine qui offre un transport rapide, confortable et respectueux de l&#039;environnement.\" \/>\n<meta property=\"og:url\" content=\"https:\/\/projekt.vombat.ee\/eco\/fr\/pood\/scooters-electriques\/scooter-electrique-kukirin-g1-pro-80-km\/\" \/>\n<meta property=\"og:site_name\" content=\"Ecocruiser\" \/>\n<meta property=\"article:modified_time\" content=\"2024-05-29T10:06:03+00:00\" \/>\n<meta property=\"og:image\" content=\"https:\/\/projekt.vombat.ee\/eco\/wp-content\/uploads\/2024\/03\/Untitled-design-2024-04-17T161628.708.png\" \/>\n\t<meta property=\"og:image:width\" content=\"1000\" \/>\n\t<meta property=\"og:image:height\" content=\"1000\" \/>\n\t<meta property=\"og:image:type\" content=\"image\/png\" \/>\n<meta name=\"twitter:card\" content=\"summary_large_image\" \/>\n<meta name=\"twitter:label1\" content=\"Estimated reading time\" \/>\n\t<meta name=\"twitter:data1\" content=\"3 minutes\" \/>\n<script type=\"application\/ld+json\" class=\"yoast-schema-graph\">{\"@context\":\"https:\/\/schema.org\",\"@graph\":[{\"@type\":\"WebPage\",\"@id\":\"https:\/\/projekt.vombat.ee\/eco\/fr\/pood\/scooters-electriques\/scooter-electrique-kukirin-g1-pro-80-km\/\",\"url\":\"https:\/\/projekt.vombat.ee\/eco\/fr\/pood\/scooters-electriques\/scooter-electrique-kukirin-g1-pro-80-km\/\",\"name\":\"Scooter \u00e9lectrique Kukirin G1 Pro, 80 km - Ecocruiser\",\"isPartOf\":{\"@id\":\"https:\/\/projekt.vombat.ee\/eco\/#website\"},\"primaryImageOfPage\":{\"@id\":\"https:\/\/projekt.vombat.ee\/eco\/fr\/pood\/scooters-electriques\/scooter-electrique-kukirin-g1-pro-80-km\/#primaryimage\"},\"image\":{\"@id\":\"https:\/\/projekt.vombat.ee\/eco\/fr\/pood\/scooters-electriques\/scooter-electrique-kukirin-g1-pro-80-km\/#primaryimage\"},\"thumbnailUrl\":\"https:\/\/projekt.vombat.ee\/eco\/wp-content\/uploads\/2024\/03\/Untitled-design-2024-04-17T161628.708.png\",\"datePublished\":\"2024-05-14T11:33:40+00:00\",\"dateModified\":\"2024-05-29T10:06:03+00:00\",\"description\":\"D\u00e9couvrez le scooter Kukirin G1 Pro - une solution de mobilit\u00e9 urbaine qui offre un transport rapide, confortable et respectueux de l'environnement.\",\"breadcrumb\":{\"@id\":\"https:\/\/projekt.vombat.ee\/eco\/fr\/pood\/scooters-electriques\/scooter-electrique-kukirin-g1-pro-80-km\/#breadcrumb\"},\"inLanguage\":\"en-GB\",\"potentialAction\":[{\"@type\":\"ReadAction\",\"target\":[\"https:\/\/projekt.vombat.ee\/eco\/fr\/pood\/scooters-electriques\/scooter-electrique-kukirin-g1-pro-80-km\/\"]}]},{\"@type\":\"ImageObject\",\"inLanguage\":\"en-GB\",\"@id\":\"https:\/\/projekt.vombat.ee\/eco\/fr\/pood\/scooters-electriques\/scooter-electrique-kukirin-g1-pro-80-km\/#primaryimage\",\"url\":\"https:\/\/projekt.vombat.ee\/eco\/wp-content\/uploads\/2024\/03\/Untitled-design-2024-04-17T161628.708.png\",\"contentUrl\":\"https:\/\/projekt.vombat.ee\/eco\/wp-content\/uploads\/2024\/03\/Untitled-design-2024-04-17T161628.708.png\",\"width\":1000,\"height\":1000,\"caption\":\"Kukirin G1 Pro\"},{\"@type\":\"BreadcrumbList\",\"@id\":\"https:\/\/projekt.vombat.ee\/eco\/fr\/pood\/scooters-electriques\/scooter-electrique-kukirin-g1-pro-80-km\/#breadcrumb\",\"itemListElement\":[{\"@type\":\"ListItem\",\"position\":1,\"name\":\"Home\",\"item\":\"https:\/\/projekt.vombat.ee\/eco\/\"},{\"@type\":\"ListItem\",\"position\":2,\"name\":\"Pood\",\"item\":\"https:\/\/projekt.vombat.ee\/eco\/pood\/\"},{\"@type\":\"ListItem\",\"position\":3,\"name\":\"Scooter \u00e9lectrique Kukirin G1 Pro, 80 km\"}]},{\"@type\":\"WebSite\",\"@id\":\"https:\/\/projekt.vombat.ee\/eco\/#website\",\"url\":\"https:\/\/projekt.vombat.ee\/eco\/\",\"name\":\"Ecocruiser\",\"description\":\"\",\"publisher\":{\"@id\":\"https:\/\/projekt.vombat.ee\/eco\/#organization\"},\"potentialAction\":[{\"@type\":\"SearchAction\",\"target\":{\"@type\":\"EntryPoint\",\"urlTemplate\":\"https:\/\/projekt.vombat.ee\/eco\/?s={search_term_string}\"},\"query-input\":{\"@type\":\"PropertyValueSpecification\",\"valueRequired\":true,\"valueName\":\"search_term_string\"}}],\"inLanguage\":\"en-GB\"},{\"@type\":\"Organization\",\"@id\":\"https:\/\/projekt.vombat.ee\/eco\/#organization\",\"name\":\"Ecocruiser\",\"url\":\"https:\/\/projekt.vombat.ee\/eco\/\",\"logo\":{\"@type\":\"ImageObject\",\"inLanguage\":\"en-GB\",\"@id\":\"https:\/\/projekt.vombat.ee\/eco\/#\/schema\/logo\/image\/\",\"url\":\"https:\/\/projekt.vombat.ee\/eco\/wp-content\/uploads\/2023\/03\/ECOCRUISER_5.png\",\"contentUrl\":\"https:\/\/projekt.vombat.ee\/eco\/wp-content\/uploads\/2023\/03\/ECOCRUISER_5.png\",\"width\":234,\"height\":91,\"caption\":\"Ecocruiser\"},\"image\":{\"@id\":\"https:\/\/projekt.vombat.ee\/eco\/#\/schema\/logo\/image\/\"}}]}<\/script>\n<!-- \/ Yoast SEO plugin. -->","yoast_head_json":{"title":"Scooter \u00e9lectrique Kukirin G1 Pro, 80 km - Ecocruiser","description":"D\u00e9couvrez le scooter Kukirin G1 Pro - une solution de mobilit\u00e9 urbaine qui offre un transport rapide, confortable et respectueux de l'environnement.","robots":{"index":"noindex","follow":"follow","max-snippet":"max-snippet:-1","max-image-preview":"max-image-preview:large","max-video-preview":"max-video-preview:-1"},"og_locale":"en_GB","og_type":"article","og_title":"Scooter \u00e9lectrique Kukirin G1 Pro, 80 km - Ecocruiser","og_description":"D\u00e9couvrez le scooter Kukirin G1 Pro - une solution de mobilit\u00e9 urbaine qui offre un transport rapide, confortable et respectueux de l'environnement.","og_url":"https:\/\/projekt.vombat.ee\/eco\/fr\/pood\/scooters-electriques\/scooter-electrique-kukirin-g1-pro-80-km\/","og_site_name":"Ecocruiser","article_modified_time":"2024-05-29T10:06:03+00:00","og_image":[{"width":1000,"height":1000,"url":"https:\/\/projekt.vombat.ee\/eco\/wp-content\/uploads\/2024\/03\/Untitled-design-2024-04-17T161628.708.png","type":"image\/png"}],"twitter_card":"summary_large_image","twitter_misc":{"Estimated reading time":"3 minutes"},"schema":{"@context":"https:\/\/schema.org","@graph":[{"@type":"WebPage","@id":"https:\/\/projekt.vombat.ee\/eco\/fr\/pood\/scooters-electriques\/scooter-electrique-kukirin-g1-pro-80-km\/","url":"https:\/\/projekt.vombat.ee\/eco\/fr\/pood\/scooters-electriques\/scooter-electrique-kukirin-g1-pro-80-km\/","name":"Scooter \u00e9lectrique Kukirin G1 Pro, 80 km - Ecocruiser","isPartOf":{"@id":"https:\/\/projekt.vombat.ee\/eco\/#website"},"primaryImageOfPage":{"@id":"https:\/\/projekt.vombat.ee\/eco\/fr\/pood\/scooters-electriques\/scooter-electrique-kukirin-g1-pro-80-km\/#primaryimage"},"image":{"@id":"https:\/\/projekt.vombat.ee\/eco\/fr\/pood\/scooters-electriques\/scooter-electrique-kukirin-g1-pro-80-km\/#primaryimage"},"thumbnailUrl":"https:\/\/projekt.vombat.ee\/eco\/wp-content\/uploads\/2024\/03\/Untitled-design-2024-04-17T161628.708.png","datePublished":"2024-05-14T11:33:40+00:00","dateModified":"2024-05-29T10:06:03+00:00","description":"D\u00e9couvrez le scooter Kukirin G1 Pro - une solution de mobilit\u00e9 urbaine qui offre un transport rapide, confortable et respectueux de l'environnement.","breadcrumb":{"@id":"https:\/\/projekt.vombat.ee\/eco\/fr\/pood\/scooters-electriques\/scooter-electrique-kukirin-g1-pro-80-km\/#breadcrumb"},"inLanguage":"en-GB","potentialAction":[{"@type":"ReadAction","target":["https:\/\/projekt.vombat.ee\/eco\/fr\/pood\/scooters-electriques\/scooter-electrique-kukirin-g1-pro-80-km\/"]}]},{"@type":"ImageObject","inLanguage":"en-GB","@id":"https:\/\/projekt.vombat.ee\/eco\/fr\/pood\/scooters-electriques\/scooter-electrique-kukirin-g1-pro-80-km\/#primaryimage","url":"https:\/\/projekt.vombat.ee\/eco\/wp-content\/uploads\/2024\/03\/Untitled-design-2024-04-17T161628.708.png","contentUrl":"https:\/\/projekt.vombat.ee\/eco\/wp-content\/uploads\/2024\/03\/Untitled-design-2024-04-17T161628.708.png","width":1000,"height":1000,"caption":"Kukirin G1 Pro"},{"@type":"BreadcrumbList","@id":"https:\/\/projekt.vombat.ee\/eco\/fr\/pood\/scooters-electriques\/scooter-electrique-kukirin-g1-pro-80-km\/#breadcrumb","itemListElement":[{"@type":"ListItem","position":1,"name":"Home","item":"https:\/\/projekt.vombat.ee\/eco\/"},{"@type":"ListItem","position":2,"name":"Pood","item":"https:\/\/projekt.vombat.ee\/eco\/pood\/"},{"@type":"ListItem","position":3,"name":"Scooter \u00e9lectrique Kukirin G1 Pro, 80 km"}]},{"@type":"WebSite","@id":"https:\/\/projekt.vombat.ee\/eco\/#website","url":"https:\/\/projekt.vombat.ee\/eco\/","name":"Ecocruiser","description":"","publisher":{"@id":"https:\/\/projekt.vombat.ee\/eco\/#organization"},"potentialAction":[{"@type":"SearchAction","target":{"@type":"EntryPoint","urlTemplate":"https:\/\/projekt.vombat.ee\/eco\/?s={search_term_string}"},"query-input":{"@type":"PropertyValueSpecification","valueRequired":true,"valueName":"search_term_string"}}],"inLanguage":"en-GB"},{"@type":"Organization","@id":"https:\/\/projekt.vombat.ee\/eco\/#organization","name":"Ecocruiser","url":"https:\/\/projekt.vombat.ee\/eco\/","logo":{"@type":"ImageObject","inLanguage":"en-GB","@id":"https:\/\/projekt.vombat.ee\/eco\/#\/schema\/logo\/image\/","url":"https:\/\/projekt.vombat.ee\/eco\/wp-content\/uploads\/2023\/03\/ECOCRUISER_5.png","contentUrl":"https:\/\/projekt.vombat.ee\/eco\/wp-content\/uploads\/2023\/03\/ECOCRUISER_5.png","width":234,"height":91,"caption":"Ecocruiser"},"image":{"@id":"https:\/\/projekt.vombat.ee\/eco\/#\/schema\/logo\/image\/"}}]}},"lang":"fr","translations":{"fr":17095,"ru":16203,"et":15421},"pll_sync_post":[],"_links":{"self":[{"href":"https:\/\/projekt.vombat.ee\/eco\/wp-json\/wp\/v2\/product\/17095"}],"collection":[{"href":"https:\/\/projekt.vombat.ee\/eco\/wp-json\/wp\/v2\/product"}],"about":[{"href":"https:\/\/projekt.vombat.ee\/eco\/wp-json\/wp\/v2\/types\/product"}],"version-history":[{"count":5,"href":"https:\/\/projekt.vombat.ee\/eco\/wp-json\/wp\/v2\/product\/17095\/revisions"}],"predecessor-version":[{"id":17210,"href":"https:\/\/projekt.vombat.ee\/eco\/wp-json\/wp\/v2\/product\/17095\/revisions\/17210"}],"wp:featuredmedia":[{"embeddable":true,"href":"https:\/\/projekt.vombat.ee\/eco\/wp-json\/wp\/v2\/media\/17096"}],"wp:attachment":[{"href":"https:\/\/projekt.vombat.ee\/eco\/wp-json\/wp\/v2\/media?parent=17095"}],"wp:term":[{"taxonomy":"product_cat","embeddable":true,"href":"https:\/\/projekt.vombat.ee\/eco\/wp-json\/wp\/v2\/product_cat?post=17095"},{"taxonomy":"product_tag","embeddable":true,"href":"https:\/\/projekt.vombat.ee\/eco\/wp-json\/wp\/v2\/product_tag?post=17095"}],"curies":[{"name":"wp","href":"https:\/\/api.w.org\/{rel}","templated":true}]}}