{"id":17080,"date":"2024-05-14T11:38:45","date_gmt":"2024-05-14T11:38:45","guid":{"rendered":"https:\/\/projekt.vombat.ee\/eco\/?post_type=product&#038;p=17080"},"modified":"2024-05-29T09:46:37","modified_gmt":"2024-05-29T09:46:37","slug":"kukirin-c1-scooter-electrique-40-km","status":"publish","type":"product","link":"https:\/\/projekt.vombat.ee\/eco\/fr\/pood\/scooters-electriques\/kukirin-c1-scooter-electrique-40-km\/","title":{"rendered":"KUKIRIN C1 scooter \u00e9lectrique 40 km"},"content":{"rendered":"<h1>Scooter \u00e9lectrique KUKIRIN C1<\/h1>\n<p>Le scooter \u00e9lectrique Kukirin C1 n&#8217;est pas seulement un moyen de transport, c&#8217;est un investissement dans votre mobilit\u00e9, votre libert\u00e9 et votre plaisir. Que vous alliez au travail, \u00e0 une r\u00e9union ou que vous profitiez simplement de l&#8217;air frais, ce scooter \u00e9lectrique est pr\u00eat \u00e0 vous emmener partout o\u00f9 vous le souhaitez. Faites un pas de plus vers une mobilit\u00e9 urbaine efficace, s\u00fbre et \u00e9l\u00e9gante &#8211; choisissez le scooter \u00e9lectrique Kukirin C1.<\/p>\n<p><img fetchpriority=\"high\" decoding=\"async\" class=\"alignnone\" src=\"https:\/\/a.allegroimg.com\/original\/115c4f\/11c642f4444fa1a0063801f070b3\/Electric-scooter-Hulajnoga-Kukirin-C1-48V-10ah-350W-25km-h-storage-basket-Predkosc-maksymalna-25-km-h\" alt=\"Kukirin C1\" width=\"1000\" height=\"1034\" \/><\/p>\n<h3>Info<\/h3>\n<ul>\n<li><strong>Marque<\/strong> : Kugoo<\/li>\n<li><strong>Couleur<\/strong> : Noir<\/li>\n<li><strong>Vitesse<\/strong> : 25 km\/h<\/li>\n<li><strong>Moteur sans balais 350W<\/strong> : respectueux de l&#8217;environnement, \u00e9quip\u00e9 d&#8217;un contr\u00f4leur interne bien r\u00e9gl\u00e9<\/li>\n<li><strong>Angle d&#8217;inclinaison<\/strong> : 15<\/li>\n<li><strong>Syst\u00e8me de freinage<\/strong> : frein \u00e0 disque m\u00e9canique<\/li>\n<li><strong>Distance de freinage<\/strong> : 7-10 m<\/li>\n<li><strong>Batterie<\/strong> : batterie au lithium 48V 10Ah<\/li>\n<li><strong>Temps de charge<\/strong> : 6-8 heures<\/li>\n<li><strong>Charge maximale<\/strong> : 120 kg<\/li>\n<li><strong>Largeur de la poign\u00e9e<\/strong> : 220 mm<\/li>\n<li><strong>Hauteur du ch\u00e2ssis<\/strong> : 195 mm<\/li>\n<li><strong>Dimensions de la table<\/strong> : 420*225 mm<\/li>\n<li><strong>R\u00e9sistance \u00e0 l&#8217;eau<\/strong> : IP54<\/li>\n<li><strong>Mat\u00e9riau du ch\u00e2ssis<\/strong> : aluminium<\/li>\n<li><strong>Vitesse de rotation maximale par minute<\/strong> : 620 tr\/min<\/li>\n<li><strong>Couple maxima<\/strong>l : 35Nm<\/li>\n<li><strong>Lampe frontale LED<\/strong> : 1 lampe frontale LED, puissance 7-8W, angle d&#8217;\u00e9clairage 45\u00b0, \u00e9claire jusqu&#8217;\u00e0 80 m de distance<\/li>\n<li><strong>Pneumatique 14 pouces<\/strong> : am\u00e9liore la traction et r\u00e9duit la distance de freinage.<\/li>\n<li><strong>Pratique<\/strong> : guidon pliable pour un transport et un stockage faciles et pratiques.<\/li>\n<li><strong>Design<\/strong> : simple et intuitif, avec des boutons pratiques sur l&#8217;objectif, une finition soign\u00e9e qui t\u00e9moigne de la qualit\u00e9.<\/li>\n<\/ul>\n<p><img decoding=\"async\" class=\"alignnone\" src=\"https:\/\/a.allegroimg.com\/original\/11d143\/86731f534329ac8183c73e8b24a6\/Electric-scooter-Hulajnoga-Kukirin-C1-48V-10ah-350W-25km-h-storage-basket-Srednica-kol-cale-14\" alt=\"Kukirin C1 elektriline t\u00f5ukeratas\" width=\"1000\" height=\"947\" \/><\/p>\n<h3>Le paquet contient<\/h3>\n<ul>\n<li>Votre nouveau scooter \u00e9lectrique<\/li>\n<li>Chargeur<\/li>\n<li>Adaptateur de charge<\/li>\n<li>Kit d&#8217;installation<\/li>\n<li>Le manuel de l&#8217;utilisateur<\/li>\n<\/ul>\n","protected":false},"excerpt":{"rendered":"<p><strong>Scooter \u00e9lectrique KUKIRIN C1<\/strong><\/p>\n<p>&nbsp;<\/p>\n<p><strong>Marque :<\/strong> Kugoo<br \/>\n<strong>Couleur :<\/strong> Noir<br \/>\n<strong>Noir Vitesse :<\/strong> 25 km\/h<br \/>\n<strong>Kilom\u00e9trage :<\/strong> 40 km<br \/>\n<strong>Moteur sans balais de 350W<\/strong><br \/>\n<strong>Angle d&#8217;inclinaison :<\/strong> 15\u00b0.<br \/>\n<strong>Syst\u00e8me de freinage :<\/strong> Frein \u00e0 disque m\u00e9canique<br \/>\n<strong>Batterie :<\/strong> Batterie lithium 48V 10Ah<br \/>\n<strong>Temps de charge :<\/strong> 6-8 heures<br \/>\n<strong>Charge maximale :<\/strong> 120 kg<br \/>\n<strong>Mat\u00e9riau du cadre :<\/strong> aluminium<br \/>\n<strong>Feu avant LED<\/strong><br \/>\n<strong>Pneus :<\/strong> 14*2.125&#8243; pneumatiques<\/p>\n<p>&nbsp;<\/p>\n<p><strong>\u2666 D\u00e9lai de livraison 2-7 jours<\/strong><br \/>\n<strong>\u2666 En stock<\/strong><\/p>\n","protected":false},"featured_media":17081,"template":"","meta":[],"product_cat":[2285,2283],"product_tag":[],"class_list":{"0":"post-17080","1":"product","2":"type-product","3":"status-publish","4":"has-post-thumbnail","6":"product_cat-kugoo","7":"product_cat-scooters-electriques","8":"product_shipping_class-suured-pakid","10":"first","11":"instock","12":"sale","13":"taxable","14":"shipping-taxable","15":"purchasable","16":"product-type-simple"},"yoast_head":"<!-- This site is optimized with the Yoast SEO plugin v23.8 - https:\/\/yoast.com\/wordpress\/plugins\/seo\/ -->\n<title>KUKIRIN C1 scooter \u00e9lectrique 40 km - Ecocruiser<\/title>\n<meta name=\"description\" content=\"Scooter \u00e9lectrique Kukirin C1 : 25 km\/h, 40 km d&#039;autonomie, batterie 48V, freins \u00e0 disque. Le v\u00e9hicule urbain id\u00e9al, confortable et aux multiples fonctions.\" \/>\n<meta name=\"robots\" content=\"noindex, follow, max-snippet:-1, max-image-preview:large, max-video-preview:-1\" \/>\n<meta property=\"og:locale\" content=\"en_GB\" \/>\n<meta property=\"og:type\" content=\"article\" \/>\n<meta property=\"og:title\" content=\"KUKIRIN C1 scooter \u00e9lectrique 40 km - Ecocruiser\" \/>\n<meta property=\"og:description\" content=\"Scooter \u00e9lectrique Kukirin C1 : 25 km\/h, 40 km d&#039;autonomie, batterie 48V, freins \u00e0 disque. Le v\u00e9hicule urbain id\u00e9al, confortable et aux multiples fonctions.\" \/>\n<meta property=\"og:url\" content=\"https:\/\/projekt.vombat.ee\/eco\/fr\/pood\/scooters-electriques\/kukirin-c1-scooter-electrique-40-km\/\" \/>\n<meta property=\"og:site_name\" content=\"Ecocruiser\" \/>\n<meta property=\"article:modified_time\" content=\"2024-05-29T09:46:37+00:00\" \/>\n<meta property=\"og:image\" content=\"https:\/\/projekt.vombat.ee\/eco\/wp-content\/uploads\/2024\/02\/1-1.jpg\" \/>\n\t<meta property=\"og:image:width\" content=\"1000\" \/>\n\t<meta property=\"og:image:height\" content=\"1000\" \/>\n\t<meta property=\"og:image:type\" content=\"image\/jpeg\" \/>\n<meta name=\"twitter:card\" content=\"summary_large_image\" \/>\n<meta name=\"twitter:label1\" content=\"Estimated reading time\" \/>\n\t<meta name=\"twitter:data1\" content=\"2 minutes\" \/>\n<script type=\"application\/ld+json\" class=\"yoast-schema-graph\">{\"@context\":\"https:\/\/schema.org\",\"@graph\":[{\"@type\":\"WebPage\",\"@id\":\"https:\/\/projekt.vombat.ee\/eco\/fr\/pood\/scooters-electriques\/kukirin-c1-scooter-electrique-40-km\/\",\"url\":\"https:\/\/projekt.vombat.ee\/eco\/fr\/pood\/scooters-electriques\/kukirin-c1-scooter-electrique-40-km\/\",\"name\":\"KUKIRIN C1 scooter \u00e9lectrique 40 km - Ecocruiser\",\"isPartOf\":{\"@id\":\"https:\/\/projekt.vombat.ee\/eco\/#website\"},\"primaryImageOfPage\":{\"@id\":\"https:\/\/projekt.vombat.ee\/eco\/fr\/pood\/scooters-electriques\/kukirin-c1-scooter-electrique-40-km\/#primaryimage\"},\"image\":{\"@id\":\"https:\/\/projekt.vombat.ee\/eco\/fr\/pood\/scooters-electriques\/kukirin-c1-scooter-electrique-40-km\/#primaryimage\"},\"thumbnailUrl\":\"https:\/\/projekt.vombat.ee\/eco\/wp-content\/uploads\/2024\/02\/1-1.jpg\",\"datePublished\":\"2024-05-14T11:38:45+00:00\",\"dateModified\":\"2024-05-29T09:46:37+00:00\",\"description\":\"Scooter \u00e9lectrique Kukirin C1 : 25 km\/h, 40 km d'autonomie, batterie 48V, freins \u00e0 disque. Le v\u00e9hicule urbain id\u00e9al, confortable et aux multiples fonctions.\",\"breadcrumb\":{\"@id\":\"https:\/\/projekt.vombat.ee\/eco\/fr\/pood\/scooters-electriques\/kukirin-c1-scooter-electrique-40-km\/#breadcrumb\"},\"inLanguage\":\"en-GB\",\"potentialAction\":[{\"@type\":\"ReadAction\",\"target\":[\"https:\/\/projekt.vombat.ee\/eco\/fr\/pood\/scooters-electriques\/kukirin-c1-scooter-electrique-40-km\/\"]}]},{\"@type\":\"ImageObject\",\"inLanguage\":\"en-GB\",\"@id\":\"https:\/\/projekt.vombat.ee\/eco\/fr\/pood\/scooters-electriques\/kukirin-c1-scooter-electrique-40-km\/#primaryimage\",\"url\":\"https:\/\/projekt.vombat.ee\/eco\/wp-content\/uploads\/2024\/02\/1-1.jpg\",\"contentUrl\":\"https:\/\/projekt.vombat.ee\/eco\/wp-content\/uploads\/2024\/02\/1-1.jpg\",\"width\":1000,\"height\":1000,\"caption\":\"KUKIRIN C1 elektriline t\u00f5ukeratas\"},{\"@type\":\"BreadcrumbList\",\"@id\":\"https:\/\/projekt.vombat.ee\/eco\/fr\/pood\/scooters-electriques\/kukirin-c1-scooter-electrique-40-km\/#breadcrumb\",\"itemListElement\":[{\"@type\":\"ListItem\",\"position\":1,\"name\":\"Home\",\"item\":\"https:\/\/projekt.vombat.ee\/eco\/\"},{\"@type\":\"ListItem\",\"position\":2,\"name\":\"Pood\",\"item\":\"https:\/\/projekt.vombat.ee\/eco\/pood\/\"},{\"@type\":\"ListItem\",\"position\":3,\"name\":\"KUKIRIN C1 scooter \u00e9lectrique 40 km\"}]},{\"@type\":\"WebSite\",\"@id\":\"https:\/\/projekt.vombat.ee\/eco\/#website\",\"url\":\"https:\/\/projekt.vombat.ee\/eco\/\",\"name\":\"Ecocruiser\",\"description\":\"\",\"publisher\":{\"@id\":\"https:\/\/projekt.vombat.ee\/eco\/#organization\"},\"potentialAction\":[{\"@type\":\"SearchAction\",\"target\":{\"@type\":\"EntryPoint\",\"urlTemplate\":\"https:\/\/projekt.vombat.ee\/eco\/?s={search_term_string}\"},\"query-input\":{\"@type\":\"PropertyValueSpecification\",\"valueRequired\":true,\"valueName\":\"search_term_string\"}}],\"inLanguage\":\"en-GB\"},{\"@type\":\"Organization\",\"@id\":\"https:\/\/projekt.vombat.ee\/eco\/#organization\",\"name\":\"Ecocruiser\",\"url\":\"https:\/\/projekt.vombat.ee\/eco\/\",\"logo\":{\"@type\":\"ImageObject\",\"inLanguage\":\"en-GB\",\"@id\":\"https:\/\/projekt.vombat.ee\/eco\/#\/schema\/logo\/image\/\",\"url\":\"https:\/\/projekt.vombat.ee\/eco\/wp-content\/uploads\/2023\/03\/ECOCRUISER_5.png\",\"contentUrl\":\"https:\/\/projekt.vombat.ee\/eco\/wp-content\/uploads\/2023\/03\/ECOCRUISER_5.png\",\"width\":234,\"height\":91,\"caption\":\"Ecocruiser\"},\"image\":{\"@id\":\"https:\/\/projekt.vombat.ee\/eco\/#\/schema\/logo\/image\/\"}}]}<\/script>\n<!-- \/ Yoast SEO plugin. -->","yoast_head_json":{"title":"KUKIRIN C1 scooter \u00e9lectrique 40 km - Ecocruiser","description":"Scooter \u00e9lectrique Kukirin C1 : 25 km\/h, 40 km d'autonomie, batterie 48V, freins \u00e0 disque. Le v\u00e9hicule urbain id\u00e9al, confortable et aux multiples fonctions.","robots":{"index":"noindex","follow":"follow","max-snippet":"max-snippet:-1","max-image-preview":"max-image-preview:large","max-video-preview":"max-video-preview:-1"},"og_locale":"en_GB","og_type":"article","og_title":"KUKIRIN C1 scooter \u00e9lectrique 40 km - Ecocruiser","og_description":"Scooter \u00e9lectrique Kukirin C1 : 25 km\/h, 40 km d'autonomie, batterie 48V, freins \u00e0 disque. Le v\u00e9hicule urbain id\u00e9al, confortable et aux multiples fonctions.","og_url":"https:\/\/projekt.vombat.ee\/eco\/fr\/pood\/scooters-electriques\/kukirin-c1-scooter-electrique-40-km\/","og_site_name":"Ecocruiser","article_modified_time":"2024-05-29T09:46:37+00:00","og_image":[{"width":1000,"height":1000,"url":"https:\/\/projekt.vombat.ee\/eco\/wp-content\/uploads\/2024\/02\/1-1.jpg","type":"image\/jpeg"}],"twitter_card":"summary_large_image","twitter_misc":{"Estimated reading time":"2 minutes"},"schema":{"@context":"https:\/\/schema.org","@graph":[{"@type":"WebPage","@id":"https:\/\/projekt.vombat.ee\/eco\/fr\/pood\/scooters-electriques\/kukirin-c1-scooter-electrique-40-km\/","url":"https:\/\/projekt.vombat.ee\/eco\/fr\/pood\/scooters-electriques\/kukirin-c1-scooter-electrique-40-km\/","name":"KUKIRIN C1 scooter \u00e9lectrique 40 km - Ecocruiser","isPartOf":{"@id":"https:\/\/projekt.vombat.ee\/eco\/#website"},"primaryImageOfPage":{"@id":"https:\/\/projekt.vombat.ee\/eco\/fr\/pood\/scooters-electriques\/kukirin-c1-scooter-electrique-40-km\/#primaryimage"},"image":{"@id":"https:\/\/projekt.vombat.ee\/eco\/fr\/pood\/scooters-electriques\/kukirin-c1-scooter-electrique-40-km\/#primaryimage"},"thumbnailUrl":"https:\/\/projekt.vombat.ee\/eco\/wp-content\/uploads\/2024\/02\/1-1.jpg","datePublished":"2024-05-14T11:38:45+00:00","dateModified":"2024-05-29T09:46:37+00:00","description":"Scooter \u00e9lectrique Kukirin C1 : 25 km\/h, 40 km d'autonomie, batterie 48V, freins \u00e0 disque. Le v\u00e9hicule urbain id\u00e9al, confortable et aux multiples fonctions.","breadcrumb":{"@id":"https:\/\/projekt.vombat.ee\/eco\/fr\/pood\/scooters-electriques\/kukirin-c1-scooter-electrique-40-km\/#breadcrumb"},"inLanguage":"en-GB","potentialAction":[{"@type":"ReadAction","target":["https:\/\/projekt.vombat.ee\/eco\/fr\/pood\/scooters-electriques\/kukirin-c1-scooter-electrique-40-km\/"]}]},{"@type":"ImageObject","inLanguage":"en-GB","@id":"https:\/\/projekt.vombat.ee\/eco\/fr\/pood\/scooters-electriques\/kukirin-c1-scooter-electrique-40-km\/#primaryimage","url":"https:\/\/projekt.vombat.ee\/eco\/wp-content\/uploads\/2024\/02\/1-1.jpg","contentUrl":"https:\/\/projekt.vombat.ee\/eco\/wp-content\/uploads\/2024\/02\/1-1.jpg","width":1000,"height":1000,"caption":"KUKIRIN C1 elektriline t\u00f5ukeratas"},{"@type":"BreadcrumbList","@id":"https:\/\/projekt.vombat.ee\/eco\/fr\/pood\/scooters-electriques\/kukirin-c1-scooter-electrique-40-km\/#breadcrumb","itemListElement":[{"@type":"ListItem","position":1,"name":"Home","item":"https:\/\/projekt.vombat.ee\/eco\/"},{"@type":"ListItem","position":2,"name":"Pood","item":"https:\/\/projekt.vombat.ee\/eco\/pood\/"},{"@type":"ListItem","position":3,"name":"KUKIRIN C1 scooter \u00e9lectrique 40 km"}]},{"@type":"WebSite","@id":"https:\/\/projekt.vombat.ee\/eco\/#website","url":"https:\/\/projekt.vombat.ee\/eco\/","name":"Ecocruiser","description":"","publisher":{"@id":"https:\/\/projekt.vombat.ee\/eco\/#organization"},"potentialAction":[{"@type":"SearchAction","target":{"@type":"EntryPoint","urlTemplate":"https:\/\/projekt.vombat.ee\/eco\/?s={search_term_string}"},"query-input":{"@type":"PropertyValueSpecification","valueRequired":true,"valueName":"search_term_string"}}],"inLanguage":"en-GB"},{"@type":"Organization","@id":"https:\/\/projekt.vombat.ee\/eco\/#organization","name":"Ecocruiser","url":"https:\/\/projekt.vombat.ee\/eco\/","logo":{"@type":"ImageObject","inLanguage":"en-GB","@id":"https:\/\/projekt.vombat.ee\/eco\/#\/schema\/logo\/image\/","url":"https:\/\/projekt.vombat.ee\/eco\/wp-content\/uploads\/2023\/03\/ECOCRUISER_5.png","contentUrl":"https:\/\/projekt.vombat.ee\/eco\/wp-content\/uploads\/2023\/03\/ECOCRUISER_5.png","width":234,"height":91,"caption":"Ecocruiser"},"image":{"@id":"https:\/\/projekt.vombat.ee\/eco\/#\/schema\/logo\/image\/"}}]}},"lang":"fr","translations":{"fr":17080,"et":13927},"pll_sync_post":[],"_links":{"self":[{"href":"https:\/\/projekt.vombat.ee\/eco\/wp-json\/wp\/v2\/product\/17080"}],"collection":[{"href":"https:\/\/projekt.vombat.ee\/eco\/wp-json\/wp\/v2\/product"}],"about":[{"href":"https:\/\/projekt.vombat.ee\/eco\/wp-json\/wp\/v2\/types\/product"}],"version-history":[{"count":1,"href":"https:\/\/projekt.vombat.ee\/eco\/wp-json\/wp\/v2\/product\/17080\/revisions"}],"predecessor-version":[{"id":17093,"href":"https:\/\/projekt.vombat.ee\/eco\/wp-json\/wp\/v2\/product\/17080\/revisions\/17093"}],"wp:featuredmedia":[{"embeddable":true,"href":"https:\/\/projekt.vombat.ee\/eco\/wp-json\/wp\/v2\/media\/17081"}],"wp:attachment":[{"href":"https:\/\/projekt.vombat.ee\/eco\/wp-json\/wp\/v2\/media?parent=17080"}],"wp:term":[{"taxonomy":"product_cat","embeddable":true,"href":"https:\/\/projekt.vombat.ee\/eco\/wp-json\/wp\/v2\/product_cat?post=17080"},{"taxonomy":"product_tag","embeddable":true,"href":"https:\/\/projekt.vombat.ee\/eco\/wp-json\/wp\/v2\/product_tag?post=17080"}],"curies":[{"name":"wp","href":"https:\/\/api.w.org\/{rel}","templated":true}]}}