{"id":17070,"date":"2024-05-14T11:39:20","date_gmt":"2024-05-14T11:39:20","guid":{"rendered":"https:\/\/projekt.vombat.ee\/eco\/?post_type=product&#038;p=17070"},"modified":"2024-05-14T11:39:20","modified_gmt":"2024-05-14T11:39:20","slug":"scooter-electrique-kugoo-s3","status":"publish","type":"product","link":"https:\/\/projekt.vombat.ee\/eco\/fr\/pood\/scooters-electriques\/scooter-electrique-kugoo-s3\/","title":{"rendered":"Scooter \u00e9lectrique Kugoo S3 30km"},"content":{"rendered":"<h1>SCOOTER \u00c9LECTRIQUE KUGOO S3<\/h1>\n<h3>MOTEUR ET BATTERIE PUISSANTS<\/h3>\n<p>Le Kugoo S3 pro est \u00e9quip\u00e9 d&#8217;un puissant moteur de 350 W et d&#8217;une batterie lithium-ion de 6Ah. Il peut parcourir jusqu&#8217;\u00e0 30 km avec une seule charge.<\/p>\n<h3>KUGOO S3 &#8211; S\u00dbR ET STABLE<\/h3>\n<p>Forte adh\u00e9rence, r\u00e9sistance \u00e0 l&#8217;usure et s\u00e9curit\u00e9. Convient \u00e0 une grande vari\u00e9t\u00e9 de routes. La vitesse peut \u00eatre contr\u00f4l\u00e9e \u00e0 l&#8217;aide d&#8217;une seule touche en fonction des diff\u00e9rentes conditions de la route, ce qui rend la conduite plus confortable et plus s\u00fbre.<\/p>\n<p>L&#8217;\u00e9cran bien \u00e9clair\u00e9 vous permet de suivre la vitesse, la distance parcourue, l&#8217;autonomie de la batterie et le temps \u00e9coul\u00e9. Un phare avant brillant peut \u00e9clairer votre chemin et un feu arri\u00e8re rouge peut attirer l&#8217;attention des autres, ce qui vous permet de conduire de nuit en toute s\u00e9curit\u00e9.<\/p>\n<p>Les phares antibrouillard avant et arri\u00e8re vous permettent de profiter d&#8217;une conduite confortable. De plus, la hauteur de la lentille peut \u00eatre ajust\u00e9e : 930mm, 1070mm et 1160mm. Le scooter \u00e9lectrique Kugoo S3 offre un excellent rapport qualit\u00e9-prix.<\/p>\n<h3>SP\u00c9CIFICATIONS DU KUGOO S3<\/h3>\n<p>Mode vitesse : 15KM\/H ; 25KM\/H ; 30 km\/h<br \/>\nBatterie : 6Ah<br \/>\nKilom\u00e9trage maximum : 30 KM (en fonction des conditions de la route et du poids du conducteur).<br \/>\nVitesse maximale : 25\/30km\/h<br \/>\nCharge maximale : 120 kg<\/p>\n<p>\u00c9clairage : phare avant, phare arri\u00e8re<br \/>\nCapacit\u00e9 de la batterie : 6AH<br \/>\nTension de la batterie : 36V<br \/>\nType de moteur : moteur CC sans balais<\/p>\n<p>Puissance nominale du moteur : 350W<br \/>\nVitesse maximale du moteur : 700R\/min<br \/>\nTension nominale du moteur : 36V<br \/>\nCouple maximum : 13.3 N.M<br \/>\nTemps de charge : 4h<\/p>\n<p>\u00c9tanch\u00e9it\u00e9 : IP54<br \/>\n15 degr\u00e9s<br \/>\nTaille des roues : 8.0 pouces, pneu arri\u00e8re solide et antid\u00e9rapant<br \/>\nDistance d&#8217;arr\u00eat : 4M<\/p>\n<p>Dimensions du produit : 1050 x 450 x 930\/1070\/1160 mm (d\u00e9pli\u00e9).<\/p>\n<p>Poids du produit : 11 kg<br \/>\nPoids de l&#8217;emballage : 15 kg<br \/>\nDimensions repliables : 960 x 210 x 330 mm<br \/>\nDimensions de l&#8217;emballage : 1030 x 210 x 405 mm<\/p>\n<p><strong>NOTE<\/strong> : Nous vous recommandons de toujours porter un casque pour votre s\u00e9curit\u00e9 lorsque vous conduisez un scooter \u00e9lectrique. 10,100 m x 10,500 m x 10,500 m x 10,500 m x 10,500 m x 10,500 m x 10,500 m x 10,500 m<\/p>\n","protected":false},"excerpt":{"rendered":"<h6>SCOOTER \u00c9LECTRIQUE KUGOO S3<\/h6>\n<p>Autonomie maximale : 30 KM<br \/>\nCapacit\u00e9 de charge maximale : 120 kg<br \/>\nPuissance du moteur : 350W<br \/>\nTemps de charge : 4h<\/p>\n<p>&nbsp;<\/p>\n<p><strong>\u2666 D\u00e9lai de livraison : 3-8 jours&lt;\/strong&amp;gt;<br \/>\n<strong>\u2666 En stock<\/strong><\/strong><\/p>\n","protected":false},"featured_media":17071,"template":"","meta":[],"product_cat":[2285,2283],"product_tag":[],"class_list":{"0":"post-17070","1":"product","2":"type-product","3":"status-publish","4":"has-post-thumbnail","6":"product_cat-kugoo","7":"product_cat-scooters-electriques","8":"product_shipping_class-suured-pakid","10":"first","11":"instock","12":"sale","13":"taxable","14":"shipping-taxable","15":"purchasable","16":"product-type-simple"},"yoast_head":"<!-- This site is optimized with the Yoast SEO plugin v23.8 - https:\/\/yoast.com\/wordpress\/plugins\/seo\/ -->\n<title>Scooter \u00e9lectrique Kugoo S3 30km - Ecocruiser<\/title>\n<meta name=\"description\" content=\"Scooter \u00e9lectrique Kugoo S3 30km - Des marques de qualit\u00e9, un large choix - Ecocruiser.ee - En cas de questions, veuillez contacter info@projekt.vombat.ee\" \/>\n<meta name=\"robots\" content=\"noindex, follow, max-snippet:-1, max-image-preview:large, max-video-preview:-1\" \/>\n<meta property=\"og:locale\" content=\"en_GB\" \/>\n<meta property=\"og:type\" content=\"article\" \/>\n<meta property=\"og:title\" content=\"Scooter \u00e9lectrique Kugoo S3 30km - Ecocruiser\" \/>\n<meta property=\"og:description\" content=\"Scooter \u00e9lectrique Kugoo S3 30km - Des marques de qualit\u00e9, un large choix - Ecocruiser.ee - En cas de questions, veuillez contacter info@projekt.vombat.ee\" \/>\n<meta property=\"og:url\" content=\"https:\/\/projekt.vombat.ee\/eco\/fr\/pood\/scooters-electriques\/scooter-electrique-kugoo-s3\/\" \/>\n<meta property=\"og:site_name\" content=\"Ecocruiser\" \/>\n<meta property=\"og:image\" content=\"https:\/\/projekt.vombat.ee\/eco\/wp-content\/uploads\/2023\/03\/1-18.webp\" \/>\n\t<meta property=\"og:image:width\" content=\"1000\" \/>\n\t<meta property=\"og:image:height\" content=\"1000\" \/>\n\t<meta property=\"og:image:type\" content=\"image\/webp\" \/>\n<meta name=\"twitter:card\" content=\"summary_large_image\" \/>\n<meta name=\"twitter:label1\" content=\"Estimated reading time\" \/>\n\t<meta name=\"twitter:data1\" content=\"2 minutes\" \/>\n<script type=\"application\/ld+json\" class=\"yoast-schema-graph\">{\"@context\":\"https:\/\/schema.org\",\"@graph\":[{\"@type\":\"WebPage\",\"@id\":\"https:\/\/projekt.vombat.ee\/eco\/fr\/pood\/scooters-electriques\/scooter-electrique-kugoo-s3\/\",\"url\":\"https:\/\/projekt.vombat.ee\/eco\/fr\/pood\/scooters-electriques\/scooter-electrique-kugoo-s3\/\",\"name\":\"Scooter \u00e9lectrique Kugoo S3 30km - Ecocruiser\",\"isPartOf\":{\"@id\":\"https:\/\/projekt.vombat.ee\/eco\/#website\"},\"primaryImageOfPage\":{\"@id\":\"https:\/\/projekt.vombat.ee\/eco\/fr\/pood\/scooters-electriques\/scooter-electrique-kugoo-s3\/#primaryimage\"},\"image\":{\"@id\":\"https:\/\/projekt.vombat.ee\/eco\/fr\/pood\/scooters-electriques\/scooter-electrique-kugoo-s3\/#primaryimage\"},\"thumbnailUrl\":\"https:\/\/projekt.vombat.ee\/eco\/wp-content\/uploads\/2023\/03\/1-18.webp\",\"datePublished\":\"2024-05-14T11:39:20+00:00\",\"dateModified\":\"2024-05-14T11:39:20+00:00\",\"description\":\"Scooter \u00e9lectrique Kugoo S3 30km - Des marques de qualit\u00e9, un large choix - Ecocruiser.ee - En cas de questions, veuillez contacter info@projekt.vombat.ee\",\"breadcrumb\":{\"@id\":\"https:\/\/projekt.vombat.ee\/eco\/fr\/pood\/scooters-electriques\/scooter-electrique-kugoo-s3\/#breadcrumb\"},\"inLanguage\":\"en-GB\",\"potentialAction\":[{\"@type\":\"ReadAction\",\"target\":[\"https:\/\/projekt.vombat.ee\/eco\/fr\/pood\/scooters-electriques\/scooter-electrique-kugoo-s3\/\"]}]},{\"@type\":\"ImageObject\",\"inLanguage\":\"en-GB\",\"@id\":\"https:\/\/projekt.vombat.ee\/eco\/fr\/pood\/scooters-electriques\/scooter-electrique-kugoo-s3\/#primaryimage\",\"url\":\"https:\/\/projekt.vombat.ee\/eco\/wp-content\/uploads\/2023\/03\/1-18.webp\",\"contentUrl\":\"https:\/\/projekt.vombat.ee\/eco\/wp-content\/uploads\/2023\/03\/1-18.webp\",\"width\":1000,\"height\":1000,\"caption\":\"Kugoo S3\"},{\"@type\":\"BreadcrumbList\",\"@id\":\"https:\/\/projekt.vombat.ee\/eco\/fr\/pood\/scooters-electriques\/scooter-electrique-kugoo-s3\/#breadcrumb\",\"itemListElement\":[{\"@type\":\"ListItem\",\"position\":1,\"name\":\"Home\",\"item\":\"https:\/\/projekt.vombat.ee\/eco\/\"},{\"@type\":\"ListItem\",\"position\":2,\"name\":\"Pood\",\"item\":\"https:\/\/projekt.vombat.ee\/eco\/pood\/\"},{\"@type\":\"ListItem\",\"position\":3,\"name\":\"Scooter \u00e9lectrique Kugoo S3 30km\"}]},{\"@type\":\"WebSite\",\"@id\":\"https:\/\/projekt.vombat.ee\/eco\/#website\",\"url\":\"https:\/\/projekt.vombat.ee\/eco\/\",\"name\":\"Ecocruiser\",\"description\":\"\",\"publisher\":{\"@id\":\"https:\/\/projekt.vombat.ee\/eco\/#organization\"},\"potentialAction\":[{\"@type\":\"SearchAction\",\"target\":{\"@type\":\"EntryPoint\",\"urlTemplate\":\"https:\/\/projekt.vombat.ee\/eco\/?s={search_term_string}\"},\"query-input\":{\"@type\":\"PropertyValueSpecification\",\"valueRequired\":true,\"valueName\":\"search_term_string\"}}],\"inLanguage\":\"en-GB\"},{\"@type\":\"Organization\",\"@id\":\"https:\/\/projekt.vombat.ee\/eco\/#organization\",\"name\":\"Ecocruiser\",\"url\":\"https:\/\/projekt.vombat.ee\/eco\/\",\"logo\":{\"@type\":\"ImageObject\",\"inLanguage\":\"en-GB\",\"@id\":\"https:\/\/projekt.vombat.ee\/eco\/#\/schema\/logo\/image\/\",\"url\":\"https:\/\/projekt.vombat.ee\/eco\/wp-content\/uploads\/2023\/03\/ECOCRUISER_5.png\",\"contentUrl\":\"https:\/\/projekt.vombat.ee\/eco\/wp-content\/uploads\/2023\/03\/ECOCRUISER_5.png\",\"width\":234,\"height\":91,\"caption\":\"Ecocruiser\"},\"image\":{\"@id\":\"https:\/\/projekt.vombat.ee\/eco\/#\/schema\/logo\/image\/\"}}]}<\/script>\n<!-- \/ Yoast SEO plugin. -->","yoast_head_json":{"title":"Scooter \u00e9lectrique Kugoo S3 30km - Ecocruiser","description":"Scooter \u00e9lectrique Kugoo S3 30km - Des marques de qualit\u00e9, un large choix - Ecocruiser.ee - En cas de questions, veuillez contacter info@projekt.vombat.ee","robots":{"index":"noindex","follow":"follow","max-snippet":"max-snippet:-1","max-image-preview":"max-image-preview:large","max-video-preview":"max-video-preview:-1"},"og_locale":"en_GB","og_type":"article","og_title":"Scooter \u00e9lectrique Kugoo S3 30km - Ecocruiser","og_description":"Scooter \u00e9lectrique Kugoo S3 30km - Des marques de qualit\u00e9, un large choix - Ecocruiser.ee - En cas de questions, veuillez contacter info@projekt.vombat.ee","og_url":"https:\/\/projekt.vombat.ee\/eco\/fr\/pood\/scooters-electriques\/scooter-electrique-kugoo-s3\/","og_site_name":"Ecocruiser","og_image":[{"width":1000,"height":1000,"url":"https:\/\/projekt.vombat.ee\/eco\/wp-content\/uploads\/2023\/03\/1-18.webp","type":"image\/webp"}],"twitter_card":"summary_large_image","twitter_misc":{"Estimated reading time":"2 minutes"},"schema":{"@context":"https:\/\/schema.org","@graph":[{"@type":"WebPage","@id":"https:\/\/projekt.vombat.ee\/eco\/fr\/pood\/scooters-electriques\/scooter-electrique-kugoo-s3\/","url":"https:\/\/projekt.vombat.ee\/eco\/fr\/pood\/scooters-electriques\/scooter-electrique-kugoo-s3\/","name":"Scooter \u00e9lectrique Kugoo S3 30km - Ecocruiser","isPartOf":{"@id":"https:\/\/projekt.vombat.ee\/eco\/#website"},"primaryImageOfPage":{"@id":"https:\/\/projekt.vombat.ee\/eco\/fr\/pood\/scooters-electriques\/scooter-electrique-kugoo-s3\/#primaryimage"},"image":{"@id":"https:\/\/projekt.vombat.ee\/eco\/fr\/pood\/scooters-electriques\/scooter-electrique-kugoo-s3\/#primaryimage"},"thumbnailUrl":"https:\/\/projekt.vombat.ee\/eco\/wp-content\/uploads\/2023\/03\/1-18.webp","datePublished":"2024-05-14T11:39:20+00:00","dateModified":"2024-05-14T11:39:20+00:00","description":"Scooter \u00e9lectrique Kugoo S3 30km - Des marques de qualit\u00e9, un large choix - Ecocruiser.ee - En cas de questions, veuillez contacter info@projekt.vombat.ee","breadcrumb":{"@id":"https:\/\/projekt.vombat.ee\/eco\/fr\/pood\/scooters-electriques\/scooter-electrique-kugoo-s3\/#breadcrumb"},"inLanguage":"en-GB","potentialAction":[{"@type":"ReadAction","target":["https:\/\/projekt.vombat.ee\/eco\/fr\/pood\/scooters-electriques\/scooter-electrique-kugoo-s3\/"]}]},{"@type":"ImageObject","inLanguage":"en-GB","@id":"https:\/\/projekt.vombat.ee\/eco\/fr\/pood\/scooters-electriques\/scooter-electrique-kugoo-s3\/#primaryimage","url":"https:\/\/projekt.vombat.ee\/eco\/wp-content\/uploads\/2023\/03\/1-18.webp","contentUrl":"https:\/\/projekt.vombat.ee\/eco\/wp-content\/uploads\/2023\/03\/1-18.webp","width":1000,"height":1000,"caption":"Kugoo S3"},{"@type":"BreadcrumbList","@id":"https:\/\/projekt.vombat.ee\/eco\/fr\/pood\/scooters-electriques\/scooter-electrique-kugoo-s3\/#breadcrumb","itemListElement":[{"@type":"ListItem","position":1,"name":"Home","item":"https:\/\/projekt.vombat.ee\/eco\/"},{"@type":"ListItem","position":2,"name":"Pood","item":"https:\/\/projekt.vombat.ee\/eco\/pood\/"},{"@type":"ListItem","position":3,"name":"Scooter \u00e9lectrique Kugoo S3 30km"}]},{"@type":"WebSite","@id":"https:\/\/projekt.vombat.ee\/eco\/#website","url":"https:\/\/projekt.vombat.ee\/eco\/","name":"Ecocruiser","description":"","publisher":{"@id":"https:\/\/projekt.vombat.ee\/eco\/#organization"},"potentialAction":[{"@type":"SearchAction","target":{"@type":"EntryPoint","urlTemplate":"https:\/\/projekt.vombat.ee\/eco\/?s={search_term_string}"},"query-input":{"@type":"PropertyValueSpecification","valueRequired":true,"valueName":"search_term_string"}}],"inLanguage":"en-GB"},{"@type":"Organization","@id":"https:\/\/projekt.vombat.ee\/eco\/#organization","name":"Ecocruiser","url":"https:\/\/projekt.vombat.ee\/eco\/","logo":{"@type":"ImageObject","inLanguage":"en-GB","@id":"https:\/\/projekt.vombat.ee\/eco\/#\/schema\/logo\/image\/","url":"https:\/\/projekt.vombat.ee\/eco\/wp-content\/uploads\/2023\/03\/ECOCRUISER_5.png","contentUrl":"https:\/\/projekt.vombat.ee\/eco\/wp-content\/uploads\/2023\/03\/ECOCRUISER_5.png","width":234,"height":91,"caption":"Ecocruiser"},"image":{"@id":"https:\/\/projekt.vombat.ee\/eco\/#\/schema\/logo\/image\/"}}]}},"lang":"fr","translations":{"fr":17070,"ru":6424,"et":6414,"fi":7775},"pll_sync_post":[],"_links":{"self":[{"href":"https:\/\/projekt.vombat.ee\/eco\/wp-json\/wp\/v2\/product\/17070"}],"collection":[{"href":"https:\/\/projekt.vombat.ee\/eco\/wp-json\/wp\/v2\/product"}],"about":[{"href":"https:\/\/projekt.vombat.ee\/eco\/wp-json\/wp\/v2\/types\/product"}],"version-history":[{"count":2,"href":"https:\/\/projekt.vombat.ee\/eco\/wp-json\/wp\/v2\/product\/17070\/revisions"}],"predecessor-version":[{"id":17079,"href":"https:\/\/projekt.vombat.ee\/eco\/wp-json\/wp\/v2\/product\/17070\/revisions\/17079"}],"wp:featuredmedia":[{"embeddable":true,"href":"https:\/\/projekt.vombat.ee\/eco\/wp-json\/wp\/v2\/media\/17071"}],"wp:attachment":[{"href":"https:\/\/projekt.vombat.ee\/eco\/wp-json\/wp\/v2\/media?parent=17070"}],"wp:term":[{"taxonomy":"product_cat","embeddable":true,"href":"https:\/\/projekt.vombat.ee\/eco\/wp-json\/wp\/v2\/product_cat?post=17070"},{"taxonomy":"product_tag","embeddable":true,"href":"https:\/\/projekt.vombat.ee\/eco\/wp-json\/wp\/v2\/product_tag?post=17070"}],"curies":[{"name":"wp","href":"https:\/\/api.w.org\/{rel}","templated":true}]}}