{"id":17055,"date":"2024-05-14T11:40:01","date_gmt":"2024-05-14T11:40:01","guid":{"rendered":"https:\/\/projekt.vombat.ee\/eco\/?post_type=product&#038;p=17055"},"modified":"2024-08-28T06:36:58","modified_gmt":"2024-08-28T06:36:58","slug":"scooter-electrique-kugoo-kirin-s1-pro-30-km","status":"publish","type":"product","link":"https:\/\/projekt.vombat.ee\/eco\/fr\/pood\/scooters-electriques\/linna-toukerattad\/scooter-electrique-kugoo-kirin-s1-pro-30-km\/","title":{"rendered":"Scooter \u00e9lectrique KUGOO KIRIN S1 PRO 30 km"},"content":{"rendered":"<h1>SCOOTER \u00c9LECTRIQUE KUGOO KIRIN S1 PRO<\/h1>\n<h3><img decoding=\"async\" src=\"https:\/\/cdn.shopify.com\/s\/files\/1\/0291\/3422\/5501\/files\/KugooKirin_S1_Pro_Desktop_Detail_1_1920x.jpg?v=1677837114%20alt=\" \/><\/h3>\n<h3>Pneu de 8 pouces<\/h3>\n<p>Le pneu Kugoo Kirin S1 Pro offre une bonne adh\u00e9rence et permet d&#8217;\u00e9viter les d\u00e9rapages inattendus. Il convient \u00e0 une grande vari\u00e9t\u00e9 de routes.<\/p>\n<h3>3 modes de vitesse<\/h3>\n<p>La vitesse est contr\u00f4l\u00e9e par un seul bouton en fonction des diff\u00e9rentes conditions de la surface de la route, ce qui rend la conduite confortable et plus s\u00fbre.<\/p>\n<h3>Batterie de 7,5 Ah<\/h3>\n<p>La batterie haute capacit\u00e9 de 7,5 Ah augmente la dur\u00e9e de vie du v\u00e9lo.<\/p>\n<h3>Moteur de 350 W<\/h3>\n<p>Des performances puissantes et des d\u00e9placements plus longs : moteur de 350W, distance de d\u00e9placement maximale de 30 km.<\/p>\n<h3>\u00c9cran LED<\/h3>\n<p>L&#8217;\u00e9cran bien \u00e9clair\u00e9 vous permet de contr\u00f4ler la vitesse, la distance parcourue, l&#8217;autonomie de la batterie et la dur\u00e9e de fonctionnement.<\/p>\n<h3>Une lumi\u00e8re LED brillante et un feu arri\u00e8re d&#8217;avertissement de s\u00e9curit\u00e9.<\/h3>\n<p>Un phare brillant peut \u00e9clairer votre chemin et un feu arri\u00e8re rouge peut attirer l&#8217;attention des autres, ce qui vous permet de rouler en toute s\u00e9curit\u00e9 la nuit. L&#8217;absorbeur de chocs avant et arri\u00e8re vous permet de profiter d&#8217;une conduite confortable.<\/p>\n<h3>SP\u00c9CIFICATIONS DU KUGOO S1 PRO<\/h3>\n<p>Mode vitesse : 15KM\/H ; 25KM\/H ; 30 km\/h<br \/>\nBatterie : 7.5Ah<br \/>\nKilom\u00e9trage maximum : 30 KM (en fonction de la distance et du poids du conducteur).<br \/>\nVitesse maximale : 25\/30km\/h<br \/>\nCharge maximale : 120 kg<\/p>\n<p>\u00c9clairage : phare avant, phare arri\u00e8re<br \/>\nCapacit\u00e9 de la batterie : 7,5 Ah<br \/>\nTension de la batterie : 36V<br \/>\nType de moteur : moteur CC sans balais<\/p>\n<p>Puissance nominale du moteur : 350W<br \/>\nVitesse maximale du moteur : 700R\/min<br \/>\nTension nominale du moteur : 36V<br \/>\nCouple maximum : 13.3 N.M<br \/>\nTemps de charge : 4h<\/p>\n<p>\u00c9tanch\u00e9it\u00e9 : IP54<br \/>\n15 degr\u00e9s<br \/>\nTaille des roues : 8.0 pouces, pneu arri\u00e8re solide et antid\u00e9rapant<br \/>\nDistance d&#8217;arr\u00eat : 4M<\/p>\n<p>Poids du produit : 11 kg<\/p>\n<p>Dimensions du produit : 1050 x 450 x 930\/1070\/1160 mm (d\u00e9pli\u00e9)<br \/>\nPoids de l&#8217;emballage : 15 kg<br \/>\nDimensions pliables : 960 x 210 x 330 mm<br \/>\nDimensions de l&#8217;emballage : 1030 x 210 x 405 mm<\/p>\n<p>NOTE : Nous vous recommandons de toujours porter un casque lorsque vous conduisez un scooter \u00e9lectrique. La loi oblige les conducteurs de moins de 16 ans \u00e0 porter un casque lorsqu&#8217;ils conduisent un scooter \u00e9lectrique.<\/p>\n","protected":false},"excerpt":{"rendered":"<p>Distance maximale de conduite : 30 KM&amp;amp;amp;amp;lt;br \/&gt;Charge maximale : 120 kg<br \/>\nPuissance du moteur : 350W<br \/>\nTemps de charge : 4h<br \/>\nBatterie : 7.5Ah<\/p>\n<p>&nbsp;<\/p>\n<p><strong>\u2666D\u00e9lai de livraison : 3-7 jours&lt;\/strong&amp;gt;&lt;br \/&gt;ss=&#8221;yoast-text-mark&#8221; \/&gt;&gt;<strong>\u2666 En stock<\/strong><\/strong><\/p>\n","protected":false},"featured_media":17041,"template":"","meta":[],"product_cat":[2285,2283,4145],"product_tag":[],"class_list":{"0":"post-17055","1":"product","2":"type-product","3":"status-publish","4":"has-post-thumbnail","6":"product_cat-kugoo","7":"product_cat-scooters-electriques","8":"product_cat-linna-toukerattad","9":"product_shipping_class-suured-pakid","11":"first","12":"onbackorder","13":"sale","14":"taxable","15":"shipping-taxable","16":"purchasable","17":"product-type-simple"},"yoast_head":"<!-- This site is optimized with the Yoast SEO plugin v23.8 - https:\/\/yoast.com\/wordpress\/plugins\/seo\/ -->\n<title>Scooter \u00e9lectrique KUGOO KIRIN S1 PRO 30 km - Ecocruiser<\/title>\n<meta name=\"description\" content=\"Kugoo Kirin S1 pro est \u00e9quip\u00e9 d&#039;un puissant moteur de 350 W et d&#039;une batterie lithium-ion de 7,5 Ah. Il peut parcourir jusqu&#039;\u00e0 30 km avec une seule charge.\" \/>\n<meta name=\"robots\" content=\"noindex, follow, max-snippet:-1, max-image-preview:large, max-video-preview:-1\" \/>\n<meta property=\"og:locale\" content=\"en_GB\" \/>\n<meta property=\"og:type\" content=\"article\" \/>\n<meta property=\"og:title\" content=\"Scooter \u00e9lectrique KUGOO KIRIN S1 PRO 30 km - Ecocruiser\" \/>\n<meta property=\"og:description\" content=\"Kugoo Kirin S1 pro est \u00e9quip\u00e9 d&#039;un puissant moteur de 350 W et d&#039;une batterie lithium-ion de 7,5 Ah. Il peut parcourir jusqu&#039;\u00e0 30 km avec une seule charge.\" \/>\n<meta property=\"og:url\" content=\"https:\/\/projekt.vombat.ee\/eco\/fr\/pood\/scooters-electriques\/linna-toukerattad\/scooter-electrique-kugoo-kirin-s1-pro-30-km\/\" \/>\n<meta property=\"og:site_name\" content=\"Ecocruiser\" \/>\n<meta property=\"article:modified_time\" content=\"2024-08-28T06:36:58+00:00\" \/>\n<meta property=\"og:image\" content=\"https:\/\/projekt.vombat.ee\/eco\/wp-content\/uploads\/2023\/03\/1-11.webp\" \/>\n\t<meta property=\"og:image:width\" content=\"1000\" \/>\n\t<meta property=\"og:image:height\" content=\"1000\" \/>\n\t<meta property=\"og:image:type\" content=\"image\/webp\" \/>\n<meta name=\"twitter:card\" content=\"summary_large_image\" \/>\n<meta name=\"twitter:label1\" content=\"Estimated reading time\" \/>\n\t<meta name=\"twitter:data1\" content=\"2 minutes\" \/>\n<script type=\"application\/ld+json\" class=\"yoast-schema-graph\">{\"@context\":\"https:\/\/schema.org\",\"@graph\":[{\"@type\":\"WebPage\",\"@id\":\"https:\/\/projekt.vombat.ee\/eco\/fr\/pood\/scooters-electriques\/linna-toukerattad\/scooter-electrique-kugoo-kirin-s1-pro-30-km\/\",\"url\":\"https:\/\/projekt.vombat.ee\/eco\/fr\/pood\/scooters-electriques\/linna-toukerattad\/scooter-electrique-kugoo-kirin-s1-pro-30-km\/\",\"name\":\"Scooter \u00e9lectrique KUGOO KIRIN S1 PRO 30 km - Ecocruiser\",\"isPartOf\":{\"@id\":\"https:\/\/projekt.vombat.ee\/eco\/#website\"},\"primaryImageOfPage\":{\"@id\":\"https:\/\/projekt.vombat.ee\/eco\/fr\/pood\/scooters-electriques\/linna-toukerattad\/scooter-electrique-kugoo-kirin-s1-pro-30-km\/#primaryimage\"},\"image\":{\"@id\":\"https:\/\/projekt.vombat.ee\/eco\/fr\/pood\/scooters-electriques\/linna-toukerattad\/scooter-electrique-kugoo-kirin-s1-pro-30-km\/#primaryimage\"},\"thumbnailUrl\":\"https:\/\/projekt.vombat.ee\/eco\/wp-content\/uploads\/2023\/03\/1-11.webp\",\"datePublished\":\"2024-05-14T11:40:01+00:00\",\"dateModified\":\"2024-08-28T06:36:58+00:00\",\"description\":\"Kugoo Kirin S1 pro est \u00e9quip\u00e9 d'un puissant moteur de 350 W et d'une batterie lithium-ion de 7,5 Ah. Il peut parcourir jusqu'\u00e0 30 km avec une seule charge.\",\"breadcrumb\":{\"@id\":\"https:\/\/projekt.vombat.ee\/eco\/fr\/pood\/scooters-electriques\/linna-toukerattad\/scooter-electrique-kugoo-kirin-s1-pro-30-km\/#breadcrumb\"},\"inLanguage\":\"en-GB\",\"potentialAction\":[{\"@type\":\"ReadAction\",\"target\":[\"https:\/\/projekt.vombat.ee\/eco\/fr\/pood\/scooters-electriques\/linna-toukerattad\/scooter-electrique-kugoo-kirin-s1-pro-30-km\/\"]}]},{\"@type\":\"ImageObject\",\"inLanguage\":\"en-GB\",\"@id\":\"https:\/\/projekt.vombat.ee\/eco\/fr\/pood\/scooters-electriques\/linna-toukerattad\/scooter-electrique-kugoo-kirin-s1-pro-30-km\/#primaryimage\",\"url\":\"https:\/\/projekt.vombat.ee\/eco\/wp-content\/uploads\/2023\/03\/1-11.webp\",\"contentUrl\":\"https:\/\/projekt.vombat.ee\/eco\/wp-content\/uploads\/2023\/03\/1-11.webp\",\"width\":1000,\"height\":1000,\"caption\":\"KUGOO KIRIN S1 PRO\"},{\"@type\":\"BreadcrumbList\",\"@id\":\"https:\/\/projekt.vombat.ee\/eco\/fr\/pood\/scooters-electriques\/linna-toukerattad\/scooter-electrique-kugoo-kirin-s1-pro-30-km\/#breadcrumb\",\"itemListElement\":[{\"@type\":\"ListItem\",\"position\":1,\"name\":\"Home\",\"item\":\"https:\/\/projekt.vombat.ee\/eco\/\"},{\"@type\":\"ListItem\",\"position\":2,\"name\":\"Pood\",\"item\":\"https:\/\/projekt.vombat.ee\/eco\/pood\/\"},{\"@type\":\"ListItem\",\"position\":3,\"name\":\"Scooter \u00e9lectrique KUGOO KIRIN S1 PRO 30 km\"}]},{\"@type\":\"WebSite\",\"@id\":\"https:\/\/projekt.vombat.ee\/eco\/#website\",\"url\":\"https:\/\/projekt.vombat.ee\/eco\/\",\"name\":\"Ecocruiser\",\"description\":\"\",\"publisher\":{\"@id\":\"https:\/\/projekt.vombat.ee\/eco\/#organization\"},\"potentialAction\":[{\"@type\":\"SearchAction\",\"target\":{\"@type\":\"EntryPoint\",\"urlTemplate\":\"https:\/\/projekt.vombat.ee\/eco\/?s={search_term_string}\"},\"query-input\":{\"@type\":\"PropertyValueSpecification\",\"valueRequired\":true,\"valueName\":\"search_term_string\"}}],\"inLanguage\":\"en-GB\"},{\"@type\":\"Organization\",\"@id\":\"https:\/\/projekt.vombat.ee\/eco\/#organization\",\"name\":\"Ecocruiser\",\"url\":\"https:\/\/projekt.vombat.ee\/eco\/\",\"logo\":{\"@type\":\"ImageObject\",\"inLanguage\":\"en-GB\",\"@id\":\"https:\/\/projekt.vombat.ee\/eco\/#\/schema\/logo\/image\/\",\"url\":\"https:\/\/projekt.vombat.ee\/eco\/wp-content\/uploads\/2023\/03\/ECOCRUISER_5.png\",\"contentUrl\":\"https:\/\/projekt.vombat.ee\/eco\/wp-content\/uploads\/2023\/03\/ECOCRUISER_5.png\",\"width\":234,\"height\":91,\"caption\":\"Ecocruiser\"},\"image\":{\"@id\":\"https:\/\/projekt.vombat.ee\/eco\/#\/schema\/logo\/image\/\"}}]}<\/script>\n<!-- \/ Yoast SEO plugin. -->","yoast_head_json":{"title":"Scooter \u00e9lectrique KUGOO KIRIN S1 PRO 30 km - Ecocruiser","description":"Kugoo Kirin S1 pro est \u00e9quip\u00e9 d'un puissant moteur de 350 W et d'une batterie lithium-ion de 7,5 Ah. Il peut parcourir jusqu'\u00e0 30 km avec une seule charge.","robots":{"index":"noindex","follow":"follow","max-snippet":"max-snippet:-1","max-image-preview":"max-image-preview:large","max-video-preview":"max-video-preview:-1"},"og_locale":"en_GB","og_type":"article","og_title":"Scooter \u00e9lectrique KUGOO KIRIN S1 PRO 30 km - Ecocruiser","og_description":"Kugoo Kirin S1 pro est \u00e9quip\u00e9 d'un puissant moteur de 350 W et d'une batterie lithium-ion de 7,5 Ah. Il peut parcourir jusqu'\u00e0 30 km avec une seule charge.","og_url":"https:\/\/projekt.vombat.ee\/eco\/fr\/pood\/scooters-electriques\/linna-toukerattad\/scooter-electrique-kugoo-kirin-s1-pro-30-km\/","og_site_name":"Ecocruiser","article_modified_time":"2024-08-28T06:36:58+00:00","og_image":[{"width":1000,"height":1000,"url":"https:\/\/projekt.vombat.ee\/eco\/wp-content\/uploads\/2023\/03\/1-11.webp","type":"image\/webp"}],"twitter_card":"summary_large_image","twitter_misc":{"Estimated reading time":"2 minutes"},"schema":{"@context":"https:\/\/schema.org","@graph":[{"@type":"WebPage","@id":"https:\/\/projekt.vombat.ee\/eco\/fr\/pood\/scooters-electriques\/linna-toukerattad\/scooter-electrique-kugoo-kirin-s1-pro-30-km\/","url":"https:\/\/projekt.vombat.ee\/eco\/fr\/pood\/scooters-electriques\/linna-toukerattad\/scooter-electrique-kugoo-kirin-s1-pro-30-km\/","name":"Scooter \u00e9lectrique KUGOO KIRIN S1 PRO 30 km - Ecocruiser","isPartOf":{"@id":"https:\/\/projekt.vombat.ee\/eco\/#website"},"primaryImageOfPage":{"@id":"https:\/\/projekt.vombat.ee\/eco\/fr\/pood\/scooters-electriques\/linna-toukerattad\/scooter-electrique-kugoo-kirin-s1-pro-30-km\/#primaryimage"},"image":{"@id":"https:\/\/projekt.vombat.ee\/eco\/fr\/pood\/scooters-electriques\/linna-toukerattad\/scooter-electrique-kugoo-kirin-s1-pro-30-km\/#primaryimage"},"thumbnailUrl":"https:\/\/projekt.vombat.ee\/eco\/wp-content\/uploads\/2023\/03\/1-11.webp","datePublished":"2024-05-14T11:40:01+00:00","dateModified":"2024-08-28T06:36:58+00:00","description":"Kugoo Kirin S1 pro est \u00e9quip\u00e9 d'un puissant moteur de 350 W et d'une batterie lithium-ion de 7,5 Ah. Il peut parcourir jusqu'\u00e0 30 km avec une seule charge.","breadcrumb":{"@id":"https:\/\/projekt.vombat.ee\/eco\/fr\/pood\/scooters-electriques\/linna-toukerattad\/scooter-electrique-kugoo-kirin-s1-pro-30-km\/#breadcrumb"},"inLanguage":"en-GB","potentialAction":[{"@type":"ReadAction","target":["https:\/\/projekt.vombat.ee\/eco\/fr\/pood\/scooters-electriques\/linna-toukerattad\/scooter-electrique-kugoo-kirin-s1-pro-30-km\/"]}]},{"@type":"ImageObject","inLanguage":"en-GB","@id":"https:\/\/projekt.vombat.ee\/eco\/fr\/pood\/scooters-electriques\/linna-toukerattad\/scooter-electrique-kugoo-kirin-s1-pro-30-km\/#primaryimage","url":"https:\/\/projekt.vombat.ee\/eco\/wp-content\/uploads\/2023\/03\/1-11.webp","contentUrl":"https:\/\/projekt.vombat.ee\/eco\/wp-content\/uploads\/2023\/03\/1-11.webp","width":1000,"height":1000,"caption":"KUGOO KIRIN S1 PRO"},{"@type":"BreadcrumbList","@id":"https:\/\/projekt.vombat.ee\/eco\/fr\/pood\/scooters-electriques\/linna-toukerattad\/scooter-electrique-kugoo-kirin-s1-pro-30-km\/#breadcrumb","itemListElement":[{"@type":"ListItem","position":1,"name":"Home","item":"https:\/\/projekt.vombat.ee\/eco\/"},{"@type":"ListItem","position":2,"name":"Pood","item":"https:\/\/projekt.vombat.ee\/eco\/pood\/"},{"@type":"ListItem","position":3,"name":"Scooter \u00e9lectrique KUGOO KIRIN S1 PRO 30 km"}]},{"@type":"WebSite","@id":"https:\/\/projekt.vombat.ee\/eco\/#website","url":"https:\/\/projekt.vombat.ee\/eco\/","name":"Ecocruiser","description":"","publisher":{"@id":"https:\/\/projekt.vombat.ee\/eco\/#organization"},"potentialAction":[{"@type":"SearchAction","target":{"@type":"EntryPoint","urlTemplate":"https:\/\/projekt.vombat.ee\/eco\/?s={search_term_string}"},"query-input":{"@type":"PropertyValueSpecification","valueRequired":true,"valueName":"search_term_string"}}],"inLanguage":"en-GB"},{"@type":"Organization","@id":"https:\/\/projekt.vombat.ee\/eco\/#organization","name":"Ecocruiser","url":"https:\/\/projekt.vombat.ee\/eco\/","logo":{"@type":"ImageObject","inLanguage":"en-GB","@id":"https:\/\/projekt.vombat.ee\/eco\/#\/schema\/logo\/image\/","url":"https:\/\/projekt.vombat.ee\/eco\/wp-content\/uploads\/2023\/03\/ECOCRUISER_5.png","contentUrl":"https:\/\/projekt.vombat.ee\/eco\/wp-content\/uploads\/2023\/03\/ECOCRUISER_5.png","width":234,"height":91,"caption":"Ecocruiser"},"image":{"@id":"https:\/\/projekt.vombat.ee\/eco\/#\/schema\/logo\/image\/"}}]}},"lang":"fr","translations":{"fr":17055,"ru":6558,"et":6545},"pll_sync_post":[],"_links":{"self":[{"href":"https:\/\/projekt.vombat.ee\/eco\/wp-json\/wp\/v2\/product\/17055"}],"collection":[{"href":"https:\/\/projekt.vombat.ee\/eco\/wp-json\/wp\/v2\/product"}],"about":[{"href":"https:\/\/projekt.vombat.ee\/eco\/wp-json\/wp\/v2\/types\/product"}],"version-history":[{"count":1,"href":"https:\/\/projekt.vombat.ee\/eco\/wp-json\/wp\/v2\/product\/17055\/revisions"}],"predecessor-version":[{"id":17056,"href":"https:\/\/projekt.vombat.ee\/eco\/wp-json\/wp\/v2\/product\/17055\/revisions\/17056"}],"wp:featuredmedia":[{"embeddable":true,"href":"https:\/\/projekt.vombat.ee\/eco\/wp-json\/wp\/v2\/media\/17041"}],"wp:attachment":[{"href":"https:\/\/projekt.vombat.ee\/eco\/wp-json\/wp\/v2\/media?parent=17055"}],"wp:term":[{"taxonomy":"product_cat","embeddable":true,"href":"https:\/\/projekt.vombat.ee\/eco\/wp-json\/wp\/v2\/product_cat?post=17055"},{"taxonomy":"product_tag","embeddable":true,"href":"https:\/\/projekt.vombat.ee\/eco\/wp-json\/wp\/v2\/product_tag?post=17055"}],"curies":[{"name":"wp","href":"https:\/\/api.w.org\/{rel}","templated":true}]}}