{"id":17004,"date":"2024-05-14T11:40:25","date_gmt":"2024-05-14T11:40:25","guid":{"rendered":"https:\/\/projekt.vombat.ee\/eco\/?post_type=product&#038;p=17004"},"modified":"2024-05-29T10:00:56","modified_gmt":"2024-05-29T10:00:56","slug":"kukirin-g4-electric-scooter","status":"publish","type":"product","link":"https:\/\/projekt.vombat.ee\/eco\/fr\/pood\/scooters-electriques\/kukirin-g4-electric-scooter\/","title":{"rendered":"KuKirin G4 Electric Scooter"},"content":{"rendered":"<h1>Scooter \u00e9lectrique KUKIRIN G4<\/h1>\n<p><img fetchpriority=\"high\" decoding=\"async\" class=\"alignnone wp-image-16574 size-full\" src=\"https:\/\/projekt.vombat.ee\/eco\/wp-content\/uploads\/2024\/04\/24.webp\" alt=\"\" width=\"1950\" height=\"935\" srcset=\"https:\/\/projekt.vombat.ee\/eco\/wp-content\/uploads\/2024\/04\/24.webp 1950w, https:\/\/projekt.vombat.ee\/eco\/wp-content\/uploads\/2024\/04\/24-300x144.webp 300w, https:\/\/projekt.vombat.ee\/eco\/wp-content\/uploads\/2024\/04\/24-1024x491.webp 1024w, https:\/\/projekt.vombat.ee\/eco\/wp-content\/uploads\/2024\/04\/24-768x368.webp 768w, https:\/\/projekt.vombat.ee\/eco\/wp-content\/uploads\/2024\/04\/24-1536x736.webp 1536w, https:\/\/projekt.vombat.ee\/eco\/wp-content\/uploads\/2024\/04\/24-500x240.webp 500w, https:\/\/projekt.vombat.ee\/eco\/wp-content\/uploads\/2024\/04\/24-800x384.webp 800w, https:\/\/projekt.vombat.ee\/eco\/wp-content\/uploads\/2024\/04\/24-760x364.webp 760w, https:\/\/projekt.vombat.ee\/eco\/wp-content\/uploads\/2024\/04\/24-370x177.webp 370w\" sizes=\"(max-width: 1950px) 100vw, 1950px\" \/><\/p>\n<p><img decoding=\"async\" class=\"alignnone\" src=\"https:\/\/a.allegroimg.com\/original\/115512\/93554e50438eb8728f52acf0b075\/Hulajnoga-elektryczna-Kukirin-G4-2000W-70km-h-75km-Waga-37-kg\" alt=\"Elektriline t\u00f5ukeratas\" width=\"2560\" height=\"1356\" \/><\/p>\n<p>D\u00e9couvrez le scooter \u00e9lectrique KuKirin G4, un scooter tout-terrain tr\u00e8s performant qui allie puissance, durabilit\u00e9 et style. Gr\u00e2ce \u00e0 son moteur \u00e0 moyeu de 2000W, son autonomie de 75km et sa vitesse maximale de 70km\/h, c&#8217;est le compagnon id\u00e9al pour toutes les aventures. \u00c9quip\u00e9 de pneus tout-terrain de 11 pouces, d&#8217;un \u00e9cran intelligent, de syst\u00e8mes d&#8217;\u00e9clairage et de freins \u00e0 double disque, le KuKirin G4 garantit une conduite en douceur dans toutes les conditions. Le corps en acier-aluminium renforc\u00e9 et la r\u00e9sistance \u00e0 l&#8217;eau IPX4 ajoutent \u00e0 la durabilit\u00e9. Faites l&#8217;exp\u00e9rience d&#8217;un confort de conduite et d&#8217;une s\u00e9curit\u00e9 exceptionnels avec le KuKirin G4 &#8211; un v\u00e9hicule qui vous emm\u00e8ne plus loin.<\/p>\n<p><img decoding=\"async\" class=\"alignnone\" src=\"https:\/\/a.allegroimg.com\/original\/11aad3\/029a66d140a5ada9d447cba30389\/Hulajnoga-elektryczna-Kukirin-G4-2000W-70km-h-75km-Moc-silnika-2000-W\" alt=\"Kukirin G4 \" width=\"1920\" height=\"1004\" \/><\/p>\n<p>Le KuKirin G4 est \u00e9quip\u00e9 d&#8217;un moteur \u00e0 moyeu unique de 2000Wh extr\u00eamement puissant, permettant des vitesses allant jusqu&#8217;\u00e0 70km\/h. Le moteur est configur\u00e9 pour \u00eatre r\u00e9gl\u00e9, ce qui permet d&#8217;obtenir d&#8217;excellentes performances.<\/p>\n<p>La batterie lithium 60V 20Ah\/1200Wh de haute capacit\u00e9 et de haute qualit\u00e9, avec une port\u00e9e maximale de 75km, g\u00e9n\u00e8re une sortie de courant rapide, qui peut \u00e9galement affecter la transmission des ultrasons.<\/p>\n<p><img loading=\"lazy\" decoding=\"async\" class=\"alignnone\" src=\"https:\/\/a.allegroimg.com\/original\/112219\/de2b25fb4ec3984a00f9556a9786\/Hulajnoga-elektryczna-Kukirin-G4-2000W-70km-h-75km-Predkosc-maksymalna-70-km-h\" alt=\"Kukirin\" width=\"1726\" height=\"818\" \/><\/p>\n<p>Le KuKirin G4 utilise des pneus en caoutchouc sous vide de 11 pouces avec une structure de pneu super solide qui le rend facile \u00e0 d\u00e9placer sur la plage, la neige ou les for\u00eats de montagne.<\/p>\n<p>Interface d&#8217;\u00e9cran intelligente qui peut \u00eatre contr\u00f4l\u00e9e de mani\u00e8re simple par le biais de l&#8217;interface d&#8217;\u00e9cran. Le mode de conduite, les phares et toutes les donn\u00e9es de conduite sont faciles \u00e0 contr\u00f4ler.<\/p>\n<p><img loading=\"lazy\" decoding=\"async\" class=\"alignnone\" src=\"https:\/\/a.allegroimg.com\/original\/1195cb\/cc8fd8184317a7cfdd6ca1c9d0b0\/Hulajnoga-elektryczna-Kukirin-G4-2000W-70km-h-75km-Liczba-kol-2\" alt=\"\" width=\"1616\" height=\"721\" \/><\/p>\n<p>Le KuKirin G4 est \u00e9quip\u00e9 de phares \u00e0 deux directions et d&#8217;un syst\u00e8me d&#8217;\u00e9clairage arri\u00e8re avec deux feux de direction, ce qui rend la conduite dans la circulation nocturne plus confortable. Il r\u00e9pond non seulement aux exigences de l&#8217;\u00e9clairage nocturne, mais assure \u00e9galement la s\u00e9curit\u00e9 de la conduite de nuit.<\/p>\n<p>Le KuKirin G4 utilise des freins \u00e0 double disque \u00e0 l&#8217;avant et \u00e0 l&#8217;arri\u00e8re avec des disques filoguid\u00e9s de 140 mm pour une bonne ventilation et dissipation de la chaleur et une meilleure performance de freinage ; m\u00eame dans des conditions difficiles de conduite hors route o\u00f9 des man\u0153uvres rapides sont n\u00e9cessaires, le freinage est facile.<\/p>\n<p>Le v\u00e9hicule est con\u00e7u avec un mat\u00e9riau composite acier-aluminium renforc\u00e9 pour obtenir une structure correcte, des pi\u00e8ces forg\u00e9es et pliables renforc\u00e9es, et toutes les pi\u00e8ces de connexion sont fix\u00e9es avec des vis en acier de haute qualit\u00e9 ; Le corps stable et solide est efficace et la puissance de sortie du scooter est efficace.<\/p>\n<h3>Informations<\/h3>\n<p>Marque : Kugoo<br \/>\nVitesse maximale : 70km\/h, permet un d\u00e9placement rapide et efficace.<br \/>\nModes de vitesse : 20km\/h, 40km\/h et 70km\/h, offre diff\u00e9rents modes de conduite selon les besoins.<br \/>\nAutonomie : 70-75km sur une seule charge, id\u00e9al pour les voyages de longue distance.<br \/>\nBatterie : 60V 20Ah, assure une conduite \u00e0 long terme et une charge rapide.<br \/>\nPuissance nominale du moteur : 2000W, le moteur puissant assure une exp\u00e9rience de conduite souple et puissante.<br \/>\nAngle d&#8217;\u00e9l\u00e9vation : 20 degr\u00e9s.<br \/>\nSyst\u00e8me de freinage : Syst\u00e8me de freinage \u00e0 disque, assurant un freinage s\u00fbr et efficace.<br \/>\nPneus : Pneus sans air de 11 pouces offrant une meilleure adh\u00e9rence et une meilleure stabilit\u00e9.<br \/>\nLargeur de la p\u00e9dale : 22*51 cm, assure une position debout confortable.<br \/>\nHauteur du cadre : 18,5 cm, am\u00e9liore le confort de conduite sur les routes irr\u00e9guli\u00e8res.<br \/>\nPoids du produit : 37 kg, construction solide et durable.<br \/>\nCharge maximale : 120 kg.<br \/>\nTemps de charge : 10-12h.<br \/>\n\u00c9cran : Grand \u00e9cran tactile<br \/>\nIndice de protection IP : IPX4, protection contre les \u00e9claboussures d&#8217;eau, permettant de conduire dans des conditions m\u00e9t\u00e9orologiques vari\u00e9es.<br \/>\nFonction r\u00e9gulateur de vitesse : Oui.<br \/>\nDimensions de la carrosserie ouvrante : 1336*1295*660 mm<br \/>\nDimensions de la caisse pliante : 1336*550*660 mm<\/p>\n<p><img loading=\"lazy\" decoding=\"async\" class=\"alignnone\" src=\"https:\/\/a.allegroimg.com\/original\/11a729\/4d2bf8e3489184da6ef655630e0b\/Hulajnoga-elektryczna-Kukirin-G4-2000W-70km-h-75km-Hamulec-elektroniczny-tarczowy\" alt=\"KUKIRIN G4 m\u00f5\u00f5tmed \" width=\"1920\" height=\"836\" \/><\/p>\n<p>Le paquet comprend<br \/>\nVotre nouveau scooter \u00e9lectrique<br \/>\nGarde-boue arri\u00e8re<br \/>\nChargeur<br \/>\nAdaptateur de charge<br \/>\nKit d&#8217;installation<br \/>\nManuel d&#8217;utilisation<\/p>\n","protected":false},"excerpt":{"rendered":"<p><strong>Scooter \u00e9lectrique KUKIRIN G4<\/strong><\/p>\n<p>Vitesse maximale : 70 km\/h<br \/>\nModes de vitesse : 20km\/h, 40km\/h et 70km\/h<br \/>\nAutonomie : 70-75km avec une charge<br \/>\nBatterie : 60V 20Ah<br \/>\nAngle d&#8217;\u00e9l\u00e9vation : 20 degr\u00e9s<br \/>\nSyst\u00e8me de freinage : Syst\u00e8me de freinage \u00e0 disque<br \/>\nPneus : Pneus 11 pouces sans air<br \/>\nCharge maximale : 120kg<br \/>\nTemps de charge : 10-12h<br \/>\n\u00c9cran : Grand \u00e9cran tactile<br \/>\nIndice de protection IP : IPX4<br \/>\nFonction r\u00e9gulateur de vitesse : Oui<\/p>\n<p>&nbsp;<\/p>\n<p><strong>\u2666 D\u00e9lai de livraison 2-7 jours<\/strong><br \/>\n<strong>\u2666 En stock<\/strong><\/p>\n","protected":false},"featured_media":17005,"template":"","meta":[],"product_cat":[2285,2283],"product_tag":[],"class_list":{"0":"post-17004","1":"product","2":"type-product","3":"status-publish","4":"has-post-thumbnail","6":"product_cat-kugoo","7":"product_cat-scooters-electriques","8":"product_shipping_class-suured-pakid","10":"first","11":"instock","12":"sale","13":"taxable","14":"shipping-taxable","15":"purchasable","16":"product-type-simple"},"yoast_head":"<!-- This site is optimized with the Yoast SEO plugin v23.8 - https:\/\/yoast.com\/wordpress\/plugins\/seo\/ -->\n<title>KuKirin G4 Electric Scooter - Ecocruiser<\/title>\n<meta name=\"description\" content=\"Scooter \u00e9lectrique KuKirin G4 : vitesse de 70km\/h, autonomie de 75km. Pneus tout-terrain, \u00e9cran intelligent, freins \u00e0 double cha\u00eene. Con\u00e7u pour l&#039;aventure.\" \/>\n<meta name=\"robots\" content=\"noindex, follow, max-snippet:-1, max-image-preview:large, max-video-preview:-1\" \/>\n<meta property=\"og:locale\" content=\"en_GB\" \/>\n<meta property=\"og:type\" content=\"article\" \/>\n<meta property=\"og:title\" content=\"KuKirin G4 Electric Scooter - Ecocruiser\" \/>\n<meta property=\"og:description\" content=\"Scooter \u00e9lectrique KuKirin G4 : vitesse de 70km\/h, autonomie de 75km. Pneus tout-terrain, \u00e9cran intelligent, freins \u00e0 double cha\u00eene. Con\u00e7u pour l&#039;aventure.\" \/>\n<meta property=\"og:url\" content=\"https:\/\/projekt.vombat.ee\/eco\/fr\/pood\/scooters-electriques\/kukirin-g4-electric-scooter\/\" \/>\n<meta property=\"og:site_name\" content=\"Ecocruiser\" \/>\n<meta property=\"article:modified_time\" content=\"2024-05-29T10:00:56+00:00\" \/>\n<meta property=\"og:image\" content=\"https:\/\/projekt.vombat.ee\/eco\/wp-content\/uploads\/2024\/02\/1.jpg\" \/>\n\t<meta property=\"og:image:width\" content=\"1000\" \/>\n\t<meta property=\"og:image:height\" content=\"1000\" \/>\n\t<meta property=\"og:image:type\" content=\"image\/jpeg\" \/>\n<meta name=\"twitter:card\" content=\"summary_large_image\" \/>\n<meta name=\"twitter:label1\" content=\"Estimated reading time\" \/>\n\t<meta name=\"twitter:data1\" content=\"5 minutes\" \/>\n<script type=\"application\/ld+json\" class=\"yoast-schema-graph\">{\"@context\":\"https:\/\/schema.org\",\"@graph\":[{\"@type\":\"WebPage\",\"@id\":\"https:\/\/projekt.vombat.ee\/eco\/fr\/pood\/scooters-electriques\/kukirin-g4-electric-scooter\/\",\"url\":\"https:\/\/projekt.vombat.ee\/eco\/fr\/pood\/scooters-electriques\/kukirin-g4-electric-scooter\/\",\"name\":\"KuKirin G4 Electric Scooter - Ecocruiser\",\"isPartOf\":{\"@id\":\"https:\/\/projekt.vombat.ee\/eco\/#website\"},\"primaryImageOfPage\":{\"@id\":\"https:\/\/projekt.vombat.ee\/eco\/fr\/pood\/scooters-electriques\/kukirin-g4-electric-scooter\/#primaryimage\"},\"image\":{\"@id\":\"https:\/\/projekt.vombat.ee\/eco\/fr\/pood\/scooters-electriques\/kukirin-g4-electric-scooter\/#primaryimage\"},\"thumbnailUrl\":\"https:\/\/projekt.vombat.ee\/eco\/wp-content\/uploads\/2024\/02\/1.jpg\",\"datePublished\":\"2024-05-14T11:40:25+00:00\",\"dateModified\":\"2024-05-29T10:00:56+00:00\",\"description\":\"Scooter \u00e9lectrique KuKirin G4 : vitesse de 70km\/h, autonomie de 75km. Pneus tout-terrain, \u00e9cran intelligent, freins \u00e0 double cha\u00eene. Con\u00e7u pour l'aventure.\",\"breadcrumb\":{\"@id\":\"https:\/\/projekt.vombat.ee\/eco\/fr\/pood\/scooters-electriques\/kukirin-g4-electric-scooter\/#breadcrumb\"},\"inLanguage\":\"en-GB\",\"potentialAction\":[{\"@type\":\"ReadAction\",\"target\":[\"https:\/\/projekt.vombat.ee\/eco\/fr\/pood\/scooters-electriques\/kukirin-g4-electric-scooter\/\"]}]},{\"@type\":\"ImageObject\",\"inLanguage\":\"en-GB\",\"@id\":\"https:\/\/projekt.vombat.ee\/eco\/fr\/pood\/scooters-electriques\/kukirin-g4-electric-scooter\/#primaryimage\",\"url\":\"https:\/\/projekt.vombat.ee\/eco\/wp-content\/uploads\/2024\/02\/1.jpg\",\"contentUrl\":\"https:\/\/projekt.vombat.ee\/eco\/wp-content\/uploads\/2024\/02\/1.jpg\",\"width\":1000,\"height\":1000,\"caption\":\"KUKIRIN G4\"},{\"@type\":\"BreadcrumbList\",\"@id\":\"https:\/\/projekt.vombat.ee\/eco\/fr\/pood\/scooters-electriques\/kukirin-g4-electric-scooter\/#breadcrumb\",\"itemListElement\":[{\"@type\":\"ListItem\",\"position\":1,\"name\":\"Home\",\"item\":\"https:\/\/projekt.vombat.ee\/eco\/\"},{\"@type\":\"ListItem\",\"position\":2,\"name\":\"Pood\",\"item\":\"https:\/\/projekt.vombat.ee\/eco\/pood\/\"},{\"@type\":\"ListItem\",\"position\":3,\"name\":\"KuKirin G4 Electric Scooter\"}]},{\"@type\":\"WebSite\",\"@id\":\"https:\/\/projekt.vombat.ee\/eco\/#website\",\"url\":\"https:\/\/projekt.vombat.ee\/eco\/\",\"name\":\"Ecocruiser\",\"description\":\"\",\"publisher\":{\"@id\":\"https:\/\/projekt.vombat.ee\/eco\/#organization\"},\"potentialAction\":[{\"@type\":\"SearchAction\",\"target\":{\"@type\":\"EntryPoint\",\"urlTemplate\":\"https:\/\/projekt.vombat.ee\/eco\/?s={search_term_string}\"},\"query-input\":{\"@type\":\"PropertyValueSpecification\",\"valueRequired\":true,\"valueName\":\"search_term_string\"}}],\"inLanguage\":\"en-GB\"},{\"@type\":\"Organization\",\"@id\":\"https:\/\/projekt.vombat.ee\/eco\/#organization\",\"name\":\"Ecocruiser\",\"url\":\"https:\/\/projekt.vombat.ee\/eco\/\",\"logo\":{\"@type\":\"ImageObject\",\"inLanguage\":\"en-GB\",\"@id\":\"https:\/\/projekt.vombat.ee\/eco\/#\/schema\/logo\/image\/\",\"url\":\"https:\/\/projekt.vombat.ee\/eco\/wp-content\/uploads\/2023\/03\/ECOCRUISER_5.png\",\"contentUrl\":\"https:\/\/projekt.vombat.ee\/eco\/wp-content\/uploads\/2023\/03\/ECOCRUISER_5.png\",\"width\":234,\"height\":91,\"caption\":\"Ecocruiser\"},\"image\":{\"@id\":\"https:\/\/projekt.vombat.ee\/eco\/#\/schema\/logo\/image\/\"}}]}<\/script>\n<!-- \/ Yoast SEO plugin. -->","yoast_head_json":{"title":"KuKirin G4 Electric Scooter - Ecocruiser","description":"Scooter \u00e9lectrique KuKirin G4 : vitesse de 70km\/h, autonomie de 75km. Pneus tout-terrain, \u00e9cran intelligent, freins \u00e0 double cha\u00eene. Con\u00e7u pour l'aventure.","robots":{"index":"noindex","follow":"follow","max-snippet":"max-snippet:-1","max-image-preview":"max-image-preview:large","max-video-preview":"max-video-preview:-1"},"og_locale":"en_GB","og_type":"article","og_title":"KuKirin G4 Electric Scooter - Ecocruiser","og_description":"Scooter \u00e9lectrique KuKirin G4 : vitesse de 70km\/h, autonomie de 75km. Pneus tout-terrain, \u00e9cran intelligent, freins \u00e0 double cha\u00eene. Con\u00e7u pour l'aventure.","og_url":"https:\/\/projekt.vombat.ee\/eco\/fr\/pood\/scooters-electriques\/kukirin-g4-electric-scooter\/","og_site_name":"Ecocruiser","article_modified_time":"2024-05-29T10:00:56+00:00","og_image":[{"width":1000,"height":1000,"url":"https:\/\/projekt.vombat.ee\/eco\/wp-content\/uploads\/2024\/02\/1.jpg","type":"image\/jpeg"}],"twitter_card":"summary_large_image","twitter_misc":{"Estimated reading time":"5 minutes"},"schema":{"@context":"https:\/\/schema.org","@graph":[{"@type":"WebPage","@id":"https:\/\/projekt.vombat.ee\/eco\/fr\/pood\/scooters-electriques\/kukirin-g4-electric-scooter\/","url":"https:\/\/projekt.vombat.ee\/eco\/fr\/pood\/scooters-electriques\/kukirin-g4-electric-scooter\/","name":"KuKirin G4 Electric Scooter - Ecocruiser","isPartOf":{"@id":"https:\/\/projekt.vombat.ee\/eco\/#website"},"primaryImageOfPage":{"@id":"https:\/\/projekt.vombat.ee\/eco\/fr\/pood\/scooters-electriques\/kukirin-g4-electric-scooter\/#primaryimage"},"image":{"@id":"https:\/\/projekt.vombat.ee\/eco\/fr\/pood\/scooters-electriques\/kukirin-g4-electric-scooter\/#primaryimage"},"thumbnailUrl":"https:\/\/projekt.vombat.ee\/eco\/wp-content\/uploads\/2024\/02\/1.jpg","datePublished":"2024-05-14T11:40:25+00:00","dateModified":"2024-05-29T10:00:56+00:00","description":"Scooter \u00e9lectrique KuKirin G4 : vitesse de 70km\/h, autonomie de 75km. Pneus tout-terrain, \u00e9cran intelligent, freins \u00e0 double cha\u00eene. Con\u00e7u pour l'aventure.","breadcrumb":{"@id":"https:\/\/projekt.vombat.ee\/eco\/fr\/pood\/scooters-electriques\/kukirin-g4-electric-scooter\/#breadcrumb"},"inLanguage":"en-GB","potentialAction":[{"@type":"ReadAction","target":["https:\/\/projekt.vombat.ee\/eco\/fr\/pood\/scooters-electriques\/kukirin-g4-electric-scooter\/"]}]},{"@type":"ImageObject","inLanguage":"en-GB","@id":"https:\/\/projekt.vombat.ee\/eco\/fr\/pood\/scooters-electriques\/kukirin-g4-electric-scooter\/#primaryimage","url":"https:\/\/projekt.vombat.ee\/eco\/wp-content\/uploads\/2024\/02\/1.jpg","contentUrl":"https:\/\/projekt.vombat.ee\/eco\/wp-content\/uploads\/2024\/02\/1.jpg","width":1000,"height":1000,"caption":"KUKIRIN G4"},{"@type":"BreadcrumbList","@id":"https:\/\/projekt.vombat.ee\/eco\/fr\/pood\/scooters-electriques\/kukirin-g4-electric-scooter\/#breadcrumb","itemListElement":[{"@type":"ListItem","position":1,"name":"Home","item":"https:\/\/projekt.vombat.ee\/eco\/"},{"@type":"ListItem","position":2,"name":"Pood","item":"https:\/\/projekt.vombat.ee\/eco\/pood\/"},{"@type":"ListItem","position":3,"name":"KuKirin G4 Electric Scooter"}]},{"@type":"WebSite","@id":"https:\/\/projekt.vombat.ee\/eco\/#website","url":"https:\/\/projekt.vombat.ee\/eco\/","name":"Ecocruiser","description":"","publisher":{"@id":"https:\/\/projekt.vombat.ee\/eco\/#organization"},"potentialAction":[{"@type":"SearchAction","target":{"@type":"EntryPoint","urlTemplate":"https:\/\/projekt.vombat.ee\/eco\/?s={search_term_string}"},"query-input":{"@type":"PropertyValueSpecification","valueRequired":true,"valueName":"search_term_string"}}],"inLanguage":"en-GB"},{"@type":"Organization","@id":"https:\/\/projekt.vombat.ee\/eco\/#organization","name":"Ecocruiser","url":"https:\/\/projekt.vombat.ee\/eco\/","logo":{"@type":"ImageObject","inLanguage":"en-GB","@id":"https:\/\/projekt.vombat.ee\/eco\/#\/schema\/logo\/image\/","url":"https:\/\/projekt.vombat.ee\/eco\/wp-content\/uploads\/2023\/03\/ECOCRUISER_5.png","contentUrl":"https:\/\/projekt.vombat.ee\/eco\/wp-content\/uploads\/2023\/03\/ECOCRUISER_5.png","width":234,"height":91,"caption":"Ecocruiser"},"image":{"@id":"https:\/\/projekt.vombat.ee\/eco\/#\/schema\/logo\/image\/"}}]}},"lang":"fr","translations":{"fr":17004,"en":15910,"et":13859,"ru":16057},"pll_sync_post":[],"_links":{"self":[{"href":"https:\/\/projekt.vombat.ee\/eco\/wp-json\/wp\/v2\/product\/17004"}],"collection":[{"href":"https:\/\/projekt.vombat.ee\/eco\/wp-json\/wp\/v2\/product"}],"about":[{"href":"https:\/\/projekt.vombat.ee\/eco\/wp-json\/wp\/v2\/types\/product"}],"version-history":[{"count":2,"href":"https:\/\/projekt.vombat.ee\/eco\/wp-json\/wp\/v2\/product\/17004\/revisions"}],"predecessor-version":[{"id":17212,"href":"https:\/\/projekt.vombat.ee\/eco\/wp-json\/wp\/v2\/product\/17004\/revisions\/17212"}],"wp:featuredmedia":[{"embeddable":true,"href":"https:\/\/projekt.vombat.ee\/eco\/wp-json\/wp\/v2\/media\/17005"}],"wp:attachment":[{"href":"https:\/\/projekt.vombat.ee\/eco\/wp-json\/wp\/v2\/media?parent=17004"}],"wp:term":[{"taxonomy":"product_cat","embeddable":true,"href":"https:\/\/projekt.vombat.ee\/eco\/wp-json\/wp\/v2\/product_cat?post=17004"},{"taxonomy":"product_tag","embeddable":true,"href":"https:\/\/projekt.vombat.ee\/eco\/wp-json\/wp\/v2\/product_tag?post=17004"}],"curies":[{"name":"wp","href":"https:\/\/api.w.org\/{rel}","templated":true}]}}