{"id":16994,"date":"2024-05-14T11:40:39","date_gmt":"2024-05-14T11:40:39","guid":{"rendered":"https:\/\/projekt.vombat.ee\/eco\/?post_type=product&#038;p=16994"},"modified":"2024-06-26T14:07:09","modified_gmt":"2024-06-26T14:07:09","slug":"kukirin-g2-pro","status":"publish","type":"product","link":"https:\/\/projekt.vombat.ee\/eco\/fr\/pood\/scooters-electriques\/voimsad-toukerattad\/kukirin-g2-pro\/","title":{"rendered":"KuKirin G2 Pro"},"content":{"rendered":"<h1>KuKirin G2 Pro<\/h1>\n<p><img fetchpriority=\"high\" decoding=\"async\" class=\"alignnone wp-image-16568 size-full\" src=\"https:\/\/projekt.vombat.ee\/eco\/wp-content\/uploads\/2024\/04\/\u4e3b\u56fe2.webp\" alt=\"\" width=\"1920\" height=\"1100\" srcset=\"https:\/\/projekt.vombat.ee\/eco\/wp-content\/uploads\/2024\/04\/\u4e3b\u56fe2.webp 1920w, https:\/\/projekt.vombat.ee\/eco\/wp-content\/uploads\/2024\/04\/\u4e3b\u56fe2-300x172.webp 300w, https:\/\/projekt.vombat.ee\/eco\/wp-content\/uploads\/2024\/04\/\u4e3b\u56fe2-1024x587.webp 1024w, https:\/\/projekt.vombat.ee\/eco\/wp-content\/uploads\/2024\/04\/\u4e3b\u56fe2-768x440.webp 768w, https:\/\/projekt.vombat.ee\/eco\/wp-content\/uploads\/2024\/04\/\u4e3b\u56fe2-1536x880.webp 1536w, https:\/\/projekt.vombat.ee\/eco\/wp-content\/uploads\/2024\/04\/\u4e3b\u56fe2-500x286.webp 500w, https:\/\/projekt.vombat.ee\/eco\/wp-content\/uploads\/2024\/04\/\u4e3b\u56fe2-800x458.webp 800w, https:\/\/projekt.vombat.ee\/eco\/wp-content\/uploads\/2024\/04\/\u4e3b\u56fe2-760x435.webp 760w, https:\/\/projekt.vombat.ee\/eco\/wp-content\/uploads\/2024\/04\/\u4e3b\u56fe2-370x212.webp 370w\" sizes=\"(max-width: 1920px) 100vw, 1920px\" \/><\/p>\n<h3><img decoding=\"async\" src=\"https:\/\/cdn.shopify.com\/s\/files\/1\/0291\/3422\/5501\/files\/KuKirin_G2_Pro_Desktop_Detail_17_1920x.jpg?v=1677823466%20alt=\" \/><\/h3>\n<h3>MOTEUR ET BATTERIE PUISSANTS<\/h3>\n<p>Le Kugoo Kirin G2 pro est \u00e9quip\u00e9 d&#8217;un moteur sans balai de 600W, il b\u00e9n\u00e9ficie d&#8217;un mode de vitesse \u00e0 3 vitesses super rapide, la vitesse maximale peut atteindre 25km\/h (avec limiteur), ce qui rend la conduite plus arbitraire. Plage de r\u00e9glage :<\/p>\n<p>Batterie lithium-ion de haute capacit\u00e9, batterie lithium-ion de haute qualit\u00e9, puissance de sortie continue avec un d\u00e9bit \u00e9lev\u00e9, qui peut fournir une distance de conduite de 55 km, charger pendant 8 heures la nuit, conduire pendant la journ\u00e9e et jouer quand vous le souhaitez. suffisant. 7. Pliage rapide : La conception de la place de pliage est simple et facile \u00e0 utiliser. Il suffit de le soulever, de le tirer, de le presser et de le plier rapidement. Ce qui est pratique pour le transporter dans d&#8217;autres v\u00e9hicules. En m\u00eame temps, le KuKirin G2 Pro a une fonction de pliage ind\u00e9pendante. Les verrous vous permettent d&#8217;\u00eatre plus en s\u00e9curit\u00e9 lorsque vous conduisez.<\/p>\n<p>&nbsp;<\/p>\n<h3>KUGOO KIRIN G2 PRO &#8211; S\u00dbR ET STABLE<\/h3>\n<p>L&#8217;amortisseur \u00e0 ressort finement ajust\u00e9 peut amortir efficacement les irr\u00e9gularit\u00e9s des terrains complexes, vous pouvez le conduire sur des routes accident\u00e9es et maximiser votre plaisir de voyager.<\/p>\n<p>Pneus tout-terrain de 9 pouces, avec une grande surface de couverture, ne s&#8217;enfonceront pas dans la boue les jours de pluie, bonne absorption des chocs, bonne adh\u00e9rence, n&#8217;ont pas peur des conditions routi\u00e8res difficiles, ce qui donne de la confiance.<\/p>\n<p>Freins \u00e0 double disque avant et arri\u00e8re, si vous voulez vous arr\u00eater, si vous voulez marcher, sauvagement ! Freins \u00e0 disques avant et arri\u00e8re de 120 mm \u00e0 commande par c\u00e2ble, disques de refroidissement ventil\u00e9s, ne craignant pas la vitesse \u00e9lev\u00e9e, vous donnant la confiance n\u00e9cessaire pour vous arr\u00eater quand vous le souhaitez.<\/p>\n<p>&nbsp;<\/p>\n<h3>\u00c9CRAN LED ET SYST\u00c8ME D&#8217;\u00c9CLAIRAGE<\/h3>\n<p>Gr\u00e2ce \u00e0 l&#8217;\u00e9cran num\u00e9rique, vous pouvez voir d&#8217;un seul coup d&#8217;\u0153il l&#8217;\u00e9tat de la voiture en temps r\u00e9el avec toutes les donn\u00e9es de conduite, du rebond doux au rebond fort, et vous pouvez changer de mode de conduite \u00e0 tout moment en appuyant sur un bouton. Que vous souhaitiez un confort d\u00e9contract\u00e9 ou une sauvagerie ultime, il peut vous procurer le plaisir que vous souhaitez.<\/p>\n<p>Dans toute la voiture, 6 syst\u00e8mes d&#8217;\u00e9clairage pour vous \u00e9clairer et prot\u00e9ger votre s\u00e9curit\u00e9, 1 phare avant + 2 feux auxiliaires + 3 feux arri\u00e8re d&#8217;avertissement, qui non seulement \u00e9clairent la route devant vous, mais vous prot\u00e8gent \u00e9galement \u00e0 gauche, \u00e0 droite et \u00e0 l&#8217;arri\u00e8re.<\/p>\n<h3>SP\u00c9CIFICATIONS DU KUGOO KIRIN G2 PRO<\/h3>\n<p>Vitesse maximale : 25 km\/h (avec limiteur)<br \/>\nAutonomie 55 km<br \/>\nBatterie : 48V 15Ah<br \/>\nPuissance nominale du moteur : 600W<br \/>\nMont\u00e9e en montagne : 20<br \/>\nSyst\u00e8me de freinage : Frein \u00e0 double disque<br \/>\nPneus : 9&#8221;<br \/>\nTaille : 1187*620*1315 mm<br \/>\nPoids : 26,7 kg<br \/>\nCharge maximale : 120 kg<br \/>\nTemps de charge : 7-8 heures<\/p>\n<h2>PARAM\u00c8TRES<\/h2>\n<p><img decoding=\"async\" class=\"alignnone wp-image-16569 \" src=\"https:\/\/projekt.vombat.ee\/eco\/wp-content\/uploads\/2024\/04\/\u5c3a\u5bf8-1.webp\" alt=\"\" width=\"820\" height=\"426\" srcset=\"https:\/\/projekt.vombat.ee\/eco\/wp-content\/uploads\/2024\/04\/\u5c3a\u5bf8-1.webp 1920w, https:\/\/projekt.vombat.ee\/eco\/wp-content\/uploads\/2024\/04\/\u5c3a\u5bf8-1-300x156.webp 300w, https:\/\/projekt.vombat.ee\/eco\/wp-content\/uploads\/2024\/04\/\u5c3a\u5bf8-1-1024x532.webp 1024w, https:\/\/projekt.vombat.ee\/eco\/wp-content\/uploads\/2024\/04\/\u5c3a\u5bf8-1-768x399.webp 768w, https:\/\/projekt.vombat.ee\/eco\/wp-content\/uploads\/2024\/04\/\u5c3a\u5bf8-1-1536x798.webp 1536w, https:\/\/projekt.vombat.ee\/eco\/wp-content\/uploads\/2024\/04\/\u5c3a\u5bf8-1-500x260.webp 500w, https:\/\/projekt.vombat.ee\/eco\/wp-content\/uploads\/2024\/04\/\u5c3a\u5bf8-1-800x415.webp 800w, https:\/\/projekt.vombat.ee\/eco\/wp-content\/uploads\/2024\/04\/\u5c3a\u5bf8-1-760x395.webp 760w, https:\/\/projekt.vombat.ee\/eco\/wp-content\/uploads\/2024\/04\/\u5c3a\u5bf8-1-370x192.webp 370w\" sizes=\"(max-width: 820px) 100vw, 820px\" \/><\/p>\n<p>&nbsp;<\/p>\n","protected":false},"excerpt":{"rendered":"<p><strong>SCOOTER \u00c9LECTRIQUE KUGOO KIRIN G2 PRO<\/strong><\/p>\n<ul>\n<li>Autonomie de conduite : 55 km<\/li>\n<li>Batterie : 48V 15Ah<\/li>\n<li>Charge maximale : 120 kg<\/li>\n<li>Temps de charge : 7-8 heures<\/li>\n<li>Le si\u00e8ge n&#8217;est pas inclus<\/li>\n<\/ul>\n<p><strong>\u2666D\u00e9lai de livraison : 3-8 jours<\/strong><br \/>\n<strong>\u2666 En stock<\/strong><\/p>\n","protected":false},"featured_media":16995,"template":"","meta":[],"product_cat":[2285,2283,4828],"product_tag":[],"class_list":{"0":"post-16994","1":"product","2":"type-product","3":"status-publish","4":"has-post-thumbnail","6":"product_cat-kugoo","7":"product_cat-scooters-electriques","8":"product_cat-voimsad-toukerattad","9":"product_shipping_class-suured-pakid","11":"first","12":"instock","13":"sale","14":"taxable","15":"shipping-taxable","16":"purchasable","17":"product-type-simple"},"yoast_head":"<!-- This site is optimized with the Yoast SEO plugin v23.8 - https:\/\/yoast.com\/wordpress\/plugins\/seo\/ -->\n<title>KuKirin G2 Pro - Ecocruiser<\/title>\n<meta name=\"description\" content=\"KuKirin G2 Pro - Des marques de qualit\u00e9, un large choix - Ecocruiser.ee - Si vous avez des questions, veuillez contacter info@projekt.vombat.ee\" \/>\n<meta name=\"robots\" content=\"noindex, follow, max-snippet:-1, max-image-preview:large, max-video-preview:-1\" \/>\n<meta property=\"og:locale\" content=\"en_GB\" \/>\n<meta property=\"og:type\" content=\"article\" \/>\n<meta property=\"og:title\" content=\"KuKirin G2 Pro - Ecocruiser\" \/>\n<meta property=\"og:description\" content=\"KuKirin G2 Pro - Des marques de qualit\u00e9, un large choix - Ecocruiser.ee - Si vous avez des questions, veuillez contacter info@projekt.vombat.ee\" \/>\n<meta property=\"og:url\" content=\"https:\/\/projekt.vombat.ee\/eco\/fr\/pood\/scooters-electriques\/voimsad-toukerattad\/kukirin-g2-pro\/\" \/>\n<meta property=\"og:site_name\" content=\"Ecocruiser\" \/>\n<meta property=\"article:modified_time\" content=\"2024-06-26T14:07:09+00:00\" \/>\n<meta property=\"og:image\" content=\"https:\/\/projekt.vombat.ee\/eco\/wp-content\/uploads\/2023\/03\/d69abe6a5554bec15e3849614e4394a7.webp\" \/>\n\t<meta property=\"og:image:width\" content=\"1000\" \/>\n\t<meta property=\"og:image:height\" content=\"1000\" \/>\n\t<meta property=\"og:image:type\" content=\"image\/webp\" \/>\n<meta name=\"twitter:card\" content=\"summary_large_image\" \/>\n<meta name=\"twitter:label1\" content=\"Estimated reading time\" \/>\n\t<meta name=\"twitter:data1\" content=\"3 minutes\" \/>\n<script type=\"application\/ld+json\" class=\"yoast-schema-graph\">{\"@context\":\"https:\/\/schema.org\",\"@graph\":[{\"@type\":\"WebPage\",\"@id\":\"https:\/\/projekt.vombat.ee\/eco\/fr\/pood\/scooters-electriques\/voimsad-toukerattad\/kukirin-g2-pro\/\",\"url\":\"https:\/\/projekt.vombat.ee\/eco\/fr\/pood\/scooters-electriques\/voimsad-toukerattad\/kukirin-g2-pro\/\",\"name\":\"KuKirin G2 Pro - Ecocruiser\",\"isPartOf\":{\"@id\":\"https:\/\/projekt.vombat.ee\/eco\/#website\"},\"primaryImageOfPage\":{\"@id\":\"https:\/\/projekt.vombat.ee\/eco\/fr\/pood\/scooters-electriques\/voimsad-toukerattad\/kukirin-g2-pro\/#primaryimage\"},\"image\":{\"@id\":\"https:\/\/projekt.vombat.ee\/eco\/fr\/pood\/scooters-electriques\/voimsad-toukerattad\/kukirin-g2-pro\/#primaryimage\"},\"thumbnailUrl\":\"https:\/\/projekt.vombat.ee\/eco\/wp-content\/uploads\/2023\/03\/d69abe6a5554bec15e3849614e4394a7.webp\",\"datePublished\":\"2024-05-14T11:40:39+00:00\",\"dateModified\":\"2024-06-26T14:07:09+00:00\",\"description\":\"KuKirin G2 Pro - Des marques de qualit\u00e9, un large choix - Ecocruiser.ee - Si vous avez des questions, veuillez contacter info@projekt.vombat.ee\",\"breadcrumb\":{\"@id\":\"https:\/\/projekt.vombat.ee\/eco\/fr\/pood\/scooters-electriques\/voimsad-toukerattad\/kukirin-g2-pro\/#breadcrumb\"},\"inLanguage\":\"en-GB\",\"potentialAction\":[{\"@type\":\"ReadAction\",\"target\":[\"https:\/\/projekt.vombat.ee\/eco\/fr\/pood\/scooters-electriques\/voimsad-toukerattad\/kukirin-g2-pro\/\"]}]},{\"@type\":\"ImageObject\",\"inLanguage\":\"en-GB\",\"@id\":\"https:\/\/projekt.vombat.ee\/eco\/fr\/pood\/scooters-electriques\/voimsad-toukerattad\/kukirin-g2-pro\/#primaryimage\",\"url\":\"https:\/\/projekt.vombat.ee\/eco\/wp-content\/uploads\/2023\/03\/d69abe6a5554bec15e3849614e4394a7.webp\",\"contentUrl\":\"https:\/\/projekt.vombat.ee\/eco\/wp-content\/uploads\/2023\/03\/d69abe6a5554bec15e3849614e4394a7.webp\",\"width\":1000,\"height\":1000,\"caption\":\"KuKirin G2 Pro\"},{\"@type\":\"BreadcrumbList\",\"@id\":\"https:\/\/projekt.vombat.ee\/eco\/fr\/pood\/scooters-electriques\/voimsad-toukerattad\/kukirin-g2-pro\/#breadcrumb\",\"itemListElement\":[{\"@type\":\"ListItem\",\"position\":1,\"name\":\"Home\",\"item\":\"https:\/\/projekt.vombat.ee\/eco\/\"},{\"@type\":\"ListItem\",\"position\":2,\"name\":\"Pood\",\"item\":\"https:\/\/projekt.vombat.ee\/eco\/pood\/\"},{\"@type\":\"ListItem\",\"position\":3,\"name\":\"KuKirin G2 Pro\"}]},{\"@type\":\"WebSite\",\"@id\":\"https:\/\/projekt.vombat.ee\/eco\/#website\",\"url\":\"https:\/\/projekt.vombat.ee\/eco\/\",\"name\":\"Ecocruiser\",\"description\":\"\",\"publisher\":{\"@id\":\"https:\/\/projekt.vombat.ee\/eco\/#organization\"},\"potentialAction\":[{\"@type\":\"SearchAction\",\"target\":{\"@type\":\"EntryPoint\",\"urlTemplate\":\"https:\/\/projekt.vombat.ee\/eco\/?s={search_term_string}\"},\"query-input\":{\"@type\":\"PropertyValueSpecification\",\"valueRequired\":true,\"valueName\":\"search_term_string\"}}],\"inLanguage\":\"en-GB\"},{\"@type\":\"Organization\",\"@id\":\"https:\/\/projekt.vombat.ee\/eco\/#organization\",\"name\":\"Ecocruiser\",\"url\":\"https:\/\/projekt.vombat.ee\/eco\/\",\"logo\":{\"@type\":\"ImageObject\",\"inLanguage\":\"en-GB\",\"@id\":\"https:\/\/projekt.vombat.ee\/eco\/#\/schema\/logo\/image\/\",\"url\":\"https:\/\/projekt.vombat.ee\/eco\/wp-content\/uploads\/2023\/03\/ECOCRUISER_5.png\",\"contentUrl\":\"https:\/\/projekt.vombat.ee\/eco\/wp-content\/uploads\/2023\/03\/ECOCRUISER_5.png\",\"width\":234,\"height\":91,\"caption\":\"Ecocruiser\"},\"image\":{\"@id\":\"https:\/\/projekt.vombat.ee\/eco\/#\/schema\/logo\/image\/\"}}]}<\/script>\n<!-- \/ Yoast SEO plugin. -->","yoast_head_json":{"title":"KuKirin G2 Pro - Ecocruiser","description":"KuKirin G2 Pro - Des marques de qualit\u00e9, un large choix - Ecocruiser.ee - Si vous avez des questions, veuillez contacter info@projekt.vombat.ee","robots":{"index":"noindex","follow":"follow","max-snippet":"max-snippet:-1","max-image-preview":"max-image-preview:large","max-video-preview":"max-video-preview:-1"},"og_locale":"en_GB","og_type":"article","og_title":"KuKirin G2 Pro - Ecocruiser","og_description":"KuKirin G2 Pro - Des marques de qualit\u00e9, un large choix - Ecocruiser.ee - Si vous avez des questions, veuillez contacter info@projekt.vombat.ee","og_url":"https:\/\/projekt.vombat.ee\/eco\/fr\/pood\/scooters-electriques\/voimsad-toukerattad\/kukirin-g2-pro\/","og_site_name":"Ecocruiser","article_modified_time":"2024-06-26T14:07:09+00:00","og_image":[{"width":1000,"height":1000,"url":"https:\/\/projekt.vombat.ee\/eco\/wp-content\/uploads\/2023\/03\/d69abe6a5554bec15e3849614e4394a7.webp","type":"image\/webp"}],"twitter_card":"summary_large_image","twitter_misc":{"Estimated reading time":"3 minutes"},"schema":{"@context":"https:\/\/schema.org","@graph":[{"@type":"WebPage","@id":"https:\/\/projekt.vombat.ee\/eco\/fr\/pood\/scooters-electriques\/voimsad-toukerattad\/kukirin-g2-pro\/","url":"https:\/\/projekt.vombat.ee\/eco\/fr\/pood\/scooters-electriques\/voimsad-toukerattad\/kukirin-g2-pro\/","name":"KuKirin G2 Pro - Ecocruiser","isPartOf":{"@id":"https:\/\/projekt.vombat.ee\/eco\/#website"},"primaryImageOfPage":{"@id":"https:\/\/projekt.vombat.ee\/eco\/fr\/pood\/scooters-electriques\/voimsad-toukerattad\/kukirin-g2-pro\/#primaryimage"},"image":{"@id":"https:\/\/projekt.vombat.ee\/eco\/fr\/pood\/scooters-electriques\/voimsad-toukerattad\/kukirin-g2-pro\/#primaryimage"},"thumbnailUrl":"https:\/\/projekt.vombat.ee\/eco\/wp-content\/uploads\/2023\/03\/d69abe6a5554bec15e3849614e4394a7.webp","datePublished":"2024-05-14T11:40:39+00:00","dateModified":"2024-06-26T14:07:09+00:00","description":"KuKirin G2 Pro - Des marques de qualit\u00e9, un large choix - Ecocruiser.ee - Si vous avez des questions, veuillez contacter info@projekt.vombat.ee","breadcrumb":{"@id":"https:\/\/projekt.vombat.ee\/eco\/fr\/pood\/scooters-electriques\/voimsad-toukerattad\/kukirin-g2-pro\/#breadcrumb"},"inLanguage":"en-GB","potentialAction":[{"@type":"ReadAction","target":["https:\/\/projekt.vombat.ee\/eco\/fr\/pood\/scooters-electriques\/voimsad-toukerattad\/kukirin-g2-pro\/"]}]},{"@type":"ImageObject","inLanguage":"en-GB","@id":"https:\/\/projekt.vombat.ee\/eco\/fr\/pood\/scooters-electriques\/voimsad-toukerattad\/kukirin-g2-pro\/#primaryimage","url":"https:\/\/projekt.vombat.ee\/eco\/wp-content\/uploads\/2023\/03\/d69abe6a5554bec15e3849614e4394a7.webp","contentUrl":"https:\/\/projekt.vombat.ee\/eco\/wp-content\/uploads\/2023\/03\/d69abe6a5554bec15e3849614e4394a7.webp","width":1000,"height":1000,"caption":"KuKirin G2 Pro"},{"@type":"BreadcrumbList","@id":"https:\/\/projekt.vombat.ee\/eco\/fr\/pood\/scooters-electriques\/voimsad-toukerattad\/kukirin-g2-pro\/#breadcrumb","itemListElement":[{"@type":"ListItem","position":1,"name":"Home","item":"https:\/\/projekt.vombat.ee\/eco\/"},{"@type":"ListItem","position":2,"name":"Pood","item":"https:\/\/projekt.vombat.ee\/eco\/pood\/"},{"@type":"ListItem","position":3,"name":"KuKirin G2 Pro"}]},{"@type":"WebSite","@id":"https:\/\/projekt.vombat.ee\/eco\/#website","url":"https:\/\/projekt.vombat.ee\/eco\/","name":"Ecocruiser","description":"","publisher":{"@id":"https:\/\/projekt.vombat.ee\/eco\/#organization"},"potentialAction":[{"@type":"SearchAction","target":{"@type":"EntryPoint","urlTemplate":"https:\/\/projekt.vombat.ee\/eco\/?s={search_term_string}"},"query-input":{"@type":"PropertyValueSpecification","valueRequired":true,"valueName":"search_term_string"}}],"inLanguage":"en-GB"},{"@type":"Organization","@id":"https:\/\/projekt.vombat.ee\/eco\/#organization","name":"Ecocruiser","url":"https:\/\/projekt.vombat.ee\/eco\/","logo":{"@type":"ImageObject","inLanguage":"en-GB","@id":"https:\/\/projekt.vombat.ee\/eco\/#\/schema\/logo\/image\/","url":"https:\/\/projekt.vombat.ee\/eco\/wp-content\/uploads\/2023\/03\/ECOCRUISER_5.png","contentUrl":"https:\/\/projekt.vombat.ee\/eco\/wp-content\/uploads\/2023\/03\/ECOCRUISER_5.png","width":234,"height":91,"caption":"Ecocruiser"},"image":{"@id":"https:\/\/projekt.vombat.ee\/eco\/#\/schema\/logo\/image\/"}}]}},"lang":"fr","translations":{"fr":16994,"ru":6406,"et":6398,"fi":7571,"lv":10892,"en":15926},"pll_sync_post":[],"_links":{"self":[{"href":"https:\/\/projekt.vombat.ee\/eco\/wp-json\/wp\/v2\/product\/16994"}],"collection":[{"href":"https:\/\/projekt.vombat.ee\/eco\/wp-json\/wp\/v2\/product"}],"about":[{"href":"https:\/\/projekt.vombat.ee\/eco\/wp-json\/wp\/v2\/types\/product"}],"version-history":[{"count":3,"href":"https:\/\/projekt.vombat.ee\/eco\/wp-json\/wp\/v2\/product\/16994\/revisions"}],"predecessor-version":[{"id":19003,"href":"https:\/\/projekt.vombat.ee\/eco\/wp-json\/wp\/v2\/product\/16994\/revisions\/19003"}],"wp:featuredmedia":[{"embeddable":true,"href":"https:\/\/projekt.vombat.ee\/eco\/wp-json\/wp\/v2\/media\/16995"}],"wp:attachment":[{"href":"https:\/\/projekt.vombat.ee\/eco\/wp-json\/wp\/v2\/media?parent=16994"}],"wp:term":[{"taxonomy":"product_cat","embeddable":true,"href":"https:\/\/projekt.vombat.ee\/eco\/wp-json\/wp\/v2\/product_cat?post=16994"},{"taxonomy":"product_tag","embeddable":true,"href":"https:\/\/projekt.vombat.ee\/eco\/wp-json\/wp\/v2\/product_tag?post=16994"}],"curies":[{"name":"wp","href":"https:\/\/api.w.org\/{rel}","templated":true}]}}