{"id":16961,"date":"2024-05-14T11:41:32","date_gmt":"2024-05-14T11:41:32","guid":{"rendered":"https:\/\/projekt.vombat.ee\/eco\/?post_type=product&#038;p=16961"},"modified":"2024-07-30T07:05:19","modified_gmt":"2024-07-30T07:05:19","slug":"kukirin-m5-pro","status":"publish","type":"product","link":"https:\/\/projekt.vombat.ee\/eco\/fr\/pood\/scooters-electriques\/voimsad-toukerattad\/kukirin-m5-pro\/","title":{"rendered":"KuKirin M5 Pro"},"content":{"rendered":"<h1>KuKirin M5 Pro<\/h1>\n<p><img decoding=\"async\" class=\"\" src=\"https:\/\/cdn.shopify.com\/s\/files\/1\/0291\/3422\/5501\/files\/Kukirin_M5_Pro_Desktop_Detail_16_1920x.jpg?v=1677837700%20alt=\" \/><\/p>\n<h3>MOTEUR ET BATTERIE PUISSANTS<\/h3>\n<p>Aliment\u00e9 par un moteur de 1000W, le Kugoo Kirin M5 Pro atteint une vitesse maximale de 25 km\/h, vous permettant de profiter d&#8217;une conduite puissante et excitante en tout-terrain. Le M5 Pro est une combinaison des meilleures caract\u00e9ristiques des scooters \u00e9lectriques. Ce mod\u00e8le convient \u00e0 la conduite en ville, dans les parcs, en tout-terrain et sur les pistes de cross. Un puissant moteur de 1000W et une autonomie de 70km rendent la conduite agr\u00e9able et sans souci.<\/p>\n<p>Le Kirin M5 Pro est \u00e9quip\u00e9 d&#8217;une batterie de 960 Wh qui permet une autonomie maximale de 70 km avec une charge compl\u00e8te, ce qui est plus long que la plupart des scooters tout-terrain et suffisamment long pour des excursions d&#8217;une journ\u00e9e.<\/p>\n<h3>CONFORT DE CONDUITE SUP\u00c9RIEUR<\/h3>\n<p>Le M5 Pro est \u00e9quip\u00e9 de freins \u00e0 disque \u00e0 l&#8217;avant et \u00e0 l&#8217;arri\u00e8re pour un freinage s\u00fbr. En plus, Il est dot\u00e9 d&#8217;une suspension compl\u00e8te avec quatre amortisseurs qui r\u00e9duisent efficacement l&#8217;impact, vous offrant ainsi une conduite confortable.<\/p>\n<p>Gr\u00e2ce au tableau de bord LCD intelligent, vous pouvez v\u00e9rifier de nombreuses informations, notamment la vitesse, le niveau de la batterie, la distance, le levier de vitesse, etc. Vous pouvez \u00e9galement passer facilement d&#8217;un niveau de vitesse \u00e0 l&#8217;autre.<\/p>\n<h3>KUGOO KIRIN M5 PRO &#8211; S\u00dbR ET STABLE<\/h3>\n<p>Le M5 Pro dispose de 7 feux, dont 2 feux avant, 2 feux lat\u00e9raux avant, 2 feux lat\u00e9raux arri\u00e8re et un feu stop arri\u00e8re. Le syst\u00e8me d&#8217;\u00e9clairage innovant rend votre conduite plus s\u00fbre.<\/p>\n<p>Avec des pneus de 11 pouces \u00e0 l&#8217;avant et de 10 pouces \u00e0 l&#8217;arri\u00e8re, le M5 Pro s&#8217;adapte \u00e0 diff\u00e9rents types de terrain et se conduit plus facilement. Le marchepied de 255 mm est suffisamment large pour que vous puissiez vous tenir debout en toute s\u00e9curit\u00e9 et confortablement.<\/p>\n<p>Kirin M5 Pro dispose de 3 modes de vitesse pour r\u00e9pondre \u00e0 vos diff\u00e9rents besoins. Le mode basse vitesse vous permet d&#8217;appr\u00e9cier les paysages de bord de route tout en conduisant. Le mode moyen vous permet d&#8217;appr\u00e9cier le plaisir de conduire. Passez en mode rapide et vous aurez une conduite hors route plus rapide et plus excitante.<\/p>\n<p>&nbsp;<\/p>\n<h3><strong>Sp\u00e9cifications du KuKirin M5 Pro<\/strong><\/h3>\n<p>Vitesse maximale : 25 km\/h (avec limiteur)<br \/>\nAutonomie : 60-70km<\/p>\n<p>Puissance du moteur : 1000W<br \/>\nMont\u00e9e en c\u00f4te : 15<br \/>\nSyst\u00e8me de freinage : Frein \u00e0 double disque<br \/>\nPneus : Pneus : avant 11&#8221; et arri\u00e8re 10&#8221;<br \/>\nDimensions : 1187 * 620 * 1315 mm<br \/>\nPoids : 36,2 kg<br \/>\nCharge maximale : 120 kg<br \/>\nTemps de charge : 8-10h<\/p>\n","protected":false},"excerpt":{"rendered":"<p><strong>KuKirin M5 Pro<\/strong><\/p>\n<ul>\n<li>Autonomie de conduite : 60-70km<\/li>\n<li>Batterie : 48V 20Ah<\/li>\n<li>Capacit\u00e9 de charge : 120 kg<\/li>\n<li>Temps de charge : 8-10h<\/li>\n<\/ul>\n<p><strong>\u2666 D\u00e9lai de livraison : 3-7 jours<\/strong><br \/>\n<strong>\u2666 En stock<\/strong><\/p>\n","protected":false},"featured_media":16962,"template":"","meta":[],"product_cat":[2285,2283,4828],"product_tag":[],"class_list":{"0":"post-16961","1":"product","2":"type-product","3":"status-publish","4":"has-post-thumbnail","6":"product_cat-kugoo","7":"product_cat-scooters-electriques","8":"product_cat-voimsad-toukerattad","9":"product_shipping_class-suured-pakid","11":"first","12":"onbackorder","13":"sale","14":"taxable","15":"shipping-taxable","16":"purchasable","17":"product-type-simple"},"yoast_head":"<!-- This site is optimized with the Yoast SEO plugin v23.8 - https:\/\/yoast.com\/wordpress\/plugins\/seo\/ -->\n<title>KuKirin M5 Pro - Ecocruiser<\/title>\n<meta name=\"description\" content=\"KuKirin M5 Pro - Des marques de haute qualit\u00e9, un large choix - Ecocruiser.ee - Si vous avez des questions, veuillez contacter info@projekt.vombat.ee\" \/>\n<meta name=\"robots\" content=\"noindex, follow, max-snippet:-1, max-image-preview:large, max-video-preview:-1\" \/>\n<meta property=\"og:locale\" content=\"en_GB\" \/>\n<meta property=\"og:type\" content=\"article\" \/>\n<meta property=\"og:title\" content=\"KuKirin M5 Pro - Ecocruiser\" \/>\n<meta property=\"og:description\" content=\"KuKirin M5 Pro - Des marques de haute qualit\u00e9, un large choix - Ecocruiser.ee - Si vous avez des questions, veuillez contacter info@projekt.vombat.ee\" \/>\n<meta property=\"og:url\" content=\"https:\/\/projekt.vombat.ee\/eco\/fr\/pood\/scooters-electriques\/voimsad-toukerattad\/kukirin-m5-pro\/\" \/>\n<meta property=\"og:site_name\" content=\"Ecocruiser\" \/>\n<meta property=\"article:modified_time\" content=\"2024-07-30T07:05:19+00:00\" \/>\n<meta property=\"og:image\" content=\"https:\/\/projekt.vombat.ee\/eco\/wp-content\/uploads\/2023\/03\/9c8dffb7a1a95230986c848140016261.png\" \/>\n\t<meta property=\"og:image:width\" content=\"892\" \/>\n\t<meta property=\"og:image:height\" content=\"848\" \/>\n\t<meta property=\"og:image:type\" content=\"image\/png\" \/>\n<meta name=\"twitter:card\" content=\"summary_large_image\" \/>\n<meta name=\"twitter:label1\" content=\"Estimated reading time\" \/>\n\t<meta name=\"twitter:data1\" content=\"3 minutes\" \/>\n<script type=\"application\/ld+json\" class=\"yoast-schema-graph\">{\"@context\":\"https:\/\/schema.org\",\"@graph\":[{\"@type\":\"WebPage\",\"@id\":\"https:\/\/projekt.vombat.ee\/eco\/fr\/pood\/scooters-electriques\/voimsad-toukerattad\/kukirin-m5-pro\/\",\"url\":\"https:\/\/projekt.vombat.ee\/eco\/fr\/pood\/scooters-electriques\/voimsad-toukerattad\/kukirin-m5-pro\/\",\"name\":\"KuKirin M5 Pro - Ecocruiser\",\"isPartOf\":{\"@id\":\"https:\/\/projekt.vombat.ee\/eco\/#website\"},\"primaryImageOfPage\":{\"@id\":\"https:\/\/projekt.vombat.ee\/eco\/fr\/pood\/scooters-electriques\/voimsad-toukerattad\/kukirin-m5-pro\/#primaryimage\"},\"image\":{\"@id\":\"https:\/\/projekt.vombat.ee\/eco\/fr\/pood\/scooters-electriques\/voimsad-toukerattad\/kukirin-m5-pro\/#primaryimage\"},\"thumbnailUrl\":\"https:\/\/projekt.vombat.ee\/eco\/wp-content\/uploads\/2023\/03\/9c8dffb7a1a95230986c848140016261.png\",\"datePublished\":\"2024-05-14T11:41:32+00:00\",\"dateModified\":\"2024-07-30T07:05:19+00:00\",\"description\":\"KuKirin M5 Pro - Des marques de haute qualit\u00e9, un large choix - Ecocruiser.ee - Si vous avez des questions, veuillez contacter info@projekt.vombat.ee\",\"breadcrumb\":{\"@id\":\"https:\/\/projekt.vombat.ee\/eco\/fr\/pood\/scooters-electriques\/voimsad-toukerattad\/kukirin-m5-pro\/#breadcrumb\"},\"inLanguage\":\"en-GB\",\"potentialAction\":[{\"@type\":\"ReadAction\",\"target\":[\"https:\/\/projekt.vombat.ee\/eco\/fr\/pood\/scooters-electriques\/voimsad-toukerattad\/kukirin-m5-pro\/\"]}]},{\"@type\":\"ImageObject\",\"inLanguage\":\"en-GB\",\"@id\":\"https:\/\/projekt.vombat.ee\/eco\/fr\/pood\/scooters-electriques\/voimsad-toukerattad\/kukirin-m5-pro\/#primaryimage\",\"url\":\"https:\/\/projekt.vombat.ee\/eco\/wp-content\/uploads\/2023\/03\/9c8dffb7a1a95230986c848140016261.png\",\"contentUrl\":\"https:\/\/projekt.vombat.ee\/eco\/wp-content\/uploads\/2023\/03\/9c8dffb7a1a95230986c848140016261.png\",\"width\":892,\"height\":848,\"caption\":\"KuKirin M5 Pro\"},{\"@type\":\"BreadcrumbList\",\"@id\":\"https:\/\/projekt.vombat.ee\/eco\/fr\/pood\/scooters-electriques\/voimsad-toukerattad\/kukirin-m5-pro\/#breadcrumb\",\"itemListElement\":[{\"@type\":\"ListItem\",\"position\":1,\"name\":\"Home\",\"item\":\"https:\/\/projekt.vombat.ee\/eco\/\"},{\"@type\":\"ListItem\",\"position\":2,\"name\":\"Pood\",\"item\":\"https:\/\/projekt.vombat.ee\/eco\/pood\/\"},{\"@type\":\"ListItem\",\"position\":3,\"name\":\"KuKirin M5 Pro\"}]},{\"@type\":\"WebSite\",\"@id\":\"https:\/\/projekt.vombat.ee\/eco\/#website\",\"url\":\"https:\/\/projekt.vombat.ee\/eco\/\",\"name\":\"Ecocruiser\",\"description\":\"\",\"publisher\":{\"@id\":\"https:\/\/projekt.vombat.ee\/eco\/#organization\"},\"potentialAction\":[{\"@type\":\"SearchAction\",\"target\":{\"@type\":\"EntryPoint\",\"urlTemplate\":\"https:\/\/projekt.vombat.ee\/eco\/?s={search_term_string}\"},\"query-input\":{\"@type\":\"PropertyValueSpecification\",\"valueRequired\":true,\"valueName\":\"search_term_string\"}}],\"inLanguage\":\"en-GB\"},{\"@type\":\"Organization\",\"@id\":\"https:\/\/projekt.vombat.ee\/eco\/#organization\",\"name\":\"Ecocruiser\",\"url\":\"https:\/\/projekt.vombat.ee\/eco\/\",\"logo\":{\"@type\":\"ImageObject\",\"inLanguage\":\"en-GB\",\"@id\":\"https:\/\/projekt.vombat.ee\/eco\/#\/schema\/logo\/image\/\",\"url\":\"https:\/\/projekt.vombat.ee\/eco\/wp-content\/uploads\/2023\/03\/ECOCRUISER_5.png\",\"contentUrl\":\"https:\/\/projekt.vombat.ee\/eco\/wp-content\/uploads\/2023\/03\/ECOCRUISER_5.png\",\"width\":234,\"height\":91,\"caption\":\"Ecocruiser\"},\"image\":{\"@id\":\"https:\/\/projekt.vombat.ee\/eco\/#\/schema\/logo\/image\/\"}}]}<\/script>\n<!-- \/ Yoast SEO plugin. -->","yoast_head_json":{"title":"KuKirin M5 Pro - Ecocruiser","description":"KuKirin M5 Pro - Des marques de haute qualit\u00e9, un large choix - Ecocruiser.ee - Si vous avez des questions, veuillez contacter info@projekt.vombat.ee","robots":{"index":"noindex","follow":"follow","max-snippet":"max-snippet:-1","max-image-preview":"max-image-preview:large","max-video-preview":"max-video-preview:-1"},"og_locale":"en_GB","og_type":"article","og_title":"KuKirin M5 Pro - Ecocruiser","og_description":"KuKirin M5 Pro - Des marques de haute qualit\u00e9, un large choix - Ecocruiser.ee - Si vous avez des questions, veuillez contacter info@projekt.vombat.ee","og_url":"https:\/\/projekt.vombat.ee\/eco\/fr\/pood\/scooters-electriques\/voimsad-toukerattad\/kukirin-m5-pro\/","og_site_name":"Ecocruiser","article_modified_time":"2024-07-30T07:05:19+00:00","og_image":[{"width":892,"height":848,"url":"https:\/\/projekt.vombat.ee\/eco\/wp-content\/uploads\/2023\/03\/9c8dffb7a1a95230986c848140016261.png","type":"image\/png"}],"twitter_card":"summary_large_image","twitter_misc":{"Estimated reading time":"3 minutes"},"schema":{"@context":"https:\/\/schema.org","@graph":[{"@type":"WebPage","@id":"https:\/\/projekt.vombat.ee\/eco\/fr\/pood\/scooters-electriques\/voimsad-toukerattad\/kukirin-m5-pro\/","url":"https:\/\/projekt.vombat.ee\/eco\/fr\/pood\/scooters-electriques\/voimsad-toukerattad\/kukirin-m5-pro\/","name":"KuKirin M5 Pro - Ecocruiser","isPartOf":{"@id":"https:\/\/projekt.vombat.ee\/eco\/#website"},"primaryImageOfPage":{"@id":"https:\/\/projekt.vombat.ee\/eco\/fr\/pood\/scooters-electriques\/voimsad-toukerattad\/kukirin-m5-pro\/#primaryimage"},"image":{"@id":"https:\/\/projekt.vombat.ee\/eco\/fr\/pood\/scooters-electriques\/voimsad-toukerattad\/kukirin-m5-pro\/#primaryimage"},"thumbnailUrl":"https:\/\/projekt.vombat.ee\/eco\/wp-content\/uploads\/2023\/03\/9c8dffb7a1a95230986c848140016261.png","datePublished":"2024-05-14T11:41:32+00:00","dateModified":"2024-07-30T07:05:19+00:00","description":"KuKirin M5 Pro - Des marques de haute qualit\u00e9, un large choix - Ecocruiser.ee - Si vous avez des questions, veuillez contacter info@projekt.vombat.ee","breadcrumb":{"@id":"https:\/\/projekt.vombat.ee\/eco\/fr\/pood\/scooters-electriques\/voimsad-toukerattad\/kukirin-m5-pro\/#breadcrumb"},"inLanguage":"en-GB","potentialAction":[{"@type":"ReadAction","target":["https:\/\/projekt.vombat.ee\/eco\/fr\/pood\/scooters-electriques\/voimsad-toukerattad\/kukirin-m5-pro\/"]}]},{"@type":"ImageObject","inLanguage":"en-GB","@id":"https:\/\/projekt.vombat.ee\/eco\/fr\/pood\/scooters-electriques\/voimsad-toukerattad\/kukirin-m5-pro\/#primaryimage","url":"https:\/\/projekt.vombat.ee\/eco\/wp-content\/uploads\/2023\/03\/9c8dffb7a1a95230986c848140016261.png","contentUrl":"https:\/\/projekt.vombat.ee\/eco\/wp-content\/uploads\/2023\/03\/9c8dffb7a1a95230986c848140016261.png","width":892,"height":848,"caption":"KuKirin M5 Pro"},{"@type":"BreadcrumbList","@id":"https:\/\/projekt.vombat.ee\/eco\/fr\/pood\/scooters-electriques\/voimsad-toukerattad\/kukirin-m5-pro\/#breadcrumb","itemListElement":[{"@type":"ListItem","position":1,"name":"Home","item":"https:\/\/projekt.vombat.ee\/eco\/"},{"@type":"ListItem","position":2,"name":"Pood","item":"https:\/\/projekt.vombat.ee\/eco\/pood\/"},{"@type":"ListItem","position":3,"name":"KuKirin M5 Pro"}]},{"@type":"WebSite","@id":"https:\/\/projekt.vombat.ee\/eco\/#website","url":"https:\/\/projekt.vombat.ee\/eco\/","name":"Ecocruiser","description":"","publisher":{"@id":"https:\/\/projekt.vombat.ee\/eco\/#organization"},"potentialAction":[{"@type":"SearchAction","target":{"@type":"EntryPoint","urlTemplate":"https:\/\/projekt.vombat.ee\/eco\/?s={search_term_string}"},"query-input":{"@type":"PropertyValueSpecification","valueRequired":true,"valueName":"search_term_string"}}],"inLanguage":"en-GB"},{"@type":"Organization","@id":"https:\/\/projekt.vombat.ee\/eco\/#organization","name":"Ecocruiser","url":"https:\/\/projekt.vombat.ee\/eco\/","logo":{"@type":"ImageObject","inLanguage":"en-GB","@id":"https:\/\/projekt.vombat.ee\/eco\/#\/schema\/logo\/image\/","url":"https:\/\/projekt.vombat.ee\/eco\/wp-content\/uploads\/2023\/03\/ECOCRUISER_5.png","contentUrl":"https:\/\/projekt.vombat.ee\/eco\/wp-content\/uploads\/2023\/03\/ECOCRUISER_5.png","width":234,"height":91,"caption":"Ecocruiser"},"image":{"@id":"https:\/\/projekt.vombat.ee\/eco\/#\/schema\/logo\/image\/"}}]}},"lang":"fr","translations":{"fr":16961,"ru":6270,"et":6261,"fi":7778,"lv":10882,"en":15934},"pll_sync_post":[],"_links":{"self":[{"href":"https:\/\/projekt.vombat.ee\/eco\/wp-json\/wp\/v2\/product\/16961"}],"collection":[{"href":"https:\/\/projekt.vombat.ee\/eco\/wp-json\/wp\/v2\/product"}],"about":[{"href":"https:\/\/projekt.vombat.ee\/eco\/wp-json\/wp\/v2\/types\/product"}],"version-history":[{"count":3,"href":"https:\/\/projekt.vombat.ee\/eco\/wp-json\/wp\/v2\/product\/16961\/revisions"}],"predecessor-version":[{"id":19188,"href":"https:\/\/projekt.vombat.ee\/eco\/wp-json\/wp\/v2\/product\/16961\/revisions\/19188"}],"wp:featuredmedia":[{"embeddable":true,"href":"https:\/\/projekt.vombat.ee\/eco\/wp-json\/wp\/v2\/media\/16962"}],"wp:attachment":[{"href":"https:\/\/projekt.vombat.ee\/eco\/wp-json\/wp\/v2\/media?parent=16961"}],"wp:term":[{"taxonomy":"product_cat","embeddable":true,"href":"https:\/\/projekt.vombat.ee\/eco\/wp-json\/wp\/v2\/product_cat?post=16961"},{"taxonomy":"product_tag","embeddable":true,"href":"https:\/\/projekt.vombat.ee\/eco\/wp-json\/wp\/v2\/product_tag?post=16961"}],"curies":[{"name":"wp","href":"https:\/\/api.w.org\/{rel}","templated":true}]}}