{"id":16941,"date":"2024-05-14T11:43:57","date_gmt":"2024-05-14T11:43:57","guid":{"rendered":"https:\/\/projekt.vombat.ee\/eco\/?post_type=product&#038;p=16941"},"modified":"2024-06-26T13:54:44","modified_gmt":"2024-06-26T13:54:44","slug":"kugoo-g-booster","status":"publish","type":"product","link":"https:\/\/projekt.vombat.ee\/eco\/fr\/pood\/scooters-electriques\/kugoo-g-booster\/","title":{"rendered":"KUGOO G BOOSTER"},"content":{"rendered":"<h1>KUGOO G BOOSTER<\/h1>\n<p>Scooter \u00e9lectrique tout-terrain<\/p>\n<p>Con\u00e7u pour affronter tous les terrains sans effort<\/p>\n<p><img fetchpriority=\"high\" decoding=\"async\" class=\"alignnone wp-image-16552 \" src=\"https:\/\/projekt.vombat.ee\/eco\/wp-content\/uploads\/2024\/04\/1.webp\" alt=\"\" width=\"798\" height=\"377\" srcset=\"https:\/\/projekt.vombat.ee\/eco\/wp-content\/uploads\/2024\/04\/1.webp 1980w, https:\/\/projekt.vombat.ee\/eco\/wp-content\/uploads\/2024\/04\/1-300x142.webp 300w, https:\/\/projekt.vombat.ee\/eco\/wp-content\/uploads\/2024\/04\/1-1024x484.webp 1024w, https:\/\/projekt.vombat.ee\/eco\/wp-content\/uploads\/2024\/04\/1-768x363.webp 768w, https:\/\/projekt.vombat.ee\/eco\/wp-content\/uploads\/2024\/04\/1-1536x725.webp 1536w, https:\/\/projekt.vombat.ee\/eco\/wp-content\/uploads\/2024\/04\/1-500x236.webp 500w, https:\/\/projekt.vombat.ee\/eco\/wp-content\/uploads\/2024\/04\/1-800x378.webp 800w, https:\/\/projekt.vombat.ee\/eco\/wp-content\/uploads\/2024\/04\/1-760x359.webp 760w, https:\/\/projekt.vombat.ee\/eco\/wp-content\/uploads\/2024\/04\/1-370x175.webp 370w\" sizes=\"(max-width: 798px) 100vw, 798px\" \/><\/p>\n<h2><em>Pneus antid\u00e9rapants de 10 pouces<\/em><\/h2>\n<p>Fabriqu\u00e9 \u00e0 partir de mat\u00e9riaux antid\u00e9rapants de haute qualit\u00e9, garantissant une prise en main s\u00fbre pour les conducteurs de tous niveaux.<\/p>\n<p>Kugoo G Booster est un Scooter \u00e9lectrique pliable dot\u00e9 de deux moteurs de 800 W, 3 modes de vitesse Max 25 km\/h (avec limiteur)<\/p>\n<p><img decoding=\"async\" class=\"alignnone wp-image-16553 \" src=\"https:\/\/projekt.vombat.ee\/eco\/wp-content\/uploads\/2024\/04\/2-1.webp\" alt=\"\" width=\"798\" height=\"377\" srcset=\"https:\/\/projekt.vombat.ee\/eco\/wp-content\/uploads\/2024\/04\/2-1.webp 1980w, https:\/\/projekt.vombat.ee\/eco\/wp-content\/uploads\/2024\/04\/2-1-300x142.webp 300w, https:\/\/projekt.vombat.ee\/eco\/wp-content\/uploads\/2024\/04\/2-1-1024x484.webp 1024w, https:\/\/projekt.vombat.ee\/eco\/wp-content\/uploads\/2024\/04\/2-1-768x363.webp 768w, https:\/\/projekt.vombat.ee\/eco\/wp-content\/uploads\/2024\/04\/2-1-1536x725.webp 1536w, https:\/\/projekt.vombat.ee\/eco\/wp-content\/uploads\/2024\/04\/2-1-500x236.webp 500w, https:\/\/projekt.vombat.ee\/eco\/wp-content\/uploads\/2024\/04\/2-1-800x378.webp 800w, https:\/\/projekt.vombat.ee\/eco\/wp-content\/uploads\/2024\/04\/2-1-760x359.webp 760w, https:\/\/projekt.vombat.ee\/eco\/wp-content\/uploads\/2024\/04\/2-1-370x175.webp 370w\" sizes=\"(max-width: 798px) 100vw, 798px\" \/><\/p>\n<h2><em>Moteur double de 800 W<\/em><\/h2>\n<p>Avec sa vitesse maximale de 55 km\/h et ses deux moteurs de 800 W, il est capable de rouler sur diff\u00e9rents terrains.<\/p>\n<p><img decoding=\"async\" class=\"alignnone wp-image-16554 \" src=\"https:\/\/projekt.vombat.ee\/eco\/wp-content\/uploads\/2024\/04\/3-1.webp\" alt=\"\" width=\"786\" height=\"371\" srcset=\"https:\/\/projekt.vombat.ee\/eco\/wp-content\/uploads\/2024\/04\/3-1.webp 1980w, https:\/\/projekt.vombat.ee\/eco\/wp-content\/uploads\/2024\/04\/3-1-300x142.webp 300w, https:\/\/projekt.vombat.ee\/eco\/wp-content\/uploads\/2024\/04\/3-1-1024x484.webp 1024w, https:\/\/projekt.vombat.ee\/eco\/wp-content\/uploads\/2024\/04\/3-1-768x363.webp 768w, https:\/\/projekt.vombat.ee\/eco\/wp-content\/uploads\/2024\/04\/3-1-1536x725.webp 1536w, https:\/\/projekt.vombat.ee\/eco\/wp-content\/uploads\/2024\/04\/3-1-500x236.webp 500w, https:\/\/projekt.vombat.ee\/eco\/wp-content\/uploads\/2024\/04\/3-1-800x378.webp 800w, https:\/\/projekt.vombat.ee\/eco\/wp-content\/uploads\/2024\/04\/3-1-760x359.webp 760w, https:\/\/projekt.vombat.ee\/eco\/wp-content\/uploads\/2024\/04\/3-1-370x175.webp 370w\" sizes=\"(max-width: 786px) 100vw, 786px\" \/><\/p>\n<h2>Freins \u00e0 double disque<\/h2>\n<p>Permet de s&#8217;arr\u00eater rapidement et de garder le contr\u00f4le.<\/p>\n<p><img loading=\"lazy\" decoding=\"async\" class=\"alignnone wp-image-16555 \" src=\"https:\/\/projekt.vombat.ee\/eco\/wp-content\/uploads\/2024\/04\/4.webp\" alt=\"\" width=\"780\" height=\"368\" srcset=\"https:\/\/projekt.vombat.ee\/eco\/wp-content\/uploads\/2024\/04\/4.webp 1980w, https:\/\/projekt.vombat.ee\/eco\/wp-content\/uploads\/2024\/04\/4-300x142.webp 300w, https:\/\/projekt.vombat.ee\/eco\/wp-content\/uploads\/2024\/04\/4-1024x484.webp 1024w, https:\/\/projekt.vombat.ee\/eco\/wp-content\/uploads\/2024\/04\/4-768x363.webp 768w, https:\/\/projekt.vombat.ee\/eco\/wp-content\/uploads\/2024\/04\/4-1536x725.webp 1536w, https:\/\/projekt.vombat.ee\/eco\/wp-content\/uploads\/2024\/04\/4-500x236.webp 500w, https:\/\/projekt.vombat.ee\/eco\/wp-content\/uploads\/2024\/04\/4-800x378.webp 800w, https:\/\/projekt.vombat.ee\/eco\/wp-content\/uploads\/2024\/04\/4-760x359.webp 760w, https:\/\/projekt.vombat.ee\/eco\/wp-content\/uploads\/2024\/04\/4-370x175.webp 370w\" sizes=\"(max-width: 780px) 100vw, 780px\" \/><\/p>\n<h3>Pneu de 10 pouces<\/h3>\n<p>Forte adh\u00e9rence, r\u00e9sistant \u00e0 l&#8217;usure et s\u00fbr. Il convient \u00e0 diff\u00e9rentes type de routes.<\/p>\n<h3>2 moteurs<\/h3>\n<p>Forte force motrice, 500W et 2 moteurs, 85km d&#8217;autonomie.<\/p>\n<h3>Frein \u00e0 disque<\/h3>\n<p>Les freins \u00e0 disque sont situ\u00e9s \u00e0 l&#8217;avant et \u00e0 l&#8217;arri\u00e8re, ce qui rend la conduite plus s\u00fbre.<\/p>\n<h3>3 modes de vitesse<\/h3>\n<p>Vous pouvez contr\u00f4ler la vitesse en fonction des diff\u00e9rentes conditions de la surface de la route, ce qui rend la conduite plus confortable et plus s\u00fbre.<\/p>\n<p>&nbsp;<\/p>\n<h3>SPECIFICATION<\/h3>\n<p>Puissance du moteur : 500W*2 (avec limiteur)<br \/>\nCapacit\u00e9 de la batterie : 48V\/23Ah<br \/>\nTemps de charge : 10h<br \/>\nAutonomie : 85 km<br \/>\nVitesse maximale : 25km\/h (avec limiteur)<br \/>\nPente de mont\u00e9e : 35 degr\u00e9s<br \/>\nMat\u00e9riau du cadre : Alliage d&#8217;aluminium<br \/>\nPneu : pneu \u00e0 vide de 10 pouces<br \/>\nCharge maximale : 120 kg<\/p>\n<p>Poids du produit : 30 kg<br \/>\nPoids de l&#8217;emballage : 38 kg<br \/>\nDimensions du produit (L x L x H) : 120 x 26 x 118 cm<br \/>\nDimensions du paquet (L x L x H) : 124 x 30 x 65 cm<\/p>\n","protected":false},"excerpt":{"rendered":"<p><strong>KUGOO G BOOSTER<\/strong><\/p>\n<p>&nbsp;<\/p>\n<p>Capacit\u00e9 de la batterie : 48V\/23Ah<br \/>\nTemps de charge : 10h<br \/>\nAutonomie : 85 km<br \/>\nVitesse maximale : 25km\/h (avec limiteur)<br \/>\nLe si\u00e8ge est inclus<\/p>\n","protected":false},"featured_media":16942,"template":"","meta":[],"product_cat":[2285,2283],"product_tag":[],"class_list":{"0":"post-16941","1":"product","2":"type-product","3":"status-publish","4":"has-post-thumbnail","6":"product_cat-kugoo","7":"product_cat-scooters-electriques","8":"product_shipping_class-suured-pakid","10":"first","11":"instock","12":"sale","13":"taxable","14":"shipping-taxable","15":"purchasable","16":"product-type-simple"},"yoast_head":"<!-- This site is optimized with the Yoast SEO plugin v23.8 - https:\/\/yoast.com\/wordpress\/plugins\/seo\/ -->\n<title>KUGOO G BOOSTER - Ecocruiser<\/title>\n<meta name=\"description\" content=\"KUGOO G-BOOSTER est une trottinette \u00e9lectrique pliable avec deux moteurs d&#039;une puissance de 800 W, 3 modes de vitesse maximale 55 km\/h.\" \/>\n<meta name=\"robots\" content=\"noindex, follow, max-snippet:-1, max-image-preview:large, max-video-preview:-1\" \/>\n<meta property=\"og:locale\" content=\"en_GB\" \/>\n<meta property=\"og:type\" content=\"article\" \/>\n<meta property=\"og:title\" content=\"KUGOO G BOOSTER - Ecocruiser\" \/>\n<meta property=\"og:description\" content=\"KUGOO G-BOOSTER est une trottinette \u00e9lectrique pliable avec deux moteurs d&#039;une puissance de 800 W, 3 modes de vitesse maximale 55 km\/h.\" \/>\n<meta property=\"og:url\" content=\"https:\/\/projekt.vombat.ee\/eco\/fr\/pood\/scooters-electriques\/kugoo-g-booster\/\" \/>\n<meta property=\"og:site_name\" content=\"Ecocruiser\" \/>\n<meta property=\"article:modified_time\" content=\"2024-06-26T13:54:44+00:00\" \/>\n<meta property=\"og:image\" content=\"https:\/\/projekt.vombat.ee\/eco\/wp-content\/uploads\/2023\/04\/927342_0.jpg\" \/>\n\t<meta property=\"og:image:width\" content=\"1500\" \/>\n\t<meta property=\"og:image:height\" content=\"1500\" \/>\n\t<meta property=\"og:image:type\" content=\"image\/jpeg\" \/>\n<meta name=\"twitter:card\" content=\"summary_large_image\" \/>\n<meta name=\"twitter:label1\" content=\"Estimated reading time\" \/>\n\t<meta name=\"twitter:data1\" content=\"3 minutes\" \/>\n<script type=\"application\/ld+json\" class=\"yoast-schema-graph\">{\"@context\":\"https:\/\/schema.org\",\"@graph\":[{\"@type\":\"WebPage\",\"@id\":\"https:\/\/projekt.vombat.ee\/eco\/fr\/pood\/scooters-electriques\/kugoo-g-booster\/\",\"url\":\"https:\/\/projekt.vombat.ee\/eco\/fr\/pood\/scooters-electriques\/kugoo-g-booster\/\",\"name\":\"KUGOO G BOOSTER - Ecocruiser\",\"isPartOf\":{\"@id\":\"https:\/\/projekt.vombat.ee\/eco\/#website\"},\"primaryImageOfPage\":{\"@id\":\"https:\/\/projekt.vombat.ee\/eco\/fr\/pood\/scooters-electriques\/kugoo-g-booster\/#primaryimage\"},\"image\":{\"@id\":\"https:\/\/projekt.vombat.ee\/eco\/fr\/pood\/scooters-electriques\/kugoo-g-booster\/#primaryimage\"},\"thumbnailUrl\":\"https:\/\/projekt.vombat.ee\/eco\/wp-content\/uploads\/2023\/04\/927342_0.jpg\",\"datePublished\":\"2024-05-14T11:43:57+00:00\",\"dateModified\":\"2024-06-26T13:54:44+00:00\",\"description\":\"KUGOO G-BOOSTER est une trottinette \u00e9lectrique pliable avec deux moteurs d'une puissance de 800 W, 3 modes de vitesse maximale 55 km\/h.\",\"breadcrumb\":{\"@id\":\"https:\/\/projekt.vombat.ee\/eco\/fr\/pood\/scooters-electriques\/kugoo-g-booster\/#breadcrumb\"},\"inLanguage\":\"en-GB\",\"potentialAction\":[{\"@type\":\"ReadAction\",\"target\":[\"https:\/\/projekt.vombat.ee\/eco\/fr\/pood\/scooters-electriques\/kugoo-g-booster\/\"]}]},{\"@type\":\"ImageObject\",\"inLanguage\":\"en-GB\",\"@id\":\"https:\/\/projekt.vombat.ee\/eco\/fr\/pood\/scooters-electriques\/kugoo-g-booster\/#primaryimage\",\"url\":\"https:\/\/projekt.vombat.ee\/eco\/wp-content\/uploads\/2023\/04\/927342_0.jpg\",\"contentUrl\":\"https:\/\/projekt.vombat.ee\/eco\/wp-content\/uploads\/2023\/04\/927342_0.jpg\",\"width\":1500,\"height\":1500,\"caption\":\"KUGOO G BOOSTER\"},{\"@type\":\"BreadcrumbList\",\"@id\":\"https:\/\/projekt.vombat.ee\/eco\/fr\/pood\/scooters-electriques\/kugoo-g-booster\/#breadcrumb\",\"itemListElement\":[{\"@type\":\"ListItem\",\"position\":1,\"name\":\"Home\",\"item\":\"https:\/\/projekt.vombat.ee\/eco\/\"},{\"@type\":\"ListItem\",\"position\":2,\"name\":\"Pood\",\"item\":\"https:\/\/projekt.vombat.ee\/eco\/pood\/\"},{\"@type\":\"ListItem\",\"position\":3,\"name\":\"KUGOO G BOOSTER\"}]},{\"@type\":\"WebSite\",\"@id\":\"https:\/\/projekt.vombat.ee\/eco\/#website\",\"url\":\"https:\/\/projekt.vombat.ee\/eco\/\",\"name\":\"Ecocruiser\",\"description\":\"\",\"publisher\":{\"@id\":\"https:\/\/projekt.vombat.ee\/eco\/#organization\"},\"potentialAction\":[{\"@type\":\"SearchAction\",\"target\":{\"@type\":\"EntryPoint\",\"urlTemplate\":\"https:\/\/projekt.vombat.ee\/eco\/?s={search_term_string}\"},\"query-input\":{\"@type\":\"PropertyValueSpecification\",\"valueRequired\":true,\"valueName\":\"search_term_string\"}}],\"inLanguage\":\"en-GB\"},{\"@type\":\"Organization\",\"@id\":\"https:\/\/projekt.vombat.ee\/eco\/#organization\",\"name\":\"Ecocruiser\",\"url\":\"https:\/\/projekt.vombat.ee\/eco\/\",\"logo\":{\"@type\":\"ImageObject\",\"inLanguage\":\"en-GB\",\"@id\":\"https:\/\/projekt.vombat.ee\/eco\/#\/schema\/logo\/image\/\",\"url\":\"https:\/\/projekt.vombat.ee\/eco\/wp-content\/uploads\/2023\/03\/ECOCRUISER_5.png\",\"contentUrl\":\"https:\/\/projekt.vombat.ee\/eco\/wp-content\/uploads\/2023\/03\/ECOCRUISER_5.png\",\"width\":234,\"height\":91,\"caption\":\"Ecocruiser\"},\"image\":{\"@id\":\"https:\/\/projekt.vombat.ee\/eco\/#\/schema\/logo\/image\/\"}}]}<\/script>\n<!-- \/ Yoast SEO plugin. -->","yoast_head_json":{"title":"KUGOO G BOOSTER - Ecocruiser","description":"KUGOO G-BOOSTER est une trottinette \u00e9lectrique pliable avec deux moteurs d'une puissance de 800 W, 3 modes de vitesse maximale 55 km\/h.","robots":{"index":"noindex","follow":"follow","max-snippet":"max-snippet:-1","max-image-preview":"max-image-preview:large","max-video-preview":"max-video-preview:-1"},"og_locale":"en_GB","og_type":"article","og_title":"KUGOO G BOOSTER - Ecocruiser","og_description":"KUGOO G-BOOSTER est une trottinette \u00e9lectrique pliable avec deux moteurs d'une puissance de 800 W, 3 modes de vitesse maximale 55 km\/h.","og_url":"https:\/\/projekt.vombat.ee\/eco\/fr\/pood\/scooters-electriques\/kugoo-g-booster\/","og_site_name":"Ecocruiser","article_modified_time":"2024-06-26T13:54:44+00:00","og_image":[{"width":1500,"height":1500,"url":"https:\/\/projekt.vombat.ee\/eco\/wp-content\/uploads\/2023\/04\/927342_0.jpg","type":"image\/jpeg"}],"twitter_card":"summary_large_image","twitter_misc":{"Estimated reading time":"3 minutes"},"schema":{"@context":"https:\/\/schema.org","@graph":[{"@type":"WebPage","@id":"https:\/\/projekt.vombat.ee\/eco\/fr\/pood\/scooters-electriques\/kugoo-g-booster\/","url":"https:\/\/projekt.vombat.ee\/eco\/fr\/pood\/scooters-electriques\/kugoo-g-booster\/","name":"KUGOO G BOOSTER - Ecocruiser","isPartOf":{"@id":"https:\/\/projekt.vombat.ee\/eco\/#website"},"primaryImageOfPage":{"@id":"https:\/\/projekt.vombat.ee\/eco\/fr\/pood\/scooters-electriques\/kugoo-g-booster\/#primaryimage"},"image":{"@id":"https:\/\/projekt.vombat.ee\/eco\/fr\/pood\/scooters-electriques\/kugoo-g-booster\/#primaryimage"},"thumbnailUrl":"https:\/\/projekt.vombat.ee\/eco\/wp-content\/uploads\/2023\/04\/927342_0.jpg","datePublished":"2024-05-14T11:43:57+00:00","dateModified":"2024-06-26T13:54:44+00:00","description":"KUGOO G-BOOSTER est une trottinette \u00e9lectrique pliable avec deux moteurs d'une puissance de 800 W, 3 modes de vitesse maximale 55 km\/h.","breadcrumb":{"@id":"https:\/\/projekt.vombat.ee\/eco\/fr\/pood\/scooters-electriques\/kugoo-g-booster\/#breadcrumb"},"inLanguage":"en-GB","potentialAction":[{"@type":"ReadAction","target":["https:\/\/projekt.vombat.ee\/eco\/fr\/pood\/scooters-electriques\/kugoo-g-booster\/"]}]},{"@type":"ImageObject","inLanguage":"en-GB","@id":"https:\/\/projekt.vombat.ee\/eco\/fr\/pood\/scooters-electriques\/kugoo-g-booster\/#primaryimage","url":"https:\/\/projekt.vombat.ee\/eco\/wp-content\/uploads\/2023\/04\/927342_0.jpg","contentUrl":"https:\/\/projekt.vombat.ee\/eco\/wp-content\/uploads\/2023\/04\/927342_0.jpg","width":1500,"height":1500,"caption":"KUGOO G BOOSTER"},{"@type":"BreadcrumbList","@id":"https:\/\/projekt.vombat.ee\/eco\/fr\/pood\/scooters-electriques\/kugoo-g-booster\/#breadcrumb","itemListElement":[{"@type":"ListItem","position":1,"name":"Home","item":"https:\/\/projekt.vombat.ee\/eco\/"},{"@type":"ListItem","position":2,"name":"Pood","item":"https:\/\/projekt.vombat.ee\/eco\/pood\/"},{"@type":"ListItem","position":3,"name":"KUGOO G BOOSTER"}]},{"@type":"WebSite","@id":"https:\/\/projekt.vombat.ee\/eco\/#website","url":"https:\/\/projekt.vombat.ee\/eco\/","name":"Ecocruiser","description":"","publisher":{"@id":"https:\/\/projekt.vombat.ee\/eco\/#organization"},"potentialAction":[{"@type":"SearchAction","target":{"@type":"EntryPoint","urlTemplate":"https:\/\/projekt.vombat.ee\/eco\/?s={search_term_string}"},"query-input":{"@type":"PropertyValueSpecification","valueRequired":true,"valueName":"search_term_string"}}],"inLanguage":"en-GB"},{"@type":"Organization","@id":"https:\/\/projekt.vombat.ee\/eco\/#organization","name":"Ecocruiser","url":"https:\/\/projekt.vombat.ee\/eco\/","logo":{"@type":"ImageObject","inLanguage":"en-GB","@id":"https:\/\/projekt.vombat.ee\/eco\/#\/schema\/logo\/image\/","url":"https:\/\/projekt.vombat.ee\/eco\/wp-content\/uploads\/2023\/03\/ECOCRUISER_5.png","contentUrl":"https:\/\/projekt.vombat.ee\/eco\/wp-content\/uploads\/2023\/03\/ECOCRUISER_5.png","width":234,"height":91,"caption":"Ecocruiser"},"image":{"@id":"https:\/\/projekt.vombat.ee\/eco\/#\/schema\/logo\/image\/"}}]}},"lang":"fr","translations":{"fr":16941,"fi":8572,"et":8558,"en":15959,"ru":16055},"pll_sync_post":[],"_links":{"self":[{"href":"https:\/\/projekt.vombat.ee\/eco\/wp-json\/wp\/v2\/product\/16941"}],"collection":[{"href":"https:\/\/projekt.vombat.ee\/eco\/wp-json\/wp\/v2\/product"}],"about":[{"href":"https:\/\/projekt.vombat.ee\/eco\/wp-json\/wp\/v2\/types\/product"}],"version-history":[{"count":2,"href":"https:\/\/projekt.vombat.ee\/eco\/wp-json\/wp\/v2\/product\/16941\/revisions"}],"predecessor-version":[{"id":17213,"href":"https:\/\/projekt.vombat.ee\/eco\/wp-json\/wp\/v2\/product\/16941\/revisions\/17213"}],"wp:featuredmedia":[{"embeddable":true,"href":"https:\/\/projekt.vombat.ee\/eco\/wp-json\/wp\/v2\/media\/16942"}],"wp:attachment":[{"href":"https:\/\/projekt.vombat.ee\/eco\/wp-json\/wp\/v2\/media?parent=16941"}],"wp:term":[{"taxonomy":"product_cat","embeddable":true,"href":"https:\/\/projekt.vombat.ee\/eco\/wp-json\/wp\/v2\/product_cat?post=16941"},{"taxonomy":"product_tag","embeddable":true,"href":"https:\/\/projekt.vombat.ee\/eco\/wp-json\/wp\/v2\/product_tag?post=16941"}],"curies":[{"name":"wp","href":"https:\/\/api.w.org\/{rel}","templated":true}]}}