{"id":16920,"date":"2024-05-14T11:44:14","date_gmt":"2024-05-14T11:44:14","guid":{"rendered":"https:\/\/projekt.vombat.ee\/eco\/?post_type=product&#038;p=16920"},"modified":"2024-06-30T11:55:39","modified_gmt":"2024-06-30T11:55:39","slug":"kukirin-g2-max","status":"publish","type":"product","link":"https:\/\/projekt.vombat.ee\/eco\/fr\/pood\/scooters-electriques\/kukirin-g2-max\/","title":{"rendered":"KuKirin G2 Max"},"content":{"rendered":"<h1>SCOOTER \u00c9LECTRIQUE KUGOO KIRIN G2 MAX<\/h1>\n<p><img decoding=\"async\" src=\"https:\/\/cdn.shopify.com\/s\/files\/1\/0291\/3422\/5501\/files\/KuKirin_G2_Max_Desktop_Detail_16_1920x.jpg?v=1677829610%20alt=\" \/><\/p>\n<h3>MOTEUR ET BATTERIE PUISSANTS<\/h3>\n<p>Le moteur Kugoo Kirin G2 Max \u00e0 double dissipation thermique de 1000W fournit une forte puissance et permet une vitesse maximale de 55km\/h et un angle de mont\u00e9e maximal de 30\u00b0, permettant une conduite puissante, durable et excitante. Avec une grande batterie de 20Ah, le Kirin G2 Max peut parcourir jusqu&#8217;\u00e0 80km avec une charge compl\u00e8te, ce qui est assez long pour vos trajets quotidiens et vos excursions.<\/p>\n<h3>KUGOO KIRIN G2 MAX- S\u00dbR ET STABLE<\/h3>\n<p>Le scooter G2 Max est \u00e9quip\u00e9 de deux freins \u00e0 disque qui vous permettent de freiner en toute s\u00e9curit\u00e9 et de 6 feux lumineux qui vous \u00e9clairent, vous offrant ainsi une protection totale.<\/p>\n<p>Le Kirin G2 Max est facile \u00e0 contr\u00f4ler gr\u00e2ce \u00e0 son \u00e9cran intelligent. Vous pouvez non seulement lire diff\u00e9rentes informations sur l&#8217;\u00e9cran, mais aussi activer plusieurs fonctions pour r\u00e9pondre \u00e0 davantage de demandes.<\/p>\n<p>Dot\u00e9 d&#8217;amortisseurs avant et arri\u00e8re puissants, le mod\u00e8le G2 Max offre une excellente absorption des chocs, ce qui permet une conduite souple et confortable, m\u00eame sur les terrains accident\u00e9s.<\/p>\n<p>Les pneus tout-terrain de 10 pouces sont r\u00e9sistants \u00e0 l&#8217;usure et aux chocs et s&#8217;adaptent \u00e0 diff\u00e9rents terrains, vous offrant une conduite confortable en tout-terrain.<\/p>\n<h3>SI\u00c8GE AMOVIBLE<\/h3>\n<p>Avec le si\u00e8ge amovible pratique, vous pouvez vous tenir debout ou vous asseoir sur le scooter pour une conduite plus confortable et plus agr\u00e9able.<\/p>\n<h3>KUGOO KIRIN G2 MAX SPECIFICATION<\/h3>\n<p>Charge maximale : 120 kg<br \/>\nLargeur du guidon : 25,4 mm<br \/>\nHauteur du ch\u00e2ssis : 230 mm<br \/>\nTaille des p\u00e9dales : 545*211 mm<br \/>\nVitesse : 25\/60 km\/h<br \/>\nKilom\u00e9trage : 80 km<br \/>\nPente : 30\u00b0<br \/>\nSyst\u00e8me de freinage : frein \u00e0 disque, E-brake<br \/>\nDistance de freinage : 8-12M<br \/>\nR\u00e9sistance \u00e0 l&#8217;eau : IP54<br \/>\nMat\u00e9riau du cadre : Al<br \/>\nMat\u00e9riau : PU PU<br \/>\nPuissance : 1000W<br \/>\nPuissance maximale actuelle : 1200W<br \/>\nVitesse maximale : 1250 tr\/min<br \/>\nCouple maximum : 25 N.M\/S<br \/>\nBatterie : 48V 20Ah<br \/>\nTemps de charge : 10-11h<br \/>\nLED Light Bean : 4 pi\u00e8ces<br \/>\nPuissance (W) : 8W<br \/>\nAngle du faisceau : 45\u00b0<br \/>\nPneu : 255 * 80 mm pneu sans charge<\/p>\n<p><strong>Poids et dimensions<\/strong><\/p>\n<p>Poids net : 31 kg<br \/>\nTaille d\u00e9pli\u00e9e : 1260*605*1300 MM<br \/>\nTaille pli\u00e9e : 1260*605*580 MM<\/p>\n","protected":false},"excerpt":{"rendered":"<p><strong>Kugoo Kirin G2 Max<\/strong> Scooter \u00e9lectrique<\/p>\n<ul>\n<li>Batterie : 48V 20Ah<\/li>\n<li>Kilom\u00e9trage : 80km<\/li>\n<li>Charge maximale : 120 kg<\/li>\n<\/ul>\n<p><strong>\u2666D\u00e9lai de livraison : 3-8 jours<\/strong><br \/>\n<strong>\u2666 En stock<\/strong><\/p>\n","protected":false},"featured_media":16912,"template":"","meta":[],"product_cat":[2285,2283],"product_tag":[],"class_list":{"0":"post-16920","1":"product","2":"type-product","3":"status-publish","4":"has-post-thumbnail","6":"product_cat-kugoo","7":"product_cat-scooters-electriques","8":"product_shipping_class-suured-pakid","10":"first","11":"instock","12":"sale","13":"taxable","14":"shipping-taxable","15":"purchasable","16":"product-type-simple"},"yoast_head":"<!-- This site is optimized with the Yoast SEO plugin v23.8 - https:\/\/yoast.com\/wordpress\/plugins\/seo\/ -->\n<title>KuKirin G2 Max - Ecocruiser<\/title>\n<meta name=\"description\" content=\"KuKirin G2 Max - Des marques de qualit\u00e9, un large choix - Ecocruiser.ee - Si vous avez des questions, veuillez contacter info@projekt.vombat.ee\" \/>\n<meta name=\"robots\" content=\"noindex, follow, max-snippet:-1, max-image-preview:large, max-video-preview:-1\" \/>\n<meta property=\"og:locale\" content=\"en_GB\" \/>\n<meta property=\"og:type\" content=\"article\" \/>\n<meta property=\"og:title\" content=\"KuKirin G2 Max - Ecocruiser\" \/>\n<meta property=\"og:description\" content=\"KuKirin G2 Max - Des marques de qualit\u00e9, un large choix - Ecocruiser.ee - Si vous avez des questions, veuillez contacter info@projekt.vombat.ee\" \/>\n<meta property=\"og:url\" content=\"https:\/\/projekt.vombat.ee\/eco\/fr\/pood\/scooters-electriques\/kukirin-g2-max\/\" \/>\n<meta property=\"og:site_name\" content=\"Ecocruiser\" \/>\n<meta property=\"article:modified_time\" content=\"2024-06-30T11:55:39+00:00\" \/>\n<meta property=\"og:image\" content=\"https:\/\/projekt.vombat.ee\/eco\/wp-content\/uploads\/2023\/03\/Untitled-design-2023-03-11T160502.849.png\" \/>\n\t<meta property=\"og:image:width\" content=\"1000\" \/>\n\t<meta property=\"og:image:height\" content=\"1000\" \/>\n\t<meta property=\"og:image:type\" content=\"image\/png\" \/>\n<meta name=\"twitter:card\" content=\"summary_large_image\" \/>\n<meta name=\"twitter:label1\" content=\"Estimated reading time\" \/>\n\t<meta name=\"twitter:data1\" content=\"2 minutes\" \/>\n<script type=\"application\/ld+json\" class=\"yoast-schema-graph\">{\"@context\":\"https:\/\/schema.org\",\"@graph\":[{\"@type\":\"WebPage\",\"@id\":\"https:\/\/projekt.vombat.ee\/eco\/fr\/pood\/scooters-electriques\/kukirin-g2-max\/\",\"url\":\"https:\/\/projekt.vombat.ee\/eco\/fr\/pood\/scooters-electriques\/kukirin-g2-max\/\",\"name\":\"KuKirin G2 Max - Ecocruiser\",\"isPartOf\":{\"@id\":\"https:\/\/projekt.vombat.ee\/eco\/#website\"},\"primaryImageOfPage\":{\"@id\":\"https:\/\/projekt.vombat.ee\/eco\/fr\/pood\/scooters-electriques\/kukirin-g2-max\/#primaryimage\"},\"image\":{\"@id\":\"https:\/\/projekt.vombat.ee\/eco\/fr\/pood\/scooters-electriques\/kukirin-g2-max\/#primaryimage\"},\"thumbnailUrl\":\"https:\/\/projekt.vombat.ee\/eco\/wp-content\/uploads\/2023\/03\/Untitled-design-2023-03-11T160502.849.png\",\"datePublished\":\"2024-05-14T11:44:14+00:00\",\"dateModified\":\"2024-06-30T11:55:39+00:00\",\"description\":\"KuKirin G2 Max - Des marques de qualit\u00e9, un large choix - Ecocruiser.ee - Si vous avez des questions, veuillez contacter info@projekt.vombat.ee\",\"breadcrumb\":{\"@id\":\"https:\/\/projekt.vombat.ee\/eco\/fr\/pood\/scooters-electriques\/kukirin-g2-max\/#breadcrumb\"},\"inLanguage\":\"en-GB\",\"potentialAction\":[{\"@type\":\"ReadAction\",\"target\":[\"https:\/\/projekt.vombat.ee\/eco\/fr\/pood\/scooters-electriques\/kukirin-g2-max\/\"]}]},{\"@type\":\"ImageObject\",\"inLanguage\":\"en-GB\",\"@id\":\"https:\/\/projekt.vombat.ee\/eco\/fr\/pood\/scooters-electriques\/kukirin-g2-max\/#primaryimage\",\"url\":\"https:\/\/projekt.vombat.ee\/eco\/wp-content\/uploads\/2023\/03\/Untitled-design-2023-03-11T160502.849.png\",\"contentUrl\":\"https:\/\/projekt.vombat.ee\/eco\/wp-content\/uploads\/2023\/03\/Untitled-design-2023-03-11T160502.849.png\",\"width\":1000,\"height\":1000,\"caption\":\"KuKirin G2 Max\"},{\"@type\":\"BreadcrumbList\",\"@id\":\"https:\/\/projekt.vombat.ee\/eco\/fr\/pood\/scooters-electriques\/kukirin-g2-max\/#breadcrumb\",\"itemListElement\":[{\"@type\":\"ListItem\",\"position\":1,\"name\":\"Home\",\"item\":\"https:\/\/projekt.vombat.ee\/eco\/\"},{\"@type\":\"ListItem\",\"position\":2,\"name\":\"Pood\",\"item\":\"https:\/\/projekt.vombat.ee\/eco\/pood\/\"},{\"@type\":\"ListItem\",\"position\":3,\"name\":\"KuKirin G2 Max\"}]},{\"@type\":\"WebSite\",\"@id\":\"https:\/\/projekt.vombat.ee\/eco\/#website\",\"url\":\"https:\/\/projekt.vombat.ee\/eco\/\",\"name\":\"Ecocruiser\",\"description\":\"\",\"publisher\":{\"@id\":\"https:\/\/projekt.vombat.ee\/eco\/#organization\"},\"potentialAction\":[{\"@type\":\"SearchAction\",\"target\":{\"@type\":\"EntryPoint\",\"urlTemplate\":\"https:\/\/projekt.vombat.ee\/eco\/?s={search_term_string}\"},\"query-input\":{\"@type\":\"PropertyValueSpecification\",\"valueRequired\":true,\"valueName\":\"search_term_string\"}}],\"inLanguage\":\"en-GB\"},{\"@type\":\"Organization\",\"@id\":\"https:\/\/projekt.vombat.ee\/eco\/#organization\",\"name\":\"Ecocruiser\",\"url\":\"https:\/\/projekt.vombat.ee\/eco\/\",\"logo\":{\"@type\":\"ImageObject\",\"inLanguage\":\"en-GB\",\"@id\":\"https:\/\/projekt.vombat.ee\/eco\/#\/schema\/logo\/image\/\",\"url\":\"https:\/\/projekt.vombat.ee\/eco\/wp-content\/uploads\/2023\/03\/ECOCRUISER_5.png\",\"contentUrl\":\"https:\/\/projekt.vombat.ee\/eco\/wp-content\/uploads\/2023\/03\/ECOCRUISER_5.png\",\"width\":234,\"height\":91,\"caption\":\"Ecocruiser\"},\"image\":{\"@id\":\"https:\/\/projekt.vombat.ee\/eco\/#\/schema\/logo\/image\/\"}}]}<\/script>\n<!-- \/ Yoast SEO plugin. -->","yoast_head_json":{"title":"KuKirin G2 Max - Ecocruiser","description":"KuKirin G2 Max - Des marques de qualit\u00e9, un large choix - Ecocruiser.ee - Si vous avez des questions, veuillez contacter info@projekt.vombat.ee","robots":{"index":"noindex","follow":"follow","max-snippet":"max-snippet:-1","max-image-preview":"max-image-preview:large","max-video-preview":"max-video-preview:-1"},"og_locale":"en_GB","og_type":"article","og_title":"KuKirin G2 Max - Ecocruiser","og_description":"KuKirin G2 Max - Des marques de qualit\u00e9, un large choix - Ecocruiser.ee - Si vous avez des questions, veuillez contacter info@projekt.vombat.ee","og_url":"https:\/\/projekt.vombat.ee\/eco\/fr\/pood\/scooters-electriques\/kukirin-g2-max\/","og_site_name":"Ecocruiser","article_modified_time":"2024-06-30T11:55:39+00:00","og_image":[{"width":1000,"height":1000,"url":"https:\/\/projekt.vombat.ee\/eco\/wp-content\/uploads\/2023\/03\/Untitled-design-2023-03-11T160502.849.png","type":"image\/png"}],"twitter_card":"summary_large_image","twitter_misc":{"Estimated reading time":"2 minutes"},"schema":{"@context":"https:\/\/schema.org","@graph":[{"@type":"WebPage","@id":"https:\/\/projekt.vombat.ee\/eco\/fr\/pood\/scooters-electriques\/kukirin-g2-max\/","url":"https:\/\/projekt.vombat.ee\/eco\/fr\/pood\/scooters-electriques\/kukirin-g2-max\/","name":"KuKirin G2 Max - Ecocruiser","isPartOf":{"@id":"https:\/\/projekt.vombat.ee\/eco\/#website"},"primaryImageOfPage":{"@id":"https:\/\/projekt.vombat.ee\/eco\/fr\/pood\/scooters-electriques\/kukirin-g2-max\/#primaryimage"},"image":{"@id":"https:\/\/projekt.vombat.ee\/eco\/fr\/pood\/scooters-electriques\/kukirin-g2-max\/#primaryimage"},"thumbnailUrl":"https:\/\/projekt.vombat.ee\/eco\/wp-content\/uploads\/2023\/03\/Untitled-design-2023-03-11T160502.849.png","datePublished":"2024-05-14T11:44:14+00:00","dateModified":"2024-06-30T11:55:39+00:00","description":"KuKirin G2 Max - Des marques de qualit\u00e9, un large choix - Ecocruiser.ee - Si vous avez des questions, veuillez contacter info@projekt.vombat.ee","breadcrumb":{"@id":"https:\/\/projekt.vombat.ee\/eco\/fr\/pood\/scooters-electriques\/kukirin-g2-max\/#breadcrumb"},"inLanguage":"en-GB","potentialAction":[{"@type":"ReadAction","target":["https:\/\/projekt.vombat.ee\/eco\/fr\/pood\/scooters-electriques\/kukirin-g2-max\/"]}]},{"@type":"ImageObject","inLanguage":"en-GB","@id":"https:\/\/projekt.vombat.ee\/eco\/fr\/pood\/scooters-electriques\/kukirin-g2-max\/#primaryimage","url":"https:\/\/projekt.vombat.ee\/eco\/wp-content\/uploads\/2023\/03\/Untitled-design-2023-03-11T160502.849.png","contentUrl":"https:\/\/projekt.vombat.ee\/eco\/wp-content\/uploads\/2023\/03\/Untitled-design-2023-03-11T160502.849.png","width":1000,"height":1000,"caption":"KuKirin G2 Max"},{"@type":"BreadcrumbList","@id":"https:\/\/projekt.vombat.ee\/eco\/fr\/pood\/scooters-electriques\/kukirin-g2-max\/#breadcrumb","itemListElement":[{"@type":"ListItem","position":1,"name":"Home","item":"https:\/\/projekt.vombat.ee\/eco\/"},{"@type":"ListItem","position":2,"name":"Pood","item":"https:\/\/projekt.vombat.ee\/eco\/pood\/"},{"@type":"ListItem","position":3,"name":"KuKirin G2 Max"}]},{"@type":"WebSite","@id":"https:\/\/projekt.vombat.ee\/eco\/#website","url":"https:\/\/projekt.vombat.ee\/eco\/","name":"Ecocruiser","description":"","publisher":{"@id":"https:\/\/projekt.vombat.ee\/eco\/#organization"},"potentialAction":[{"@type":"SearchAction","target":{"@type":"EntryPoint","urlTemplate":"https:\/\/projekt.vombat.ee\/eco\/?s={search_term_string}"},"query-input":{"@type":"PropertyValueSpecification","valueRequired":true,"valueName":"search_term_string"}}],"inLanguage":"en-GB"},{"@type":"Organization","@id":"https:\/\/projekt.vombat.ee\/eco\/#organization","name":"Ecocruiser","url":"https:\/\/projekt.vombat.ee\/eco\/","logo":{"@type":"ImageObject","inLanguage":"en-GB","@id":"https:\/\/projekt.vombat.ee\/eco\/#\/schema\/logo\/image\/","url":"https:\/\/projekt.vombat.ee\/eco\/wp-content\/uploads\/2023\/03\/ECOCRUISER_5.png","contentUrl":"https:\/\/projekt.vombat.ee\/eco\/wp-content\/uploads\/2023\/03\/ECOCRUISER_5.png","width":234,"height":91,"caption":"Ecocruiser"},"image":{"@id":"https:\/\/projekt.vombat.ee\/eco\/#\/schema\/logo\/image\/"}}]}},"lang":"fr","translations":{"fr":16920,"ru":16053,"en":15986},"pll_sync_post":[],"_links":{"self":[{"href":"https:\/\/projekt.vombat.ee\/eco\/wp-json\/wp\/v2\/product\/16920"}],"collection":[{"href":"https:\/\/projekt.vombat.ee\/eco\/wp-json\/wp\/v2\/product"}],"about":[{"href":"https:\/\/projekt.vombat.ee\/eco\/wp-json\/wp\/v2\/types\/product"}],"version-history":[{"count":4,"href":"https:\/\/projekt.vombat.ee\/eco\/wp-json\/wp\/v2\/product\/16920\/revisions"}],"predecessor-version":[{"id":19215,"href":"https:\/\/projekt.vombat.ee\/eco\/wp-json\/wp\/v2\/product\/16920\/revisions\/19215"}],"wp:featuredmedia":[{"embeddable":true,"href":"https:\/\/projekt.vombat.ee\/eco\/wp-json\/wp\/v2\/media\/16912"}],"wp:attachment":[{"href":"https:\/\/projekt.vombat.ee\/eco\/wp-json\/wp\/v2\/media?parent=16920"}],"wp:term":[{"taxonomy":"product_cat","embeddable":true,"href":"https:\/\/projekt.vombat.ee\/eco\/wp-json\/wp\/v2\/product_cat?post=16920"},{"taxonomy":"product_tag","embeddable":true,"href":"https:\/\/projekt.vombat.ee\/eco\/wp-json\/wp\/v2\/product_tag?post=16920"}],"curies":[{"name":"wp","href":"https:\/\/api.w.org\/{rel}","templated":true}]}}