{"id":16891,"date":"2024-05-14T11:44:45","date_gmt":"2024-05-14T11:44:45","guid":{"rendered":"https:\/\/projekt.vombat.ee\/eco\/?post_type=product&#038;p=16891"},"modified":"2024-06-28T10:07:58","modified_gmt":"2024-06-28T10:07:58","slug":"scooter-electrique-kukirin-g3","status":"publish","type":"product","link":"https:\/\/projekt.vombat.ee\/eco\/fr\/pood\/scooters-electriques\/scooter-electrique-kukirin-g3\/","title":{"rendered":"KuKirin G3 Scooter \u00e9lectrique"},"content":{"rendered":"<h1><b>KuKirin G3<\/b><\/h1>\n<p><img fetchpriority=\"high\" decoding=\"async\" class=\"alignnone wp-image-19044 \" src=\"https:\/\/projekt.vombat.ee\/eco\/wp-content\/uploads\/2024\/05\/90b3a1ae18210c753c09799279f8272a-370x4777.jpg\" alt=\"\" width=\"328\" height=\"4235\" srcset=\"https:\/\/projekt.vombat.ee\/eco\/wp-content\/uploads\/2024\/05\/90b3a1ae18210c753c09799279f8272a-370x4777.jpg 370w, https:\/\/projekt.vombat.ee\/eco\/wp-content\/uploads\/2024\/05\/90b3a1ae18210c753c09799279f8272a-768x9915.jpg 768w, https:\/\/projekt.vombat.ee\/eco\/wp-content\/uploads\/2024\/05\/90b3a1ae18210c753c09799279f8272a-119x1536.jpg 119w, https:\/\/projekt.vombat.ee\/eco\/wp-content\/uploads\/2024\/05\/90b3a1ae18210c753c09799279f8272a-500x6455.jpg 500w, https:\/\/projekt.vombat.ee\/eco\/wp-content\/uploads\/2024\/05\/90b3a1ae18210c753c09799279f8272a-800x10328.jpg 800w, https:\/\/projekt.vombat.ee\/eco\/wp-content\/uploads\/2024\/05\/90b3a1ae18210c753c09799279f8272a-760x9812.jpg 760w\" sizes=\"(max-width: 767px) 100vw, 328px\" \/><\/p>\n<h3><b>MOTEUR ET BATTERIE PUISSANTS<\/b><\/h3>\n<p><span style=\"font-weight: 400;\">Le puissant moteur de 1200W avec double dissipation thermique assure une puissance constante et forte, permettant \u00e0 l&#8217;e-scooter d&#8217;acc\u00e9l\u00e9rer jusqu&#8217;\u00e0 50 km\/h. La puissance et la durabilit\u00e9 sont garanties lors de la conduite du Kugoo Kirin G3.<\/span><\/p>\n<p><span style=\"font-weight: 400;\">Le cadre est en alliage d&#8217;aluminium haute r\u00e9sistance et est con\u00e7u en une seule pi\u00e8ce sans soudure, ce qui est solide et esth\u00e9tique.<\/span><\/p>\n<p><span style=\"font-weight: 400;\">Gr\u00e2ce \u00e0 sa conception tout-en-un, le KugooKirin G3 est plus r\u00e9sistant et plus durable, parfait pour vos d\u00e9placements ! Equip\u00e9 d&#8217;une grande batterie lithium-ion de 18Ah, le KugooKirin G3 peut parcourir jusqu&#8217;\u00e0 70km avec une charge compl\u00e8te, ce qui en fait un partenaire id\u00e9al pour les longs trajets !<\/span><\/p>\n<p><span style=\"font-weight: 400;\">Gr\u00e2ce \u00e0 son alimentation puissante, le KugooKirin G3 peut s&#8217;adapter \u00e0 diff\u00e9rents terrains et monter des c\u00f4tes de 30\u00b0. Votre aventure tout-terrain sera encore plus amusante et excitante.<\/span><\/p>\n<h3><b>KUGOO KIRIN G3 &#8211; S\u00dbR ET STABLE<\/b><\/h3>\n<p><span style=\"font-weight: 400;\">L&#8217;\u00e9cran tactile LED avanc\u00e9 est con\u00e7u pour afficher diverses donn\u00e9es en temps r\u00e9el, telles que la vitesse et la puissance de la batterie, ainsi que des commandes multifonctionnelles, ce qui rend votre conduite plus intelligente, plus facile et plus int\u00e9ressante.<\/span><\/p>\n<p><span style=\"font-weight: 400;\">Gr\u00e2ce \u00e0 ses pneus tout-terrain de 10,5 pouces, le G3 s&#8217;adapte \u00e0 diff\u00e9rents types de terrain et se conduit plus facilement.<\/span><\/p>\n<h3><b>SP\u00c9CIFICATIONS DU KUGOO KIRIN G3<\/b><\/h3>\n<p><span style=\"font-weight: 400;\">Couleur : Noir<\/span><\/p>\n<p><span style=\"font-weight: 400;\">Fabricant : Kugoo<\/span><\/p>\n<p><span style=\"font-weight: 400;\">Vitesse maximale : 25\/50 km\/h<\/span><\/p>\n<p><span style=\"font-weight: 400;\">Autonomie de conduite : 70 km<\/span><\/p>\n<p><span style=\"font-weight: 400;\">Angle d&#8217;\u00e9l\u00e9vation maximal : 25<\/span><\/p>\n<p><span style=\"font-weight: 400;\">Pneus : 10,5&#8243;, Pneumatiques<\/span><\/p>\n<p><span style=\"font-weight: 400;\">Freins : Freins \u00e0 disque<\/span><\/p>\n<p><span style=\"font-weight: 400;\">Suspension : Suspension avant et arri\u00e8re<\/span><\/p>\n<p><span style=\"font-weight: 400;\">Dimensions (en position de conduite) : 1200*1290*660 mm<\/span><\/p>\n<p><span style=\"font-weight: 400;\">Dimensions (pli\u00e9) : 1200*550*660 mm<\/span><\/p>\n<p><span style=\"font-weight: 400;\">R\u00e9gulateur de vitesse : Oui<\/span><\/p>\n<p><span style=\"font-weight: 400;\">Engrenages : 3<\/span><\/p>\n<p><span style=\"font-weight: 400;\">Capacit\u00e9 de charge : 100 kg<\/span><\/p>\n<p><span style=\"font-weight: 400;\">Signal : Oui<\/span><\/p>\n<p><span style=\"font-weight: 400;\">\u00c9clairage : LED (feux avant et arri\u00e8re)<\/span><\/p>\n<p><span style=\"font-weight: 400;\">App : Oui<\/span><\/p>\n<p><span style=\"font-weight: 400;\">Poids : 25 kg<\/span><\/p>\n<p><span style=\"font-weight: 400;\">USB : Non<\/span><\/p>\n<p><span style=\"font-weight: 400;\">Type de moteur : Moteur sans balais<\/span><\/p>\n<p><span style=\"font-weight: 400;\">Puissance du moteur (W) : 1200 W<\/span><\/p>\n<p><span style=\"font-weight: 400;\">Batterie : 18 Ah, 52 V<\/span><\/p>\n<p><span style=\"font-weight: 400;\">Temps de charge : 8-10 heures<\/span><\/p>\n<p><span style=\"font-weight: 400;\">Chargeur : 2 A, 58,8 V<\/span><\/p>\n","protected":false},"excerpt":{"rendered":"<p><strong>Kugoo Kirin G3<\/strong><\/p>\n<p>Distance de conduite : 70 km<br \/>\nBatterie : 18 Ah, 52 V<br \/>\nPuissance du moteur (W) : 1200 W<br \/>\nCapacit\u00e9 de charge : 100 kg<\/p>\n<p>&nbsp;<\/p>\n<p><strong>\u2666 D\u00e9lai de livraison : 2-6 jours<br \/>\n\u2666 En stock<br \/>\n<img decoding=\"async\" class=\"\" src=\"https:\/\/cdn.shopify.com\/s\/files\/1\/0644\/6936\/9018\/files\/delivery_kopstorm.svg?v=1705852024\" alt=\"\" width=\"18\" height=\"18\" \/>\u00a0 Livraison gratuite<\/strong><\/p>\n","protected":false},"featured_media":16878,"template":"","meta":[],"product_cat":[2285,2283],"product_tag":[],"class_list":{"0":"post-16891","1":"product","2":"type-product","3":"status-publish","4":"has-post-thumbnail","6":"product_cat-kugoo","7":"product_cat-scooters-electriques","8":"product_shipping_class-suured-pakid","10":"first","11":"instock","12":"sale","13":"taxable","14":"shipping-taxable","15":"purchasable","16":"product-type-simple"},"yoast_head":"<!-- This site is optimized with the Yoast SEO plugin v23.8 - https:\/\/yoast.com\/wordpress\/plugins\/seo\/ -->\n<title>KuKirin G3 Scooter \u00e9lectrique - Ecocruiser<\/title>\n<meta name=\"description\" content=\"KuKirin G3 Scooter \u00e9lectrique - Marques de haute qualit\u00e9, large choix - Ecocruiser.ee - Si vous avez des questions, veuillez contacter info@projekt.vombat.ee\" \/>\n<meta name=\"robots\" content=\"noindex, follow, max-snippet:-1, max-image-preview:large, max-video-preview:-1\" \/>\n<meta property=\"og:locale\" content=\"en_GB\" \/>\n<meta property=\"og:type\" content=\"article\" \/>\n<meta property=\"og:title\" content=\"KuKirin G3 Scooter \u00e9lectrique - Ecocruiser\" \/>\n<meta property=\"og:description\" content=\"KuKirin G3 Scooter \u00e9lectrique - Marques de haute qualit\u00e9, large choix - Ecocruiser.ee - Si vous avez des questions, veuillez contacter info@projekt.vombat.ee\" \/>\n<meta property=\"og:url\" content=\"https:\/\/projekt.vombat.ee\/eco\/fr\/pood\/scooters-electriques\/scooter-electrique-kukirin-g3\/\" \/>\n<meta property=\"og:site_name\" content=\"Ecocruiser\" \/>\n<meta property=\"article:modified_time\" content=\"2024-06-28T10:07:58+00:00\" \/>\n<meta property=\"og:image\" content=\"https:\/\/projekt.vombat.ee\/eco\/wp-content\/uploads\/2023\/03\/ec4ee9ee91fea7237f5406c050dd4cc5.png\" \/>\n\t<meta property=\"og:image:width\" content=\"900\" \/>\n\t<meta property=\"og:image:height\" content=\"904\" \/>\n\t<meta property=\"og:image:type\" content=\"image\/png\" \/>\n<meta name=\"twitter:card\" content=\"summary_large_image\" \/>\n<meta name=\"twitter:label1\" content=\"Estimated reading time\" \/>\n\t<meta name=\"twitter:data1\" content=\"2 minutes\" \/>\n<script type=\"application\/ld+json\" class=\"yoast-schema-graph\">{\"@context\":\"https:\/\/schema.org\",\"@graph\":[{\"@type\":\"WebPage\",\"@id\":\"https:\/\/projekt.vombat.ee\/eco\/fr\/pood\/scooters-electriques\/scooter-electrique-kukirin-g3\/\",\"url\":\"https:\/\/projekt.vombat.ee\/eco\/fr\/pood\/scooters-electriques\/scooter-electrique-kukirin-g3\/\",\"name\":\"KuKirin G3 Scooter \u00e9lectrique - Ecocruiser\",\"isPartOf\":{\"@id\":\"https:\/\/projekt.vombat.ee\/eco\/#website\"},\"primaryImageOfPage\":{\"@id\":\"https:\/\/projekt.vombat.ee\/eco\/fr\/pood\/scooters-electriques\/scooter-electrique-kukirin-g3\/#primaryimage\"},\"image\":{\"@id\":\"https:\/\/projekt.vombat.ee\/eco\/fr\/pood\/scooters-electriques\/scooter-electrique-kukirin-g3\/#primaryimage\"},\"thumbnailUrl\":\"https:\/\/projekt.vombat.ee\/eco\/wp-content\/uploads\/2023\/03\/ec4ee9ee91fea7237f5406c050dd4cc5.png\",\"datePublished\":\"2024-05-14T11:44:45+00:00\",\"dateModified\":\"2024-06-28T10:07:58+00:00\",\"description\":\"KuKirin G3 Scooter \u00e9lectrique - Marques de haute qualit\u00e9, large choix - Ecocruiser.ee - Si vous avez des questions, veuillez contacter info@projekt.vombat.ee\",\"breadcrumb\":{\"@id\":\"https:\/\/projekt.vombat.ee\/eco\/fr\/pood\/scooters-electriques\/scooter-electrique-kukirin-g3\/#breadcrumb\"},\"inLanguage\":\"en-GB\",\"potentialAction\":[{\"@type\":\"ReadAction\",\"target\":[\"https:\/\/projekt.vombat.ee\/eco\/fr\/pood\/scooters-electriques\/scooter-electrique-kukirin-g3\/\"]}]},{\"@type\":\"ImageObject\",\"inLanguage\":\"en-GB\",\"@id\":\"https:\/\/projekt.vombat.ee\/eco\/fr\/pood\/scooters-electriques\/scooter-electrique-kukirin-g3\/#primaryimage\",\"url\":\"https:\/\/projekt.vombat.ee\/eco\/wp-content\/uploads\/2023\/03\/ec4ee9ee91fea7237f5406c050dd4cc5.png\",\"contentUrl\":\"https:\/\/projekt.vombat.ee\/eco\/wp-content\/uploads\/2023\/03\/ec4ee9ee91fea7237f5406c050dd4cc5.png\",\"width\":900,\"height\":904,\"caption\":\"KuKirin G3\"},{\"@type\":\"BreadcrumbList\",\"@id\":\"https:\/\/projekt.vombat.ee\/eco\/fr\/pood\/scooters-electriques\/scooter-electrique-kukirin-g3\/#breadcrumb\",\"itemListElement\":[{\"@type\":\"ListItem\",\"position\":1,\"name\":\"Home\",\"item\":\"https:\/\/projekt.vombat.ee\/eco\/\"},{\"@type\":\"ListItem\",\"position\":2,\"name\":\"Pood\",\"item\":\"https:\/\/projekt.vombat.ee\/eco\/pood\/\"},{\"@type\":\"ListItem\",\"position\":3,\"name\":\"KuKirin G3 Scooter \u00e9lectrique\"}]},{\"@type\":\"WebSite\",\"@id\":\"https:\/\/projekt.vombat.ee\/eco\/#website\",\"url\":\"https:\/\/projekt.vombat.ee\/eco\/\",\"name\":\"Ecocruiser\",\"description\":\"\",\"publisher\":{\"@id\":\"https:\/\/projekt.vombat.ee\/eco\/#organization\"},\"potentialAction\":[{\"@type\":\"SearchAction\",\"target\":{\"@type\":\"EntryPoint\",\"urlTemplate\":\"https:\/\/projekt.vombat.ee\/eco\/?s={search_term_string}\"},\"query-input\":{\"@type\":\"PropertyValueSpecification\",\"valueRequired\":true,\"valueName\":\"search_term_string\"}}],\"inLanguage\":\"en-GB\"},{\"@type\":\"Organization\",\"@id\":\"https:\/\/projekt.vombat.ee\/eco\/#organization\",\"name\":\"Ecocruiser\",\"url\":\"https:\/\/projekt.vombat.ee\/eco\/\",\"logo\":{\"@type\":\"ImageObject\",\"inLanguage\":\"en-GB\",\"@id\":\"https:\/\/projekt.vombat.ee\/eco\/#\/schema\/logo\/image\/\",\"url\":\"https:\/\/projekt.vombat.ee\/eco\/wp-content\/uploads\/2023\/03\/ECOCRUISER_5.png\",\"contentUrl\":\"https:\/\/projekt.vombat.ee\/eco\/wp-content\/uploads\/2023\/03\/ECOCRUISER_5.png\",\"width\":234,\"height\":91,\"caption\":\"Ecocruiser\"},\"image\":{\"@id\":\"https:\/\/projekt.vombat.ee\/eco\/#\/schema\/logo\/image\/\"}}]}<\/script>\n<!-- \/ Yoast SEO plugin. -->","yoast_head_json":{"title":"KuKirin G3 Scooter \u00e9lectrique - Ecocruiser","description":"KuKirin G3 Scooter \u00e9lectrique - Marques de haute qualit\u00e9, large choix - Ecocruiser.ee - Si vous avez des questions, veuillez contacter info@projekt.vombat.ee","robots":{"index":"noindex","follow":"follow","max-snippet":"max-snippet:-1","max-image-preview":"max-image-preview:large","max-video-preview":"max-video-preview:-1"},"og_locale":"en_GB","og_type":"article","og_title":"KuKirin G3 Scooter \u00e9lectrique - Ecocruiser","og_description":"KuKirin G3 Scooter \u00e9lectrique - Marques de haute qualit\u00e9, large choix - Ecocruiser.ee - Si vous avez des questions, veuillez contacter info@projekt.vombat.ee","og_url":"https:\/\/projekt.vombat.ee\/eco\/fr\/pood\/scooters-electriques\/scooter-electrique-kukirin-g3\/","og_site_name":"Ecocruiser","article_modified_time":"2024-06-28T10:07:58+00:00","og_image":[{"width":900,"height":904,"url":"https:\/\/projekt.vombat.ee\/eco\/wp-content\/uploads\/2023\/03\/ec4ee9ee91fea7237f5406c050dd4cc5.png","type":"image\/png"}],"twitter_card":"summary_large_image","twitter_misc":{"Estimated reading time":"2 minutes"},"schema":{"@context":"https:\/\/schema.org","@graph":[{"@type":"WebPage","@id":"https:\/\/projekt.vombat.ee\/eco\/fr\/pood\/scooters-electriques\/scooter-electrique-kukirin-g3\/","url":"https:\/\/projekt.vombat.ee\/eco\/fr\/pood\/scooters-electriques\/scooter-electrique-kukirin-g3\/","name":"KuKirin G3 Scooter \u00e9lectrique - Ecocruiser","isPartOf":{"@id":"https:\/\/projekt.vombat.ee\/eco\/#website"},"primaryImageOfPage":{"@id":"https:\/\/projekt.vombat.ee\/eco\/fr\/pood\/scooters-electriques\/scooter-electrique-kukirin-g3\/#primaryimage"},"image":{"@id":"https:\/\/projekt.vombat.ee\/eco\/fr\/pood\/scooters-electriques\/scooter-electrique-kukirin-g3\/#primaryimage"},"thumbnailUrl":"https:\/\/projekt.vombat.ee\/eco\/wp-content\/uploads\/2023\/03\/ec4ee9ee91fea7237f5406c050dd4cc5.png","datePublished":"2024-05-14T11:44:45+00:00","dateModified":"2024-06-28T10:07:58+00:00","description":"KuKirin G3 Scooter \u00e9lectrique - Marques de haute qualit\u00e9, large choix - Ecocruiser.ee - Si vous avez des questions, veuillez contacter info@projekt.vombat.ee","breadcrumb":{"@id":"https:\/\/projekt.vombat.ee\/eco\/fr\/pood\/scooters-electriques\/scooter-electrique-kukirin-g3\/#breadcrumb"},"inLanguage":"en-GB","potentialAction":[{"@type":"ReadAction","target":["https:\/\/projekt.vombat.ee\/eco\/fr\/pood\/scooters-electriques\/scooter-electrique-kukirin-g3\/"]}]},{"@type":"ImageObject","inLanguage":"en-GB","@id":"https:\/\/projekt.vombat.ee\/eco\/fr\/pood\/scooters-electriques\/scooter-electrique-kukirin-g3\/#primaryimage","url":"https:\/\/projekt.vombat.ee\/eco\/wp-content\/uploads\/2023\/03\/ec4ee9ee91fea7237f5406c050dd4cc5.png","contentUrl":"https:\/\/projekt.vombat.ee\/eco\/wp-content\/uploads\/2023\/03\/ec4ee9ee91fea7237f5406c050dd4cc5.png","width":900,"height":904,"caption":"KuKirin G3"},{"@type":"BreadcrumbList","@id":"https:\/\/projekt.vombat.ee\/eco\/fr\/pood\/scooters-electriques\/scooter-electrique-kukirin-g3\/#breadcrumb","itemListElement":[{"@type":"ListItem","position":1,"name":"Home","item":"https:\/\/projekt.vombat.ee\/eco\/"},{"@type":"ListItem","position":2,"name":"Pood","item":"https:\/\/projekt.vombat.ee\/eco\/pood\/"},{"@type":"ListItem","position":3,"name":"KuKirin G3 Scooter \u00e9lectrique"}]},{"@type":"WebSite","@id":"https:\/\/projekt.vombat.ee\/eco\/#website","url":"https:\/\/projekt.vombat.ee\/eco\/","name":"Ecocruiser","description":"","publisher":{"@id":"https:\/\/projekt.vombat.ee\/eco\/#organization"},"potentialAction":[{"@type":"SearchAction","target":{"@type":"EntryPoint","urlTemplate":"https:\/\/projekt.vombat.ee\/eco\/?s={search_term_string}"},"query-input":{"@type":"PropertyValueSpecification","valueRequired":true,"valueName":"search_term_string"}}],"inLanguage":"en-GB"},{"@type":"Organization","@id":"https:\/\/projekt.vombat.ee\/eco\/#organization","name":"Ecocruiser","url":"https:\/\/projekt.vombat.ee\/eco\/","logo":{"@type":"ImageObject","inLanguage":"en-GB","@id":"https:\/\/projekt.vombat.ee\/eco\/#\/schema\/logo\/image\/","url":"https:\/\/projekt.vombat.ee\/eco\/wp-content\/uploads\/2023\/03\/ECOCRUISER_5.png","contentUrl":"https:\/\/projekt.vombat.ee\/eco\/wp-content\/uploads\/2023\/03\/ECOCRUISER_5.png","width":234,"height":91,"caption":"Ecocruiser"},"image":{"@id":"https:\/\/projekt.vombat.ee\/eco\/#\/schema\/logo\/image\/"}}]}},"lang":"fr","translations":{"fr":16891},"pll_sync_post":[],"_links":{"self":[{"href":"https:\/\/projekt.vombat.ee\/eco\/wp-json\/wp\/v2\/product\/16891"}],"collection":[{"href":"https:\/\/projekt.vombat.ee\/eco\/wp-json\/wp\/v2\/product"}],"about":[{"href":"https:\/\/projekt.vombat.ee\/eco\/wp-json\/wp\/v2\/types\/product"}],"version-history":[{"count":7,"href":"https:\/\/projekt.vombat.ee\/eco\/wp-json\/wp\/v2\/product\/16891\/revisions"}],"predecessor-version":[{"id":19052,"href":"https:\/\/projekt.vombat.ee\/eco\/wp-json\/wp\/v2\/product\/16891\/revisions\/19052"}],"wp:featuredmedia":[{"embeddable":true,"href":"https:\/\/projekt.vombat.ee\/eco\/wp-json\/wp\/v2\/media\/16878"}],"wp:attachment":[{"href":"https:\/\/projekt.vombat.ee\/eco\/wp-json\/wp\/v2\/media?parent=16891"}],"wp:term":[{"taxonomy":"product_cat","embeddable":true,"href":"https:\/\/projekt.vombat.ee\/eco\/wp-json\/wp\/v2\/product_cat?post=16891"},{"taxonomy":"product_tag","embeddable":true,"href":"https:\/\/projekt.vombat.ee\/eco\/wp-json\/wp\/v2\/product_tag?post=16891"}],"curies":[{"name":"wp","href":"https:\/\/api.w.org\/{rel}","templated":true}]}}