{"id":16754,"date":"2024-05-02T08:50:19","date_gmt":"2024-05-02T08:50:19","guid":{"rendered":"https:\/\/projekt.vombat.ee\/eco\/?post_type=product&#038;p=16754"},"modified":"2024-05-02T08:50:19","modified_gmt":"2024-05-02T08:50:19","slug":"jobobike-eddy-x","status":"publish","type":"product","link":"https:\/\/projekt.vombat.ee\/eco\/fi\/myym%C3%A4l%C3%A4\/sahkopyorat\/sahkokaupunkipyorat\/jobobike-eddy-x\/","title":{"rendered":"JOBOBIKE Eddy X"},"content":{"rendered":"<h1>JOBOBIKE Eddy X<\/h1>\n<p>JOBOBIKE Eddy X on kevyempi kuin Eddy. Se on my\u00f6s s\u00e4hk\u00f6py\u00f6r\u00e4, jossa on paksut renkaat ja etujousitus, joka toimii erinomaisesti ep\u00e4tasaisilla pinnoilla, kuten hiekalla, mudalla tai lumella, mik\u00e4 tekee ajajasta pehme\u00e4mm\u00e4n ja mukavamman. Se on loistava vaihtoehto ratsastajille, jotka haluavat l\u00e4hte\u00e4 vuorille, tutkia maastopolkuja, matkustaa t\u00f6ihin tai vain nauttia mukavasta ja tehokkaasta kyydist\u00e4.<\/p>\n<p><img decoding=\"async\" src=\"https:\/\/www.jobobike.eu\/uploads\/image\/20230504\/16\/eddyx-1.jpg\" \/><\/p>\n<h3>TAITTOTTU DESIGN<\/h3>\n<p>Laadukkaat taitettavat osat \u2013 taittorunko, polkimet ja ohjaustanko, tekev\u00e4t sen helposti ja nopeasti kokoon taitettavan ja k\u00e4tev\u00e4sti tavaratilassasi, joten se on erinomainen valinta ajajille, jotka haluavat kuljettaa ja s\u00e4ilytt\u00e4\u00e4 s\u00e4hk\u00f6py\u00f6r\u00e4\u00e4ns\u00e4 turvallisesti ja turvallisesti. k\u00e4tev\u00e4sti.<\/p>\n<p><img decoding=\"async\" src=\"https:\/\/www.jobobike.eu\/uploads\/image\/20230504\/16\/eddyx-folding.jpg\" \/><\/p>\n<h3>RASVAT RENKAAT<\/h3>\n<p>JOBOBIKE Eddy X on varustettu Kenda-rasvarenkailla 20&#8243;x 4&#8243;, joissa on puhkaisua est\u00e4v\u00e4 kerros ja heijastavat raidat, jotka on suunniteltu maastopy\u00f6rille antamaan nopeutta ja pitoa maastossa, mik\u00e4 tekee ajamisesta hyvin ep\u00e4tasaisissa maastoissa, kuten hiekalla, lumella ja karu maasto.<\/p>\n<p><img decoding=\"async\" src=\"https:\/\/www.jobobike.eu\/uploads\/image\/20230504\/16\/eddyx-fat-tire.jpg\" alt=\"FAT TIRES\" \/><\/p>\n<h3>SIS\u00c4LLINEN AKKU<\/h3>\n<p>48V 14Ah LG lithium, large capacity allows you to ride farther, and the battery is built into the frame, making the frame cleaner and more beautiful, but also safer and can better protect the battery.<\/p>\n<p><img decoding=\"async\" src=\"https:\/\/www.jobobike.eu\/uploads\/image\/20230504\/16\/eddyx-battery.jpg\" alt=\"BUILT-IN BATTERY\" \/><\/p>\n<h3>Bafang moottori<\/h3>\n<p>Bafang 48V 250W Harjaton vaihdenapamoottori ja 80 Nm v\u00e4\u00e4nt\u00f6 auttavat sinua hallitsemaan kaikkia maastoa erinomaisesti.<\/p>\n<p><img decoding=\"async\" src=\"https:\/\/www.jobobike.eu\/uploads\/image\/20240302\/15\/jobobike-fat-ebike-motor.png\" alt=\"Bafang Motor\" \/><\/p>\n<h3>TEKNISET TIEDOT<\/h3>\n<p>Akku 48V 14Ah(672Wh) LG litiumakku<br \/>\nRunko 6061 alumiinia<br \/>\nMoottori 250W Bafang tehokas moottori, max 80N.m<br \/>\nOhjaustanko ZOOM Alumiiniseos 680mm<br \/>\nV\u00e4rillinen LCD-n\u00e4ytt\u00f6 USB-portilla<br \/>\nSatula SR nahkainen mukava satula<br \/>\nLaturi AC110-240V DC48V2.0<br \/>\nJalusta Yksijalkainen alumiiniseos<br \/>\nEtuvalo Kirkas LED-valo heijastimella<br \/>\nPolkimet Wellgo alumiinia, taitettavat<br \/>\nTakavalo Jarruvalotoiminnolla<br \/>\nSatulatolppa ZOOM 31,8*350mm<br \/>\nPedal Assist \u00c4lyk\u00e4s 5-tasoinen poljinavustin<br \/>\nLokasuojat Mustat PVC-lokasuojat<br \/>\nKaasu Puolikierrett\u00e4v\u00e4 kaasu<br \/>\nRenkaat Kenda 20&#8243; x 4&#8243;<br \/>\nShimano 7-vaihteinen vaihtaja<br \/>\nEtuhaarukan alumiininen hydraulinen 200 mm liike<br \/>\nOhjain 48V250W<br \/>\nKampi Alumiiniseos 48T<br \/>\nKMC ketju<br \/>\nToimintas\u00e4de \u226565 km (vain s\u00e4hk\u00f6tilassa)<\/p>\n<p>Suositeltu korkeus yli 165 cm<br \/>\nJarrut Tektro mekaaniset levyjarrut<br \/>\nKantavuus 120kg<br \/>\nJarruvivut Tektro-mukavuuskahvat integroidulla kellolla<br \/>\nN.W. 31 kg<br \/>\nJarrulevyt Tektro 180mm edess\u00e4 ja takana<br \/>\nKokonaispaino 38kg<br \/>\nTyyppi kokoon taittuva s\u00e4hk\u00f6inen Fatbike<br \/>\nOminaisuus Fat Tire &amp; kokoontaitettava<br \/>\nSovellettava kohtaus All Terrain<\/p>\n","protected":false},"excerpt":{"rendered":"<h3>JOBOBIKE Eddy X<\/h3>\n<p><strong>Kokoon taittuva s\u00e4hk\u00f6inen Fatbike<\/strong><\/p>\n<p>Suunnitteletko viikonloppua kaupungin ulkopuolella, oletko spinningin, vaelluksen, kiipeilyn fani ja haluat py\u00f6r\u00e4ill\u00e4 huonommin saavutettaville alueille? Etsitk\u00f6 kokoontaitettavaa s\u00e4hk\u00f6py\u00f6r\u00e4\u00e4 haastavammille reiteille? Ota haaste vastaan ja tutustu Eddy X -taittuvaan fatbike-py\u00f6r\u00e4\u00e4mme vaikeimmassa maastossa!<\/p>\n<ul>\n<li>Akku 48V 14Ah(672Wh) LG litiumakku<\/li>\n<li>Moottori 250W Bafang tehokas moottori<\/li>\n<li>Kantavuus 120kg<\/li>\n<\/ul>\n<p><strong>\u2666 Toimitusaika 3-8 p\u00e4iv\u00e4\u00e4<\/strong><br \/>\n<strong>\u2666 Varastossa<\/strong><\/p>\n","protected":false},"featured_media":16757,"template":"","meta":[],"product_cat":[983,985,979],"product_tag":[],"class_list":{"0":"post-16754","1":"product","2":"type-product","3":"status-publish","4":"has-post-thumbnail","6":"product_cat-sahkokaupunkipyorat","7":"product_cat-sahkomaastopyora","8":"product_cat-sahkopyorat","9":"product_shipping_class-isot-paketit","11":"first","12":"instock","13":"taxable","14":"shipping-taxable","15":"product-type-variable"},"yoast_head":"<!-- This site is optimized with the Yoast SEO plugin v23.8 - https:\/\/yoast.com\/wordpress\/plugins\/seo\/ -->\n<title>JOBOBIKE Eddy X - Ecocruiser<\/title>\n<meta name=\"robots\" content=\"noindex, follow, max-snippet:-1, max-image-preview:large, max-video-preview:-1\" \/>\n<meta property=\"og:locale\" content=\"en_GB\" \/>\n<meta property=\"og:type\" content=\"article\" \/>\n<meta property=\"og:title\" content=\"JOBOBIKE Eddy X - Ecocruiser\" \/>\n<meta property=\"og:description\" content=\"JOBOBIKE Eddy X Kokoon taittuva s\u00e4hk\u00f6inen Fatbike  Suunnitteletko viikonloppua kaupungin ulkopuolella, oletko spinningin, vaelluksen, kiipeilyn fani ja haluat py\u00f6r\u00e4ill\u00e4 huonommin saavutettaville alueille? Etsitk\u00f6 kokoontaitettavaa s\u00e4hk\u00f6py\u00f6r\u00e4\u00e4 haastavammille reiteille? Ota haaste vastaan ja tutustu Eddy X -taittuvaan fatbike-py\u00f6r\u00e4\u00e4mme vaikeimmassa maastossa!   Akku 48V 14Ah(672Wh) LG litiumakku  Moottori 250W Bafang tehokas moottori  Kantavuus 120kg  \u2666 Toimitusaika 3-8 p\u00e4iv\u00e4\u00e4 \u2666 Varastossa\" \/>\n<meta property=\"og:url\" content=\"https:\/\/projekt.vombat.ee\/eco\/fi\/myym\u00e4l\u00e4\/sahkopyorat\/sahkokaupunkipyorat\/jobobike-eddy-x\/\" \/>\n<meta property=\"og:site_name\" content=\"Ecocruiser\" \/>\n<meta property=\"og:image\" content=\"https:\/\/projekt.vombat.ee\/eco\/wp-content\/uploads\/2024\/05\/087a8f0d0136279e8c612407a38bd621.jpg\" \/>\n\t<meta property=\"og:image:width\" content=\"1080\" \/>\n\t<meta property=\"og:image:height\" content=\"720\" \/>\n\t<meta property=\"og:image:type\" content=\"image\/jpeg\" \/>\n<meta name=\"twitter:card\" content=\"summary_large_image\" \/>\n<meta name=\"twitter:label1\" content=\"Estimated reading time\" \/>\n\t<meta name=\"twitter:data1\" content=\"3 minutes\" \/>\n<script type=\"application\/ld+json\" class=\"yoast-schema-graph\">{\"@context\":\"https:\/\/schema.org\",\"@graph\":[{\"@type\":\"WebPage\",\"@id\":\"https:\/\/projekt.vombat.ee\/eco\/fi\/myym%C3%A4l%C3%A4\/sahkopyorat\/sahkokaupunkipyorat\/jobobike-eddy-x\/\",\"url\":\"https:\/\/projekt.vombat.ee\/eco\/fi\/myym%C3%A4l%C3%A4\/sahkopyorat\/sahkokaupunkipyorat\/jobobike-eddy-x\/\",\"name\":\"JOBOBIKE Eddy X - Ecocruiser\",\"isPartOf\":{\"@id\":\"https:\/\/projekt.vombat.ee\/eco\/#website\"},\"primaryImageOfPage\":{\"@id\":\"https:\/\/projekt.vombat.ee\/eco\/fi\/myym%C3%A4l%C3%A4\/sahkopyorat\/sahkokaupunkipyorat\/jobobike-eddy-x\/#primaryimage\"},\"image\":{\"@id\":\"https:\/\/projekt.vombat.ee\/eco\/fi\/myym%C3%A4l%C3%A4\/sahkopyorat\/sahkokaupunkipyorat\/jobobike-eddy-x\/#primaryimage\"},\"thumbnailUrl\":\"https:\/\/projekt.vombat.ee\/eco\/wp-content\/uploads\/2024\/05\/087a8f0d0136279e8c612407a38bd621.jpg\",\"datePublished\":\"2024-05-02T08:50:19+00:00\",\"dateModified\":\"2024-05-02T08:50:19+00:00\",\"breadcrumb\":{\"@id\":\"https:\/\/projekt.vombat.ee\/eco\/fi\/myym%C3%A4l%C3%A4\/sahkopyorat\/sahkokaupunkipyorat\/jobobike-eddy-x\/#breadcrumb\"},\"inLanguage\":\"en-GB\",\"potentialAction\":[{\"@type\":\"ReadAction\",\"target\":[\"https:\/\/projekt.vombat.ee\/eco\/fi\/myym%C3%A4l%C3%A4\/sahkopyorat\/sahkokaupunkipyorat\/jobobike-eddy-x\/\"]}]},{\"@type\":\"ImageObject\",\"inLanguage\":\"en-GB\",\"@id\":\"https:\/\/projekt.vombat.ee\/eco\/fi\/myym%C3%A4l%C3%A4\/sahkopyorat\/sahkokaupunkipyorat\/jobobike-eddy-x\/#primaryimage\",\"url\":\"https:\/\/projekt.vombat.ee\/eco\/wp-content\/uploads\/2024\/05\/087a8f0d0136279e8c612407a38bd621.jpg\",\"contentUrl\":\"https:\/\/projekt.vombat.ee\/eco\/wp-content\/uploads\/2024\/05\/087a8f0d0136279e8c612407a38bd621.jpg\",\"width\":1080,\"height\":720},{\"@type\":\"BreadcrumbList\",\"@id\":\"https:\/\/projekt.vombat.ee\/eco\/fi\/myym%C3%A4l%C3%A4\/sahkopyorat\/sahkokaupunkipyorat\/jobobike-eddy-x\/#breadcrumb\",\"itemListElement\":[{\"@type\":\"ListItem\",\"position\":1,\"name\":\"Home\",\"item\":\"https:\/\/projekt.vombat.ee\/eco\/\"},{\"@type\":\"ListItem\",\"position\":2,\"name\":\"Pood\",\"item\":\"https:\/\/projekt.vombat.ee\/eco\/pood\/\"},{\"@type\":\"ListItem\",\"position\":3,\"name\":\"JOBOBIKE Eddy X\"}]},{\"@type\":\"WebSite\",\"@id\":\"https:\/\/projekt.vombat.ee\/eco\/#website\",\"url\":\"https:\/\/projekt.vombat.ee\/eco\/\",\"name\":\"Ecocruiser\",\"description\":\"\",\"publisher\":{\"@id\":\"https:\/\/projekt.vombat.ee\/eco\/#organization\"},\"potentialAction\":[{\"@type\":\"SearchAction\",\"target\":{\"@type\":\"EntryPoint\",\"urlTemplate\":\"https:\/\/projekt.vombat.ee\/eco\/?s={search_term_string}\"},\"query-input\":{\"@type\":\"PropertyValueSpecification\",\"valueRequired\":true,\"valueName\":\"search_term_string\"}}],\"inLanguage\":\"en-GB\"},{\"@type\":\"Organization\",\"@id\":\"https:\/\/projekt.vombat.ee\/eco\/#organization\",\"name\":\"Ecocruiser\",\"url\":\"https:\/\/projekt.vombat.ee\/eco\/\",\"logo\":{\"@type\":\"ImageObject\",\"inLanguage\":\"en-GB\",\"@id\":\"https:\/\/projekt.vombat.ee\/eco\/#\/schema\/logo\/image\/\",\"url\":\"https:\/\/projekt.vombat.ee\/eco\/wp-content\/uploads\/2023\/03\/ECOCRUISER_5.png\",\"contentUrl\":\"https:\/\/projekt.vombat.ee\/eco\/wp-content\/uploads\/2023\/03\/ECOCRUISER_5.png\",\"width\":234,\"height\":91,\"caption\":\"Ecocruiser\"},\"image\":{\"@id\":\"https:\/\/projekt.vombat.ee\/eco\/#\/schema\/logo\/image\/\"}}]}<\/script>\n<!-- \/ Yoast SEO plugin. -->","yoast_head_json":{"title":"JOBOBIKE Eddy X - Ecocruiser","robots":{"index":"noindex","follow":"follow","max-snippet":"max-snippet:-1","max-image-preview":"max-image-preview:large","max-video-preview":"max-video-preview:-1"},"og_locale":"en_GB","og_type":"article","og_title":"JOBOBIKE Eddy X - Ecocruiser","og_description":"JOBOBIKE Eddy X Kokoon taittuva s\u00e4hk\u00f6inen Fatbike  Suunnitteletko viikonloppua kaupungin ulkopuolella, oletko spinningin, vaelluksen, kiipeilyn fani ja haluat py\u00f6r\u00e4ill\u00e4 huonommin saavutettaville alueille? Etsitk\u00f6 kokoontaitettavaa s\u00e4hk\u00f6py\u00f6r\u00e4\u00e4 haastavammille reiteille? Ota haaste vastaan ja tutustu Eddy X -taittuvaan fatbike-py\u00f6r\u00e4\u00e4mme vaikeimmassa maastossa!   Akku 48V 14Ah(672Wh) LG litiumakku  Moottori 250W Bafang tehokas moottori  Kantavuus 120kg  \u2666 Toimitusaika 3-8 p\u00e4iv\u00e4\u00e4 \u2666 Varastossa","og_url":"https:\/\/projekt.vombat.ee\/eco\/fi\/myym\u00e4l\u00e4\/sahkopyorat\/sahkokaupunkipyorat\/jobobike-eddy-x\/","og_site_name":"Ecocruiser","og_image":[{"width":1080,"height":720,"url":"https:\/\/projekt.vombat.ee\/eco\/wp-content\/uploads\/2024\/05\/087a8f0d0136279e8c612407a38bd621.jpg","type":"image\/jpeg"}],"twitter_card":"summary_large_image","twitter_misc":{"Estimated reading time":"3 minutes"},"schema":{"@context":"https:\/\/schema.org","@graph":[{"@type":"WebPage","@id":"https:\/\/projekt.vombat.ee\/eco\/fi\/myym%C3%A4l%C3%A4\/sahkopyorat\/sahkokaupunkipyorat\/jobobike-eddy-x\/","url":"https:\/\/projekt.vombat.ee\/eco\/fi\/myym%C3%A4l%C3%A4\/sahkopyorat\/sahkokaupunkipyorat\/jobobike-eddy-x\/","name":"JOBOBIKE Eddy X - Ecocruiser","isPartOf":{"@id":"https:\/\/projekt.vombat.ee\/eco\/#website"},"primaryImageOfPage":{"@id":"https:\/\/projekt.vombat.ee\/eco\/fi\/myym%C3%A4l%C3%A4\/sahkopyorat\/sahkokaupunkipyorat\/jobobike-eddy-x\/#primaryimage"},"image":{"@id":"https:\/\/projekt.vombat.ee\/eco\/fi\/myym%C3%A4l%C3%A4\/sahkopyorat\/sahkokaupunkipyorat\/jobobike-eddy-x\/#primaryimage"},"thumbnailUrl":"https:\/\/projekt.vombat.ee\/eco\/wp-content\/uploads\/2024\/05\/087a8f0d0136279e8c612407a38bd621.jpg","datePublished":"2024-05-02T08:50:19+00:00","dateModified":"2024-05-02T08:50:19+00:00","breadcrumb":{"@id":"https:\/\/projekt.vombat.ee\/eco\/fi\/myym%C3%A4l%C3%A4\/sahkopyorat\/sahkokaupunkipyorat\/jobobike-eddy-x\/#breadcrumb"},"inLanguage":"en-GB","potentialAction":[{"@type":"ReadAction","target":["https:\/\/projekt.vombat.ee\/eco\/fi\/myym%C3%A4l%C3%A4\/sahkopyorat\/sahkokaupunkipyorat\/jobobike-eddy-x\/"]}]},{"@type":"ImageObject","inLanguage":"en-GB","@id":"https:\/\/projekt.vombat.ee\/eco\/fi\/myym%C3%A4l%C3%A4\/sahkopyorat\/sahkokaupunkipyorat\/jobobike-eddy-x\/#primaryimage","url":"https:\/\/projekt.vombat.ee\/eco\/wp-content\/uploads\/2024\/05\/087a8f0d0136279e8c612407a38bd621.jpg","contentUrl":"https:\/\/projekt.vombat.ee\/eco\/wp-content\/uploads\/2024\/05\/087a8f0d0136279e8c612407a38bd621.jpg","width":1080,"height":720},{"@type":"BreadcrumbList","@id":"https:\/\/projekt.vombat.ee\/eco\/fi\/myym%C3%A4l%C3%A4\/sahkopyorat\/sahkokaupunkipyorat\/jobobike-eddy-x\/#breadcrumb","itemListElement":[{"@type":"ListItem","position":1,"name":"Home","item":"https:\/\/projekt.vombat.ee\/eco\/"},{"@type":"ListItem","position":2,"name":"Pood","item":"https:\/\/projekt.vombat.ee\/eco\/pood\/"},{"@type":"ListItem","position":3,"name":"JOBOBIKE Eddy X"}]},{"@type":"WebSite","@id":"https:\/\/projekt.vombat.ee\/eco\/#website","url":"https:\/\/projekt.vombat.ee\/eco\/","name":"Ecocruiser","description":"","publisher":{"@id":"https:\/\/projekt.vombat.ee\/eco\/#organization"},"potentialAction":[{"@type":"SearchAction","target":{"@type":"EntryPoint","urlTemplate":"https:\/\/projekt.vombat.ee\/eco\/?s={search_term_string}"},"query-input":{"@type":"PropertyValueSpecification","valueRequired":true,"valueName":"search_term_string"}}],"inLanguage":"en-GB"},{"@type":"Organization","@id":"https:\/\/projekt.vombat.ee\/eco\/#organization","name":"Ecocruiser","url":"https:\/\/projekt.vombat.ee\/eco\/","logo":{"@type":"ImageObject","inLanguage":"en-GB","@id":"https:\/\/projekt.vombat.ee\/eco\/#\/schema\/logo\/image\/","url":"https:\/\/projekt.vombat.ee\/eco\/wp-content\/uploads\/2023\/03\/ECOCRUISER_5.png","contentUrl":"https:\/\/projekt.vombat.ee\/eco\/wp-content\/uploads\/2023\/03\/ECOCRUISER_5.png","width":234,"height":91,"caption":"Ecocruiser"},"image":{"@id":"https:\/\/projekt.vombat.ee\/eco\/#\/schema\/logo\/image\/"}}]}},"lang":"fi","translations":{"fi":16754},"pll_sync_post":[],"_links":{"self":[{"href":"https:\/\/projekt.vombat.ee\/eco\/wp-json\/wp\/v2\/product\/16754"}],"collection":[{"href":"https:\/\/projekt.vombat.ee\/eco\/wp-json\/wp\/v2\/product"}],"about":[{"href":"https:\/\/projekt.vombat.ee\/eco\/wp-json\/wp\/v2\/types\/product"}],"version-history":[{"count":1,"href":"https:\/\/projekt.vombat.ee\/eco\/wp-json\/wp\/v2\/product\/16754\/revisions"}],"predecessor-version":[{"id":16760,"href":"https:\/\/projekt.vombat.ee\/eco\/wp-json\/wp\/v2\/product\/16754\/revisions\/16760"}],"wp:featuredmedia":[{"embeddable":true,"href":"https:\/\/projekt.vombat.ee\/eco\/wp-json\/wp\/v2\/media\/16757"}],"wp:attachment":[{"href":"https:\/\/projekt.vombat.ee\/eco\/wp-json\/wp\/v2\/media?parent=16754"}],"wp:term":[{"taxonomy":"product_cat","embeddable":true,"href":"https:\/\/projekt.vombat.ee\/eco\/wp-json\/wp\/v2\/product_cat?post=16754"},{"taxonomy":"product_tag","embeddable":true,"href":"https:\/\/projekt.vombat.ee\/eco\/wp-json\/wp\/v2\/product_tag?post=16754"}],"curies":[{"name":"wp","href":"https:\/\/api.w.org\/{rel}","templated":true}]}}