{"id":16539,"date":"2024-04-26T08:52:39","date_gmt":"2024-04-26T08:52:39","guid":{"rendered":"https:\/\/projekt.vombat.ee\/eco\/?post_type=product&#038;p=16539"},"modified":"2024-04-26T08:52:40","modified_gmt":"2024-04-26T08:52:40","slug":"ienyrid-m4-elektriline-toukeratas-40km","status":"publish","type":"product","link":"https:\/\/projekt.vombat.ee\/eco\/pood\/elektritoukerattad\/linna-toukerattad\/ienyrid-m4-elektriline-toukeratas-40km\/","title":{"rendered":"iENYRID M4 elektriline t\u00f5ukeratas 40km"},"content":{"rendered":"<div class=\"youtube responsive-embed wp-embed\"><iframe title=\"iENYRID M4 Pro S Foldable Electric Scooter 10inch Off-road Tires | Promotional Video\" width=\"1778\" height=\"1000\" src=\"https:\/\/www.youtube.com\/embed\/klHP-sA9VHI?feature=oembed&#038;enablejsapi=1&#038;rel=0&#038;showinfo=0&#038;color=white\" frameborder=\"0\" allow=\"accelerometer; autoplay; clipboard-write; encrypted-media; gyroscope; picture-in-picture; web-share\" referrerpolicy=\"strict-origin-when-cross-origin\" allowfullscreen><\/iframe><\/div>\n<h3>iENYRID M4-l on kaks sisseehitatud kiirusre\u017eiimi, mida saab \u00fcmber l\u00fclitada<\/h3>\n<p>Maastikure\u017eiim (vaikeseade): maksimaalne kiirus 45 km\/h<\/p>\n<p>Linnare\u017eiim: maksimaalne kiirus 25 km\/h<\/p>\n<h3>\nKokkupanduna lihtne pagasiruumi panna<\/h3>\n<p><img fetchpriority=\"high\" decoding=\"async\" class=\"\" src=\"https:\/\/img-va.myshopline.com\/image\/store\/2005420525\/1679384023487\/-(4)_900x.jpeg?w=1000&amp;h=1000\" width=\"664\" height=\"664\" \/><\/p>\n<h3>Topeltpiduris\u00fcsteem<\/h3>\n<p>Varustatud topeltpiduris\u00fcsteemiga: Poorse ketaspiduris\u00fcsteemi ja E-ABS mitteblokeeruva piduris\u00fcsteem<\/p>\n<p><img decoding=\"async\" class=\"\" src=\"https:\/\/img-va.myshopline.com\/image\/store\/2005420525\/1679384023487\/-(15)_900x.jpeg?w=1000&amp;h=1000\" width=\"667\" height=\"667\" \/><\/p>\n<h3>LED-ESITULED<\/h3>\n<p>Kui esituled on sisse l\u00fclitatud, s\u00fcttivad s\u00f5idu- ja tagatuled automaatselt laia valgustusvaliku ja suure heledusega, tagades s\u00f5iduohutuse.<\/p>\n<p><img decoding=\"async\" class=\"\" src=\"https:\/\/img-va.myshopline.com\/image\/store\/2005420525\/1679384023487\/-(11)_900x.jpeg?w=1000&amp;h=1000\" width=\"667\" height=\"667\" \/><\/p>\n<p>Pakk sisaldab:<\/p>\n<p><img loading=\"lazy\" decoding=\"async\" class=\"\" src=\"https:\/\/img-va.myshopline.com\/image\/store\/2005420525\/1679384023487\/-_1_900x.jpeg?w=1500&amp;h=1500\" width=\"676\" height=\"676\" \/><\/p>\n<h3>Info<\/h3>\n<p>Mootor: 48V 600W<br \/>\nAku: 48V 10AH<br \/>\nAdapter sissetulev: 100-240 V, v\u00e4ljund 54,6 V 2A<br \/>\nPidurid: Mehaaniline ketaspidur<br \/>\nRehvid: 10&#8243; Maastikurehvid<br \/>\nTuled: Eesmine LED esituli, suunatuled ja tagatuli<br \/>\nMax kandev\u00f5ime: 150 kg<br \/>\nMax kiirus: (valik 1) 40\u201345 km\/h<br \/>\nMax kiirus: (valik 2) 20-25 km\/h<br \/>\nMax vahemaa: 40km ilma laadimiseta<br \/>\nLaadimisaeg: 6-8 tundi<br \/>\nM\u00f5\u00f5dud: 119,5*26*50,5cm<br \/>\nToote kaal: 28,16 kg<\/p>\n","protected":false},"excerpt":{"rendered":"<p><strong>iENYRID M4 elektriline t\u00f5ukeratas<\/strong><\/p>\n<ul>\n<li>Mootor: 48V 600W<\/li>\n<li>Aku: 48V 10AH<\/li>\n<li>Max kandev\u00f5ime: 150 kg<\/li>\n<li>Max kiirus: (valik 1) 40\u201345 km\/h<\/li>\n<li>Max kiirus: (valik 2) 20-25 km\/h<\/li>\n<li>Max vahemaa: 40km ilma laadimiseta<\/li>\n<li>Laadimisaeg: 6-8 tundi<\/li>\n<\/ul>\n<p><strong>\u2666 Tarneaeg 3-7 p\u00e4eva<\/strong><br \/>\n<strong>\u2666 Laos<\/strong><\/p>\n","protected":false},"featured_media":16540,"template":"","meta":[],"product_cat":[53,909,911],"product_tag":[],"class_list":{"0":"post-16539","1":"product","2":"type-product","3":"status-publish","4":"has-post-thumbnail","6":"product_cat-elektritoukerattad","7":"product_cat-linna-toukerattad","8":"product_cat-voimsad-toukerattad","10":"first","11":"instock","12":"taxable","13":"shipping-taxable","14":"purchasable","15":"product-type-simple"},"yoast_head":"<!-- This site is optimized with the Yoast SEO plugin v23.8 - https:\/\/yoast.com\/wordpress\/plugins\/seo\/ -->\n<title>iENYRID M4 elektriline t\u00f5ukeratas 40km - Ecocruiser<\/title>\n<meta name=\"robots\" content=\"noindex, follow, max-snippet:-1, max-image-preview:large, max-video-preview:-1\" \/>\n<meta property=\"og:locale\" content=\"en_GB\" \/>\n<meta property=\"og:type\" content=\"article\" \/>\n<meta property=\"og:title\" content=\"iENYRID M4 elektriline t\u00f5ukeratas 40km - Ecocruiser\" \/>\n<meta property=\"og:description\" content=\"iENYRID M4 elektriline t\u00f5ukeratas   Mootor: 48V 600W  Aku: 48V 10AH  Max kandev\u00f5ime: 150 kg  Max kiirus: (valik 1) 40\u201345 km\/h  Max kiirus: (valik 2) 20-25 km\/h  Max vahemaa: 40km ilma laadimiseta  Laadimisaeg: 6-8 tundi  \u2666 Tarneaeg 3-7 p\u00e4eva \u2666 Laos\" \/>\n<meta property=\"og:url\" content=\"https:\/\/projekt.vombat.ee\/eco\/pood\/elektritoukerattad\/linna-toukerattad\/ienyrid-m4-elektriline-toukeratas-40km\/\" \/>\n<meta property=\"og:site_name\" content=\"Ecocruiser\" \/>\n<meta property=\"article:modified_time\" content=\"2024-04-26T08:52:40+00:00\" \/>\n<meta property=\"og:image\" content=\"https:\/\/projekt.vombat.ee\/eco\/wp-content\/uploads\/2024\/04\/iENYRIDM4electricscooteroffroad_10.webp\" \/>\n\t<meta property=\"og:image:width\" content=\"900\" \/>\n\t<meta property=\"og:image:height\" content=\"900\" \/>\n\t<meta property=\"og:image:type\" content=\"image\/webp\" \/>\n<meta name=\"twitter:card\" content=\"summary_large_image\" \/>\n<meta name=\"twitter:label1\" content=\"Estimated reading time\" \/>\n\t<meta name=\"twitter:data1\" content=\"2 minutes\" \/>\n<script type=\"application\/ld+json\" class=\"yoast-schema-graph\">{\"@context\":\"https:\/\/schema.org\",\"@graph\":[{\"@type\":\"WebPage\",\"@id\":\"https:\/\/projekt.vombat.ee\/eco\/pood\/elektritoukerattad\/linna-toukerattad\/ienyrid-m4-elektriline-toukeratas-40km\/\",\"url\":\"https:\/\/projekt.vombat.ee\/eco\/pood\/elektritoukerattad\/linna-toukerattad\/ienyrid-m4-elektriline-toukeratas-40km\/\",\"name\":\"iENYRID M4 elektriline t\u00f5ukeratas 40km - Ecocruiser\",\"isPartOf\":{\"@id\":\"https:\/\/projekt.vombat.ee\/eco\/#website\"},\"primaryImageOfPage\":{\"@id\":\"https:\/\/projekt.vombat.ee\/eco\/pood\/elektritoukerattad\/linna-toukerattad\/ienyrid-m4-elektriline-toukeratas-40km\/#primaryimage\"},\"image\":{\"@id\":\"https:\/\/projekt.vombat.ee\/eco\/pood\/elektritoukerattad\/linna-toukerattad\/ienyrid-m4-elektriline-toukeratas-40km\/#primaryimage\"},\"thumbnailUrl\":\"https:\/\/projekt.vombat.ee\/eco\/wp-content\/uploads\/2024\/04\/iENYRIDM4electricscooteroffroad_10.webp\",\"datePublished\":\"2024-04-26T08:52:39+00:00\",\"dateModified\":\"2024-04-26T08:52:40+00:00\",\"breadcrumb\":{\"@id\":\"https:\/\/projekt.vombat.ee\/eco\/pood\/elektritoukerattad\/linna-toukerattad\/ienyrid-m4-elektriline-toukeratas-40km\/#breadcrumb\"},\"inLanguage\":\"en-GB\",\"potentialAction\":[{\"@type\":\"ReadAction\",\"target\":[\"https:\/\/projekt.vombat.ee\/eco\/pood\/elektritoukerattad\/linna-toukerattad\/ienyrid-m4-elektriline-toukeratas-40km\/\"]}]},{\"@type\":\"ImageObject\",\"inLanguage\":\"en-GB\",\"@id\":\"https:\/\/projekt.vombat.ee\/eco\/pood\/elektritoukerattad\/linna-toukerattad\/ienyrid-m4-elektriline-toukeratas-40km\/#primaryimage\",\"url\":\"https:\/\/projekt.vombat.ee\/eco\/wp-content\/uploads\/2024\/04\/iENYRIDM4electricscooteroffroad_10.webp\",\"contentUrl\":\"https:\/\/projekt.vombat.ee\/eco\/wp-content\/uploads\/2024\/04\/iENYRIDM4electricscooteroffroad_10.webp\",\"width\":900,\"height\":900,\"caption\":\"iENYRID M4\"},{\"@type\":\"BreadcrumbList\",\"@id\":\"https:\/\/projekt.vombat.ee\/eco\/pood\/elektritoukerattad\/linna-toukerattad\/ienyrid-m4-elektriline-toukeratas-40km\/#breadcrumb\",\"itemListElement\":[{\"@type\":\"ListItem\",\"position\":1,\"name\":\"Home\",\"item\":\"https:\/\/projekt.vombat.ee\/eco\/\"},{\"@type\":\"ListItem\",\"position\":2,\"name\":\"Pood\",\"item\":\"https:\/\/projekt.vombat.ee\/eco\/pood\/\"},{\"@type\":\"ListItem\",\"position\":3,\"name\":\"iENYRID M4 elektriline t\u00f5ukeratas 40km\"}]},{\"@type\":\"WebSite\",\"@id\":\"https:\/\/projekt.vombat.ee\/eco\/#website\",\"url\":\"https:\/\/projekt.vombat.ee\/eco\/\",\"name\":\"Ecocruiser\",\"description\":\"\",\"publisher\":{\"@id\":\"https:\/\/projekt.vombat.ee\/eco\/#organization\"},\"potentialAction\":[{\"@type\":\"SearchAction\",\"target\":{\"@type\":\"EntryPoint\",\"urlTemplate\":\"https:\/\/projekt.vombat.ee\/eco\/?s={search_term_string}\"},\"query-input\":{\"@type\":\"PropertyValueSpecification\",\"valueRequired\":true,\"valueName\":\"search_term_string\"}}],\"inLanguage\":\"en-GB\"},{\"@type\":\"Organization\",\"@id\":\"https:\/\/projekt.vombat.ee\/eco\/#organization\",\"name\":\"Ecocruiser\",\"url\":\"https:\/\/projekt.vombat.ee\/eco\/\",\"logo\":{\"@type\":\"ImageObject\",\"inLanguage\":\"en-GB\",\"@id\":\"https:\/\/projekt.vombat.ee\/eco\/#\/schema\/logo\/image\/\",\"url\":\"https:\/\/projekt.vombat.ee\/eco\/wp-content\/uploads\/2023\/03\/ECOCRUISER_5.png\",\"contentUrl\":\"https:\/\/projekt.vombat.ee\/eco\/wp-content\/uploads\/2023\/03\/ECOCRUISER_5.png\",\"width\":234,\"height\":91,\"caption\":\"Ecocruiser\"},\"image\":{\"@id\":\"https:\/\/projekt.vombat.ee\/eco\/#\/schema\/logo\/image\/\"}}]}<\/script>\n<!-- \/ Yoast SEO plugin. -->","yoast_head_json":{"title":"iENYRID M4 elektriline t\u00f5ukeratas 40km - Ecocruiser","robots":{"index":"noindex","follow":"follow","max-snippet":"max-snippet:-1","max-image-preview":"max-image-preview:large","max-video-preview":"max-video-preview:-1"},"og_locale":"en_GB","og_type":"article","og_title":"iENYRID M4 elektriline t\u00f5ukeratas 40km - Ecocruiser","og_description":"iENYRID M4 elektriline t\u00f5ukeratas   Mootor: 48V 600W  Aku: 48V 10AH  Max kandev\u00f5ime: 150 kg  Max kiirus: (valik 1) 40\u201345 km\/h  Max kiirus: (valik 2) 20-25 km\/h  Max vahemaa: 40km ilma laadimiseta  Laadimisaeg: 6-8 tundi  \u2666 Tarneaeg 3-7 p\u00e4eva \u2666 Laos","og_url":"https:\/\/projekt.vombat.ee\/eco\/pood\/elektritoukerattad\/linna-toukerattad\/ienyrid-m4-elektriline-toukeratas-40km\/","og_site_name":"Ecocruiser","article_modified_time":"2024-04-26T08:52:40+00:00","og_image":[{"width":900,"height":900,"url":"https:\/\/projekt.vombat.ee\/eco\/wp-content\/uploads\/2024\/04\/iENYRIDM4electricscooteroffroad_10.webp","type":"image\/webp"}],"twitter_card":"summary_large_image","twitter_misc":{"Estimated reading time":"2 minutes"},"schema":{"@context":"https:\/\/schema.org","@graph":[{"@type":"WebPage","@id":"https:\/\/projekt.vombat.ee\/eco\/pood\/elektritoukerattad\/linna-toukerattad\/ienyrid-m4-elektriline-toukeratas-40km\/","url":"https:\/\/projekt.vombat.ee\/eco\/pood\/elektritoukerattad\/linna-toukerattad\/ienyrid-m4-elektriline-toukeratas-40km\/","name":"iENYRID M4 elektriline t\u00f5ukeratas 40km - Ecocruiser","isPartOf":{"@id":"https:\/\/projekt.vombat.ee\/eco\/#website"},"primaryImageOfPage":{"@id":"https:\/\/projekt.vombat.ee\/eco\/pood\/elektritoukerattad\/linna-toukerattad\/ienyrid-m4-elektriline-toukeratas-40km\/#primaryimage"},"image":{"@id":"https:\/\/projekt.vombat.ee\/eco\/pood\/elektritoukerattad\/linna-toukerattad\/ienyrid-m4-elektriline-toukeratas-40km\/#primaryimage"},"thumbnailUrl":"https:\/\/projekt.vombat.ee\/eco\/wp-content\/uploads\/2024\/04\/iENYRIDM4electricscooteroffroad_10.webp","datePublished":"2024-04-26T08:52:39+00:00","dateModified":"2024-04-26T08:52:40+00:00","breadcrumb":{"@id":"https:\/\/projekt.vombat.ee\/eco\/pood\/elektritoukerattad\/linna-toukerattad\/ienyrid-m4-elektriline-toukeratas-40km\/#breadcrumb"},"inLanguage":"en-GB","potentialAction":[{"@type":"ReadAction","target":["https:\/\/projekt.vombat.ee\/eco\/pood\/elektritoukerattad\/linna-toukerattad\/ienyrid-m4-elektriline-toukeratas-40km\/"]}]},{"@type":"ImageObject","inLanguage":"en-GB","@id":"https:\/\/projekt.vombat.ee\/eco\/pood\/elektritoukerattad\/linna-toukerattad\/ienyrid-m4-elektriline-toukeratas-40km\/#primaryimage","url":"https:\/\/projekt.vombat.ee\/eco\/wp-content\/uploads\/2024\/04\/iENYRIDM4electricscooteroffroad_10.webp","contentUrl":"https:\/\/projekt.vombat.ee\/eco\/wp-content\/uploads\/2024\/04\/iENYRIDM4electricscooteroffroad_10.webp","width":900,"height":900,"caption":"iENYRID M4"},{"@type":"BreadcrumbList","@id":"https:\/\/projekt.vombat.ee\/eco\/pood\/elektritoukerattad\/linna-toukerattad\/ienyrid-m4-elektriline-toukeratas-40km\/#breadcrumb","itemListElement":[{"@type":"ListItem","position":1,"name":"Home","item":"https:\/\/projekt.vombat.ee\/eco\/"},{"@type":"ListItem","position":2,"name":"Pood","item":"https:\/\/projekt.vombat.ee\/eco\/pood\/"},{"@type":"ListItem","position":3,"name":"iENYRID M4 elektriline t\u00f5ukeratas 40km"}]},{"@type":"WebSite","@id":"https:\/\/projekt.vombat.ee\/eco\/#website","url":"https:\/\/projekt.vombat.ee\/eco\/","name":"Ecocruiser","description":"","publisher":{"@id":"https:\/\/projekt.vombat.ee\/eco\/#organization"},"potentialAction":[{"@type":"SearchAction","target":{"@type":"EntryPoint","urlTemplate":"https:\/\/projekt.vombat.ee\/eco\/?s={search_term_string}"},"query-input":{"@type":"PropertyValueSpecification","valueRequired":true,"valueName":"search_term_string"}}],"inLanguage":"en-GB"},{"@type":"Organization","@id":"https:\/\/projekt.vombat.ee\/eco\/#organization","name":"Ecocruiser","url":"https:\/\/projekt.vombat.ee\/eco\/","logo":{"@type":"ImageObject","inLanguage":"en-GB","@id":"https:\/\/projekt.vombat.ee\/eco\/#\/schema\/logo\/image\/","url":"https:\/\/projekt.vombat.ee\/eco\/wp-content\/uploads\/2023\/03\/ECOCRUISER_5.png","contentUrl":"https:\/\/projekt.vombat.ee\/eco\/wp-content\/uploads\/2023\/03\/ECOCRUISER_5.png","width":234,"height":91,"caption":"Ecocruiser"},"image":{"@id":"https:\/\/projekt.vombat.ee\/eco\/#\/schema\/logo\/image\/"}}]}},"lang":"et","translations":{"et":16539},"pll_sync_post":[],"_links":{"self":[{"href":"https:\/\/projekt.vombat.ee\/eco\/wp-json\/wp\/v2\/product\/16539"}],"collection":[{"href":"https:\/\/projekt.vombat.ee\/eco\/wp-json\/wp\/v2\/product"}],"about":[{"href":"https:\/\/projekt.vombat.ee\/eco\/wp-json\/wp\/v2\/types\/product"}],"version-history":[{"count":1,"href":"https:\/\/projekt.vombat.ee\/eco\/wp-json\/wp\/v2\/product\/16539\/revisions"}],"predecessor-version":[{"id":16546,"href":"https:\/\/projekt.vombat.ee\/eco\/wp-json\/wp\/v2\/product\/16539\/revisions\/16546"}],"wp:featuredmedia":[{"embeddable":true,"href":"https:\/\/projekt.vombat.ee\/eco\/wp-json\/wp\/v2\/media\/16540"}],"wp:attachment":[{"href":"https:\/\/projekt.vombat.ee\/eco\/wp-json\/wp\/v2\/media?parent=16539"}],"wp:term":[{"taxonomy":"product_cat","embeddable":true,"href":"https:\/\/projekt.vombat.ee\/eco\/wp-json\/wp\/v2\/product_cat?post=16539"},{"taxonomy":"product_tag","embeddable":true,"href":"https:\/\/projekt.vombat.ee\/eco\/wp-json\/wp\/v2\/product_tag?post=16539"}],"curies":[{"name":"wp","href":"https:\/\/api.w.org\/{rel}","templated":true}]}}