{"id":16268,"date":"2024-04-19T12:31:12","date_gmt":"2024-04-19T12:31:12","guid":{"rendered":"https:\/\/projekt.vombat.ee\/eco\/?post_type=product&#038;p=16268"},"modified":"2024-04-19T12:31:12","modified_gmt":"2024-04-19T12:31:12","slug":"arwibon-q06-pro","status":"publish","type":"product","link":"https:\/\/projekt.vombat.ee\/eco\/ru\/pood\/%d1%8d%d0%bb%d0%b5%d0%ba%d1%82%d1%80%d0%b8%d1%87%d0%b5%d1%81%d0%ba%d0%b8%d0%b5-%d1%81%d0%ba%d1%83%d1%82%d0%b5%d1%80%d1%8b\/%d1%82%d0%be%d0%bf-5\/arwibon-q06-pro\/","title":{"rendered":"Arwibon Q06 Pro"},"content":{"rendered":"<div style=\"width: 640px;\" class=\"wp-video\"><!--[if lt IE 9]><script>document.createElement('video');<\/script><![endif]-->\n<video class=\"wp-video-shortcode\" id=\"video-16268-1\" width=\"640\" height=\"360\" preload=\"metadata\" controls=\"controls\"><source type=\"video\/mp4\" src=\"https:\/\/projekt.vombat.ee\/eco\/wp-content\/uploads\/2024\/03\/20230512_97f7e51c38c2ce2c_409471337592_mp4_264_hd_unlimit_taobao.mp4?_=1\" \/><a href=\"https:\/\/projekt.vombat.ee\/eco\/wp-content\/uploads\/2024\/03\/20230512_97f7e51c38c2ce2c_409471337592_mp4_264_hd_unlimit_taobao.mp4\">https:\/\/projekt.vombat.ee\/eco\/wp-content\/uploads\/2024\/03\/20230512_97f7e51c38c2ce2c_409471337592_mp4_264_hd_unlimit_taobao.mp4<\/a><\/video><\/div>\n<p><strong>\u041e\u0441\u043e\u0431\u0435\u043d\u043d\u043e\u0441\u0442\u0438 Arwibon Q06 Pro:<\/strong><\/p>\n<p>\u0421\u043a\u043b\u0430\u0434\u043d\u043e\u0439: \u0414\u0430<br \/>\n\u0417\u0430\u043f\u0430\u0441 \u0445\u043e\u0434\u0430: 90 \u043a\u043c<br \/>\n\u041c\u0430\u043a\u0441\u0438\u043c\u0430\u043b\u044c\u043d\u0430\u044f \u0441\u043a\u043e\u0440\u043e\u0441\u0442\u044c: 70-80 \u043a\u043c\/\u0447<\/p>\n<p><strong>\u0414\u0440\u0443\u0433\u0438\u0435 \u0430\u0442\u0440\u0438\u0431\u0443\u0442\u044b<\/strong><br \/>\n\u0411\u0440\u0435\u043d\u0434 \u0410\u0440\u0432\u0438\u0431\u043e\u043d<br \/>\n\u041d\u043e\u043c\u0435\u0440 \u043c\u043e\u0434\u0435\u043b\u0438 Q06 Pro<br \/>\n\u0412\u0440\u0435\u043c\u044f \u0437\u0430\u0440\u044f\u0434\u043a\u0438 6-8 \u0447\u0430\u0441\u043e\u0432<br \/>\n\u0411\u0430\u0442\u0430\u0440\u0435\u044f: 60 \u0412 30 \u0410\u0447<br \/>\n\u0414\u0432\u043e\u0439\u043d\u043e\u0439 \u043f\u043e\u0440\u0442 \u0437\u0430\u0440\u044f\u0434\u043a\u0438<br \/>\n\u0414\u0438\u0430\u043f\u0430\u0437\u043e\u043d \u041c\u0430\u0441\u043b\u044f\u043d\u044b\u0439 \u0442\u043e\u0440\u043c\u043e\u0437<br \/>\n\u0410\u043c\u043e\u0440\u0442\u0438\u0437\u0430\u0446\u0438\u044f \u041f\u0440\u0443\u0436\u0438\u043d\u043d\u043e\u0435 \u0434\u0435\u043c\u043f\u0444\u0438\u0440\u043e\u0432\u0430\u043d\u0438\u0435 C-\u0442\u0438\u043f\u0430<br \/>\n\u041c\u0430\u043a\u0441\u0438\u043c\u0430\u043b\u044c\u043d\u0430\u044f \u0433\u0440\u0443\u0437\u043e\u043f\u043e\u0434\u044a\u0435\u043c\u043d\u043e\u0441\u0442\u044c: 200 \u043a\u0433.<br \/>\n\u0423\u0433\u043e\u043b \u043f\u043e\u0434\u044a\u0435\u043c\u0430 45-55\u00b0<br \/>\n\u0412\u0435\u0441 55 \u043a\u0433<br \/>\n\u0420\u0430\u0437\u043c\u0435\u0440 \u0432 \u0441\u043b\u043e\u0436\u0435\u043d\u043d\u043e\u043c \u0432\u0438\u0434\u0435 130*33*64 \u0441\u043c.<br \/>\n\u0420\u0430\u0437\u0432\u0435\u0440\u043d\u0443\u0442\u044c \u0440\u0430\u0437\u043c\u0435\u0440 125*62*111-133 \u0441\u043c<\/p>\n","protected":false},"excerpt":{"rendered":"<p>https:\/\/projekt.vombat.ee\/eco\/wp-content\/uploads\/2024\/03\/20230512_97f7e51c38c2ce2c_409471337592_mp4_264_hd_unlimit_taobao.mp4 \u041e\u0441\u043e\u0431\u0435\u043d\u043d\u043e\u0441\u0442\u0438 Arwibon Q06 Pro: \u0421\u043a\u043b\u0430\u0434\u043d\u043e\u0439: \u0414\u0430 \u0417\u0430\u043f\u0430\u0441 \u0445\u043e\u0434\u0430: 90 \u043a\u043c \u041c\u0430\u043a\u0441\u0438\u043c\u0430\u043b\u044c\u043d\u0430\u044f \u0441\u043a\u043e\u0440\u043e\u0441\u0442\u044c: 70-80 \u043a\u043c\/\u0447 \u0414\u0440\u0443\u0433\u0438\u0435 \u0430\u0442\u0440\u0438\u0431\u0443\u0442\u044b \u0411\u0440\u0435\u043d\u0434 \u0410\u0440\u0432\u0438\u0431\u043e\u043d \u041d\u043e\u043c\u0435\u0440 \u043c\u043e\u0434\u0435\u043b\u0438 Q06 Pro \u0412\u0440\u0435\u043c\u044f \u0437\u0430\u0440\u044f\u0434\u043a\u0438 6-8 \u0447\u0430\u0441\u043e\u0432 \u0411\u0430\u0442\u0430\u0440\u0435\u044f: 60 \u0412 30 \u0410\u0447 \u0414\u0432\u043e\u0439\u043d\u043e\u0439 \u043f\u043e\u0440\u0442 \u0437\u0430\u0440\u044f\u0434\u043a\u0438 \u0414\u0438\u0430\u043f\u0430\u0437\u043e\u043d \u041c\u0430\u0441\u043b\u044f\u043d\u044b\u0439 \u0442\u043e\u0440\u043c\u043e\u0437 \u0410\u043c\u043e\u0440\u0442\u0438\u0437\u0430\u0446\u0438\u044f \u041f\u0440\u0443\u0436\u0438\u043d\u043d\u043e\u0435 \u0434\u0435\u043c\u043f\u0444\u0438\u0440\u043e\u0432\u0430\u043d\u0438\u0435 C-\u0442\u0438\u043f\u0430 \u041c\u0430\u043a\u0441\u0438\u043c\u0430\u043b\u044c\u043d\u0430\u044f \u0433\u0440\u0443\u0437\u043e\u043f\u043e\u0434\u044a\u0435\u043c\u043d\u043e\u0441\u0442\u044c: 200 \u043a\u0433. \u0423\u0433\u043e\u043b \u043f\u043e\u0434\u044a\u0435\u043c\u0430 45-55\u00b0 \u0412\u0435\u0441 55 \u043a\u0433 \u0420\u0430\u0437\u043c\u0435\u0440 \u0432 \u0441\u043b\u043e\u0436\u0435\u043d\u043d\u043e\u043c \u0432\u0438\u0434\u0435 130*33*64 \u0441\u043c. \u0420\u0430\u0437\u0432\u0435\u0440\u043d\u0443\u0442\u044c \u0440\u0430\u0437\u043c\u0435\u0440\u2026<\/p>\n","protected":false},"featured_media":16269,"template":"","meta":[],"product_cat":[1712,211],"product_tag":[],"class_list":{"0":"post-16268","1":"product","2":"type-product","3":"status-publish","4":"has-post-thumbnail","6":"product_cat-1712","7":"product_cat-211","9":"first","10":"instock","11":"sale","12":"taxable","13":"shipping-taxable","14":"purchasable","15":"product-type-simple"},"yoast_head":"<!-- This site is optimized with the Yoast SEO plugin v23.8 - https:\/\/yoast.com\/wordpress\/plugins\/seo\/ -->\n<title>Arwibon Q06 Pro - Ecocruiser<\/title>\n<meta name=\"description\" content=\"Vii oma seiklused uuele tasemele Arwibon Q06 Pro Off-Road Elektrit\u00f5ukerattaga. Valluta radu 11-tolliste maastikurehvide ja t\u00e4ish\u00fcdrauliliste pidurite abil.Teie Off-Road teekond algab siit !Omadused:Mootor: 1000W (piirajaga)Maksimaalne l\u00e4bis\u00f5it: 90km\" \/>\n<meta name=\"robots\" content=\"noindex, follow, max-snippet:-1, max-image-preview:large, max-video-preview:-1\" \/>\n<meta property=\"og:locale\" content=\"en_GB\" \/>\n<meta property=\"og:type\" content=\"article\" \/>\n<meta property=\"og:title\" content=\"Arwibon Q06 Pro - Ecocruiser\" \/>\n<meta property=\"og:description\" content=\"Vii oma seiklused uuele tasemele Arwibon Q06 Pro Off-Road Elektrit\u00f5ukerattaga. Valluta radu 11-tolliste maastikurehvide ja t\u00e4ish\u00fcdrauliliste pidurite abil.Teie Off-Road teekond algab siit !Omadused:Mootor: 1000W (piirajaga)Maksimaalne l\u00e4bis\u00f5it: 90km\" \/>\n<meta property=\"og:url\" content=\"https:\/\/projekt.vombat.ee\/eco\/ru\/pood\/\u044d\u043b\u0435\u043a\u0442\u0440\u0438\u0447\u0435\u0441\u043a\u0438\u0435-\u0441\u043a\u0443\u0442\u0435\u0440\u044b\/\u0442\u043e\u043f-5\/arwibon-q06-pro\/\" \/>\n<meta property=\"og:site_name\" content=\"Ecocruiser\" \/>\n<meta property=\"og:image\" content=\"https:\/\/projekt.vombat.ee\/eco\/wp-content\/uploads\/2024\/03\/Untitled-design-92.png\" \/>\n\t<meta property=\"og:image:width\" content=\"1000\" \/>\n\t<meta property=\"og:image:height\" content=\"1000\" \/>\n\t<meta property=\"og:image:type\" content=\"image\/png\" \/>\n<meta name=\"twitter:card\" content=\"summary_large_image\" \/>\n<meta name=\"twitter:label1\" content=\"Estimated reading time\" \/>\n\t<meta name=\"twitter:data1\" content=\"1 minute\" \/>\n<script type=\"application\/ld+json\" class=\"yoast-schema-graph\">{\"@context\":\"https:\/\/schema.org\",\"@graph\":[{\"@type\":\"WebPage\",\"@id\":\"https:\/\/projekt.vombat.ee\/eco\/ru\/pood\/%d1%8d%d0%bb%d0%b5%d0%ba%d1%82%d1%80%d0%b8%d1%87%d0%b5%d1%81%d0%ba%d0%b8%d0%b5-%d1%81%d0%ba%d1%83%d1%82%d0%b5%d1%80%d1%8b\/%d1%82%d0%be%d0%bf-5\/arwibon-q06-pro\/\",\"url\":\"https:\/\/projekt.vombat.ee\/eco\/ru\/pood\/%d1%8d%d0%bb%d0%b5%d0%ba%d1%82%d1%80%d0%b8%d1%87%d0%b5%d1%81%d0%ba%d0%b8%d0%b5-%d1%81%d0%ba%d1%83%d1%82%d0%b5%d1%80%d1%8b\/%d1%82%d0%be%d0%bf-5\/arwibon-q06-pro\/\",\"name\":\"Arwibon Q06 Pro - Ecocruiser\",\"isPartOf\":{\"@id\":\"https:\/\/projekt.vombat.ee\/eco\/#website\"},\"primaryImageOfPage\":{\"@id\":\"https:\/\/projekt.vombat.ee\/eco\/ru\/pood\/%d1%8d%d0%bb%d0%b5%d0%ba%d1%82%d1%80%d0%b8%d1%87%d0%b5%d1%81%d0%ba%d0%b8%d0%b5-%d1%81%d0%ba%d1%83%d1%82%d0%b5%d1%80%d1%8b\/%d1%82%d0%be%d0%bf-5\/arwibon-q06-pro\/#primaryimage\"},\"image\":{\"@id\":\"https:\/\/projekt.vombat.ee\/eco\/ru\/pood\/%d1%8d%d0%bb%d0%b5%d0%ba%d1%82%d1%80%d0%b8%d1%87%d0%b5%d1%81%d0%ba%d0%b8%d0%b5-%d1%81%d0%ba%d1%83%d1%82%d0%b5%d1%80%d1%8b\/%d1%82%d0%be%d0%bf-5\/arwibon-q06-pro\/#primaryimage\"},\"thumbnailUrl\":\"https:\/\/projekt.vombat.ee\/eco\/wp-content\/uploads\/2024\/03\/Untitled-design-92.png\",\"datePublished\":\"2024-04-19T12:31:12+00:00\",\"dateModified\":\"2024-04-19T12:31:12+00:00\",\"description\":\"Vii oma seiklused uuele tasemele Arwibon Q06 Pro Off-Road Elektrit\u00f5ukerattaga. Valluta radu 11-tolliste maastikurehvide ja t\u00e4ish\u00fcdrauliliste pidurite abil.Teie Off-Road teekond algab siit !Omadused:Mootor: 1000W (piirajaga)Maksimaalne l\u00e4bis\u00f5it: 90km\",\"breadcrumb\":{\"@id\":\"https:\/\/projekt.vombat.ee\/eco\/ru\/pood\/%d1%8d%d0%bb%d0%b5%d0%ba%d1%82%d1%80%d0%b8%d1%87%d0%b5%d1%81%d0%ba%d0%b8%d0%b5-%d1%81%d0%ba%d1%83%d1%82%d0%b5%d1%80%d1%8b\/%d1%82%d0%be%d0%bf-5\/arwibon-q06-pro\/#breadcrumb\"},\"inLanguage\":\"en-GB\",\"potentialAction\":[{\"@type\":\"ReadAction\",\"target\":[\"https:\/\/projekt.vombat.ee\/eco\/ru\/pood\/%d1%8d%d0%bb%d0%b5%d0%ba%d1%82%d1%80%d0%b8%d1%87%d0%b5%d1%81%d0%ba%d0%b8%d0%b5-%d1%81%d0%ba%d1%83%d1%82%d0%b5%d1%80%d1%8b\/%d1%82%d0%be%d0%bf-5\/arwibon-q06-pro\/\"]}]},{\"@type\":\"ImageObject\",\"inLanguage\":\"en-GB\",\"@id\":\"https:\/\/projekt.vombat.ee\/eco\/ru\/pood\/%d1%8d%d0%bb%d0%b5%d0%ba%d1%82%d1%80%d0%b8%d1%87%d0%b5%d1%81%d0%ba%d0%b8%d0%b5-%d1%81%d0%ba%d1%83%d1%82%d0%b5%d1%80%d1%8b\/%d1%82%d0%be%d0%bf-5\/arwibon-q06-pro\/#primaryimage\",\"url\":\"https:\/\/projekt.vombat.ee\/eco\/wp-content\/uploads\/2024\/03\/Untitled-design-92.png\",\"contentUrl\":\"https:\/\/projekt.vombat.ee\/eco\/wp-content\/uploads\/2024\/03\/Untitled-design-92.png\",\"width\":1000,\"height\":1000},{\"@type\":\"BreadcrumbList\",\"@id\":\"https:\/\/projekt.vombat.ee\/eco\/ru\/pood\/%d1%8d%d0%bb%d0%b5%d0%ba%d1%82%d1%80%d0%b8%d1%87%d0%b5%d1%81%d0%ba%d0%b8%d0%b5-%d1%81%d0%ba%d1%83%d1%82%d0%b5%d1%80%d1%8b\/%d1%82%d0%be%d0%bf-5\/arwibon-q06-pro\/#breadcrumb\",\"itemListElement\":[{\"@type\":\"ListItem\",\"position\":1,\"name\":\"Home\",\"item\":\"https:\/\/projekt.vombat.ee\/eco\/\"},{\"@type\":\"ListItem\",\"position\":2,\"name\":\"Pood\",\"item\":\"https:\/\/projekt.vombat.ee\/eco\/pood\/\"},{\"@type\":\"ListItem\",\"position\":3,\"name\":\"Arwibon Q06 Pro\"}]},{\"@type\":\"WebSite\",\"@id\":\"https:\/\/projekt.vombat.ee\/eco\/#website\",\"url\":\"https:\/\/projekt.vombat.ee\/eco\/\",\"name\":\"Ecocruiser\",\"description\":\"\",\"publisher\":{\"@id\":\"https:\/\/projekt.vombat.ee\/eco\/#organization\"},\"potentialAction\":[{\"@type\":\"SearchAction\",\"target\":{\"@type\":\"EntryPoint\",\"urlTemplate\":\"https:\/\/projekt.vombat.ee\/eco\/?s={search_term_string}\"},\"query-input\":{\"@type\":\"PropertyValueSpecification\",\"valueRequired\":true,\"valueName\":\"search_term_string\"}}],\"inLanguage\":\"en-GB\"},{\"@type\":\"Organization\",\"@id\":\"https:\/\/projekt.vombat.ee\/eco\/#organization\",\"name\":\"Ecocruiser\",\"url\":\"https:\/\/projekt.vombat.ee\/eco\/\",\"logo\":{\"@type\":\"ImageObject\",\"inLanguage\":\"en-GB\",\"@id\":\"https:\/\/projekt.vombat.ee\/eco\/#\/schema\/logo\/image\/\",\"url\":\"https:\/\/projekt.vombat.ee\/eco\/wp-content\/uploads\/2023\/03\/ECOCRUISER_5.png\",\"contentUrl\":\"https:\/\/projekt.vombat.ee\/eco\/wp-content\/uploads\/2023\/03\/ECOCRUISER_5.png\",\"width\":234,\"height\":91,\"caption\":\"Ecocruiser\"},\"image\":{\"@id\":\"https:\/\/projekt.vombat.ee\/eco\/#\/schema\/logo\/image\/\"}}]}<\/script>\n<!-- \/ Yoast SEO plugin. -->","yoast_head_json":{"title":"Arwibon Q06 Pro - Ecocruiser","description":"Vii oma seiklused uuele tasemele Arwibon Q06 Pro Off-Road Elektrit\u00f5ukerattaga. Valluta radu 11-tolliste maastikurehvide ja t\u00e4ish\u00fcdrauliliste pidurite abil.Teie Off-Road teekond algab siit !Omadused:Mootor: 1000W (piirajaga)Maksimaalne l\u00e4bis\u00f5it: 90km","robots":{"index":"noindex","follow":"follow","max-snippet":"max-snippet:-1","max-image-preview":"max-image-preview:large","max-video-preview":"max-video-preview:-1"},"og_locale":"en_GB","og_type":"article","og_title":"Arwibon Q06 Pro - Ecocruiser","og_description":"Vii oma seiklused uuele tasemele Arwibon Q06 Pro Off-Road Elektrit\u00f5ukerattaga. Valluta radu 11-tolliste maastikurehvide ja t\u00e4ish\u00fcdrauliliste pidurite abil.Teie Off-Road teekond algab siit !Omadused:Mootor: 1000W (piirajaga)Maksimaalne l\u00e4bis\u00f5it: 90km","og_url":"https:\/\/projekt.vombat.ee\/eco\/ru\/pood\/\u044d\u043b\u0435\u043a\u0442\u0440\u0438\u0447\u0435\u0441\u043a\u0438\u0435-\u0441\u043a\u0443\u0442\u0435\u0440\u044b\/\u0442\u043e\u043f-5\/arwibon-q06-pro\/","og_site_name":"Ecocruiser","og_image":[{"width":1000,"height":1000,"url":"https:\/\/projekt.vombat.ee\/eco\/wp-content\/uploads\/2024\/03\/Untitled-design-92.png","type":"image\/png"}],"twitter_card":"summary_large_image","twitter_misc":{"Estimated reading time":"1 minute"},"schema":{"@context":"https:\/\/schema.org","@graph":[{"@type":"WebPage","@id":"https:\/\/projekt.vombat.ee\/eco\/ru\/pood\/%d1%8d%d0%bb%d0%b5%d0%ba%d1%82%d1%80%d0%b8%d1%87%d0%b5%d1%81%d0%ba%d0%b8%d0%b5-%d1%81%d0%ba%d1%83%d1%82%d0%b5%d1%80%d1%8b\/%d1%82%d0%be%d0%bf-5\/arwibon-q06-pro\/","url":"https:\/\/projekt.vombat.ee\/eco\/ru\/pood\/%d1%8d%d0%bb%d0%b5%d0%ba%d1%82%d1%80%d0%b8%d1%87%d0%b5%d1%81%d0%ba%d0%b8%d0%b5-%d1%81%d0%ba%d1%83%d1%82%d0%b5%d1%80%d1%8b\/%d1%82%d0%be%d0%bf-5\/arwibon-q06-pro\/","name":"Arwibon Q06 Pro - Ecocruiser","isPartOf":{"@id":"https:\/\/projekt.vombat.ee\/eco\/#website"},"primaryImageOfPage":{"@id":"https:\/\/projekt.vombat.ee\/eco\/ru\/pood\/%d1%8d%d0%bb%d0%b5%d0%ba%d1%82%d1%80%d0%b8%d1%87%d0%b5%d1%81%d0%ba%d0%b8%d0%b5-%d1%81%d0%ba%d1%83%d1%82%d0%b5%d1%80%d1%8b\/%d1%82%d0%be%d0%bf-5\/arwibon-q06-pro\/#primaryimage"},"image":{"@id":"https:\/\/projekt.vombat.ee\/eco\/ru\/pood\/%d1%8d%d0%bb%d0%b5%d0%ba%d1%82%d1%80%d0%b8%d1%87%d0%b5%d1%81%d0%ba%d0%b8%d0%b5-%d1%81%d0%ba%d1%83%d1%82%d0%b5%d1%80%d1%8b\/%d1%82%d0%be%d0%bf-5\/arwibon-q06-pro\/#primaryimage"},"thumbnailUrl":"https:\/\/projekt.vombat.ee\/eco\/wp-content\/uploads\/2024\/03\/Untitled-design-92.png","datePublished":"2024-04-19T12:31:12+00:00","dateModified":"2024-04-19T12:31:12+00:00","description":"Vii oma seiklused uuele tasemele Arwibon Q06 Pro Off-Road Elektrit\u00f5ukerattaga. Valluta radu 11-tolliste maastikurehvide ja t\u00e4ish\u00fcdrauliliste pidurite abil.Teie Off-Road teekond algab siit !Omadused:Mootor: 1000W (piirajaga)Maksimaalne l\u00e4bis\u00f5it: 90km","breadcrumb":{"@id":"https:\/\/projekt.vombat.ee\/eco\/ru\/pood\/%d1%8d%d0%bb%d0%b5%d0%ba%d1%82%d1%80%d0%b8%d1%87%d0%b5%d1%81%d0%ba%d0%b8%d0%b5-%d1%81%d0%ba%d1%83%d1%82%d0%b5%d1%80%d1%8b\/%d1%82%d0%be%d0%bf-5\/arwibon-q06-pro\/#breadcrumb"},"inLanguage":"en-GB","potentialAction":[{"@type":"ReadAction","target":["https:\/\/projekt.vombat.ee\/eco\/ru\/pood\/%d1%8d%d0%bb%d0%b5%d0%ba%d1%82%d1%80%d0%b8%d1%87%d0%b5%d1%81%d0%ba%d0%b8%d0%b5-%d1%81%d0%ba%d1%83%d1%82%d0%b5%d1%80%d1%8b\/%d1%82%d0%be%d0%bf-5\/arwibon-q06-pro\/"]}]},{"@type":"ImageObject","inLanguage":"en-GB","@id":"https:\/\/projekt.vombat.ee\/eco\/ru\/pood\/%d1%8d%d0%bb%d0%b5%d0%ba%d1%82%d1%80%d0%b8%d1%87%d0%b5%d1%81%d0%ba%d0%b8%d0%b5-%d1%81%d0%ba%d1%83%d1%82%d0%b5%d1%80%d1%8b\/%d1%82%d0%be%d0%bf-5\/arwibon-q06-pro\/#primaryimage","url":"https:\/\/projekt.vombat.ee\/eco\/wp-content\/uploads\/2024\/03\/Untitled-design-92.png","contentUrl":"https:\/\/projekt.vombat.ee\/eco\/wp-content\/uploads\/2024\/03\/Untitled-design-92.png","width":1000,"height":1000},{"@type":"BreadcrumbList","@id":"https:\/\/projekt.vombat.ee\/eco\/ru\/pood\/%d1%8d%d0%bb%d0%b5%d0%ba%d1%82%d1%80%d0%b8%d1%87%d0%b5%d1%81%d0%ba%d0%b8%d0%b5-%d1%81%d0%ba%d1%83%d1%82%d0%b5%d1%80%d1%8b\/%d1%82%d0%be%d0%bf-5\/arwibon-q06-pro\/#breadcrumb","itemListElement":[{"@type":"ListItem","position":1,"name":"Home","item":"https:\/\/projekt.vombat.ee\/eco\/"},{"@type":"ListItem","position":2,"name":"Pood","item":"https:\/\/projekt.vombat.ee\/eco\/pood\/"},{"@type":"ListItem","position":3,"name":"Arwibon Q06 Pro"}]},{"@type":"WebSite","@id":"https:\/\/projekt.vombat.ee\/eco\/#website","url":"https:\/\/projekt.vombat.ee\/eco\/","name":"Ecocruiser","description":"","publisher":{"@id":"https:\/\/projekt.vombat.ee\/eco\/#organization"},"potentialAction":[{"@type":"SearchAction","target":{"@type":"EntryPoint","urlTemplate":"https:\/\/projekt.vombat.ee\/eco\/?s={search_term_string}"},"query-input":{"@type":"PropertyValueSpecification","valueRequired":true,"valueName":"search_term_string"}}],"inLanguage":"en-GB"},{"@type":"Organization","@id":"https:\/\/projekt.vombat.ee\/eco\/#organization","name":"Ecocruiser","url":"https:\/\/projekt.vombat.ee\/eco\/","logo":{"@type":"ImageObject","inLanguage":"en-GB","@id":"https:\/\/projekt.vombat.ee\/eco\/#\/schema\/logo\/image\/","url":"https:\/\/projekt.vombat.ee\/eco\/wp-content\/uploads\/2023\/03\/ECOCRUISER_5.png","contentUrl":"https:\/\/projekt.vombat.ee\/eco\/wp-content\/uploads\/2023\/03\/ECOCRUISER_5.png","width":234,"height":91,"caption":"Ecocruiser"},"image":{"@id":"https:\/\/projekt.vombat.ee\/eco\/#\/schema\/logo\/image\/"}}]}},"lang":"ru","translations":{"ru":16268,"et":15519},"pll_sync_post":[],"_links":{"self":[{"href":"https:\/\/projekt.vombat.ee\/eco\/wp-json\/wp\/v2\/product\/16268"}],"collection":[{"href":"https:\/\/projekt.vombat.ee\/eco\/wp-json\/wp\/v2\/product"}],"about":[{"href":"https:\/\/projekt.vombat.ee\/eco\/wp-json\/wp\/v2\/types\/product"}],"version-history":[{"count":1,"href":"https:\/\/projekt.vombat.ee\/eco\/wp-json\/wp\/v2\/product\/16268\/revisions"}],"predecessor-version":[{"id":16275,"href":"https:\/\/projekt.vombat.ee\/eco\/wp-json\/wp\/v2\/product\/16268\/revisions\/16275"}],"wp:featuredmedia":[{"embeddable":true,"href":"https:\/\/projekt.vombat.ee\/eco\/wp-json\/wp\/v2\/media\/16269"}],"wp:attachment":[{"href":"https:\/\/projekt.vombat.ee\/eco\/wp-json\/wp\/v2\/media?parent=16268"}],"wp:term":[{"taxonomy":"product_cat","embeddable":true,"href":"https:\/\/projekt.vombat.ee\/eco\/wp-json\/wp\/v2\/product_cat?post=16268"},{"taxonomy":"product_tag","embeddable":true,"href":"https:\/\/projekt.vombat.ee\/eco\/wp-json\/wp\/v2\/product_tag?post=16268"}],"curies":[{"name":"wp","href":"https:\/\/api.w.org\/{rel}","templated":true}]}}