{"id":16261,"date":"2024-04-19T12:15:41","date_gmt":"2024-04-19T12:15:41","guid":{"rendered":"https:\/\/projekt.vombat.ee\/eco\/?post_type=product&#038;p=16261"},"modified":"2024-09-17T07:34:36","modified_gmt":"2024-09-17T07:34:36","slug":"engwe-y60","status":"publish","type":"product","link":"https:\/\/projekt.vombat.ee\/eco\/ru\/pood\/%d1%8d%d0%bb%d0%b5%d0%ba%d1%82%d1%80%d0%b8%d1%87%d0%b5%d1%81%d0%ba%d0%b8%d0%b5-%d1%81%d0%ba%d1%83%d1%82%d0%b5%d1%80%d1%8b\/%d1%82%d0%be%d0%bf-5\/engwe-y60\/","title":{"rendered":"ENGWE Y60"},"content":{"rendered":"<h3>ENGWE Y60<\/h3>\n<p><img fetchpriority=\"high\" decoding=\"async\" class=\"\" src=\"https:\/\/www.geekmaxi.com\/img\/p\/3\/9\/4\/9\/8\/39498-thickbox_default.webp?_gl=1*1tkwc17*_up*MQ..*_ga*ODQxODU0NTA5LjE3MTI4NjU2MDU.*_ga_HG0KC75N9L*MTcxMjg2NTYwNC4xLjAuMTcxMjg2NTYwNC4wLjAuMTYwMDkxODUzOA..*_ga_R9YZY95D7K*MTcxMjg2NTYwNC4xLjAuMTcxMjg2NTYwNC4wLjAuMzA0NTQ3MTU3\" width=\"529\" height=\"529\" \/><\/p>\n<p>\u041e\u0441\u043d\u0430\u0449\u0435\u043d \u0434\u0432\u0438\u0433\u0430\u0442\u0435\u043b\u0435\u043c \u043c\u043e\u0449\u043d\u043e\u0441\u0442\u044c\u044e 600 \u0412\u0442 \u0441 \u043f\u0438\u043a\u043e\u0432\u043e\u0439 \u043c\u043e\u0449\u043d\u043e\u0441\u0442\u044c\u044e 830 \u0412\u0442, \u043a\u043e\u0442\u043e\u0440\u043e\u0433\u043e \u0434\u043e\u0441\u0442\u0430\u0442\u043e\u0447\u043d\u043e \u0434\u043b\u044f \u0431\u044b\u0441\u0442\u0440\u043e\u0433\u043e \u0441\u0442\u0430\u0440\u0442\u0430 \u0438 \u043f\u0440\u0435\u043e\u0434\u043e\u043b\u0435\u043d\u0438\u044f \u043f\u043e\u0434\u044a\u0435\u043c\u043e\u0432 \u043a\u0440\u0443\u0442\u0438\u0437\u043d\u043e\u0439 \u0434\u043e 15\u00b0, \u0447\u0442\u043e \u043e\u0431\u043b\u0435\u0433\u0447\u0430\u0435\u0442 \u0432\u043e\u0436\u0434\u0435\u043d\u0438\u0435. \u041c\u0430\u043a\u0441\u0438\u043c\u0430\u043b\u044c\u043d\u0430\u044f \u0441\u043a\u043e\u0440\u043e\u0441\u0442\u044c \u043c\u043e\u0436\u0435\u0442 \u0434\u043e\u0441\u0442\u0438\u0433\u0430\u0442\u044c 25 \u043a\u043c\/\u0447.<\/p>\n<p><strong>\u0412\u044b\u0441\u043e\u043a\u043e\u043f\u0440\u043e\u0438\u0437\u0432\u043e\u0434\u0438\u0442\u0435\u043b\u044c\u043d\u044b\u0439 \u0430\u043a\u043a\u0443\u043c\u0443\u043b\u044f\u0442\u043e\u0440 48 \u0412, 18,2 \u0410\u0447<\/strong><\/p>\n<p>\u0412\u044b\u0441\u043e\u043a\u043e\u043a\u0430\u0447\u0435\u0441\u0442\u0432\u0435\u043d\u043d\u0430\u044f \u0430\u043a\u043a\u0443\u043c\u0443\u043b\u044f\u0442\u043e\u0440\u043d\u0430\u044f \u0431\u0430\u0442\u0430\u0440\u0435\u044f 48 \u0412 18,2 \u0410\u0447 \u043e\u0431\u0435\u0441\u043f\u0435\u0447\u0438\u0432\u0430\u0435\u0442 \u043e\u0442\u043b\u0438\u0447\u043d\u044b\u0439 \u0437\u0430\u043f\u0430\u0441 \u0445\u043e\u0434\u0430: \u043c\u0430\u043a\u0441\u0438\u043c\u0430\u043b\u044c\u043d\u044b\u0439 \u0437\u0430\u043f\u0430\u0441 \u0445\u043e\u0434\u0430 \u0441\u043e\u0441\u0442\u0430\u0432\u043b\u044f\u0435\u0442 70 \u043a\u043c.<\/p>\n<p><strong>\u041a\u043e\u043c\u0444\u043e\u0440\u0442\u043d\u043e\u0435 \u0432\u043e\u0436\u0434\u0435\u043d\u0438\u0435<\/strong><\/p>\n<p>Y60, \u043e\u0441\u043d\u0430\u0449\u0435\u043d\u043d\u044b\u0439 \u0443\u043d\u0438\u0432\u0435\u0440\u0441\u0430\u043b\u044c\u043d\u043e\u0439 \u043f\u043e\u0434\u0432\u0435\u0441\u043a\u043e\u0439 \u0438 \u0448\u0438\u043d\u0430\u043c\u0438 \u0442\u043e\u043b\u0449\u0438\u043d\u043e\u0439 10*4,0, \u043e\u0431\u0435\u0441\u043f\u0435\u0447\u0438\u0432\u0430\u0435\u0442 \u043e\u0442\u043b\u0438\u0447\u043d\u044b\u0435 \u0432\u043f\u0435\u0447\u0430\u0442\u043b\u0435\u043d\u0438\u044f \u043e\u0442 \u0432\u043e\u0436\u0434\u0435\u043d\u0438\u044f \u0438 \u043b\u0435\u0433\u043a\u043e \u0441\u043f\u0440\u0430\u0432\u043b\u044f\u0435\u0442\u0441\u044f \u0441 \u043f\u0435\u0440\u0435\u0441\u0435\u0447\u0435\u043d\u043d\u043e\u0439 \u043c\u0435\u0441\u0442\u043d\u043e\u0441\u0442\u044c\u044e.<\/p>\n<p><strong>\u0421\u0438\u0441\u0442\u0435\u043c\u0430 \u043e\u0441\u0432\u0435\u0449\u0435\u043d\u0438\u044f<\/strong><\/p>\n<p>\u0423\u043f\u0440\u0430\u0432\u043b\u044f\u0442\u044c \u0441\u0438\u0441\u0442\u0435\u043c\u043e\u0439 \u043e\u0441\u0432\u0435\u0449\u0435\u043d\u0438\u044f \u043c\u043e\u0436\u043d\u043e \u043b\u0435\u0433\u043a\u043e \u0441 \u043f\u043e\u043c\u043e\u0449\u044c\u044e \u043a\u043d\u043e\u043f\u043a\u0438 \u043d\u0430 \u0440\u0443\u043b\u0435. \u041d\u0430\u0448\u0430 \u044d\u043a\u0441\u043a\u043b\u044e\u0437\u0438\u0432\u043d\u0430\u044f \u0441\u0438\u0441\u0442\u0435\u043c\u0430 \u043f\u0440\u043e\u0441\u0442\u0440\u0430\u043d\u0441\u0442\u0432\u0435\u043d\u043d\u043e\u0433\u043e \u043e\u0441\u0432\u0435\u0449\u0435\u043d\u0438\u044f \u043e\u0431\u0435\u0441\u043f\u0435\u0447\u0438\u0432\u0430\u0435\u0442 \u043f\u043e\u043b\u043d\u0443\u044e \u0431\u0435\u0437\u043e\u043f\u0430\u0441\u043d\u043e\u0441\u0442\u044c.<\/p>\n<p><strong>\u0421\u044a\u0435\u043c\u043d\u043e\u0435 \u0441\u0438\u0434\u0435\u043d\u044c\u0435<\/strong><\/p>\n<p>\u041c\u043e\u0434\u0435\u043b\u044c Y60 \u0438\u043c\u0435\u0435\u0442 \u0441\u044a\u0435\u043c\u043d\u043e\u0435 \u0441\u0438\u0434\u0435\u043d\u044c\u0435, \u0447\u0442\u043e \u043e\u0431\u0435\u0441\u043f\u0435\u0447\u0438\u0432\u0430\u0435\u0442 \u0434\u043e\u043f\u043e\u043b\u043d\u0438\u0442\u0435\u043b\u044c\u043d\u0443\u044e \u0443\u043d\u0438\u0432\u0435\u0440\u0441\u0430\u043b\u044c\u043d\u043e\u0441\u0442\u044c.<\/p>\n<p><strong>\u041b\u0435\u0433\u043a\u043e\u0435 \u0441\u043a\u043b\u0430\u0434\u044b\u0432\u0430\u043d\u0438\u0435<\/strong><\/p>\n<p>\u0411\u043b\u0430\u0433\u043e\u0434\u0430\u0440\u044f \u0441\u043a\u043b\u0430\u0434\u043d\u043e\u0439 \u043a\u043e\u043d\u0441\u0442\u0440\u0443\u043a\u0446\u0438\u0438 \u0440\u0430\u043c\u0443 \u043c\u043e\u0436\u043d\u043e \u0441\u043e\u0431\u0440\u0430\u0442\u044c \u0432\u0441\u0435\u0433\u043e \u0437\u0430 3 \u0448\u0430\u0433\u0430 \u0438 \u043b\u0435\u0433\u043a\u043e \u0445\u0440\u0430\u043d\u0438\u0442\u044c \u0432 \u0431\u0430\u0433\u0430\u0436\u043d\u0438\u043a\u0435, \u0447\u0442\u043e \u0434\u0435\u043b\u0430\u0435\u0442 \u0435\u0435 \u0431\u043e\u043b\u0435\u0435 \u0443\u0434\u043e\u0431\u043d\u043e\u0439 \u0434\u043b\u044f \u043f\u0435\u0440\u0435\u043d\u043e\u0441\u043a\u0438.<\/p>\n<p>&nbsp;<\/p>\n<p><strong>\u0418\u043d\u0444\u043e\u0440\u043c\u0430\u0446\u0438\u044f<\/strong><\/p>\n<p>\u041c\u043e\u0442\u043e\u0440: 600 \u0412\u0442<br \/>\n\u0428\u0438\u043d\u044b: \u0448\u0438\u043d\u044b 10*4,0<br \/>\n\u0422\u043e\u0440\u043c\u043e\u0437: \u041c\u0435\u0445\u0430\u043d\u0438\u0447\u0435\u0441\u043a\u0438\u0439 \u0434\u0438\u0441\u043a\u043e\u0432\u044b\u0439 \u0442\u043e\u0440\u043c\u043e\u0437<br \/>\n\u0417\u0430\u043f\u0430\u0441 \u0445\u043e\u0434\u0430: 70 \u043a\u043c<br \/>\n\u041a\u0440\u0443\u0442\u044f\u0449\u0438\u0439 \u043c\u043e\u043c\u0435\u043d\u0442: 28 \u041d\u043c<br \/>\n\u041c\u0430\u043a\u0441\u0438\u043c\u0430\u043b\u044c\u043d\u044b\u0439 \u0443\u043a\u043b\u043e\u043d: 15\u00b0<br \/>\n\u041a\u043b\u0430\u0441\u0441 \u0432\u043e\u0434\u043e\u043d\u0435\u043f\u0440\u043e\u043d\u0438\u0446\u0430\u0435\u043c\u043e\u0441\u0442\u0438: IPX5.<br \/>\n\u0411\u0430\u0442\u0430\u0440\u0435\u044f: \u043b\u0438\u0442\u0438\u0439-\u0438\u043e\u043d\u043d\u0430\u044f \u0431\u0430\u0442\u0430\u0440\u0435\u044f 48 \u0412, 18,2 \u0410\u0447.<br \/>\n\u0412\u0440\u0435\u043c\u044f \u0437\u0430\u0440\u044f\u0434\u043a\u0438: \u043e\u043a\u043e\u043b\u043e 8 \u0447\u0430\u0441\u043e\u0432<br \/>\n\u0412\u0435\u0441: 26,5 \u043a\u0433<\/p>\n<p>\u0413\u0440\u0443\u0437\u043e\u043f\u043e\u0434\u044a\u0435\u043c\u043d\u043e\u0441\u0442\u044c: 120 \u043a\u0433<br \/>\n\u0420\u0430\u0437\u043c\u0435\u0440\u044b \u0443\u043f\u0430\u043a\u043e\u0432\u043a\u0438 (\u0414\u0428): 122x24x48 \u0441\u043c.<\/p>\n<p><img decoding=\"async\" class=\"\" src=\"https:\/\/engwe-bikes-eu.com\/cdn\/shop\/files\/3_c7fb5109-5f03-497c-a12a-b57b99c239a6.png?v=1709195124\" width=\"382\" height=\"289\" \/><\/p>\n<p>A \u2014 \u043c\u0438\u043d\u0438\u043c\u0430\u043b\u044c\u043d\u0430\u044f \u0432\u044b\u0441\u043e\u0442\u0430 \u0440\u0443\u043b\u044f<br \/>\n98 \u0441\u043c<br \/>\nB \u2013 \u043c\u0430\u043a\u0441\u0438\u043c\u0430\u043b\u044c\u043d\u0430\u044f \u0432\u044b\u0441\u043e\u0442\u0430 \u0440\u0443\u043b\u044f<br \/>\n123 \u0441\u043c<br \/>\n\u0421 \u2013 \u043e\u0431\u0449\u0430\u044f \u0434\u043b\u0438\u043d\u0430<br \/>\n118 \u0441\u043c<br \/>\nD \u2014 \u043c\u0438\u043d\u0438\u043c\u0430\u043b\u044c\u043d\u0430\u044f \u0432\u044b\u0441\u043e\u0442\u0430 \u0441\u0435\u0434\u043b\u0430<br \/>\n60 \u0441\u043c<br \/>\nE-\u041c\u0430\u043a\u0441\u0438\u043c\u0430\u043b\u044c\u043d\u0430\u044f \u0432\u044b\u0441\u043e\u0442\u0430 \u0441\u0435\u0434\u043b\u0430<br \/>\n77 \u0441\u043c<\/p>\n<p>\u0420\u0430\u0437\u043c\u0435\u0440 \u0432 \u0441\u043b\u043e\u0436\u0435\u043d\u043d\u043e\u043c \u0432\u0438\u0434\u0435: 118*28*47 \u0441\u043c.<\/p>\n<p><img decoding=\"async\" src=\"https:\/\/engwe-bikes-eu.com\/cdn\/shop\/files\/2_2d35ee8f-0bc9-4caf-9c3f-c1795336ad6c.png?v=1709193521\" \/><\/p>\n<p>\u0410&#8211; \u0412\u044b\u0441\u043e\u0442\u0430<br \/>\n47 \u0441\u043c<br \/>\n\u0411 \u2013 \u0434\u043b\u0438\u043d\u0430<br \/>\n118 \u0441\u043c<br \/>\n\u0421 \u2013 \u0448\u0438\u0440\u0438\u043d\u0430<br \/>\n28 \u0441\u043c<\/p>\n<p><strong>\u0412 \u043a\u043e\u043c\u043f\u043b\u0435\u043a\u0442 \u0432\u0445\u043e\u0434\u0438\u0442:<\/strong><\/p>\n<p>Y60 \u0445 1<br \/>\n\u0410\u043a\u043a\u0443\u043c\u0443\u043b\u044f\u0442\u043e\u0440 48 \u0412, 18,2 \u0410\u0447 \u0445 1<br \/>\n\u0417\u0430\u0440\u044f\u0434\u043d\u043e\u0435 \u0443\u0441\u0442\u0440\u043e\u0439\u0441\u0442\u0432\u043e x 1<br \/>\n\u0418\u043d\u0441\u0442\u0440\u0443\u043c\u0435\u043d\u0442\u044b \u0434\u043b\u044f \u0441\u0431\u043e\u0440\u043a\u0438 \u0445 1<br \/>\n\u0420\u0443\u043a\u043e\u0432\u043e\u0434\u0441\u0442\u0432\u043e \u043f\u043e\u043b\u044c\u0437\u043e\u0432\u0430\u0442\u0435\u043b\u044f \u0445 1<\/p>\n<p><img decoding=\"async\" src=\"https:\/\/a.allegroimg.com\/original\/110f3b\/8995647c4f43bdf989a46fb11bab\/Skladana-Hulajnoga-Elektryczna-ENGWE-Y600-830W-45KM-H-48V-18-2AH-Wheel-diameter-inch-10\" alt=\"Sk\u0142adana Hulajnoga Elektryczna ENGWE Y600 830W 45KM\/H 48V 18.2AH Wheel diameter (inch) 10&quot;\" \/><\/p>\n<p>&nbsp;<\/p>\n","protected":false},"excerpt":{"rendered":"<p>ENGWE Y60 \u041e\u0441\u043d\u0430\u0449\u0435\u043d \u0434\u0432\u0438\u0433\u0430\u0442\u0435\u043b\u0435\u043c \u043c\u043e\u0449\u043d\u043e\u0441\u0442\u044c\u044e 600 \u0412\u0442 \u0441 \u043f\u0438\u043a\u043e\u0432\u043e\u0439 \u043c\u043e\u0449\u043d\u043e\u0441\u0442\u044c\u044e 830 \u0412\u0442, \u043a\u043e\u0442\u043e\u0440\u043e\u0433\u043e \u0434\u043e\u0441\u0442\u0430\u0442\u043e\u0447\u043d\u043e \u0434\u043b\u044f \u0431\u044b\u0441\u0442\u0440\u043e\u0433\u043e \u0441\u0442\u0430\u0440\u0442\u0430 \u0438 \u043f\u0440\u0435\u043e\u0434\u043e\u043b\u0435\u043d\u0438\u044f \u043f\u043e\u0434\u044a\u0435\u043c\u043e\u0432 \u043a\u0440\u0443\u0442\u0438\u0437\u043d\u043e\u0439 \u0434\u043e 15\u00b0, \u0447\u0442\u043e \u043e\u0431\u043b\u0435\u0433\u0447\u0430\u0435\u0442 \u0432\u043e\u0436\u0434\u0435\u043d\u0438\u0435. \u041c\u0430\u043a\u0441\u0438\u043c\u0430\u043b\u044c\u043d\u0430\u044f \u0441\u043a\u043e\u0440\u043e\u0441\u0442\u044c \u043c\u043e\u0436\u0435\u0442 \u0434\u043e\u0441\u0442\u0438\u0433\u0430\u0442\u044c 25 \u043a\u043c\/\u0447. \u0412\u044b\u0441\u043e\u043a\u043e\u043f\u0440\u043e\u0438\u0437\u0432\u043e\u0434\u0438\u0442\u0435\u043b\u044c\u043d\u044b\u0439 \u0430\u043a\u043a\u0443\u043c\u0443\u043b\u044f\u0442\u043e\u0440 48 \u0412, 18,2 \u0410\u0447 \u0412\u044b\u0441\u043e\u043a\u043e\u043a\u0430\u0447\u0435\u0441\u0442\u0432\u0435\u043d\u043d\u0430\u044f \u0430\u043a\u043a\u0443\u043c\u0443\u043b\u044f\u0442\u043e\u0440\u043d\u0430\u044f \u0431\u0430\u0442\u0430\u0440\u0435\u044f 48 \u0412 18,2 \u0410\u0447 \u043e\u0431\u0435\u0441\u043f\u0435\u0447\u0438\u0432\u0430\u0435\u0442 \u043e\u0442\u043b\u0438\u0447\u043d\u044b\u0439 \u0437\u0430\u043f\u0430\u0441 \u0445\u043e\u0434\u0430: \u043c\u0430\u043a\u0441\u0438\u043c\u0430\u043b\u044c\u043d\u044b\u0439 \u0437\u0430\u043f\u0430\u0441 \u0445\u043e\u0434\u0430 \u0441\u043e\u0441\u0442\u0430\u0432\u043b\u044f\u0435\u0442 70 \u043a\u043c. \u041a\u043e\u043c\u0444\u043e\u0440\u0442\u043d\u043e\u0435 \u0432\u043e\u0436\u0434\u0435\u043d\u0438\u0435 Y60, \u043e\u0441\u043d\u0430\u0449\u0435\u043d\u043d\u044b\u0439 \u0443\u043d\u0438\u0432\u0435\u0440\u0441\u0430\u043b\u044c\u043d\u043e\u0439\u2026<\/p>\n","protected":false},"featured_media":16262,"template":"","meta":[],"product_cat":[1712,211],"product_tag":[],"class_list":{"0":"post-16261","1":"product","2":"type-product","3":"status-publish","4":"has-post-thumbnail","6":"product_cat-1712","7":"product_cat-211","9":"first","10":"instock","11":"sale","12":"taxable","13":"shipping-taxable","14":"purchasable","15":"product-type-simple"},"yoast_head":"<!-- This site is optimized with the Yoast SEO plugin v23.8 - https:\/\/yoast.com\/wordpress\/plugins\/seo\/ -->\n<title>ENGWE Y60 - Ecocruiser<\/title>\n<meta name=\"description\" content=\"ENGWE Y60 elektriline t\u00f5ukeratas\u00a0pakub sulle mugavat ja turvalist s\u00f5itu. Ideaalne valik neile, kes otsivad parima hinna-kvaliteedi suhtega t\u00f5ukeratast. ENGWE Y60 18.2Ah aku v\u00f5imaldab l\u00e4bida kuni 70 km \u00fche laadimisega.\" \/>\n<meta name=\"robots\" content=\"noindex, follow, max-snippet:-1, max-image-preview:large, max-video-preview:-1\" \/>\n<meta property=\"og:locale\" content=\"en_GB\" \/>\n<meta property=\"og:type\" content=\"article\" \/>\n<meta property=\"og:title\" content=\"ENGWE Y60 - Ecocruiser\" \/>\n<meta property=\"og:description\" content=\"ENGWE Y60 elektriline t\u00f5ukeratas\u00a0pakub sulle mugavat ja turvalist s\u00f5itu. Ideaalne valik neile, kes otsivad parima hinna-kvaliteedi suhtega t\u00f5ukeratast. ENGWE Y60 18.2Ah aku v\u00f5imaldab l\u00e4bida kuni 70 km \u00fche laadimisega.\" \/>\n<meta property=\"og:url\" content=\"https:\/\/projekt.vombat.ee\/eco\/ru\/pood\/\u044d\u043b\u0435\u043a\u0442\u0440\u0438\u0447\u0435\u0441\u043a\u0438\u0435-\u0441\u043a\u0443\u0442\u0435\u0440\u044b\/\u0442\u043e\u043f-5\/engwe-y60\/\" \/>\n<meta property=\"og:site_name\" content=\"Ecocruiser\" \/>\n<meta property=\"article:modified_time\" content=\"2024-09-17T07:34:36+00:00\" \/>\n<meta property=\"og:image\" content=\"https:\/\/projekt.vombat.ee\/eco\/wp-content\/uploads\/2024\/04\/Untitled-design-2024-04-11T231420.573.png\" \/>\n\t<meta property=\"og:image:width\" content=\"1000\" \/>\n\t<meta property=\"og:image:height\" content=\"1000\" \/>\n\t<meta property=\"og:image:type\" content=\"image\/png\" \/>\n<meta name=\"twitter:card\" content=\"summary_large_image\" \/>\n<meta name=\"twitter:label1\" content=\"Estimated reading time\" \/>\n\t<meta name=\"twitter:data1\" content=\"3 minutes\" \/>\n<script type=\"application\/ld+json\" class=\"yoast-schema-graph\">{\"@context\":\"https:\/\/schema.org\",\"@graph\":[{\"@type\":\"WebPage\",\"@id\":\"https:\/\/projekt.vombat.ee\/eco\/ru\/pood\/%d1%8d%d0%bb%d0%b5%d0%ba%d1%82%d1%80%d0%b8%d1%87%d0%b5%d1%81%d0%ba%d0%b8%d0%b5-%d1%81%d0%ba%d1%83%d1%82%d0%b5%d1%80%d1%8b\/%d1%82%d0%be%d0%bf-5\/engwe-y60\/\",\"url\":\"https:\/\/projekt.vombat.ee\/eco\/ru\/pood\/%d1%8d%d0%bb%d0%b5%d0%ba%d1%82%d1%80%d0%b8%d1%87%d0%b5%d1%81%d0%ba%d0%b8%d0%b5-%d1%81%d0%ba%d1%83%d1%82%d0%b5%d1%80%d1%8b\/%d1%82%d0%be%d0%bf-5\/engwe-y60\/\",\"name\":\"ENGWE Y60 - Ecocruiser\",\"isPartOf\":{\"@id\":\"https:\/\/projekt.vombat.ee\/eco\/#website\"},\"primaryImageOfPage\":{\"@id\":\"https:\/\/projekt.vombat.ee\/eco\/ru\/pood\/%d1%8d%d0%bb%d0%b5%d0%ba%d1%82%d1%80%d0%b8%d1%87%d0%b5%d1%81%d0%ba%d0%b8%d0%b5-%d1%81%d0%ba%d1%83%d1%82%d0%b5%d1%80%d1%8b\/%d1%82%d0%be%d0%bf-5\/engwe-y60\/#primaryimage\"},\"image\":{\"@id\":\"https:\/\/projekt.vombat.ee\/eco\/ru\/pood\/%d1%8d%d0%bb%d0%b5%d0%ba%d1%82%d1%80%d0%b8%d1%87%d0%b5%d1%81%d0%ba%d0%b8%d0%b5-%d1%81%d0%ba%d1%83%d1%82%d0%b5%d1%80%d1%8b\/%d1%82%d0%be%d0%bf-5\/engwe-y60\/#primaryimage\"},\"thumbnailUrl\":\"https:\/\/projekt.vombat.ee\/eco\/wp-content\/uploads\/2024\/04\/Untitled-design-2024-04-11T231420.573.png\",\"datePublished\":\"2024-04-19T12:15:41+00:00\",\"dateModified\":\"2024-09-17T07:34:36+00:00\",\"description\":\"ENGWE Y60 elektriline t\u00f5ukeratas\u00a0pakub sulle mugavat ja turvalist s\u00f5itu. Ideaalne valik neile, kes otsivad parima hinna-kvaliteedi suhtega t\u00f5ukeratast. ENGWE Y60 18.2Ah aku v\u00f5imaldab l\u00e4bida kuni 70 km \u00fche laadimisega.\",\"breadcrumb\":{\"@id\":\"https:\/\/projekt.vombat.ee\/eco\/ru\/pood\/%d1%8d%d0%bb%d0%b5%d0%ba%d1%82%d1%80%d0%b8%d1%87%d0%b5%d1%81%d0%ba%d0%b8%d0%b5-%d1%81%d0%ba%d1%83%d1%82%d0%b5%d1%80%d1%8b\/%d1%82%d0%be%d0%bf-5\/engwe-y60\/#breadcrumb\"},\"inLanguage\":\"en-GB\",\"potentialAction\":[{\"@type\":\"ReadAction\",\"target\":[\"https:\/\/projekt.vombat.ee\/eco\/ru\/pood\/%d1%8d%d0%bb%d0%b5%d0%ba%d1%82%d1%80%d0%b8%d1%87%d0%b5%d1%81%d0%ba%d0%b8%d0%b5-%d1%81%d0%ba%d1%83%d1%82%d0%b5%d1%80%d1%8b\/%d1%82%d0%be%d0%bf-5\/engwe-y60\/\"]}]},{\"@type\":\"ImageObject\",\"inLanguage\":\"en-GB\",\"@id\":\"https:\/\/projekt.vombat.ee\/eco\/ru\/pood\/%d1%8d%d0%bb%d0%b5%d0%ba%d1%82%d1%80%d0%b8%d1%87%d0%b5%d1%81%d0%ba%d0%b8%d0%b5-%d1%81%d0%ba%d1%83%d1%82%d0%b5%d1%80%d1%8b\/%d1%82%d0%be%d0%bf-5\/engwe-y60\/#primaryimage\",\"url\":\"https:\/\/projekt.vombat.ee\/eco\/wp-content\/uploads\/2024\/04\/Untitled-design-2024-04-11T231420.573.png\",\"contentUrl\":\"https:\/\/projekt.vombat.ee\/eco\/wp-content\/uploads\/2024\/04\/Untitled-design-2024-04-11T231420.573.png\",\"width\":1000,\"height\":1000},{\"@type\":\"BreadcrumbList\",\"@id\":\"https:\/\/projekt.vombat.ee\/eco\/ru\/pood\/%d1%8d%d0%bb%d0%b5%d0%ba%d1%82%d1%80%d0%b8%d1%87%d0%b5%d1%81%d0%ba%d0%b8%d0%b5-%d1%81%d0%ba%d1%83%d1%82%d0%b5%d1%80%d1%8b\/%d1%82%d0%be%d0%bf-5\/engwe-y60\/#breadcrumb\",\"itemListElement\":[{\"@type\":\"ListItem\",\"position\":1,\"name\":\"Home\",\"item\":\"https:\/\/projekt.vombat.ee\/eco\/\"},{\"@type\":\"ListItem\",\"position\":2,\"name\":\"Pood\",\"item\":\"https:\/\/projekt.vombat.ee\/eco\/pood\/\"},{\"@type\":\"ListItem\",\"position\":3,\"name\":\"ENGWE Y60\"}]},{\"@type\":\"WebSite\",\"@id\":\"https:\/\/projekt.vombat.ee\/eco\/#website\",\"url\":\"https:\/\/projekt.vombat.ee\/eco\/\",\"name\":\"Ecocruiser\",\"description\":\"\",\"publisher\":{\"@id\":\"https:\/\/projekt.vombat.ee\/eco\/#organization\"},\"potentialAction\":[{\"@type\":\"SearchAction\",\"target\":{\"@type\":\"EntryPoint\",\"urlTemplate\":\"https:\/\/projekt.vombat.ee\/eco\/?s={search_term_string}\"},\"query-input\":{\"@type\":\"PropertyValueSpecification\",\"valueRequired\":true,\"valueName\":\"search_term_string\"}}],\"inLanguage\":\"en-GB\"},{\"@type\":\"Organization\",\"@id\":\"https:\/\/projekt.vombat.ee\/eco\/#organization\",\"name\":\"Ecocruiser\",\"url\":\"https:\/\/projekt.vombat.ee\/eco\/\",\"logo\":{\"@type\":\"ImageObject\",\"inLanguage\":\"en-GB\",\"@id\":\"https:\/\/projekt.vombat.ee\/eco\/#\/schema\/logo\/image\/\",\"url\":\"https:\/\/projekt.vombat.ee\/eco\/wp-content\/uploads\/2023\/03\/ECOCRUISER_5.png\",\"contentUrl\":\"https:\/\/projekt.vombat.ee\/eco\/wp-content\/uploads\/2023\/03\/ECOCRUISER_5.png\",\"width\":234,\"height\":91,\"caption\":\"Ecocruiser\"},\"image\":{\"@id\":\"https:\/\/projekt.vombat.ee\/eco\/#\/schema\/logo\/image\/\"}}]}<\/script>\n<!-- \/ Yoast SEO plugin. -->","yoast_head_json":{"title":"ENGWE Y60 - Ecocruiser","description":"ENGWE Y60 elektriline t\u00f5ukeratas\u00a0pakub sulle mugavat ja turvalist s\u00f5itu. Ideaalne valik neile, kes otsivad parima hinna-kvaliteedi suhtega t\u00f5ukeratast. ENGWE Y60 18.2Ah aku v\u00f5imaldab l\u00e4bida kuni 70 km \u00fche laadimisega.","robots":{"index":"noindex","follow":"follow","max-snippet":"max-snippet:-1","max-image-preview":"max-image-preview:large","max-video-preview":"max-video-preview:-1"},"og_locale":"en_GB","og_type":"article","og_title":"ENGWE Y60 - Ecocruiser","og_description":"ENGWE Y60 elektriline t\u00f5ukeratas\u00a0pakub sulle mugavat ja turvalist s\u00f5itu. Ideaalne valik neile, kes otsivad parima hinna-kvaliteedi suhtega t\u00f5ukeratast. ENGWE Y60 18.2Ah aku v\u00f5imaldab l\u00e4bida kuni 70 km \u00fche laadimisega.","og_url":"https:\/\/projekt.vombat.ee\/eco\/ru\/pood\/\u044d\u043b\u0435\u043a\u0442\u0440\u0438\u0447\u0435\u0441\u043a\u0438\u0435-\u0441\u043a\u0443\u0442\u0435\u0440\u044b\/\u0442\u043e\u043f-5\/engwe-y60\/","og_site_name":"Ecocruiser","article_modified_time":"2024-09-17T07:34:36+00:00","og_image":[{"width":1000,"height":1000,"url":"https:\/\/projekt.vombat.ee\/eco\/wp-content\/uploads\/2024\/04\/Untitled-design-2024-04-11T231420.573.png","type":"image\/png"}],"twitter_card":"summary_large_image","twitter_misc":{"Estimated reading time":"3 minutes"},"schema":{"@context":"https:\/\/schema.org","@graph":[{"@type":"WebPage","@id":"https:\/\/projekt.vombat.ee\/eco\/ru\/pood\/%d1%8d%d0%bb%d0%b5%d0%ba%d1%82%d1%80%d0%b8%d1%87%d0%b5%d1%81%d0%ba%d0%b8%d0%b5-%d1%81%d0%ba%d1%83%d1%82%d0%b5%d1%80%d1%8b\/%d1%82%d0%be%d0%bf-5\/engwe-y60\/","url":"https:\/\/projekt.vombat.ee\/eco\/ru\/pood\/%d1%8d%d0%bb%d0%b5%d0%ba%d1%82%d1%80%d0%b8%d1%87%d0%b5%d1%81%d0%ba%d0%b8%d0%b5-%d1%81%d0%ba%d1%83%d1%82%d0%b5%d1%80%d1%8b\/%d1%82%d0%be%d0%bf-5\/engwe-y60\/","name":"ENGWE Y60 - Ecocruiser","isPartOf":{"@id":"https:\/\/projekt.vombat.ee\/eco\/#website"},"primaryImageOfPage":{"@id":"https:\/\/projekt.vombat.ee\/eco\/ru\/pood\/%d1%8d%d0%bb%d0%b5%d0%ba%d1%82%d1%80%d0%b8%d1%87%d0%b5%d1%81%d0%ba%d0%b8%d0%b5-%d1%81%d0%ba%d1%83%d1%82%d0%b5%d1%80%d1%8b\/%d1%82%d0%be%d0%bf-5\/engwe-y60\/#primaryimage"},"image":{"@id":"https:\/\/projekt.vombat.ee\/eco\/ru\/pood\/%d1%8d%d0%bb%d0%b5%d0%ba%d1%82%d1%80%d0%b8%d1%87%d0%b5%d1%81%d0%ba%d0%b8%d0%b5-%d1%81%d0%ba%d1%83%d1%82%d0%b5%d1%80%d1%8b\/%d1%82%d0%be%d0%bf-5\/engwe-y60\/#primaryimage"},"thumbnailUrl":"https:\/\/projekt.vombat.ee\/eco\/wp-content\/uploads\/2024\/04\/Untitled-design-2024-04-11T231420.573.png","datePublished":"2024-04-19T12:15:41+00:00","dateModified":"2024-09-17T07:34:36+00:00","description":"ENGWE Y60 elektriline t\u00f5ukeratas\u00a0pakub sulle mugavat ja turvalist s\u00f5itu. Ideaalne valik neile, kes otsivad parima hinna-kvaliteedi suhtega t\u00f5ukeratast. ENGWE Y60 18.2Ah aku v\u00f5imaldab l\u00e4bida kuni 70 km \u00fche laadimisega.","breadcrumb":{"@id":"https:\/\/projekt.vombat.ee\/eco\/ru\/pood\/%d1%8d%d0%bb%d0%b5%d0%ba%d1%82%d1%80%d0%b8%d1%87%d0%b5%d1%81%d0%ba%d0%b8%d0%b5-%d1%81%d0%ba%d1%83%d1%82%d0%b5%d1%80%d1%8b\/%d1%82%d0%be%d0%bf-5\/engwe-y60\/#breadcrumb"},"inLanguage":"en-GB","potentialAction":[{"@type":"ReadAction","target":["https:\/\/projekt.vombat.ee\/eco\/ru\/pood\/%d1%8d%d0%bb%d0%b5%d0%ba%d1%82%d1%80%d0%b8%d1%87%d0%b5%d1%81%d0%ba%d0%b8%d0%b5-%d1%81%d0%ba%d1%83%d1%82%d0%b5%d1%80%d1%8b\/%d1%82%d0%be%d0%bf-5\/engwe-y60\/"]}]},{"@type":"ImageObject","inLanguage":"en-GB","@id":"https:\/\/projekt.vombat.ee\/eco\/ru\/pood\/%d1%8d%d0%bb%d0%b5%d0%ba%d1%82%d1%80%d0%b8%d1%87%d0%b5%d1%81%d0%ba%d0%b8%d0%b5-%d1%81%d0%ba%d1%83%d1%82%d0%b5%d1%80%d1%8b\/%d1%82%d0%be%d0%bf-5\/engwe-y60\/#primaryimage","url":"https:\/\/projekt.vombat.ee\/eco\/wp-content\/uploads\/2024\/04\/Untitled-design-2024-04-11T231420.573.png","contentUrl":"https:\/\/projekt.vombat.ee\/eco\/wp-content\/uploads\/2024\/04\/Untitled-design-2024-04-11T231420.573.png","width":1000,"height":1000},{"@type":"BreadcrumbList","@id":"https:\/\/projekt.vombat.ee\/eco\/ru\/pood\/%d1%8d%d0%bb%d0%b5%d0%ba%d1%82%d1%80%d0%b8%d1%87%d0%b5%d1%81%d0%ba%d0%b8%d0%b5-%d1%81%d0%ba%d1%83%d1%82%d0%b5%d1%80%d1%8b\/%d1%82%d0%be%d0%bf-5\/engwe-y60\/#breadcrumb","itemListElement":[{"@type":"ListItem","position":1,"name":"Home","item":"https:\/\/projekt.vombat.ee\/eco\/"},{"@type":"ListItem","position":2,"name":"Pood","item":"https:\/\/projekt.vombat.ee\/eco\/pood\/"},{"@type":"ListItem","position":3,"name":"ENGWE Y60"}]},{"@type":"WebSite","@id":"https:\/\/projekt.vombat.ee\/eco\/#website","url":"https:\/\/projekt.vombat.ee\/eco\/","name":"Ecocruiser","description":"","publisher":{"@id":"https:\/\/projekt.vombat.ee\/eco\/#organization"},"potentialAction":[{"@type":"SearchAction","target":{"@type":"EntryPoint","urlTemplate":"https:\/\/projekt.vombat.ee\/eco\/?s={search_term_string}"},"query-input":{"@type":"PropertyValueSpecification","valueRequired":true,"valueName":"search_term_string"}}],"inLanguage":"en-GB"},{"@type":"Organization","@id":"https:\/\/projekt.vombat.ee\/eco\/#organization","name":"Ecocruiser","url":"https:\/\/projekt.vombat.ee\/eco\/","logo":{"@type":"ImageObject","inLanguage":"en-GB","@id":"https:\/\/projekt.vombat.ee\/eco\/#\/schema\/logo\/image\/","url":"https:\/\/projekt.vombat.ee\/eco\/wp-content\/uploads\/2023\/03\/ECOCRUISER_5.png","contentUrl":"https:\/\/projekt.vombat.ee\/eco\/wp-content\/uploads\/2023\/03\/ECOCRUISER_5.png","width":234,"height":91,"caption":"Ecocruiser"},"image":{"@id":"https:\/\/projekt.vombat.ee\/eco\/#\/schema\/logo\/image\/"}}]}},"lang":"ru","translations":{"ru":16261,"et":15629},"pll_sync_post":[],"_links":{"self":[{"href":"https:\/\/projekt.vombat.ee\/eco\/wp-json\/wp\/v2\/product\/16261"}],"collection":[{"href":"https:\/\/projekt.vombat.ee\/eco\/wp-json\/wp\/v2\/product"}],"about":[{"href":"https:\/\/projekt.vombat.ee\/eco\/wp-json\/wp\/v2\/types\/product"}],"version-history":[{"count":1,"href":"https:\/\/projekt.vombat.ee\/eco\/wp-json\/wp\/v2\/product\/16261\/revisions"}],"predecessor-version":[{"id":16267,"href":"https:\/\/projekt.vombat.ee\/eco\/wp-json\/wp\/v2\/product\/16261\/revisions\/16267"}],"wp:featuredmedia":[{"embeddable":true,"href":"https:\/\/projekt.vombat.ee\/eco\/wp-json\/wp\/v2\/media\/16262"}],"wp:attachment":[{"href":"https:\/\/projekt.vombat.ee\/eco\/wp-json\/wp\/v2\/media?parent=16261"}],"wp:term":[{"taxonomy":"product_cat","embeddable":true,"href":"https:\/\/projekt.vombat.ee\/eco\/wp-json\/wp\/v2\/product_cat?post=16261"},{"taxonomy":"product_tag","embeddable":true,"href":"https:\/\/projekt.vombat.ee\/eco\/wp-json\/wp\/v2\/product_tag?post=16261"}],"curies":[{"name":"wp","href":"https:\/\/api.w.org\/{rel}","templated":true}]}}