{"id":16237,"date":"2024-04-19T09:44:29","date_gmt":"2024-04-19T09:44:29","guid":{"rendered":"https:\/\/projekt.vombat.ee\/eco\/?post_type=product&#038;p=16237"},"modified":"2024-05-26T18:49:36","modified_gmt":"2024-05-26T18:49:36","slug":"engwe-y10","status":"publish","type":"product","link":"https:\/\/projekt.vombat.ee\/eco\/ru\/pood\/%d1%8d%d0%bb%d0%b5%d0%ba%d1%82%d1%80%d0%b8%d1%87%d0%b5%d1%81%d0%ba%d0%b8%d0%b5-%d1%81%d0%ba%d1%83%d1%82%d0%b5%d1%80%d1%8b\/engwe-y10\/","title":{"rendered":"ENGWE Y10"},"content":{"rendered":"<p><strong>\u042d\u043b\u0435\u043a\u0442\u0440\u043e\u0441\u0430\u043c\u043e\u043a\u0430\u0442 ENGWE Y10<\/strong><\/p>\n<p>\u0421\u0434\u0435\u043b\u0430\u0439\u0442\u0435 \u0441\u0432\u043e\u0435 \u043f\u043e\u0432\u0441\u0435\u0434\u043d\u0435\u0432\u043d\u043e\u0435 \u043f\u0435\u0440\u0435\u0434\u0432\u0438\u0436\u0435\u043d\u0438\u0435 \u0431\u043e\u043b\u0435\u0435 \u043a\u043e\u043c\u0444\u043e\u0440\u0442\u043d\u044b\u043c \u0438 \u0441\u0442\u0438\u043b\u044c\u043d\u044b\u043c \u0441 \u043f\u043e\u043c\u043e\u0449\u044c\u044e \u044d\u043b\u0435\u043a\u0442\u0440\u043e\u0441\u0430\u043c\u043e\u043a\u0430\u0442\u0430 ENGWE Y10, \u043a\u043e\u0442\u043e\u0440\u044b\u0439 \u043f\u0440\u0435\u0434\u043b\u0430\u0433\u0430\u0435\u0442 \u043f\u0435\u0440\u0432\u043e\u043a\u043b\u0430\u0441\u0441\u043d\u044b\u0435 \u0445\u0430\u0440\u0430\u043a\u0442\u0435\u0440\u0438\u0441\u0442\u0438\u043a\u0438 \u0438 \u0438\u0434\u0435\u0430\u043b\u044c\u043d\u043e \u043f\u043e\u0434\u0445\u043e\u0434\u0438\u0442 \u043a\u0430\u043a \u0434\u043b\u044f \u0433\u043e\u0440\u043e\u0434\u0441\u043a\u0438\u0445 \u043f\u043e\u0435\u0437\u0434\u043e\u043a, \u0442\u0430\u043a \u0438 \u0434\u043b\u044f \u043f\u0443\u0442\u0435\u0448\u0435\u0441\u0442\u0432\u0438\u0439 \u043d\u0430 \u0434\u0430\u043b\u044c\u043d\u0438\u0435 \u0440\u0430\u0441\u0441\u0442\u043e\u044f\u043d\u0438\u044f!<\/p>\n<p><img fetchpriority=\"high\" decoding=\"async\" class=\"alignnone\" src=\"https:\/\/a.allegroimg.com\/original\/11eebe\/ac6fa07b41a081ebffff7b28856e\/Hulajnoga-Elektryczna-ENGWE-Y10-500W-65km-Cechy-dodatkowe-licznik-oswietlenie-predkosciomierz-skladana-wodoodpornosc\" alt=\"ENGWE Y10 elektriline t\u00f5ukeratas\" width=\"737\" height=\"853\" \/><\/p>\n<p><strong>\u0418\u043d\u0444\u043e\u0440\u043c\u0430\u0446\u0438\u044f<\/strong><\/p>\n<p>\u0411\u0435\u0441\u0449\u0435\u0442\u043e\u0447\u043d\u044b\u0439 \u0434\u0432\u0438\u0433\u0430\u0442\u0435\u043b\u044c \u043c\u043e\u0449\u043d\u043e\u0441\u0442\u044c\u044e 350 \u0412\u0442.<br \/>\n65 \u043a\u043c \u043d\u0430 \u043e\u0434\u043d\u043e\u0439 \u0437\u0430\u0440\u044f\u0434\u043a\u0435 (\u0440\u0435\u0436\u0438\u043c PAS)<br \/>\n\u041f\u043e\u0432\u043e\u0440\u043e\u0442\u043d\u0438\u043a\u0438<br \/>\n\u0426\u0432\u0435\u0442\u043d\u043e\u0439 \u0441\u0432\u0435\u0442\u043e\u0434\u0438\u043e\u0434\u043d\u044b\u0439 \u044d\u043a\u0440\u0430\u043d<br \/>\n\u0421\u043a\u043b\u0430\u0434\u043d\u0430\u044f \u0440\u0430\u043c\u0430<br \/>\n\u0422\u043e\u043b\u0441\u0442\u044b\u0435 \u0448\u0438\u043d\u044b \u0440\u0430\u0437\u043c\u0435\u0440\u043e\u043c 10 x 3,0 \u0434\u044e\u0439\u043c\u0430.<br \/>\n\u0411\u0430\u0440\u0430\u0431\u0430\u043d\u043d\u044b\u0435 \u0442\u043e\u0440\u043c\u043e\u0437\u0430\u00a0\u0441 E-ABS&#8221;<\/p>\n<p><strong>\u042d\u043b\u0435\u043a\u0442\u0440\u0438\u0447\u0435\u0441\u043a\u0438\u0439 \u0430\u043a\u043a\u0443\u043c\u0443\u043b\u044f\u0442\u043e\u0440 36\u0412 13\u0410\u0447<\/strong><\/p>\n<p>\u0421\u0438\u0441\u0442\u0435\u043c\u0430 BMS \u043f\u043e\u0441\u0442\u043e\u044f\u043d\u043d\u043e \u043a\u043e\u043d\u0442\u0440\u043e\u043b\u0438\u0440\u0443\u0435\u0442 \u0438 \u043f\u0440\u0435\u0434\u043e\u0442\u0432\u0440\u0430\u0449\u0430\u0435\u0442 \u043f\u0435\u0440\u0435\u0437\u0430\u0440\u044f\u0434\u043a\u0443 \u0438 \u0440\u0430\u0437\u0440\u044f\u0434\u043a\u0443.<\/p>\n<p>\u0417\u0430\u0449\u0438\u0442\u0430 \u043e\u0442 \u043a\u043e\u0440\u043e\u0442\u043a\u043e\u0433\u043e \u0437\u0430\u043c\u044b\u043a\u0430\u043d\u0438\u044f<br \/>\n\u0417\u0430\u0449\u0438\u0442\u0430 \u043e\u0442 \u043f\u0435\u0440\u0435\u0433\u0440\u0443\u0437\u043a\u0438<br \/>\n\u0417\u0430\u0449\u0438\u0442\u0430 \u043e\u0442 \u043f\u0435\u0440\u0435\u0437\u0430\u0440\u044f\u0434\u0430<br \/>\n\u0422\u0435\u043c\u043f\u0435\u0440\u0430\u0442\u0443\u0440\u043d\u0430\u044f \u0437\u0430\u0449\u0438\u0442\u0430<\/p>\n<p><img decoding=\"async\" class=\"\" src=\"https:\/\/a.allegroimg.com\/original\/114f60\/a8a6a4474964925d4a0b527f77a7\/Hulajnoga-Elektryczna-ENGWE-Y10-500W-65km-Kolor-czarny\" alt=\"ENGWE Y10 Electric Scooter 500W 65km Black color\" width=\"433\" height=\"433\" \/><img decoding=\"async\" class=\"\" src=\"https:\/\/a.allegroimg.com\/original\/110652\/17db2c5548fdbad736fca9d4fc13\/Hulajnoga-Elektryczna-ENGWE-Y10-500W-65km-Waga-17-2-kg\" alt=\"ENGWE Y10 Electric Scooter 500W 65km Weight 17.2 kg\" width=\"433\" height=\"433\" \/><\/p>\n<p><strong>\u0412\u0441\u0442\u0440\u043e\u0435\u043d\u043d\u044b\u0439 \u0437\u0430\u0449\u0438\u0442\u043d\u044b\u0439 \u0447\u0435\u0445\u043e\u043b \u0434\u043b\u044f \u0431\u0435\u0437\u043e\u043f\u0430\u0441\u043d\u043e\u0441\u0442\u0438<\/strong><\/p>\n<p>\u0417\u0430\u0449\u0438\u0442\u043d\u0430\u044f \u0442\u0435\u0445\u043d\u043e\u043b\u043e\u0433\u0438\u044f \u0434\u043b\u044f \u0440\u0430\u0441\u0448\u0438\u0440\u0435\u043d\u043d\u043e\u0439 \u0437\u0430\u0449\u0438\u0442\u044b \u0438 \u0434\u043e\u043f\u043e\u043b\u043d\u0438\u0442\u0435\u043b\u044c\u043d\u043e\u0439 \u0431\u0435\u0437\u043e\u043f\u0430\u0441\u043d\u043e\u0441\u0442\u0438<\/p>\n<p>\u0422\u0435\u0440\u043c\u043e\u0443\u0441\u0430\u0434\u043e\u0447\u043d\u0430\u044f \u0444\u043e\u043b\u044c\u0433\u0430<br \/>\n\u042d\u043f\u043e\u043a\u0441\u0438\u0434\u043d\u0430\u044f \u0434\u043e\u0441\u043a\u0430<br \/>\n\u0417\u0430\u0449\u0438\u0442\u043d\u0430\u044f \u0441\u0435\u0442\u043a\u0430<\/p>\n<p><strong>\u0421\u043a\u043b\u0430\u0434\u043d\u0430\u044f \u0438 \u043b\u0435\u0433\u043a\u0430\u044f \u043a\u043e\u043d\u0441\u0442\u0440\u0443\u043a\u0446\u0438\u044f<\/strong><\/p>\n<p>ENGWE Y10 \u0438\u043c\u0435\u0435\u0442 \u043a\u043e\u0440\u043f\u0443\u0441 \u0438\u0437 \u0430\u043b\u044e\u043c\u0438\u043d\u0438\u0435\u0432\u043e\u0433\u043e \u0441\u043f\u043b\u0430\u0432\u0430. \u041e\u043d \u0432\u0435\u0441\u0438\u0442 \u0432\u0441\u0435\u0433\u043e 15 \u043a\u0433, \u043d\u043e \u0438\u043c\u0435\u0435\u0442 \u0433\u0440\u0443\u0437\u043e\u043f\u043e\u0434\u044a\u0435\u043c\u043d\u043e\u0441\u0442\u044c \u0434\u043e 150 \u043a\u0433. \u042d\u0442\u043e\u0442 \u044d\u043b\u0435\u043a\u0442\u0440\u043e\u0441\u0430\u043c\u043e\u043a\u0430\u0442 \u043b\u0435\u0433\u043a\u043e \u0441\u043e\u0431\u0440\u0430\u0442\u044c \u0432 \u0442\u0440\u0438 \u044d\u0442\u0430\u043f\u0430, \u0430 \u0435\u0433\u043e \u043b\u0435\u0433\u043a\u0438\u0439 \u043a\u043e\u0440\u043f\u0443\u0441 \u043f\u043e\u0437\u0432\u043e\u043b\u044f\u0435\u0442 \u043f\u043e\u0434\u043d\u0438\u043c\u0430\u0442\u044c \u0435\u0433\u043e \u0431\u0435\u0437 \u043f\u0440\u0438\u043c\u0435\u043d\u0435\u043d\u0438\u044f \u0441\u0438\u043b\u044b.<\/p>\n<p><img loading=\"lazy\" decoding=\"async\" class=\"alignnone\" src=\"https:\/\/a.allegroimg.com\/original\/111504\/66a0062c487188a23c0d11effadc\/Hulajnoga-Elektryczna-ENGWE-Y10-500W-65km-Srednica-kol-cale-10\" alt=\"ENGWE Y10 elektriline t\u00f5ukeratas\" width=\"665\" height=\"909\" \/><\/p>\n<p>&nbsp;<\/p>\n","protected":false},"excerpt":{"rendered":"<p>\u042d\u043b\u0435\u043a\u0442\u0440\u043e\u0441\u0430\u043c\u043e\u043a\u0430\u0442 ENGWE Y10 \u0421\u0434\u0435\u043b\u0430\u0439\u0442\u0435 \u0441\u0432\u043e\u0435 \u043f\u043e\u0432\u0441\u0435\u0434\u043d\u0435\u0432\u043d\u043e\u0435 \u043f\u0435\u0440\u0435\u0434\u0432\u0438\u0436\u0435\u043d\u0438\u0435 \u0431\u043e\u043b\u0435\u0435 \u043a\u043e\u043c\u0444\u043e\u0440\u0442\u043d\u044b\u043c \u0438 \u0441\u0442\u0438\u043b\u044c\u043d\u044b\u043c \u0441 \u043f\u043e\u043c\u043e\u0449\u044c\u044e \u044d\u043b\u0435\u043a\u0442\u0440\u043e\u0441\u0430\u043c\u043e\u043a\u0430\u0442\u0430 ENGWE Y10, \u043a\u043e\u0442\u043e\u0440\u044b\u0439 \u043f\u0440\u0435\u0434\u043b\u0430\u0433\u0430\u0435\u0442 \u043f\u0435\u0440\u0432\u043e\u043a\u043b\u0430\u0441\u0441\u043d\u044b\u0435 \u0445\u0430\u0440\u0430\u043a\u0442\u0435\u0440\u0438\u0441\u0442\u0438\u043a\u0438 \u0438 \u0438\u0434\u0435\u0430\u043b\u044c\u043d\u043e \u043f\u043e\u0434\u0445\u043e\u0434\u0438\u0442 \u043a\u0430\u043a \u0434\u043b\u044f \u0433\u043e\u0440\u043e\u0434\u0441\u043a\u0438\u0445 \u043f\u043e\u0435\u0437\u0434\u043e\u043a, \u0442\u0430\u043a \u0438 \u0434\u043b\u044f \u043f\u0443\u0442\u0435\u0448\u0435\u0441\u0442\u0432\u0438\u0439 \u043d\u0430 \u0434\u0430\u043b\u044c\u043d\u0438\u0435 \u0440\u0430\u0441\u0441\u0442\u043e\u044f\u043d\u0438\u044f! \u0418\u043d\u0444\u043e\u0440\u043c\u0430\u0446\u0438\u044f \u0411\u0435\u0441\u0449\u0435\u0442\u043e\u0447\u043d\u044b\u0439 \u0434\u0432\u0438\u0433\u0430\u0442\u0435\u043b\u044c \u043c\u043e\u0449\u043d\u043e\u0441\u0442\u044c\u044e 350 \u0412\u0442. 65 \u043a\u043c \u043d\u0430 \u043e\u0434\u043d\u043e\u0439 \u0437\u0430\u0440\u044f\u0434\u043a\u0435 (\u0440\u0435\u0436\u0438\u043c PAS) \u041f\u043e\u0432\u043e\u0440\u043e\u0442\u043d\u0438\u043a\u0438 \u0426\u0432\u0435\u0442\u043d\u043e\u0439 \u0441\u0432\u0435\u0442\u043e\u0434\u0438\u043e\u0434\u043d\u044b\u0439 \u044d\u043a\u0440\u0430\u043d \u0421\u043a\u043b\u0430\u0434\u043d\u0430\u044f \u0440\u0430\u043c\u0430 \u0422\u043e\u043b\u0441\u0442\u044b\u0435 \u0448\u0438\u043d\u044b \u0440\u0430\u0437\u043c\u0435\u0440\u043e\u043c 10 x 3,0 \u0434\u044e\u0439\u043c\u0430.\u2026<\/p>\n","protected":false},"featured_media":16238,"template":"","meta":[],"product_cat":[211],"product_tag":[],"class_list":{"0":"post-16237","1":"product","2":"type-product","3":"status-publish","4":"has-post-thumbnail","6":"product_cat-211","7":"product_shipping_class-suured-pakid","9":"first","10":"instock","11":"sale","12":"taxable","13":"shipping-taxable","14":"purchasable","15":"product-type-simple"},"yoast_head":"<!-- This site is optimized with the Yoast SEO plugin v23.8 - https:\/\/yoast.com\/wordpress\/plugins\/seo\/ -->\n<title>ENGWE Y10 - Ecocruiser<\/title>\n<meta name=\"description\" content=\"ENGWE Y10 elektriline t\u00f5ukeratas, \u00fchendab endas kerge ja kokkupandava disaini, vastupidav alumiiniumsulamist korpus ja muljetavaldav 150 kg kandev\u00f5ime teevad sellest ideaalse valiku igap\u00e4evaseks liikumiseks!\" \/>\n<meta name=\"robots\" content=\"noindex, follow, max-snippet:-1, max-image-preview:large, max-video-preview:-1\" \/>\n<meta property=\"og:locale\" content=\"en_GB\" \/>\n<meta property=\"og:type\" content=\"article\" \/>\n<meta property=\"og:title\" content=\"ENGWE Y10 - Ecocruiser\" \/>\n<meta property=\"og:description\" content=\"ENGWE Y10 elektriline t\u00f5ukeratas, \u00fchendab endas kerge ja kokkupandava disaini, vastupidav alumiiniumsulamist korpus ja muljetavaldav 150 kg kandev\u00f5ime teevad sellest ideaalse valiku igap\u00e4evaseks liikumiseks!\" \/>\n<meta property=\"og:url\" content=\"https:\/\/projekt.vombat.ee\/eco\/ru\/pood\/\u044d\u043b\u0435\u043a\u0442\u0440\u0438\u0447\u0435\u0441\u043a\u0438\u0435-\u0441\u043a\u0443\u0442\u0435\u0440\u044b\/engwe-y10\/\" \/>\n<meta property=\"og:site_name\" content=\"Ecocruiser\" \/>\n<meta property=\"article:modified_time\" content=\"2024-05-26T18:49:36+00:00\" \/>\n<meta property=\"og:image\" content=\"https:\/\/projekt.vombat.ee\/eco\/wp-content\/uploads\/2024\/01\/1-16-scaled.webp\" \/>\n\t<meta property=\"og:image:width\" content=\"1838\" \/>\n\t<meta property=\"og:image:height\" content=\"2560\" \/>\n\t<meta property=\"og:image:type\" content=\"image\/webp\" \/>\n<meta name=\"twitter:card\" content=\"summary_large_image\" \/>\n<meta name=\"twitter:label1\" content=\"Estimated reading time\" \/>\n\t<meta name=\"twitter:data1\" content=\"2 minutes\" \/>\n<script type=\"application\/ld+json\" class=\"yoast-schema-graph\">{\"@context\":\"https:\/\/schema.org\",\"@graph\":[{\"@type\":\"WebPage\",\"@id\":\"https:\/\/projekt.vombat.ee\/eco\/ru\/pood\/%d1%8d%d0%bb%d0%b5%d0%ba%d1%82%d1%80%d0%b8%d1%87%d0%b5%d1%81%d0%ba%d0%b8%d0%b5-%d1%81%d0%ba%d1%83%d1%82%d0%b5%d1%80%d1%8b\/engwe-y10\/\",\"url\":\"https:\/\/projekt.vombat.ee\/eco\/ru\/pood\/%d1%8d%d0%bb%d0%b5%d0%ba%d1%82%d1%80%d0%b8%d1%87%d0%b5%d1%81%d0%ba%d0%b8%d0%b5-%d1%81%d0%ba%d1%83%d1%82%d0%b5%d1%80%d1%8b\/engwe-y10\/\",\"name\":\"ENGWE Y10 - Ecocruiser\",\"isPartOf\":{\"@id\":\"https:\/\/projekt.vombat.ee\/eco\/#website\"},\"primaryImageOfPage\":{\"@id\":\"https:\/\/projekt.vombat.ee\/eco\/ru\/pood\/%d1%8d%d0%bb%d0%b5%d0%ba%d1%82%d1%80%d0%b8%d1%87%d0%b5%d1%81%d0%ba%d0%b8%d0%b5-%d1%81%d0%ba%d1%83%d1%82%d0%b5%d1%80%d1%8b\/engwe-y10\/#primaryimage\"},\"image\":{\"@id\":\"https:\/\/projekt.vombat.ee\/eco\/ru\/pood\/%d1%8d%d0%bb%d0%b5%d0%ba%d1%82%d1%80%d0%b8%d1%87%d0%b5%d1%81%d0%ba%d0%b8%d0%b5-%d1%81%d0%ba%d1%83%d1%82%d0%b5%d1%80%d1%8b\/engwe-y10\/#primaryimage\"},\"thumbnailUrl\":\"https:\/\/projekt.vombat.ee\/eco\/wp-content\/uploads\/2024\/01\/1-16-scaled.webp\",\"datePublished\":\"2024-04-19T09:44:29+00:00\",\"dateModified\":\"2024-05-26T18:49:36+00:00\",\"description\":\"ENGWE Y10 elektriline t\u00f5ukeratas, \u00fchendab endas kerge ja kokkupandava disaini, vastupidav alumiiniumsulamist korpus ja muljetavaldav 150 kg kandev\u00f5ime teevad sellest ideaalse valiku igap\u00e4evaseks liikumiseks!\",\"breadcrumb\":{\"@id\":\"https:\/\/projekt.vombat.ee\/eco\/ru\/pood\/%d1%8d%d0%bb%d0%b5%d0%ba%d1%82%d1%80%d0%b8%d1%87%d0%b5%d1%81%d0%ba%d0%b8%d0%b5-%d1%81%d0%ba%d1%83%d1%82%d0%b5%d1%80%d1%8b\/engwe-y10\/#breadcrumb\"},\"inLanguage\":\"en-GB\",\"potentialAction\":[{\"@type\":\"ReadAction\",\"target\":[\"https:\/\/projekt.vombat.ee\/eco\/ru\/pood\/%d1%8d%d0%bb%d0%b5%d0%ba%d1%82%d1%80%d0%b8%d1%87%d0%b5%d1%81%d0%ba%d0%b8%d0%b5-%d1%81%d0%ba%d1%83%d1%82%d0%b5%d1%80%d1%8b\/engwe-y10\/\"]}]},{\"@type\":\"ImageObject\",\"inLanguage\":\"en-GB\",\"@id\":\"https:\/\/projekt.vombat.ee\/eco\/ru\/pood\/%d1%8d%d0%bb%d0%b5%d0%ba%d1%82%d1%80%d0%b8%d1%87%d0%b5%d1%81%d0%ba%d0%b8%d0%b5-%d1%81%d0%ba%d1%83%d1%82%d0%b5%d1%80%d1%8b\/engwe-y10\/#primaryimage\",\"url\":\"https:\/\/projekt.vombat.ee\/eco\/wp-content\/uploads\/2024\/01\/1-16-scaled.webp\",\"contentUrl\":\"https:\/\/projekt.vombat.ee\/eco\/wp-content\/uploads\/2024\/01\/1-16-scaled.webp\",\"width\":1838,\"height\":2560},{\"@type\":\"BreadcrumbList\",\"@id\":\"https:\/\/projekt.vombat.ee\/eco\/ru\/pood\/%d1%8d%d0%bb%d0%b5%d0%ba%d1%82%d1%80%d0%b8%d1%87%d0%b5%d1%81%d0%ba%d0%b8%d0%b5-%d1%81%d0%ba%d1%83%d1%82%d0%b5%d1%80%d1%8b\/engwe-y10\/#breadcrumb\",\"itemListElement\":[{\"@type\":\"ListItem\",\"position\":1,\"name\":\"Home\",\"item\":\"https:\/\/projekt.vombat.ee\/eco\/\"},{\"@type\":\"ListItem\",\"position\":2,\"name\":\"Pood\",\"item\":\"https:\/\/projekt.vombat.ee\/eco\/pood\/\"},{\"@type\":\"ListItem\",\"position\":3,\"name\":\"ENGWE Y10\"}]},{\"@type\":\"WebSite\",\"@id\":\"https:\/\/projekt.vombat.ee\/eco\/#website\",\"url\":\"https:\/\/projekt.vombat.ee\/eco\/\",\"name\":\"Ecocruiser\",\"description\":\"\",\"publisher\":{\"@id\":\"https:\/\/projekt.vombat.ee\/eco\/#organization\"},\"potentialAction\":[{\"@type\":\"SearchAction\",\"target\":{\"@type\":\"EntryPoint\",\"urlTemplate\":\"https:\/\/projekt.vombat.ee\/eco\/?s={search_term_string}\"},\"query-input\":{\"@type\":\"PropertyValueSpecification\",\"valueRequired\":true,\"valueName\":\"search_term_string\"}}],\"inLanguage\":\"en-GB\"},{\"@type\":\"Organization\",\"@id\":\"https:\/\/projekt.vombat.ee\/eco\/#organization\",\"name\":\"Ecocruiser\",\"url\":\"https:\/\/projekt.vombat.ee\/eco\/\",\"logo\":{\"@type\":\"ImageObject\",\"inLanguage\":\"en-GB\",\"@id\":\"https:\/\/projekt.vombat.ee\/eco\/#\/schema\/logo\/image\/\",\"url\":\"https:\/\/projekt.vombat.ee\/eco\/wp-content\/uploads\/2023\/03\/ECOCRUISER_5.png\",\"contentUrl\":\"https:\/\/projekt.vombat.ee\/eco\/wp-content\/uploads\/2023\/03\/ECOCRUISER_5.png\",\"width\":234,\"height\":91,\"caption\":\"Ecocruiser\"},\"image\":{\"@id\":\"https:\/\/projekt.vombat.ee\/eco\/#\/schema\/logo\/image\/\"}}]}<\/script>\n<!-- \/ Yoast SEO plugin. -->","yoast_head_json":{"title":"ENGWE Y10 - Ecocruiser","description":"ENGWE Y10 elektriline t\u00f5ukeratas, \u00fchendab endas kerge ja kokkupandava disaini, vastupidav alumiiniumsulamist korpus ja muljetavaldav 150 kg kandev\u00f5ime teevad sellest ideaalse valiku igap\u00e4evaseks liikumiseks!","robots":{"index":"noindex","follow":"follow","max-snippet":"max-snippet:-1","max-image-preview":"max-image-preview:large","max-video-preview":"max-video-preview:-1"},"og_locale":"en_GB","og_type":"article","og_title":"ENGWE Y10 - Ecocruiser","og_description":"ENGWE Y10 elektriline t\u00f5ukeratas, \u00fchendab endas kerge ja kokkupandava disaini, vastupidav alumiiniumsulamist korpus ja muljetavaldav 150 kg kandev\u00f5ime teevad sellest ideaalse valiku igap\u00e4evaseks liikumiseks!","og_url":"https:\/\/projekt.vombat.ee\/eco\/ru\/pood\/\u044d\u043b\u0435\u043a\u0442\u0440\u0438\u0447\u0435\u0441\u043a\u0438\u0435-\u0441\u043a\u0443\u0442\u0435\u0440\u044b\/engwe-y10\/","og_site_name":"Ecocruiser","article_modified_time":"2024-05-26T18:49:36+00:00","og_image":[{"width":1838,"height":2560,"url":"https:\/\/projekt.vombat.ee\/eco\/wp-content\/uploads\/2024\/01\/1-16-scaled.webp","type":"image\/webp"}],"twitter_card":"summary_large_image","twitter_misc":{"Estimated reading time":"2 minutes"},"schema":{"@context":"https:\/\/schema.org","@graph":[{"@type":"WebPage","@id":"https:\/\/projekt.vombat.ee\/eco\/ru\/pood\/%d1%8d%d0%bb%d0%b5%d0%ba%d1%82%d1%80%d0%b8%d1%87%d0%b5%d1%81%d0%ba%d0%b8%d0%b5-%d1%81%d0%ba%d1%83%d1%82%d0%b5%d1%80%d1%8b\/engwe-y10\/","url":"https:\/\/projekt.vombat.ee\/eco\/ru\/pood\/%d1%8d%d0%bb%d0%b5%d0%ba%d1%82%d1%80%d0%b8%d1%87%d0%b5%d1%81%d0%ba%d0%b8%d0%b5-%d1%81%d0%ba%d1%83%d1%82%d0%b5%d1%80%d1%8b\/engwe-y10\/","name":"ENGWE Y10 - Ecocruiser","isPartOf":{"@id":"https:\/\/projekt.vombat.ee\/eco\/#website"},"primaryImageOfPage":{"@id":"https:\/\/projekt.vombat.ee\/eco\/ru\/pood\/%d1%8d%d0%bb%d0%b5%d0%ba%d1%82%d1%80%d0%b8%d1%87%d0%b5%d1%81%d0%ba%d0%b8%d0%b5-%d1%81%d0%ba%d1%83%d1%82%d0%b5%d1%80%d1%8b\/engwe-y10\/#primaryimage"},"image":{"@id":"https:\/\/projekt.vombat.ee\/eco\/ru\/pood\/%d1%8d%d0%bb%d0%b5%d0%ba%d1%82%d1%80%d0%b8%d1%87%d0%b5%d1%81%d0%ba%d0%b8%d0%b5-%d1%81%d0%ba%d1%83%d1%82%d0%b5%d1%80%d1%8b\/engwe-y10\/#primaryimage"},"thumbnailUrl":"https:\/\/projekt.vombat.ee\/eco\/wp-content\/uploads\/2024\/01\/1-16-scaled.webp","datePublished":"2024-04-19T09:44:29+00:00","dateModified":"2024-05-26T18:49:36+00:00","description":"ENGWE Y10 elektriline t\u00f5ukeratas, \u00fchendab endas kerge ja kokkupandava disaini, vastupidav alumiiniumsulamist korpus ja muljetavaldav 150 kg kandev\u00f5ime teevad sellest ideaalse valiku igap\u00e4evaseks liikumiseks!","breadcrumb":{"@id":"https:\/\/projekt.vombat.ee\/eco\/ru\/pood\/%d1%8d%d0%bb%d0%b5%d0%ba%d1%82%d1%80%d0%b8%d1%87%d0%b5%d1%81%d0%ba%d0%b8%d0%b5-%d1%81%d0%ba%d1%83%d1%82%d0%b5%d1%80%d1%8b\/engwe-y10\/#breadcrumb"},"inLanguage":"en-GB","potentialAction":[{"@type":"ReadAction","target":["https:\/\/projekt.vombat.ee\/eco\/ru\/pood\/%d1%8d%d0%bb%d0%b5%d0%ba%d1%82%d1%80%d0%b8%d1%87%d0%b5%d1%81%d0%ba%d0%b8%d0%b5-%d1%81%d0%ba%d1%83%d1%82%d0%b5%d1%80%d1%8b\/engwe-y10\/"]}]},{"@type":"ImageObject","inLanguage":"en-GB","@id":"https:\/\/projekt.vombat.ee\/eco\/ru\/pood\/%d1%8d%d0%bb%d0%b5%d0%ba%d1%82%d1%80%d0%b8%d1%87%d0%b5%d1%81%d0%ba%d0%b8%d0%b5-%d1%81%d0%ba%d1%83%d1%82%d0%b5%d1%80%d1%8b\/engwe-y10\/#primaryimage","url":"https:\/\/projekt.vombat.ee\/eco\/wp-content\/uploads\/2024\/01\/1-16-scaled.webp","contentUrl":"https:\/\/projekt.vombat.ee\/eco\/wp-content\/uploads\/2024\/01\/1-16-scaled.webp","width":1838,"height":2560},{"@type":"BreadcrumbList","@id":"https:\/\/projekt.vombat.ee\/eco\/ru\/pood\/%d1%8d%d0%bb%d0%b5%d0%ba%d1%82%d1%80%d0%b8%d1%87%d0%b5%d1%81%d0%ba%d0%b8%d0%b5-%d1%81%d0%ba%d1%83%d1%82%d0%b5%d1%80%d1%8b\/engwe-y10\/#breadcrumb","itemListElement":[{"@type":"ListItem","position":1,"name":"Home","item":"https:\/\/projekt.vombat.ee\/eco\/"},{"@type":"ListItem","position":2,"name":"Pood","item":"https:\/\/projekt.vombat.ee\/eco\/pood\/"},{"@type":"ListItem","position":3,"name":"ENGWE Y10"}]},{"@type":"WebSite","@id":"https:\/\/projekt.vombat.ee\/eco\/#website","url":"https:\/\/projekt.vombat.ee\/eco\/","name":"Ecocruiser","description":"","publisher":{"@id":"https:\/\/projekt.vombat.ee\/eco\/#organization"},"potentialAction":[{"@type":"SearchAction","target":{"@type":"EntryPoint","urlTemplate":"https:\/\/projekt.vombat.ee\/eco\/?s={search_term_string}"},"query-input":{"@type":"PropertyValueSpecification","valueRequired":true,"valueName":"search_term_string"}}],"inLanguage":"en-GB"},{"@type":"Organization","@id":"https:\/\/projekt.vombat.ee\/eco\/#organization","name":"Ecocruiser","url":"https:\/\/projekt.vombat.ee\/eco\/","logo":{"@type":"ImageObject","inLanguage":"en-GB","@id":"https:\/\/projekt.vombat.ee\/eco\/#\/schema\/logo\/image\/","url":"https:\/\/projekt.vombat.ee\/eco\/wp-content\/uploads\/2023\/03\/ECOCRUISER_5.png","contentUrl":"https:\/\/projekt.vombat.ee\/eco\/wp-content\/uploads\/2023\/03\/ECOCRUISER_5.png","width":234,"height":91,"caption":"Ecocruiser"},"image":{"@id":"https:\/\/projekt.vombat.ee\/eco\/#\/schema\/logo\/image\/"}}]}},"lang":"ru","translations":{"ru":16237,"et":13072},"pll_sync_post":[],"_links":{"self":[{"href":"https:\/\/projekt.vombat.ee\/eco\/wp-json\/wp\/v2\/product\/16237"}],"collection":[{"href":"https:\/\/projekt.vombat.ee\/eco\/wp-json\/wp\/v2\/product"}],"about":[{"href":"https:\/\/projekt.vombat.ee\/eco\/wp-json\/wp\/v2\/types\/product"}],"version-history":[{"count":1,"href":"https:\/\/projekt.vombat.ee\/eco\/wp-json\/wp\/v2\/product\/16237\/revisions"}],"predecessor-version":[{"id":16246,"href":"https:\/\/projekt.vombat.ee\/eco\/wp-json\/wp\/v2\/product\/16237\/revisions\/16246"}],"wp:featuredmedia":[{"embeddable":true,"href":"https:\/\/projekt.vombat.ee\/eco\/wp-json\/wp\/v2\/media\/16238"}],"wp:attachment":[{"href":"https:\/\/projekt.vombat.ee\/eco\/wp-json\/wp\/v2\/media?parent=16237"}],"wp:term":[{"taxonomy":"product_cat","embeddable":true,"href":"https:\/\/projekt.vombat.ee\/eco\/wp-json\/wp\/v2\/product_cat?post=16237"},{"taxonomy":"product_tag","embeddable":true,"href":"https:\/\/projekt.vombat.ee\/eco\/wp-json\/wp\/v2\/product_tag?post=16237"}],"curies":[{"name":"wp","href":"https:\/\/api.w.org\/{rel}","templated":true}]}}