{"id":16073,"date":"2024-04-17T10:47:52","date_gmt":"2024-04-17T10:47:52","guid":{"rendered":"https:\/\/projekt.vombat.ee\/eco\/?post_type=product&#038;p=16073"},"modified":"2024-06-28T10:07:49","modified_gmt":"2024-06-28T10:07:49","slug":"kukirin-g2-master","status":"publish","type":"product","link":"https:\/\/projekt.vombat.ee\/eco\/ru\/pood\/%d1%8d%d0%bb%d0%b5%d0%ba%d1%82%d1%80%d0%b8%d1%87%d0%b5%d1%81%d0%ba%d0%b8%d0%b5-%d1%81%d0%ba%d1%83%d1%82%d0%b5%d1%80%d1%8b\/kukirin-g2-master\/","title":{"rendered":"KuKirin G2 Master"},"content":{"rendered":"<p><strong>\u042d\u043b\u0435\u043a\u0442\u0440\u043e\u0441\u0430\u043c\u043e\u043a\u0430\u0442 KUKIRIN G2 Master<\/strong><\/p>\n<p>\u0412\u0441\u0442\u0440\u0435\u0447\u0430\u0439\u0442\u0435 \u044d\u043b\u0435\u043a\u0442\u0440\u043e\u0441\u0430\u043c\u043e\u043a\u0430\u0442 KuKirin G2 Master \u2014 \u043b\u0435\u0433\u043a\u0430\u044f \u0438 \u043f\u0440\u043e\u0447\u043d\u0430\u044f \u0440\u0430\u043c\u0430 \u0438\u0437 \u0430\u043b\u044e\u043c\u0438\u043d\u0438\u0435\u0432\u043e\u0433\u043e \u0441\u043f\u043b\u0430\u0432\u0430, \u0430 \u0442\u0430\u043a\u0436\u0435 \u0434\u0432\u043e\u0439\u043d\u0430\u044f \u043f\u0440\u043e\u0438\u0437\u0432\u043e\u0434\u0438\u0442\u0435\u043b\u044c\u043d\u043e\u0441\u0442\u044c \u0431\u043b\u0430\u0433\u043e\u0434\u0430\u0440\u044f \u0434\u0432\u0438\u0433\u0430\u0442\u0435\u043b\u044f\u043c \u043c\u043e\u0449\u043d\u043e\u0441\u0442\u044c\u044e 1000 \u0412\u0442 \u0431\u044b\u0441\u0442\u0440\u043e \u0434\u043e\u0441\u0442\u0430\u0432\u044f\u0442 \u0432\u0430\u0441 \u043a \u043c\u0435\u0441\u0442\u0443 \u043d\u0430\u0437\u043d\u0430\u0447\u0435\u043d\u0438\u044f \u043d\u0430 \u0441\u043a\u043e\u0440\u043e\u0441\u0442\u0438 \u0434\u043e 60 \u043a\u043c\/\u0447. \u0418\u043d\u0442\u0443\u0438\u0442\u0438\u0432\u043d\u043e \u043f\u043e\u043d\u044f\u0442\u043d\u0430\u044f \u043f\u0430\u043d\u0435\u043b\u044c \u0443\u043f\u0440\u0430\u0432\u043b\u0435\u043d\u0438\u044f \u0441 \u0431\u043e\u043b\u044c\u0448\u0438\u043c \u044d\u043a\u0440\u0430\u043d\u043e\u043c \u0438\u043d\u0444\u043e\u0440\u043c\u0438\u0440\u0443\u0435\u0442 \u0432\u0430\u0441 \u043e\u0431\u043e \u0432\u0441\u0435\u043c \u0432\u0430\u0436\u043d\u043e\u043c, \u0433\u0430\u0440\u0430\u043d\u0442\u0438\u0440\u0443\u044f, \u0447\u0442\u043e \u043a\u0430\u0436\u0434\u0430\u044f \u043f\u043e\u0435\u0437\u0434\u043a\u0430 \u0431\u0443\u0434\u0435\u0442 \u043d\u0435 \u0442\u043e\u043b\u044c\u043a\u043e \u044d\u0444\u0444\u0435\u043a\u0442\u0438\u0432\u043d\u043e\u0439, \u043d\u043e \u0438 \u043f\u0440\u0438\u044f\u0442\u043d\u043e\u0439. KuKirin G2 Master \u2013 \u0433\u0434\u0435 \u043a\u0430\u0436\u0434\u0430\u044f \u0434\u0435\u0442\u0430\u043b\u044c \u0441\u043e\u0437\u0434\u0430\u043d\u0430 \u0434\u043b\u044f \u0443\u0434\u043e\u0432\u043b\u0435\u0442\u0432\u043e\u0440\u0435\u043d\u0438\u044f \u0432\u0430\u0448\u0435\u0433\u043e \u043a\u043e\u043c\u0444\u043e\u0440\u0442\u0430 \u0438 \u0436\u0430\u0436\u0434\u044b \u043f\u0440\u0438\u043a\u043b\u044e\u0447\u0435\u043d\u0438\u0439.<\/p>\n<p><img fetchpriority=\"high\" decoding=\"async\" class=\"alignnone\" src=\"https:\/\/a.allegroimg.com\/original\/117c2f\/59ca5259466ab8641bf460f44463\/Hulajnoga-Elektryczna-KUKIRIN-G2-Master-2400W-60KM-H-70KM-20-8Ah-PL-2024-Liczba-kol-2\" alt=\"KUKIRIN G2\" width=\"1600\" height=\"900\" \/><\/p>\n<p><strong>\u0418\u043d\u0444\u043e\u0440\u043c\u0430\u0446\u0438\u044f<\/strong><\/p>\n<p>\u0411\u0440\u0435\u043d\u0434: \u041a\u0443\u0433\u043e\u043e<br \/>\n\u041c\u0430\u043a\u0441\u0438\u043c\u0430\u043b\u044c\u043d\u0430\u044f \u0441\u043a\u043e\u0440\u043e\u0441\u0442\u044c: 60 \u043a\u043c\/\u0447, \u043f\u043e\u0437\u0432\u043e\u043b\u044f\u0435\u0442 \u0431\u044b\u0441\u0442\u0440\u043e \u043f\u0435\u0440\u0435\u0434\u0432\u0438\u0433\u0430\u0442\u044c\u0441\u044f \u0432 \u0433\u043e\u0440\u043e\u0434\u0435 \u0438 \u043d\u0430 \u043e\u0442\u043a\u0440\u044b\u0442\u044b\u0445 \u0434\u043e\u0440\u043e\u0433\u0430\u0445.<br \/>\n\u041c\u0430\u043a\u0441\u0438\u043c\u0430\u043b\u044c\u043d\u0430\u044f \u0441\u043a\u043e\u0440\u043e\u0441\u0442\u044c \u0432 \u043a\u0430\u0436\u0434\u043e\u043c \u0440\u0435\u0436\u0438\u043c\u0435 \u0434\u0432\u0438\u0436\u0435\u043d\u0438\u044f: \u041d\u0438\u0437\u043a\u0430\u044f \u0441\u043a\u043e\u0440\u043e\u0441\u0442\u044c: 20 \u043a\u043c\/\u0447. \u0421\u0440\u0435\u0434\u043d\u044f\u044f \u0441\u043a\u043e\u0440\u043e\u0441\u0442\u044c: 40 \u043a\u043c\/\u0447. \u0412\u044b\u0441\u043e\u043a\u0430\u044f \u0441\u043a\u043e\u0440\u043e\u0441\u0442\u044c: 60 \u043a\u043c\/\u0447.<br \/>\n\u0417\u0430\u043f\u0430\u0441 \u0445\u043e\u0434\u0430: \u0434\u043e 70 \u043a\u043c \u043d\u0430 \u043e\u0434\u043d\u043e\u0439 \u0437\u0430\u0440\u044f\u0434\u043a\u0435, \u0438\u0434\u0435\u0430\u043b\u044c\u043d\u043e \u043f\u043e\u0434\u0445\u043e\u0434\u0438\u0442 \u0434\u043b\u044f \u0434\u043b\u0438\u0442\u0435\u043b\u044c\u043d\u044b\u0445 \u043f\u043e\u0435\u0437\u0434\u043e\u043a \u0438\u043b\u0438 \u0435\u0436\u0435\u0434\u043d\u0435\u0432\u043d\u044b\u0445 \u043f\u043e\u0435\u0437\u0434\u043e\u043a \u043d\u0430 \u0440\u0430\u0431\u043e\u0442\u0443.<br \/>\n\u0410\u043a\u043a\u0443\u043c\u0443\u043b\u044f\u0442\u043e\u0440: 52 \u0412, 20,8 \u0410\u0447, \u043e\u0431\u0435\u0441\u043f\u0435\u0447\u0438\u0432\u0430\u0435\u0442 \u0431\u043e\u043b\u044c\u0448\u043e\u0439 \u0437\u0430\u043f\u0430\u0441 \u0445\u043e\u0434\u0430 \u0438 \u0434\u043e\u043b\u0433\u043e\u0432\u0435\u0447\u043d\u043e\u0441\u0442\u044c.<br \/>\n\u041d\u043e\u043c\u0438\u043d\u0430\u043b\u044c\u043d\u0430\u044f \u043c\u043e\u0449\u043d\u043e\u0441\u0442\u044c \u0434\u0432\u0438\u0433\u0430\u0442\u0435\u043b\u044f: \u0434\u0432\u0430 \u0434\u0432\u0438\u0433\u0430\u0442\u0435\u043b\u044f \u043c\u043e\u0449\u043d\u043e\u0441\u0442\u044c\u044e 1000 \u0412\u0442 \u043e\u0431\u0435\u0441\u043f\u0435\u0447\u0438\u0432\u0430\u044e\u0442 \u043e\u0442\u043b\u0438\u0447\u043d\u0443\u044e \u0442\u044f\u0433\u0443 \u0438 \u0443\u0441\u043a\u043e\u0440\u0435\u043d\u0438\u0435.<br \/>\n\u0423\u0433\u043e\u043b \u043f\u043e\u0434\u044a\u0435\u043c\u0430: \u0434\u043e 20\u00b0 \u043d\u0430 \u0441\u043a\u043b\u043e\u043d\u0430\u0445 \u043f\u043e\u0437\u0432\u043e\u043b\u044f\u0435\u0442 \u043b\u0435\u0433\u043a\u043e \u043f\u0440\u0435\u043e\u0434\u043e\u043b\u0435\u0432\u0430\u0442\u044c \u0431\u043e\u043b\u0435\u0435 \u043a\u0440\u0443\u0442\u044b\u0435 \u0443\u043a\u043b\u043e\u043d\u044b.<br \/>\n\u0422\u043e\u0440\u043c\u043e\u0437\u043d\u0430\u044f \u0441\u0438\u0441\u0442\u0435\u043c\u0430: \u0414\u0438\u0441\u043a\u043e\u0432\u0430\u044f \u0442\u043e\u0440\u043c\u043e\u0437\u043d\u0430\u044f \u0441\u0438\u0441\u0442\u0435\u043c\u0430 \u043e\u0431\u0435\u0441\u043f\u0435\u0447\u0438\u0432\u0430\u0435\u0442 \u043d\u0430\u0434\u0435\u0436\u043d\u043e\u0435 \u0442\u043e\u0440\u043c\u043e\u0436\u0435\u043d\u0438\u0435 \u0434\u0430\u0436\u0435 \u043f\u0440\u0438 \u0431\u044b\u0441\u0442\u0440\u043e\u0439 \u0435\u0437\u0434\u0435.<br \/>\n\u0428\u0438\u043d\u044b: 10-\u0434\u044e\u0439\u043c\u043e\u0432\u044b\u0435 \u043f\u043d\u0435\u0432\u043c\u0430\u0442\u0438\u0447\u0435\u0441\u043a\u0438\u0435 \u0448\u0438\u043d\u044b, \u043e\u0431\u0435\u0441\u043f\u0435\u0447\u0438\u0432\u0430\u044e\u0449\u0438\u0435 \u043f\u043b\u0430\u0432\u043d\u044b\u0439 \u0445\u043e\u0434 \u0438 \u0445\u043e\u0440\u043e\u0448\u0435\u0435 \u0441\u0446\u0435\u043f\u043b\u0435\u043d\u0438\u0435 \u0441 \u0440\u0430\u0437\u043b\u0438\u0447\u043d\u044b\u043c\u0438 \u0434\u043e\u0440\u043e\u0436\u043d\u044b\u043c\u0438 \u043f\u043e\u043a\u0440\u044b\u0442\u0438\u044f\u043c\u0438.<br \/>\n\u0412\u0435\u0441: 33 \u043a\u0433, \u043e\u0431\u0435\u0441\u043f\u0435\u0447\u0438\u0432\u0430\u0435\u0442 \u0445\u043e\u0440\u043e\u0448\u0438\u0439 \u0431\u0430\u043b\u0430\u043d\u0441 \u043c\u0435\u0436\u0434\u0443 \u043f\u0440\u043e\u0447\u043d\u043e\u0441\u0442\u044c\u044e \u0438 \u043c\u043e\u0431\u0438\u043b\u044c\u043d\u043e\u0441\u0442\u044c\u044e.<br \/>\n\u041c\u0430\u043a\u0441\u0438\u043c\u0430\u043b\u044c\u043d\u0430\u044f \u043d\u0430\u0433\u0440\u0443\u0437\u043a\u0430: 120 \u043a\u0433, \u0432\u044b\u0434\u0435\u0440\u0436\u0438\u0432\u0430\u0435\u0442 \u0440\u0430\u0439\u0434\u0435\u0440\u043e\u0432 \u0440\u0430\u0437\u043d\u043e\u0433\u043e \u0432\u0435\u0441\u0430.<br \/>\n\u0412\u0440\u0435\u043c\u044f \u0437\u0430\u0440\u044f\u0434\u043a\u0438: 10 \u0447\u0430\u0441\u043e\u0432, \u043f\u043e\u0437\u0432\u043e\u043b\u044f\u0435\u0442 \u0438\u0441\u043f\u043e\u043b\u044c\u0437\u043e\u0432\u0430\u0442\u044c 24\/7 \u043f\u043e\u0441\u043b\u0435 \u043f\u043e\u043b\u043d\u043e\u0439 \u0437\u0430\u0440\u044f\u0434\u043a\u0438.<br \/>\n\u041e\u0447\u0435\u043d\u044c \u0431\u043e\u043b\u044c\u0448\u043e\u0439 \u0434\u0438\u0441\u043f\u043b\u0435\u0439: \u043e\u0431\u0435\u0441\u043f\u0435\u0447\u0438\u0432\u0430\u0435\u0442 \u043b\u0443\u0447\u0448\u0435\u0435 \u0432\u0438\u0437\u0443\u0430\u043b\u044c\u043d\u043e\u0435 \u0432\u043e\u0441\u043f\u0440\u0438\u044f\u0442\u0438\u0435, \u043f\u043e\u0437\u0432\u043e\u043b\u044f\u044f \u0432\u043e\u0434\u0438\u0442\u0435\u043b\u044e \u043b\u0435\u0433\u043a\u043e \u043e\u0442\u0441\u043b\u0435\u0436\u0438\u0432\u0430\u0442\u044c \u0438\u043d\u0444\u043e\u0440\u043c\u0430\u0446\u0438\u044e \u043e \u0432\u043e\u0436\u0434\u0435\u043d\u0438\u0438.<br \/>\n\u0421\u0442\u0435\u043f\u0435\u043d\u044c \u0437\u0430\u0449\u0438\u0442\u044b IP: IP54, \u0437\u0430\u0449\u0438\u0449\u0430\u0435\u0442 \u043e\u0442 \u043f\u044b\u043b\u0438 \u0438 \u0431\u0440\u044b\u0437\u0433, \u043f\u043e\u0437\u0432\u043e\u043b\u044f\u0435\u0442 \u0438\u0441\u043f\u043e\u043b\u044c\u0437\u043e\u0432\u0430\u0442\u044c \u0432 \u0440\u0430\u0437\u043b\u0438\u0447\u043d\u044b\u0445 \u043f\u043e\u0433\u043e\u0434\u043d\u044b\u0445 \u0443\u0441\u043b\u043e\u0432\u0438\u044f\u0445.<br \/>\n\u0420\u0430\u0437\u043c\u0435\u0440: \u0412 \u043e\u0442\u043a\u0440\u044b\u0442\u043e\u043c \u0432\u0438\u0434\u0435: 1260*595*1315 \u043c\u043c. \u0413\u0430\u0431\u0430\u0440\u0438\u0442\u043d\u044b\u0435 \u0440\u0430\u0437\u043c\u0435\u0440\u044b: 1260*595*595 \u043c\u043c, \u0434\u043b\u044f \u0443\u0434\u043e\u0431\u0441\u0442\u0432\u0430 \u0442\u0440\u0430\u043d\u0441\u043f\u043e\u0440\u0442\u0438\u0440\u043e\u0432\u043a\u0438 \u0438 \u0445\u0440\u0430\u043d\u0435\u043d\u0438\u044f.<br \/>\n\u0420\u0430\u0437\u043c\u0435\u0440 \u043f\u0435\u0434\u0430\u043b\u0438: 49*19 \u0441\u043c, \u043e\u0431\u0435\u0441\u043f\u0435\u0447\u0438\u0432\u0430\u0435\u0442 \u0443\u0441\u0442\u043e\u0439\u0447\u0438\u0432\u0443\u044e \u043f\u043e\u0432\u0435\u0440\u0445\u043d\u043e\u0441\u0442\u044c.<br \/>\n\u0412\u044b\u0441\u043e\u0442\u0430 \u0440\u0430\u043c\u044b: 16 \u0441\u043c, \u043f\u043e\u043c\u043e\u0433\u0430\u0435\u0442 \u0438\u0437\u0431\u0435\u0436\u0430\u0442\u044c \u043d\u0430\u0435\u0437\u0434\u0430 \u043d\u0430 \u043f\u0440\u0435\u043f\u044f\u0442\u0441\u0442\u0432\u0438\u044f.<br \/>\n\u041c\u0430\u0442\u0435\u0440\u0438\u0430\u043b \u0440\u0430\u043c\u044b: \u0430\u043b\u044e\u043c\u0438\u043d\u0438\u0435\u0432\u044b\u0439 \u0441\u043f\u043b\u0430\u0432<\/p>\n<p>&nbsp;<\/p>\n<p><strong>\u0422\u043e\u0432\u0430\u0440 \u0432\u043a\u043b\u044e\u0447\u0430\u0435\u0442 \u0432 \u0441\u0435\u0431\u044f:<\/strong><\/p>\n<p>\u0412\u0430\u0448 \u043d\u043e\u0432\u044b\u0439 \u044d\u043b\u0435\u043a\u0442\u0440\u043e\u0441\u0430\u043c\u043e\u043a\u0430\u0442<br \/>\n\u0417\u0430\u0440\u044f\u0434\u043d\u043e\u0435 \u0443\u0441\u0442\u0440\u043e\u0439\u0441\u0442\u0432\u043e<br \/>\n\u0417\u0430\u0440\u044f\u0434\u043d\u044b\u0439 \u0430\u0434\u0430\u043f\u0442\u0435\u0440<br \/>\n\u0423\u0441\u0442\u0430\u043d\u043e\u0432\u043e\u0447\u043d\u044b\u0439 \u043a\u043e\u043c\u043f\u043b\u0435\u043a\u0442<br \/>\n\u0420\u0443\u043a\u043e\u0432\u043e\u0434\u0441\u0442\u0432\u043e<\/p>\n<p><img decoding=\"async\" class=\"alignnone\" src=\"https:\/\/kukirin.ie\/wp-content\/uploads\/2024\/01\/Screenshot-2024-01-17-230127-600x539.png\" alt=\"Kukirin G2 Master pakendi sisu\" width=\"520\" height=\"467\" \/><\/p>\n<p>&nbsp;<\/p>\n","protected":false},"excerpt":{"rendered":"<p>\u042d\u043b\u0435\u043a\u0442\u0440\u043e\u0441\u0430\u043c\u043e\u043a\u0430\u0442 KUKIRIN G2 Master \u0412\u0441\u0442\u0440\u0435\u0447\u0430\u0439\u0442\u0435 \u044d\u043b\u0435\u043a\u0442\u0440\u043e\u0441\u0430\u043c\u043e\u043a\u0430\u0442 KuKirin G2 Master \u2014 \u043b\u0435\u0433\u043a\u0430\u044f \u0438 \u043f\u0440\u043e\u0447\u043d\u0430\u044f \u0440\u0430\u043c\u0430 \u0438\u0437 \u0430\u043b\u044e\u043c\u0438\u043d\u0438\u0435\u0432\u043e\u0433\u043e \u0441\u043f\u043b\u0430\u0432\u0430, \u0430 \u0442\u0430\u043a\u0436\u0435 \u0434\u0432\u043e\u0439\u043d\u0430\u044f \u043f\u0440\u043e\u0438\u0437\u0432\u043e\u0434\u0438\u0442\u0435\u043b\u044c\u043d\u043e\u0441\u0442\u044c \u0431\u043b\u0430\u0433\u043e\u0434\u0430\u0440\u044f \u0434\u0432\u0438\u0433\u0430\u0442\u0435\u043b\u044f\u043c \u043c\u043e\u0449\u043d\u043e\u0441\u0442\u044c\u044e 1000 \u0412\u0442 \u0431\u044b\u0441\u0442\u0440\u043e \u0434\u043e\u0441\u0442\u0430\u0432\u044f\u0442 \u0432\u0430\u0441 \u043a \u043c\u0435\u0441\u0442\u0443 \u043d\u0430\u0437\u043d\u0430\u0447\u0435\u043d\u0438\u044f \u043d\u0430 \u0441\u043a\u043e\u0440\u043e\u0441\u0442\u0438 \u0434\u043e 60 \u043a\u043c\/\u0447. \u0418\u043d\u0442\u0443\u0438\u0442\u0438\u0432\u043d\u043e \u043f\u043e\u043d\u044f\u0442\u043d\u0430\u044f \u043f\u0430\u043d\u0435\u043b\u044c \u0443\u043f\u0440\u0430\u0432\u043b\u0435\u043d\u0438\u044f \u0441 \u0431\u043e\u043b\u044c\u0448\u0438\u043c \u044d\u043a\u0440\u0430\u043d\u043e\u043c \u0438\u043d\u0444\u043e\u0440\u043c\u0438\u0440\u0443\u0435\u0442 \u0432\u0430\u0441 \u043e\u0431\u043e \u0432\u0441\u0435\u043c \u0432\u0430\u0436\u043d\u043e\u043c, \u0433\u0430\u0440\u0430\u043d\u0442\u0438\u0440\u0443\u044f, \u0447\u0442\u043e \u043a\u0430\u0436\u0434\u0430\u044f \u043f\u043e\u0435\u0437\u0434\u043a\u0430 \u0431\u0443\u0434\u0435\u0442 \u043d\u0435 \u0442\u043e\u043b\u044c\u043a\u043e \u044d\u0444\u0444\u0435\u043a\u0442\u0438\u0432\u043d\u043e\u0439, \u043d\u043e \u0438 \u043f\u0440\u0438\u044f\u0442\u043d\u043e\u0439.\u2026<\/p>\n","protected":false},"featured_media":16122,"template":"","meta":[],"product_cat":[211,865],"product_tag":[],"class_list":{"0":"post-16073","1":"product","2":"type-product","3":"status-publish","4":"has-post-thumbnail","6":"product_cat-211","7":"product_cat-kugoo","8":"product_shipping_class-suured-pakid","10":"first","11":"instock","12":"sale","13":"taxable","14":"shipping-taxable","15":"purchasable","16":"product-type-simple"},"yoast_head":"<!-- This site is optimized with the Yoast SEO plugin v23.8 - https:\/\/yoast.com\/wordpress\/plugins\/seo\/ -->\n<title>KuKirin G2 Master - Ecocruiser<\/title>\n<meta name=\"description\" content=\"KuKirin G2 Master elektriline t\u00f5ukeratas: Kuni 60km\/h, 70km s\u00f5iduulatus, stiilne v\u00e4limus ja liikumis mugavus. T\u00e4iuslik kaaslane igal s\u00f5idul.\" \/>\n<meta name=\"robots\" content=\"noindex, follow, max-snippet:-1, max-image-preview:large, max-video-preview:-1\" \/>\n<meta property=\"og:locale\" content=\"en_GB\" \/>\n<meta property=\"og:type\" content=\"article\" \/>\n<meta property=\"og:title\" content=\"KuKirin G2 Master - Ecocruiser\" \/>\n<meta property=\"og:description\" content=\"KuKirin G2 Master elektriline t\u00f5ukeratas: Kuni 60km\/h, 70km s\u00f5iduulatus, stiilne v\u00e4limus ja liikumis mugavus. T\u00e4iuslik kaaslane igal s\u00f5idul.\" \/>\n<meta property=\"og:url\" content=\"https:\/\/projekt.vombat.ee\/eco\/ru\/pood\/\u044d\u043b\u0435\u043a\u0442\u0440\u0438\u0447\u0435\u0441\u043a\u0438\u0435-\u0441\u043a\u0443\u0442\u0435\u0440\u044b\/kukirin-g2-master\/\" \/>\n<meta property=\"og:site_name\" content=\"Ecocruiser\" \/>\n<meta property=\"article:modified_time\" content=\"2024-06-28T10:07:49+00:00\" \/>\n<meta property=\"og:image\" content=\"https:\/\/projekt.vombat.ee\/eco\/wp-content\/uploads\/2024\/02\/Untitled-design-2024-04-17T200100.248.png\" \/>\n\t<meta property=\"og:image:width\" content=\"1000\" \/>\n\t<meta property=\"og:image:height\" content=\"1000\" \/>\n\t<meta property=\"og:image:type\" content=\"image\/png\" \/>\n<meta name=\"twitter:card\" content=\"summary_large_image\" \/>\n<meta name=\"twitter:label1\" content=\"Estimated reading time\" \/>\n\t<meta name=\"twitter:data1\" content=\"3 minutes\" \/>\n<script type=\"application\/ld+json\" class=\"yoast-schema-graph\">{\"@context\":\"https:\/\/schema.org\",\"@graph\":[{\"@type\":\"WebPage\",\"@id\":\"https:\/\/projekt.vombat.ee\/eco\/ru\/pood\/%d1%8d%d0%bb%d0%b5%d0%ba%d1%82%d1%80%d0%b8%d1%87%d0%b5%d1%81%d0%ba%d0%b8%d0%b5-%d1%81%d0%ba%d1%83%d1%82%d0%b5%d1%80%d1%8b\/kukirin-g2-master\/\",\"url\":\"https:\/\/projekt.vombat.ee\/eco\/ru\/pood\/%d1%8d%d0%bb%d0%b5%d0%ba%d1%82%d1%80%d0%b8%d1%87%d0%b5%d1%81%d0%ba%d0%b8%d0%b5-%d1%81%d0%ba%d1%83%d1%82%d0%b5%d1%80%d1%8b\/kukirin-g2-master\/\",\"name\":\"KuKirin G2 Master - Ecocruiser\",\"isPartOf\":{\"@id\":\"https:\/\/projekt.vombat.ee\/eco\/#website\"},\"primaryImageOfPage\":{\"@id\":\"https:\/\/projekt.vombat.ee\/eco\/ru\/pood\/%d1%8d%d0%bb%d0%b5%d0%ba%d1%82%d1%80%d0%b8%d1%87%d0%b5%d1%81%d0%ba%d0%b8%d0%b5-%d1%81%d0%ba%d1%83%d1%82%d0%b5%d1%80%d1%8b\/kukirin-g2-master\/#primaryimage\"},\"image\":{\"@id\":\"https:\/\/projekt.vombat.ee\/eco\/ru\/pood\/%d1%8d%d0%bb%d0%b5%d0%ba%d1%82%d1%80%d0%b8%d1%87%d0%b5%d1%81%d0%ba%d0%b8%d0%b5-%d1%81%d0%ba%d1%83%d1%82%d0%b5%d1%80%d1%8b\/kukirin-g2-master\/#primaryimage\"},\"thumbnailUrl\":\"https:\/\/projekt.vombat.ee\/eco\/wp-content\/uploads\/2024\/02\/Untitled-design-2024-04-17T200100.248.png\",\"datePublished\":\"2024-04-17T10:47:52+00:00\",\"dateModified\":\"2024-06-28T10:07:49+00:00\",\"description\":\"KuKirin G2 Master elektriline t\u00f5ukeratas: Kuni 60km\/h, 70km s\u00f5iduulatus, stiilne v\u00e4limus ja liikumis mugavus. T\u00e4iuslik kaaslane igal s\u00f5idul.\",\"breadcrumb\":{\"@id\":\"https:\/\/projekt.vombat.ee\/eco\/ru\/pood\/%d1%8d%d0%bb%d0%b5%d0%ba%d1%82%d1%80%d0%b8%d1%87%d0%b5%d1%81%d0%ba%d0%b8%d0%b5-%d1%81%d0%ba%d1%83%d1%82%d0%b5%d1%80%d1%8b\/kukirin-g2-master\/#breadcrumb\"},\"inLanguage\":\"en-GB\",\"potentialAction\":[{\"@type\":\"ReadAction\",\"target\":[\"https:\/\/projekt.vombat.ee\/eco\/ru\/pood\/%d1%8d%d0%bb%d0%b5%d0%ba%d1%82%d1%80%d0%b8%d1%87%d0%b5%d1%81%d0%ba%d0%b8%d0%b5-%d1%81%d0%ba%d1%83%d1%82%d0%b5%d1%80%d1%8b\/kukirin-g2-master\/\"]}]},{\"@type\":\"ImageObject\",\"inLanguage\":\"en-GB\",\"@id\":\"https:\/\/projekt.vombat.ee\/eco\/ru\/pood\/%d1%8d%d0%bb%d0%b5%d0%ba%d1%82%d1%80%d0%b8%d1%87%d0%b5%d1%81%d0%ba%d0%b8%d0%b5-%d1%81%d0%ba%d1%83%d1%82%d0%b5%d1%80%d1%8b\/kukirin-g2-master\/#primaryimage\",\"url\":\"https:\/\/projekt.vombat.ee\/eco\/wp-content\/uploads\/2024\/02\/Untitled-design-2024-04-17T200100.248.png\",\"contentUrl\":\"https:\/\/projekt.vombat.ee\/eco\/wp-content\/uploads\/2024\/02\/Untitled-design-2024-04-17T200100.248.png\",\"width\":1000,\"height\":1000},{\"@type\":\"BreadcrumbList\",\"@id\":\"https:\/\/projekt.vombat.ee\/eco\/ru\/pood\/%d1%8d%d0%bb%d0%b5%d0%ba%d1%82%d1%80%d0%b8%d1%87%d0%b5%d1%81%d0%ba%d0%b8%d0%b5-%d1%81%d0%ba%d1%83%d1%82%d0%b5%d1%80%d1%8b\/kukirin-g2-master\/#breadcrumb\",\"itemListElement\":[{\"@type\":\"ListItem\",\"position\":1,\"name\":\"Home\",\"item\":\"https:\/\/projekt.vombat.ee\/eco\/\"},{\"@type\":\"ListItem\",\"position\":2,\"name\":\"Pood\",\"item\":\"https:\/\/projekt.vombat.ee\/eco\/pood\/\"},{\"@type\":\"ListItem\",\"position\":3,\"name\":\"KuKirin G2 Master\"}]},{\"@type\":\"WebSite\",\"@id\":\"https:\/\/projekt.vombat.ee\/eco\/#website\",\"url\":\"https:\/\/projekt.vombat.ee\/eco\/\",\"name\":\"Ecocruiser\",\"description\":\"\",\"publisher\":{\"@id\":\"https:\/\/projekt.vombat.ee\/eco\/#organization\"},\"potentialAction\":[{\"@type\":\"SearchAction\",\"target\":{\"@type\":\"EntryPoint\",\"urlTemplate\":\"https:\/\/projekt.vombat.ee\/eco\/?s={search_term_string}\"},\"query-input\":{\"@type\":\"PropertyValueSpecification\",\"valueRequired\":true,\"valueName\":\"search_term_string\"}}],\"inLanguage\":\"en-GB\"},{\"@type\":\"Organization\",\"@id\":\"https:\/\/projekt.vombat.ee\/eco\/#organization\",\"name\":\"Ecocruiser\",\"url\":\"https:\/\/projekt.vombat.ee\/eco\/\",\"logo\":{\"@type\":\"ImageObject\",\"inLanguage\":\"en-GB\",\"@id\":\"https:\/\/projekt.vombat.ee\/eco\/#\/schema\/logo\/image\/\",\"url\":\"https:\/\/projekt.vombat.ee\/eco\/wp-content\/uploads\/2023\/03\/ECOCRUISER_5.png\",\"contentUrl\":\"https:\/\/projekt.vombat.ee\/eco\/wp-content\/uploads\/2023\/03\/ECOCRUISER_5.png\",\"width\":234,\"height\":91,\"caption\":\"Ecocruiser\"},\"image\":{\"@id\":\"https:\/\/projekt.vombat.ee\/eco\/#\/schema\/logo\/image\/\"}}]}<\/script>\n<!-- \/ Yoast SEO plugin. -->","yoast_head_json":{"title":"KuKirin G2 Master - Ecocruiser","description":"KuKirin G2 Master elektriline t\u00f5ukeratas: Kuni 60km\/h, 70km s\u00f5iduulatus, stiilne v\u00e4limus ja liikumis mugavus. T\u00e4iuslik kaaslane igal s\u00f5idul.","robots":{"index":"noindex","follow":"follow","max-snippet":"max-snippet:-1","max-image-preview":"max-image-preview:large","max-video-preview":"max-video-preview:-1"},"og_locale":"en_GB","og_type":"article","og_title":"KuKirin G2 Master - Ecocruiser","og_description":"KuKirin G2 Master elektriline t\u00f5ukeratas: Kuni 60km\/h, 70km s\u00f5iduulatus, stiilne v\u00e4limus ja liikumis mugavus. T\u00e4iuslik kaaslane igal s\u00f5idul.","og_url":"https:\/\/projekt.vombat.ee\/eco\/ru\/pood\/\u044d\u043b\u0435\u043a\u0442\u0440\u0438\u0447\u0435\u0441\u043a\u0438\u0435-\u0441\u043a\u0443\u0442\u0435\u0440\u044b\/kukirin-g2-master\/","og_site_name":"Ecocruiser","article_modified_time":"2024-06-28T10:07:49+00:00","og_image":[{"width":1000,"height":1000,"url":"https:\/\/projekt.vombat.ee\/eco\/wp-content\/uploads\/2024\/02\/Untitled-design-2024-04-17T200100.248.png","type":"image\/png"}],"twitter_card":"summary_large_image","twitter_misc":{"Estimated reading time":"3 minutes"},"schema":{"@context":"https:\/\/schema.org","@graph":[{"@type":"WebPage","@id":"https:\/\/projekt.vombat.ee\/eco\/ru\/pood\/%d1%8d%d0%bb%d0%b5%d0%ba%d1%82%d1%80%d0%b8%d1%87%d0%b5%d1%81%d0%ba%d0%b8%d0%b5-%d1%81%d0%ba%d1%83%d1%82%d0%b5%d1%80%d1%8b\/kukirin-g2-master\/","url":"https:\/\/projekt.vombat.ee\/eco\/ru\/pood\/%d1%8d%d0%bb%d0%b5%d0%ba%d1%82%d1%80%d0%b8%d1%87%d0%b5%d1%81%d0%ba%d0%b8%d0%b5-%d1%81%d0%ba%d1%83%d1%82%d0%b5%d1%80%d1%8b\/kukirin-g2-master\/","name":"KuKirin G2 Master - Ecocruiser","isPartOf":{"@id":"https:\/\/projekt.vombat.ee\/eco\/#website"},"primaryImageOfPage":{"@id":"https:\/\/projekt.vombat.ee\/eco\/ru\/pood\/%d1%8d%d0%bb%d0%b5%d0%ba%d1%82%d1%80%d0%b8%d1%87%d0%b5%d1%81%d0%ba%d0%b8%d0%b5-%d1%81%d0%ba%d1%83%d1%82%d0%b5%d1%80%d1%8b\/kukirin-g2-master\/#primaryimage"},"image":{"@id":"https:\/\/projekt.vombat.ee\/eco\/ru\/pood\/%d1%8d%d0%bb%d0%b5%d0%ba%d1%82%d1%80%d0%b8%d1%87%d0%b5%d1%81%d0%ba%d0%b8%d0%b5-%d1%81%d0%ba%d1%83%d1%82%d0%b5%d1%80%d1%8b\/kukirin-g2-master\/#primaryimage"},"thumbnailUrl":"https:\/\/projekt.vombat.ee\/eco\/wp-content\/uploads\/2024\/02\/Untitled-design-2024-04-17T200100.248.png","datePublished":"2024-04-17T10:47:52+00:00","dateModified":"2024-06-28T10:07:49+00:00","description":"KuKirin G2 Master elektriline t\u00f5ukeratas: Kuni 60km\/h, 70km s\u00f5iduulatus, stiilne v\u00e4limus ja liikumis mugavus. T\u00e4iuslik kaaslane igal s\u00f5idul.","breadcrumb":{"@id":"https:\/\/projekt.vombat.ee\/eco\/ru\/pood\/%d1%8d%d0%bb%d0%b5%d0%ba%d1%82%d1%80%d0%b8%d1%87%d0%b5%d1%81%d0%ba%d0%b8%d0%b5-%d1%81%d0%ba%d1%83%d1%82%d0%b5%d1%80%d1%8b\/kukirin-g2-master\/#breadcrumb"},"inLanguage":"en-GB","potentialAction":[{"@type":"ReadAction","target":["https:\/\/projekt.vombat.ee\/eco\/ru\/pood\/%d1%8d%d0%bb%d0%b5%d0%ba%d1%82%d1%80%d0%b8%d1%87%d0%b5%d1%81%d0%ba%d0%b8%d0%b5-%d1%81%d0%ba%d1%83%d1%82%d0%b5%d1%80%d1%8b\/kukirin-g2-master\/"]}]},{"@type":"ImageObject","inLanguage":"en-GB","@id":"https:\/\/projekt.vombat.ee\/eco\/ru\/pood\/%d1%8d%d0%bb%d0%b5%d0%ba%d1%82%d1%80%d0%b8%d1%87%d0%b5%d1%81%d0%ba%d0%b8%d0%b5-%d1%81%d0%ba%d1%83%d1%82%d0%b5%d1%80%d1%8b\/kukirin-g2-master\/#primaryimage","url":"https:\/\/projekt.vombat.ee\/eco\/wp-content\/uploads\/2024\/02\/Untitled-design-2024-04-17T200100.248.png","contentUrl":"https:\/\/projekt.vombat.ee\/eco\/wp-content\/uploads\/2024\/02\/Untitled-design-2024-04-17T200100.248.png","width":1000,"height":1000},{"@type":"BreadcrumbList","@id":"https:\/\/projekt.vombat.ee\/eco\/ru\/pood\/%d1%8d%d0%bb%d0%b5%d0%ba%d1%82%d1%80%d0%b8%d1%87%d0%b5%d1%81%d0%ba%d0%b8%d0%b5-%d1%81%d0%ba%d1%83%d1%82%d0%b5%d1%80%d1%8b\/kukirin-g2-master\/#breadcrumb","itemListElement":[{"@type":"ListItem","position":1,"name":"Home","item":"https:\/\/projekt.vombat.ee\/eco\/"},{"@type":"ListItem","position":2,"name":"Pood","item":"https:\/\/projekt.vombat.ee\/eco\/pood\/"},{"@type":"ListItem","position":3,"name":"KuKirin G2 Master"}]},{"@type":"WebSite","@id":"https:\/\/projekt.vombat.ee\/eco\/#website","url":"https:\/\/projekt.vombat.ee\/eco\/","name":"Ecocruiser","description":"","publisher":{"@id":"https:\/\/projekt.vombat.ee\/eco\/#organization"},"potentialAction":[{"@type":"SearchAction","target":{"@type":"EntryPoint","urlTemplate":"https:\/\/projekt.vombat.ee\/eco\/?s={search_term_string}"},"query-input":{"@type":"PropertyValueSpecification","valueRequired":true,"valueName":"search_term_string"}}],"inLanguage":"en-GB"},{"@type":"Organization","@id":"https:\/\/projekt.vombat.ee\/eco\/#organization","name":"Ecocruiser","url":"https:\/\/projekt.vombat.ee\/eco\/","logo":{"@type":"ImageObject","inLanguage":"en-GB","@id":"https:\/\/projekt.vombat.ee\/eco\/#\/schema\/logo\/image\/","url":"https:\/\/projekt.vombat.ee\/eco\/wp-content\/uploads\/2023\/03\/ECOCRUISER_5.png","contentUrl":"https:\/\/projekt.vombat.ee\/eco\/wp-content\/uploads\/2023\/03\/ECOCRUISER_5.png","width":234,"height":91,"caption":"Ecocruiser"},"image":{"@id":"https:\/\/projekt.vombat.ee\/eco\/#\/schema\/logo\/image\/"}}]}},"lang":"ru","translations":{"ru":16073,"en":15893,"et":13905,"fr":17021},"pll_sync_post":[],"_links":{"self":[{"href":"https:\/\/projekt.vombat.ee\/eco\/wp-json\/wp\/v2\/product\/16073"}],"collection":[{"href":"https:\/\/projekt.vombat.ee\/eco\/wp-json\/wp\/v2\/product"}],"about":[{"href":"https:\/\/projekt.vombat.ee\/eco\/wp-json\/wp\/v2\/types\/product"}],"version-history":[{"count":3,"href":"https:\/\/projekt.vombat.ee\/eco\/wp-json\/wp\/v2\/product\/16073\/revisions"}],"predecessor-version":[{"id":16366,"href":"https:\/\/projekt.vombat.ee\/eco\/wp-json\/wp\/v2\/product\/16073\/revisions\/16366"}],"wp:featuredmedia":[{"embeddable":true,"href":"https:\/\/projekt.vombat.ee\/eco\/wp-json\/wp\/v2\/media\/16122"}],"wp:attachment":[{"href":"https:\/\/projekt.vombat.ee\/eco\/wp-json\/wp\/v2\/media?parent=16073"}],"wp:term":[{"taxonomy":"product_cat","embeddable":true,"href":"https:\/\/projekt.vombat.ee\/eco\/wp-json\/wp\/v2\/product_cat?post=16073"},{"taxonomy":"product_tag","embeddable":true,"href":"https:\/\/projekt.vombat.ee\/eco\/wp-json\/wp\/v2\/product_tag?post=16073"}],"curies":[{"name":"wp","href":"https:\/\/api.w.org\/{rel}","templated":true}]}}