{"id":16053,"date":"2024-04-17T08:28:37","date_gmt":"2024-04-17T08:28:37","guid":{"rendered":"https:\/\/projekt.vombat.ee\/eco\/?post_type=product&#038;p=16053"},"modified":"2024-06-30T11:55:39","modified_gmt":"2024-06-30T11:55:39","slug":"kugoo-kirin-g2-max","status":"publish","type":"product","link":"https:\/\/projekt.vombat.ee\/eco\/ru\/pood\/%d1%8d%d0%bb%d0%b5%d0%ba%d1%82%d1%80%d0%b8%d1%87%d0%b5%d1%81%d0%ba%d0%b8%d0%b5-%d1%81%d0%ba%d1%83%d1%82%d0%b5%d1%80%d1%8b\/kugoo-kirin-g2-max\/","title":{"rendered":"Kugoo Kirin G2 Max"},"content":{"rendered":"<p><img decoding=\"async\" src=\"https:\/\/cdn.shopify.com\/s\/files\/1\/0291\/3422\/5501\/files\/KuKirin_G2_Max_Desktop_Detail_16_1920x.jpg?v=1677829610%20alt=\" \/><\/p>\n<p><strong>\u041c\u041e\u0429\u041d\u042b\u0419 \u0414\u0412\u0418\u0413\u0410\u0422\u0415\u041b\u042c \u0418 \u0410\u041a\u041a\u0423\u041c\u0423\u041b\u042f\u0422\u041e\u0420<\/strong><\/p>\n<p>\u0414\u0432\u0438\u0433\u0430\u0442\u0435\u043b\u044c Kugoo Kirin G2 \u043c\u043e\u0449\u043d\u043e\u0441\u0442\u044c\u044e 1000 \u0412\u0442 \u0441 \u0434\u0432\u043e\u0439\u043d\u044b\u043c \u0440\u0430\u0441\u0441\u0435\u0438\u0432\u0430\u043d\u0438\u0435\u043c \u0442\u0435\u043f\u043b\u0430 \u043e\u0431\u0435\u0441\u043f\u0435\u0447\u0438\u0432\u0430\u0435\u0442 \u0432\u044b\u0441\u043e\u043a\u0443\u044e \u043c\u043e\u0449\u043d\u043e\u0441\u0442\u044c \u0438 \u043f\u043e\u0437\u0432\u043e\u043b\u044f\u0435\u0442 \u0440\u0430\u0437\u0432\u0438\u0432\u0430\u0442\u044c \u043c\u0430\u043a\u0441\u0438\u043c\u0430\u043b\u044c\u043d\u0443\u044e \u0441\u043a\u043e\u0440\u043e\u0441\u0442\u044c 55 \u043a\u043c\/\u0447 \u0438 \u043c\u0430\u043a\u0441\u0438\u043c\u0430\u043b\u044c\u043d\u044b\u0439 \u0443\u0433\u043e\u043b \u043f\u043e\u0434\u044a\u0435\u043c\u0430 30\u00b0, \u0447\u0442\u043e \u043e\u0431\u0435\u0441\u043f\u0435\u0447\u0438\u0432\u0430\u0435\u0442 \u043c\u043e\u0449\u043d\u0443\u044e, \u0434\u043e\u043b\u0433\u043e\u0432\u0435\u0447\u043d\u0443\u044e \u0438 \u0437\u0430\u0445\u0432\u0430\u0442\u044b\u0432\u0430\u044e\u0449\u0443\u044e \u0435\u0437\u0434\u0443. \u0411\u043b\u0430\u0433\u043e\u0434\u0430\u0440\u044f \u0431\u043e\u043b\u044c\u0448\u043e\u0439 \u0431\u0430\u0442\u0430\u0440\u0435\u0435 \u0435\u043c\u043a\u043e\u0441\u0442\u044c\u044e 20 \u0410\u0447 Kirin G2 Max \u043c\u043e\u0436\u0435\u0442 \u043f\u0440\u043e\u0435\u0445\u0430\u0442\u044c \u0434\u043e 80 \u043a\u043c \u043f\u0440\u0438 \u043f\u043e\u043b\u043d\u043e\u0439 \u0437\u0430\u0440\u044f\u0434\u043a\u0435, \u0447\u0435\u0433\u043e \u0434\u043e\u0441\u0442\u0430\u0442\u043e\u0447\u043d\u043e \u0434\u043b\u044f \u043f\u043e\u0435\u0437\u0434\u043e\u043a \u043d\u0430 \u0440\u0430\u0431\u043e\u0442\u0443 \u0438 \u043e\u0434\u043d\u043e\u0434\u043d\u0435\u0432\u043d\u044b\u0445 \u0432\u044b\u0435\u0437\u0434\u043e\u0432.<\/p>\n<p>&nbsp;<\/p>\n<p><strong>KUGOO KIRIN G2 MAX \u2014 \u0411\u0415\u0417\u041e\u041f\u0410\u0421\u041d\u042b\u0419 \u0418 \u0421\u0422\u0410\u0411\u0418\u041b\u042c\u041d\u042b\u0419<\/strong><\/p>\n<p>\u0421\u0430\u043c\u043e\u043a\u0430\u0442 G2 Max \u043e\u0441\u043d\u0430\u0449\u0435\u043d \u0434\u0432\u0443\u043c\u044f \u0434\u0438\u0441\u043a\u043e\u0432\u044b\u043c\u0438 \u0442\u043e\u0440\u043c\u043e\u0437\u0430\u043c\u0438, \u043a\u043e\u0442\u043e\u0440\u044b\u0435 \u043f\u043e\u0437\u0432\u043e\u043b\u044f\u044e\u0442 \u0431\u0435\u0437\u043e\u043f\u0430\u0441\u043d\u043e \u0442\u043e\u0440\u043c\u043e\u0437\u0438\u0442\u044c, \u0438 6 \u044f\u0440\u043a\u0438\u043c\u0438 \u043e\u0433\u043d\u044f\u043c\u0438, \u043a\u043e\u0442\u043e\u0440\u044b\u0435 \u043e\u0441\u0432\u0435\u0449\u0430\u044e\u0442 \u0432\u0430\u0441 \u0432\u043f\u0435\u0440\u0435\u0434 \u0438 \u043e\u0431\u0435\u0441\u043f\u0435\u0447\u0438\u0432\u0430\u044e\u0442 \u0432\u0441\u0435\u0441\u0442\u043e\u0440\u043e\u043d\u043d\u044e\u044e \u0437\u0430\u0449\u0438\u0442\u0443.<\/p>\n<p>Kirin G2 Max \u0441 \u0443\u043c\u043d\u044b\u043c \u0434\u0438\u0441\u043f\u043b\u0435\u0435\u043c \u043f\u0440\u043e\u0441\u0442 \u0432 \u0443\u043f\u0440\u0430\u0432\u043b\u0435\u043d\u0438\u0438. \u0412\u044b \u043c\u043e\u0436\u0435\u0442\u0435 \u043d\u0435 \u0442\u043e\u043b\u044c\u043a\u043e \u0447\u0438\u0442\u0430\u0442\u044c \u0440\u0430\u0437\u043b\u0438\u0447\u043d\u0443\u044e \u0438\u043d\u0444\u043e\u0440\u043c\u0430\u0446\u0438\u044e \u043d\u0430 \u044d\u043a\u0440\u0430\u043d\u0435, \u043d\u043e \u0438 \u0430\u043a\u0442\u0438\u0432\u0438\u0440\u043e\u0432\u0430\u0442\u044c \u043d\u0435\u0441\u043a\u043e\u043b\u044c\u043a\u043e \u0444\u0443\u043d\u043a\u0446\u0438\u0439 \u0434\u043b\u044f \u0443\u0434\u043e\u0432\u043b\u0435\u0442\u0432\u043e\u0440\u0435\u043d\u0438\u044f \u0431\u043e\u043b\u044c\u0448\u0435\u0433\u043e \u043a\u043e\u043b\u0438\u0447\u0435\u0441\u0442\u0432\u0430 \u0442\u0440\u0435\u0431\u043e\u0432\u0430\u043d\u0438\u0439.<\/p>\n<p>\u0411\u043b\u0430\u0433\u043e\u0434\u0430\u0440\u044f \u043c\u043e\u0449\u043d\u044b\u043c \u043f\u0435\u0440\u0435\u0434\u043d\u0438\u043c \u0438 \u0437\u0430\u0434\u043d\u0438\u043c \u0430\u043c\u043e\u0440\u0442\u0438\u0437\u0430\u0442\u043e\u0440\u0430\u043c \u043c\u043e\u0434\u0435\u043b\u044c G2 Max \u043e\u0431\u043b\u0430\u0434\u0430\u0435\u0442 \u043f\u0440\u0435\u0432\u043e\u0441\u0445\u043e\u0434\u043d\u043e\u0439 \u0430\u043c\u043e\u0440\u0442\u0438\u0437\u0430\u0446\u0438\u0435\u0439, \u043e\u0431\u0435\u0441\u043f\u0435\u0447\u0438\u0432\u0430\u044f \u043f\u043b\u0430\u0432\u043d\u0443\u044e \u0438 \u043a\u043e\u043c\u0444\u043e\u0440\u0442\u043d\u0443\u044e \u0435\u0437\u0434\u0443 \u0434\u0430\u0436\u0435 \u043f\u043e \u043f\u0435\u0440\u0435\u0441\u0435\u0447\u0435\u043d\u043d\u043e\u0439 \u043c\u0435\u0441\u0442\u043d\u043e\u0441\u0442\u0438.<\/p>\n<p>10-\u0434\u044e\u0439\u043c\u043e\u0432\u044b\u0435 \u0432\u043d\u0435\u0434\u043e\u0440\u043e\u0436\u043d\u044b\u0435 \u0448\u0438\u043d\u044b \u0443\u0441\u0442\u043e\u0439\u0447\u0438\u0432\u044b \u043a \u0438\u0437\u043d\u043e\u0441\u0443 \u0438 \u0443\u0434\u0430\u0440\u0430\u043c \u0438 \u0430\u0434\u0430\u043f\u0442\u0438\u0440\u0443\u044e\u0442\u0441\u044f \u043a \u0440\u0430\u0437\u043b\u0438\u0447\u043d\u044b\u043c \u043f\u043e\u0432\u0435\u0440\u0445\u043d\u043e\u0441\u0442\u044f\u043c, \u043e\u0431\u0435\u0441\u043f\u0435\u0447\u0438\u0432\u0430\u044f \u043a\u043e\u043c\u0444\u043e\u0440\u0442\u043d\u0443\u044e \u0435\u0437\u0434\u0443 \u043f\u043e \u0431\u0435\u0437\u0434\u043e\u0440\u043e\u0436\u044c\u044e.\u0421\u042a\u0415\u041c\u041d\u041e\u0415 \u0421\u0418\u0414\u0415\u041d\u042c\u0415<\/p>\n<p>\u0411\u043b\u0430\u0433\u043e\u0434\u0430\u0440\u044f \u0443\u0434\u043e\u0431\u043d\u043e\u043c\u0443 \u0441\u044a\u0435\u043c\u043d\u043e\u043c\u0443 \u0441\u0438\u0434\u0435\u043d\u044c\u044e \u0432\u044b \u043c\u043e\u0436\u0435\u0442\u0435 \u0441\u0442\u043e\u044f\u0442\u044c \u0438\u043b\u0438 \u0441\u0438\u0434\u0435\u0442\u044c \u043d\u0430 \u0441\u0430\u043c\u043e\u043a\u0430\u0442\u0435, \u043e\u0431\u0435\u0441\u043f\u0435\u0447\u0438\u0432\u0430\u044f \u0431\u043e\u043b\u0435\u0435 \u043a\u043e\u043c\u0444\u043e\u0440\u0442\u043d\u0443\u044e \u0438 \u043f\u0440\u0438\u044f\u0442\u043d\u0443\u044e \u043f\u043e\u0435\u0437\u0434\u043a\u0443.<\/p>\n<p>&nbsp;<\/p>\n<p><strong>\u0421\u042a\u0415\u041c\u041d\u041e\u0415 \u0421\u0418\u0414\u0415\u041d\u042c\u0415<\/strong><\/p>\n<p>\u0411\u043b\u0430\u0433\u043e\u0434\u0430\u0440\u044f \u0443\u0434\u043e\u0431\u043d\u043e\u043c\u0443 \u0441\u044a\u0435\u043c\u043d\u043e\u043c\u0443 \u0441\u0438\u0434\u0435\u043d\u044c\u044e \u0432\u044b \u043c\u043e\u0436\u0435\u0442\u0435 \u0441\u0442\u043e\u044f\u0442\u044c \u0438\u043b\u0438 \u0441\u0438\u0434\u0435\u0442\u044c \u043d\u0430 \u0441\u0430\u043c\u043e\u043a\u0430\u0442\u0435, \u043e\u0431\u0435\u0441\u043f\u0435\u0447\u0438\u0432\u0430\u044f \u0431\u043e\u043b\u0435\u0435 \u043a\u043e\u043c\u0444\u043e\u0440\u0442\u043d\u0443\u044e \u0438 \u043f\u0440\u0438\u044f\u0442\u043d\u0443\u044e \u043f\u043e\u0435\u0437\u0434\u043a\u0443.<\/p>\n<p>&nbsp;<\/p>\n<p><strong>\u0421\u041f\u0415\u0426\u0418\u0424\u0418\u041a\u0410\u0426\u0418\u042f KUGOO KIRIN G2 MAX<\/strong><\/p>\n<p>\u041c\u0430\u043a\u0441\u0438\u043c\u0430\u043b\u044c\u043d\u0430\u044f \u043d\u0430\u0433\u0440\u0443\u0437\u043a\u0430: 120 \u043a\u0433<br \/>\n\u0428\u0438\u0440\u0438\u043d\u0430 \u0440\u0443\u043b\u044f: 25,4 \u043c\u043c<br \/>\n\u0412\u044b\u0441\u043e\u0442\u0430 \u0448\u0430\u0441\u0441\u0438: 230 \u043c\u043c<br \/>\n\u0420\u0430\u0437\u043c\u0435\u0440 \u043f\u0435\u0434\u0430\u043b\u0438: 545*211 \u043c\u043c<br \/>\n\u0421\u043a\u043e\u0440\u043e\u0441\u0442\u044c: 25\/60 \u043a\u043c\/\u0447<br \/>\n\u041f\u0440\u043e\u0431\u0435\u0433: 80\u043a\u043c<br \/>\n\u041d\u0430\u043a\u043b\u043e\u043d: 30\u00b0<br \/>\n\u0422\u043e\u0440\u043c\u043e\u0437\u043d\u0430\u044f \u0441\u0438\u0441\u0442\u0435\u043c\u0430: \u0434\u0438\u0441\u043a\u043e\u0432\u044b\u0439 \u0442\u043e\u0440\u043c\u043e\u0437, \u044d\u043b\u0435\u043a\u0442\u0440\u043e\u043d\u043d\u044b\u0439 \u0442\u043e\u0440\u043c\u043e\u0437.<br \/>\n\u0422\u043e\u0440\u043c\u043e\u0437\u043d\u043e\u0439 \u043f\u0443\u0442\u044c: 8-12 \u043c<br \/>\n\u0412\u043e\u0434\u043e\u043d\u0435\u043f\u0440\u043e\u043d\u0438\u0446\u0430\u0435\u043c\u044b\u0439: IP54<br \/>\n\u041c\u0430\u0442\u0435\u0440\u0438\u0430\u043b \u0440\u0430\u043c\u044b: \u0410\u043b<br \/>\n\u041c\u0430\u0442\u0435\u0440\u0438\u0430\u043b: \u041f\u0423<br \/>\n\u041c\u043e\u0449\u043d\u043e\u0441\u0442\u044c: 1000 \u0412\u0442<br \/>\n\u0422\u0435\u043a\u0443\u0449\u0430\u044f \u043c\u0430\u043a\u0441\u0438\u043c\u0430\u043b\u044c\u043d\u0430\u044f \u043c\u043e\u0449\u043d\u043e\u0441\u0442\u044c: 1200 \u0412\u0442.<br \/>\n\u041c\u0430\u043a\u0441\u0438\u043c\u0430\u043b\u044c\u043d\u0430\u044f \u0441\u043a\u043e\u0440\u043e\u0441\u0442\u044c: 1250 \u043e\u0431\/\u043c\u0438\u043d.<br \/>\n\u041c\u0430\u043a\u0441\u0438\u043c\u0430\u043b\u044c\u043d\u044b\u0439 \u043a\u0440\u0443\u0442\u044f\u0449\u0438\u0439 \u043c\u043e\u043c\u0435\u043d\u0442: 25 \u041d\u043c\/\u0441.<br \/>\n\u0411\u0430\u0442\u0430\u0440\u0435\u044f: 48 \u0412 20 \u0410\u0447<br \/>\n\u0412\u0440\u0435\u043c\u044f \u0437\u0430\u0440\u044f\u0434\u043a\u0438: 10-11 \u0447\u0430\u0441\u043e\u0432<br \/>\n\u0421\u0432\u0435\u0442\u043e\u0434\u0438\u043e\u0434\u043d\u044b\u0439 \u0441\u0432\u0435\u0442\u0438\u043b\u044c\u043d\u0438\u043a: 4 \u0448\u0442.<br \/>\n\u041c\u043e\u0449\u043d\u043e\u0441\u0442\u044c (\u0412\u0442): 8 \u0412\u0442<br \/>\n\u0423\u0433\u043e\u043b \u043b\u0443\u0447\u0430: 45\u00b0<br \/>\n\u0428\u0438\u043d\u0430: \u043f\u043d\u0435\u0432\u043c\u0430\u0442\u0438\u0447\u0435\u0441\u043a\u0430\u044f \u0448\u0438\u043d\u0430 \u0431\u0435\u0437 \u043d\u0430\u0433\u0440\u0443\u0437\u043a\u0438 255 * 80 \u043c\u043c.<\/p>\n<p>\u0412\u0435\u0441 \u0438 \u0440\u0430\u0437\u043c\u0435\u0440<\/p>\n<p>\u0412\u0435\u0441 \u043d\u0435\u0442\u0442\u043e: 31 \u043a\u0433<br \/>\n\u0420\u0430\u0437\u0432\u0435\u0440\u043d\u0443\u0442\u044b\u0439 \u0440\u0430\u0437\u043c\u0435\u0440: 1260*605*1300 \u043c\u043c<br \/>\n\u0420\u0430\u0437\u043c\u0435\u0440 \u0432 \u0441\u043b\u043e\u0436\u0435\u043d\u043d\u043e\u043c \u0432\u0438\u0434\u0435: 1260*605*580 \u043c\u043c<\/p>\n","protected":false},"excerpt":{"rendered":"<p>\u041c\u041e\u0429\u041d\u042b\u0419 \u0414\u0412\u0418\u0413\u0410\u0422\u0415\u041b\u042c \u0418 \u0410\u041a\u041a\u0423\u041c\u0423\u041b\u042f\u0422\u041e\u0420 \u0414\u0432\u0438\u0433\u0430\u0442\u0435\u043b\u044c Kugoo Kirin G2 \u043c\u043e\u0449\u043d\u043e\u0441\u0442\u044c\u044e 1000 \u0412\u0442 \u0441 \u0434\u0432\u043e\u0439\u043d\u044b\u043c \u0440\u0430\u0441\u0441\u0435\u0438\u0432\u0430\u043d\u0438\u0435\u043c \u0442\u0435\u043f\u043b\u0430 \u043e\u0431\u0435\u0441\u043f\u0435\u0447\u0438\u0432\u0430\u0435\u0442 \u0432\u044b\u0441\u043e\u043a\u0443\u044e \u043c\u043e\u0449\u043d\u043e\u0441\u0442\u044c \u0438 \u043f\u043e\u0437\u0432\u043e\u043b\u044f\u0435\u0442 \u0440\u0430\u0437\u0432\u0438\u0432\u0430\u0442\u044c \u043c\u0430\u043a\u0441\u0438\u043c\u0430\u043b\u044c\u043d\u0443\u044e \u0441\u043a\u043e\u0440\u043e\u0441\u0442\u044c 55 \u043a\u043c\/\u0447 \u0438 \u043c\u0430\u043a\u0441\u0438\u043c\u0430\u043b\u044c\u043d\u044b\u0439 \u0443\u0433\u043e\u043b \u043f\u043e\u0434\u044a\u0435\u043c\u0430 30\u00b0, \u0447\u0442\u043e \u043e\u0431\u0435\u0441\u043f\u0435\u0447\u0438\u0432\u0430\u0435\u0442 \u043c\u043e\u0449\u043d\u0443\u044e, \u0434\u043e\u043b\u0433\u043e\u0432\u0435\u0447\u043d\u0443\u044e \u0438 \u0437\u0430\u0445\u0432\u0430\u0442\u044b\u0432\u0430\u044e\u0449\u0443\u044e \u0435\u0437\u0434\u0443. \u0411\u043b\u0430\u0433\u043e\u0434\u0430\u0440\u044f \u0431\u043e\u043b\u044c\u0448\u043e\u0439 \u0431\u0430\u0442\u0430\u0440\u0435\u0435 \u0435\u043c\u043a\u043e\u0441\u0442\u044c\u044e 20 \u0410\u0447 Kirin G2 Max \u043c\u043e\u0436\u0435\u0442 \u043f\u0440\u043e\u0435\u0445\u0430\u0442\u044c \u0434\u043e 80 \u043a\u043c \u043f\u0440\u0438 \u043f\u043e\u043b\u043d\u043e\u0439 \u0437\u0430\u0440\u044f\u0434\u043a\u0435, \u0447\u0435\u0433\u043e \u0434\u043e\u0441\u0442\u0430\u0442\u043e\u0447\u043d\u043e \u0434\u043b\u044f \u043f\u043e\u0435\u0437\u0434\u043e\u043a \u043d\u0430 \u0440\u0430\u0431\u043e\u0442\u0443\u2026<\/p>\n","protected":false},"featured_media":6387,"template":"","meta":[],"product_cat":[211,865],"product_tag":[],"class_list":{"0":"post-16053","1":"product","2":"type-product","3":"status-publish","4":"has-post-thumbnail","6":"product_cat-211","7":"product_cat-kugoo","8":"product_shipping_class-suured-pakid","10":"first","11":"instock","12":"sale","13":"taxable","14":"shipping-taxable","15":"purchasable","16":"product-type-simple"},"yoast_head":"<!-- This site is optimized with the Yoast SEO plugin v23.8 - https:\/\/yoast.com\/wordpress\/plugins\/seo\/ -->\n<title>Kugoo Kirin G2 Max - Ecocruiser<\/title>\n<meta name=\"description\" content=\"Kugoo Kirin G2 Max - Laadukkaat merkit, laaja valikoima - Ecocruiser.ee - Jos sinulla on kysytt\u00e4v\u00e4\u00e4, ota yhteytt\u00e4 info@projekt.vombat.ee\" \/>\n<meta name=\"robots\" content=\"noindex, follow, max-snippet:-1, max-image-preview:large, max-video-preview:-1\" \/>\n<meta property=\"og:locale\" content=\"en_GB\" \/>\n<meta property=\"og:type\" content=\"article\" \/>\n<meta property=\"og:title\" content=\"Kugoo Kirin G2 Max - Ecocruiser\" \/>\n<meta property=\"og:description\" content=\"Kugoo Kirin G2 Max - Laadukkaat merkit, laaja valikoima - Ecocruiser.ee - Jos sinulla on kysytt\u00e4v\u00e4\u00e4, ota yhteytt\u00e4 info@projekt.vombat.ee\" \/>\n<meta property=\"og:url\" content=\"https:\/\/projekt.vombat.ee\/eco\/ru\/pood\/\u044d\u043b\u0435\u043a\u0442\u0440\u0438\u0447\u0435\u0441\u043a\u0438\u0435-\u0441\u043a\u0443\u0442\u0435\u0440\u044b\/kugoo-kirin-g2-max\/\" \/>\n<meta property=\"og:site_name\" content=\"Ecocruiser\" \/>\n<meta property=\"article:modified_time\" content=\"2024-06-30T11:55:39+00:00\" \/>\n<meta property=\"og:image\" content=\"https:\/\/projekt.vombat.ee\/eco\/wp-content\/uploads\/2023\/03\/Untitled-design-2023-03-11T160502.849.png\" \/>\n\t<meta property=\"og:image:width\" content=\"1000\" \/>\n\t<meta property=\"og:image:height\" content=\"1000\" \/>\n\t<meta property=\"og:image:type\" content=\"image\/png\" \/>\n<meta name=\"twitter:card\" content=\"summary_large_image\" \/>\n<meta name=\"twitter:label1\" content=\"Estimated reading time\" \/>\n\t<meta name=\"twitter:data1\" content=\"2 minutes\" \/>\n<script type=\"application\/ld+json\" class=\"yoast-schema-graph\">{\"@context\":\"https:\/\/schema.org\",\"@graph\":[{\"@type\":\"WebPage\",\"@id\":\"https:\/\/projekt.vombat.ee\/eco\/ru\/pood\/%d1%8d%d0%bb%d0%b5%d0%ba%d1%82%d1%80%d0%b8%d1%87%d0%b5%d1%81%d0%ba%d0%b8%d0%b5-%d1%81%d0%ba%d1%83%d1%82%d0%b5%d1%80%d1%8b\/kugoo-kirin-g2-max\/\",\"url\":\"https:\/\/projekt.vombat.ee\/eco\/ru\/pood\/%d1%8d%d0%bb%d0%b5%d0%ba%d1%82%d1%80%d0%b8%d1%87%d0%b5%d1%81%d0%ba%d0%b8%d0%b5-%d1%81%d0%ba%d1%83%d1%82%d0%b5%d1%80%d1%8b\/kugoo-kirin-g2-max\/\",\"name\":\"Kugoo Kirin G2 Max - Ecocruiser\",\"isPartOf\":{\"@id\":\"https:\/\/projekt.vombat.ee\/eco\/#website\"},\"primaryImageOfPage\":{\"@id\":\"https:\/\/projekt.vombat.ee\/eco\/ru\/pood\/%d1%8d%d0%bb%d0%b5%d0%ba%d1%82%d1%80%d0%b8%d1%87%d0%b5%d1%81%d0%ba%d0%b8%d0%b5-%d1%81%d0%ba%d1%83%d1%82%d0%b5%d1%80%d1%8b\/kugoo-kirin-g2-max\/#primaryimage\"},\"image\":{\"@id\":\"https:\/\/projekt.vombat.ee\/eco\/ru\/pood\/%d1%8d%d0%bb%d0%b5%d0%ba%d1%82%d1%80%d0%b8%d1%87%d0%b5%d1%81%d0%ba%d0%b8%d0%b5-%d1%81%d0%ba%d1%83%d1%82%d0%b5%d1%80%d1%8b\/kugoo-kirin-g2-max\/#primaryimage\"},\"thumbnailUrl\":\"https:\/\/projekt.vombat.ee\/eco\/wp-content\/uploads\/2023\/03\/Untitled-design-2023-03-11T160502.849.png\",\"datePublished\":\"2024-04-17T08:28:37+00:00\",\"dateModified\":\"2024-06-30T11:55:39+00:00\",\"description\":\"Kugoo Kirin G2 Max - Laadukkaat merkit, laaja valikoima - Ecocruiser.ee - Jos sinulla on kysytt\u00e4v\u00e4\u00e4, ota yhteytt\u00e4 info@projekt.vombat.ee\",\"breadcrumb\":{\"@id\":\"https:\/\/projekt.vombat.ee\/eco\/ru\/pood\/%d1%8d%d0%bb%d0%b5%d0%ba%d1%82%d1%80%d0%b8%d1%87%d0%b5%d1%81%d0%ba%d0%b8%d0%b5-%d1%81%d0%ba%d1%83%d1%82%d0%b5%d1%80%d1%8b\/kugoo-kirin-g2-max\/#breadcrumb\"},\"inLanguage\":\"en-GB\",\"potentialAction\":[{\"@type\":\"ReadAction\",\"target\":[\"https:\/\/projekt.vombat.ee\/eco\/ru\/pood\/%d1%8d%d0%bb%d0%b5%d0%ba%d1%82%d1%80%d0%b8%d1%87%d0%b5%d1%81%d0%ba%d0%b8%d0%b5-%d1%81%d0%ba%d1%83%d1%82%d0%b5%d1%80%d1%8b\/kugoo-kirin-g2-max\/\"]}]},{\"@type\":\"ImageObject\",\"inLanguage\":\"en-GB\",\"@id\":\"https:\/\/projekt.vombat.ee\/eco\/ru\/pood\/%d1%8d%d0%bb%d0%b5%d0%ba%d1%82%d1%80%d0%b8%d1%87%d0%b5%d1%81%d0%ba%d0%b8%d0%b5-%d1%81%d0%ba%d1%83%d1%82%d0%b5%d1%80%d1%8b\/kugoo-kirin-g2-max\/#primaryimage\",\"url\":\"https:\/\/projekt.vombat.ee\/eco\/wp-content\/uploads\/2023\/03\/Untitled-design-2023-03-11T160502.849.png\",\"contentUrl\":\"https:\/\/projekt.vombat.ee\/eco\/wp-content\/uploads\/2023\/03\/Untitled-design-2023-03-11T160502.849.png\",\"width\":1000,\"height\":1000,\"caption\":\"Kugoo Kirin G2 max\"},{\"@type\":\"BreadcrumbList\",\"@id\":\"https:\/\/projekt.vombat.ee\/eco\/ru\/pood\/%d1%8d%d0%bb%d0%b5%d0%ba%d1%82%d1%80%d0%b8%d1%87%d0%b5%d1%81%d0%ba%d0%b8%d0%b5-%d1%81%d0%ba%d1%83%d1%82%d0%b5%d1%80%d1%8b\/kugoo-kirin-g2-max\/#breadcrumb\",\"itemListElement\":[{\"@type\":\"ListItem\",\"position\":1,\"name\":\"Home\",\"item\":\"https:\/\/projekt.vombat.ee\/eco\/\"},{\"@type\":\"ListItem\",\"position\":2,\"name\":\"Pood\",\"item\":\"https:\/\/projekt.vombat.ee\/eco\/pood\/\"},{\"@type\":\"ListItem\",\"position\":3,\"name\":\"Kugoo Kirin G2 Max\"}]},{\"@type\":\"WebSite\",\"@id\":\"https:\/\/projekt.vombat.ee\/eco\/#website\",\"url\":\"https:\/\/projekt.vombat.ee\/eco\/\",\"name\":\"Ecocruiser\",\"description\":\"\",\"publisher\":{\"@id\":\"https:\/\/projekt.vombat.ee\/eco\/#organization\"},\"potentialAction\":[{\"@type\":\"SearchAction\",\"target\":{\"@type\":\"EntryPoint\",\"urlTemplate\":\"https:\/\/projekt.vombat.ee\/eco\/?s={search_term_string}\"},\"query-input\":{\"@type\":\"PropertyValueSpecification\",\"valueRequired\":true,\"valueName\":\"search_term_string\"}}],\"inLanguage\":\"en-GB\"},{\"@type\":\"Organization\",\"@id\":\"https:\/\/projekt.vombat.ee\/eco\/#organization\",\"name\":\"Ecocruiser\",\"url\":\"https:\/\/projekt.vombat.ee\/eco\/\",\"logo\":{\"@type\":\"ImageObject\",\"inLanguage\":\"en-GB\",\"@id\":\"https:\/\/projekt.vombat.ee\/eco\/#\/schema\/logo\/image\/\",\"url\":\"https:\/\/projekt.vombat.ee\/eco\/wp-content\/uploads\/2023\/03\/ECOCRUISER_5.png\",\"contentUrl\":\"https:\/\/projekt.vombat.ee\/eco\/wp-content\/uploads\/2023\/03\/ECOCRUISER_5.png\",\"width\":234,\"height\":91,\"caption\":\"Ecocruiser\"},\"image\":{\"@id\":\"https:\/\/projekt.vombat.ee\/eco\/#\/schema\/logo\/image\/\"}}]}<\/script>\n<!-- \/ Yoast SEO plugin. -->","yoast_head_json":{"title":"Kugoo Kirin G2 Max - Ecocruiser","description":"Kugoo Kirin G2 Max - Laadukkaat merkit, laaja valikoima - Ecocruiser.ee - Jos sinulla on kysytt\u00e4v\u00e4\u00e4, ota yhteytt\u00e4 info@projekt.vombat.ee","robots":{"index":"noindex","follow":"follow","max-snippet":"max-snippet:-1","max-image-preview":"max-image-preview:large","max-video-preview":"max-video-preview:-1"},"og_locale":"en_GB","og_type":"article","og_title":"Kugoo Kirin G2 Max - Ecocruiser","og_description":"Kugoo Kirin G2 Max - Laadukkaat merkit, laaja valikoima - Ecocruiser.ee - Jos sinulla on kysytt\u00e4v\u00e4\u00e4, ota yhteytt\u00e4 info@projekt.vombat.ee","og_url":"https:\/\/projekt.vombat.ee\/eco\/ru\/pood\/\u044d\u043b\u0435\u043a\u0442\u0440\u0438\u0447\u0435\u0441\u043a\u0438\u0435-\u0441\u043a\u0443\u0442\u0435\u0440\u044b\/kugoo-kirin-g2-max\/","og_site_name":"Ecocruiser","article_modified_time":"2024-06-30T11:55:39+00:00","og_image":[{"width":1000,"height":1000,"url":"https:\/\/projekt.vombat.ee\/eco\/wp-content\/uploads\/2023\/03\/Untitled-design-2023-03-11T160502.849.png","type":"image\/png"}],"twitter_card":"summary_large_image","twitter_misc":{"Estimated reading time":"2 minutes"},"schema":{"@context":"https:\/\/schema.org","@graph":[{"@type":"WebPage","@id":"https:\/\/projekt.vombat.ee\/eco\/ru\/pood\/%d1%8d%d0%bb%d0%b5%d0%ba%d1%82%d1%80%d0%b8%d1%87%d0%b5%d1%81%d0%ba%d0%b8%d0%b5-%d1%81%d0%ba%d1%83%d1%82%d0%b5%d1%80%d1%8b\/kugoo-kirin-g2-max\/","url":"https:\/\/projekt.vombat.ee\/eco\/ru\/pood\/%d1%8d%d0%bb%d0%b5%d0%ba%d1%82%d1%80%d0%b8%d1%87%d0%b5%d1%81%d0%ba%d0%b8%d0%b5-%d1%81%d0%ba%d1%83%d1%82%d0%b5%d1%80%d1%8b\/kugoo-kirin-g2-max\/","name":"Kugoo Kirin G2 Max - Ecocruiser","isPartOf":{"@id":"https:\/\/projekt.vombat.ee\/eco\/#website"},"primaryImageOfPage":{"@id":"https:\/\/projekt.vombat.ee\/eco\/ru\/pood\/%d1%8d%d0%bb%d0%b5%d0%ba%d1%82%d1%80%d0%b8%d1%87%d0%b5%d1%81%d0%ba%d0%b8%d0%b5-%d1%81%d0%ba%d1%83%d1%82%d0%b5%d1%80%d1%8b\/kugoo-kirin-g2-max\/#primaryimage"},"image":{"@id":"https:\/\/projekt.vombat.ee\/eco\/ru\/pood\/%d1%8d%d0%bb%d0%b5%d0%ba%d1%82%d1%80%d0%b8%d1%87%d0%b5%d1%81%d0%ba%d0%b8%d0%b5-%d1%81%d0%ba%d1%83%d1%82%d0%b5%d1%80%d1%8b\/kugoo-kirin-g2-max\/#primaryimage"},"thumbnailUrl":"https:\/\/projekt.vombat.ee\/eco\/wp-content\/uploads\/2023\/03\/Untitled-design-2023-03-11T160502.849.png","datePublished":"2024-04-17T08:28:37+00:00","dateModified":"2024-06-30T11:55:39+00:00","description":"Kugoo Kirin G2 Max - Laadukkaat merkit, laaja valikoima - Ecocruiser.ee - Jos sinulla on kysytt\u00e4v\u00e4\u00e4, ota yhteytt\u00e4 info@projekt.vombat.ee","breadcrumb":{"@id":"https:\/\/projekt.vombat.ee\/eco\/ru\/pood\/%d1%8d%d0%bb%d0%b5%d0%ba%d1%82%d1%80%d0%b8%d1%87%d0%b5%d1%81%d0%ba%d0%b8%d0%b5-%d1%81%d0%ba%d1%83%d1%82%d0%b5%d1%80%d1%8b\/kugoo-kirin-g2-max\/#breadcrumb"},"inLanguage":"en-GB","potentialAction":[{"@type":"ReadAction","target":["https:\/\/projekt.vombat.ee\/eco\/ru\/pood\/%d1%8d%d0%bb%d0%b5%d0%ba%d1%82%d1%80%d0%b8%d1%87%d0%b5%d1%81%d0%ba%d0%b8%d0%b5-%d1%81%d0%ba%d1%83%d1%82%d0%b5%d1%80%d1%8b\/kugoo-kirin-g2-max\/"]}]},{"@type":"ImageObject","inLanguage":"en-GB","@id":"https:\/\/projekt.vombat.ee\/eco\/ru\/pood\/%d1%8d%d0%bb%d0%b5%d0%ba%d1%82%d1%80%d0%b8%d1%87%d0%b5%d1%81%d0%ba%d0%b8%d0%b5-%d1%81%d0%ba%d1%83%d1%82%d0%b5%d1%80%d1%8b\/kugoo-kirin-g2-max\/#primaryimage","url":"https:\/\/projekt.vombat.ee\/eco\/wp-content\/uploads\/2023\/03\/Untitled-design-2023-03-11T160502.849.png","contentUrl":"https:\/\/projekt.vombat.ee\/eco\/wp-content\/uploads\/2023\/03\/Untitled-design-2023-03-11T160502.849.png","width":1000,"height":1000,"caption":"Kugoo Kirin G2 max"},{"@type":"BreadcrumbList","@id":"https:\/\/projekt.vombat.ee\/eco\/ru\/pood\/%d1%8d%d0%bb%d0%b5%d0%ba%d1%82%d1%80%d0%b8%d1%87%d0%b5%d1%81%d0%ba%d0%b8%d0%b5-%d1%81%d0%ba%d1%83%d1%82%d0%b5%d1%80%d1%8b\/kugoo-kirin-g2-max\/#breadcrumb","itemListElement":[{"@type":"ListItem","position":1,"name":"Home","item":"https:\/\/projekt.vombat.ee\/eco\/"},{"@type":"ListItem","position":2,"name":"Pood","item":"https:\/\/projekt.vombat.ee\/eco\/pood\/"},{"@type":"ListItem","position":3,"name":"Kugoo Kirin G2 Max"}]},{"@type":"WebSite","@id":"https:\/\/projekt.vombat.ee\/eco\/#website","url":"https:\/\/projekt.vombat.ee\/eco\/","name":"Ecocruiser","description":"","publisher":{"@id":"https:\/\/projekt.vombat.ee\/eco\/#organization"},"potentialAction":[{"@type":"SearchAction","target":{"@type":"EntryPoint","urlTemplate":"https:\/\/projekt.vombat.ee\/eco\/?s={search_term_string}"},"query-input":{"@type":"PropertyValueSpecification","valueRequired":true,"valueName":"search_term_string"}}],"inLanguage":"en-GB"},{"@type":"Organization","@id":"https:\/\/projekt.vombat.ee\/eco\/#organization","name":"Ecocruiser","url":"https:\/\/projekt.vombat.ee\/eco\/","logo":{"@type":"ImageObject","inLanguage":"en-GB","@id":"https:\/\/projekt.vombat.ee\/eco\/#\/schema\/logo\/image\/","url":"https:\/\/projekt.vombat.ee\/eco\/wp-content\/uploads\/2023\/03\/ECOCRUISER_5.png","contentUrl":"https:\/\/projekt.vombat.ee\/eco\/wp-content\/uploads\/2023\/03\/ECOCRUISER_5.png","width":234,"height":91,"caption":"Ecocruiser"},"image":{"@id":"https:\/\/projekt.vombat.ee\/eco\/#\/schema\/logo\/image\/"}}]}},"lang":"ru","translations":{"ru":16053,"en":15986,"fr":16920},"pll_sync_post":[],"_links":{"self":[{"href":"https:\/\/projekt.vombat.ee\/eco\/wp-json\/wp\/v2\/product\/16053"}],"collection":[{"href":"https:\/\/projekt.vombat.ee\/eco\/wp-json\/wp\/v2\/product"}],"about":[{"href":"https:\/\/projekt.vombat.ee\/eco\/wp-json\/wp\/v2\/types\/product"}],"version-history":[{"count":1,"href":"https:\/\/projekt.vombat.ee\/eco\/wp-json\/wp\/v2\/product\/16053\/revisions"}],"predecessor-version":[{"id":16054,"href":"https:\/\/projekt.vombat.ee\/eco\/wp-json\/wp\/v2\/product\/16053\/revisions\/16054"}],"wp:featuredmedia":[{"embeddable":true,"href":"https:\/\/projekt.vombat.ee\/eco\/wp-json\/wp\/v2\/media\/6387"}],"wp:attachment":[{"href":"https:\/\/projekt.vombat.ee\/eco\/wp-json\/wp\/v2\/media?parent=16053"}],"wp:term":[{"taxonomy":"product_cat","embeddable":true,"href":"https:\/\/projekt.vombat.ee\/eco\/wp-json\/wp\/v2\/product_cat?post=16053"},{"taxonomy":"product_tag","embeddable":true,"href":"https:\/\/projekt.vombat.ee\/eco\/wp-json\/wp\/v2\/product_tag?post=16053"}],"curies":[{"name":"wp","href":"https:\/\/api.w.org\/{rel}","templated":true}]}}