{"id":15997,"date":"2024-04-15T20:21:03","date_gmt":"2024-04-15T20:21:03","guid":{"rendered":"https:\/\/projekt.vombat.ee\/eco\/?post_type=product&#038;p=15997"},"modified":"2024-05-19T15:15:17","modified_gmt":"2024-05-19T15:15:17","slug":"kugoo-kirin-g3","status":"publish","type":"product","link":"https:\/\/projekt.vombat.ee\/eco\/en\/pood\/electric-scooters\/kugoo-kirin-g3\/","title":{"rendered":"KuKirin G3 Electric Scooter"},"content":{"rendered":"<h1>KuKirin G3<\/h1>\n<p><img decoding=\"async\" src=\"https:\/\/cdn.shopify.com\/s\/files\/1\/0291\/3422\/5501\/files\/KugooKirin_G3_Desktop_Detail_1_1920x.jpg?v=1677832049%20alt=\" \/><\/p>\n<h3>POWERFUL ENGINE &amp; BATTERY<\/h3>\n<p>The powerful 1200W motor with double heat dissipation ensures constant and strong power, allowing the e-scooter to accelerate up to 50 km\/h. Power and durability are guaranteed when driving the Kugoo Kirin G3.<\/p>\n<p>The frame is made of high-strength aluminum alloy and is designed in one piece without welding, which is strong and good looking.<\/p>\n<p>Thanks to the all-in-one design, the KugooKirin G3 is tougher and more durable, perfect for your ride! Equipped with a large 18Ah lithium-ion battery, KugooKirin G3 can travel up to 70km on a full charge, which is a great partner for long-distance driving!<\/p>\n<p>Thanks to its powerful power supply, KugooKirin G3 can adapt to different terrains and climb 30\u00b0 uphill. Your off-road adventure will be more fun and exciting.<\/p>\n<h3>KUGOO KIRIN G3 &#8211; SAFE AND STABLE<\/h3>\n<p>The advanced LED touch screen is designed to display various real-time data such as speed and battery power, as well as multi-functional control, which makes your driving smarter, easier and more interesting.<\/p>\n<p>With 10.5-inch all-terrain tires, the G3 adapts to different types of terrain and drives more smoothly.<\/p>\n<h3>KUGOO KIRIN G3 SPECIFICATION<\/h3>\n<p>Color: Black<\/p>\n<p>Manufacturer: Kugoo<\/p>\n<p>Top speed: 25\/50 km\/h<\/p>\n<p>Driving range: 70 km<\/p>\n<p>Max elevation angle: 25\u00b0<\/p>\n<p>Tires: 10.5&#8243;, Pneumatic tire<\/p>\n<p>Brakes: Disc brakes<\/p>\n<p>Suspension: Front and rear suspension<\/p>\n<p>Dimensions (in driving position): 1200*1290*660 mm<\/p>\n<p>Dimensions (folded): 1200*550*660 mm<\/p>\n<p>Cruise control: Yes<\/p>\n<p>Gears: 3<\/p>\n<p>Load capacity: 100 kg<\/p>\n<p>Signal: Yes<\/p>\n<p>Lights: LED (front and rear light)<\/p>\n<p>App: Yes<\/p>\n<p>Weight: 25 kg<\/p>\n<p>USB: No<\/p>\n<p>Motor type: Brushless motor<\/p>\n<p>Motor power (W): 1200 W<\/p>\n<p>Battery: 18 Ah, 52 V<\/p>\n<p>Charging time: 8-10 hours<\/p>\n<p>Charger: 2 A, 58.8 V<\/p>\n<p>Display: LED screen, Touch<\/p>\n","protected":false},"excerpt":{"rendered":"<p><strong>Kugoo Kirin G3<\/strong><\/p>\n<p>&nbsp;<\/p>\n<p>Driving range: 70 km<br \/>\nBattery: 18 Ah, 52 V<br \/>\nMotor power (W): 1200 W<br \/>\nLoad capacity: 100 kg<\/p>\n<p>&nbsp;<\/p>\n<p><strong>\u2666 Delivery time 2-7 days<\/strong><br \/>\n<strong>\u2666 In stock<\/strong><\/p>\n","protected":false},"featured_media":16389,"template":"","meta":[],"product_cat":[2157,2226],"product_tag":[],"class_list":{"0":"post-15997","1":"product","2":"type-product","3":"status-publish","4":"has-post-thumbnail","6":"product_cat-electric-scooters","7":"product_cat-kugoo","8":"product_shipping_class-suured-pakid","10":"first","11":"instock","12":"sale","13":"taxable","14":"shipping-taxable","15":"purchasable","16":"product-type-simple"},"yoast_head":"<!-- This site is optimized with the Yoast SEO plugin v23.8 - https:\/\/yoast.com\/wordpress\/plugins\/seo\/ -->\n<title>KuKirin G3 Electric Scooter - Ecocruiser<\/title>\n<meta name=\"description\" content=\"KuKirin G3 Electric Scooter - Laadukkaat merkit, laaja valikoima - Ecocruiser.ee - Jos sinulla on kysytt\u00e4v\u00e4\u00e4, ota yhteytt\u00e4 info@projekt.vombat.ee\" \/>\n<meta name=\"robots\" content=\"noindex, follow, max-snippet:-1, max-image-preview:large, max-video-preview:-1\" \/>\n<meta property=\"og:locale\" content=\"en_GB\" \/>\n<meta property=\"og:type\" content=\"article\" \/>\n<meta property=\"og:title\" content=\"KuKirin G3 Electric Scooter - Ecocruiser\" \/>\n<meta property=\"og:description\" content=\"KuKirin G3 Electric Scooter - Laadukkaat merkit, laaja valikoima - Ecocruiser.ee - Jos sinulla on kysytt\u00e4v\u00e4\u00e4, ota yhteytt\u00e4 info@projekt.vombat.ee\" \/>\n<meta property=\"og:url\" content=\"https:\/\/projekt.vombat.ee\/eco\/en\/pood\/electric-scooters\/kugoo-kirin-g3\/\" \/>\n<meta property=\"og:site_name\" content=\"Ecocruiser\" \/>\n<meta property=\"article:modified_time\" content=\"2024-05-19T15:15:17+00:00\" \/>\n<meta property=\"og:image\" content=\"https:\/\/projekt.vombat.ee\/eco\/wp-content\/uploads\/2023\/03\/ec4ee9ee91fea7237f5406c050dd4cc5.png\" \/>\n\t<meta property=\"og:image:width\" content=\"900\" \/>\n\t<meta property=\"og:image:height\" content=\"904\" \/>\n\t<meta property=\"og:image:type\" content=\"image\/png\" \/>\n<meta name=\"twitter:card\" content=\"summary_large_image\" \/>\n<meta name=\"twitter:label1\" content=\"Estimated reading time\" \/>\n\t<meta name=\"twitter:data1\" content=\"2 minutes\" \/>\n<script type=\"application\/ld+json\" class=\"yoast-schema-graph\">{\"@context\":\"https:\/\/schema.org\",\"@graph\":[{\"@type\":\"WebPage\",\"@id\":\"https:\/\/projekt.vombat.ee\/eco\/en\/pood\/electric-scooters\/kugoo-kirin-g3\/\",\"url\":\"https:\/\/projekt.vombat.ee\/eco\/en\/pood\/electric-scooters\/kugoo-kirin-g3\/\",\"name\":\"KuKirin G3 Electric Scooter - Ecocruiser\",\"isPartOf\":{\"@id\":\"https:\/\/projekt.vombat.ee\/eco\/#website\"},\"primaryImageOfPage\":{\"@id\":\"https:\/\/projekt.vombat.ee\/eco\/en\/pood\/electric-scooters\/kugoo-kirin-g3\/#primaryimage\"},\"image\":{\"@id\":\"https:\/\/projekt.vombat.ee\/eco\/en\/pood\/electric-scooters\/kugoo-kirin-g3\/#primaryimage\"},\"thumbnailUrl\":\"https:\/\/projekt.vombat.ee\/eco\/wp-content\/uploads\/2023\/03\/ec4ee9ee91fea7237f5406c050dd4cc5.png\",\"datePublished\":\"2024-04-15T20:21:03+00:00\",\"dateModified\":\"2024-05-19T15:15:17+00:00\",\"description\":\"KuKirin G3 Electric Scooter - Laadukkaat merkit, laaja valikoima - Ecocruiser.ee - Jos sinulla on kysytt\u00e4v\u00e4\u00e4, ota yhteytt\u00e4 info@projekt.vombat.ee\",\"breadcrumb\":{\"@id\":\"https:\/\/projekt.vombat.ee\/eco\/en\/pood\/electric-scooters\/kugoo-kirin-g3\/#breadcrumb\"},\"inLanguage\":\"en-GB\",\"potentialAction\":[{\"@type\":\"ReadAction\",\"target\":[\"https:\/\/projekt.vombat.ee\/eco\/en\/pood\/electric-scooters\/kugoo-kirin-g3\/\"]}]},{\"@type\":\"ImageObject\",\"inLanguage\":\"en-GB\",\"@id\":\"https:\/\/projekt.vombat.ee\/eco\/en\/pood\/electric-scooters\/kugoo-kirin-g3\/#primaryimage\",\"url\":\"https:\/\/projekt.vombat.ee\/eco\/wp-content\/uploads\/2023\/03\/ec4ee9ee91fea7237f5406c050dd4cc5.png\",\"contentUrl\":\"https:\/\/projekt.vombat.ee\/eco\/wp-content\/uploads\/2023\/03\/ec4ee9ee91fea7237f5406c050dd4cc5.png\",\"width\":900,\"height\":904,\"caption\":\"KuKirin G3\"},{\"@type\":\"BreadcrumbList\",\"@id\":\"https:\/\/projekt.vombat.ee\/eco\/en\/pood\/electric-scooters\/kugoo-kirin-g3\/#breadcrumb\",\"itemListElement\":[{\"@type\":\"ListItem\",\"position\":1,\"name\":\"Home\",\"item\":\"https:\/\/projekt.vombat.ee\/eco\/\"},{\"@type\":\"ListItem\",\"position\":2,\"name\":\"Pood\",\"item\":\"https:\/\/projekt.vombat.ee\/eco\/pood\/\"},{\"@type\":\"ListItem\",\"position\":3,\"name\":\"KuKirin G3 Electric Scooter\"}]},{\"@type\":\"WebSite\",\"@id\":\"https:\/\/projekt.vombat.ee\/eco\/#website\",\"url\":\"https:\/\/projekt.vombat.ee\/eco\/\",\"name\":\"Ecocruiser\",\"description\":\"\",\"publisher\":{\"@id\":\"https:\/\/projekt.vombat.ee\/eco\/#organization\"},\"potentialAction\":[{\"@type\":\"SearchAction\",\"target\":{\"@type\":\"EntryPoint\",\"urlTemplate\":\"https:\/\/projekt.vombat.ee\/eco\/?s={search_term_string}\"},\"query-input\":{\"@type\":\"PropertyValueSpecification\",\"valueRequired\":true,\"valueName\":\"search_term_string\"}}],\"inLanguage\":\"en-GB\"},{\"@type\":\"Organization\",\"@id\":\"https:\/\/projekt.vombat.ee\/eco\/#organization\",\"name\":\"Ecocruiser\",\"url\":\"https:\/\/projekt.vombat.ee\/eco\/\",\"logo\":{\"@type\":\"ImageObject\",\"inLanguage\":\"en-GB\",\"@id\":\"https:\/\/projekt.vombat.ee\/eco\/#\/schema\/logo\/image\/\",\"url\":\"https:\/\/projekt.vombat.ee\/eco\/wp-content\/uploads\/2023\/03\/ECOCRUISER_5.png\",\"contentUrl\":\"https:\/\/projekt.vombat.ee\/eco\/wp-content\/uploads\/2023\/03\/ECOCRUISER_5.png\",\"width\":234,\"height\":91,\"caption\":\"Ecocruiser\"},\"image\":{\"@id\":\"https:\/\/projekt.vombat.ee\/eco\/#\/schema\/logo\/image\/\"}}]}<\/script>\n<!-- \/ Yoast SEO plugin. -->","yoast_head_json":{"title":"KuKirin G3 Electric Scooter - Ecocruiser","description":"KuKirin G3 Electric Scooter - Laadukkaat merkit, laaja valikoima - Ecocruiser.ee - Jos sinulla on kysytt\u00e4v\u00e4\u00e4, ota yhteytt\u00e4 info@projekt.vombat.ee","robots":{"index":"noindex","follow":"follow","max-snippet":"max-snippet:-1","max-image-preview":"max-image-preview:large","max-video-preview":"max-video-preview:-1"},"og_locale":"en_GB","og_type":"article","og_title":"KuKirin G3 Electric Scooter - Ecocruiser","og_description":"KuKirin G3 Electric Scooter - Laadukkaat merkit, laaja valikoima - Ecocruiser.ee - Jos sinulla on kysytt\u00e4v\u00e4\u00e4, ota yhteytt\u00e4 info@projekt.vombat.ee","og_url":"https:\/\/projekt.vombat.ee\/eco\/en\/pood\/electric-scooters\/kugoo-kirin-g3\/","og_site_name":"Ecocruiser","article_modified_time":"2024-05-19T15:15:17+00:00","og_image":[{"width":900,"height":904,"url":"https:\/\/projekt.vombat.ee\/eco\/wp-content\/uploads\/2023\/03\/ec4ee9ee91fea7237f5406c050dd4cc5.png","type":"image\/png"}],"twitter_card":"summary_large_image","twitter_misc":{"Estimated reading time":"2 minutes"},"schema":{"@context":"https:\/\/schema.org","@graph":[{"@type":"WebPage","@id":"https:\/\/projekt.vombat.ee\/eco\/en\/pood\/electric-scooters\/kugoo-kirin-g3\/","url":"https:\/\/projekt.vombat.ee\/eco\/en\/pood\/electric-scooters\/kugoo-kirin-g3\/","name":"KuKirin G3 Electric Scooter - Ecocruiser","isPartOf":{"@id":"https:\/\/projekt.vombat.ee\/eco\/#website"},"primaryImageOfPage":{"@id":"https:\/\/projekt.vombat.ee\/eco\/en\/pood\/electric-scooters\/kugoo-kirin-g3\/#primaryimage"},"image":{"@id":"https:\/\/projekt.vombat.ee\/eco\/en\/pood\/electric-scooters\/kugoo-kirin-g3\/#primaryimage"},"thumbnailUrl":"https:\/\/projekt.vombat.ee\/eco\/wp-content\/uploads\/2023\/03\/ec4ee9ee91fea7237f5406c050dd4cc5.png","datePublished":"2024-04-15T20:21:03+00:00","dateModified":"2024-05-19T15:15:17+00:00","description":"KuKirin G3 Electric Scooter - Laadukkaat merkit, laaja valikoima - Ecocruiser.ee - Jos sinulla on kysytt\u00e4v\u00e4\u00e4, ota yhteytt\u00e4 info@projekt.vombat.ee","breadcrumb":{"@id":"https:\/\/projekt.vombat.ee\/eco\/en\/pood\/electric-scooters\/kugoo-kirin-g3\/#breadcrumb"},"inLanguage":"en-GB","potentialAction":[{"@type":"ReadAction","target":["https:\/\/projekt.vombat.ee\/eco\/en\/pood\/electric-scooters\/kugoo-kirin-g3\/"]}]},{"@type":"ImageObject","inLanguage":"en-GB","@id":"https:\/\/projekt.vombat.ee\/eco\/en\/pood\/electric-scooters\/kugoo-kirin-g3\/#primaryimage","url":"https:\/\/projekt.vombat.ee\/eco\/wp-content\/uploads\/2023\/03\/ec4ee9ee91fea7237f5406c050dd4cc5.png","contentUrl":"https:\/\/projekt.vombat.ee\/eco\/wp-content\/uploads\/2023\/03\/ec4ee9ee91fea7237f5406c050dd4cc5.png","width":900,"height":904,"caption":"KuKirin G3"},{"@type":"BreadcrumbList","@id":"https:\/\/projekt.vombat.ee\/eco\/en\/pood\/electric-scooters\/kugoo-kirin-g3\/#breadcrumb","itemListElement":[{"@type":"ListItem","position":1,"name":"Home","item":"https:\/\/projekt.vombat.ee\/eco\/"},{"@type":"ListItem","position":2,"name":"Pood","item":"https:\/\/projekt.vombat.ee\/eco\/pood\/"},{"@type":"ListItem","position":3,"name":"KuKirin G3 Electric Scooter"}]},{"@type":"WebSite","@id":"https:\/\/projekt.vombat.ee\/eco\/#website","url":"https:\/\/projekt.vombat.ee\/eco\/","name":"Ecocruiser","description":"","publisher":{"@id":"https:\/\/projekt.vombat.ee\/eco\/#organization"},"potentialAction":[{"@type":"SearchAction","target":{"@type":"EntryPoint","urlTemplate":"https:\/\/projekt.vombat.ee\/eco\/?s={search_term_string}"},"query-input":{"@type":"PropertyValueSpecification","valueRequired":true,"valueName":"search_term_string"}}],"inLanguage":"en-GB"},{"@type":"Organization","@id":"https:\/\/projekt.vombat.ee\/eco\/#organization","name":"Ecocruiser","url":"https:\/\/projekt.vombat.ee\/eco\/","logo":{"@type":"ImageObject","inLanguage":"en-GB","@id":"https:\/\/projekt.vombat.ee\/eco\/#\/schema\/logo\/image\/","url":"https:\/\/projekt.vombat.ee\/eco\/wp-content\/uploads\/2023\/03\/ECOCRUISER_5.png","contentUrl":"https:\/\/projekt.vombat.ee\/eco\/wp-content\/uploads\/2023\/03\/ECOCRUISER_5.png","width":234,"height":91,"caption":"Ecocruiser"},"image":{"@id":"https:\/\/projekt.vombat.ee\/eco\/#\/schema\/logo\/image\/"}}]}},"lang":"en","translations":{"en":15997,"ru":6475,"et":6460,"fi":7556},"pll_sync_post":[],"_links":{"self":[{"href":"https:\/\/projekt.vombat.ee\/eco\/wp-json\/wp\/v2\/product\/15997"}],"collection":[{"href":"https:\/\/projekt.vombat.ee\/eco\/wp-json\/wp\/v2\/product"}],"about":[{"href":"https:\/\/projekt.vombat.ee\/eco\/wp-json\/wp\/v2\/types\/product"}],"version-history":[{"count":5,"href":"https:\/\/projekt.vombat.ee\/eco\/wp-json\/wp\/v2\/product\/15997\/revisions"}],"predecessor-version":[{"id":16892,"href":"https:\/\/projekt.vombat.ee\/eco\/wp-json\/wp\/v2\/product\/15997\/revisions\/16892"}],"wp:featuredmedia":[{"embeddable":true,"href":"https:\/\/projekt.vombat.ee\/eco\/wp-json\/wp\/v2\/media\/16389"}],"wp:attachment":[{"href":"https:\/\/projekt.vombat.ee\/eco\/wp-json\/wp\/v2\/media?parent=15997"}],"wp:term":[{"taxonomy":"product_cat","embeddable":true,"href":"https:\/\/projekt.vombat.ee\/eco\/wp-json\/wp\/v2\/product_cat?post=15997"},{"taxonomy":"product_tag","embeddable":true,"href":"https:\/\/projekt.vombat.ee\/eco\/wp-json\/wp\/v2\/product_tag?post=15997"}],"curies":[{"name":"wp","href":"https:\/\/api.w.org\/{rel}","templated":true}]}}