{"id":15986,"date":"2024-04-15T20:16:02","date_gmt":"2024-04-15T20:16:02","guid":{"rendered":"https:\/\/projekt.vombat.ee\/eco\/?post_type=product&#038;p=15986"},"modified":"2024-06-30T11:55:39","modified_gmt":"2024-06-30T11:55:39","slug":"kugoo-kirin-g2-max","status":"publish","type":"product","link":"https:\/\/projekt.vombat.ee\/eco\/en\/pood\/electric-scooters\/kugoo-kirin-g2-max\/","title":{"rendered":"KuKirin G2 Max"},"content":{"rendered":"<h1>KUGOO KIRIN G2 MAX ELECTRIC SCOOTER<\/h1>\n<p><img decoding=\"async\" src=\"https:\/\/cdn.shopify.com\/s\/files\/1\/0291\/3422\/5501\/files\/KuKirin_G2_Max_Desktop_Detail_16_1920x.jpg?v=1677829610%20alt=\" \/><\/p>\n<h3>POWERFUL ENGINE AND BATTERY<\/h3>\n<p>The Kugoo Kirin G2 max dual heat dissipation 1000W motor provides strong power and allows a maximum speed of 55km\/h and a maximum angle of climb of 30\u00b0, enabling a powerful, durable and exciting ride. With a large 20Ah battery, the Kirin G2 Max can run up to 80km on a full charge, which is long enough for your commute and day trips.<\/p>\n<p>&nbsp;<\/p>\n<h3>KUGOO KIRIN G2 MAX- SECURE AND STABLE<\/h3>\n<p>The G2 Max scooter has two disc brakes that allow you to brake safely and 6 bright lights that illuminate you forward, giving you all-round protection.<\/p>\n<p>The Kirin G2 Max with its smart display is easy to control. You can not only read different information on the screen, but also activate several functions to meet more demands.<\/p>\n<p>With strong front and rear shock absorbers, the G2 Max model has excellent shock absorption, providing a smooth and comfortable ride even on rough terrain.<\/p>\n<p>The 10-inch all-terrain tires are wear- and shock-resistant and adapt to different terrains, offering you a comfortable off-road ride.<\/p>\n<p>&nbsp;<\/p>\n<h3>REMOVABLE SEAT<\/h3>\n<p>With the convenient removable seat, you can either stand or sit on the scooter for a more comfortable and enjoyable ride.<\/p>\n<p>&nbsp;<\/p>\n<h3>KUGOO KIRIN G2 MAX SPECIFICATION<\/h3>\n<p>Maximum load: 120 kg<br \/>\nHandlebar width: 25.4 mm<br \/>\nChassis height: 230 mm<br \/>\nPedal size: 545*211mm<br \/>\nSpeed: 25\/60 km\/h<br \/>\nMileage: 80km<br \/>\nSlope: 30\u00b0<br \/>\nBrake system: disc brake, E-brake<br \/>\nBraking distance: 8-12M<br \/>\nWaterproof: IP54<br \/>\nFrame material: Al<br \/>\nMaterial: PU<br \/>\nPower: 1000W<br \/>\nCurrent maximum power: 1200W<br \/>\nMaximum speed: 1250 rpm<br \/>\nMaximum torque: 25 N.M\/S<br \/>\nBattery: 48V 20Ah<br \/>\nCharging time: 10-11h<br \/>\nLED Light Bean: 4 pcs<br \/>\nPower (W): 8W<br \/>\nBeam angle: 45\u00b0<br \/>\nTire: 255 * 80 mm no-load pneumatic tire<\/p>\n<p><strong>Weight and size<\/strong><\/p>\n<p>Net weight: 31 kg<br \/>\nUnfolded size: 1260*605*1300 MM<br \/>\nFolded size: 1260*605*580 MM<\/p>\n","protected":false},"excerpt":{"rendered":"<p><strong>Kugoo Kirin G2 Max<\/strong> Electric Scooter<\/p>\n<p>&nbsp;<\/p>\n<p>Battery: 48V 20Ah<br \/>\nMileage: 80km<br \/>\nMaximum load: 120 kg<\/p>\n<p>&nbsp;<\/p>\n<p><strong>\u2666 Delivery time 3-7 days<\/strong><br \/>\n<strong>\u2666 In stock<\/strong><\/p>\n","protected":false},"featured_media":15987,"template":"","meta":[],"product_cat":[2157,2226],"product_tag":[],"class_list":{"0":"post-15986","1":"product","2":"type-product","3":"status-publish","4":"has-post-thumbnail","6":"product_cat-electric-scooters","7":"product_cat-kugoo","8":"product_shipping_class-suured-pakid","10":"first","11":"instock","12":"sale","13":"taxable","14":"shipping-taxable","15":"purchasable","16":"product-type-simple"},"yoast_head":"<!-- This site is optimized with the Yoast SEO plugin v23.8 - https:\/\/yoast.com\/wordpress\/plugins\/seo\/ -->\n<title>KuKirin G2 Max - Ecocruiser<\/title>\n<meta name=\"description\" content=\"KuKirin G2 Max - Laadukkaat merkit, laaja valikoima - Ecocruiser.ee - Jos sinulla on kysytt\u00e4v\u00e4\u00e4, ota yhteytt\u00e4 info@projekt.vombat.ee\" \/>\n<meta name=\"robots\" content=\"noindex, follow, max-snippet:-1, max-image-preview:large, max-video-preview:-1\" \/>\n<meta property=\"og:locale\" content=\"en_GB\" \/>\n<meta property=\"og:type\" content=\"article\" \/>\n<meta property=\"og:title\" content=\"KuKirin G2 Max - Ecocruiser\" \/>\n<meta property=\"og:description\" content=\"KuKirin G2 Max - Laadukkaat merkit, laaja valikoima - Ecocruiser.ee - Jos sinulla on kysytt\u00e4v\u00e4\u00e4, ota yhteytt\u00e4 info@projekt.vombat.ee\" \/>\n<meta property=\"og:url\" content=\"https:\/\/projekt.vombat.ee\/eco\/en\/pood\/electric-scooters\/kugoo-kirin-g2-max\/\" \/>\n<meta property=\"og:site_name\" content=\"Ecocruiser\" \/>\n<meta property=\"article:modified_time\" content=\"2024-06-30T11:55:39+00:00\" \/>\n<meta property=\"og:image\" content=\"https:\/\/projekt.vombat.ee\/eco\/wp-content\/uploads\/2023\/03\/Untitled-design-2023-03-11T160502.849.png\" \/>\n\t<meta property=\"og:image:width\" content=\"1000\" \/>\n\t<meta property=\"og:image:height\" content=\"1000\" \/>\n\t<meta property=\"og:image:type\" content=\"image\/png\" \/>\n<meta name=\"twitter:card\" content=\"summary_large_image\" \/>\n<meta name=\"twitter:label1\" content=\"Estimated reading time\" \/>\n\t<meta name=\"twitter:data1\" content=\"2 minutes\" \/>\n<script type=\"application\/ld+json\" class=\"yoast-schema-graph\">{\"@context\":\"https:\/\/schema.org\",\"@graph\":[{\"@type\":\"WebPage\",\"@id\":\"https:\/\/projekt.vombat.ee\/eco\/en\/pood\/electric-scooters\/kugoo-kirin-g2-max\/\",\"url\":\"https:\/\/projekt.vombat.ee\/eco\/en\/pood\/electric-scooters\/kugoo-kirin-g2-max\/\",\"name\":\"KuKirin G2 Max - Ecocruiser\",\"isPartOf\":{\"@id\":\"https:\/\/projekt.vombat.ee\/eco\/#website\"},\"primaryImageOfPage\":{\"@id\":\"https:\/\/projekt.vombat.ee\/eco\/en\/pood\/electric-scooters\/kugoo-kirin-g2-max\/#primaryimage\"},\"image\":{\"@id\":\"https:\/\/projekt.vombat.ee\/eco\/en\/pood\/electric-scooters\/kugoo-kirin-g2-max\/#primaryimage\"},\"thumbnailUrl\":\"https:\/\/projekt.vombat.ee\/eco\/wp-content\/uploads\/2023\/03\/Untitled-design-2023-03-11T160502.849.png\",\"datePublished\":\"2024-04-15T20:16:02+00:00\",\"dateModified\":\"2024-06-30T11:55:39+00:00\",\"description\":\"KuKirin G2 Max - Laadukkaat merkit, laaja valikoima - Ecocruiser.ee - Jos sinulla on kysytt\u00e4v\u00e4\u00e4, ota yhteytt\u00e4 info@projekt.vombat.ee\",\"breadcrumb\":{\"@id\":\"https:\/\/projekt.vombat.ee\/eco\/en\/pood\/electric-scooters\/kugoo-kirin-g2-max\/#breadcrumb\"},\"inLanguage\":\"en-GB\",\"potentialAction\":[{\"@type\":\"ReadAction\",\"target\":[\"https:\/\/projekt.vombat.ee\/eco\/en\/pood\/electric-scooters\/kugoo-kirin-g2-max\/\"]}]},{\"@type\":\"ImageObject\",\"inLanguage\":\"en-GB\",\"@id\":\"https:\/\/projekt.vombat.ee\/eco\/en\/pood\/electric-scooters\/kugoo-kirin-g2-max\/#primaryimage\",\"url\":\"https:\/\/projekt.vombat.ee\/eco\/wp-content\/uploads\/2023\/03\/Untitled-design-2023-03-11T160502.849.png\",\"contentUrl\":\"https:\/\/projekt.vombat.ee\/eco\/wp-content\/uploads\/2023\/03\/Untitled-design-2023-03-11T160502.849.png\",\"width\":1000,\"height\":1000,\"caption\":\"KuKirin G2 Max\"},{\"@type\":\"BreadcrumbList\",\"@id\":\"https:\/\/projekt.vombat.ee\/eco\/en\/pood\/electric-scooters\/kugoo-kirin-g2-max\/#breadcrumb\",\"itemListElement\":[{\"@type\":\"ListItem\",\"position\":1,\"name\":\"Home\",\"item\":\"https:\/\/projekt.vombat.ee\/eco\/\"},{\"@type\":\"ListItem\",\"position\":2,\"name\":\"Pood\",\"item\":\"https:\/\/projekt.vombat.ee\/eco\/pood\/\"},{\"@type\":\"ListItem\",\"position\":3,\"name\":\"KuKirin G2 Max\"}]},{\"@type\":\"WebSite\",\"@id\":\"https:\/\/projekt.vombat.ee\/eco\/#website\",\"url\":\"https:\/\/projekt.vombat.ee\/eco\/\",\"name\":\"Ecocruiser\",\"description\":\"\",\"publisher\":{\"@id\":\"https:\/\/projekt.vombat.ee\/eco\/#organization\"},\"potentialAction\":[{\"@type\":\"SearchAction\",\"target\":{\"@type\":\"EntryPoint\",\"urlTemplate\":\"https:\/\/projekt.vombat.ee\/eco\/?s={search_term_string}\"},\"query-input\":{\"@type\":\"PropertyValueSpecification\",\"valueRequired\":true,\"valueName\":\"search_term_string\"}}],\"inLanguage\":\"en-GB\"},{\"@type\":\"Organization\",\"@id\":\"https:\/\/projekt.vombat.ee\/eco\/#organization\",\"name\":\"Ecocruiser\",\"url\":\"https:\/\/projekt.vombat.ee\/eco\/\",\"logo\":{\"@type\":\"ImageObject\",\"inLanguage\":\"en-GB\",\"@id\":\"https:\/\/projekt.vombat.ee\/eco\/#\/schema\/logo\/image\/\",\"url\":\"https:\/\/projekt.vombat.ee\/eco\/wp-content\/uploads\/2023\/03\/ECOCRUISER_5.png\",\"contentUrl\":\"https:\/\/projekt.vombat.ee\/eco\/wp-content\/uploads\/2023\/03\/ECOCRUISER_5.png\",\"width\":234,\"height\":91,\"caption\":\"Ecocruiser\"},\"image\":{\"@id\":\"https:\/\/projekt.vombat.ee\/eco\/#\/schema\/logo\/image\/\"}}]}<\/script>\n<!-- \/ Yoast SEO plugin. -->","yoast_head_json":{"title":"KuKirin G2 Max - Ecocruiser","description":"KuKirin G2 Max - Laadukkaat merkit, laaja valikoima - Ecocruiser.ee - Jos sinulla on kysytt\u00e4v\u00e4\u00e4, ota yhteytt\u00e4 info@projekt.vombat.ee","robots":{"index":"noindex","follow":"follow","max-snippet":"max-snippet:-1","max-image-preview":"max-image-preview:large","max-video-preview":"max-video-preview:-1"},"og_locale":"en_GB","og_type":"article","og_title":"KuKirin G2 Max - Ecocruiser","og_description":"KuKirin G2 Max - Laadukkaat merkit, laaja valikoima - Ecocruiser.ee - Jos sinulla on kysytt\u00e4v\u00e4\u00e4, ota yhteytt\u00e4 info@projekt.vombat.ee","og_url":"https:\/\/projekt.vombat.ee\/eco\/en\/pood\/electric-scooters\/kugoo-kirin-g2-max\/","og_site_name":"Ecocruiser","article_modified_time":"2024-06-30T11:55:39+00:00","og_image":[{"width":1000,"height":1000,"url":"https:\/\/projekt.vombat.ee\/eco\/wp-content\/uploads\/2023\/03\/Untitled-design-2023-03-11T160502.849.png","type":"image\/png"}],"twitter_card":"summary_large_image","twitter_misc":{"Estimated reading time":"2 minutes"},"schema":{"@context":"https:\/\/schema.org","@graph":[{"@type":"WebPage","@id":"https:\/\/projekt.vombat.ee\/eco\/en\/pood\/electric-scooters\/kugoo-kirin-g2-max\/","url":"https:\/\/projekt.vombat.ee\/eco\/en\/pood\/electric-scooters\/kugoo-kirin-g2-max\/","name":"KuKirin G2 Max - Ecocruiser","isPartOf":{"@id":"https:\/\/projekt.vombat.ee\/eco\/#website"},"primaryImageOfPage":{"@id":"https:\/\/projekt.vombat.ee\/eco\/en\/pood\/electric-scooters\/kugoo-kirin-g2-max\/#primaryimage"},"image":{"@id":"https:\/\/projekt.vombat.ee\/eco\/en\/pood\/electric-scooters\/kugoo-kirin-g2-max\/#primaryimage"},"thumbnailUrl":"https:\/\/projekt.vombat.ee\/eco\/wp-content\/uploads\/2023\/03\/Untitled-design-2023-03-11T160502.849.png","datePublished":"2024-04-15T20:16:02+00:00","dateModified":"2024-06-30T11:55:39+00:00","description":"KuKirin G2 Max - Laadukkaat merkit, laaja valikoima - Ecocruiser.ee - Jos sinulla on kysytt\u00e4v\u00e4\u00e4, ota yhteytt\u00e4 info@projekt.vombat.ee","breadcrumb":{"@id":"https:\/\/projekt.vombat.ee\/eco\/en\/pood\/electric-scooters\/kugoo-kirin-g2-max\/#breadcrumb"},"inLanguage":"en-GB","potentialAction":[{"@type":"ReadAction","target":["https:\/\/projekt.vombat.ee\/eco\/en\/pood\/electric-scooters\/kugoo-kirin-g2-max\/"]}]},{"@type":"ImageObject","inLanguage":"en-GB","@id":"https:\/\/projekt.vombat.ee\/eco\/en\/pood\/electric-scooters\/kugoo-kirin-g2-max\/#primaryimage","url":"https:\/\/projekt.vombat.ee\/eco\/wp-content\/uploads\/2023\/03\/Untitled-design-2023-03-11T160502.849.png","contentUrl":"https:\/\/projekt.vombat.ee\/eco\/wp-content\/uploads\/2023\/03\/Untitled-design-2023-03-11T160502.849.png","width":1000,"height":1000,"caption":"KuKirin G2 Max"},{"@type":"BreadcrumbList","@id":"https:\/\/projekt.vombat.ee\/eco\/en\/pood\/electric-scooters\/kugoo-kirin-g2-max\/#breadcrumb","itemListElement":[{"@type":"ListItem","position":1,"name":"Home","item":"https:\/\/projekt.vombat.ee\/eco\/"},{"@type":"ListItem","position":2,"name":"Pood","item":"https:\/\/projekt.vombat.ee\/eco\/pood\/"},{"@type":"ListItem","position":3,"name":"KuKirin G2 Max"}]},{"@type":"WebSite","@id":"https:\/\/projekt.vombat.ee\/eco\/#website","url":"https:\/\/projekt.vombat.ee\/eco\/","name":"Ecocruiser","description":"","publisher":{"@id":"https:\/\/projekt.vombat.ee\/eco\/#organization"},"potentialAction":[{"@type":"SearchAction","target":{"@type":"EntryPoint","urlTemplate":"https:\/\/projekt.vombat.ee\/eco\/?s={search_term_string}"},"query-input":{"@type":"PropertyValueSpecification","valueRequired":true,"valueName":"search_term_string"}}],"inLanguage":"en-GB"},{"@type":"Organization","@id":"https:\/\/projekt.vombat.ee\/eco\/#organization","name":"Ecocruiser","url":"https:\/\/projekt.vombat.ee\/eco\/","logo":{"@type":"ImageObject","inLanguage":"en-GB","@id":"https:\/\/projekt.vombat.ee\/eco\/#\/schema\/logo\/image\/","url":"https:\/\/projekt.vombat.ee\/eco\/wp-content\/uploads\/2023\/03\/ECOCRUISER_5.png","contentUrl":"https:\/\/projekt.vombat.ee\/eco\/wp-content\/uploads\/2023\/03\/ECOCRUISER_5.png","width":234,"height":91,"caption":"Ecocruiser"},"image":{"@id":"https:\/\/projekt.vombat.ee\/eco\/#\/schema\/logo\/image\/"}}]}},"lang":"en","translations":{"en":15986,"ru":16053,"fr":16920},"pll_sync_post":[],"_links":{"self":[{"href":"https:\/\/projekt.vombat.ee\/eco\/wp-json\/wp\/v2\/product\/15986"}],"collection":[{"href":"https:\/\/projekt.vombat.ee\/eco\/wp-json\/wp\/v2\/product"}],"about":[{"href":"https:\/\/projekt.vombat.ee\/eco\/wp-json\/wp\/v2\/types\/product"}],"version-history":[{"count":5,"href":"https:\/\/projekt.vombat.ee\/eco\/wp-json\/wp\/v2\/product\/15986\/revisions"}],"predecessor-version":[{"id":16921,"href":"https:\/\/projekt.vombat.ee\/eco\/wp-json\/wp\/v2\/product\/15986\/revisions\/16921"}],"wp:featuredmedia":[{"embeddable":true,"href":"https:\/\/projekt.vombat.ee\/eco\/wp-json\/wp\/v2\/media\/15987"}],"wp:attachment":[{"href":"https:\/\/projekt.vombat.ee\/eco\/wp-json\/wp\/v2\/media?parent=15986"}],"wp:term":[{"taxonomy":"product_cat","embeddable":true,"href":"https:\/\/projekt.vombat.ee\/eco\/wp-json\/wp\/v2\/product_cat?post=15986"},{"taxonomy":"product_tag","embeddable":true,"href":"https:\/\/projekt.vombat.ee\/eco\/wp-json\/wp\/v2\/product_tag?post=15986"}],"curies":[{"name":"wp","href":"https:\/\/api.w.org\/{rel}","templated":true}]}}