{"id":15972,"date":"2024-04-15T20:11:26","date_gmt":"2024-04-15T20:11:26","guid":{"rendered":"https:\/\/projekt.vombat.ee\/eco\/?post_type=product&#038;p=15972"},"modified":"2024-05-14T11:44:07","modified_gmt":"2024-05-14T11:44:07","slug":"kugoo-kirin-g3-pro","status":"publish","type":"product","link":"https:\/\/projekt.vombat.ee\/eco\/en\/pood\/electric-scooters\/kugoo-kirin-g3-pro\/","title":{"rendered":"KuKirin G3 Pro"},"content":{"rendered":"<h1>KUGOO KIRIN G3 PRO ELECTRIC SCOOTER<\/h1>\n<p><img decoding=\"async\" class=\"\" src=\"https:\/\/cdn.shopify.com\/s\/files\/1\/0291\/3422\/5501\/files\/KuKirin_G3_Pro_Desktop_Detail_19_1920x.jpg?v=1677832453%20alt=\" \/><\/p>\n<h3>POWERFUL ENGINE &amp; BATTERY<\/h3>\n<p>Powered by 2*1200W motors, Kugoo Kirin G3 Pro can reach a maximum power of 1500W and a maximum speed of 65km\/h, allowing you to enjoy a powerful and exciting ride. The Kirin G3 Pro is equipped with a 1040 Wh battery pack that allows a maximum range of 80 km on a full charge, which is longer than most off-road scooters and long enough for day trips.<\/p>\n<h3>PREMIUM RIDE COMFORT<\/h3>\n<p>The G3 Pro includes front and rear oil brakes for safe braking. It has a full suspension with 4 shock absorbers that effectively reduce the impact, giving you a comfortable ride. With the smart LCD dashboard, you can check multiple information including speed, battery level, distance, gear lever, etc. You can also easily switch between three speed levels.<\/p>\n<h3>KUGOO KIRIN G3 PRO &#8211; SAFE AND STABLE<\/h3>\n<p>The G3 Pro is equipped with 11 lights, including 4 front lights, 4 side lights and 3 rear lights. The innovative lighting system makes your driving safer.<\/p>\n<p>With 10-inch all-terrain tires, the G3 Pro adapts to different types of terrain and drives more smoothly. The 199 mm footboard is wide enough for you to stand securely and comfortably.<\/p>\n<p>Kugoo Kirin G3 Pro has multiple speed modes to meet your different needs, including 25\/45\/55km\/h (single drive) and 25\/45\/65km\/h (dual drive). The low speed mode allows you to enjoy the roadside scenery while driving. Medium mode allows you to enjoy the driving pleasure. Switch to fast mode and you&#8217;ll have a faster and more exciting off-road ride.<\/p>\n<h3>KUGOO KIRIN G3 PRO SPECIFICATION<\/h3>\n<p>Net weight: 39.6 kg<br \/>\nUnfolded Dimensions: 1295x630x1360 mm<br \/>\nFolded Dimensions: 1295x630x595 mm<br \/>\nHandlebar length: 650 mm<br \/>\nRide height: 180 mm<br \/>\nFootboard dimensions: 517&#215;199 mm<br \/>\nRecommended rider height: 150-200 cm (4&#8217;11&#8221;-6&#8217;7&#8243;<br \/>\nMaximum load: 120 kg<br \/>\nUphill: 35 (with two runs), 25 (with one run)<br \/>\nMax speed: 65 km\/h<br \/>\nMaximum driving range: 80 km<br \/>\nSpeed levels: 25\/45\/55 km\/h (single trip), 25\/45\/65 km\/h (double trip)<br \/>\nWater resistance level: IP54<br \/>\nMaterial: Aluminum alloy<br \/>\nBraking system: Front and rear oil brakes<\/p>\n<p><strong>Engine<\/strong><\/p>\n<p>Power and voltage: 1200W, 52V<br \/>\nMaximum instantaneous power: 1500 W<br \/>\nMaximum RPM: 1950<br \/>\nMaximum output torque: 30 Nm<\/p>\n<p><strong>Suspension<\/strong><\/p>\n<p>Four-arm shock absorber<\/p>\n<p><strong>Battery<\/strong><\/p>\n<p>Capacity: 23.2Ah<br \/>\nVoltage: 52V<br \/>\nCharging time: 4h (5A charger), 5-6h (4A charger), 11h (2A charger)<br \/>\nPower: 1040 Wh<br \/>\nDefense system: yes<\/p>\n<p><strong>Charger<\/strong><\/p>\n<p>Input: 100-240V, 2.5A<br \/>\nOutput: 58.8, 2A<\/p>\n<p><strong>Tire<\/strong><\/p>\n<p>Size: 10&#8243;<br \/>\nType: off-road pneumatic rubber tires<br \/>\nBest tire pressure: 345 KPa<\/p>\n<p><strong>Screen<\/strong><\/p>\n<p>Display: LCD<br \/>\nDimensions: 133x78x63 mm<br \/>\nContent: speed, voltage, distance, speed level, battery level, light, etc.<\/p>\n<p>Dimensions: 1310x300x615 mm<br \/>\nFull weight: 45 kg<\/p>\n","protected":false},"excerpt":{"rendered":"<p><strong>Kugoo Kirin G3<\/strong> <strong>Pro<\/strong> is the latest and most powerful model. Enables a maximum range of 80 km on a full charge<\/p>\n<p>Driving range: 80 km<br \/>\nPower: 1200W<br \/>\nBattery: 23.2Ah<br \/>\nCharging time: 4h<\/p>\n<p><strong>\u2666 Delivery time 3-7 days<\/strong><br \/>\n<strong>\u2666 In stock<\/strong><\/p>\n","protected":false},"featured_media":15973,"template":"","meta":[],"product_cat":[2157,2226],"product_tag":[],"class_list":{"0":"post-15972","1":"product","2":"type-product","3":"status-publish","4":"has-post-thumbnail","6":"product_cat-electric-scooters","7":"product_cat-kugoo","8":"product_shipping_class-suured-pakid","10":"first","11":"instock","12":"sale","13":"taxable","14":"shipping-taxable","15":"purchasable","16":"product-type-simple"},"yoast_head":"<!-- This site is optimized with the Yoast SEO plugin v23.8 - https:\/\/yoast.com\/wordpress\/plugins\/seo\/ -->\n<title>KuKirin G3 Pro - Ecocruiser<\/title>\n<meta name=\"description\" content=\"KuKirin G3 Pro - Kvaliteetsed br\u00e4ndid, lai valik - Ecocruiser.ee - K\u00fcsimuste korral v\u00f5ta \u00fchendust info@projekt.vombat.ee\" \/>\n<meta name=\"robots\" content=\"noindex, follow, max-snippet:-1, max-image-preview:large, max-video-preview:-1\" \/>\n<meta property=\"og:locale\" content=\"en_GB\" \/>\n<meta property=\"og:type\" content=\"article\" \/>\n<meta property=\"og:title\" content=\"KuKirin G3 Pro - Ecocruiser\" \/>\n<meta property=\"og:description\" content=\"KuKirin G3 Pro - Kvaliteetsed br\u00e4ndid, lai valik - Ecocruiser.ee - K\u00fcsimuste korral v\u00f5ta \u00fchendust info@projekt.vombat.ee\" \/>\n<meta property=\"og:url\" content=\"https:\/\/projekt.vombat.ee\/eco\/en\/pood\/electric-scooters\/kugoo-kirin-g3-pro\/\" \/>\n<meta property=\"og:site_name\" content=\"Ecocruiser\" \/>\n<meta property=\"article:modified_time\" content=\"2024-05-14T11:44:07+00:00\" \/>\n<meta property=\"og:image\" content=\"https:\/\/projekt.vombat.ee\/eco\/wp-content\/uploads\/2023\/03\/Add-a-heading-7.png\" \/>\n\t<meta property=\"og:image:width\" content=\"1000\" \/>\n\t<meta property=\"og:image:height\" content=\"1000\" \/>\n\t<meta property=\"og:image:type\" content=\"image\/png\" \/>\n<meta name=\"twitter:card\" content=\"summary_large_image\" \/>\n<meta name=\"twitter:label1\" content=\"Estimated reading time\" \/>\n\t<meta name=\"twitter:data1\" content=\"3 minutes\" \/>\n<script type=\"application\/ld+json\" class=\"yoast-schema-graph\">{\"@context\":\"https:\/\/schema.org\",\"@graph\":[{\"@type\":\"WebPage\",\"@id\":\"https:\/\/projekt.vombat.ee\/eco\/en\/pood\/electric-scooters\/kugoo-kirin-g3-pro\/\",\"url\":\"https:\/\/projekt.vombat.ee\/eco\/en\/pood\/electric-scooters\/kugoo-kirin-g3-pro\/\",\"name\":\"KuKirin G3 Pro - Ecocruiser\",\"isPartOf\":{\"@id\":\"https:\/\/projekt.vombat.ee\/eco\/#website\"},\"primaryImageOfPage\":{\"@id\":\"https:\/\/projekt.vombat.ee\/eco\/en\/pood\/electric-scooters\/kugoo-kirin-g3-pro\/#primaryimage\"},\"image\":{\"@id\":\"https:\/\/projekt.vombat.ee\/eco\/en\/pood\/electric-scooters\/kugoo-kirin-g3-pro\/#primaryimage\"},\"thumbnailUrl\":\"https:\/\/projekt.vombat.ee\/eco\/wp-content\/uploads\/2023\/03\/Add-a-heading-7.png\",\"datePublished\":\"2024-04-15T20:11:26+00:00\",\"dateModified\":\"2024-05-14T11:44:07+00:00\",\"description\":\"KuKirin G3 Pro - Kvaliteetsed br\u00e4ndid, lai valik - Ecocruiser.ee - K\u00fcsimuste korral v\u00f5ta \u00fchendust info@projekt.vombat.ee\",\"breadcrumb\":{\"@id\":\"https:\/\/projekt.vombat.ee\/eco\/en\/pood\/electric-scooters\/kugoo-kirin-g3-pro\/#breadcrumb\"},\"inLanguage\":\"en-GB\",\"potentialAction\":[{\"@type\":\"ReadAction\",\"target\":[\"https:\/\/projekt.vombat.ee\/eco\/en\/pood\/electric-scooters\/kugoo-kirin-g3-pro\/\"]}]},{\"@type\":\"ImageObject\",\"inLanguage\":\"en-GB\",\"@id\":\"https:\/\/projekt.vombat.ee\/eco\/en\/pood\/electric-scooters\/kugoo-kirin-g3-pro\/#primaryimage\",\"url\":\"https:\/\/projekt.vombat.ee\/eco\/wp-content\/uploads\/2023\/03\/Add-a-heading-7.png\",\"contentUrl\":\"https:\/\/projekt.vombat.ee\/eco\/wp-content\/uploads\/2023\/03\/Add-a-heading-7.png\",\"width\":1000,\"height\":1000,\"caption\":\"Kugoo G3 Pro\"},{\"@type\":\"BreadcrumbList\",\"@id\":\"https:\/\/projekt.vombat.ee\/eco\/en\/pood\/electric-scooters\/kugoo-kirin-g3-pro\/#breadcrumb\",\"itemListElement\":[{\"@type\":\"ListItem\",\"position\":1,\"name\":\"Home\",\"item\":\"https:\/\/projekt.vombat.ee\/eco\/\"},{\"@type\":\"ListItem\",\"position\":2,\"name\":\"Pood\",\"item\":\"https:\/\/projekt.vombat.ee\/eco\/pood\/\"},{\"@type\":\"ListItem\",\"position\":3,\"name\":\"KuKirin G3 Pro\"}]},{\"@type\":\"WebSite\",\"@id\":\"https:\/\/projekt.vombat.ee\/eco\/#website\",\"url\":\"https:\/\/projekt.vombat.ee\/eco\/\",\"name\":\"Ecocruiser\",\"description\":\"\",\"publisher\":{\"@id\":\"https:\/\/projekt.vombat.ee\/eco\/#organization\"},\"potentialAction\":[{\"@type\":\"SearchAction\",\"target\":{\"@type\":\"EntryPoint\",\"urlTemplate\":\"https:\/\/projekt.vombat.ee\/eco\/?s={search_term_string}\"},\"query-input\":{\"@type\":\"PropertyValueSpecification\",\"valueRequired\":true,\"valueName\":\"search_term_string\"}}],\"inLanguage\":\"en-GB\"},{\"@type\":\"Organization\",\"@id\":\"https:\/\/projekt.vombat.ee\/eco\/#organization\",\"name\":\"Ecocruiser\",\"url\":\"https:\/\/projekt.vombat.ee\/eco\/\",\"logo\":{\"@type\":\"ImageObject\",\"inLanguage\":\"en-GB\",\"@id\":\"https:\/\/projekt.vombat.ee\/eco\/#\/schema\/logo\/image\/\",\"url\":\"https:\/\/projekt.vombat.ee\/eco\/wp-content\/uploads\/2023\/03\/ECOCRUISER_5.png\",\"contentUrl\":\"https:\/\/projekt.vombat.ee\/eco\/wp-content\/uploads\/2023\/03\/ECOCRUISER_5.png\",\"width\":234,\"height\":91,\"caption\":\"Ecocruiser\"},\"image\":{\"@id\":\"https:\/\/projekt.vombat.ee\/eco\/#\/schema\/logo\/image\/\"}}]}<\/script>\n<!-- \/ Yoast SEO plugin. -->","yoast_head_json":{"title":"KuKirin G3 Pro - Ecocruiser","description":"KuKirin G3 Pro - Kvaliteetsed br\u00e4ndid, lai valik - Ecocruiser.ee - K\u00fcsimuste korral v\u00f5ta \u00fchendust info@projekt.vombat.ee","robots":{"index":"noindex","follow":"follow","max-snippet":"max-snippet:-1","max-image-preview":"max-image-preview:large","max-video-preview":"max-video-preview:-1"},"og_locale":"en_GB","og_type":"article","og_title":"KuKirin G3 Pro - Ecocruiser","og_description":"KuKirin G3 Pro - Kvaliteetsed br\u00e4ndid, lai valik - Ecocruiser.ee - K\u00fcsimuste korral v\u00f5ta \u00fchendust info@projekt.vombat.ee","og_url":"https:\/\/projekt.vombat.ee\/eco\/en\/pood\/electric-scooters\/kugoo-kirin-g3-pro\/","og_site_name":"Ecocruiser","article_modified_time":"2024-05-14T11:44:07+00:00","og_image":[{"width":1000,"height":1000,"url":"https:\/\/projekt.vombat.ee\/eco\/wp-content\/uploads\/2023\/03\/Add-a-heading-7.png","type":"image\/png"}],"twitter_card":"summary_large_image","twitter_misc":{"Estimated reading time":"3 minutes"},"schema":{"@context":"https:\/\/schema.org","@graph":[{"@type":"WebPage","@id":"https:\/\/projekt.vombat.ee\/eco\/en\/pood\/electric-scooters\/kugoo-kirin-g3-pro\/","url":"https:\/\/projekt.vombat.ee\/eco\/en\/pood\/electric-scooters\/kugoo-kirin-g3-pro\/","name":"KuKirin G3 Pro - Ecocruiser","isPartOf":{"@id":"https:\/\/projekt.vombat.ee\/eco\/#website"},"primaryImageOfPage":{"@id":"https:\/\/projekt.vombat.ee\/eco\/en\/pood\/electric-scooters\/kugoo-kirin-g3-pro\/#primaryimage"},"image":{"@id":"https:\/\/projekt.vombat.ee\/eco\/en\/pood\/electric-scooters\/kugoo-kirin-g3-pro\/#primaryimage"},"thumbnailUrl":"https:\/\/projekt.vombat.ee\/eco\/wp-content\/uploads\/2023\/03\/Add-a-heading-7.png","datePublished":"2024-04-15T20:11:26+00:00","dateModified":"2024-05-14T11:44:07+00:00","description":"KuKirin G3 Pro - Kvaliteetsed br\u00e4ndid, lai valik - Ecocruiser.ee - K\u00fcsimuste korral v\u00f5ta \u00fchendust info@projekt.vombat.ee","breadcrumb":{"@id":"https:\/\/projekt.vombat.ee\/eco\/en\/pood\/electric-scooters\/kugoo-kirin-g3-pro\/#breadcrumb"},"inLanguage":"en-GB","potentialAction":[{"@type":"ReadAction","target":["https:\/\/projekt.vombat.ee\/eco\/en\/pood\/electric-scooters\/kugoo-kirin-g3-pro\/"]}]},{"@type":"ImageObject","inLanguage":"en-GB","@id":"https:\/\/projekt.vombat.ee\/eco\/en\/pood\/electric-scooters\/kugoo-kirin-g3-pro\/#primaryimage","url":"https:\/\/projekt.vombat.ee\/eco\/wp-content\/uploads\/2023\/03\/Add-a-heading-7.png","contentUrl":"https:\/\/projekt.vombat.ee\/eco\/wp-content\/uploads\/2023\/03\/Add-a-heading-7.png","width":1000,"height":1000,"caption":"Kugoo G3 Pro"},{"@type":"BreadcrumbList","@id":"https:\/\/projekt.vombat.ee\/eco\/en\/pood\/electric-scooters\/kugoo-kirin-g3-pro\/#breadcrumb","itemListElement":[{"@type":"ListItem","position":1,"name":"Home","item":"https:\/\/projekt.vombat.ee\/eco\/"},{"@type":"ListItem","position":2,"name":"Pood","item":"https:\/\/projekt.vombat.ee\/eco\/pood\/"},{"@type":"ListItem","position":3,"name":"KuKirin G3 Pro"}]},{"@type":"WebSite","@id":"https:\/\/projekt.vombat.ee\/eco\/#website","url":"https:\/\/projekt.vombat.ee\/eco\/","name":"Ecocruiser","description":"","publisher":{"@id":"https:\/\/projekt.vombat.ee\/eco\/#organization"},"potentialAction":[{"@type":"SearchAction","target":{"@type":"EntryPoint","urlTemplate":"https:\/\/projekt.vombat.ee\/eco\/?s={search_term_string}"},"query-input":{"@type":"PropertyValueSpecification","valueRequired":true,"valueName":"search_term_string"}}],"inLanguage":"en-GB"},{"@type":"Organization","@id":"https:\/\/projekt.vombat.ee\/eco\/#organization","name":"Ecocruiser","url":"https:\/\/projekt.vombat.ee\/eco\/","logo":{"@type":"ImageObject","inLanguage":"en-GB","@id":"https:\/\/projekt.vombat.ee\/eco\/#\/schema\/logo\/image\/","url":"https:\/\/projekt.vombat.ee\/eco\/wp-content\/uploads\/2023\/03\/ECOCRUISER_5.png","contentUrl":"https:\/\/projekt.vombat.ee\/eco\/wp-content\/uploads\/2023\/03\/ECOCRUISER_5.png","width":234,"height":91,"caption":"Ecocruiser"},"image":{"@id":"https:\/\/projekt.vombat.ee\/eco\/#\/schema\/logo\/image\/"}}]}},"lang":"en","translations":{"en":15972,"ru":6242,"et":6228,"fi":7804,"fr":16923},"pll_sync_post":[],"_links":{"self":[{"href":"https:\/\/projekt.vombat.ee\/eco\/wp-json\/wp\/v2\/product\/15972"}],"collection":[{"href":"https:\/\/projekt.vombat.ee\/eco\/wp-json\/wp\/v2\/product"}],"about":[{"href":"https:\/\/projekt.vombat.ee\/eco\/wp-json\/wp\/v2\/types\/product"}],"version-history":[{"count":4,"href":"https:\/\/projekt.vombat.ee\/eco\/wp-json\/wp\/v2\/product\/15972\/revisions"}],"predecessor-version":[{"id":16937,"href":"https:\/\/projekt.vombat.ee\/eco\/wp-json\/wp\/v2\/product\/15972\/revisions\/16937"}],"wp:featuredmedia":[{"embeddable":true,"href":"https:\/\/projekt.vombat.ee\/eco\/wp-json\/wp\/v2\/media\/15973"}],"wp:attachment":[{"href":"https:\/\/projekt.vombat.ee\/eco\/wp-json\/wp\/v2\/media?parent=15972"}],"wp:term":[{"taxonomy":"product_cat","embeddable":true,"href":"https:\/\/projekt.vombat.ee\/eco\/wp-json\/wp\/v2\/product_cat?post=15972"},{"taxonomy":"product_tag","embeddable":true,"href":"https:\/\/projekt.vombat.ee\/eco\/wp-json\/wp\/v2\/product_tag?post=15972"}],"curies":[{"name":"wp","href":"https:\/\/api.w.org\/{rel}","templated":true}]}}