{"id":15943,"date":"2024-04-15T19:12:44","date_gmt":"2024-04-15T19:12:44","guid":{"rendered":"https:\/\/projekt.vombat.ee\/eco\/?post_type=product&#038;p=15943"},"modified":"2024-07-23T06:48:42","modified_gmt":"2024-07-23T06:48:42","slug":"kugoo-kirin-m4-pro","status":"publish","type":"product","link":"https:\/\/projekt.vombat.ee\/eco\/en\/pood\/electric-scooters\/kugoo-kirin-m4-pro\/","title":{"rendered":"Kugoo Kirin M4 Pro"},"content":{"rendered":"<h1>KUGOO KIRIN M4 PRO ELECTRIC SCOOTER<\/h1>\n<p><img fetchpriority=\"high\" decoding=\"async\" class=\"alignnone wp-image-16560 \" src=\"https:\/\/projekt.vombat.ee\/eco\/wp-content\/uploads\/2024\/04\/1-1.webp\" alt=\"\" width=\"794\" height=\"555\" srcset=\"https:\/\/projekt.vombat.ee\/eco\/wp-content\/uploads\/2024\/04\/1-1.webp 1920w, https:\/\/projekt.vombat.ee\/eco\/wp-content\/uploads\/2024\/04\/1-1-300x210.webp 300w, https:\/\/projekt.vombat.ee\/eco\/wp-content\/uploads\/2024\/04\/1-1-1024x715.webp 1024w, https:\/\/projekt.vombat.ee\/eco\/wp-content\/uploads\/2024\/04\/1-1-768x536.webp 768w, https:\/\/projekt.vombat.ee\/eco\/wp-content\/uploads\/2024\/04\/1-1-1536x1073.webp 1536w, https:\/\/projekt.vombat.ee\/eco\/wp-content\/uploads\/2024\/04\/1-1-500x349.webp 500w, https:\/\/projekt.vombat.ee\/eco\/wp-content\/uploads\/2024\/04\/1-1-800x559.webp 800w, https:\/\/projekt.vombat.ee\/eco\/wp-content\/uploads\/2024\/04\/1-1-760x531.webp 760w, https:\/\/projekt.vombat.ee\/eco\/wp-content\/uploads\/2024\/04\/1-1-370x258.webp 370w\" sizes=\"(max-width: 794px) 100vw, 794px\" \/><\/p>\n<p>&nbsp;<\/p>\n<p>Kugoo Kirin M4 Pro is one of the most popular representatives of the Kugoo brand. The M4 series scooters are the perfect choice for those looking for a scooter with the best value for money. A scooter that is powerful enough without sacrificing ride comfort. In addition to the technical side, the adjustable height handlebar makes this scooter a little more special,<\/p>\n<p>This model is equipped with a 48V\/18Ah\/864Wh lithium battery, which is capable of traveling up to 70km on a single charge. In addition to the power, the scooter is also extremely compact. It can be folded in about 1-2 minutes and when folded it fits perfectly in the trunk of any car. To carry the electric scooter in the unfolded position, there is a tube-shaped structure installed at the back of the standing deck, which is very convenient to hold when carrying. Also, this construction works very well when riding with a footrest. The Kugoo M4 Pro electric scooter is equipped with a 500W BLDC electric motor.<\/p>\n<p><img decoding=\"async\" class=\"wp-image-7300 aligncenter\" src=\"https:\/\/www.xn--tuksimaailm-ffb.ee\/wp-content\/uploads\/2021\/12\/m4-pro-8a-300x148.png\" sizes=\"(max-width: 681px) 100vw, 681px\" srcset=\"https:\/\/www.xn--tuksimaailm-ffb.ee\/wp-content\/uploads\/2021\/12\/m4-pro-8a-300x148.png 300w, https:\/\/www.xn--tuksimaailm-ffb.ee\/wp-content\/uploads\/2021\/12\/m4-pro-8a-768x378.png 768w, https:\/\/www.xn--tuksimaailm-ffb.ee\/wp-content\/uploads\/2021\/12\/m4-pro-8a-609x300.png 609w, https:\/\/www.xn--tuksimaailm-ffb.ee\/wp-content\/uploads\/2021\/12\/m4-pro-8a-611x300.png 611w, https:\/\/www.xn--tuksimaailm-ffb.ee\/wp-content\/uploads\/2021\/12\/m4-pro-8a-600x295.png 600w, https:\/\/www.xn--tuksimaailm-ffb.ee\/wp-content\/uploads\/2021\/12\/m4-pro-8a.png 928w\" alt=\"kugoo m4 pro elektrit\u00f5ukeratas elektriline t\u00f5ukeratas elektrit\u00f5ukerattad\" width=\"681\" height=\"336\" \/><\/p>\n<h3>Information<\/h3>\n<p>Speed mode: 3<br \/>\nMax speed: 40-45km\/h<br \/>\nMaximum driving range: 70 km<br \/>\nClimbing ability: 15\u00b0<br \/>\nMax Load: 150 kg<\/p>\n<p>Motor type: DC brushless motor<br \/>\nNominal power: 500W<br \/>\nBattery type: 18650 lithium battery<br \/>\nBattery capacity: 18Ah<br \/>\nNominal voltage: 48V<br \/>\nCharging time: 8 hours<\/p>\n<p>Brake Type: Disc Brake<br \/>\nTire size: 10 inches<br \/>\nPedal width: 22 cm<\/p>\n<p>Product weight: 22.6 kg<br \/>\nProduct size (L x W x H): 119 x 60 x 112 cm<\/p>\n<h1 class=\"gf_gs_ct\"><i>PARAMETERS<\/i><\/h1>\n<p><img decoding=\"async\" class=\"alignnone wp-image-16561 \" src=\"https:\/\/projekt.vombat.ee\/eco\/wp-content\/uploads\/2024\/04\/\u5c3a\u5bf8.webp\" alt=\"\" width=\"812\" height=\"422\" srcset=\"https:\/\/projekt.vombat.ee\/eco\/wp-content\/uploads\/2024\/04\/\u5c3a\u5bf8.webp 1920w, https:\/\/projekt.vombat.ee\/eco\/wp-content\/uploads\/2024\/04\/\u5c3a\u5bf8-300x156.webp 300w, https:\/\/projekt.vombat.ee\/eco\/wp-content\/uploads\/2024\/04\/\u5c3a\u5bf8-1024x532.webp 1024w, https:\/\/projekt.vombat.ee\/eco\/wp-content\/uploads\/2024\/04\/\u5c3a\u5bf8-768x399.webp 768w, https:\/\/projekt.vombat.ee\/eco\/wp-content\/uploads\/2024\/04\/\u5c3a\u5bf8-1536x798.webp 1536w, https:\/\/projekt.vombat.ee\/eco\/wp-content\/uploads\/2024\/04\/\u5c3a\u5bf8-500x260.webp 500w, https:\/\/projekt.vombat.ee\/eco\/wp-content\/uploads\/2024\/04\/\u5c3a\u5bf8-800x415.webp 800w, https:\/\/projekt.vombat.ee\/eco\/wp-content\/uploads\/2024\/04\/\u5c3a\u5bf8-760x395.webp 760w, https:\/\/projekt.vombat.ee\/eco\/wp-content\/uploads\/2024\/04\/\u5c3a\u5bf8-370x192.webp 370w\" sizes=\"(max-width: 812px) 100vw, 812px\" \/><\/p>\n<p>&nbsp;<\/p>\n","protected":false},"excerpt":{"rendered":"<p><strong>KUGOO KIRIN M4 PRO ELECTRIC SCOOTER<\/strong><\/p>\n<p>Motor: 500W<br \/>\nBattery: 48V 18AH<br \/>\nLoad capacity: 150KG<br \/>\nMax speed: 45KM\/H<br \/>\nDriving range: 70KM<br \/>\nCharging time: 8H<br \/>\nElevation angle: 15 \u00b0.<br \/>\nTires: 10&#8243; pneumatic tires<br \/>\nComes with a seat<\/p>\n<p><strong>\u2666 Warranty 2 years<\/strong><br \/>\n<strong>\u2666 Delivery time 3-7 days<\/strong><br \/>\n<strong>\u2666 In stock<\/strong><\/p>\n","protected":false},"featured_media":15944,"template":"","meta":[],"product_cat":[2157,2226],"product_tag":[],"class_list":{"0":"post-15943","1":"product","2":"type-product","3":"status-publish","4":"has-post-thumbnail","6":"product_cat-electric-scooters","7":"product_cat-kugoo","8":"product_shipping_class-suured-pakid","10":"first","11":"instock","12":"sale","13":"taxable","14":"shipping-taxable","15":"purchasable","16":"product-type-simple"},"yoast_head":"<!-- This site is optimized with the Yoast SEO plugin v23.8 - https:\/\/yoast.com\/wordpress\/plugins\/seo\/ -->\n<title>Kugoo Kirin M4 Pro - Ecocruiser<\/title>\n<meta name=\"description\" content=\"Kugoo Kirin M4 Pro - Kvaliteetsed br\u00e4ndid, lai valik - Ecocruiser.ee - K\u00fcsimuste korral v\u00f5ta \u00fchendust info@projekt.vombat.ee\" \/>\n<meta name=\"robots\" content=\"noindex, follow, max-snippet:-1, max-image-preview:large, max-video-preview:-1\" \/>\n<meta property=\"og:locale\" content=\"en_GB\" \/>\n<meta property=\"og:type\" content=\"article\" \/>\n<meta property=\"og:title\" content=\"Kugoo Kirin M4 Pro - Ecocruiser\" \/>\n<meta property=\"og:description\" content=\"Kugoo Kirin M4 Pro - Kvaliteetsed br\u00e4ndid, lai valik - Ecocruiser.ee - K\u00fcsimuste korral v\u00f5ta \u00fchendust info@projekt.vombat.ee\" \/>\n<meta property=\"og:url\" content=\"https:\/\/projekt.vombat.ee\/eco\/en\/pood\/electric-scooters\/kugoo-kirin-m4-pro\/\" \/>\n<meta property=\"og:site_name\" content=\"Ecocruiser\" \/>\n<meta property=\"article:modified_time\" content=\"2024-07-23T06:48:42+00:00\" \/>\n<meta property=\"og:image\" content=\"https:\/\/projekt.vombat.ee\/eco\/wp-content\/uploads\/2023\/03\/Kugoo-Kirin-M4-Pro.png\" \/>\n\t<meta property=\"og:image:width\" content=\"939\" \/>\n\t<meta property=\"og:image:height\" content=\"909\" \/>\n\t<meta property=\"og:image:type\" content=\"image\/png\" \/>\n<meta name=\"twitter:card\" content=\"summary_large_image\" \/>\n<meta name=\"twitter:label1\" content=\"Estimated reading time\" \/>\n\t<meta name=\"twitter:data1\" content=\"3 minutes\" \/>\n<script type=\"application\/ld+json\" class=\"yoast-schema-graph\">{\"@context\":\"https:\/\/schema.org\",\"@graph\":[{\"@type\":\"WebPage\",\"@id\":\"https:\/\/projekt.vombat.ee\/eco\/en\/pood\/electric-scooters\/kugoo-kirin-m4-pro\/\",\"url\":\"https:\/\/projekt.vombat.ee\/eco\/en\/pood\/electric-scooters\/kugoo-kirin-m4-pro\/\",\"name\":\"Kugoo Kirin M4 Pro - Ecocruiser\",\"isPartOf\":{\"@id\":\"https:\/\/projekt.vombat.ee\/eco\/#website\"},\"primaryImageOfPage\":{\"@id\":\"https:\/\/projekt.vombat.ee\/eco\/en\/pood\/electric-scooters\/kugoo-kirin-m4-pro\/#primaryimage\"},\"image\":{\"@id\":\"https:\/\/projekt.vombat.ee\/eco\/en\/pood\/electric-scooters\/kugoo-kirin-m4-pro\/#primaryimage\"},\"thumbnailUrl\":\"https:\/\/projekt.vombat.ee\/eco\/wp-content\/uploads\/2023\/03\/Kugoo-Kirin-M4-Pro.png\",\"datePublished\":\"2024-04-15T19:12:44+00:00\",\"dateModified\":\"2024-07-23T06:48:42+00:00\",\"description\":\"Kugoo Kirin M4 Pro - Kvaliteetsed br\u00e4ndid, lai valik - Ecocruiser.ee - K\u00fcsimuste korral v\u00f5ta \u00fchendust info@projekt.vombat.ee\",\"breadcrumb\":{\"@id\":\"https:\/\/projekt.vombat.ee\/eco\/en\/pood\/electric-scooters\/kugoo-kirin-m4-pro\/#breadcrumb\"},\"inLanguage\":\"en-GB\",\"potentialAction\":[{\"@type\":\"ReadAction\",\"target\":[\"https:\/\/projekt.vombat.ee\/eco\/en\/pood\/electric-scooters\/kugoo-kirin-m4-pro\/\"]}]},{\"@type\":\"ImageObject\",\"inLanguage\":\"en-GB\",\"@id\":\"https:\/\/projekt.vombat.ee\/eco\/en\/pood\/electric-scooters\/kugoo-kirin-m4-pro\/#primaryimage\",\"url\":\"https:\/\/projekt.vombat.ee\/eco\/wp-content\/uploads\/2023\/03\/Kugoo-Kirin-M4-Pro.png\",\"contentUrl\":\"https:\/\/projekt.vombat.ee\/eco\/wp-content\/uploads\/2023\/03\/Kugoo-Kirin-M4-Pro.png\",\"width\":939,\"height\":909,\"caption\":\"Kugoo Kirin M4 Pro\"},{\"@type\":\"BreadcrumbList\",\"@id\":\"https:\/\/projekt.vombat.ee\/eco\/en\/pood\/electric-scooters\/kugoo-kirin-m4-pro\/#breadcrumb\",\"itemListElement\":[{\"@type\":\"ListItem\",\"position\":1,\"name\":\"Home\",\"item\":\"https:\/\/projekt.vombat.ee\/eco\/\"},{\"@type\":\"ListItem\",\"position\":2,\"name\":\"Pood\",\"item\":\"https:\/\/projekt.vombat.ee\/eco\/pood\/\"},{\"@type\":\"ListItem\",\"position\":3,\"name\":\"Kugoo Kirin M4 Pro\"}]},{\"@type\":\"WebSite\",\"@id\":\"https:\/\/projekt.vombat.ee\/eco\/#website\",\"url\":\"https:\/\/projekt.vombat.ee\/eco\/\",\"name\":\"Ecocruiser\",\"description\":\"\",\"publisher\":{\"@id\":\"https:\/\/projekt.vombat.ee\/eco\/#organization\"},\"potentialAction\":[{\"@type\":\"SearchAction\",\"target\":{\"@type\":\"EntryPoint\",\"urlTemplate\":\"https:\/\/projekt.vombat.ee\/eco\/?s={search_term_string}\"},\"query-input\":{\"@type\":\"PropertyValueSpecification\",\"valueRequired\":true,\"valueName\":\"search_term_string\"}}],\"inLanguage\":\"en-GB\"},{\"@type\":\"Organization\",\"@id\":\"https:\/\/projekt.vombat.ee\/eco\/#organization\",\"name\":\"Ecocruiser\",\"url\":\"https:\/\/projekt.vombat.ee\/eco\/\",\"logo\":{\"@type\":\"ImageObject\",\"inLanguage\":\"en-GB\",\"@id\":\"https:\/\/projekt.vombat.ee\/eco\/#\/schema\/logo\/image\/\",\"url\":\"https:\/\/projekt.vombat.ee\/eco\/wp-content\/uploads\/2023\/03\/ECOCRUISER_5.png\",\"contentUrl\":\"https:\/\/projekt.vombat.ee\/eco\/wp-content\/uploads\/2023\/03\/ECOCRUISER_5.png\",\"width\":234,\"height\":91,\"caption\":\"Ecocruiser\"},\"image\":{\"@id\":\"https:\/\/projekt.vombat.ee\/eco\/#\/schema\/logo\/image\/\"}}]}<\/script>\n<!-- \/ Yoast SEO plugin. -->","yoast_head_json":{"title":"Kugoo Kirin M4 Pro - Ecocruiser","description":"Kugoo Kirin M4 Pro - Kvaliteetsed br\u00e4ndid, lai valik - Ecocruiser.ee - K\u00fcsimuste korral v\u00f5ta \u00fchendust info@projekt.vombat.ee","robots":{"index":"noindex","follow":"follow","max-snippet":"max-snippet:-1","max-image-preview":"max-image-preview:large","max-video-preview":"max-video-preview:-1"},"og_locale":"en_GB","og_type":"article","og_title":"Kugoo Kirin M4 Pro - Ecocruiser","og_description":"Kugoo Kirin M4 Pro - Kvaliteetsed br\u00e4ndid, lai valik - Ecocruiser.ee - K\u00fcsimuste korral v\u00f5ta \u00fchendust info@projekt.vombat.ee","og_url":"https:\/\/projekt.vombat.ee\/eco\/en\/pood\/electric-scooters\/kugoo-kirin-m4-pro\/","og_site_name":"Ecocruiser","article_modified_time":"2024-07-23T06:48:42+00:00","og_image":[{"width":939,"height":909,"url":"https:\/\/projekt.vombat.ee\/eco\/wp-content\/uploads\/2023\/03\/Kugoo-Kirin-M4-Pro.png","type":"image\/png"}],"twitter_card":"summary_large_image","twitter_misc":{"Estimated reading time":"3 minutes"},"schema":{"@context":"https:\/\/schema.org","@graph":[{"@type":"WebPage","@id":"https:\/\/projekt.vombat.ee\/eco\/en\/pood\/electric-scooters\/kugoo-kirin-m4-pro\/","url":"https:\/\/projekt.vombat.ee\/eco\/en\/pood\/electric-scooters\/kugoo-kirin-m4-pro\/","name":"Kugoo Kirin M4 Pro - Ecocruiser","isPartOf":{"@id":"https:\/\/projekt.vombat.ee\/eco\/#website"},"primaryImageOfPage":{"@id":"https:\/\/projekt.vombat.ee\/eco\/en\/pood\/electric-scooters\/kugoo-kirin-m4-pro\/#primaryimage"},"image":{"@id":"https:\/\/projekt.vombat.ee\/eco\/en\/pood\/electric-scooters\/kugoo-kirin-m4-pro\/#primaryimage"},"thumbnailUrl":"https:\/\/projekt.vombat.ee\/eco\/wp-content\/uploads\/2023\/03\/Kugoo-Kirin-M4-Pro.png","datePublished":"2024-04-15T19:12:44+00:00","dateModified":"2024-07-23T06:48:42+00:00","description":"Kugoo Kirin M4 Pro - Kvaliteetsed br\u00e4ndid, lai valik - Ecocruiser.ee - K\u00fcsimuste korral v\u00f5ta \u00fchendust info@projekt.vombat.ee","breadcrumb":{"@id":"https:\/\/projekt.vombat.ee\/eco\/en\/pood\/electric-scooters\/kugoo-kirin-m4-pro\/#breadcrumb"},"inLanguage":"en-GB","potentialAction":[{"@type":"ReadAction","target":["https:\/\/projekt.vombat.ee\/eco\/en\/pood\/electric-scooters\/kugoo-kirin-m4-pro\/"]}]},{"@type":"ImageObject","inLanguage":"en-GB","@id":"https:\/\/projekt.vombat.ee\/eco\/en\/pood\/electric-scooters\/kugoo-kirin-m4-pro\/#primaryimage","url":"https:\/\/projekt.vombat.ee\/eco\/wp-content\/uploads\/2023\/03\/Kugoo-Kirin-M4-Pro.png","contentUrl":"https:\/\/projekt.vombat.ee\/eco\/wp-content\/uploads\/2023\/03\/Kugoo-Kirin-M4-Pro.png","width":939,"height":909,"caption":"Kugoo Kirin M4 Pro"},{"@type":"BreadcrumbList","@id":"https:\/\/projekt.vombat.ee\/eco\/en\/pood\/electric-scooters\/kugoo-kirin-m4-pro\/#breadcrumb","itemListElement":[{"@type":"ListItem","position":1,"name":"Home","item":"https:\/\/projekt.vombat.ee\/eco\/"},{"@type":"ListItem","position":2,"name":"Pood","item":"https:\/\/projekt.vombat.ee\/eco\/pood\/"},{"@type":"ListItem","position":3,"name":"Kugoo Kirin M4 Pro"}]},{"@type":"WebSite","@id":"https:\/\/projekt.vombat.ee\/eco\/#website","url":"https:\/\/projekt.vombat.ee\/eco\/","name":"Ecocruiser","description":"","publisher":{"@id":"https:\/\/projekt.vombat.ee\/eco\/#organization"},"potentialAction":[{"@type":"SearchAction","target":{"@type":"EntryPoint","urlTemplate":"https:\/\/projekt.vombat.ee\/eco\/?s={search_term_string}"},"query-input":{"@type":"PropertyValueSpecification","valueRequired":true,"valueName":"search_term_string"}}],"inLanguage":"en-GB"},{"@type":"Organization","@id":"https:\/\/projekt.vombat.ee\/eco\/#organization","name":"Ecocruiser","url":"https:\/\/projekt.vombat.ee\/eco\/","logo":{"@type":"ImageObject","inLanguage":"en-GB","@id":"https:\/\/projekt.vombat.ee\/eco\/#\/schema\/logo\/image\/","url":"https:\/\/projekt.vombat.ee\/eco\/wp-content\/uploads\/2023\/03\/ECOCRUISER_5.png","contentUrl":"https:\/\/projekt.vombat.ee\/eco\/wp-content\/uploads\/2023\/03\/ECOCRUISER_5.png","width":234,"height":91,"caption":"Ecocruiser"},"image":{"@id":"https:\/\/projekt.vombat.ee\/eco\/#\/schema\/logo\/image\/"}}]}},"lang":"en","translations":{"en":15943,"ru":5274,"et":2513,"fi":8337,"lv":10874,"fr":16971},"pll_sync_post":[],"_links":{"self":[{"href":"https:\/\/projekt.vombat.ee\/eco\/wp-json\/wp\/v2\/product\/15943"}],"collection":[{"href":"https:\/\/projekt.vombat.ee\/eco\/wp-json\/wp\/v2\/product"}],"about":[{"href":"https:\/\/projekt.vombat.ee\/eco\/wp-json\/wp\/v2\/types\/product"}],"version-history":[{"count":3,"href":"https:\/\/projekt.vombat.ee\/eco\/wp-json\/wp\/v2\/product\/15943\/revisions"}],"predecessor-version":[{"id":16559,"href":"https:\/\/projekt.vombat.ee\/eco\/wp-json\/wp\/v2\/product\/15943\/revisions\/16559"}],"wp:featuredmedia":[{"embeddable":true,"href":"https:\/\/projekt.vombat.ee\/eco\/wp-json\/wp\/v2\/media\/15944"}],"wp:attachment":[{"href":"https:\/\/projekt.vombat.ee\/eco\/wp-json\/wp\/v2\/media?parent=15943"}],"wp:term":[{"taxonomy":"product_cat","embeddable":true,"href":"https:\/\/projekt.vombat.ee\/eco\/wp-json\/wp\/v2\/product_cat?post=15943"},{"taxonomy":"product_tag","embeddable":true,"href":"https:\/\/projekt.vombat.ee\/eco\/wp-json\/wp\/v2\/product_tag?post=15943"}],"curies":[{"name":"wp","href":"https:\/\/api.w.org\/{rel}","templated":true}]}}