{"id":15934,"date":"2024-04-15T19:08:56","date_gmt":"2024-04-15T19:08:56","guid":{"rendered":"https:\/\/projekt.vombat.ee\/eco\/?post_type=product&#038;p=15934"},"modified":"2024-07-30T07:05:19","modified_gmt":"2024-07-30T07:05:19","slug":"kugoo-kirin-m5-pro","status":"publish","type":"product","link":"https:\/\/projekt.vombat.ee\/eco\/en\/pood\/electric-scooters\/kugoo-kirin-m5-pro\/","title":{"rendered":"KuKirin M5 Pro"},"content":{"rendered":"<h1>KuKirin M5 Pro<\/h1>\n<p><img decoding=\"async\" class=\"\" src=\"https:\/\/cdn.shopify.com\/s\/files\/1\/0291\/3422\/5501\/files\/Kukirin_M5_Pro_Desktop_Detail_16_1920x.jpg?v=1677837700%20alt=\" \/><\/p>\n<h3>POWERFUL ENGINE &amp; BATTERY<\/h3>\n<p>Powered by a 1000W motor, the Kugoo Kirin M5 Pro reaches a maximum speed of 25 km\/h, allowing you to enjoy powerful and exciting off-road driving. The M5 Pro is a combination of the best features of electric scooters. This model is suitable for driving in the city, parks, off-road and on the cross track. A powerful 1000W motor and a 70km driving range make driving enjoyable and carefree.<\/p>\n<p>The Kirin M5 Pro is equipped with a 960 Wh battery that allows a maximum range of 70 km on a full charge, which is longer than most off-road scooters and long enough for day trips.<\/p>\n<h3>PREMIUM RIDE COMFORT<\/h3>\n<p>The M5 Pro includes front and rear disc brakes for safe braking. It has a full suspension with four shock absorbers that effectively reduce the impact, giving you a comfortable ride.<\/p>\n<p>With the smart LCD dashboard, you can check multiple information including speed, battery level, distance, gear lever, etc. You can also easily switch between three speed levels.<\/p>\n<h3>KUGOO KIRIN M5 PRO &#8211; SAFE AND STABLE<\/h3>\n<p>The M5 Pro has 7 lights, including 2 front lights, 2 front side lights, 2 rear side lights and a rear brake light. The innovative lighting system makes your driving safer.<\/p>\n<p>With 11-inch front and 10-inch rear tires, the M5 Pro adapts to different types of terrain and drives more smoothly. The 255mm footboard is wide enough for you to stand securely and comfortably.<\/p>\n<p>Kirin M5 Pro has 3 speed modes to meet your different needs. The low speed mode allows you to enjoy the roadside scenery while driving. Medium mode allows you to enjoy the driving pleasure. Switch to fast mode and you&#8217;ll have a faster and more exciting off-road ride.<\/p>\n<p>&nbsp;<\/p>\n<h3>KuKirin M5 Pro SPECIFICATION<\/h3>\n<p>Top speed 25 km\/h (with limiter)<br \/>\nDriving range: 60-70km<\/p>\n<p>Motor power: 1000W<br \/>\nHill climbing: 15\u00b0<br \/>\nBraking system: Double disc brake<br \/>\nTires: Front 11&#8221; and rear 10&#8221;<br \/>\nSize: 1187 * 620 * 1315 mm<br \/>\nWeight: 36.2 kg<br \/>\nMaximum load: 120 kg<br \/>\nCharging time: 8-10h<\/p>\n","protected":false},"excerpt":{"rendered":"<p><strong>KuKirin M5 Pro\u00a0<\/strong><\/p>\n<ul>\n<li>Driving range: 60-70km<\/li>\n<li>Battery: 48V 20Ah<\/li>\n<li>Load capacity: 120 kg<\/li>\n<li>Charging time: 8-10h<\/li>\n<li>Max speed: 25km\/h (with limiter)<\/li>\n<\/ul>\n<p><strong>\u2666 Delivery time 3-7 days<\/strong><br \/>\n<strong>\u2666 In stock<\/strong><\/p>\n","protected":false},"featured_media":16531,"template":"","meta":[],"product_cat":[2157,2226],"product_tag":[],"class_list":{"0":"post-15934","1":"product","2":"type-product","3":"status-publish","4":"has-post-thumbnail","6":"product_cat-electric-scooters","7":"product_cat-kugoo","8":"product_shipping_class-suured-pakid","10":"first","11":"onbackorder","12":"sale","13":"taxable","14":"shipping-taxable","15":"purchasable","16":"product-type-simple"},"yoast_head":"<!-- This site is optimized with the Yoast SEO plugin v23.8 - https:\/\/yoast.com\/wordpress\/plugins\/seo\/ -->\n<title>KuKirin M5 Pro - Ecocruiser<\/title>\n<meta name=\"description\" content=\"KuKirin M5 Pro - Augstas kvalit\u0101tes z\u012bmoli, pla\u0161a izv\u0113le - Ecocruiser.ee - Ja jums ir k\u0101di jaut\u0101jumi, sazinieties ar info@projekt.vombat.ee\" \/>\n<meta name=\"robots\" content=\"noindex, follow, max-snippet:-1, max-image-preview:large, max-video-preview:-1\" \/>\n<meta property=\"og:locale\" content=\"en_GB\" \/>\n<meta property=\"og:type\" content=\"article\" \/>\n<meta property=\"og:title\" content=\"KuKirin M5 Pro - Ecocruiser\" \/>\n<meta property=\"og:description\" content=\"KuKirin M5 Pro - Augstas kvalit\u0101tes z\u012bmoli, pla\u0161a izv\u0113le - Ecocruiser.ee - Ja jums ir k\u0101di jaut\u0101jumi, sazinieties ar info@projekt.vombat.ee\" \/>\n<meta property=\"og:url\" content=\"https:\/\/projekt.vombat.ee\/eco\/en\/pood\/electric-scooters\/kugoo-kirin-m5-pro\/\" \/>\n<meta property=\"og:site_name\" content=\"Ecocruiser\" \/>\n<meta property=\"article:modified_time\" content=\"2024-07-30T07:05:19+00:00\" \/>\n<meta property=\"og:image\" content=\"https:\/\/projekt.vombat.ee\/eco\/wp-content\/uploads\/2023\/03\/9c8dffb7a1a95230986c848140016261.png\" \/>\n\t<meta property=\"og:image:width\" content=\"892\" \/>\n\t<meta property=\"og:image:height\" content=\"848\" \/>\n\t<meta property=\"og:image:type\" content=\"image\/png\" \/>\n<meta name=\"twitter:card\" content=\"summary_large_image\" \/>\n<meta name=\"twitter:label1\" content=\"Estimated reading time\" \/>\n\t<meta name=\"twitter:data1\" content=\"3 minutes\" \/>\n<script type=\"application\/ld+json\" class=\"yoast-schema-graph\">{\"@context\":\"https:\/\/schema.org\",\"@graph\":[{\"@type\":\"WebPage\",\"@id\":\"https:\/\/projekt.vombat.ee\/eco\/en\/pood\/electric-scooters\/kugoo-kirin-m5-pro\/\",\"url\":\"https:\/\/projekt.vombat.ee\/eco\/en\/pood\/electric-scooters\/kugoo-kirin-m5-pro\/\",\"name\":\"KuKirin M5 Pro - Ecocruiser\",\"isPartOf\":{\"@id\":\"https:\/\/projekt.vombat.ee\/eco\/#website\"},\"primaryImageOfPage\":{\"@id\":\"https:\/\/projekt.vombat.ee\/eco\/en\/pood\/electric-scooters\/kugoo-kirin-m5-pro\/#primaryimage\"},\"image\":{\"@id\":\"https:\/\/projekt.vombat.ee\/eco\/en\/pood\/electric-scooters\/kugoo-kirin-m5-pro\/#primaryimage\"},\"thumbnailUrl\":\"https:\/\/projekt.vombat.ee\/eco\/wp-content\/uploads\/2023\/03\/9c8dffb7a1a95230986c848140016261.png\",\"datePublished\":\"2024-04-15T19:08:56+00:00\",\"dateModified\":\"2024-07-30T07:05:19+00:00\",\"description\":\"KuKirin M5 Pro - Augstas kvalit\u0101tes z\u012bmoli, pla\u0161a izv\u0113le - Ecocruiser.ee - Ja jums ir k\u0101di jaut\u0101jumi, sazinieties ar info@projekt.vombat.ee\",\"breadcrumb\":{\"@id\":\"https:\/\/projekt.vombat.ee\/eco\/en\/pood\/electric-scooters\/kugoo-kirin-m5-pro\/#breadcrumb\"},\"inLanguage\":\"en-GB\",\"potentialAction\":[{\"@type\":\"ReadAction\",\"target\":[\"https:\/\/projekt.vombat.ee\/eco\/en\/pood\/electric-scooters\/kugoo-kirin-m5-pro\/\"]}]},{\"@type\":\"ImageObject\",\"inLanguage\":\"en-GB\",\"@id\":\"https:\/\/projekt.vombat.ee\/eco\/en\/pood\/electric-scooters\/kugoo-kirin-m5-pro\/#primaryimage\",\"url\":\"https:\/\/projekt.vombat.ee\/eco\/wp-content\/uploads\/2023\/03\/9c8dffb7a1a95230986c848140016261.png\",\"contentUrl\":\"https:\/\/projekt.vombat.ee\/eco\/wp-content\/uploads\/2023\/03\/9c8dffb7a1a95230986c848140016261.png\",\"width\":892,\"height\":848,\"caption\":\"KuKirin M5 Pro\"},{\"@type\":\"BreadcrumbList\",\"@id\":\"https:\/\/projekt.vombat.ee\/eco\/en\/pood\/electric-scooters\/kugoo-kirin-m5-pro\/#breadcrumb\",\"itemListElement\":[{\"@type\":\"ListItem\",\"position\":1,\"name\":\"Home\",\"item\":\"https:\/\/projekt.vombat.ee\/eco\/\"},{\"@type\":\"ListItem\",\"position\":2,\"name\":\"Pood\",\"item\":\"https:\/\/projekt.vombat.ee\/eco\/pood\/\"},{\"@type\":\"ListItem\",\"position\":3,\"name\":\"KuKirin M5 Pro\"}]},{\"@type\":\"WebSite\",\"@id\":\"https:\/\/projekt.vombat.ee\/eco\/#website\",\"url\":\"https:\/\/projekt.vombat.ee\/eco\/\",\"name\":\"Ecocruiser\",\"description\":\"\",\"publisher\":{\"@id\":\"https:\/\/projekt.vombat.ee\/eco\/#organization\"},\"potentialAction\":[{\"@type\":\"SearchAction\",\"target\":{\"@type\":\"EntryPoint\",\"urlTemplate\":\"https:\/\/projekt.vombat.ee\/eco\/?s={search_term_string}\"},\"query-input\":{\"@type\":\"PropertyValueSpecification\",\"valueRequired\":true,\"valueName\":\"search_term_string\"}}],\"inLanguage\":\"en-GB\"},{\"@type\":\"Organization\",\"@id\":\"https:\/\/projekt.vombat.ee\/eco\/#organization\",\"name\":\"Ecocruiser\",\"url\":\"https:\/\/projekt.vombat.ee\/eco\/\",\"logo\":{\"@type\":\"ImageObject\",\"inLanguage\":\"en-GB\",\"@id\":\"https:\/\/projekt.vombat.ee\/eco\/#\/schema\/logo\/image\/\",\"url\":\"https:\/\/projekt.vombat.ee\/eco\/wp-content\/uploads\/2023\/03\/ECOCRUISER_5.png\",\"contentUrl\":\"https:\/\/projekt.vombat.ee\/eco\/wp-content\/uploads\/2023\/03\/ECOCRUISER_5.png\",\"width\":234,\"height\":91,\"caption\":\"Ecocruiser\"},\"image\":{\"@id\":\"https:\/\/projekt.vombat.ee\/eco\/#\/schema\/logo\/image\/\"}}]}<\/script>\n<!-- \/ Yoast SEO plugin. -->","yoast_head_json":{"title":"KuKirin M5 Pro - Ecocruiser","description":"KuKirin M5 Pro - Augstas kvalit\u0101tes z\u012bmoli, pla\u0161a izv\u0113le - Ecocruiser.ee - Ja jums ir k\u0101di jaut\u0101jumi, sazinieties ar info@projekt.vombat.ee","robots":{"index":"noindex","follow":"follow","max-snippet":"max-snippet:-1","max-image-preview":"max-image-preview:large","max-video-preview":"max-video-preview:-1"},"og_locale":"en_GB","og_type":"article","og_title":"KuKirin M5 Pro - Ecocruiser","og_description":"KuKirin M5 Pro - Augstas kvalit\u0101tes z\u012bmoli, pla\u0161a izv\u0113le - Ecocruiser.ee - Ja jums ir k\u0101di jaut\u0101jumi, sazinieties ar info@projekt.vombat.ee","og_url":"https:\/\/projekt.vombat.ee\/eco\/en\/pood\/electric-scooters\/kugoo-kirin-m5-pro\/","og_site_name":"Ecocruiser","article_modified_time":"2024-07-30T07:05:19+00:00","og_image":[{"width":892,"height":848,"url":"https:\/\/projekt.vombat.ee\/eco\/wp-content\/uploads\/2023\/03\/9c8dffb7a1a95230986c848140016261.png","type":"image\/png"}],"twitter_card":"summary_large_image","twitter_misc":{"Estimated reading time":"3 minutes"},"schema":{"@context":"https:\/\/schema.org","@graph":[{"@type":"WebPage","@id":"https:\/\/projekt.vombat.ee\/eco\/en\/pood\/electric-scooters\/kugoo-kirin-m5-pro\/","url":"https:\/\/projekt.vombat.ee\/eco\/en\/pood\/electric-scooters\/kugoo-kirin-m5-pro\/","name":"KuKirin M5 Pro - Ecocruiser","isPartOf":{"@id":"https:\/\/projekt.vombat.ee\/eco\/#website"},"primaryImageOfPage":{"@id":"https:\/\/projekt.vombat.ee\/eco\/en\/pood\/electric-scooters\/kugoo-kirin-m5-pro\/#primaryimage"},"image":{"@id":"https:\/\/projekt.vombat.ee\/eco\/en\/pood\/electric-scooters\/kugoo-kirin-m5-pro\/#primaryimage"},"thumbnailUrl":"https:\/\/projekt.vombat.ee\/eco\/wp-content\/uploads\/2023\/03\/9c8dffb7a1a95230986c848140016261.png","datePublished":"2024-04-15T19:08:56+00:00","dateModified":"2024-07-30T07:05:19+00:00","description":"KuKirin M5 Pro - Augstas kvalit\u0101tes z\u012bmoli, pla\u0161a izv\u0113le - Ecocruiser.ee - Ja jums ir k\u0101di jaut\u0101jumi, sazinieties ar info@projekt.vombat.ee","breadcrumb":{"@id":"https:\/\/projekt.vombat.ee\/eco\/en\/pood\/electric-scooters\/kugoo-kirin-m5-pro\/#breadcrumb"},"inLanguage":"en-GB","potentialAction":[{"@type":"ReadAction","target":["https:\/\/projekt.vombat.ee\/eco\/en\/pood\/electric-scooters\/kugoo-kirin-m5-pro\/"]}]},{"@type":"ImageObject","inLanguage":"en-GB","@id":"https:\/\/projekt.vombat.ee\/eco\/en\/pood\/electric-scooters\/kugoo-kirin-m5-pro\/#primaryimage","url":"https:\/\/projekt.vombat.ee\/eco\/wp-content\/uploads\/2023\/03\/9c8dffb7a1a95230986c848140016261.png","contentUrl":"https:\/\/projekt.vombat.ee\/eco\/wp-content\/uploads\/2023\/03\/9c8dffb7a1a95230986c848140016261.png","width":892,"height":848,"caption":"KuKirin M5 Pro"},{"@type":"BreadcrumbList","@id":"https:\/\/projekt.vombat.ee\/eco\/en\/pood\/electric-scooters\/kugoo-kirin-m5-pro\/#breadcrumb","itemListElement":[{"@type":"ListItem","position":1,"name":"Home","item":"https:\/\/projekt.vombat.ee\/eco\/"},{"@type":"ListItem","position":2,"name":"Pood","item":"https:\/\/projekt.vombat.ee\/eco\/pood\/"},{"@type":"ListItem","position":3,"name":"KuKirin M5 Pro"}]},{"@type":"WebSite","@id":"https:\/\/projekt.vombat.ee\/eco\/#website","url":"https:\/\/projekt.vombat.ee\/eco\/","name":"Ecocruiser","description":"","publisher":{"@id":"https:\/\/projekt.vombat.ee\/eco\/#organization"},"potentialAction":[{"@type":"SearchAction","target":{"@type":"EntryPoint","urlTemplate":"https:\/\/projekt.vombat.ee\/eco\/?s={search_term_string}"},"query-input":{"@type":"PropertyValueSpecification","valueRequired":true,"valueName":"search_term_string"}}],"inLanguage":"en-GB"},{"@type":"Organization","@id":"https:\/\/projekt.vombat.ee\/eco\/#organization","name":"Ecocruiser","url":"https:\/\/projekt.vombat.ee\/eco\/","logo":{"@type":"ImageObject","inLanguage":"en-GB","@id":"https:\/\/projekt.vombat.ee\/eco\/#\/schema\/logo\/image\/","url":"https:\/\/projekt.vombat.ee\/eco\/wp-content\/uploads\/2023\/03\/ECOCRUISER_5.png","contentUrl":"https:\/\/projekt.vombat.ee\/eco\/wp-content\/uploads\/2023\/03\/ECOCRUISER_5.png","width":234,"height":91,"caption":"Ecocruiser"},"image":{"@id":"https:\/\/projekt.vombat.ee\/eco\/#\/schema\/logo\/image\/"}}]}},"lang":"en","translations":{"en":15934,"ru":6270,"et":6261,"fi":7778,"lv":10882,"fr":16961},"pll_sync_post":[],"_links":{"self":[{"href":"https:\/\/projekt.vombat.ee\/eco\/wp-json\/wp\/v2\/product\/15934"}],"collection":[{"href":"https:\/\/projekt.vombat.ee\/eco\/wp-json\/wp\/v2\/product"}],"about":[{"href":"https:\/\/projekt.vombat.ee\/eco\/wp-json\/wp\/v2\/types\/product"}],"version-history":[{"count":4,"href":"https:\/\/projekt.vombat.ee\/eco\/wp-json\/wp\/v2\/product\/15934\/revisions"}],"predecessor-version":[{"id":16564,"href":"https:\/\/projekt.vombat.ee\/eco\/wp-json\/wp\/v2\/product\/15934\/revisions\/16564"}],"wp:featuredmedia":[{"embeddable":true,"href":"https:\/\/projekt.vombat.ee\/eco\/wp-json\/wp\/v2\/media\/16531"}],"wp:attachment":[{"href":"https:\/\/projekt.vombat.ee\/eco\/wp-json\/wp\/v2\/media?parent=15934"}],"wp:term":[{"taxonomy":"product_cat","embeddable":true,"href":"https:\/\/projekt.vombat.ee\/eco\/wp-json\/wp\/v2\/product_cat?post=15934"},{"taxonomy":"product_tag","embeddable":true,"href":"https:\/\/projekt.vombat.ee\/eco\/wp-json\/wp\/v2\/product_tag?post=15934"}],"curies":[{"name":"wp","href":"https:\/\/api.w.org\/{rel}","templated":true}]}}