{"id":15821,"date":"2024-04-14T13:30:54","date_gmt":"2024-04-14T13:30:54","guid":{"rendered":"https:\/\/projekt.vombat.ee\/eco\/?post_type=product&#038;p=15821"},"modified":"2024-04-14T15:40:20","modified_gmt":"2024-04-14T15:40:20","slug":"elektritoukeratta-veekindlustamine","status":"publish","type":"product","link":"https:\/\/projekt.vombat.ee\/eco\/pood\/teenused\/elektritoukeratta-veekindlustamine\/","title":{"rendered":"ELEKTRIT\u00d5UKERATTA VEEKINDLUSTAMINE"},"content":{"rendered":"<p>Elektrit\u00f5ukeratta veekindlustamine \u2013 teenus Ecocruiseri <a href=\"https:\/\/projekt.vombat.ee\/eco\/remont\/\"><strong>t\u00f6\u00f6kojas<\/strong><\/a>. Toode on m\u00f5eldud eelk\u00f5ige ostmiseks koos\u00a0<strong><a href=\"https:\/\/www.xn--tuksimaailm-ffb.ee\/tootekategooria\/elektritoukeratas\/\">uu<\/a>e elektrit\u00f5ukerattaga<\/strong>. Kui soovite veekindlustamise teenust m\u00f5nele Ecocruiseri poolt mitte m\u00fc\u00fcdavale mudelile, siis orienteeruva hinnapakkumuse saamiseks <a href=\"https:\/\/projekt.vombat.ee\/eco\/kontakt\/\"><strong>v\u00f5tke meiega \u00fchendust<\/strong><\/a>.\u00a0<strong>NB!<\/strong>\u00a0Teenus ei v\u00e4lista t\u00e4ielikult elektrit\u00f5ukeratta veekahjustuste tekkimise v\u00f5imalust, kuid v\u00e4hendab veekahjustuse tekkimise v\u00f5imalust \/ t\u00f5en\u00e4osust mitmek\u00fcmne kordselt.<\/p>\n","protected":false},"excerpt":{"rendered":"<p>NB! Veakirjeldus ja \/ v\u00f5i soovitud remont t\u00f6\u00f6de loetelu peab olema t\u00f6\u00f6kotta saadetava elektrit\u00f5ukerattaga paberkandjal kaasas. Enne elektrit\u00f5ukeratta Ecocruiseri t\u00f6\u00f6kotta saabumist e-poe tellimuse kirjeldusse, e-mailile v\u00f5i telefoni teel edastatud informatsiooni me ei dokumenteeri ning suure t\u00f5en\u00e4osusega j\u00e4\u00e4vad nendele infokanalitele saadetud soovid t\u00f6\u00f6 vastu v\u00f5tmisel arvestamata.<\/p>\n<p>Elektrit\u00f5ukeratas peab olema pakendatud. Ilma pakendamata elektrit\u00f5ukeratta pealekorjest on kulleril \u00f5igus keelduda.<\/p>\n","protected":false},"featured_media":15819,"template":"","meta":[],"product_cat":[2062],"product_tag":[],"class_list":{"0":"post-15821","1":"product","2":"type-product","3":"status-publish","4":"has-post-thumbnail","6":"product_cat-teenused","7":"product_shipping_class-remonti-saatmine-kulleriga","9":"first","10":"instock","11":"taxable","12":"shipping-taxable","13":"purchasable","14":"product-type-variable"},"yoast_head":"<!-- This site is optimized with the Yoast SEO plugin v23.8 - https:\/\/yoast.com\/wordpress\/plugins\/seo\/ -->\n<title>ELEKTRIT\u00d5UKERATTA VEEKINDLUSTAMINE - Ecocruiser<\/title>\n<meta name=\"description\" content=\"Elektrit\u00f5ukeratta veekindlustamine \u2013 teenus Ecocruiseri t\u00f6\u00f6kojas. Toode on m\u00f5eldud eelk\u00f5ige ostmiseks koos\u00a0uue elektrit\u00f5ukerattaga. Kui soovite veekindlustamise teenust m\u00f5nele Ecocruiseri poolt mitte m\u00fc\u00fcdavale mudelile, siis orienteeruva hinnapakkumuse saamiseks v\u00f5tke meiega \u00fchendust.\" \/>\n<meta name=\"robots\" content=\"noindex, follow, max-snippet:-1, max-image-preview:large, max-video-preview:-1\" \/>\n<meta property=\"og:locale\" content=\"en_GB\" \/>\n<meta property=\"og:type\" content=\"article\" \/>\n<meta property=\"og:title\" content=\"ELEKTRIT\u00d5UKERATTA VEEKINDLUSTAMINE - Ecocruiser\" \/>\n<meta property=\"og:description\" content=\"Elektrit\u00f5ukeratta veekindlustamine \u2013 teenus Ecocruiseri t\u00f6\u00f6kojas. Toode on m\u00f5eldud eelk\u00f5ige ostmiseks koos\u00a0uue elektrit\u00f5ukerattaga. Kui soovite veekindlustamise teenust m\u00f5nele Ecocruiseri poolt mitte m\u00fc\u00fcdavale mudelile, siis orienteeruva hinnapakkumuse saamiseks v\u00f5tke meiega \u00fchendust.\" \/>\n<meta property=\"og:url\" content=\"https:\/\/projekt.vombat.ee\/eco\/pood\/teenused\/elektritoukeratta-veekindlustamine\/\" \/>\n<meta property=\"og:site_name\" content=\"Ecocruiser\" \/>\n<meta property=\"article:modified_time\" content=\"2024-04-14T15:40:20+00:00\" \/>\n<meta property=\"og:image\" content=\"https:\/\/projekt.vombat.ee\/eco\/wp-content\/uploads\/2024\/04\/Add-a-heading-2.png\" \/>\n\t<meta property=\"og:image:width\" content=\"1000\" \/>\n\t<meta property=\"og:image:height\" content=\"1000\" \/>\n\t<meta property=\"og:image:type\" content=\"image\/png\" \/>\n<meta name=\"twitter:card\" content=\"summary_large_image\" \/>\n<meta name=\"twitter:label1\" content=\"Estimated reading time\" \/>\n\t<meta name=\"twitter:data1\" content=\"1 minute\" \/>\n<script type=\"application\/ld+json\" class=\"yoast-schema-graph\">{\"@context\":\"https:\/\/schema.org\",\"@graph\":[{\"@type\":\"WebPage\",\"@id\":\"https:\/\/projekt.vombat.ee\/eco\/pood\/teenused\/elektritoukeratta-veekindlustamine\/\",\"url\":\"https:\/\/projekt.vombat.ee\/eco\/pood\/teenused\/elektritoukeratta-veekindlustamine\/\",\"name\":\"ELEKTRIT\u00d5UKERATTA VEEKINDLUSTAMINE - Ecocruiser\",\"isPartOf\":{\"@id\":\"https:\/\/projekt.vombat.ee\/eco\/#website\"},\"primaryImageOfPage\":{\"@id\":\"https:\/\/projekt.vombat.ee\/eco\/pood\/teenused\/elektritoukeratta-veekindlustamine\/#primaryimage\"},\"image\":{\"@id\":\"https:\/\/projekt.vombat.ee\/eco\/pood\/teenused\/elektritoukeratta-veekindlustamine\/#primaryimage\"},\"thumbnailUrl\":\"https:\/\/projekt.vombat.ee\/eco\/wp-content\/uploads\/2024\/04\/Add-a-heading-2.png\",\"datePublished\":\"2024-04-14T13:30:54+00:00\",\"dateModified\":\"2024-04-14T15:40:20+00:00\",\"description\":\"Elektrit\u00f5ukeratta veekindlustamine \u2013 teenus Ecocruiseri t\u00f6\u00f6kojas. Toode on m\u00f5eldud eelk\u00f5ige ostmiseks koos\u00a0uue elektrit\u00f5ukerattaga. Kui soovite veekindlustamise teenust m\u00f5nele Ecocruiseri poolt mitte m\u00fc\u00fcdavale mudelile, siis orienteeruva hinnapakkumuse saamiseks v\u00f5tke meiega \u00fchendust.\",\"breadcrumb\":{\"@id\":\"https:\/\/projekt.vombat.ee\/eco\/pood\/teenused\/elektritoukeratta-veekindlustamine\/#breadcrumb\"},\"inLanguage\":\"en-GB\",\"potentialAction\":[{\"@type\":\"ReadAction\",\"target\":[\"https:\/\/projekt.vombat.ee\/eco\/pood\/teenused\/elektritoukeratta-veekindlustamine\/\"]}]},{\"@type\":\"ImageObject\",\"inLanguage\":\"en-GB\",\"@id\":\"https:\/\/projekt.vombat.ee\/eco\/pood\/teenused\/elektritoukeratta-veekindlustamine\/#primaryimage\",\"url\":\"https:\/\/projekt.vombat.ee\/eco\/wp-content\/uploads\/2024\/04\/Add-a-heading-2.png\",\"contentUrl\":\"https:\/\/projekt.vombat.ee\/eco\/wp-content\/uploads\/2024\/04\/Add-a-heading-2.png\",\"width\":1000,\"height\":1000},{\"@type\":\"BreadcrumbList\",\"@id\":\"https:\/\/projekt.vombat.ee\/eco\/pood\/teenused\/elektritoukeratta-veekindlustamine\/#breadcrumb\",\"itemListElement\":[{\"@type\":\"ListItem\",\"position\":1,\"name\":\"Home\",\"item\":\"https:\/\/projekt.vombat.ee\/eco\/\"},{\"@type\":\"ListItem\",\"position\":2,\"name\":\"Pood\",\"item\":\"https:\/\/projekt.vombat.ee\/eco\/pood\/\"},{\"@type\":\"ListItem\",\"position\":3,\"name\":\"ELEKTRIT\u00d5UKERATTA VEEKINDLUSTAMINE\"}]},{\"@type\":\"WebSite\",\"@id\":\"https:\/\/projekt.vombat.ee\/eco\/#website\",\"url\":\"https:\/\/projekt.vombat.ee\/eco\/\",\"name\":\"Ecocruiser\",\"description\":\"\",\"publisher\":{\"@id\":\"https:\/\/projekt.vombat.ee\/eco\/#organization\"},\"potentialAction\":[{\"@type\":\"SearchAction\",\"target\":{\"@type\":\"EntryPoint\",\"urlTemplate\":\"https:\/\/projekt.vombat.ee\/eco\/?s={search_term_string}\"},\"query-input\":{\"@type\":\"PropertyValueSpecification\",\"valueRequired\":true,\"valueName\":\"search_term_string\"}}],\"inLanguage\":\"en-GB\"},{\"@type\":\"Organization\",\"@id\":\"https:\/\/projekt.vombat.ee\/eco\/#organization\",\"name\":\"Ecocruiser\",\"url\":\"https:\/\/projekt.vombat.ee\/eco\/\",\"logo\":{\"@type\":\"ImageObject\",\"inLanguage\":\"en-GB\",\"@id\":\"https:\/\/projekt.vombat.ee\/eco\/#\/schema\/logo\/image\/\",\"url\":\"https:\/\/projekt.vombat.ee\/eco\/wp-content\/uploads\/2023\/03\/ECOCRUISER_5.png\",\"contentUrl\":\"https:\/\/projekt.vombat.ee\/eco\/wp-content\/uploads\/2023\/03\/ECOCRUISER_5.png\",\"width\":234,\"height\":91,\"caption\":\"Ecocruiser\"},\"image\":{\"@id\":\"https:\/\/projekt.vombat.ee\/eco\/#\/schema\/logo\/image\/\"}}]}<\/script>\n<!-- \/ Yoast SEO plugin. -->","yoast_head_json":{"title":"ELEKTRIT\u00d5UKERATTA VEEKINDLUSTAMINE - Ecocruiser","description":"Elektrit\u00f5ukeratta veekindlustamine \u2013 teenus Ecocruiseri t\u00f6\u00f6kojas. Toode on m\u00f5eldud eelk\u00f5ige ostmiseks koos\u00a0uue elektrit\u00f5ukerattaga. Kui soovite veekindlustamise teenust m\u00f5nele Ecocruiseri poolt mitte m\u00fc\u00fcdavale mudelile, siis orienteeruva hinnapakkumuse saamiseks v\u00f5tke meiega \u00fchendust.","robots":{"index":"noindex","follow":"follow","max-snippet":"max-snippet:-1","max-image-preview":"max-image-preview:large","max-video-preview":"max-video-preview:-1"},"og_locale":"en_GB","og_type":"article","og_title":"ELEKTRIT\u00d5UKERATTA VEEKINDLUSTAMINE - Ecocruiser","og_description":"Elektrit\u00f5ukeratta veekindlustamine \u2013 teenus Ecocruiseri t\u00f6\u00f6kojas. Toode on m\u00f5eldud eelk\u00f5ige ostmiseks koos\u00a0uue elektrit\u00f5ukerattaga. Kui soovite veekindlustamise teenust m\u00f5nele Ecocruiseri poolt mitte m\u00fc\u00fcdavale mudelile, siis orienteeruva hinnapakkumuse saamiseks v\u00f5tke meiega \u00fchendust.","og_url":"https:\/\/projekt.vombat.ee\/eco\/pood\/teenused\/elektritoukeratta-veekindlustamine\/","og_site_name":"Ecocruiser","article_modified_time":"2024-04-14T15:40:20+00:00","og_image":[{"width":1000,"height":1000,"url":"https:\/\/projekt.vombat.ee\/eco\/wp-content\/uploads\/2024\/04\/Add-a-heading-2.png","type":"image\/png"}],"twitter_card":"summary_large_image","twitter_misc":{"Estimated reading time":"1 minute"},"schema":{"@context":"https:\/\/schema.org","@graph":[{"@type":"WebPage","@id":"https:\/\/projekt.vombat.ee\/eco\/pood\/teenused\/elektritoukeratta-veekindlustamine\/","url":"https:\/\/projekt.vombat.ee\/eco\/pood\/teenused\/elektritoukeratta-veekindlustamine\/","name":"ELEKTRIT\u00d5UKERATTA VEEKINDLUSTAMINE - Ecocruiser","isPartOf":{"@id":"https:\/\/projekt.vombat.ee\/eco\/#website"},"primaryImageOfPage":{"@id":"https:\/\/projekt.vombat.ee\/eco\/pood\/teenused\/elektritoukeratta-veekindlustamine\/#primaryimage"},"image":{"@id":"https:\/\/projekt.vombat.ee\/eco\/pood\/teenused\/elektritoukeratta-veekindlustamine\/#primaryimage"},"thumbnailUrl":"https:\/\/projekt.vombat.ee\/eco\/wp-content\/uploads\/2024\/04\/Add-a-heading-2.png","datePublished":"2024-04-14T13:30:54+00:00","dateModified":"2024-04-14T15:40:20+00:00","description":"Elektrit\u00f5ukeratta veekindlustamine \u2013 teenus Ecocruiseri t\u00f6\u00f6kojas. Toode on m\u00f5eldud eelk\u00f5ige ostmiseks koos\u00a0uue elektrit\u00f5ukerattaga. Kui soovite veekindlustamise teenust m\u00f5nele Ecocruiseri poolt mitte m\u00fc\u00fcdavale mudelile, siis orienteeruva hinnapakkumuse saamiseks v\u00f5tke meiega \u00fchendust.","breadcrumb":{"@id":"https:\/\/projekt.vombat.ee\/eco\/pood\/teenused\/elektritoukeratta-veekindlustamine\/#breadcrumb"},"inLanguage":"en-GB","potentialAction":[{"@type":"ReadAction","target":["https:\/\/projekt.vombat.ee\/eco\/pood\/teenused\/elektritoukeratta-veekindlustamine\/"]}]},{"@type":"ImageObject","inLanguage":"en-GB","@id":"https:\/\/projekt.vombat.ee\/eco\/pood\/teenused\/elektritoukeratta-veekindlustamine\/#primaryimage","url":"https:\/\/projekt.vombat.ee\/eco\/wp-content\/uploads\/2024\/04\/Add-a-heading-2.png","contentUrl":"https:\/\/projekt.vombat.ee\/eco\/wp-content\/uploads\/2024\/04\/Add-a-heading-2.png","width":1000,"height":1000},{"@type":"BreadcrumbList","@id":"https:\/\/projekt.vombat.ee\/eco\/pood\/teenused\/elektritoukeratta-veekindlustamine\/#breadcrumb","itemListElement":[{"@type":"ListItem","position":1,"name":"Home","item":"https:\/\/projekt.vombat.ee\/eco\/"},{"@type":"ListItem","position":2,"name":"Pood","item":"https:\/\/projekt.vombat.ee\/eco\/pood\/"},{"@type":"ListItem","position":3,"name":"ELEKTRIT\u00d5UKERATTA VEEKINDLUSTAMINE"}]},{"@type":"WebSite","@id":"https:\/\/projekt.vombat.ee\/eco\/#website","url":"https:\/\/projekt.vombat.ee\/eco\/","name":"Ecocruiser","description":"","publisher":{"@id":"https:\/\/projekt.vombat.ee\/eco\/#organization"},"potentialAction":[{"@type":"SearchAction","target":{"@type":"EntryPoint","urlTemplate":"https:\/\/projekt.vombat.ee\/eco\/?s={search_term_string}"},"query-input":{"@type":"PropertyValueSpecification","valueRequired":true,"valueName":"search_term_string"}}],"inLanguage":"en-GB"},{"@type":"Organization","@id":"https:\/\/projekt.vombat.ee\/eco\/#organization","name":"Ecocruiser","url":"https:\/\/projekt.vombat.ee\/eco\/","logo":{"@type":"ImageObject","inLanguage":"en-GB","@id":"https:\/\/projekt.vombat.ee\/eco\/#\/schema\/logo\/image\/","url":"https:\/\/projekt.vombat.ee\/eco\/wp-content\/uploads\/2023\/03\/ECOCRUISER_5.png","contentUrl":"https:\/\/projekt.vombat.ee\/eco\/wp-content\/uploads\/2023\/03\/ECOCRUISER_5.png","width":234,"height":91,"caption":"Ecocruiser"},"image":{"@id":"https:\/\/projekt.vombat.ee\/eco\/#\/schema\/logo\/image\/"}}]}},"lang":"et","translations":{"et":15821},"pll_sync_post":[],"_links":{"self":[{"href":"https:\/\/projekt.vombat.ee\/eco\/wp-json\/wp\/v2\/product\/15821"}],"collection":[{"href":"https:\/\/projekt.vombat.ee\/eco\/wp-json\/wp\/v2\/product"}],"about":[{"href":"https:\/\/projekt.vombat.ee\/eco\/wp-json\/wp\/v2\/types\/product"}],"version-history":[{"count":1,"href":"https:\/\/projekt.vombat.ee\/eco\/wp-json\/wp\/v2\/product\/15821\/revisions"}],"predecessor-version":[{"id":15825,"href":"https:\/\/projekt.vombat.ee\/eco\/wp-json\/wp\/v2\/product\/15821\/revisions\/15825"}],"wp:featuredmedia":[{"embeddable":true,"href":"https:\/\/projekt.vombat.ee\/eco\/wp-json\/wp\/v2\/media\/15819"}],"wp:attachment":[{"href":"https:\/\/projekt.vombat.ee\/eco\/wp-json\/wp\/v2\/media?parent=15821"}],"wp:term":[{"taxonomy":"product_cat","embeddable":true,"href":"https:\/\/projekt.vombat.ee\/eco\/wp-json\/wp\/v2\/product_cat?post=15821"},{"taxonomy":"product_tag","embeddable":true,"href":"https:\/\/projekt.vombat.ee\/eco\/wp-json\/wp\/v2\/product_tag?post=15821"}],"curies":[{"name":"wp","href":"https:\/\/api.w.org\/{rel}","templated":true}]}}